{"id":11477,"date":"2024-05-04T22:46:23","date_gmt":"2024-05-04T19:46:23","guid":{"rendered":"https:\/\/skaitytaknyga.lt\/?post_type=product&#038;p=11477"},"modified":"2025-04-12T18:41:22","modified_gmt":"2025-04-12T15:41:22","slug":"subtilus-menas-nekrusti-sau-ir-kitiems-proto-pateptas-virsus","status":"publish","type":"product","link":"https:\/\/skaitytaknyga.lt\/en\/produktas\/subtilus-menas-nekrusti-sau-ir-kitiems-proto-pateptas-virsus\/","title":{"rendered":"Subtilus menas nekru\u0161ti sau (ir kitiems) proto (pateptas vir\u0161us)"},"content":{"rendered":"<p>Visame pasaulyje \u017eaibi\u0161ku grei\u010diu populiar\u0117jantis JAV tinklara\u0161tininkas\u00a0<strong>Markas Mansonas<\/strong>\u00a0\u0161ioje knygoje duoda patarim\u0173, kurie&#8230; paprastai kalbant, neu\u017eknisa. Ir daugiau nei trys milijonai parduot\u0173 egzempliori\u0173 rodo, kad \u017emon\u0117ms Mansono patarimai patinka.<\/p>\n<p>Bestseleris, kuris originalo kalba skamba ypa\u010d taikliai \u2013\u00a0<strong>\u201eThe Subtile Art of Not Giving a F*ck&#8221;<\/strong>, atskleid\u017eia, kad ne \u0161ypsena veide, o geb\u0117jimas spr\u0119sti problemas yra raktas \u012f turining\u0105 gyvenim\u0105. De\u0161imtme\u010dius mums buvo kalama \u012f galv\u0105, kad pozityvus m\u0105stymas yra tai, kas pavers mus laimingais ir s\u0117kmingais. Ta\u010diau tos dienos baig\u0117si. \u201eVelniop pozityvum\u0105, \u2013 sako Markas Mansonas. \u2013 B\u016bkime atviri \u2013 kartais reikalai b\u016bna sumauti ir turime su tuo susitaikyti.&#8221;<\/p>\n<p>Pastaraisiais metais Mansonas savo tinklara\u0161tyje dau\u017e\u0117 \u012f \u0161ipulius \u017emonijos iliuzijas, susijusias su \u012fvaizd\u017eiu ir po\u017ei\u016briu \u012f pasaul\u012f. Dabar savo negailestinga i\u0161mintimi jis dalijasi ir knygoje<strong>\u00a0\u201eSubtilus menas nekru\u0161ti sau proto&#8221;.<\/strong><\/p>\n<p>Mansono argumentai \u012ftaig\u016bs ir svar\u016bs: nuo akademini\u0173 tyrim\u0173 iki taikli\u0173 juokeli\u0173 toki\u0173 kaip: \u201eGyvenimas pager\u0117s ne i\u0161mokus i\u0161 citrin\u0173 pasidaryti limonad\u0105, o i\u0161mokus jas geriau vir\u0161kinti&#8221;. Anot autoriaus, \u017emon\u0117s netobuli, riboti ir ne visi gali b\u016bti i\u0161skirtiniai \u2013 visuomen\u0117je yra ir laim\u0117toj\u0173, ir pralaim\u0117toj\u0173. Gal skamba ne visai teisingai, bet tai normalu ir mes nesame d\u0117l to kalti. Mansonas pataria susipa\u017einti su savo tr\u016bkumais, priimti juos ir susitaikyti. Jo teigimu, tai yra tikrasis galios \u0161altinis. Kai tik pripa\u017e\u012fstame savo baimes, klaidas ir abejones, kai liaujam\u0117s b\u0117gti nuo skausmingos tiesos ir stojame su ja \u012f akistat\u0105, atrandame dr\u0105sos ir pasitik\u0117jimo savimi, kuri\u0173 taip desperati\u0161kai siek\u0117me.<\/p>\n<p>\u201eGyvenime turime ribot\u0105 skai\u010di\u0173 dalyk\u0173, d\u0117l kuri\u0173 galime triznoti. Tod\u0117l turi i\u0161mintingai rinktis, d\u0117l ko verta r\u016bpintis&#8221; \u2013 sako Mansonas. Jo atviros, tikros ir linksmos istorijos, pagyvintos ne\u0161vankiu, \u0161iurk\u0161\u010diu humoru, supurto ir pa\u017eadina. Knyga\u00a0<strong>\u201eSubtilus b\u016bdas nekru\u0161ti sau proto&#8221;<\/strong>\u00a0\u2013 tarsi pliauk\u0161tel\u0117jimas per veid\u0105, priver\u010diantis kiekvien\u0105 pabusti ir prad\u0117ti gyventi pilnatvi\u0161kesn\u012f ir \u017eemi\u0161kesn\u012f gyvenim\u0105.<\/p>\n","protected":false},"excerpt":{"rendered":"<p>Visame pasaulyje \u017eaibi\u0161ku grei\u010diu populiar\u0117jantis JAV tinklara\u0161tininkas\u00a0Markas Mansonas\u00a0\u0161ioje knygoje duoda patarim\u0173, kurie&#8230; paprastai kalbant, neu\u017eknisa. Ir daugiau nei trys milijonai parduot\u0173 egzempliori\u0173 rodo, kad \u017emon\u0117ms Mansono patarimai patinka. Bestseleris, kuris originalo kalba skamba ypa\u010d taikliai \u2013\u00a0\u201eThe Subtile Art of Not Giving a F*ck&#8221;, atskleid\u017eia, kad ne \u0161ypsena veide, o geb\u0117jimas spr\u0119sti problemas yra raktas \u012f turining\u0105 gyvenim\u0105. De\u0161imtme\u010dius mums buvo kalama \u012f galv\u0105, kad pozityvus m\u0105stymas yra tai, kas pavers mus laimingais ir s\u0117kmingais. Ta\u010diau tos dienos baig\u0117si. \u201eVelniop pozityvum\u0105, \u2013 sako Markas Mansonas. \u2013 B\u016bkime atviri \u2013 kartais reikalai b\u016bna sumauti ir turime su tuo susitaikyti.&#8221; Pastaraisiais metais Mansonas savo tinklara\u0161tyje dau\u017e\u0117 \u012f \u0161ipulius \u017emonijos iliuzijas, susijusias su \u012fvaizd\u017eiu ir po\u017ei\u016briu \u012f pasaul\u012f. Dabar savo negailestinga i\u0161mintimi jis dalijasi ir knygoje\u00a0\u201eSubtilus menas nekru\u0161ti sau proto&#8221;. Mansono argumentai \u012ftaig\u016bs ir svar\u016bs: nuo akademini\u0173 tyrim\u0173 iki taikli\u0173 juokeli\u0173 toki\u0173 kaip: \u201eGyvenimas pager\u0117s ne i\u0161mokus i\u0161 citrin\u0173 pasidaryti limonad\u0105, o i\u0161mokus jas geriau vir\u0161kinti&#8221;. Anot autoriaus, \u017emon\u0117s netobuli, riboti ir ne visi gali b\u016bti i\u0161skirtiniai \u2013 visuomen\u0117je yra ir laim\u0117toj\u0173, ir pralaim\u0117toj\u0173. Gal skamba ne visai teisingai, bet tai normalu ir mes nesame d\u0117l to kalti. Mansonas pataria susipa\u017einti su savo tr\u016bkumais, priimti juos ir susitaikyti. Jo teigimu, tai yra tikrasis galios \u0161altinis. Kai tik pripa\u017e\u012fstame savo baimes, klaidas ir abejones, kai liaujam\u0117s b\u0117gti nuo skausmingos tiesos ir stojame su ja \u012f akistat\u0105, atrandame dr\u0105sos ir pasitik\u0117jimo savimi, kuri\u0173 taip desperati\u0161kai siek\u0117me. \u201eGyvenime turime ribot\u0105 skai\u010di\u0173 dalyk\u0173, d\u0117l kuri\u0173 galime triznoti. Tod\u0117l turi i\u0161mintingai rinktis, d\u0117l ko verta r\u016bpintis&#8221; \u2013 sako Mansonas. Jo atviros, tikros ir linksmos istorijos, pagyvintos ne\u0161vankiu, \u0161iurk\u0161\u010diu humoru, supurto ir pa\u017eadina. Knyga\u00a0\u201eSubtilus b\u016bdas nekru\u0161ti sau proto&#8221;\u00a0\u2013 tarsi pliauk\u0161tel\u0117jimas per veid\u0105, priver\u010diantis kiekvien\u0105 pabusti ir prad\u0117ti gyventi pilnatvi\u0161kesn\u012f ir \u017eemi\u0161kesn\u012f gyvenim\u0105.<\/p>\n","protected":false},"featured_media":11517,"comment_status":"closed","ping_status":"closed","template":"","meta":{"_acf_changed":false,"site-sidebar-layout":"default","site-content-layout":"","ast-site-content-layout":"default","site-content-style":"default","site-sidebar-style":"default","ast-global-header-display":"","ast-banner-title-visibility":"","ast-main-header-display":"","ast-hfb-above-header-display":"","ast-hfb-below-header-display":"","ast-hfb-mobile-header-display":"","site-post-title":"","ast-breadcrumbs-content":"","ast-featured-img":"","footer-sml-layout":"","ast-disable-related-posts":"","theme-transparent-header-meta":"","adv-header-id-meta":"","stick-header-meta":"","header-above-stick-meta":"","header-main-stick-meta":"","header-below-stick-meta":"","astra-migrate-meta-layouts":"default","ast-page-background-enabled":"default","ast-page-background-meta":{"desktop":{"background-color":"","background-image":"","background-repeat":"repeat","background-position":"center center","background-size":"auto","background-attachment":"scroll","background-type":"","background-media":"","overlay-type":"","overlay-color":"","overlay-opacity":"","overlay-gradient":""},"tablet":{"background-color":"","background-image":"","background-repeat":"repeat","background-position":"center center","background-size":"auto","background-attachment":"scroll","background-type":"","background-media":"","overlay-type":"","overlay-color":"","overlay-opacity":"","overlay-gradient":""},"mobile":{"background-color":"","background-image":"","background-repeat":"repeat","background-position":"center center","background-size":"auto","background-attachment":"scroll","background-type":"","background-media":"","overlay-type":"","overlay-color":"","overlay-opacity":"","overlay-gradient":""}},"ast-content-background-meta":{"desktop":{"background-color":"var(--ast-global-color-4)","background-image":"","background-repeat":"repeat","background-position":"center center","background-size":"auto","background-attachment":"scroll","background-type":"","background-media":"","overlay-type":"","overlay-color":"","overlay-opacity":"","overlay-gradient":""},"tablet":{"background-color":"var(--ast-global-color-4)","background-image":"","background-repeat":"repeat","background-position":"center center","background-size":"auto","background-attachment":"scroll","background-type":"","background-media":"","overlay-type":"","overlay-color":"","overlay-opacity":"","overlay-gradient":""},"mobile":{"background-color":"var(--ast-global-color-4)","background-image":"","background-repeat":"repeat","background-position":"center center","background-size":"auto","background-attachment":"scroll","background-type":"","background-media":"","overlay-type":"","overlay-color":"","overlay-opacity":"","overlay-gradient":""}}},"product_brand":[],"product_cat":[30],"product_tag":[],"class_list":{"0":"post-11477","1":"product","2":"type-product","3":"status-publish","4":"has-post-thumbnail","6":"product_cat-psichologija-ir-saviugda","7":"desktop-align-left","8":"tablet-align-left","9":"mobile-align-left","11":"first","12":"outofstock","13":"shipping-taxable","14":"purchasable","15":"product-type-simple"},"acf":[],"yoast_head":"<!-- This site is optimized with the Yoast SEO plugin v27.0 - https:\/\/yoast.com\/product\/yoast-seo-wordpress\/ -->\n<title>Subtilus menas nekru\u0161ti sau (ir kitiems) proto (pateptas vir\u0161us)<\/title>\n<meta name=\"description\" content=\"Visame pasaulyje \u017eaibi\u0161ku grei\u010diu populiar\u0117jantis JAV tinklara\u0161tininkas\u00a0Markas Mansonas\u00a0\u0161ioje knygoje duoda patarim\u0173, kurie... paprastai kalbant,\" \/>\n<meta name=\"robots\" content=\"index, follow, max-snippet:-1, max-image-preview:large, max-video-preview:-1\" \/>\n<link rel=\"canonical\" href=\"https:\/\/skaitytaknyga.lt\/en\/produktas\/subtilus-menas-nekrusti-sau-ir-kitiems-proto-pateptas-virsus\/\" \/>\n<meta property=\"og:locale\" content=\"en_GB\" \/>\n<meta property=\"og:locale:alternate\" content=\"lt_LT\" \/>\n<meta property=\"og:type\" content=\"article\" \/>\n<meta property=\"og:title\" content=\"Subtilus menas nekru\u0161ti sau (ir kitiems) proto (pateptas vir\u0161us)\" \/>\n<meta property=\"og:description\" content=\"Visame pasaulyje \u017eaibi\u0161ku grei\u010diu populiar\u0117jantis JAV tinklara\u0161tininkas\u00a0Markas Mansonas\u00a0\u0161ioje knygoje duoda patarim\u0173, kurie... paprastai kalbant,\" \/>\n<meta property=\"og:url\" content=\"https:\/\/skaitytaknyga.lt\/en\/produktas\/subtilus-menas-nekrusti-sau-ir-kitiems-proto-pateptas-virsus\/\" \/>\n<meta property=\"og:site_name\" content=\"Skaitytaknyga\" \/>\n<meta property=\"article:publisher\" content=\"https:\/\/www.facebook.com\/skaitytaknyga\/\" \/>\n<meta property=\"article:modified_time\" content=\"2025-04-12T15:41:22+00:00\" \/>\n<meta property=\"og:image\" content=\"https:\/\/skaitytaknyga.lt\/wp-content\/uploads\/2024\/05\/7819402_2-1000x1000-1.jpg\" \/>\n\t<meta property=\"og:image:width\" content=\"1000\" \/>\n\t<meta property=\"og:image:height\" content=\"1000\" \/>\n\t<meta property=\"og:image:type\" content=\"image\/jpeg\" \/>\n<meta name=\"twitter:card\" content=\"summary_large_image\" \/>\n<meta name=\"twitter:label1\" content=\"Estimated reading time\" \/>\n\t<meta name=\"twitter:data1\" content=\"2 minutes\" \/>\n<script type=\"application\/ld+json\" class=\"yoast-schema-graph\">{\"@context\":\"https:\/\/schema.org\",\"@graph\":[{\"@type\":\"WebPage\",\"@id\":\"https:\/\/skaitytaknyga.lt\/produktas\/subtilus-menas-nekrusti-sau-ir-kitiems-proto-pateptas-virsus\/\",\"url\":\"https:\/\/skaitytaknyga.lt\/produktas\/subtilus-menas-nekrusti-sau-ir-kitiems-proto-pateptas-virsus\/\",\"name\":\"Subtilus menas nekru\u0161ti sau (ir kitiems) proto (pateptas vir\u0161us)\",\"isPartOf\":{\"@id\":\"https:\/\/skaitytaknyga.lt\/#website\"},\"primaryImageOfPage\":{\"@id\":\"https:\/\/skaitytaknyga.lt\/produktas\/subtilus-menas-nekrusti-sau-ir-kitiems-proto-pateptas-virsus\/#primaryimage\"},\"image\":{\"@id\":\"https:\/\/skaitytaknyga.lt\/produktas\/subtilus-menas-nekrusti-sau-ir-kitiems-proto-pateptas-virsus\/#primaryimage\"},\"thumbnailUrl\":\"https:\/\/skaitytaknyga.lt\/wp-content\/uploads\/2024\/05\/7819402_2-1000x1000-1.jpg\",\"datePublished\":\"2024-05-04T19:46:23+00:00\",\"dateModified\":\"2025-04-12T15:41:22+00:00\",\"description\":\"Visame pasaulyje \u017eaibi\u0161ku grei\u010diu populiar\u0117jantis JAV tinklara\u0161tininkas\u00a0Markas Mansonas\u00a0\u0161ioje knygoje duoda patarim\u0173, kurie... paprastai kalbant,\",\"breadcrumb\":{\"@id\":\"https:\/\/skaitytaknyga.lt\/produktas\/subtilus-menas-nekrusti-sau-ir-kitiems-proto-pateptas-virsus\/#breadcrumb\"},\"inLanguage\":\"en-GB\",\"potentialAction\":[{\"@type\":\"ReadAction\",\"target\":[\"https:\/\/skaitytaknyga.lt\/produktas\/subtilus-menas-nekrusti-sau-ir-kitiems-proto-pateptas-virsus\/\"]}]},{\"@type\":\"ImageObject\",\"inLanguage\":\"en-GB\",\"@id\":\"https:\/\/skaitytaknyga.lt\/produktas\/subtilus-menas-nekrusti-sau-ir-kitiems-proto-pateptas-virsus\/#primaryimage\",\"url\":\"https:\/\/skaitytaknyga.lt\/wp-content\/uploads\/2024\/05\/7819402_2-1000x1000-1.jpg\",\"contentUrl\":\"https:\/\/skaitytaknyga.lt\/wp-content\/uploads\/2024\/05\/7819402_2-1000x1000-1.jpg\",\"width\":1000,\"height\":1000},{\"@type\":\"BreadcrumbList\",\"@id\":\"https:\/\/skaitytaknyga.lt\/produktas\/subtilus-menas-nekrusti-sau-ir-kitiems-proto-pateptas-virsus\/#breadcrumb\",\"itemListElement\":[{\"@type\":\"ListItem\",\"position\":1,\"name\":\"Home\",\"item\":\"https:\/\/skaitytaknyga.lt\/\"},{\"@type\":\"ListItem\",\"position\":2,\"name\":\"Parduotuv\u0117\",\"item\":\"https:\/\/skaitytaknyga.lt\/knygu-parduotuve\/\"},{\"@type\":\"ListItem\",\"position\":3,\"name\":\"Subtilus menas nekru\u0161ti sau (ir kitiems) proto (pateptas vir\u0161us)\"}]},{\"@type\":\"WebSite\",\"@id\":\"https:\/\/skaitytaknyga.lt\/#website\",\"url\":\"https:\/\/skaitytaknyga.lt\/\",\"name\":\"skaitytaknyga.lt\",\"description\":\"Skaitytaknyga.lt \u2013 tai ma\u017eas \u0161eimos verslas, kuris prasid\u0117jo nuo meil\u0117s knygoms ir siekio i\u0161gelb\u0117ti knygas nuo likimo prie konteinerio. Kas vienam nereikalingas daiktas \u2013 kitam lobis, o mes esame tarpininkai, kurie padeda abiems tapti laimingesniems ???? \u017dinome kaip nelengva i\u0161gyventi ma\u017eiems verslams, tad nuo \u0161iol, \u010dia rasite ir kit\u0173, ma\u017e\u0173 \u0161eim\u0173 versl\u0173, rank\u0173 darbo, dovan\u0173 sau ir artimiesiems.\",\"publisher\":{\"@id\":\"https:\/\/skaitytaknyga.lt\/#organization\"},\"potentialAction\":[{\"@type\":\"SearchAction\",\"target\":{\"@type\":\"EntryPoint\",\"urlTemplate\":\"https:\/\/skaitytaknyga.lt\/?s={search_term_string}\"},\"query-input\":{\"@type\":\"PropertyValueSpecification\",\"valueRequired\":true,\"valueName\":\"search_term_string\"}}],\"inLanguage\":\"en-GB\"},{\"@type\":\"Organization\",\"@id\":\"https:\/\/skaitytaknyga.lt\/#organization\",\"name\":\"skaitytaknyga.lt\",\"url\":\"https:\/\/skaitytaknyga.lt\/\",\"logo\":{\"@type\":\"ImageObject\",\"inLanguage\":\"en-GB\",\"@id\":\"https:\/\/skaitytaknyga.lt\/#\/schema\/logo\/image\/\",\"url\":\"https:\/\/skaitytaknyga.lt\/wp-content\/uploads\/2024\/05\/cropped-cropped-cropped-02_00843_jt3bggkj1j3HLc7SyY6rEUpg.jpeg\",\"contentUrl\":\"https:\/\/skaitytaknyga.lt\/wp-content\/uploads\/2024\/05\/cropped-cropped-cropped-02_00843_jt3bggkj1j3HLc7SyY6rEUpg.jpeg\",\"width\":1600,\"height\":1600,\"caption\":\"skaitytaknyga.lt\"},\"image\":{\"@id\":\"https:\/\/skaitytaknyga.lt\/#\/schema\/logo\/image\/\"},\"sameAs\":[\"https:\/\/www.facebook.com\/skaitytaknyga\/\"]}]}<\/script>\n<!-- \/ Yoast SEO plugin. -->","yoast_head_json":{"title":"Subtilus menas nekru\u0161ti sau (ir kitiems) proto (pateptas vir\u0161us)","description":"Visame pasaulyje \u017eaibi\u0161ku grei\u010diu populiar\u0117jantis JAV tinklara\u0161tininkas\u00a0Markas Mansonas\u00a0\u0161ioje knygoje duoda patarim\u0173, kurie... paprastai kalbant,","robots":{"index":"index","follow":"follow","max-snippet":"max-snippet:-1","max-image-preview":"max-image-preview:large","max-video-preview":"max-video-preview:-1"},"canonical":"https:\/\/skaitytaknyga.lt\/en\/produktas\/subtilus-menas-nekrusti-sau-ir-kitiems-proto-pateptas-virsus\/","og_locale":"en_GB","og_type":"article","og_title":"[:lt]Subtilus menas nekru\u0161ti sau (ir kitiems) proto (pateptas vir\u0161us)[:] - Skaitytaknyga","og_description":"Visame pasaulyje \u017eaibi\u0161ku grei\u010diu populiar\u0117jantis JAV tinklara\u0161tininkas\u00a0Markas Mansonas\u00a0\u0161ioje knygoje duoda patarim\u0173, kurie... paprastai kalbant,","og_url":"https:\/\/skaitytaknyga.lt\/en\/produktas\/subtilus-menas-nekrusti-sau-ir-kitiems-proto-pateptas-virsus\/","og_site_name":"Skaitytaknyga","article_publisher":"https:\/\/www.facebook.com\/skaitytaknyga\/","article_modified_time":"2025-04-12T15:41:22+00:00","og_image":[{"width":1000,"height":1000,"url":"https:\/\/skaitytaknyga.lt\/wp-content\/uploads\/2024\/05\/7819402_2-1000x1000-1.jpg","type":"image\/jpeg"}],"twitter_card":"summary_large_image","twitter_misc":{"Estimated reading time":"2 minutes"},"schema":{"@context":"https:\/\/schema.org","@graph":[{"@type":"WebPage","@id":"https:\/\/skaitytaknyga.lt\/produktas\/subtilus-menas-nekrusti-sau-ir-kitiems-proto-pateptas-virsus\/","url":"https:\/\/skaitytaknyga.lt\/produktas\/subtilus-menas-nekrusti-sau-ir-kitiems-proto-pateptas-virsus\/","name":"Subtilus menas nekru\u0161ti sau (ir kitiems) proto (pateptas vir\u0161us)","isPartOf":{"@id":"https:\/\/skaitytaknyga.lt\/#website"},"primaryImageOfPage":{"@id":"https:\/\/skaitytaknyga.lt\/produktas\/subtilus-menas-nekrusti-sau-ir-kitiems-proto-pateptas-virsus\/#primaryimage"},"image":{"@id":"https:\/\/skaitytaknyga.lt\/produktas\/subtilus-menas-nekrusti-sau-ir-kitiems-proto-pateptas-virsus\/#primaryimage"},"thumbnailUrl":"https:\/\/skaitytaknyga.lt\/wp-content\/uploads\/2024\/05\/7819402_2-1000x1000-1.jpg","datePublished":"2024-05-04T19:46:23+00:00","dateModified":"2025-04-12T15:41:22+00:00","description":"Visame pasaulyje \u017eaibi\u0161ku grei\u010diu populiar\u0117jantis JAV tinklara\u0161tininkas\u00a0Markas Mansonas\u00a0\u0161ioje knygoje duoda patarim\u0173, kurie... paprastai kalbant,","breadcrumb":{"@id":"https:\/\/skaitytaknyga.lt\/produktas\/subtilus-menas-nekrusti-sau-ir-kitiems-proto-pateptas-virsus\/#breadcrumb"},"inLanguage":"en-GB","potentialAction":[{"@type":"ReadAction","target":["https:\/\/skaitytaknyga.lt\/produktas\/subtilus-menas-nekrusti-sau-ir-kitiems-proto-pateptas-virsus\/"]}]},{"@type":"ImageObject","inLanguage":"en-GB","@id":"https:\/\/skaitytaknyga.lt\/produktas\/subtilus-menas-nekrusti-sau-ir-kitiems-proto-pateptas-virsus\/#primaryimage","url":"https:\/\/skaitytaknyga.lt\/wp-content\/uploads\/2024\/05\/7819402_2-1000x1000-1.jpg","contentUrl":"https:\/\/skaitytaknyga.lt\/wp-content\/uploads\/2024\/05\/7819402_2-1000x1000-1.jpg","width":1000,"height":1000},{"@type":"BreadcrumbList","@id":"https:\/\/skaitytaknyga.lt\/produktas\/subtilus-menas-nekrusti-sau-ir-kitiems-proto-pateptas-virsus\/#breadcrumb","itemListElement":[{"@type":"ListItem","position":1,"name":"Home","item":"https:\/\/skaitytaknyga.lt\/"},{"@type":"ListItem","position":2,"name":"Parduotuv\u0117","item":"https:\/\/skaitytaknyga.lt\/knygu-parduotuve\/"},{"@type":"ListItem","position":3,"name":"Subtilus menas nekru\u0161ti sau (ir kitiems) proto (pateptas vir\u0161us)"}]},{"@type":"WebSite","@id":"https:\/\/skaitytaknyga.lt\/#website","url":"https:\/\/skaitytaknyga.lt\/","name":"skaitytaknyga.lt","description":"Skaitytaknyga.lt \u2013 tai ma\u017eas \u0161eimos verslas, kuris prasid\u0117jo nuo meil\u0117s knygoms ir siekio i\u0161gelb\u0117ti knygas nuo likimo prie konteinerio. Kas vienam nereikalingas daiktas \u2013 kitam lobis, o mes esame tarpininkai, kurie padeda abiems tapti laimingesniems ???? \u017dinome kaip nelengva i\u0161gyventi ma\u017eiems verslams, tad nuo \u0161iol, \u010dia rasite ir kit\u0173, ma\u017e\u0173 \u0161eim\u0173 versl\u0173, rank\u0173 darbo, dovan\u0173 sau ir artimiesiems.","publisher":{"@id":"https:\/\/skaitytaknyga.lt\/#organization"},"potentialAction":[{"@type":"SearchAction","target":{"@type":"EntryPoint","urlTemplate":"https:\/\/skaitytaknyga.lt\/?s={search_term_string}"},"query-input":{"@type":"PropertyValueSpecification","valueRequired":true,"valueName":"search_term_string"}}],"inLanguage":"en-GB"},{"@type":"Organization","@id":"https:\/\/skaitytaknyga.lt\/#organization","name":"skaitytaknyga.lt","url":"https:\/\/skaitytaknyga.lt\/","logo":{"@type":"ImageObject","inLanguage":"en-GB","@id":"https:\/\/skaitytaknyga.lt\/#\/schema\/logo\/image\/","url":"https:\/\/skaitytaknyga.lt\/wp-content\/uploads\/2024\/05\/cropped-cropped-cropped-02_00843_jt3bggkj1j3HLc7SyY6rEUpg.jpeg","contentUrl":"https:\/\/skaitytaknyga.lt\/wp-content\/uploads\/2024\/05\/cropped-cropped-cropped-02_00843_jt3bggkj1j3HLc7SyY6rEUpg.jpeg","width":1600,"height":1600,"caption":"skaitytaknyga.lt"},"image":{"@id":"https:\/\/skaitytaknyga.lt\/#\/schema\/logo\/image\/"},"sameAs":["https:\/\/www.facebook.com\/skaitytaknyga\/"]}]}},"_links":{"self":[{"href":"https:\/\/skaitytaknyga.lt\/en\/wp-json\/wp\/v2\/product\/11477","targetHints":{"allow":["GET"]}}],"collection":[{"href":"https:\/\/skaitytaknyga.lt\/en\/wp-json\/wp\/v2\/product"}],"about":[{"href":"https:\/\/skaitytaknyga.lt\/en\/wp-json\/wp\/v2\/types\/product"}],"replies":[{"embeddable":true,"href":"https:\/\/skaitytaknyga.lt\/en\/wp-json\/wp\/v2\/comments?post=11477"}],"wp:featuredmedia":[{"embeddable":true,"href":"https:\/\/skaitytaknyga.lt\/en\/wp-json\/wp\/v2\/media\/11517"}],"wp:attachment":[{"href":"https:\/\/skaitytaknyga.lt\/en\/wp-json\/wp\/v2\/media?parent=11477"}],"wp:term":[{"taxonomy":"product_brand","embeddable":true,"href":"https:\/\/skaitytaknyga.lt\/en\/wp-json\/wp\/v2\/product_brand?post=11477"},{"taxonomy":"product_cat","embeddable":true,"href":"https:\/\/skaitytaknyga.lt\/en\/wp-json\/wp\/v2\/product_cat?post=11477"},{"taxonomy":"product_tag","embeddable":true,"href":"https:\/\/skaitytaknyga.lt\/en\/wp-json\/wp\/v2\/product_tag?post=11477"}],"curies":[{"name":"wp","href":"https:\/\/api.w.org\/{rel}","templated":true}]}}