{"id":11473,"date":"2024-05-04T19:45:56","date_gmt":"2024-05-04T19:45:56","guid":{"rendered":"https:\/\/skaitytaknyga.lt\/?post_type=product&#038;p=11473"},"modified":"2025-04-30T14:47:37","modified_gmt":"2025-04-30T11:47:37","slug":"edmundas-malukas-vytauto-zeme-istepta-apacia","status":"publish","type":"product","link":"https:\/\/skaitytaknyga.lt\/en\/produktas\/edmundas-malukas-vytauto-zeme-istepta-apacia\/","title":{"rendered":"Vytauto \u017eem\u0117"},"content":{"rendered":"<p><strong>\u201eVytauto \u017eem\u0117&#8221;<\/strong>\u00a0\u2013 lietuvybe pavergiantis romanas, lygintinas su legendomis apie i\u0161kiliausias m\u016bs\u0173 valstyb\u0117s istorines asmenybes. \u017davi senieji lietuvi\u0161ki \u017eod\u017eiai ir persona\u017e\u0173 dialogai. Remiantis gausiais istoriniais \u0161altiniais nu\u0161vie\u010diami pagoni\u0161kieji papro\u010diai ir misticizmas, pateikiamos legendos ir senosios lietuvi\u0173 dainos. Per Moter\u012f, Vytauto Did\u017eiojo \u017emon\u0105 On\u0105, jos santykius su mylimu kunigaik\u0161\u010diu, dukra Sofija, Jogaila, Skirgaila, Julijona ir kitais persona\u017eais i\u0161ry\u0161k\u0117ja pagrindin\u0117s vertyb\u0117s \u2013 meil\u0117, i\u0161tikimyb\u0117, moteri\u0161ka i\u0161mintis, tvirtas charakteris. Roman\u0105 \u012fdomu skaityti, m\u0117ginan tatsp\u0117ti v\u0117liau sekan\u010dius \u012fvykius.<\/p>\n<p>Lengvai, tarsi vienu br\u016bk\u0161niu praplaukia esminiai XIV a. momentai: religin\u0117 kriz\u0117, santykiai su Lenkija ir Lietuvos valstyb\u0117s k\u016brimas. Siu\u017eeto centre \u2013 \u012ftaigus Vytauto Did\u017eiojo paveikslas.<\/p>\n","protected":false},"excerpt":{"rendered":"<p>Gyvena nuotykius ir a\u0161trius poj\u016b\u010dius m\u0117gstantis vaikinas. Tai b\u016bsimasis Lietuvos mafijos bosas Audrius Rimgaila.<\/p>\n<p>Jis am\u017einai pakli\u016bna \u012f pavojingas situacijas, j\u012f da\u017eniausiai i\u0161gelb\u0117ja i\u0161tikimas laika Dikas. Audri\u0173 labai myli moterys. Viena kaip tik ir yra i\u0161 mafijos. Ji tampa Rimgailos \u017emona ir atveda \u012f klaid\u017eius ir paslaptingus Kauno mafijos gyvenimo labirintus.<\/p>\n","protected":false},"featured_media":11516,"comment_status":"closed","ping_status":"closed","template":"","meta":{"_acf_changed":false,"site-sidebar-layout":"default","site-content-layout":"","ast-site-content-layout":"default","site-content-style":"default","site-sidebar-style":"default","ast-global-header-display":"","ast-banner-title-visibility":"","ast-main-header-display":"","ast-hfb-above-header-display":"","ast-hfb-below-header-display":"","ast-hfb-mobile-header-display":"","site-post-title":"","ast-breadcrumbs-content":"","ast-featured-img":"","footer-sml-layout":"","ast-disable-related-posts":"","theme-transparent-header-meta":"","adv-header-id-meta":"","stick-header-meta":"","header-above-stick-meta":"","header-main-stick-meta":"","header-below-stick-meta":"","astra-migrate-meta-layouts":"default","ast-page-background-enabled":"default","ast-page-background-meta":{"desktop":{"background-color":"","background-image":"","background-repeat":"repeat","background-position":"center center","background-size":"auto","background-attachment":"scroll","background-type":"","background-media":"","overlay-type":"","overlay-color":"","overlay-opacity":"","overlay-gradient":""},"tablet":{"background-color":"","background-image":"","background-repeat":"repeat","background-position":"center center","background-size":"auto","background-attachment":"scroll","background-type":"","background-media":"","overlay-type":"","overlay-color":"","overlay-opacity":"","overlay-gradient":""},"mobile":{"background-color":"","background-image":"","background-repeat":"repeat","background-position":"center center","background-size":"auto","background-attachment":"scroll","background-type":"","background-media":"","overlay-type":"","overlay-color":"","overlay-opacity":"","overlay-gradient":""}},"ast-content-background-meta":{"desktop":{"background-color":"var(--ast-global-color-4)","background-image":"","background-repeat":"repeat","background-position":"center center","background-size":"auto","background-attachment":"scroll","background-type":"","background-media":"","overlay-type":"","overlay-color":"","overlay-opacity":"","overlay-gradient":""},"tablet":{"background-color":"var(--ast-global-color-4)","background-image":"","background-repeat":"repeat","background-position":"center center","background-size":"auto","background-attachment":"scroll","background-type":"","background-media":"","overlay-type":"","overlay-color":"","overlay-opacity":"","overlay-gradient":""},"mobile":{"background-color":"var(--ast-global-color-4)","background-image":"","background-repeat":"repeat","background-position":"center center","background-size":"auto","background-attachment":"scroll","background-type":"","background-media":"","overlay-type":"","overlay-color":"","overlay-opacity":"","overlay-gradient":""}}},"product_brand":[],"product_cat":[31],"product_tag":[1246],"class_list":{"0":"post-11473","1":"product","2":"type-product","3":"status-publish","4":"has-post-thumbnail","6":"product_cat-grozine-literatura","7":"product_tag-edmundas-malukas","8":"desktop-align-left","9":"tablet-align-left","10":"mobile-align-left","12":"first","13":"outofstock","14":"shipping-taxable","15":"purchasable","16":"product-type-simple"},"acf":[],"yoast_head":"<!-- This site is optimized with the Yoast SEO plugin v27.0 - https:\/\/yoast.com\/product\/yoast-seo-wordpress\/ -->\n<title>Vytauto \u017eem\u0117<\/title>\n<meta name=\"description\" content=\"Gyvena nuotykius ir a\u0161trius poj\u016b\u010dius m\u0117gstantis vaikinas. Tai b\u016bsimasis Lietuvos mafijos bosas Audrius Rimgaila.  Jis am\u017einai pakli\u016bna \u012f pavojingas situacijas, j\u012f da\u017eniausiai i\u0161gelb\u0117ja i\u0161tikimas laika Dikas. Audri\u0173 labai myli moterys. Viena kaip tik ir yra i\u0161 mafijos. Ji tampa Rimgailos \u017emona ir atveda \u012f klaid\u017eius ir paslaptingus Kauno mafijos gyvenimo labirintus.\" \/>\n<meta name=\"robots\" content=\"index, follow, max-snippet:-1, max-image-preview:large, max-video-preview:-1\" \/>\n<link rel=\"canonical\" href=\"https:\/\/skaitytaknyga.lt\/en\/produktas\/edmundas-malukas-vytauto-zeme-istepta-apacia\/\" \/>\n<meta property=\"og:locale\" content=\"en_GB\" \/>\n<meta property=\"og:locale:alternate\" content=\"lt_LT\" \/>\n<meta property=\"og:type\" content=\"article\" \/>\n<meta property=\"og:title\" content=\"Vytauto \u017eem\u0117\" \/>\n<meta property=\"og:description\" content=\"Gyvena nuotykius ir a\u0161trius poj\u016b\u010dius m\u0117gstantis vaikinas. Tai b\u016bsimasis Lietuvos mafijos bosas Audrius Rimgaila.  Jis am\u017einai pakli\u016bna \u012f pavojingas situacijas, j\u012f da\u017eniausiai i\u0161gelb\u0117ja i\u0161tikimas laika Dikas. Audri\u0173 labai myli moterys. Viena kaip tik ir yra i\u0161 mafijos. Ji tampa Rimgailos \u017emona ir atveda \u012f klaid\u017eius ir paslaptingus Kauno mafijos gyvenimo labirintus.\" \/>\n<meta property=\"og:url\" content=\"https:\/\/skaitytaknyga.lt\/en\/produktas\/edmundas-malukas-vytauto-zeme-istepta-apacia\/\" \/>\n<meta property=\"og:site_name\" content=\"Skaitytaknyga\" \/>\n<meta property=\"article:publisher\" content=\"https:\/\/www.facebook.com\/skaitytaknyga\/\" \/>\n<meta property=\"article:modified_time\" content=\"2025-04-30T11:47:37+00:00\" \/>\n<meta property=\"og:image\" content=\"https:\/\/skaitytaknyga.lt\/wp-content\/uploads\/2024\/05\/vytauto-zeme.jpg\" \/>\n\t<meta property=\"og:image:width\" content=\"275\" \/>\n\t<meta property=\"og:image:height\" content=\"450\" \/>\n\t<meta property=\"og:image:type\" content=\"image\/jpeg\" \/>\n<meta name=\"twitter:card\" content=\"summary_large_image\" \/>\n<meta name=\"twitter:label1\" content=\"Estimated reading time\" \/>\n\t<meta name=\"twitter:data1\" content=\"1 minute\" \/>\n<script type=\"application\/ld+json\" class=\"yoast-schema-graph\">{\"@context\":\"https:\/\/schema.org\",\"@graph\":[{\"@type\":\"WebPage\",\"@id\":\"https:\/\/skaitytaknyga.lt\/produktas\/edmundas-malukas-vytauto-zeme-istepta-apacia\/\",\"url\":\"https:\/\/skaitytaknyga.lt\/produktas\/edmundas-malukas-vytauto-zeme-istepta-apacia\/\",\"name\":\"Vytauto \u017eem\u0117\",\"isPartOf\":{\"@id\":\"https:\/\/skaitytaknyga.lt\/#website\"},\"primaryImageOfPage\":{\"@id\":\"https:\/\/skaitytaknyga.lt\/produktas\/edmundas-malukas-vytauto-zeme-istepta-apacia\/#primaryimage\"},\"image\":{\"@id\":\"https:\/\/skaitytaknyga.lt\/produktas\/edmundas-malukas-vytauto-zeme-istepta-apacia\/#primaryimage\"},\"thumbnailUrl\":\"https:\/\/skaitytaknyga.lt\/wp-content\/uploads\/2024\/05\/vytauto-zeme.jpg\",\"datePublished\":\"2024-05-04T19:45:56+00:00\",\"dateModified\":\"2025-04-30T11:47:37+00:00\",\"description\":\"Gyvena nuotykius ir a\u0161trius poj\u016b\u010dius m\u0117gstantis vaikinas. Tai b\u016bsimasis Lietuvos mafijos bosas Audrius Rimgaila. Jis am\u017einai pakli\u016bna \u012f pavojingas situacijas, j\u012f da\u017eniausiai i\u0161gelb\u0117ja i\u0161tikimas laika Dikas. Audri\u0173 labai myli moterys. Viena kaip tik ir yra i\u0161 mafijos. Ji tampa Rimgailos \u017emona ir atveda \u012f klaid\u017eius ir paslaptingus Kauno mafijos gyvenimo labirintus.\",\"breadcrumb\":{\"@id\":\"https:\/\/skaitytaknyga.lt\/produktas\/edmundas-malukas-vytauto-zeme-istepta-apacia\/#breadcrumb\"},\"inLanguage\":\"en-GB\",\"potentialAction\":[{\"@type\":\"ReadAction\",\"target\":[\"https:\/\/skaitytaknyga.lt\/produktas\/edmundas-malukas-vytauto-zeme-istepta-apacia\/\"]}]},{\"@type\":\"ImageObject\",\"inLanguage\":\"en-GB\",\"@id\":\"https:\/\/skaitytaknyga.lt\/produktas\/edmundas-malukas-vytauto-zeme-istepta-apacia\/#primaryimage\",\"url\":\"https:\/\/skaitytaknyga.lt\/wp-content\/uploads\/2024\/05\/vytauto-zeme.jpg\",\"contentUrl\":\"https:\/\/skaitytaknyga.lt\/wp-content\/uploads\/2024\/05\/vytauto-zeme.jpg\",\"width\":275,\"height\":450},{\"@type\":\"BreadcrumbList\",\"@id\":\"https:\/\/skaitytaknyga.lt\/produktas\/edmundas-malukas-vytauto-zeme-istepta-apacia\/#breadcrumb\",\"itemListElement\":[{\"@type\":\"ListItem\",\"position\":1,\"name\":\"Home\",\"item\":\"https:\/\/skaitytaknyga.lt\/\"},{\"@type\":\"ListItem\",\"position\":2,\"name\":\"Parduotuv\u0117\",\"item\":\"https:\/\/skaitytaknyga.lt\/knygu-parduotuve\/\"},{\"@type\":\"ListItem\",\"position\":3,\"name\":\"Vytauto \u017eem\u0117\"}]},{\"@type\":\"WebSite\",\"@id\":\"https:\/\/skaitytaknyga.lt\/#website\",\"url\":\"https:\/\/skaitytaknyga.lt\/\",\"name\":\"skaitytaknyga.lt\",\"description\":\"Skaitytaknyga.lt \u2013 tai ma\u017eas \u0161eimos verslas, kuris prasid\u0117jo nuo meil\u0117s knygoms ir siekio i\u0161gelb\u0117ti knygas nuo likimo prie konteinerio. Kas vienam nereikalingas daiktas \u2013 kitam lobis, o mes esame tarpininkai, kurie padeda abiems tapti laimingesniems ???? \u017dinome kaip nelengva i\u0161gyventi ma\u017eiems verslams, tad nuo \u0161iol, \u010dia rasite ir kit\u0173, ma\u017e\u0173 \u0161eim\u0173 versl\u0173, rank\u0173 darbo, dovan\u0173 sau ir artimiesiems.\",\"publisher\":{\"@id\":\"https:\/\/skaitytaknyga.lt\/#organization\"},\"potentialAction\":[{\"@type\":\"SearchAction\",\"target\":{\"@type\":\"EntryPoint\",\"urlTemplate\":\"https:\/\/skaitytaknyga.lt\/?s={search_term_string}\"},\"query-input\":{\"@type\":\"PropertyValueSpecification\",\"valueRequired\":true,\"valueName\":\"search_term_string\"}}],\"inLanguage\":\"en-GB\"},{\"@type\":\"Organization\",\"@id\":\"https:\/\/skaitytaknyga.lt\/#organization\",\"name\":\"skaitytaknyga.lt\",\"url\":\"https:\/\/skaitytaknyga.lt\/\",\"logo\":{\"@type\":\"ImageObject\",\"inLanguage\":\"en-GB\",\"@id\":\"https:\/\/skaitytaknyga.lt\/#\/schema\/logo\/image\/\",\"url\":\"https:\/\/skaitytaknyga.lt\/wp-content\/uploads\/2024\/05\/cropped-cropped-cropped-02_00843_jt3bggkj1j3HLc7SyY6rEUpg.jpeg\",\"contentUrl\":\"https:\/\/skaitytaknyga.lt\/wp-content\/uploads\/2024\/05\/cropped-cropped-cropped-02_00843_jt3bggkj1j3HLc7SyY6rEUpg.jpeg\",\"width\":1600,\"height\":1600,\"caption\":\"skaitytaknyga.lt\"},\"image\":{\"@id\":\"https:\/\/skaitytaknyga.lt\/#\/schema\/logo\/image\/\"},\"sameAs\":[\"https:\/\/www.facebook.com\/skaitytaknyga\/\"]}]}<\/script>\n<!-- \/ Yoast SEO plugin. -->","yoast_head_json":{"title":"Vytauto \u017eem\u0117","description":"Gyvena nuotykius ir a\u0161trius poj\u016b\u010dius m\u0117gstantis vaikinas. Tai b\u016bsimasis Lietuvos mafijos bosas Audrius Rimgaila.  Jis am\u017einai pakli\u016bna \u012f pavojingas situacijas, j\u012f da\u017eniausiai i\u0161gelb\u0117ja i\u0161tikimas laika Dikas. Audri\u0173 labai myli moterys. Viena kaip tik ir yra i\u0161 mafijos. Ji tampa Rimgailos \u017emona ir atveda \u012f klaid\u017eius ir paslaptingus Kauno mafijos gyvenimo labirintus.","robots":{"index":"index","follow":"follow","max-snippet":"max-snippet:-1","max-image-preview":"max-image-preview:large","max-video-preview":"max-video-preview:-1"},"canonical":"https:\/\/skaitytaknyga.lt\/en\/produktas\/edmundas-malukas-vytauto-zeme-istepta-apacia\/","og_locale":"en_GB","og_type":"article","og_title":"[:lt]Vytauto \u017eem\u0117[:] - Skaitytaknyga","og_description":"Gyvena nuotykius ir a\u0161trius poj\u016b\u010dius m\u0117gstantis vaikinas. Tai b\u016bsimasis Lietuvos mafijos bosas Audrius Rimgaila.  Jis am\u017einai pakli\u016bna \u012f pavojingas situacijas, j\u012f da\u017eniausiai i\u0161gelb\u0117ja i\u0161tikimas laika Dikas. Audri\u0173 labai myli moterys. Viena kaip tik ir yra i\u0161 mafijos. Ji tampa Rimgailos \u017emona ir atveda \u012f klaid\u017eius ir paslaptingus Kauno mafijos gyvenimo labirintus.","og_url":"https:\/\/skaitytaknyga.lt\/en\/produktas\/edmundas-malukas-vytauto-zeme-istepta-apacia\/","og_site_name":"Skaitytaknyga","article_publisher":"https:\/\/www.facebook.com\/skaitytaknyga\/","article_modified_time":"2025-04-30T11:47:37+00:00","og_image":[{"width":275,"height":450,"url":"https:\/\/skaitytaknyga.lt\/wp-content\/uploads\/2024\/05\/vytauto-zeme.jpg","type":"image\/jpeg"}],"twitter_card":"summary_large_image","twitter_misc":{"Estimated reading time":"1 minute"},"schema":{"@context":"https:\/\/schema.org","@graph":[{"@type":"WebPage","@id":"https:\/\/skaitytaknyga.lt\/produktas\/edmundas-malukas-vytauto-zeme-istepta-apacia\/","url":"https:\/\/skaitytaknyga.lt\/produktas\/edmundas-malukas-vytauto-zeme-istepta-apacia\/","name":"Vytauto \u017eem\u0117","isPartOf":{"@id":"https:\/\/skaitytaknyga.lt\/#website"},"primaryImageOfPage":{"@id":"https:\/\/skaitytaknyga.lt\/produktas\/edmundas-malukas-vytauto-zeme-istepta-apacia\/#primaryimage"},"image":{"@id":"https:\/\/skaitytaknyga.lt\/produktas\/edmundas-malukas-vytauto-zeme-istepta-apacia\/#primaryimage"},"thumbnailUrl":"https:\/\/skaitytaknyga.lt\/wp-content\/uploads\/2024\/05\/vytauto-zeme.jpg","datePublished":"2024-05-04T19:45:56+00:00","dateModified":"2025-04-30T11:47:37+00:00","description":"Gyvena nuotykius ir a\u0161trius poj\u016b\u010dius m\u0117gstantis vaikinas. Tai b\u016bsimasis Lietuvos mafijos bosas Audrius Rimgaila. Jis am\u017einai pakli\u016bna \u012f pavojingas situacijas, j\u012f da\u017eniausiai i\u0161gelb\u0117ja i\u0161tikimas laika Dikas. Audri\u0173 labai myli moterys. Viena kaip tik ir yra i\u0161 mafijos. Ji tampa Rimgailos \u017emona ir atveda \u012f klaid\u017eius ir paslaptingus Kauno mafijos gyvenimo labirintus.","breadcrumb":{"@id":"https:\/\/skaitytaknyga.lt\/produktas\/edmundas-malukas-vytauto-zeme-istepta-apacia\/#breadcrumb"},"inLanguage":"en-GB","potentialAction":[{"@type":"ReadAction","target":["https:\/\/skaitytaknyga.lt\/produktas\/edmundas-malukas-vytauto-zeme-istepta-apacia\/"]}]},{"@type":"ImageObject","inLanguage":"en-GB","@id":"https:\/\/skaitytaknyga.lt\/produktas\/edmundas-malukas-vytauto-zeme-istepta-apacia\/#primaryimage","url":"https:\/\/skaitytaknyga.lt\/wp-content\/uploads\/2024\/05\/vytauto-zeme.jpg","contentUrl":"https:\/\/skaitytaknyga.lt\/wp-content\/uploads\/2024\/05\/vytauto-zeme.jpg","width":275,"height":450},{"@type":"BreadcrumbList","@id":"https:\/\/skaitytaknyga.lt\/produktas\/edmundas-malukas-vytauto-zeme-istepta-apacia\/#breadcrumb","itemListElement":[{"@type":"ListItem","position":1,"name":"Home","item":"https:\/\/skaitytaknyga.lt\/"},{"@type":"ListItem","position":2,"name":"Parduotuv\u0117","item":"https:\/\/skaitytaknyga.lt\/knygu-parduotuve\/"},{"@type":"ListItem","position":3,"name":"Vytauto \u017eem\u0117"}]},{"@type":"WebSite","@id":"https:\/\/skaitytaknyga.lt\/#website","url":"https:\/\/skaitytaknyga.lt\/","name":"skaitytaknyga.lt","description":"Skaitytaknyga.lt \u2013 tai ma\u017eas \u0161eimos verslas, kuris prasid\u0117jo nuo meil\u0117s knygoms ir siekio i\u0161gelb\u0117ti knygas nuo likimo prie konteinerio. Kas vienam nereikalingas daiktas \u2013 kitam lobis, o mes esame tarpininkai, kurie padeda abiems tapti laimingesniems ???? \u017dinome kaip nelengva i\u0161gyventi ma\u017eiems verslams, tad nuo \u0161iol, \u010dia rasite ir kit\u0173, ma\u017e\u0173 \u0161eim\u0173 versl\u0173, rank\u0173 darbo, dovan\u0173 sau ir artimiesiems.","publisher":{"@id":"https:\/\/skaitytaknyga.lt\/#organization"},"potentialAction":[{"@type":"SearchAction","target":{"@type":"EntryPoint","urlTemplate":"https:\/\/skaitytaknyga.lt\/?s={search_term_string}"},"query-input":{"@type":"PropertyValueSpecification","valueRequired":true,"valueName":"search_term_string"}}],"inLanguage":"en-GB"},{"@type":"Organization","@id":"https:\/\/skaitytaknyga.lt\/#organization","name":"skaitytaknyga.lt","url":"https:\/\/skaitytaknyga.lt\/","logo":{"@type":"ImageObject","inLanguage":"en-GB","@id":"https:\/\/skaitytaknyga.lt\/#\/schema\/logo\/image\/","url":"https:\/\/skaitytaknyga.lt\/wp-content\/uploads\/2024\/05\/cropped-cropped-cropped-02_00843_jt3bggkj1j3HLc7SyY6rEUpg.jpeg","contentUrl":"https:\/\/skaitytaknyga.lt\/wp-content\/uploads\/2024\/05\/cropped-cropped-cropped-02_00843_jt3bggkj1j3HLc7SyY6rEUpg.jpeg","width":1600,"height":1600,"caption":"skaitytaknyga.lt"},"image":{"@id":"https:\/\/skaitytaknyga.lt\/#\/schema\/logo\/image\/"},"sameAs":["https:\/\/www.facebook.com\/skaitytaknyga\/"]}]}},"_links":{"self":[{"href":"https:\/\/skaitytaknyga.lt\/en\/wp-json\/wp\/v2\/product\/11473","targetHints":{"allow":["GET"]}}],"collection":[{"href":"https:\/\/skaitytaknyga.lt\/en\/wp-json\/wp\/v2\/product"}],"about":[{"href":"https:\/\/skaitytaknyga.lt\/en\/wp-json\/wp\/v2\/types\/product"}],"replies":[{"embeddable":true,"href":"https:\/\/skaitytaknyga.lt\/en\/wp-json\/wp\/v2\/comments?post=11473"}],"wp:featuredmedia":[{"embeddable":true,"href":"https:\/\/skaitytaknyga.lt\/en\/wp-json\/wp\/v2\/media\/11516"}],"wp:attachment":[{"href":"https:\/\/skaitytaknyga.lt\/en\/wp-json\/wp\/v2\/media?parent=11473"}],"wp:term":[{"taxonomy":"product_brand","embeddable":true,"href":"https:\/\/skaitytaknyga.lt\/en\/wp-json\/wp\/v2\/product_brand?post=11473"},{"taxonomy":"product_cat","embeddable":true,"href":"https:\/\/skaitytaknyga.lt\/en\/wp-json\/wp\/v2\/product_cat?post=11473"},{"taxonomy":"product_tag","embeddable":true,"href":"https:\/\/skaitytaknyga.lt\/en\/wp-json\/wp\/v2\/product_tag?post=11473"}],"curies":[{"name":"wp","href":"https:\/\/api.w.org\/{rel}","templated":true}]}}