{"id":11461,"date":"2024-05-04T19:45:23","date_gmt":"2024-05-04T19:45:23","guid":{"rendered":"https:\/\/skaitytaknyga.lt\/?post_type=product&#038;p=11461"},"modified":"2024-05-04T19:46:40","modified_gmt":"2024-05-04T19:46:40","slug":"gamtos-paveldo-objektai-tvarkymas","status":"publish","type":"product","link":"https:\/\/skaitytaknyga.lt\/en\/produktas\/gamtos-paveldo-objektai-tvarkymas\/","title":{"rendered":"Gamtos paveldo objektai. Tvarkymas"},"content":{"rendered":"<div class=\"text-justify text-lg\">Naujas Valstybin\u0117s saugom\u0173 teritorij\u0173 tarnybos prie Aplinkos ministerijos (VSTT) leidinys \u201eGamtos paveldo objektai. Tvarkymas\u201c i\u0161samiai supa\u017eindina su \u0161alies gamtos paveldo objekt\u0173 r\u016b\u0161imis ir j\u0173 \u012fvairove, apsaugos ir tvarkymo istorija, \u0161i\u0173 objekt\u0173 apsaug\u0105, tvarkym\u0105 ir naudojim\u0105 reglamentuojan\u010diais teis\u0117s aktais. Jame pateikti bendrieji ir specialieji gamtos paveldo objekt\u0173 tvarkymo principai ir rekomendacijos, atskleista jo specifika.<\/p>\n<p>Leidinys skirtas \u012fvairi\u0173 sri\u010di\u0173 specialistams, savivaldybi\u0173 ir visuomen\u0117s atstovams, visiems fiziniams ir juridiniams asmenims, kurie ketina prad\u0117ti ar jau prad\u0117jo tvarkyti gamtos paveldo objektus, j\u0173 aplink\u0105. Jis bus naudingas ir \u017eem\u0117s savininkams bei valdytojams, kuri\u0173 \u017eem\u0117je yra \u0161i\u0173 objekt\u0173.<\/p>\n<p>Knyga gausiai iliustruota. Joje publikuota net keli \u0161imtai nuotrauk\u0173, kurios atskleid\u017eia botanini\u0173 gamtos paveldo objekt\u0173 \u2013 med\u017ei\u0173 i\u0161skirtinum\u0105, i\u0161 arti parodo moksliniu ir estetiniu po\u017ei\u016briu \u012fdomias geologin\u0117s strukt\u016bros ir geomorfologines formas, o i\u0161 drono u\u017efiksuoti hidrografini\u0173 ir geologini\u0173 gamtos paveldo objekt\u0173 vaizdai atspindi j\u0173 i\u0161skirtin\u0119 vert\u0119 ir unikalum\u0105.<\/p><\/div>\n<p>&nbsp;<\/p>\n","protected":false},"excerpt":{"rendered":"<p>Naujas Valstybin\u0117s saugom\u0173 teritorij\u0173 tarnybos prie Aplinkos ministerijos (VSTT) leidinys \u201eGamtos paveldo objektai. Tvarkymas\u201c i\u0161samiai supa\u017eindina su \u0161alies gamtos paveldo objekt\u0173 r\u016b\u0161imis ir j\u0173 \u012fvairove, apsaugos ir tvarkymo istorija, \u0161i\u0173 objekt\u0173 apsaug\u0105, tvarkym\u0105 ir naudojim\u0105 reglamentuojan\u010diais teis\u0117s aktais. Jame pateikti bendrieji ir specialieji gamtos paveldo objekt\u0173 tvarkymo principai ir rekomendacijos, atskleista jo specifika. Leidinys skirtas \u012fvairi\u0173 sri\u010di\u0173 specialistams, savivaldybi\u0173 ir visuomen\u0117s atstovams, visiems fiziniams ir juridiniams asmenims, kurie ketina prad\u0117ti ar jau prad\u0117jo tvarkyti gamtos paveldo objektus, j\u0173 aplink\u0105. Jis bus naudingas ir \u017eem\u0117s savininkams bei valdytojams, kuri\u0173 \u017eem\u0117je yra \u0161i\u0173 objekt\u0173. Knyga gausiai iliustruota. Joje publikuota net keli \u0161imtai nuotrauk\u0173, kurios atskleid\u017eia botanini\u0173 gamtos paveldo objekt\u0173 \u2013 med\u017ei\u0173 i\u0161skirtinum\u0105, i\u0161 arti parodo moksliniu ir estetiniu po\u017ei\u016briu \u012fdomias geologin\u0117s strukt\u016bros ir geomorfologines formas, o i\u0161 drono u\u017efiksuoti hidrografini\u0173 ir geologini\u0173 gamtos paveldo objekt\u0173 vaizdai atspindi j\u0173 i\u0161skirtin\u0119 vert\u0119 ir unikalum\u0105. &nbsp;<\/p>\n","protected":false},"featured_media":11499,"comment_status":"closed","ping_status":"closed","template":"","meta":{"_acf_changed":false,"site-sidebar-layout":"default","site-content-layout":"","ast-site-content-layout":"default","site-content-style":"default","site-sidebar-style":"default","ast-global-header-display":"","ast-banner-title-visibility":"","ast-main-header-display":"","ast-hfb-above-header-display":"","ast-hfb-below-header-display":"","ast-hfb-mobile-header-display":"","site-post-title":"","ast-breadcrumbs-content":"","ast-featured-img":"","footer-sml-layout":"","ast-disable-related-posts":"","theme-transparent-header-meta":"","adv-header-id-meta":"","stick-header-meta":"","header-above-stick-meta":"","header-main-stick-meta":"","header-below-stick-meta":"","astra-migrate-meta-layouts":"default","ast-page-background-enabled":"default","ast-page-background-meta":{"desktop":{"background-color":"","background-image":"","background-repeat":"repeat","background-position":"center center","background-size":"auto","background-attachment":"scroll","background-type":"","background-media":"","overlay-type":"","overlay-color":"","overlay-opacity":"","overlay-gradient":""},"tablet":{"background-color":"","background-image":"","background-repeat":"repeat","background-position":"center center","background-size":"auto","background-attachment":"scroll","background-type":"","background-media":"","overlay-type":"","overlay-color":"","overlay-opacity":"","overlay-gradient":""},"mobile":{"background-color":"","background-image":"","background-repeat":"repeat","background-position":"center center","background-size":"auto","background-attachment":"scroll","background-type":"","background-media":"","overlay-type":"","overlay-color":"","overlay-opacity":"","overlay-gradient":""}},"ast-content-background-meta":{"desktop":{"background-color":"var(--ast-global-color-4)","background-image":"","background-repeat":"repeat","background-position":"center center","background-size":"auto","background-attachment":"scroll","background-type":"","background-media":"","overlay-type":"","overlay-color":"","overlay-opacity":"","overlay-gradient":""},"tablet":{"background-color":"var(--ast-global-color-4)","background-image":"","background-repeat":"repeat","background-position":"center center","background-size":"auto","background-attachment":"scroll","background-type":"","background-media":"","overlay-type":"","overlay-color":"","overlay-opacity":"","overlay-gradient":""},"mobile":{"background-color":"var(--ast-global-color-4)","background-image":"","background-repeat":"repeat","background-position":"center center","background-size":"auto","background-attachment":"scroll","background-type":"","background-media":"","overlay-type":"","overlay-color":"","overlay-opacity":"","overlay-gradient":""}}},"product_brand":[],"product_cat":[15],"product_tag":[],"class_list":{"0":"post-11461","1":"product","2":"type-product","3":"status-publish","4":"has-post-thumbnail","6":"product_cat-uncategorized","7":"desktop-align-left","8":"tablet-align-left","9":"mobile-align-left","11":"first","12":"instock","13":"shipping-taxable","14":"purchasable","15":"product-type-simple"},"acf":[],"yoast_head":"<!-- This site is optimized with the Yoast SEO plugin v27.0 - https:\/\/yoast.com\/product\/yoast-seo-wordpress\/ -->\n<title>Gamtos paveldo objektai. Tvarkymas - Skaitytaknyga<\/title>\n<meta name=\"description\" content=\"Naujas Valstybin\u0117s saugom\u0173 teritorij\u0173 tarnybos prie Aplinkos ministerijos (VSTT) leidinys \u201eGamtos paveldo objektai. Tvarkymas\u201c i\u0161samiai supa\u017eindina su\" \/>\n<meta name=\"robots\" content=\"index, follow, max-snippet:-1, max-image-preview:large, max-video-preview:-1\" \/>\n<link rel=\"canonical\" href=\"https:\/\/skaitytaknyga.lt\/en\/produktas\/gamtos-paveldo-objektai-tvarkymas\/\" \/>\n<meta property=\"og:locale\" content=\"en_GB\" \/>\n<meta property=\"og:locale:alternate\" content=\"lt_LT\" \/>\n<meta property=\"og:type\" content=\"article\" \/>\n<meta property=\"og:title\" content=\"Gamtos paveldo objektai. Tvarkymas - Skaitytaknyga\" \/>\n<meta property=\"og:description\" content=\"Naujas Valstybin\u0117s saugom\u0173 teritorij\u0173 tarnybos prie Aplinkos ministerijos (VSTT) leidinys \u201eGamtos paveldo objektai. Tvarkymas\u201c i\u0161samiai supa\u017eindina su\" \/>\n<meta property=\"og:url\" content=\"https:\/\/skaitytaknyga.lt\/en\/produktas\/gamtos-paveldo-objektai-tvarkymas\/\" \/>\n<meta property=\"og:site_name\" content=\"Skaitytaknyga\" \/>\n<meta property=\"article:publisher\" content=\"https:\/\/www.facebook.com\/skaitytaknyga\/\" \/>\n<meta property=\"article:modified_time\" content=\"2024-05-04T19:46:40+00:00\" \/>\n<meta property=\"og:image\" content=\"https:\/\/skaitytaknyga.lt\/wp-content\/uploads\/2024\/05\/Be-pavadinimo-17-1.png\" \/>\n\t<meta property=\"og:image:width\" content=\"284\" \/>\n\t<meta property=\"og:image:height\" content=\"417\" \/>\n\t<meta property=\"og:image:type\" content=\"image\/png\" \/>\n<meta name=\"twitter:card\" content=\"summary_large_image\" \/>\n<meta name=\"twitter:label1\" content=\"Estimated reading time\" \/>\n\t<meta name=\"twitter:data1\" content=\"1 minute\" \/>\n<script type=\"application\/ld+json\" class=\"yoast-schema-graph\">{\"@context\":\"https:\/\/schema.org\",\"@graph\":[{\"@type\":\"WebPage\",\"@id\":\"https:\/\/skaitytaknyga.lt\/produktas\/gamtos-paveldo-objektai-tvarkymas\/\",\"url\":\"https:\/\/skaitytaknyga.lt\/produktas\/gamtos-paveldo-objektai-tvarkymas\/\",\"name\":\"Gamtos paveldo objektai. Tvarkymas - Skaitytaknyga\",\"isPartOf\":{\"@id\":\"https:\/\/skaitytaknyga.lt\/#website\"},\"primaryImageOfPage\":{\"@id\":\"https:\/\/skaitytaknyga.lt\/produktas\/gamtos-paveldo-objektai-tvarkymas\/#primaryimage\"},\"image\":{\"@id\":\"https:\/\/skaitytaknyga.lt\/produktas\/gamtos-paveldo-objektai-tvarkymas\/#primaryimage\"},\"thumbnailUrl\":\"https:\/\/skaitytaknyga.lt\/wp-content\/uploads\/2024\/05\/Be-pavadinimo-17-1.png\",\"datePublished\":\"2024-05-04T19:45:23+00:00\",\"dateModified\":\"2024-05-04T19:46:40+00:00\",\"description\":\"Naujas Valstybin\u0117s saugom\u0173 teritorij\u0173 tarnybos prie Aplinkos ministerijos (VSTT) leidinys \u201eGamtos paveldo objektai. Tvarkymas\u201c i\u0161samiai supa\u017eindina su\",\"breadcrumb\":{\"@id\":\"https:\/\/skaitytaknyga.lt\/produktas\/gamtos-paveldo-objektai-tvarkymas\/#breadcrumb\"},\"inLanguage\":\"en-GB\",\"potentialAction\":[{\"@type\":\"ReadAction\",\"target\":[\"https:\/\/skaitytaknyga.lt\/produktas\/gamtos-paveldo-objektai-tvarkymas\/\"]}]},{\"@type\":\"ImageObject\",\"inLanguage\":\"en-GB\",\"@id\":\"https:\/\/skaitytaknyga.lt\/produktas\/gamtos-paveldo-objektai-tvarkymas\/#primaryimage\",\"url\":\"https:\/\/skaitytaknyga.lt\/wp-content\/uploads\/2024\/05\/Be-pavadinimo-17-1.png\",\"contentUrl\":\"https:\/\/skaitytaknyga.lt\/wp-content\/uploads\/2024\/05\/Be-pavadinimo-17-1.png\",\"width\":284,\"height\":417},{\"@type\":\"BreadcrumbList\",\"@id\":\"https:\/\/skaitytaknyga.lt\/produktas\/gamtos-paveldo-objektai-tvarkymas\/#breadcrumb\",\"itemListElement\":[{\"@type\":\"ListItem\",\"position\":1,\"name\":\"Home\",\"item\":\"https:\/\/skaitytaknyga.lt\/\"},{\"@type\":\"ListItem\",\"position\":2,\"name\":\"Parduotuv\u0117\",\"item\":\"https:\/\/skaitytaknyga.lt\/knygu-parduotuve\/\"},{\"@type\":\"ListItem\",\"position\":3,\"name\":\"Gamtos paveldo objektai. Tvarkymas\"}]},{\"@type\":\"WebSite\",\"@id\":\"https:\/\/skaitytaknyga.lt\/#website\",\"url\":\"https:\/\/skaitytaknyga.lt\/\",\"name\":\"skaitytaknyga.lt\",\"description\":\"Skaitytaknyga.lt \u2013 tai ma\u017eas \u0161eimos verslas, kuris prasid\u0117jo nuo meil\u0117s knygoms ir siekio i\u0161gelb\u0117ti knygas nuo likimo prie konteinerio. Kas vienam nereikalingas daiktas \u2013 kitam lobis, o mes esame tarpininkai, kurie padeda abiems tapti laimingesniems ???? \u017dinome kaip nelengva i\u0161gyventi ma\u017eiems verslams, tad nuo \u0161iol, \u010dia rasite ir kit\u0173, ma\u017e\u0173 \u0161eim\u0173 versl\u0173, rank\u0173 darbo, dovan\u0173 sau ir artimiesiems.\",\"publisher\":{\"@id\":\"https:\/\/skaitytaknyga.lt\/#organization\"},\"potentialAction\":[{\"@type\":\"SearchAction\",\"target\":{\"@type\":\"EntryPoint\",\"urlTemplate\":\"https:\/\/skaitytaknyga.lt\/?s={search_term_string}\"},\"query-input\":{\"@type\":\"PropertyValueSpecification\",\"valueRequired\":true,\"valueName\":\"search_term_string\"}}],\"inLanguage\":\"en-GB\"},{\"@type\":\"Organization\",\"@id\":\"https:\/\/skaitytaknyga.lt\/#organization\",\"name\":\"skaitytaknyga.lt\",\"url\":\"https:\/\/skaitytaknyga.lt\/\",\"logo\":{\"@type\":\"ImageObject\",\"inLanguage\":\"en-GB\",\"@id\":\"https:\/\/skaitytaknyga.lt\/#\/schema\/logo\/image\/\",\"url\":\"https:\/\/skaitytaknyga.lt\/wp-content\/uploads\/2024\/05\/cropped-cropped-cropped-02_00843_jt3bggkj1j3HLc7SyY6rEUpg.jpeg\",\"contentUrl\":\"https:\/\/skaitytaknyga.lt\/wp-content\/uploads\/2024\/05\/cropped-cropped-cropped-02_00843_jt3bggkj1j3HLc7SyY6rEUpg.jpeg\",\"width\":1600,\"height\":1600,\"caption\":\"skaitytaknyga.lt\"},\"image\":{\"@id\":\"https:\/\/skaitytaknyga.lt\/#\/schema\/logo\/image\/\"},\"sameAs\":[\"https:\/\/www.facebook.com\/skaitytaknyga\/\"]}]}<\/script>\n<!-- \/ Yoast SEO plugin. -->","yoast_head_json":{"title":"Gamtos paveldo objektai. Tvarkymas - Skaitytaknyga","description":"Naujas Valstybin\u0117s saugom\u0173 teritorij\u0173 tarnybos prie Aplinkos ministerijos (VSTT) leidinys \u201eGamtos paveldo objektai. Tvarkymas\u201c i\u0161samiai supa\u017eindina su","robots":{"index":"index","follow":"follow","max-snippet":"max-snippet:-1","max-image-preview":"max-image-preview:large","max-video-preview":"max-video-preview:-1"},"canonical":"https:\/\/skaitytaknyga.lt\/en\/produktas\/gamtos-paveldo-objektai-tvarkymas\/","og_locale":"en_GB","og_type":"article","og_title":"Gamtos paveldo objektai. Tvarkymas - Skaitytaknyga","og_description":"Naujas Valstybin\u0117s saugom\u0173 teritorij\u0173 tarnybos prie Aplinkos ministerijos (VSTT) leidinys \u201eGamtos paveldo objektai. Tvarkymas\u201c i\u0161samiai supa\u017eindina su","og_url":"https:\/\/skaitytaknyga.lt\/en\/produktas\/gamtos-paveldo-objektai-tvarkymas\/","og_site_name":"Skaitytaknyga","article_publisher":"https:\/\/www.facebook.com\/skaitytaknyga\/","article_modified_time":"2024-05-04T19:46:40+00:00","og_image":[{"width":284,"height":417,"url":"https:\/\/skaitytaknyga.lt\/wp-content\/uploads\/2024\/05\/Be-pavadinimo-17-1.png","type":"image\/png"}],"twitter_card":"summary_large_image","twitter_misc":{"Estimated reading time":"1 minute"},"schema":{"@context":"https:\/\/schema.org","@graph":[{"@type":"WebPage","@id":"https:\/\/skaitytaknyga.lt\/produktas\/gamtos-paveldo-objektai-tvarkymas\/","url":"https:\/\/skaitytaknyga.lt\/produktas\/gamtos-paveldo-objektai-tvarkymas\/","name":"Gamtos paveldo objektai. Tvarkymas - Skaitytaknyga","isPartOf":{"@id":"https:\/\/skaitytaknyga.lt\/#website"},"primaryImageOfPage":{"@id":"https:\/\/skaitytaknyga.lt\/produktas\/gamtos-paveldo-objektai-tvarkymas\/#primaryimage"},"image":{"@id":"https:\/\/skaitytaknyga.lt\/produktas\/gamtos-paveldo-objektai-tvarkymas\/#primaryimage"},"thumbnailUrl":"https:\/\/skaitytaknyga.lt\/wp-content\/uploads\/2024\/05\/Be-pavadinimo-17-1.png","datePublished":"2024-05-04T19:45:23+00:00","dateModified":"2024-05-04T19:46:40+00:00","description":"Naujas Valstybin\u0117s saugom\u0173 teritorij\u0173 tarnybos prie Aplinkos ministerijos (VSTT) leidinys \u201eGamtos paveldo objektai. Tvarkymas\u201c i\u0161samiai supa\u017eindina su","breadcrumb":{"@id":"https:\/\/skaitytaknyga.lt\/produktas\/gamtos-paveldo-objektai-tvarkymas\/#breadcrumb"},"inLanguage":"en-GB","potentialAction":[{"@type":"ReadAction","target":["https:\/\/skaitytaknyga.lt\/produktas\/gamtos-paveldo-objektai-tvarkymas\/"]}]},{"@type":"ImageObject","inLanguage":"en-GB","@id":"https:\/\/skaitytaknyga.lt\/produktas\/gamtos-paveldo-objektai-tvarkymas\/#primaryimage","url":"https:\/\/skaitytaknyga.lt\/wp-content\/uploads\/2024\/05\/Be-pavadinimo-17-1.png","contentUrl":"https:\/\/skaitytaknyga.lt\/wp-content\/uploads\/2024\/05\/Be-pavadinimo-17-1.png","width":284,"height":417},{"@type":"BreadcrumbList","@id":"https:\/\/skaitytaknyga.lt\/produktas\/gamtos-paveldo-objektai-tvarkymas\/#breadcrumb","itemListElement":[{"@type":"ListItem","position":1,"name":"Home","item":"https:\/\/skaitytaknyga.lt\/"},{"@type":"ListItem","position":2,"name":"Parduotuv\u0117","item":"https:\/\/skaitytaknyga.lt\/knygu-parduotuve\/"},{"@type":"ListItem","position":3,"name":"Gamtos paveldo objektai. Tvarkymas"}]},{"@type":"WebSite","@id":"https:\/\/skaitytaknyga.lt\/#website","url":"https:\/\/skaitytaknyga.lt\/","name":"skaitytaknyga.lt","description":"Skaitytaknyga.lt \u2013 tai ma\u017eas \u0161eimos verslas, kuris prasid\u0117jo nuo meil\u0117s knygoms ir siekio i\u0161gelb\u0117ti knygas nuo likimo prie konteinerio. Kas vienam nereikalingas daiktas \u2013 kitam lobis, o mes esame tarpininkai, kurie padeda abiems tapti laimingesniems ???? \u017dinome kaip nelengva i\u0161gyventi ma\u017eiems verslams, tad nuo \u0161iol, \u010dia rasite ir kit\u0173, ma\u017e\u0173 \u0161eim\u0173 versl\u0173, rank\u0173 darbo, dovan\u0173 sau ir artimiesiems.","publisher":{"@id":"https:\/\/skaitytaknyga.lt\/#organization"},"potentialAction":[{"@type":"SearchAction","target":{"@type":"EntryPoint","urlTemplate":"https:\/\/skaitytaknyga.lt\/?s={search_term_string}"},"query-input":{"@type":"PropertyValueSpecification","valueRequired":true,"valueName":"search_term_string"}}],"inLanguage":"en-GB"},{"@type":"Organization","@id":"https:\/\/skaitytaknyga.lt\/#organization","name":"skaitytaknyga.lt","url":"https:\/\/skaitytaknyga.lt\/","logo":{"@type":"ImageObject","inLanguage":"en-GB","@id":"https:\/\/skaitytaknyga.lt\/#\/schema\/logo\/image\/","url":"https:\/\/skaitytaknyga.lt\/wp-content\/uploads\/2024\/05\/cropped-cropped-cropped-02_00843_jt3bggkj1j3HLc7SyY6rEUpg.jpeg","contentUrl":"https:\/\/skaitytaknyga.lt\/wp-content\/uploads\/2024\/05\/cropped-cropped-cropped-02_00843_jt3bggkj1j3HLc7SyY6rEUpg.jpeg","width":1600,"height":1600,"caption":"skaitytaknyga.lt"},"image":{"@id":"https:\/\/skaitytaknyga.lt\/#\/schema\/logo\/image\/"},"sameAs":["https:\/\/www.facebook.com\/skaitytaknyga\/"]}]}},"_links":{"self":[{"href":"https:\/\/skaitytaknyga.lt\/en\/wp-json\/wp\/v2\/product\/11461","targetHints":{"allow":["GET"]}}],"collection":[{"href":"https:\/\/skaitytaknyga.lt\/en\/wp-json\/wp\/v2\/product"}],"about":[{"href":"https:\/\/skaitytaknyga.lt\/en\/wp-json\/wp\/v2\/types\/product"}],"replies":[{"embeddable":true,"href":"https:\/\/skaitytaknyga.lt\/en\/wp-json\/wp\/v2\/comments?post=11461"}],"wp:featuredmedia":[{"embeddable":true,"href":"https:\/\/skaitytaknyga.lt\/en\/wp-json\/wp\/v2\/media\/11499"}],"wp:attachment":[{"href":"https:\/\/skaitytaknyga.lt\/en\/wp-json\/wp\/v2\/media?parent=11461"}],"wp:term":[{"taxonomy":"product_brand","embeddable":true,"href":"https:\/\/skaitytaknyga.lt\/en\/wp-json\/wp\/v2\/product_brand?post=11461"},{"taxonomy":"product_cat","embeddable":true,"href":"https:\/\/skaitytaknyga.lt\/en\/wp-json\/wp\/v2\/product_cat?post=11461"},{"taxonomy":"product_tag","embeddable":true,"href":"https:\/\/skaitytaknyga.lt\/en\/wp-json\/wp\/v2\/product_tag?post=11461"}],"curies":[{"name":"wp","href":"https:\/\/api.w.org\/{rel}","templated":true}]}}