{"id":11458,"date":"2024-05-04T19:45:23","date_gmt":"2024-05-04T19:45:23","guid":{"rendered":"https:\/\/skaitytaknyga.lt\/?post_type=product&#038;p=11458"},"modified":"2024-10-26T23:29:17","modified_gmt":"2024-10-26T20:29:17","slug":"%d1%84%d0%be%d0%bb%d0%ba%d0%bb%d0%be%d1%80-%d0%b2-%d0%b2%d0%b5%d1%82%d1%85%d0%be%d0%bc-%d0%b7%d0%b0%d0%b2%d0%b5%d1%82%d0%b5","status":"publish","type":"product","link":"https:\/\/skaitytaknyga.lt\/en\/produktas\/%d1%84%d0%be%d0%bb%d0%ba%d0%bb%d0%be%d1%80-%d0%b2-%d0%b2%d0%b5%d1%82%d1%85%d0%be%d0%bc-%d0%b7%d0%b0%d0%b2%d0%b5%d1%82%d0%b5\/","title":{"rendered":"\u0424\u043e\u043b\u043a\u043b\u043e\u0440 \u0432 \u0432\u0435\u0442\u0445\u043e\u043c \u0437\u0430\u0432\u0435\u0442\u0435"},"content":{"rendered":"<p>\u0412 \u044d\u0442\u043e\u0439 \u0440\u0430\u0431\u043e\u0442\u0435 \u0438\u0437\u0432\u0435\u0441\u0442\u043d\u043e\u0433\u043e \u0430\u043d\u0433\u043b\u0438\u0439\u0441\u043a\u043e\u0433\u043e \u044d\u0442\u043d\u043e\u0433\u0440\u0430\u0444\u0430 \u0438 \u0438\u0441\u0442\u043e\u0440\u0438\u043a\u0430 \u0440\u0435\u043b\u0438\u0433\u0438\u0438 \u0414\u0436.\u0414\u0436.\u0424\u0440\u044d\u0437\u0435\u0440\u0430 \u043d\u0430 \u043e\u0433\u0440\u043e\u043c\u043d\u043e\u043c \u044d\u0442\u043d\u043e\u0433\u0440\u0430\u0444\u0438\u0447\u0435\u0441\u043a\u043e\u043c \u0438 \u0444\u043e\u043b\u044c\u043a\u043b\u043e\u0440\u043d\u043e\u043c \u043c\u0430\u0442\u0435\u0440\u0438\u0430\u043b\u0435 \u0432\u044b\u044f\u0432\u043b\u044f\u0435\u0442\u0441\u044f \u0433\u0435\u043d\u0435\u0442\u0438\u0447\u0435\u0441\u043a\u0430\u044f \u0441\u0432\u044f\u0437\u044c \u0445\u0440\u0438\u0441\u0442\u0438\u0430\u043d\u0441\u0442\u0432\u0430 \u0441 \u043f\u0435\u0440\u0432\u043e\u0431\u044b\u0442\u043d\u044b\u043c\u0438 \u0432\u0435\u0440\u043e\u0432\u0430\u043d\u0438\u044f\u043c\u0438 \u043b\u044e\u0434\u0435\u0439, \u0447\u0442\u043e \u043d\u0430\u043d\u043e\u0441\u0438\u0442 \u0443\u0434\u0430\u0440 \u043f\u043e \u0443\u0442\u0432\u0435\u0440\u0436\u0434\u0435\u043d\u0438\u044e \u0445\u0440\u0438\u0441\u0442\u0438\u0430\u043d\u0441\u043a\u0438\u0445 \u0442\u0435\u043e\u043b\u043e\u0433\u043e\u0432 \u043e \u0431\u043e\u0433\u043e\u0434\u0430\u043d\u043d\u043e\u0441\u0442\u0438 \u0411\u0438\u0431\u043b\u0438\u0438 \u0438 \u0441\u0442\u0430\u0432\u0438\u0442 \u0435\u0435 \u0432 \u043e\u0434\u0438\u043d \u0440\u044f\u0434 \u0441 \u0434\u0440\u0443\u0433\u0438\u043c\u0438 \u043f\u0430\u043c\u044f\u0442\u043d\u0438\u043a\u0430\u043c\u0438 \u0434\u0440\u0435\u0432\u043d\u0435\u0439 \u043b\u0438\u0442\u0435\u0440\u0430\u0442\u0443\u0440\u044b. \u0412\u043f\u0435\u0440\u0432\u044b\u0435 \u0432 \u0440\u0443\u0441\u0441\u043a\u043e\u043c \u043f\u0435\u0440\u0435\u0432\u043e\u0434\u0435 \u0438\u0437\u0434\u0430\u043d\u0438\u0435 \u0431\u044b\u043b\u043e \u0432\u044b\u043f\u0443\u0449\u0435\u043d\u043e \u0432 1931 \u0433.<\/p>\n","protected":false},"excerpt":{"rendered":"<p>\u0412 \u044d\u0442\u043e\u0439 \u0440\u0430\u0431\u043e\u0442\u0435 \u0438\u0437\u0432\u0435\u0441\u0442\u043d\u043e\u0433\u043e \u0430\u043d\u0433\u043b\u0438\u0439\u0441\u043a\u043e\u0433\u043e \u044d\u0442\u043d\u043e\u0433\u0440\u0430\u0444\u0430 \u0438 \u0438\u0441\u0442\u043e\u0440\u0438\u043a\u0430 \u0440\u0435\u043b\u0438\u0433\u0438\u0438 \u0414\u0436.\u0414\u0436.\u0424\u0440\u044d\u0437\u0435\u0440\u0430 \u043d\u0430 \u043e\u0433\u0440\u043e\u043c\u043d\u043e\u043c \u044d\u0442\u043d\u043e\u0433\u0440\u0430\u0444\u0438\u0447\u0435\u0441\u043a\u043e\u043c \u0438 \u0444\u043e\u043b\u044c\u043a\u043b\u043e\u0440\u043d\u043e\u043c \u043c\u0430\u0442\u0435\u0440\u0438\u0430\u043b\u0435 \u0432\u044b\u044f\u0432\u043b\u044f\u0435\u0442\u0441\u044f \u0433\u0435\u043d\u0435\u0442\u0438\u0447\u0435\u0441\u043a\u0430\u044f \u0441\u0432\u044f\u0437\u044c \u0445\u0440\u0438\u0441\u0442\u0438\u0430\u043d\u0441\u0442\u0432\u0430 \u0441 \u043f\u0435\u0440\u0432\u043e\u0431\u044b\u0442\u043d\u044b\u043c\u0438 \u0432\u0435\u0440\u043e\u0432\u0430\u043d\u0438\u044f\u043c\u0438 \u043b\u044e\u0434\u0435\u0439, \u0447\u0442\u043e \u043d\u0430\u043d\u043e\u0441\u0438\u0442 \u0443\u0434\u0430\u0440 \u043f\u043e \u0443\u0442\u0432\u0435\u0440\u0436\u0434\u0435\u043d\u0438\u044e \u0445\u0440\u0438\u0441\u0442\u0438\u0430\u043d\u0441\u043a\u0438\u0445 \u0442\u0435\u043e\u043b\u043e\u0433\u043e\u0432 \u043e \u0431\u043e\u0433\u043e\u0434\u0430\u043d\u043d\u043e\u0441\u0442\u0438 \u0411\u0438\u0431\u043b\u0438\u0438 \u0438 \u0441\u0442\u0430\u0432\u0438\u0442 \u0435\u0435 \u0432 \u043e\u0434\u0438\u043d \u0440\u044f\u0434 \u0441 \u0434\u0440\u0443\u0433\u0438\u043c\u0438 \u043f\u0430\u043c\u044f\u0442\u043d\u0438\u043a\u0430\u043c\u0438 \u0434\u0440\u0435\u0432\u043d\u0435\u0439 \u043b\u0438\u0442\u0435\u0440\u0430\u0442\u0443\u0440\u044b. \u0412\u043f\u0435\u0440\u0432\u044b\u0435 \u0432 \u0440\u0443\u0441\u0441\u043a\u043e\u043c \u043f\u0435\u0440\u0435\u0432\u043e\u0434\u0435 \u0438\u0437\u0434\u0430\u043d\u0438\u0435 \u0431\u044b\u043b\u043e \u0432\u044b\u043f\u0443\u0449\u0435\u043d\u043e \u0432 1931 \u0433.<\/p>\n","protected":false},"featured_media":11496,"comment_status":"closed","ping_status":"closed","template":"","meta":{"_acf_changed":false,"site-sidebar-layout":"default","site-content-layout":"","ast-site-content-layout":"default","site-content-style":"default","site-sidebar-style":"default","ast-global-header-display":"","ast-banner-title-visibility":"","ast-main-header-display":"","ast-hfb-above-header-display":"","ast-hfb-below-header-display":"","ast-hfb-mobile-header-display":"","site-post-title":"","ast-breadcrumbs-content":"","ast-featured-img":"","footer-sml-layout":"","ast-disable-related-posts":"","theme-transparent-header-meta":"","adv-header-id-meta":"","stick-header-meta":"","header-above-stick-meta":"","header-main-stick-meta":"","header-below-stick-meta":"","astra-migrate-meta-layouts":"default","ast-page-background-enabled":"default","ast-page-background-meta":{"desktop":{"background-color":"","background-image":"","background-repeat":"repeat","background-position":"center center","background-size":"auto","background-attachment":"scroll","background-type":"","background-media":"","overlay-type":"","overlay-color":"","overlay-opacity":"","overlay-gradient":""},"tablet":{"background-color":"","background-image":"","background-repeat":"repeat","background-position":"center center","background-size":"auto","background-attachment":"scroll","background-type":"","background-media":"","overlay-type":"","overlay-color":"","overlay-opacity":"","overlay-gradient":""},"mobile":{"background-color":"","background-image":"","background-repeat":"repeat","background-position":"center center","background-size":"auto","background-attachment":"scroll","background-type":"","background-media":"","overlay-type":"","overlay-color":"","overlay-opacity":"","overlay-gradient":""}},"ast-content-background-meta":{"desktop":{"background-color":"var(--ast-global-color-4)","background-image":"","background-repeat":"repeat","background-position":"center center","background-size":"auto","background-attachment":"scroll","background-type":"","background-media":"","overlay-type":"","overlay-color":"","overlay-opacity":"","overlay-gradient":""},"tablet":{"background-color":"var(--ast-global-color-4)","background-image":"","background-repeat":"repeat","background-position":"center center","background-size":"auto","background-attachment":"scroll","background-type":"","background-media":"","overlay-type":"","overlay-color":"","overlay-opacity":"","overlay-gradient":""},"mobile":{"background-color":"var(--ast-global-color-4)","background-image":"","background-repeat":"repeat","background-position":"center center","background-size":"auto","background-attachment":"scroll","background-type":"","background-media":"","overlay-type":"","overlay-color":"","overlay-opacity":"","overlay-gradient":""}}},"product_brand":[],"product_cat":[155,165],"product_tag":[],"class_list":{"0":"post-11458","1":"product","2":"type-product","3":"status-publish","4":"has-post-thumbnail","6":"product_cat-knygos-rusu-kalba","7":"product_cat-religija-filosofija-ir-ezoterika","8":"desktop-align-left","9":"tablet-align-left","10":"mobile-align-left","12":"first","13":"outofstock","14":"shipping-taxable","15":"purchasable","16":"product-type-simple"},"acf":[],"yoast_head":"<!-- This site is optimized with the Yoast SEO plugin v27.0 - https:\/\/yoast.com\/product\/yoast-seo-wordpress\/ -->\n<title>\u0424\u043e\u043b\u043a\u043b\u043e\u0440 \u0432 \u0432\u0435\u0442\u0445\u043e\u043c \u0437\u0430\u0432\u0435\u0442\u0435 - Skaitytaknyga<\/title>\n<meta name=\"description\" content=\"\u0412 \u044d\u0442\u043e\u0439 \u0440\u0430\u0431\u043e\u0442\u0435 \u0438\u0437\u0432\u0435\u0441\u0442\u043d\u043e\u0433\u043e \u0430\u043d\u0433\u043b\u0438\u0439\u0441\u043a\u043e\u0433\u043e \u044d\u0442\u043d\u043e\u0433\u0440\u0430\u0444\u0430 \u0438 \u0438\u0441\u0442\u043e\u0440\u0438\u043a\u0430 \u0440\u0435\u043b\u0438\u0433\u0438\u0438 \u0414\u0436.\u0414\u0436.\u0424\u0440\u044d\u0437\u0435\u0440\u0430 \u043d\u0430 \u043e\u0433\u0440\u043e\u043c\u043d\u043e\u043c \u044d\u0442\u043d\u043e\u0433\u0440\u0430\u0444\u0438\u0447\u0435\u0441\u043a\u043e\u043c \u0438 \u0444\u043e\u043b\u044c\u043a\u043b\u043e\u0440\u043d\u043e\u043c \u043c\u0430\u0442\u0435\u0440\u0438\u0430\u043b\u0435 \u0432\u044b\u044f\u0432\u043b\u044f\u0435\u0442\u0441\u044f\" \/>\n<meta name=\"robots\" content=\"index, follow, max-snippet:-1, max-image-preview:large, max-video-preview:-1\" \/>\n<link rel=\"canonical\" href=\"https:\/\/skaitytaknyga.lt\/en\/produktas\/\u0444\u043e\u043b\u043a\u043b\u043e\u0440-\u0432-\u0432\u0435\u0442\u0445\u043e\u043c-\u0437\u0430\u0432\u0435\u0442\u0435\/\" \/>\n<meta property=\"og:locale\" content=\"en_GB\" \/>\n<meta property=\"og:locale:alternate\" content=\"lt_LT\" \/>\n<meta property=\"og:type\" content=\"article\" \/>\n<meta property=\"og:title\" content=\"\u0424\u043e\u043b\u043a\u043b\u043e\u0440 \u0432 \u0432\u0435\u0442\u0445\u043e\u043c \u0437\u0430\u0432\u0435\u0442\u0435 - Skaitytaknyga\" \/>\n<meta property=\"og:description\" content=\"\u0412 \u044d\u0442\u043e\u0439 \u0440\u0430\u0431\u043e\u0442\u0435 \u0438\u0437\u0432\u0435\u0441\u0442\u043d\u043e\u0433\u043e \u0430\u043d\u0433\u043b\u0438\u0439\u0441\u043a\u043e\u0433\u043e \u044d\u0442\u043d\u043e\u0433\u0440\u0430\u0444\u0430 \u0438 \u0438\u0441\u0442\u043e\u0440\u0438\u043a\u0430 \u0440\u0435\u043b\u0438\u0433\u0438\u0438 \u0414\u0436.\u0414\u0436.\u0424\u0440\u044d\u0437\u0435\u0440\u0430 \u043d\u0430 \u043e\u0433\u0440\u043e\u043c\u043d\u043e\u043c \u044d\u0442\u043d\u043e\u0433\u0440\u0430\u0444\u0438\u0447\u0435\u0441\u043a\u043e\u043c \u0438 \u0444\u043e\u043b\u044c\u043a\u043b\u043e\u0440\u043d\u043e\u043c \u043c\u0430\u0442\u0435\u0440\u0438\u0430\u043b\u0435 \u0432\u044b\u044f\u0432\u043b\u044f\u0435\u0442\u0441\u044f\" \/>\n<meta property=\"og:url\" content=\"https:\/\/skaitytaknyga.lt\/en\/produktas\/\u0444\u043e\u043b\u043a\u043b\u043e\u0440-\u0432-\u0432\u0435\u0442\u0445\u043e\u043c-\u0437\u0430\u0432\u0435\u0442\u0435\/\" \/>\n<meta property=\"og:site_name\" content=\"Skaitytaknyga\" \/>\n<meta property=\"article:publisher\" content=\"https:\/\/www.facebook.com\/skaitytaknyga\/\" \/>\n<meta property=\"article:modified_time\" content=\"2024-10-26T20:29:17+00:00\" \/>\n<meta property=\"og:image\" content=\"https:\/\/skaitytaknyga.lt\/wp-content\/uploads\/2024\/05\/folklor-v-vetkhom-zavete-frezer-dzh.jpg\" \/>\n\t<meta property=\"og:image:width\" content=\"256\" \/>\n\t<meta property=\"og:image:height\" content=\"256\" \/>\n\t<meta property=\"og:image:type\" content=\"image\/jpeg\" \/>\n<meta name=\"twitter:card\" content=\"summary_large_image\" \/>\n<script type=\"application\/ld+json\" class=\"yoast-schema-graph\">{\"@context\":\"https:\/\/schema.org\",\"@graph\":[{\"@type\":\"WebPage\",\"@id\":\"https:\/\/skaitytaknyga.lt\/produktas\/%d1%84%d0%be%d0%bb%d0%ba%d0%bb%d0%be%d1%80-%d0%b2-%d0%b2%d0%b5%d1%82%d1%85%d0%be%d0%bc-%d0%b7%d0%b0%d0%b2%d0%b5%d1%82%d0%b5\/\",\"url\":\"https:\/\/skaitytaknyga.lt\/produktas\/%d1%84%d0%be%d0%bb%d0%ba%d0%bb%d0%be%d1%80-%d0%b2-%d0%b2%d0%b5%d1%82%d1%85%d0%be%d0%bc-%d0%b7%d0%b0%d0%b2%d0%b5%d1%82%d0%b5\/\",\"name\":\"\u0424\u043e\u043b\u043a\u043b\u043e\u0440 \u0432 \u0432\u0435\u0442\u0445\u043e\u043c \u0437\u0430\u0432\u0435\u0442\u0435 - Skaitytaknyga\",\"isPartOf\":{\"@id\":\"https:\/\/skaitytaknyga.lt\/#website\"},\"primaryImageOfPage\":{\"@id\":\"https:\/\/skaitytaknyga.lt\/produktas\/%d1%84%d0%be%d0%bb%d0%ba%d0%bb%d0%be%d1%80-%d0%b2-%d0%b2%d0%b5%d1%82%d1%85%d0%be%d0%bc-%d0%b7%d0%b0%d0%b2%d0%b5%d1%82%d0%b5\/#primaryimage\"},\"image\":{\"@id\":\"https:\/\/skaitytaknyga.lt\/produktas\/%d1%84%d0%be%d0%bb%d0%ba%d0%bb%d0%be%d1%80-%d0%b2-%d0%b2%d0%b5%d1%82%d1%85%d0%be%d0%bc-%d0%b7%d0%b0%d0%b2%d0%b5%d1%82%d0%b5\/#primaryimage\"},\"thumbnailUrl\":\"https:\/\/skaitytaknyga.lt\/wp-content\/uploads\/2024\/05\/folklor-v-vetkhom-zavete-frezer-dzh.jpg\",\"datePublished\":\"2024-05-04T19:45:23+00:00\",\"dateModified\":\"2024-10-26T20:29:17+00:00\",\"description\":\"\u0412 \u044d\u0442\u043e\u0439 \u0440\u0430\u0431\u043e\u0442\u0435 \u0438\u0437\u0432\u0435\u0441\u0442\u043d\u043e\u0433\u043e \u0430\u043d\u0433\u043b\u0438\u0439\u0441\u043a\u043e\u0433\u043e \u044d\u0442\u043d\u043e\u0433\u0440\u0430\u0444\u0430 \u0438 \u0438\u0441\u0442\u043e\u0440\u0438\u043a\u0430 \u0440\u0435\u043b\u0438\u0433\u0438\u0438 \u0414\u0436.\u0414\u0436.\u0424\u0440\u044d\u0437\u0435\u0440\u0430 \u043d\u0430 \u043e\u0433\u0440\u043e\u043c\u043d\u043e\u043c \u044d\u0442\u043d\u043e\u0433\u0440\u0430\u0444\u0438\u0447\u0435\u0441\u043a\u043e\u043c \u0438 \u0444\u043e\u043b\u044c\u043a\u043b\u043e\u0440\u043d\u043e\u043c \u043c\u0430\u0442\u0435\u0440\u0438\u0430\u043b\u0435 \u0432\u044b\u044f\u0432\u043b\u044f\u0435\u0442\u0441\u044f\",\"breadcrumb\":{\"@id\":\"https:\/\/skaitytaknyga.lt\/produktas\/%d1%84%d0%be%d0%bb%d0%ba%d0%bb%d0%be%d1%80-%d0%b2-%d0%b2%d0%b5%d1%82%d1%85%d0%be%d0%bc-%d0%b7%d0%b0%d0%b2%d0%b5%d1%82%d0%b5\/#breadcrumb\"},\"inLanguage\":\"en-GB\",\"potentialAction\":[{\"@type\":\"ReadAction\",\"target\":[\"https:\/\/skaitytaknyga.lt\/produktas\/%d1%84%d0%be%d0%bb%d0%ba%d0%bb%d0%be%d1%80-%d0%b2-%d0%b2%d0%b5%d1%82%d1%85%d0%be%d0%bc-%d0%b7%d0%b0%d0%b2%d0%b5%d1%82%d0%b5\/\"]}]},{\"@type\":\"ImageObject\",\"inLanguage\":\"en-GB\",\"@id\":\"https:\/\/skaitytaknyga.lt\/produktas\/%d1%84%d0%be%d0%bb%d0%ba%d0%bb%d0%be%d1%80-%d0%b2-%d0%b2%d0%b5%d1%82%d1%85%d0%be%d0%bc-%d0%b7%d0%b0%d0%b2%d0%b5%d1%82%d0%b5\/#primaryimage\",\"url\":\"https:\/\/skaitytaknyga.lt\/wp-content\/uploads\/2024\/05\/folklor-v-vetkhom-zavete-frezer-dzh.jpg\",\"contentUrl\":\"https:\/\/skaitytaknyga.lt\/wp-content\/uploads\/2024\/05\/folklor-v-vetkhom-zavete-frezer-dzh.jpg\",\"width\":256,\"height\":256},{\"@type\":\"BreadcrumbList\",\"@id\":\"https:\/\/skaitytaknyga.lt\/produktas\/%d1%84%d0%be%d0%bb%d0%ba%d0%bb%d0%be%d1%80-%d0%b2-%d0%b2%d0%b5%d1%82%d1%85%d0%be%d0%bc-%d0%b7%d0%b0%d0%b2%d0%b5%d1%82%d0%b5\/#breadcrumb\",\"itemListElement\":[{\"@type\":\"ListItem\",\"position\":1,\"name\":\"Home\",\"item\":\"https:\/\/skaitytaknyga.lt\/\"},{\"@type\":\"ListItem\",\"position\":2,\"name\":\"Parduotuv\u0117\",\"item\":\"https:\/\/skaitytaknyga.lt\/knygu-parduotuve\/\"},{\"@type\":\"ListItem\",\"position\":3,\"name\":\"\u0424\u043e\u043b\u043a\u043b\u043e\u0440 \u0432 \u0432\u0435\u0442\u0445\u043e\u043c \u0437\u0430\u0432\u0435\u0442\u0435\"}]},{\"@type\":\"WebSite\",\"@id\":\"https:\/\/skaitytaknyga.lt\/#website\",\"url\":\"https:\/\/skaitytaknyga.lt\/\",\"name\":\"skaitytaknyga.lt\",\"description\":\"Skaitytaknyga.lt \u2013 tai ma\u017eas \u0161eimos verslas, kuris prasid\u0117jo nuo meil\u0117s knygoms ir siekio i\u0161gelb\u0117ti knygas nuo likimo prie konteinerio. Kas vienam nereikalingas daiktas \u2013 kitam lobis, o mes esame tarpininkai, kurie padeda abiems tapti laimingesniems ???? \u017dinome kaip nelengva i\u0161gyventi ma\u017eiems verslams, tad nuo \u0161iol, \u010dia rasite ir kit\u0173, ma\u017e\u0173 \u0161eim\u0173 versl\u0173, rank\u0173 darbo, dovan\u0173 sau ir artimiesiems.\",\"publisher\":{\"@id\":\"https:\/\/skaitytaknyga.lt\/#organization\"},\"potentialAction\":[{\"@type\":\"SearchAction\",\"target\":{\"@type\":\"EntryPoint\",\"urlTemplate\":\"https:\/\/skaitytaknyga.lt\/?s={search_term_string}\"},\"query-input\":{\"@type\":\"PropertyValueSpecification\",\"valueRequired\":true,\"valueName\":\"search_term_string\"}}],\"inLanguage\":\"en-GB\"},{\"@type\":\"Organization\",\"@id\":\"https:\/\/skaitytaknyga.lt\/#organization\",\"name\":\"skaitytaknyga.lt\",\"url\":\"https:\/\/skaitytaknyga.lt\/\",\"logo\":{\"@type\":\"ImageObject\",\"inLanguage\":\"en-GB\",\"@id\":\"https:\/\/skaitytaknyga.lt\/#\/schema\/logo\/image\/\",\"url\":\"https:\/\/skaitytaknyga.lt\/wp-content\/uploads\/2024\/05\/cropped-cropped-cropped-02_00843_jt3bggkj1j3HLc7SyY6rEUpg.jpeg\",\"contentUrl\":\"https:\/\/skaitytaknyga.lt\/wp-content\/uploads\/2024\/05\/cropped-cropped-cropped-02_00843_jt3bggkj1j3HLc7SyY6rEUpg.jpeg\",\"width\":1600,\"height\":1600,\"caption\":\"skaitytaknyga.lt\"},\"image\":{\"@id\":\"https:\/\/skaitytaknyga.lt\/#\/schema\/logo\/image\/\"},\"sameAs\":[\"https:\/\/www.facebook.com\/skaitytaknyga\/\"]}]}<\/script>\n<!-- \/ Yoast SEO plugin. -->","yoast_head_json":{"title":"\u0424\u043e\u043b\u043a\u043b\u043e\u0440 \u0432 \u0432\u0435\u0442\u0445\u043e\u043c \u0437\u0430\u0432\u0435\u0442\u0435 - Skaitytaknyga","description":"\u0412 \u044d\u0442\u043e\u0439 \u0440\u0430\u0431\u043e\u0442\u0435 \u0438\u0437\u0432\u0435\u0441\u0442\u043d\u043e\u0433\u043e \u0430\u043d\u0433\u043b\u0438\u0439\u0441\u043a\u043e\u0433\u043e \u044d\u0442\u043d\u043e\u0433\u0440\u0430\u0444\u0430 \u0438 \u0438\u0441\u0442\u043e\u0440\u0438\u043a\u0430 \u0440\u0435\u043b\u0438\u0433\u0438\u0438 \u0414\u0436.\u0414\u0436.\u0424\u0440\u044d\u0437\u0435\u0440\u0430 \u043d\u0430 \u043e\u0433\u0440\u043e\u043c\u043d\u043e\u043c \u044d\u0442\u043d\u043e\u0433\u0440\u0430\u0444\u0438\u0447\u0435\u0441\u043a\u043e\u043c \u0438 \u0444\u043e\u043b\u044c\u043a\u043b\u043e\u0440\u043d\u043e\u043c \u043c\u0430\u0442\u0435\u0440\u0438\u0430\u043b\u0435 \u0432\u044b\u044f\u0432\u043b\u044f\u0435\u0442\u0441\u044f","robots":{"index":"index","follow":"follow","max-snippet":"max-snippet:-1","max-image-preview":"max-image-preview:large","max-video-preview":"max-video-preview:-1"},"canonical":"https:\/\/skaitytaknyga.lt\/en\/produktas\/\u0444\u043e\u043b\u043a\u043b\u043e\u0440-\u0432-\u0432\u0435\u0442\u0445\u043e\u043c-\u0437\u0430\u0432\u0435\u0442\u0435\/","og_locale":"en_GB","og_type":"article","og_title":"\u0424\u043e\u043b\u043a\u043b\u043e\u0440 \u0432 \u0432\u0435\u0442\u0445\u043e\u043c \u0437\u0430\u0432\u0435\u0442\u0435 - Skaitytaknyga","og_description":"\u0412 \u044d\u0442\u043e\u0439 \u0440\u0430\u0431\u043e\u0442\u0435 \u0438\u0437\u0432\u0435\u0441\u0442\u043d\u043e\u0433\u043e \u0430\u043d\u0433\u043b\u0438\u0439\u0441\u043a\u043e\u0433\u043e \u044d\u0442\u043d\u043e\u0433\u0440\u0430\u0444\u0430 \u0438 \u0438\u0441\u0442\u043e\u0440\u0438\u043a\u0430 \u0440\u0435\u043b\u0438\u0433\u0438\u0438 \u0414\u0436.\u0414\u0436.\u0424\u0440\u044d\u0437\u0435\u0440\u0430 \u043d\u0430 \u043e\u0433\u0440\u043e\u043c\u043d\u043e\u043c \u044d\u0442\u043d\u043e\u0433\u0440\u0430\u0444\u0438\u0447\u0435\u0441\u043a\u043e\u043c \u0438 \u0444\u043e\u043b\u044c\u043a\u043b\u043e\u0440\u043d\u043e\u043c \u043c\u0430\u0442\u0435\u0440\u0438\u0430\u043b\u0435 \u0432\u044b\u044f\u0432\u043b\u044f\u0435\u0442\u0441\u044f","og_url":"https:\/\/skaitytaknyga.lt\/en\/produktas\/\u0444\u043e\u043b\u043a\u043b\u043e\u0440-\u0432-\u0432\u0435\u0442\u0445\u043e\u043c-\u0437\u0430\u0432\u0435\u0442\u0435\/","og_site_name":"Skaitytaknyga","article_publisher":"https:\/\/www.facebook.com\/skaitytaknyga\/","article_modified_time":"2024-10-26T20:29:17+00:00","og_image":[{"width":256,"height":256,"url":"https:\/\/skaitytaknyga.lt\/wp-content\/uploads\/2024\/05\/folklor-v-vetkhom-zavete-frezer-dzh.jpg","type":"image\/jpeg"}],"twitter_card":"summary_large_image","schema":{"@context":"https:\/\/schema.org","@graph":[{"@type":"WebPage","@id":"https:\/\/skaitytaknyga.lt\/produktas\/%d1%84%d0%be%d0%bb%d0%ba%d0%bb%d0%be%d1%80-%d0%b2-%d0%b2%d0%b5%d1%82%d1%85%d0%be%d0%bc-%d0%b7%d0%b0%d0%b2%d0%b5%d1%82%d0%b5\/","url":"https:\/\/skaitytaknyga.lt\/produktas\/%d1%84%d0%be%d0%bb%d0%ba%d0%bb%d0%be%d1%80-%d0%b2-%d0%b2%d0%b5%d1%82%d1%85%d0%be%d0%bc-%d0%b7%d0%b0%d0%b2%d0%b5%d1%82%d0%b5\/","name":"\u0424\u043e\u043b\u043a\u043b\u043e\u0440 \u0432 \u0432\u0435\u0442\u0445\u043e\u043c \u0437\u0430\u0432\u0435\u0442\u0435 - Skaitytaknyga","isPartOf":{"@id":"https:\/\/skaitytaknyga.lt\/#website"},"primaryImageOfPage":{"@id":"https:\/\/skaitytaknyga.lt\/produktas\/%d1%84%d0%be%d0%bb%d0%ba%d0%bb%d0%be%d1%80-%d0%b2-%d0%b2%d0%b5%d1%82%d1%85%d0%be%d0%bc-%d0%b7%d0%b0%d0%b2%d0%b5%d1%82%d0%b5\/#primaryimage"},"image":{"@id":"https:\/\/skaitytaknyga.lt\/produktas\/%d1%84%d0%be%d0%bb%d0%ba%d0%bb%d0%be%d1%80-%d0%b2-%d0%b2%d0%b5%d1%82%d1%85%d0%be%d0%bc-%d0%b7%d0%b0%d0%b2%d0%b5%d1%82%d0%b5\/#primaryimage"},"thumbnailUrl":"https:\/\/skaitytaknyga.lt\/wp-content\/uploads\/2024\/05\/folklor-v-vetkhom-zavete-frezer-dzh.jpg","datePublished":"2024-05-04T19:45:23+00:00","dateModified":"2024-10-26T20:29:17+00:00","description":"\u0412 \u044d\u0442\u043e\u0439 \u0440\u0430\u0431\u043e\u0442\u0435 \u0438\u0437\u0432\u0435\u0441\u0442\u043d\u043e\u0433\u043e \u0430\u043d\u0433\u043b\u0438\u0439\u0441\u043a\u043e\u0433\u043e \u044d\u0442\u043d\u043e\u0433\u0440\u0430\u0444\u0430 \u0438 \u0438\u0441\u0442\u043e\u0440\u0438\u043a\u0430 \u0440\u0435\u043b\u0438\u0433\u0438\u0438 \u0414\u0436.\u0414\u0436.\u0424\u0440\u044d\u0437\u0435\u0440\u0430 \u043d\u0430 \u043e\u0433\u0440\u043e\u043c\u043d\u043e\u043c \u044d\u0442\u043d\u043e\u0433\u0440\u0430\u0444\u0438\u0447\u0435\u0441\u043a\u043e\u043c \u0438 \u0444\u043e\u043b\u044c\u043a\u043b\u043e\u0440\u043d\u043e\u043c \u043c\u0430\u0442\u0435\u0440\u0438\u0430\u043b\u0435 \u0432\u044b\u044f\u0432\u043b\u044f\u0435\u0442\u0441\u044f","breadcrumb":{"@id":"https:\/\/skaitytaknyga.lt\/produktas\/%d1%84%d0%be%d0%bb%d0%ba%d0%bb%d0%be%d1%80-%d0%b2-%d0%b2%d0%b5%d1%82%d1%85%d0%be%d0%bc-%d0%b7%d0%b0%d0%b2%d0%b5%d1%82%d0%b5\/#breadcrumb"},"inLanguage":"en-GB","potentialAction":[{"@type":"ReadAction","target":["https:\/\/skaitytaknyga.lt\/produktas\/%d1%84%d0%be%d0%bb%d0%ba%d0%bb%d0%be%d1%80-%d0%b2-%d0%b2%d0%b5%d1%82%d1%85%d0%be%d0%bc-%d0%b7%d0%b0%d0%b2%d0%b5%d1%82%d0%b5\/"]}]},{"@type":"ImageObject","inLanguage":"en-GB","@id":"https:\/\/skaitytaknyga.lt\/produktas\/%d1%84%d0%be%d0%bb%d0%ba%d0%bb%d0%be%d1%80-%d0%b2-%d0%b2%d0%b5%d1%82%d1%85%d0%be%d0%bc-%d0%b7%d0%b0%d0%b2%d0%b5%d1%82%d0%b5\/#primaryimage","url":"https:\/\/skaitytaknyga.lt\/wp-content\/uploads\/2024\/05\/folklor-v-vetkhom-zavete-frezer-dzh.jpg","contentUrl":"https:\/\/skaitytaknyga.lt\/wp-content\/uploads\/2024\/05\/folklor-v-vetkhom-zavete-frezer-dzh.jpg","width":256,"height":256},{"@type":"BreadcrumbList","@id":"https:\/\/skaitytaknyga.lt\/produktas\/%d1%84%d0%be%d0%bb%d0%ba%d0%bb%d0%be%d1%80-%d0%b2-%d0%b2%d0%b5%d1%82%d1%85%d0%be%d0%bc-%d0%b7%d0%b0%d0%b2%d0%b5%d1%82%d0%b5\/#breadcrumb","itemListElement":[{"@type":"ListItem","position":1,"name":"Home","item":"https:\/\/skaitytaknyga.lt\/"},{"@type":"ListItem","position":2,"name":"Parduotuv\u0117","item":"https:\/\/skaitytaknyga.lt\/knygu-parduotuve\/"},{"@type":"ListItem","position":3,"name":"\u0424\u043e\u043b\u043a\u043b\u043e\u0440 \u0432 \u0432\u0435\u0442\u0445\u043e\u043c \u0437\u0430\u0432\u0435\u0442\u0435"}]},{"@type":"WebSite","@id":"https:\/\/skaitytaknyga.lt\/#website","url":"https:\/\/skaitytaknyga.lt\/","name":"skaitytaknyga.lt","description":"Skaitytaknyga.lt \u2013 tai ma\u017eas \u0161eimos verslas, kuris prasid\u0117jo nuo meil\u0117s knygoms ir siekio i\u0161gelb\u0117ti knygas nuo likimo prie konteinerio. Kas vienam nereikalingas daiktas \u2013 kitam lobis, o mes esame tarpininkai, kurie padeda abiems tapti laimingesniems ???? \u017dinome kaip nelengva i\u0161gyventi ma\u017eiems verslams, tad nuo \u0161iol, \u010dia rasite ir kit\u0173, ma\u017e\u0173 \u0161eim\u0173 versl\u0173, rank\u0173 darbo, dovan\u0173 sau ir artimiesiems.","publisher":{"@id":"https:\/\/skaitytaknyga.lt\/#organization"},"potentialAction":[{"@type":"SearchAction","target":{"@type":"EntryPoint","urlTemplate":"https:\/\/skaitytaknyga.lt\/?s={search_term_string}"},"query-input":{"@type":"PropertyValueSpecification","valueRequired":true,"valueName":"search_term_string"}}],"inLanguage":"en-GB"},{"@type":"Organization","@id":"https:\/\/skaitytaknyga.lt\/#organization","name":"skaitytaknyga.lt","url":"https:\/\/skaitytaknyga.lt\/","logo":{"@type":"ImageObject","inLanguage":"en-GB","@id":"https:\/\/skaitytaknyga.lt\/#\/schema\/logo\/image\/","url":"https:\/\/skaitytaknyga.lt\/wp-content\/uploads\/2024\/05\/cropped-cropped-cropped-02_00843_jt3bggkj1j3HLc7SyY6rEUpg.jpeg","contentUrl":"https:\/\/skaitytaknyga.lt\/wp-content\/uploads\/2024\/05\/cropped-cropped-cropped-02_00843_jt3bggkj1j3HLc7SyY6rEUpg.jpeg","width":1600,"height":1600,"caption":"skaitytaknyga.lt"},"image":{"@id":"https:\/\/skaitytaknyga.lt\/#\/schema\/logo\/image\/"},"sameAs":["https:\/\/www.facebook.com\/skaitytaknyga\/"]}]}},"_links":{"self":[{"href":"https:\/\/skaitytaknyga.lt\/en\/wp-json\/wp\/v2\/product\/11458","targetHints":{"allow":["GET"]}}],"collection":[{"href":"https:\/\/skaitytaknyga.lt\/en\/wp-json\/wp\/v2\/product"}],"about":[{"href":"https:\/\/skaitytaknyga.lt\/en\/wp-json\/wp\/v2\/types\/product"}],"replies":[{"embeddable":true,"href":"https:\/\/skaitytaknyga.lt\/en\/wp-json\/wp\/v2\/comments?post=11458"}],"wp:featuredmedia":[{"embeddable":true,"href":"https:\/\/skaitytaknyga.lt\/en\/wp-json\/wp\/v2\/media\/11496"}],"wp:attachment":[{"href":"https:\/\/skaitytaknyga.lt\/en\/wp-json\/wp\/v2\/media?parent=11458"}],"wp:term":[{"taxonomy":"product_brand","embeddable":true,"href":"https:\/\/skaitytaknyga.lt\/en\/wp-json\/wp\/v2\/product_brand?post=11458"},{"taxonomy":"product_cat","embeddable":true,"href":"https:\/\/skaitytaknyga.lt\/en\/wp-json\/wp\/v2\/product_cat?post=11458"},{"taxonomy":"product_tag","embeddable":true,"href":"https:\/\/skaitytaknyga.lt\/en\/wp-json\/wp\/v2\/product_tag?post=11458"}],"curies":[{"name":"wp","href":"https:\/\/api.w.org\/{rel}","templated":true}]}}