{"id":11452,"date":"2024-05-04T19:44:57","date_gmt":"2024-05-04T19:44:57","guid":{"rendered":"https:\/\/skaitytaknyga.lt\/?post_type=product&#038;p=11452"},"modified":"2026-03-18T13:15:54","modified_gmt":"2026-03-18T11:15:54","slug":"aleksandras-zarskus-mityba-virsminiu-laikotarpiu","status":"publish","type":"product","link":"https:\/\/skaitytaknyga.lt\/en\/produktas\/aleksandras-zarskus-mityba-virsminiu-laikotarpiu\/","title":{"rendered":"Aleksandras \u017darskus \u201eMityba virsminiu laikotarpiu\u201c"},"content":{"rendered":"<p>&#8230; Norime skaniai ir daug valgyti \u2013 mus vilioja prekybos centrai, pilni gard\u017eiausi\u0173 valgi\u0173. Norime sveikatos be pastang\u0173 \u2013 mums si\u016blo moderniausias medicinos paslaugas, gausyb\u0119 vaist\u0173 bei maisto papild\u0173.<\/p>\n<p>Si\u016blo tai, ko norime, \u2013 tod\u0117l taip sunku patik\u0117ti, jog mums meluoja. Valgome daug ir skaniai, ta\u010diau ne tiek, kiek reikia, ne to, ko reikia, ir ne taip, kaip reikia.<\/p>\n<p>Suvartojame vis daugiau ne tik maisto ir jo papild\u0173, bet ir vaist\u0173, ta\u010diau lig\u0173 vis daug\u0117ja. Pamir\u0161ome, kad ne vien duona \u017emogus gyvas. Ir vartojame \u2013 kuo toliau, tuo daugiau. Patogu ir malonu.<\/p>\n<p>Ta\u010diau kaip da\u017enai patogumai virsta nepatogumais, o malonumai nemalonumais! K\u0105 daryti ir kaip gyventi tokiomis sud\u0117tingomis pasaul\u0117\u017ei\u016brin\u0117s kriz\u0117s s\u0105lygomis? Apie tai ir ra\u0161oma \u0161ioje knygel\u0117je. Ta\u010diau pirmiausiai nagrin\u0117jami klausimai, susij\u0119 su mitybos filosofija &#8230;<\/p>\n","protected":false},"excerpt":{"rendered":"<p>\u201e\u0160eimos gydytojo vadovas\u201c buvo pirmoji \u0161eimos gydytojams skirta knyga, kurioje, atsi\u017evelgus \u012f \u0161ios specialyb\u0117s savitum\u0105, buvo apra\u0161ytos da\u017eniausiai \u0161eimos gydytojo praktikoje pasitaikan\u010dios ligos. Kadangi knyga dav\u0117 naudos ir \u0161eimos gydytojams praktikams, ir medicinos studentams, imtasi iniciatyvos ir paruo\u0161tas antrasis \u201e\u0160eimos gydytojo vadovo\u201c leidimas.<\/p>\n<p>Jame taip pat gausu reikalingos \u0161eimos gydytojui sistemingos ir apibendrintos informacijos, ta\u010diau praktiniai dalykai, diagnostika ir gydymas pateikti pagal naujausias pasaulio medicinos ir Lietuvos sveikatos apsaugos ministerijos metodikas ir rekomendacijas.<\/p>\n","protected":false},"featured_media":11495,"comment_status":"closed","ping_status":"closed","template":"","meta":{"_acf_changed":false,"site-sidebar-layout":"default","site-content-layout":"","ast-site-content-layout":"default","site-content-style":"default","site-sidebar-style":"default","ast-global-header-display":"","ast-banner-title-visibility":"","ast-main-header-display":"","ast-hfb-above-header-display":"","ast-hfb-below-header-display":"","ast-hfb-mobile-header-display":"","site-post-title":"","ast-breadcrumbs-content":"","ast-featured-img":"","footer-sml-layout":"","ast-disable-related-posts":"","theme-transparent-header-meta":"","adv-header-id-meta":"","stick-header-meta":"","header-above-stick-meta":"","header-main-stick-meta":"","header-below-stick-meta":"","astra-migrate-meta-layouts":"default","ast-page-background-enabled":"default","ast-page-background-meta":{"desktop":{"background-color":"","background-image":"","background-repeat":"repeat","background-position":"center center","background-size":"auto","background-attachment":"scroll","background-type":"","background-media":"","overlay-type":"","overlay-color":"","overlay-opacity":"","overlay-gradient":""},"tablet":{"background-color":"","background-image":"","background-repeat":"repeat","background-position":"center center","background-size":"auto","background-attachment":"scroll","background-type":"","background-media":"","overlay-type":"","overlay-color":"","overlay-opacity":"","overlay-gradient":""},"mobile":{"background-color":"","background-image":"","background-repeat":"repeat","background-position":"center center","background-size":"auto","background-attachment":"scroll","background-type":"","background-media":"","overlay-type":"","overlay-color":"","overlay-opacity":"","overlay-gradient":""}},"ast-content-background-meta":{"desktop":{"background-color":"var(--ast-global-color-4)","background-image":"","background-repeat":"repeat","background-position":"center center","background-size":"auto","background-attachment":"scroll","background-type":"","background-media":"","overlay-type":"","overlay-color":"","overlay-opacity":"","overlay-gradient":""},"tablet":{"background-color":"var(--ast-global-color-4)","background-image":"","background-repeat":"repeat","background-position":"center center","background-size":"auto","background-attachment":"scroll","background-type":"","background-media":"","overlay-type":"","overlay-color":"","overlay-opacity":"","overlay-gradient":""},"mobile":{"background-color":"var(--ast-global-color-4)","background-image":"","background-repeat":"repeat","background-position":"center center","background-size":"auto","background-attachment":"scroll","background-type":"","background-media":"","overlay-type":"","overlay-color":"","overlay-opacity":"","overlay-gradient":""}}},"product_brand":[],"product_cat":[9854,269,165,55],"product_tag":[],"class_list":{"0":"post-11452","1":"product","2":"type-product","3":"status-publish","4":"has-post-thumbnail","6":"product_cat-medicina","7":"product_cat-gamtos-mokslai","8":"product_cat-religija-filosofija-ir-ezoterika","9":"product_cat-sveikata-ir-sveika-mityba","10":"pa_leidimo-metai-766","11":"desktop-align-left","12":"tablet-align-left","13":"mobile-align-left","15":"first","16":"instock","17":"shipping-taxable","18":"purchasable","19":"product-type-simple"},"acf":[],"yoast_head":"<!-- This site is optimized with the Yoast SEO plugin v27.0 - https:\/\/yoast.com\/product\/yoast-seo-wordpress\/ -->\n<title>Aleksandras \u017darskus \u201eMityba virsminiu laikotarpiu\u201c<\/title>\n<meta name=\"description\" content=\"\u201e\u0160eimos gydytojo vadovas\u201c buvo pirmoji \u0161eimos gydytojams skirta knyga, kurioje, atsi\u017evelgus \u012f \u0161ios specialyb\u0117s savitum\u0105, buvo apra\u0161ytos da\u017eniausiai \u0161eimos gydytojo praktikoje pasitaikan\u010dios ligos. Kadangi knyga dav\u0117 naudos ir \u0161eimos gydytojams praktikams, ir medicinos studentams, imtasi iniciatyvos ir paruo\u0161tas antrasis \u201e\u0160eimos gydytojo vadovo\u201c leidimas.  Jame taip pat gausu reikalingos \u0161eimos gydytojui sistemingos ir apibendrintos informacijos, ta\u010diau praktiniai dalykai, diagnostika ir gydymas pateikti pagal naujausias pasaulio medicinos ir Lietuvos sveikatos apsaugos ministerijos metodikas ir rekomendacijas.\" \/>\n<meta name=\"robots\" content=\"index, follow, max-snippet:-1, max-image-preview:large, max-video-preview:-1\" \/>\n<link rel=\"canonical\" href=\"https:\/\/skaitytaknyga.lt\/en\/produktas\/aleksandras-zarskus-mityba-virsminiu-laikotarpiu\/\" \/>\n<meta property=\"og:locale\" content=\"en_GB\" \/>\n<meta property=\"og:locale:alternate\" content=\"lt_LT\" \/>\n<meta property=\"og:type\" content=\"article\" \/>\n<meta property=\"og:title\" content=\"Aleksandras \u017darskus \u201eMityba virsminiu laikotarpiu\u201c\" \/>\n<meta property=\"og:description\" content=\"\u201e\u0160eimos gydytojo vadovas\u201c buvo pirmoji \u0161eimos gydytojams skirta knyga, kurioje, atsi\u017evelgus \u012f \u0161ios specialyb\u0117s savitum\u0105, buvo apra\u0161ytos da\u017eniausiai \u0161eimos gydytojo praktikoje pasitaikan\u010dios ligos. Kadangi knyga dav\u0117 naudos ir \u0161eimos gydytojams praktikams, ir medicinos studentams, imtasi iniciatyvos ir paruo\u0161tas antrasis \u201e\u0160eimos gydytojo vadovo\u201c leidimas.  Jame taip pat gausu reikalingos \u0161eimos gydytojui sistemingos ir apibendrintos informacijos, ta\u010diau praktiniai dalykai, diagnostika ir gydymas pateikti pagal naujausias pasaulio medicinos ir Lietuvos sveikatos apsaugos ministerijos metodikas ir rekomendacijas.\" \/>\n<meta property=\"og:url\" content=\"https:\/\/skaitytaknyga.lt\/en\/produktas\/aleksandras-zarskus-mityba-virsminiu-laikotarpiu\/\" \/>\n<meta property=\"og:site_name\" content=\"Skaitytaknyga\" \/>\n<meta property=\"article:publisher\" content=\"https:\/\/www.facebook.com\/skaitytaknyga\/\" \/>\n<meta property=\"article:modified_time\" content=\"2026-03-18T11:15:54+00:00\" \/>\n<meta property=\"og:image\" content=\"https:\/\/skaitytaknyga.lt\/wp-content\/uploads\/2024\/05\/mityba-virsminiu-laikotarpiu-nuo-fizinio-link-dvasinio-maisto-1-e1699085942153.jpg\" \/>\n\t<meta property=\"og:image:width\" content=\"640\" \/>\n\t<meta property=\"og:image:height\" content=\"1078\" \/>\n\t<meta property=\"og:image:type\" content=\"image\/jpeg\" \/>\n<meta name=\"twitter:card\" content=\"summary_large_image\" \/>\n<meta name=\"twitter:label1\" content=\"Estimated reading time\" \/>\n\t<meta name=\"twitter:data1\" content=\"1 minute\" \/>\n<script type=\"application\/ld+json\" class=\"yoast-schema-graph\">{\"@context\":\"https:\/\/schema.org\",\"@graph\":[{\"@type\":\"WebPage\",\"@id\":\"https:\/\/skaitytaknyga.lt\/produktas\/aleksandras-zarskus-mityba-virsminiu-laikotarpiu\/\",\"url\":\"https:\/\/skaitytaknyga.lt\/produktas\/aleksandras-zarskus-mityba-virsminiu-laikotarpiu\/\",\"name\":\"Aleksandras \u017darskus \u201eMityba virsminiu laikotarpiu\u201c\",\"isPartOf\":{\"@id\":\"https:\/\/skaitytaknyga.lt\/#website\"},\"primaryImageOfPage\":{\"@id\":\"https:\/\/skaitytaknyga.lt\/produktas\/aleksandras-zarskus-mityba-virsminiu-laikotarpiu\/#primaryimage\"},\"image\":{\"@id\":\"https:\/\/skaitytaknyga.lt\/produktas\/aleksandras-zarskus-mityba-virsminiu-laikotarpiu\/#primaryimage\"},\"thumbnailUrl\":\"https:\/\/skaitytaknyga.lt\/wp-content\/uploads\/2024\/05\/mityba-virsminiu-laikotarpiu-nuo-fizinio-link-dvasinio-maisto-1-e1699085942153.jpg\",\"datePublished\":\"2024-05-04T19:44:57+00:00\",\"dateModified\":\"2026-03-18T11:15:54+00:00\",\"description\":\"\u201e\u0160eimos gydytojo vadovas\u201c buvo pirmoji \u0161eimos gydytojams skirta knyga, kurioje, atsi\u017evelgus \u012f \u0161ios specialyb\u0117s savitum\u0105, buvo apra\u0161ytos da\u017eniausiai \u0161eimos gydytojo praktikoje pasitaikan\u010dios ligos. Kadangi knyga dav\u0117 naudos ir \u0161eimos gydytojams praktikams, ir medicinos studentams, imtasi iniciatyvos ir paruo\u0161tas antrasis \u201e\u0160eimos gydytojo vadovo\u201c leidimas. Jame taip pat gausu reikalingos \u0161eimos gydytojui sistemingos ir apibendrintos informacijos, ta\u010diau praktiniai dalykai, diagnostika ir gydymas pateikti pagal naujausias pasaulio medicinos ir Lietuvos sveikatos apsaugos ministerijos metodikas ir rekomendacijas.\",\"breadcrumb\":{\"@id\":\"https:\/\/skaitytaknyga.lt\/produktas\/aleksandras-zarskus-mityba-virsminiu-laikotarpiu\/#breadcrumb\"},\"inLanguage\":\"en-GB\",\"potentialAction\":[{\"@type\":\"ReadAction\",\"target\":[\"https:\/\/skaitytaknyga.lt\/produktas\/aleksandras-zarskus-mityba-virsminiu-laikotarpiu\/\"]}]},{\"@type\":\"ImageObject\",\"inLanguage\":\"en-GB\",\"@id\":\"https:\/\/skaitytaknyga.lt\/produktas\/aleksandras-zarskus-mityba-virsminiu-laikotarpiu\/#primaryimage\",\"url\":\"https:\/\/skaitytaknyga.lt\/wp-content\/uploads\/2024\/05\/mityba-virsminiu-laikotarpiu-nuo-fizinio-link-dvasinio-maisto-1-e1699085942153.jpg\",\"contentUrl\":\"https:\/\/skaitytaknyga.lt\/wp-content\/uploads\/2024\/05\/mityba-virsminiu-laikotarpiu-nuo-fizinio-link-dvasinio-maisto-1-e1699085942153.jpg\",\"width\":640,\"height\":1078},{\"@type\":\"BreadcrumbList\",\"@id\":\"https:\/\/skaitytaknyga.lt\/produktas\/aleksandras-zarskus-mityba-virsminiu-laikotarpiu\/#breadcrumb\",\"itemListElement\":[{\"@type\":\"ListItem\",\"position\":1,\"name\":\"Home\",\"item\":\"https:\/\/skaitytaknyga.lt\/\"},{\"@type\":\"ListItem\",\"position\":2,\"name\":\"Parduotuv\u0117\",\"item\":\"https:\/\/skaitytaknyga.lt\/knygu-parduotuve\/\"},{\"@type\":\"ListItem\",\"position\":3,\"name\":\"Aleksandras \u017darskus \u201eMityba virsminiu laikotarpiu\u201c\"}]},{\"@type\":\"WebSite\",\"@id\":\"https:\/\/skaitytaknyga.lt\/#website\",\"url\":\"https:\/\/skaitytaknyga.lt\/\",\"name\":\"skaitytaknyga.lt\",\"description\":\"Skaitytaknyga.lt \u2013 tai ma\u017eas \u0161eimos verslas, kuris prasid\u0117jo nuo meil\u0117s knygoms ir siekio i\u0161gelb\u0117ti knygas nuo likimo prie konteinerio. Kas vienam nereikalingas daiktas \u2013 kitam lobis, o mes esame tarpininkai, kurie padeda abiems tapti laimingesniems ???? \u017dinome kaip nelengva i\u0161gyventi ma\u017eiems verslams, tad nuo \u0161iol, \u010dia rasite ir kit\u0173, ma\u017e\u0173 \u0161eim\u0173 versl\u0173, rank\u0173 darbo, dovan\u0173 sau ir artimiesiems.\",\"publisher\":{\"@id\":\"https:\/\/skaitytaknyga.lt\/#organization\"},\"potentialAction\":[{\"@type\":\"SearchAction\",\"target\":{\"@type\":\"EntryPoint\",\"urlTemplate\":\"https:\/\/skaitytaknyga.lt\/?s={search_term_string}\"},\"query-input\":{\"@type\":\"PropertyValueSpecification\",\"valueRequired\":true,\"valueName\":\"search_term_string\"}}],\"inLanguage\":\"en-GB\"},{\"@type\":\"Organization\",\"@id\":\"https:\/\/skaitytaknyga.lt\/#organization\",\"name\":\"skaitytaknyga.lt\",\"url\":\"https:\/\/skaitytaknyga.lt\/\",\"logo\":{\"@type\":\"ImageObject\",\"inLanguage\":\"en-GB\",\"@id\":\"https:\/\/skaitytaknyga.lt\/#\/schema\/logo\/image\/\",\"url\":\"https:\/\/skaitytaknyga.lt\/wp-content\/uploads\/2024\/05\/cropped-cropped-cropped-02_00843_jt3bggkj1j3HLc7SyY6rEUpg.jpeg\",\"contentUrl\":\"https:\/\/skaitytaknyga.lt\/wp-content\/uploads\/2024\/05\/cropped-cropped-cropped-02_00843_jt3bggkj1j3HLc7SyY6rEUpg.jpeg\",\"width\":1600,\"height\":1600,\"caption\":\"skaitytaknyga.lt\"},\"image\":{\"@id\":\"https:\/\/skaitytaknyga.lt\/#\/schema\/logo\/image\/\"},\"sameAs\":[\"https:\/\/www.facebook.com\/skaitytaknyga\/\"]}]}<\/script>\n<!-- \/ Yoast SEO plugin. -->","yoast_head_json":{"title":"Aleksandras \u017darskus \u201eMityba virsminiu laikotarpiu\u201c","description":"\u201e\u0160eimos gydytojo vadovas\u201c buvo pirmoji \u0161eimos gydytojams skirta knyga, kurioje, atsi\u017evelgus \u012f \u0161ios specialyb\u0117s savitum\u0105, buvo apra\u0161ytos da\u017eniausiai \u0161eimos gydytojo praktikoje pasitaikan\u010dios ligos. Kadangi knyga dav\u0117 naudos ir \u0161eimos gydytojams praktikams, ir medicinos studentams, imtasi iniciatyvos ir paruo\u0161tas antrasis \u201e\u0160eimos gydytojo vadovo\u201c leidimas.  Jame taip pat gausu reikalingos \u0161eimos gydytojui sistemingos ir apibendrintos informacijos, ta\u010diau praktiniai dalykai, diagnostika ir gydymas pateikti pagal naujausias pasaulio medicinos ir Lietuvos sveikatos apsaugos ministerijos metodikas ir rekomendacijas.","robots":{"index":"index","follow":"follow","max-snippet":"max-snippet:-1","max-image-preview":"max-image-preview:large","max-video-preview":"max-video-preview:-1"},"canonical":"https:\/\/skaitytaknyga.lt\/en\/produktas\/aleksandras-zarskus-mityba-virsminiu-laikotarpiu\/","og_locale":"en_GB","og_type":"article","og_title":"[:lt]Aleksandras \u017darskus \u201eMityba virsminiu laikotarpiu\u201c[:] - Skaitytaknyga","og_description":"\u201e\u0160eimos gydytojo vadovas\u201c buvo pirmoji \u0161eimos gydytojams skirta knyga, kurioje, atsi\u017evelgus \u012f \u0161ios specialyb\u0117s savitum\u0105, buvo apra\u0161ytos da\u017eniausiai \u0161eimos gydytojo praktikoje pasitaikan\u010dios ligos. Kadangi knyga dav\u0117 naudos ir \u0161eimos gydytojams praktikams, ir medicinos studentams, imtasi iniciatyvos ir paruo\u0161tas antrasis \u201e\u0160eimos gydytojo vadovo\u201c leidimas.  Jame taip pat gausu reikalingos \u0161eimos gydytojui sistemingos ir apibendrintos informacijos, ta\u010diau praktiniai dalykai, diagnostika ir gydymas pateikti pagal naujausias pasaulio medicinos ir Lietuvos sveikatos apsaugos ministerijos metodikas ir rekomendacijas.","og_url":"https:\/\/skaitytaknyga.lt\/en\/produktas\/aleksandras-zarskus-mityba-virsminiu-laikotarpiu\/","og_site_name":"Skaitytaknyga","article_publisher":"https:\/\/www.facebook.com\/skaitytaknyga\/","article_modified_time":"2026-03-18T11:15:54+00:00","og_image":[{"width":640,"height":1078,"url":"https:\/\/skaitytaknyga.lt\/wp-content\/uploads\/2024\/05\/mityba-virsminiu-laikotarpiu-nuo-fizinio-link-dvasinio-maisto-1-e1699085942153.jpg","type":"image\/jpeg"}],"twitter_card":"summary_large_image","twitter_misc":{"Estimated reading time":"1 minute"},"schema":{"@context":"https:\/\/schema.org","@graph":[{"@type":"WebPage","@id":"https:\/\/skaitytaknyga.lt\/produktas\/aleksandras-zarskus-mityba-virsminiu-laikotarpiu\/","url":"https:\/\/skaitytaknyga.lt\/produktas\/aleksandras-zarskus-mityba-virsminiu-laikotarpiu\/","name":"Aleksandras \u017darskus \u201eMityba virsminiu laikotarpiu\u201c","isPartOf":{"@id":"https:\/\/skaitytaknyga.lt\/#website"},"primaryImageOfPage":{"@id":"https:\/\/skaitytaknyga.lt\/produktas\/aleksandras-zarskus-mityba-virsminiu-laikotarpiu\/#primaryimage"},"image":{"@id":"https:\/\/skaitytaknyga.lt\/produktas\/aleksandras-zarskus-mityba-virsminiu-laikotarpiu\/#primaryimage"},"thumbnailUrl":"https:\/\/skaitytaknyga.lt\/wp-content\/uploads\/2024\/05\/mityba-virsminiu-laikotarpiu-nuo-fizinio-link-dvasinio-maisto-1-e1699085942153.jpg","datePublished":"2024-05-04T19:44:57+00:00","dateModified":"2026-03-18T11:15:54+00:00","description":"\u201e\u0160eimos gydytojo vadovas\u201c buvo pirmoji \u0161eimos gydytojams skirta knyga, kurioje, atsi\u017evelgus \u012f \u0161ios specialyb\u0117s savitum\u0105, buvo apra\u0161ytos da\u017eniausiai \u0161eimos gydytojo praktikoje pasitaikan\u010dios ligos. Kadangi knyga dav\u0117 naudos ir \u0161eimos gydytojams praktikams, ir medicinos studentams, imtasi iniciatyvos ir paruo\u0161tas antrasis \u201e\u0160eimos gydytojo vadovo\u201c leidimas. Jame taip pat gausu reikalingos \u0161eimos gydytojui sistemingos ir apibendrintos informacijos, ta\u010diau praktiniai dalykai, diagnostika ir gydymas pateikti pagal naujausias pasaulio medicinos ir Lietuvos sveikatos apsaugos ministerijos metodikas ir rekomendacijas.","breadcrumb":{"@id":"https:\/\/skaitytaknyga.lt\/produktas\/aleksandras-zarskus-mityba-virsminiu-laikotarpiu\/#breadcrumb"},"inLanguage":"en-GB","potentialAction":[{"@type":"ReadAction","target":["https:\/\/skaitytaknyga.lt\/produktas\/aleksandras-zarskus-mityba-virsminiu-laikotarpiu\/"]}]},{"@type":"ImageObject","inLanguage":"en-GB","@id":"https:\/\/skaitytaknyga.lt\/produktas\/aleksandras-zarskus-mityba-virsminiu-laikotarpiu\/#primaryimage","url":"https:\/\/skaitytaknyga.lt\/wp-content\/uploads\/2024\/05\/mityba-virsminiu-laikotarpiu-nuo-fizinio-link-dvasinio-maisto-1-e1699085942153.jpg","contentUrl":"https:\/\/skaitytaknyga.lt\/wp-content\/uploads\/2024\/05\/mityba-virsminiu-laikotarpiu-nuo-fizinio-link-dvasinio-maisto-1-e1699085942153.jpg","width":640,"height":1078},{"@type":"BreadcrumbList","@id":"https:\/\/skaitytaknyga.lt\/produktas\/aleksandras-zarskus-mityba-virsminiu-laikotarpiu\/#breadcrumb","itemListElement":[{"@type":"ListItem","position":1,"name":"Home","item":"https:\/\/skaitytaknyga.lt\/"},{"@type":"ListItem","position":2,"name":"Parduotuv\u0117","item":"https:\/\/skaitytaknyga.lt\/knygu-parduotuve\/"},{"@type":"ListItem","position":3,"name":"Aleksandras \u017darskus \u201eMityba virsminiu laikotarpiu\u201c"}]},{"@type":"WebSite","@id":"https:\/\/skaitytaknyga.lt\/#website","url":"https:\/\/skaitytaknyga.lt\/","name":"skaitytaknyga.lt","description":"Skaitytaknyga.lt \u2013 tai ma\u017eas \u0161eimos verslas, kuris prasid\u0117jo nuo meil\u0117s knygoms ir siekio i\u0161gelb\u0117ti knygas nuo likimo prie konteinerio. Kas vienam nereikalingas daiktas \u2013 kitam lobis, o mes esame tarpininkai, kurie padeda abiems tapti laimingesniems ???? \u017dinome kaip nelengva i\u0161gyventi ma\u017eiems verslams, tad nuo \u0161iol, \u010dia rasite ir kit\u0173, ma\u017e\u0173 \u0161eim\u0173 versl\u0173, rank\u0173 darbo, dovan\u0173 sau ir artimiesiems.","publisher":{"@id":"https:\/\/skaitytaknyga.lt\/#organization"},"potentialAction":[{"@type":"SearchAction","target":{"@type":"EntryPoint","urlTemplate":"https:\/\/skaitytaknyga.lt\/?s={search_term_string}"},"query-input":{"@type":"PropertyValueSpecification","valueRequired":true,"valueName":"search_term_string"}}],"inLanguage":"en-GB"},{"@type":"Organization","@id":"https:\/\/skaitytaknyga.lt\/#organization","name":"skaitytaknyga.lt","url":"https:\/\/skaitytaknyga.lt\/","logo":{"@type":"ImageObject","inLanguage":"en-GB","@id":"https:\/\/skaitytaknyga.lt\/#\/schema\/logo\/image\/","url":"https:\/\/skaitytaknyga.lt\/wp-content\/uploads\/2024\/05\/cropped-cropped-cropped-02_00843_jt3bggkj1j3HLc7SyY6rEUpg.jpeg","contentUrl":"https:\/\/skaitytaknyga.lt\/wp-content\/uploads\/2024\/05\/cropped-cropped-cropped-02_00843_jt3bggkj1j3HLc7SyY6rEUpg.jpeg","width":1600,"height":1600,"caption":"skaitytaknyga.lt"},"image":{"@id":"https:\/\/skaitytaknyga.lt\/#\/schema\/logo\/image\/"},"sameAs":["https:\/\/www.facebook.com\/skaitytaknyga\/"]}]}},"_links":{"self":[{"href":"https:\/\/skaitytaknyga.lt\/en\/wp-json\/wp\/v2\/product\/11452","targetHints":{"allow":["GET"]}}],"collection":[{"href":"https:\/\/skaitytaknyga.lt\/en\/wp-json\/wp\/v2\/product"}],"about":[{"href":"https:\/\/skaitytaknyga.lt\/en\/wp-json\/wp\/v2\/types\/product"}],"replies":[{"embeddable":true,"href":"https:\/\/skaitytaknyga.lt\/en\/wp-json\/wp\/v2\/comments?post=11452"}],"wp:featuredmedia":[{"embeddable":true,"href":"https:\/\/skaitytaknyga.lt\/en\/wp-json\/wp\/v2\/media\/11495"}],"wp:attachment":[{"href":"https:\/\/skaitytaknyga.lt\/en\/wp-json\/wp\/v2\/media?parent=11452"}],"wp:term":[{"taxonomy":"product_brand","embeddable":true,"href":"https:\/\/skaitytaknyga.lt\/en\/wp-json\/wp\/v2\/product_brand?post=11452"},{"taxonomy":"product_cat","embeddable":true,"href":"https:\/\/skaitytaknyga.lt\/en\/wp-json\/wp\/v2\/product_cat?post=11452"},{"taxonomy":"product_tag","embeddable":true,"href":"https:\/\/skaitytaknyga.lt\/en\/wp-json\/wp\/v2\/product_tag?post=11452"}],"curies":[{"name":"wp","href":"https:\/\/api.w.org\/{rel}","templated":true}]}}