{"id":11428,"date":"2024-05-04T19:44:30","date_gmt":"2024-05-04T19:44:30","guid":{"rendered":"https:\/\/skaitytaknyga.lt\/?post_type=product&#038;p=11428"},"modified":"2026-03-18T13:15:55","modified_gmt":"2026-03-18T11:15:55","slug":"studnicinas-a-stojanovas-b-odos-ir-venerines-ligos","status":"publish","type":"product","link":"https:\/\/skaitytaknyga.lt\/en\/produktas\/studnicinas-a-stojanovas-b-odos-ir-venerines-ligos\/","title":{"rendered":"Studnicinas A., Stojanovas B. \u201eOdos ir venerin\u0117s ligos\u201c"},"content":{"rendered":"","protected":false},"excerpt":{"rendered":"<p>Jei kas nors staiga J\u016bs\u0173 papra\u0161yt\u0173 i\u0161vardyti septynias did\u017ei\u0105sias nuod\u0117mes, ar i\u0161 karto sugeb\u0117tum\u0117te atsakyti, kad tai \u2013 puikyb\u0117, godumas, paleistuvavimas, pavydas, r\u016bstumas, persivalgymas ir persig\u0117rimas, ting\u0117jimas?<\/p>\n<p>\u012e toki\u0105 kebli\u0105 pad\u0117t\u012f ne vien\u0105 savo pa\u0161nekov\u0105 yra \u012fst\u016bmusi \u0161ios knygos autor\u0117 Filomena Taunyt\u0117. Remdamasi ilgamete profesine patirtimi, gydytoja tvirtina, kad m\u016bs\u0173 nuod\u0117m\u0117s sukelia daugyb\u0119 lig\u0173, tod\u0117l naujoje savo knygoje ai\u0161kina, kaip atsikra\u010dius nuod\u0117mi\u0173 sustipr\u0117ja sielos ir k\u016bno sveikata.<\/p>\n<p>Negana to, autor\u0117 \u012fsitikinusi, kad keturios did\u017eiosios doryb\u0117s \u2013 i\u0161manymas, teisingumas, tvirtumas ir susivaldymas \u2013 turi vaik\u0161\u010dioti ne po vien\u0105, o visos kartu, mat pavien\u0117 doryb\u0117 netik\u0117tai gali virsti nuod\u0117me.<\/p>\n","protected":false},"featured_media":11464,"comment_status":"closed","ping_status":"closed","template":"","meta":{"_acf_changed":false,"site-sidebar-layout":"default","site-content-layout":"","ast-site-content-layout":"default","site-content-style":"default","site-sidebar-style":"default","ast-global-header-display":"","ast-banner-title-visibility":"","ast-main-header-display":"","ast-hfb-above-header-display":"","ast-hfb-below-header-display":"","ast-hfb-mobile-header-display":"","site-post-title":"","ast-breadcrumbs-content":"","ast-featured-img":"","footer-sml-layout":"","ast-disable-related-posts":"","theme-transparent-header-meta":"","adv-header-id-meta":"","stick-header-meta":"","header-above-stick-meta":"","header-main-stick-meta":"","header-below-stick-meta":"","astra-migrate-meta-layouts":"default","ast-page-background-enabled":"default","ast-page-background-meta":{"desktop":{"background-color":"","background-image":"","background-repeat":"repeat","background-position":"center center","background-size":"auto","background-attachment":"scroll","background-type":"","background-media":"","overlay-type":"","overlay-color":"","overlay-opacity":"","overlay-gradient":""},"tablet":{"background-color":"","background-image":"","background-repeat":"repeat","background-position":"center center","background-size":"auto","background-attachment":"scroll","background-type":"","background-media":"","overlay-type":"","overlay-color":"","overlay-opacity":"","overlay-gradient":""},"mobile":{"background-color":"","background-image":"","background-repeat":"repeat","background-position":"center center","background-size":"auto","background-attachment":"scroll","background-type":"","background-media":"","overlay-type":"","overlay-color":"","overlay-opacity":"","overlay-gradient":""}},"ast-content-background-meta":{"desktop":{"background-color":"var(--ast-global-color-4)","background-image":"","background-repeat":"repeat","background-position":"center center","background-size":"auto","background-attachment":"scroll","background-type":"","background-media":"","overlay-type":"","overlay-color":"","overlay-opacity":"","overlay-gradient":""},"tablet":{"background-color":"var(--ast-global-color-4)","background-image":"","background-repeat":"repeat","background-position":"center center","background-size":"auto","background-attachment":"scroll","background-type":"","background-media":"","overlay-type":"","overlay-color":"","overlay-opacity":"","overlay-gradient":""},"mobile":{"background-color":"var(--ast-global-color-4)","background-image":"","background-repeat":"repeat","background-position":"center center","background-size":"auto","background-attachment":"scroll","background-type":"","background-media":"","overlay-type":"","overlay-color":"","overlay-opacity":"","overlay-gradient":""}}},"product_brand":[],"product_cat":[9854,55],"product_tag":[],"class_list":{"0":"post-11428","1":"product","2":"type-product","3":"status-publish","4":"has-post-thumbnail","6":"product_cat-medicina","7":"product_cat-sveikata-ir-sveika-mityba","8":"desktop-align-left","9":"tablet-align-left","10":"mobile-align-left","12":"first","13":"outofstock","14":"shipping-taxable","15":"purchasable","16":"product-type-simple"},"acf":[],"yoast_head":"<!-- This site is optimized with the Yoast SEO plugin v27.0 - https:\/\/yoast.com\/product\/yoast-seo-wordpress\/ -->\n<title>Studnicinas A., Stojanovas B. \u201eOdos ir venerin\u0117s ligos\u201c<\/title>\n<meta name=\"description\" content=\"Jei kas nors staiga J\u016bs\u0173 papra\u0161yt\u0173 i\u0161vardyti septynias did\u017ei\u0105sias nuod\u0117mes, ar i\u0161 karto sugeb\u0117tum\u0117te atsakyti, kad tai \u2013 puikyb\u0117, godumas, paleistuvavimas, pavydas, r\u016bstumas, persivalgymas ir persig\u0117rimas, ting\u0117jimas?  \u012e toki\u0105 kebli\u0105 pad\u0117t\u012f ne vien\u0105 savo pa\u0161nekov\u0105 yra \u012fst\u016bmusi \u0161ios knygos autor\u0117 Filomena Taunyt\u0117. Remdamasi ilgamete profesine patirtimi, gydytoja tvirtina, kad m\u016bs\u0173 nuod\u0117m\u0117s sukelia daugyb\u0119 lig\u0173, tod\u0117l naujoje savo knygoje ai\u0161kina, kaip atsikra\u010dius nuod\u0117mi\u0173 sustipr\u0117ja sielos ir k\u016bno sveikata.  Negana to, autor\u0117 \u012fsitikinusi, kad keturios did\u017eiosios doryb\u0117s \u2013 i\u0161manymas, teisingumas, tvirtumas ir susivaldymas \u2013 turi vaik\u0161\u010dioti ne po vien\u0105, o visos kartu, mat pavien\u0117 doryb\u0117 netik\u0117tai gali virsti nuod\u0117me.\" \/>\n<meta name=\"robots\" content=\"index, follow, max-snippet:-1, max-image-preview:large, max-video-preview:-1\" \/>\n<link rel=\"canonical\" href=\"https:\/\/skaitytaknyga.lt\/en\/produktas\/studnicinas-a-stojanovas-b-odos-ir-venerines-ligos\/\" \/>\n<meta property=\"og:locale\" content=\"en_GB\" \/>\n<meta property=\"og:locale:alternate\" content=\"lt_LT\" \/>\n<meta property=\"og:type\" content=\"article\" \/>\n<meta property=\"og:title\" content=\"Studnicinas A., Stojanovas B. \u201eOdos ir venerin\u0117s ligos\u201c\" \/>\n<meta property=\"og:description\" content=\"Jei kas nors staiga J\u016bs\u0173 papra\u0161yt\u0173 i\u0161vardyti septynias did\u017ei\u0105sias nuod\u0117mes, ar i\u0161 karto sugeb\u0117tum\u0117te atsakyti, kad tai \u2013 puikyb\u0117, godumas, paleistuvavimas, pavydas, r\u016bstumas, persivalgymas ir persig\u0117rimas, ting\u0117jimas?  \u012e toki\u0105 kebli\u0105 pad\u0117t\u012f ne vien\u0105 savo pa\u0161nekov\u0105 yra \u012fst\u016bmusi \u0161ios knygos autor\u0117 Filomena Taunyt\u0117. Remdamasi ilgamete profesine patirtimi, gydytoja tvirtina, kad m\u016bs\u0173 nuod\u0117m\u0117s sukelia daugyb\u0119 lig\u0173, tod\u0117l naujoje savo knygoje ai\u0161kina, kaip atsikra\u010dius nuod\u0117mi\u0173 sustipr\u0117ja sielos ir k\u016bno sveikata.  Negana to, autor\u0117 \u012fsitikinusi, kad keturios did\u017eiosios doryb\u0117s \u2013 i\u0161manymas, teisingumas, tvirtumas ir susivaldymas \u2013 turi vaik\u0161\u010dioti ne po vien\u0105, o visos kartu, mat pavien\u0117 doryb\u0117 netik\u0117tai gali virsti nuod\u0117me.\" \/>\n<meta property=\"og:url\" content=\"https:\/\/skaitytaknyga.lt\/en\/produktas\/studnicinas-a-stojanovas-b-odos-ir-venerines-ligos\/\" \/>\n<meta property=\"og:site_name\" content=\"Skaitytaknyga\" \/>\n<meta property=\"article:publisher\" content=\"https:\/\/www.facebook.com\/skaitytaknyga\/\" \/>\n<meta property=\"article:modified_time\" content=\"2026-03-18T11:15:55+00:00\" \/>\n<meta property=\"og:image\" content=\"https:\/\/skaitytaknyga.lt\/wp-content\/uploads\/2024\/05\/Be-pavadinimo-12-1.png\" \/>\n\t<meta property=\"og:image:width\" content=\"215\" \/>\n\t<meta property=\"og:image:height\" content=\"356\" \/>\n\t<meta property=\"og:image:type\" content=\"image\/png\" \/>\n<meta name=\"twitter:card\" content=\"summary_large_image\" \/>\n<script type=\"application\/ld+json\" class=\"yoast-schema-graph\">{\"@context\":\"https:\/\/schema.org\",\"@graph\":[{\"@type\":\"WebPage\",\"@id\":\"https:\/\/skaitytaknyga.lt\/produktas\/studnicinas-a-stojanovas-b-odos-ir-venerines-ligos\/\",\"url\":\"https:\/\/skaitytaknyga.lt\/produktas\/studnicinas-a-stojanovas-b-odos-ir-venerines-ligos\/\",\"name\":\"Studnicinas A., Stojanovas B. \u201eOdos ir venerin\u0117s ligos\u201c\",\"isPartOf\":{\"@id\":\"https:\/\/skaitytaknyga.lt\/#website\"},\"primaryImageOfPage\":{\"@id\":\"https:\/\/skaitytaknyga.lt\/produktas\/studnicinas-a-stojanovas-b-odos-ir-venerines-ligos\/#primaryimage\"},\"image\":{\"@id\":\"https:\/\/skaitytaknyga.lt\/produktas\/studnicinas-a-stojanovas-b-odos-ir-venerines-ligos\/#primaryimage\"},\"thumbnailUrl\":\"https:\/\/skaitytaknyga.lt\/wp-content\/uploads\/2024\/05\/Be-pavadinimo-12-1.png\",\"datePublished\":\"2024-05-04T19:44:30+00:00\",\"dateModified\":\"2026-03-18T11:15:55+00:00\",\"description\":\"Jei kas nors staiga J\u016bs\u0173 papra\u0161yt\u0173 i\u0161vardyti septynias did\u017ei\u0105sias nuod\u0117mes, ar i\u0161 karto sugeb\u0117tum\u0117te atsakyti, kad tai \u2013 puikyb\u0117, godumas, paleistuvavimas, pavydas, r\u016bstumas, persivalgymas ir persig\u0117rimas, ting\u0117jimas? \u012e toki\u0105 kebli\u0105 pad\u0117t\u012f ne vien\u0105 savo pa\u0161nekov\u0105 yra \u012fst\u016bmusi \u0161ios knygos autor\u0117 Filomena Taunyt\u0117. Remdamasi ilgamete profesine patirtimi, gydytoja tvirtina, kad m\u016bs\u0173 nuod\u0117m\u0117s sukelia daugyb\u0119 lig\u0173, tod\u0117l naujoje savo knygoje ai\u0161kina, kaip atsikra\u010dius nuod\u0117mi\u0173 sustipr\u0117ja sielos ir k\u016bno sveikata. Negana to, autor\u0117 \u012fsitikinusi, kad keturios did\u017eiosios doryb\u0117s \u2013 i\u0161manymas, teisingumas, tvirtumas ir susivaldymas \u2013 turi vaik\u0161\u010dioti ne po vien\u0105, o visos kartu, mat pavien\u0117 doryb\u0117 netik\u0117tai gali virsti nuod\u0117me.\",\"breadcrumb\":{\"@id\":\"https:\/\/skaitytaknyga.lt\/produktas\/studnicinas-a-stojanovas-b-odos-ir-venerines-ligos\/#breadcrumb\"},\"inLanguage\":\"en-GB\",\"potentialAction\":[{\"@type\":\"ReadAction\",\"target\":[\"https:\/\/skaitytaknyga.lt\/produktas\/studnicinas-a-stojanovas-b-odos-ir-venerines-ligos\/\"]}]},{\"@type\":\"ImageObject\",\"inLanguage\":\"en-GB\",\"@id\":\"https:\/\/skaitytaknyga.lt\/produktas\/studnicinas-a-stojanovas-b-odos-ir-venerines-ligos\/#primaryimage\",\"url\":\"https:\/\/skaitytaknyga.lt\/wp-content\/uploads\/2024\/05\/Be-pavadinimo-12-1.png\",\"contentUrl\":\"https:\/\/skaitytaknyga.lt\/wp-content\/uploads\/2024\/05\/Be-pavadinimo-12-1.png\",\"width\":215,\"height\":356},{\"@type\":\"BreadcrumbList\",\"@id\":\"https:\/\/skaitytaknyga.lt\/produktas\/studnicinas-a-stojanovas-b-odos-ir-venerines-ligos\/#breadcrumb\",\"itemListElement\":[{\"@type\":\"ListItem\",\"position\":1,\"name\":\"Home\",\"item\":\"https:\/\/skaitytaknyga.lt\/\"},{\"@type\":\"ListItem\",\"position\":2,\"name\":\"Parduotuv\u0117\",\"item\":\"https:\/\/skaitytaknyga.lt\/knygu-parduotuve\/\"},{\"@type\":\"ListItem\",\"position\":3,\"name\":\"Studnicinas A., Stojanovas B. \u201eOdos ir venerin\u0117s ligos\u201c\"}]},{\"@type\":\"WebSite\",\"@id\":\"https:\/\/skaitytaknyga.lt\/#website\",\"url\":\"https:\/\/skaitytaknyga.lt\/\",\"name\":\"skaitytaknyga.lt\",\"description\":\"Skaitytaknyga.lt \u2013 tai ma\u017eas \u0161eimos verslas, kuris prasid\u0117jo nuo meil\u0117s knygoms ir siekio i\u0161gelb\u0117ti knygas nuo likimo prie konteinerio. Kas vienam nereikalingas daiktas \u2013 kitam lobis, o mes esame tarpininkai, kurie padeda abiems tapti laimingesniems ???? \u017dinome kaip nelengva i\u0161gyventi ma\u017eiems verslams, tad nuo \u0161iol, \u010dia rasite ir kit\u0173, ma\u017e\u0173 \u0161eim\u0173 versl\u0173, rank\u0173 darbo, dovan\u0173 sau ir artimiesiems.\",\"publisher\":{\"@id\":\"https:\/\/skaitytaknyga.lt\/#organization\"},\"potentialAction\":[{\"@type\":\"SearchAction\",\"target\":{\"@type\":\"EntryPoint\",\"urlTemplate\":\"https:\/\/skaitytaknyga.lt\/?s={search_term_string}\"},\"query-input\":{\"@type\":\"PropertyValueSpecification\",\"valueRequired\":true,\"valueName\":\"search_term_string\"}}],\"inLanguage\":\"en-GB\"},{\"@type\":\"Organization\",\"@id\":\"https:\/\/skaitytaknyga.lt\/#organization\",\"name\":\"skaitytaknyga.lt\",\"url\":\"https:\/\/skaitytaknyga.lt\/\",\"logo\":{\"@type\":\"ImageObject\",\"inLanguage\":\"en-GB\",\"@id\":\"https:\/\/skaitytaknyga.lt\/#\/schema\/logo\/image\/\",\"url\":\"https:\/\/skaitytaknyga.lt\/wp-content\/uploads\/2024\/05\/cropped-cropped-cropped-02_00843_jt3bggkj1j3HLc7SyY6rEUpg.jpeg\",\"contentUrl\":\"https:\/\/skaitytaknyga.lt\/wp-content\/uploads\/2024\/05\/cropped-cropped-cropped-02_00843_jt3bggkj1j3HLc7SyY6rEUpg.jpeg\",\"width\":1600,\"height\":1600,\"caption\":\"skaitytaknyga.lt\"},\"image\":{\"@id\":\"https:\/\/skaitytaknyga.lt\/#\/schema\/logo\/image\/\"},\"sameAs\":[\"https:\/\/www.facebook.com\/skaitytaknyga\/\"]}]}<\/script>\n<!-- \/ Yoast SEO plugin. -->","yoast_head_json":{"title":"Studnicinas A., Stojanovas B. \u201eOdos ir venerin\u0117s ligos\u201c","description":"Jei kas nors staiga J\u016bs\u0173 papra\u0161yt\u0173 i\u0161vardyti septynias did\u017ei\u0105sias nuod\u0117mes, ar i\u0161 karto sugeb\u0117tum\u0117te atsakyti, kad tai \u2013 puikyb\u0117, godumas, paleistuvavimas, pavydas, r\u016bstumas, persivalgymas ir persig\u0117rimas, ting\u0117jimas?  \u012e toki\u0105 kebli\u0105 pad\u0117t\u012f ne vien\u0105 savo pa\u0161nekov\u0105 yra \u012fst\u016bmusi \u0161ios knygos autor\u0117 Filomena Taunyt\u0117. Remdamasi ilgamete profesine patirtimi, gydytoja tvirtina, kad m\u016bs\u0173 nuod\u0117m\u0117s sukelia daugyb\u0119 lig\u0173, tod\u0117l naujoje savo knygoje ai\u0161kina, kaip atsikra\u010dius nuod\u0117mi\u0173 sustipr\u0117ja sielos ir k\u016bno sveikata.  Negana to, autor\u0117 \u012fsitikinusi, kad keturios did\u017eiosios doryb\u0117s \u2013 i\u0161manymas, teisingumas, tvirtumas ir susivaldymas \u2013 turi vaik\u0161\u010dioti ne po vien\u0105, o visos kartu, mat pavien\u0117 doryb\u0117 netik\u0117tai gali virsti nuod\u0117me.","robots":{"index":"index","follow":"follow","max-snippet":"max-snippet:-1","max-image-preview":"max-image-preview:large","max-video-preview":"max-video-preview:-1"},"canonical":"https:\/\/skaitytaknyga.lt\/en\/produktas\/studnicinas-a-stojanovas-b-odos-ir-venerines-ligos\/","og_locale":"en_GB","og_type":"article","og_title":"[:lt]Studnicinas A., Stojanovas B. \u201eOdos ir venerin\u0117s ligos\u201c[:] - Skaitytaknyga","og_description":"Jei kas nors staiga J\u016bs\u0173 papra\u0161yt\u0173 i\u0161vardyti septynias did\u017ei\u0105sias nuod\u0117mes, ar i\u0161 karto sugeb\u0117tum\u0117te atsakyti, kad tai \u2013 puikyb\u0117, godumas, paleistuvavimas, pavydas, r\u016bstumas, persivalgymas ir persig\u0117rimas, ting\u0117jimas?  \u012e toki\u0105 kebli\u0105 pad\u0117t\u012f ne vien\u0105 savo pa\u0161nekov\u0105 yra \u012fst\u016bmusi \u0161ios knygos autor\u0117 Filomena Taunyt\u0117. Remdamasi ilgamete profesine patirtimi, gydytoja tvirtina, kad m\u016bs\u0173 nuod\u0117m\u0117s sukelia daugyb\u0119 lig\u0173, tod\u0117l naujoje savo knygoje ai\u0161kina, kaip atsikra\u010dius nuod\u0117mi\u0173 sustipr\u0117ja sielos ir k\u016bno sveikata.  Negana to, autor\u0117 \u012fsitikinusi, kad keturios did\u017eiosios doryb\u0117s \u2013 i\u0161manymas, teisingumas, tvirtumas ir susivaldymas \u2013 turi vaik\u0161\u010dioti ne po vien\u0105, o visos kartu, mat pavien\u0117 doryb\u0117 netik\u0117tai gali virsti nuod\u0117me.","og_url":"https:\/\/skaitytaknyga.lt\/en\/produktas\/studnicinas-a-stojanovas-b-odos-ir-venerines-ligos\/","og_site_name":"Skaitytaknyga","article_publisher":"https:\/\/www.facebook.com\/skaitytaknyga\/","article_modified_time":"2026-03-18T11:15:55+00:00","og_image":[{"width":215,"height":356,"url":"https:\/\/skaitytaknyga.lt\/wp-content\/uploads\/2024\/05\/Be-pavadinimo-12-1.png","type":"image\/png"}],"twitter_card":"summary_large_image","schema":{"@context":"https:\/\/schema.org","@graph":[{"@type":"WebPage","@id":"https:\/\/skaitytaknyga.lt\/produktas\/studnicinas-a-stojanovas-b-odos-ir-venerines-ligos\/","url":"https:\/\/skaitytaknyga.lt\/produktas\/studnicinas-a-stojanovas-b-odos-ir-venerines-ligos\/","name":"Studnicinas A., Stojanovas B. \u201eOdos ir venerin\u0117s ligos\u201c","isPartOf":{"@id":"https:\/\/skaitytaknyga.lt\/#website"},"primaryImageOfPage":{"@id":"https:\/\/skaitytaknyga.lt\/produktas\/studnicinas-a-stojanovas-b-odos-ir-venerines-ligos\/#primaryimage"},"image":{"@id":"https:\/\/skaitytaknyga.lt\/produktas\/studnicinas-a-stojanovas-b-odos-ir-venerines-ligos\/#primaryimage"},"thumbnailUrl":"https:\/\/skaitytaknyga.lt\/wp-content\/uploads\/2024\/05\/Be-pavadinimo-12-1.png","datePublished":"2024-05-04T19:44:30+00:00","dateModified":"2026-03-18T11:15:55+00:00","description":"Jei kas nors staiga J\u016bs\u0173 papra\u0161yt\u0173 i\u0161vardyti septynias did\u017ei\u0105sias nuod\u0117mes, ar i\u0161 karto sugeb\u0117tum\u0117te atsakyti, kad tai \u2013 puikyb\u0117, godumas, paleistuvavimas, pavydas, r\u016bstumas, persivalgymas ir persig\u0117rimas, ting\u0117jimas? \u012e toki\u0105 kebli\u0105 pad\u0117t\u012f ne vien\u0105 savo pa\u0161nekov\u0105 yra \u012fst\u016bmusi \u0161ios knygos autor\u0117 Filomena Taunyt\u0117. Remdamasi ilgamete profesine patirtimi, gydytoja tvirtina, kad m\u016bs\u0173 nuod\u0117m\u0117s sukelia daugyb\u0119 lig\u0173, tod\u0117l naujoje savo knygoje ai\u0161kina, kaip atsikra\u010dius nuod\u0117mi\u0173 sustipr\u0117ja sielos ir k\u016bno sveikata. Negana to, autor\u0117 \u012fsitikinusi, kad keturios did\u017eiosios doryb\u0117s \u2013 i\u0161manymas, teisingumas, tvirtumas ir susivaldymas \u2013 turi vaik\u0161\u010dioti ne po vien\u0105, o visos kartu, mat pavien\u0117 doryb\u0117 netik\u0117tai gali virsti nuod\u0117me.","breadcrumb":{"@id":"https:\/\/skaitytaknyga.lt\/produktas\/studnicinas-a-stojanovas-b-odos-ir-venerines-ligos\/#breadcrumb"},"inLanguage":"en-GB","potentialAction":[{"@type":"ReadAction","target":["https:\/\/skaitytaknyga.lt\/produktas\/studnicinas-a-stojanovas-b-odos-ir-venerines-ligos\/"]}]},{"@type":"ImageObject","inLanguage":"en-GB","@id":"https:\/\/skaitytaknyga.lt\/produktas\/studnicinas-a-stojanovas-b-odos-ir-venerines-ligos\/#primaryimage","url":"https:\/\/skaitytaknyga.lt\/wp-content\/uploads\/2024\/05\/Be-pavadinimo-12-1.png","contentUrl":"https:\/\/skaitytaknyga.lt\/wp-content\/uploads\/2024\/05\/Be-pavadinimo-12-1.png","width":215,"height":356},{"@type":"BreadcrumbList","@id":"https:\/\/skaitytaknyga.lt\/produktas\/studnicinas-a-stojanovas-b-odos-ir-venerines-ligos\/#breadcrumb","itemListElement":[{"@type":"ListItem","position":1,"name":"Home","item":"https:\/\/skaitytaknyga.lt\/"},{"@type":"ListItem","position":2,"name":"Parduotuv\u0117","item":"https:\/\/skaitytaknyga.lt\/knygu-parduotuve\/"},{"@type":"ListItem","position":3,"name":"Studnicinas A., Stojanovas B. \u201eOdos ir venerin\u0117s ligos\u201c"}]},{"@type":"WebSite","@id":"https:\/\/skaitytaknyga.lt\/#website","url":"https:\/\/skaitytaknyga.lt\/","name":"skaitytaknyga.lt","description":"Skaitytaknyga.lt \u2013 tai ma\u017eas \u0161eimos verslas, kuris prasid\u0117jo nuo meil\u0117s knygoms ir siekio i\u0161gelb\u0117ti knygas nuo likimo prie konteinerio. Kas vienam nereikalingas daiktas \u2013 kitam lobis, o mes esame tarpininkai, kurie padeda abiems tapti laimingesniems ???? \u017dinome kaip nelengva i\u0161gyventi ma\u017eiems verslams, tad nuo \u0161iol, \u010dia rasite ir kit\u0173, ma\u017e\u0173 \u0161eim\u0173 versl\u0173, rank\u0173 darbo, dovan\u0173 sau ir artimiesiems.","publisher":{"@id":"https:\/\/skaitytaknyga.lt\/#organization"},"potentialAction":[{"@type":"SearchAction","target":{"@type":"EntryPoint","urlTemplate":"https:\/\/skaitytaknyga.lt\/?s={search_term_string}"},"query-input":{"@type":"PropertyValueSpecification","valueRequired":true,"valueName":"search_term_string"}}],"inLanguage":"en-GB"},{"@type":"Organization","@id":"https:\/\/skaitytaknyga.lt\/#organization","name":"skaitytaknyga.lt","url":"https:\/\/skaitytaknyga.lt\/","logo":{"@type":"ImageObject","inLanguage":"en-GB","@id":"https:\/\/skaitytaknyga.lt\/#\/schema\/logo\/image\/","url":"https:\/\/skaitytaknyga.lt\/wp-content\/uploads\/2024\/05\/cropped-cropped-cropped-02_00843_jt3bggkj1j3HLc7SyY6rEUpg.jpeg","contentUrl":"https:\/\/skaitytaknyga.lt\/wp-content\/uploads\/2024\/05\/cropped-cropped-cropped-02_00843_jt3bggkj1j3HLc7SyY6rEUpg.jpeg","width":1600,"height":1600,"caption":"skaitytaknyga.lt"},"image":{"@id":"https:\/\/skaitytaknyga.lt\/#\/schema\/logo\/image\/"},"sameAs":["https:\/\/www.facebook.com\/skaitytaknyga\/"]}]}},"_links":{"self":[{"href":"https:\/\/skaitytaknyga.lt\/en\/wp-json\/wp\/v2\/product\/11428","targetHints":{"allow":["GET"]}}],"collection":[{"href":"https:\/\/skaitytaknyga.lt\/en\/wp-json\/wp\/v2\/product"}],"about":[{"href":"https:\/\/skaitytaknyga.lt\/en\/wp-json\/wp\/v2\/types\/product"}],"replies":[{"embeddable":true,"href":"https:\/\/skaitytaknyga.lt\/en\/wp-json\/wp\/v2\/comments?post=11428"}],"wp:featuredmedia":[{"embeddable":true,"href":"https:\/\/skaitytaknyga.lt\/en\/wp-json\/wp\/v2\/media\/11464"}],"wp:attachment":[{"href":"https:\/\/skaitytaknyga.lt\/en\/wp-json\/wp\/v2\/media?parent=11428"}],"wp:term":[{"taxonomy":"product_brand","embeddable":true,"href":"https:\/\/skaitytaknyga.lt\/en\/wp-json\/wp\/v2\/product_brand?post=11428"},{"taxonomy":"product_cat","embeddable":true,"href":"https:\/\/skaitytaknyga.lt\/en\/wp-json\/wp\/v2\/product_cat?post=11428"},{"taxonomy":"product_tag","embeddable":true,"href":"https:\/\/skaitytaknyga.lt\/en\/wp-json\/wp\/v2\/product_tag?post=11428"}],"curies":[{"name":"wp","href":"https:\/\/api.w.org\/{rel}","templated":true}]}}