{"id":11427,"date":"2024-05-04T19:44:30","date_gmt":"2024-05-04T19:44:30","guid":{"rendered":"https:\/\/skaitytaknyga.lt\/?post_type=product&#038;p=11427"},"modified":"2026-03-18T13:15:55","modified_gmt":"2026-03-18T11:15:55","slug":"filomena-taunyte-laimingas-seneliu-gyvenimas","status":"publish","type":"product","link":"https:\/\/skaitytaknyga.lt\/en\/produktas\/filomena-taunyte-laimingas-seneliu-gyvenimas\/","title":{"rendered":"Laimingas seneli\u0173 gyvenimas"},"content":{"rendered":"<p>\u0160maik\u0161\u010diose F. Taunyt\u0117s humoreskose vaizduojamas Pipyni\u0173 \u0161eimos gyvenimas gali b\u016bti laikomas daugelio Lietuvos pagyvenusi\u0173 \u017emoni\u0173 gyvenimo atspind\u017eiu. Svarbiausias knygoje keliamas klausimas \u2013 kaip seneliams kuo ilgiau i\u0161saugoti sveikat\u0105, dvasios ramyb\u0119 ir gyvenimo d\u017eiaugsm\u0105. Komentaruose autor\u0117 pateikia daugyb\u0119 nauding\u0173 patarim\u0173 ir i\u0161kelia mint\u012f, kad vyresnio am\u017eiaus \u017emon\u0117s neturi pasiduoti \u0161iuolaikin\u0117s \u201ejaunyst\u0117s civilizacijos\u201c spaudimui, nes, nepaisant am\u017eiaus, yra verti pagarbos ir ilgo visaver\u010dio gyvenimo.<\/p>\n<div class=\"description\">\n<p><em>\u201ePolitikai prie\u0161 rinkimus r\u016bpinasi seneliais, o po rinkim\u0173 \u2013 savimi ir savo vaikais. Bet i\u0161 ties\u0173 seneliai sutartinai niekinami, netgi u\u017eimantys auk\u0161\u010diausias pareigas to nei\u0161vengia. Demokratija draud\u017eia visoki\u0105 diskriminacij\u0105, negalima niekinti \u017emoni\u0173 d\u0117l j\u0173 lyties, ligos ar invalidumo. Bet senatv\u0117 m\u016bs\u0173 \u0161alyje tampa g\u0117da ir pa\u017eeminimu. I\u0161 pensinink\u0173 netgi teis\u0117 \u012f darb\u0105 atimta.<\/em><\/p>\n<p><em>Vaikas nepyksta, jeigu pagiriame, kad suaugo. Vyresnis \u017emogus, i\u0161gird\u0119s, kad paseno, \u012fsi\u017eeid\u017eia, nors tai rei\u0161kia, kad tapo protingas ir vertas didel\u0117s pagarbos, kaip yra Alach\u0105 garbinan\u010diuose kra\u0161tuose. Glosto savimeil\u0119 link\u0117jimai niekada nepasenti, b\u016bti am\u017einai jaunam ir seksualiam. D\u0117l to metai slepiami, o seneliai met\u0119 \u0161eimas ima b\u0117gioti paskui dvigubai jaunesnes mergeles, nor\u0117dami neatsilikti nuo dvide\u0161imtme\u010di\u0173, ir pails\u0119 be laiko palieka \u0161i\u0105 a\u0161ar\u0173 pakaln\u0119. Giriami susilauk\u0119 vaik\u0173 septyniasde\u0161imtme\u010diai ir vyresni, ta\u010diau vaik\u0173 susilauk\u0119 vaikai peikiami, nors tai tas pats. Seneliai \u0161eriami \u201eViagra\u201c, moterims taikoma pakaitin\u0117 hormon\u0173 terapija, kad laiku nepereit\u0173 \u012f nat\u016bral\u0173 gyvenimo tarpsn\u012f \u2013 senatv\u0119.<\/em><\/p>\n<p><em>Senatv\u0117je svarbu gerbti turimas vertybes, nebesidarkyti, kaip darkosi jaunimas, ir saugoti sveikat\u0105. \u010cia prireikia ne tik geros gydytoj\u0173 pagalbos, bet ir protingo paai\u0161kinimo, kad ne visos ligos i\u0161gydomos, o visi vartojami vaistai turi neger\u0105 \u0161alutin\u012f poveik\u012f.<\/em><\/p>\n<p><em>Tokia pad\u0117tis paskatino para\u0161yti \u0161i\u0105 knyg\u0105. Fantazijos prireik\u0117 nedaug \u2013 visk\u0105 diktavo gyvenimas.\u201c<\/em><br \/>\nFilomena Taunyt\u0117<\/p>\n<\/div>\n","protected":false},"excerpt":{"rendered":"<p>Jei kas nors staiga J\u016bs\u0173 papra\u0161yt\u0173 i\u0161vardyti septynias did\u017ei\u0105sias nuod\u0117mes, ar i\u0161 karto sugeb\u0117tum\u0117te atsakyti, kad tai \u2013 puikyb\u0117, godumas, paleistuvavimas, pavydas, r\u016bstumas, persivalgymas ir persig\u0117rimas, ting\u0117jimas?<\/p>\n<p>\u012e toki\u0105 kebli\u0105 pad\u0117t\u012f ne vien\u0105 savo pa\u0161nekov\u0105 yra \u012fst\u016bmusi \u0161ios knygos autor\u0117 Filomena Taunyt\u0117. Remdamasi ilgamete profesine patirtimi, gydytoja tvirtina, kad m\u016bs\u0173 nuod\u0117m\u0117s sukelia daugyb\u0119 lig\u0173, tod\u0117l naujoje savo knygoje ai\u0161kina, kaip atsikra\u010dius nuod\u0117mi\u0173 sustipr\u0117ja sielos ir k\u016bno sveikata.<\/p>\n<p>Negana to, autor\u0117 \u012fsitikinusi, kad keturios did\u017eiosios doryb\u0117s \u2013 i\u0161manymas, teisingumas, tvirtumas ir susivaldymas \u2013 turi vaik\u0161\u010dioti ne po vien\u0105, o visos kartu, mat pavien\u0117 doryb\u0117 netik\u0117tai gali virsti nuod\u0117me.<\/p>\n","protected":false},"featured_media":9993,"comment_status":"closed","ping_status":"closed","template":"","meta":{"_acf_changed":false,"site-sidebar-layout":"default","site-content-layout":"","ast-site-content-layout":"default","site-content-style":"default","site-sidebar-style":"default","ast-global-header-display":"","ast-banner-title-visibility":"","ast-main-header-display":"","ast-hfb-above-header-display":"","ast-hfb-below-header-display":"","ast-hfb-mobile-header-display":"","site-post-title":"","ast-breadcrumbs-content":"","ast-featured-img":"","footer-sml-layout":"","ast-disable-related-posts":"","theme-transparent-header-meta":"","adv-header-id-meta":"","stick-header-meta":"","header-above-stick-meta":"","header-main-stick-meta":"","header-below-stick-meta":"","astra-migrate-meta-layouts":"default","ast-page-background-enabled":"default","ast-page-background-meta":{"desktop":{"background-color":"","background-image":"","background-repeat":"repeat","background-position":"center center","background-size":"auto","background-attachment":"scroll","background-type":"","background-media":"","overlay-type":"","overlay-color":"","overlay-opacity":"","overlay-gradient":""},"tablet":{"background-color":"","background-image":"","background-repeat":"repeat","background-position":"center center","background-size":"auto","background-attachment":"scroll","background-type":"","background-media":"","overlay-type":"","overlay-color":"","overlay-opacity":"","overlay-gradient":""},"mobile":{"background-color":"","background-image":"","background-repeat":"repeat","background-position":"center center","background-size":"auto","background-attachment":"scroll","background-type":"","background-media":"","overlay-type":"","overlay-color":"","overlay-opacity":"","overlay-gradient":""}},"ast-content-background-meta":{"desktop":{"background-color":"var(--ast-global-color-4)","background-image":"","background-repeat":"repeat","background-position":"center center","background-size":"auto","background-attachment":"scroll","background-type":"","background-media":"","overlay-type":"","overlay-color":"","overlay-opacity":"","overlay-gradient":""},"tablet":{"background-color":"var(--ast-global-color-4)","background-image":"","background-repeat":"repeat","background-position":"center center","background-size":"auto","background-attachment":"scroll","background-type":"","background-media":"","overlay-type":"","overlay-color":"","overlay-opacity":"","overlay-gradient":""},"mobile":{"background-color":"var(--ast-global-color-4)","background-image":"","background-repeat":"repeat","background-position":"center center","background-size":"auto","background-attachment":"scroll","background-type":"","background-media":"","overlay-type":"","overlay-color":"","overlay-opacity":"","overlay-gradient":""}}},"product_brand":[],"product_cat":[9854,55],"product_tag":[1999,2003,2002,2000,2001],"class_list":{"0":"post-11427","1":"product","2":"type-product","3":"status-publish","4":"has-post-thumbnail","6":"product_cat-medicina","7":"product_cat-sveikata-ir-sveika-mityba","8":"product_tag-filomena-taunyte","9":"product_tag-gyvenimo-dziaugsmas","10":"product_tag-humoreska","11":"product_tag-senatve","12":"product_tag-sveika-gyvensena","13":"desktop-align-left","14":"tablet-align-left","15":"mobile-align-left","17":"first","18":"instock","19":"shipping-taxable","20":"purchasable","21":"product-type-simple"},"acf":[],"yoast_head":"<!-- This site is optimized with the Yoast SEO plugin v27.0 - https:\/\/yoast.com\/product\/yoast-seo-wordpress\/ -->\n<title>Laimingas seneli\u0173 gyvenimas<\/title>\n<meta name=\"description\" content=\"Jei kas nors staiga J\u016bs\u0173 papra\u0161yt\u0173 i\u0161vardyti septynias did\u017ei\u0105sias nuod\u0117mes, ar i\u0161 karto sugeb\u0117tum\u0117te atsakyti, kad tai \u2013 puikyb\u0117, godumas, paleistuvavimas, pavydas, r\u016bstumas, persivalgymas ir persig\u0117rimas, ting\u0117jimas?  \u012e toki\u0105 kebli\u0105 pad\u0117t\u012f ne vien\u0105 savo pa\u0161nekov\u0105 yra \u012fst\u016bmusi \u0161ios knygos autor\u0117 Filomena Taunyt\u0117. Remdamasi ilgamete profesine patirtimi, gydytoja tvirtina, kad m\u016bs\u0173 nuod\u0117m\u0117s sukelia daugyb\u0119 lig\u0173, tod\u0117l naujoje savo knygoje ai\u0161kina, kaip atsikra\u010dius nuod\u0117mi\u0173 sustipr\u0117ja sielos ir k\u016bno sveikata.  Negana to, autor\u0117 \u012fsitikinusi, kad keturios did\u017eiosios doryb\u0117s \u2013 i\u0161manymas, teisingumas, tvirtumas ir susivaldymas \u2013 turi vaik\u0161\u010dioti ne po vien\u0105, o visos kartu, mat pavien\u0117 doryb\u0117 netik\u0117tai gali virsti nuod\u0117me.\" \/>\n<meta name=\"robots\" content=\"index, follow, max-snippet:-1, max-image-preview:large, max-video-preview:-1\" \/>\n<link rel=\"canonical\" href=\"https:\/\/skaitytaknyga.lt\/en\/produktas\/filomena-taunyte-laimingas-seneliu-gyvenimas\/\" \/>\n<meta property=\"og:locale\" content=\"en_GB\" \/>\n<meta property=\"og:locale:alternate\" content=\"lt_LT\" \/>\n<meta property=\"og:type\" content=\"article\" \/>\n<meta property=\"og:title\" content=\"Laimingas seneli\u0173 gyvenimas\" \/>\n<meta property=\"og:description\" content=\"Jei kas nors staiga J\u016bs\u0173 papra\u0161yt\u0173 i\u0161vardyti septynias did\u017ei\u0105sias nuod\u0117mes, ar i\u0161 karto sugeb\u0117tum\u0117te atsakyti, kad tai \u2013 puikyb\u0117, godumas, paleistuvavimas, pavydas, r\u016bstumas, persivalgymas ir persig\u0117rimas, ting\u0117jimas?  \u012e toki\u0105 kebli\u0105 pad\u0117t\u012f ne vien\u0105 savo pa\u0161nekov\u0105 yra \u012fst\u016bmusi \u0161ios knygos autor\u0117 Filomena Taunyt\u0117. Remdamasi ilgamete profesine patirtimi, gydytoja tvirtina, kad m\u016bs\u0173 nuod\u0117m\u0117s sukelia daugyb\u0119 lig\u0173, tod\u0117l naujoje savo knygoje ai\u0161kina, kaip atsikra\u010dius nuod\u0117mi\u0173 sustipr\u0117ja sielos ir k\u016bno sveikata.  Negana to, autor\u0117 \u012fsitikinusi, kad keturios did\u017eiosios doryb\u0117s \u2013 i\u0161manymas, teisingumas, tvirtumas ir susivaldymas \u2013 turi vaik\u0161\u010dioti ne po vien\u0105, o visos kartu, mat pavien\u0117 doryb\u0117 netik\u0117tai gali virsti nuod\u0117me.\" \/>\n<meta property=\"og:url\" content=\"https:\/\/skaitytaknyga.lt\/en\/produktas\/filomena-taunyte-laimingas-seneliu-gyvenimas\/\" \/>\n<meta property=\"og:site_name\" content=\"Skaitytaknyga\" \/>\n<meta property=\"article:publisher\" content=\"https:\/\/www.facebook.com\/skaitytaknyga\/\" \/>\n<meta property=\"article:modified_time\" content=\"2026-03-18T11:15:55+00:00\" \/>\n<meta property=\"og:image\" content=\"https:\/\/skaitytaknyga.lt\/wp-content\/uploads\/2024\/05\/1462873111_7.jpg\" \/>\n\t<meta property=\"og:image:width\" content=\"273\" \/>\n\t<meta property=\"og:image:height\" content=\"430\" \/>\n\t<meta property=\"og:image:type\" content=\"image\/jpeg\" \/>\n<meta name=\"twitter:card\" content=\"summary_large_image\" \/>\n<meta name=\"twitter:label1\" content=\"Estimated reading time\" \/>\n\t<meta name=\"twitter:data1\" content=\"2 minutes\" \/>\n<script type=\"application\/ld+json\" class=\"yoast-schema-graph\">{\"@context\":\"https:\/\/schema.org\",\"@graph\":[{\"@type\":\"WebPage\",\"@id\":\"https:\/\/skaitytaknyga.lt\/produktas\/filomena-taunyte-laimingas-seneliu-gyvenimas\/\",\"url\":\"https:\/\/skaitytaknyga.lt\/produktas\/filomena-taunyte-laimingas-seneliu-gyvenimas\/\",\"name\":\"Laimingas seneli\u0173 gyvenimas\",\"isPartOf\":{\"@id\":\"https:\/\/skaitytaknyga.lt\/#website\"},\"primaryImageOfPage\":{\"@id\":\"https:\/\/skaitytaknyga.lt\/produktas\/filomena-taunyte-laimingas-seneliu-gyvenimas\/#primaryimage\"},\"image\":{\"@id\":\"https:\/\/skaitytaknyga.lt\/produktas\/filomena-taunyte-laimingas-seneliu-gyvenimas\/#primaryimage\"},\"thumbnailUrl\":\"https:\/\/skaitytaknyga.lt\/wp-content\/uploads\/2024\/05\/1462873111_7.jpg\",\"datePublished\":\"2024-05-04T19:44:30+00:00\",\"dateModified\":\"2026-03-18T11:15:55+00:00\",\"description\":\"Jei kas nors staiga J\u016bs\u0173 papra\u0161yt\u0173 i\u0161vardyti septynias did\u017ei\u0105sias nuod\u0117mes, ar i\u0161 karto sugeb\u0117tum\u0117te atsakyti, kad tai \u2013 puikyb\u0117, godumas, paleistuvavimas, pavydas, r\u016bstumas, persivalgymas ir persig\u0117rimas, ting\u0117jimas? \u012e toki\u0105 kebli\u0105 pad\u0117t\u012f ne vien\u0105 savo pa\u0161nekov\u0105 yra \u012fst\u016bmusi \u0161ios knygos autor\u0117 Filomena Taunyt\u0117. Remdamasi ilgamete profesine patirtimi, gydytoja tvirtina, kad m\u016bs\u0173 nuod\u0117m\u0117s sukelia daugyb\u0119 lig\u0173, tod\u0117l naujoje savo knygoje ai\u0161kina, kaip atsikra\u010dius nuod\u0117mi\u0173 sustipr\u0117ja sielos ir k\u016bno sveikata. Negana to, autor\u0117 \u012fsitikinusi, kad keturios did\u017eiosios doryb\u0117s \u2013 i\u0161manymas, teisingumas, tvirtumas ir susivaldymas \u2013 turi vaik\u0161\u010dioti ne po vien\u0105, o visos kartu, mat pavien\u0117 doryb\u0117 netik\u0117tai gali virsti nuod\u0117me.\",\"breadcrumb\":{\"@id\":\"https:\/\/skaitytaknyga.lt\/produktas\/filomena-taunyte-laimingas-seneliu-gyvenimas\/#breadcrumb\"},\"inLanguage\":\"en-GB\",\"potentialAction\":[{\"@type\":\"ReadAction\",\"target\":[\"https:\/\/skaitytaknyga.lt\/produktas\/filomena-taunyte-laimingas-seneliu-gyvenimas\/\"]}]},{\"@type\":\"ImageObject\",\"inLanguage\":\"en-GB\",\"@id\":\"https:\/\/skaitytaknyga.lt\/produktas\/filomena-taunyte-laimingas-seneliu-gyvenimas\/#primaryimage\",\"url\":\"https:\/\/skaitytaknyga.lt\/wp-content\/uploads\/2024\/05\/1462873111_7.jpg\",\"contentUrl\":\"https:\/\/skaitytaknyga.lt\/wp-content\/uploads\/2024\/05\/1462873111_7.jpg\",\"width\":273,\"height\":430},{\"@type\":\"BreadcrumbList\",\"@id\":\"https:\/\/skaitytaknyga.lt\/produktas\/filomena-taunyte-laimingas-seneliu-gyvenimas\/#breadcrumb\",\"itemListElement\":[{\"@type\":\"ListItem\",\"position\":1,\"name\":\"Home\",\"item\":\"https:\/\/skaitytaknyga.lt\/\"},{\"@type\":\"ListItem\",\"position\":2,\"name\":\"Parduotuv\u0117\",\"item\":\"https:\/\/skaitytaknyga.lt\/knygu-parduotuve\/\"},{\"@type\":\"ListItem\",\"position\":3,\"name\":\"Laimingas seneli\u0173 gyvenimas\"}]},{\"@type\":\"WebSite\",\"@id\":\"https:\/\/skaitytaknyga.lt\/#website\",\"url\":\"https:\/\/skaitytaknyga.lt\/\",\"name\":\"skaitytaknyga.lt\",\"description\":\"Skaitytaknyga.lt \u2013 tai ma\u017eas \u0161eimos verslas, kuris prasid\u0117jo nuo meil\u0117s knygoms ir siekio i\u0161gelb\u0117ti knygas nuo likimo prie konteinerio. Kas vienam nereikalingas daiktas \u2013 kitam lobis, o mes esame tarpininkai, kurie padeda abiems tapti laimingesniems ???? \u017dinome kaip nelengva i\u0161gyventi ma\u017eiems verslams, tad nuo \u0161iol, \u010dia rasite ir kit\u0173, ma\u017e\u0173 \u0161eim\u0173 versl\u0173, rank\u0173 darbo, dovan\u0173 sau ir artimiesiems.\",\"publisher\":{\"@id\":\"https:\/\/skaitytaknyga.lt\/#organization\"},\"potentialAction\":[{\"@type\":\"SearchAction\",\"target\":{\"@type\":\"EntryPoint\",\"urlTemplate\":\"https:\/\/skaitytaknyga.lt\/?s={search_term_string}\"},\"query-input\":{\"@type\":\"PropertyValueSpecification\",\"valueRequired\":true,\"valueName\":\"search_term_string\"}}],\"inLanguage\":\"en-GB\"},{\"@type\":\"Organization\",\"@id\":\"https:\/\/skaitytaknyga.lt\/#organization\",\"name\":\"skaitytaknyga.lt\",\"url\":\"https:\/\/skaitytaknyga.lt\/\",\"logo\":{\"@type\":\"ImageObject\",\"inLanguage\":\"en-GB\",\"@id\":\"https:\/\/skaitytaknyga.lt\/#\/schema\/logo\/image\/\",\"url\":\"https:\/\/skaitytaknyga.lt\/wp-content\/uploads\/2024\/05\/cropped-cropped-cropped-02_00843_jt3bggkj1j3HLc7SyY6rEUpg.jpeg\",\"contentUrl\":\"https:\/\/skaitytaknyga.lt\/wp-content\/uploads\/2024\/05\/cropped-cropped-cropped-02_00843_jt3bggkj1j3HLc7SyY6rEUpg.jpeg\",\"width\":1600,\"height\":1600,\"caption\":\"skaitytaknyga.lt\"},\"image\":{\"@id\":\"https:\/\/skaitytaknyga.lt\/#\/schema\/logo\/image\/\"},\"sameAs\":[\"https:\/\/www.facebook.com\/skaitytaknyga\/\"]}]}<\/script>\n<!-- \/ Yoast SEO plugin. -->","yoast_head_json":{"title":"Laimingas seneli\u0173 gyvenimas","description":"Jei kas nors staiga J\u016bs\u0173 papra\u0161yt\u0173 i\u0161vardyti septynias did\u017ei\u0105sias nuod\u0117mes, ar i\u0161 karto sugeb\u0117tum\u0117te atsakyti, kad tai \u2013 puikyb\u0117, godumas, paleistuvavimas, pavydas, r\u016bstumas, persivalgymas ir persig\u0117rimas, ting\u0117jimas?  \u012e toki\u0105 kebli\u0105 pad\u0117t\u012f ne vien\u0105 savo pa\u0161nekov\u0105 yra \u012fst\u016bmusi \u0161ios knygos autor\u0117 Filomena Taunyt\u0117. Remdamasi ilgamete profesine patirtimi, gydytoja tvirtina, kad m\u016bs\u0173 nuod\u0117m\u0117s sukelia daugyb\u0119 lig\u0173, tod\u0117l naujoje savo knygoje ai\u0161kina, kaip atsikra\u010dius nuod\u0117mi\u0173 sustipr\u0117ja sielos ir k\u016bno sveikata.  Negana to, autor\u0117 \u012fsitikinusi, kad keturios did\u017eiosios doryb\u0117s \u2013 i\u0161manymas, teisingumas, tvirtumas ir susivaldymas \u2013 turi vaik\u0161\u010dioti ne po vien\u0105, o visos kartu, mat pavien\u0117 doryb\u0117 netik\u0117tai gali virsti nuod\u0117me.","robots":{"index":"index","follow":"follow","max-snippet":"max-snippet:-1","max-image-preview":"max-image-preview:large","max-video-preview":"max-video-preview:-1"},"canonical":"https:\/\/skaitytaknyga.lt\/en\/produktas\/filomena-taunyte-laimingas-seneliu-gyvenimas\/","og_locale":"en_GB","og_type":"article","og_title":"[:lt]Laimingas seneli\u0173 gyvenimas[:] - Skaitytaknyga","og_description":"Jei kas nors staiga J\u016bs\u0173 papra\u0161yt\u0173 i\u0161vardyti septynias did\u017ei\u0105sias nuod\u0117mes, ar i\u0161 karto sugeb\u0117tum\u0117te atsakyti, kad tai \u2013 puikyb\u0117, godumas, paleistuvavimas, pavydas, r\u016bstumas, persivalgymas ir persig\u0117rimas, ting\u0117jimas?  \u012e toki\u0105 kebli\u0105 pad\u0117t\u012f ne vien\u0105 savo pa\u0161nekov\u0105 yra \u012fst\u016bmusi \u0161ios knygos autor\u0117 Filomena Taunyt\u0117. Remdamasi ilgamete profesine patirtimi, gydytoja tvirtina, kad m\u016bs\u0173 nuod\u0117m\u0117s sukelia daugyb\u0119 lig\u0173, tod\u0117l naujoje savo knygoje ai\u0161kina, kaip atsikra\u010dius nuod\u0117mi\u0173 sustipr\u0117ja sielos ir k\u016bno sveikata.  Negana to, autor\u0117 \u012fsitikinusi, kad keturios did\u017eiosios doryb\u0117s \u2013 i\u0161manymas, teisingumas, tvirtumas ir susivaldymas \u2013 turi vaik\u0161\u010dioti ne po vien\u0105, o visos kartu, mat pavien\u0117 doryb\u0117 netik\u0117tai gali virsti nuod\u0117me.","og_url":"https:\/\/skaitytaknyga.lt\/en\/produktas\/filomena-taunyte-laimingas-seneliu-gyvenimas\/","og_site_name":"Skaitytaknyga","article_publisher":"https:\/\/www.facebook.com\/skaitytaknyga\/","article_modified_time":"2026-03-18T11:15:55+00:00","og_image":[{"width":273,"height":430,"url":"https:\/\/skaitytaknyga.lt\/wp-content\/uploads\/2024\/05\/1462873111_7.jpg","type":"image\/jpeg"}],"twitter_card":"summary_large_image","twitter_misc":{"Estimated reading time":"2 minutes"},"schema":{"@context":"https:\/\/schema.org","@graph":[{"@type":"WebPage","@id":"https:\/\/skaitytaknyga.lt\/produktas\/filomena-taunyte-laimingas-seneliu-gyvenimas\/","url":"https:\/\/skaitytaknyga.lt\/produktas\/filomena-taunyte-laimingas-seneliu-gyvenimas\/","name":"Laimingas seneli\u0173 gyvenimas","isPartOf":{"@id":"https:\/\/skaitytaknyga.lt\/#website"},"primaryImageOfPage":{"@id":"https:\/\/skaitytaknyga.lt\/produktas\/filomena-taunyte-laimingas-seneliu-gyvenimas\/#primaryimage"},"image":{"@id":"https:\/\/skaitytaknyga.lt\/produktas\/filomena-taunyte-laimingas-seneliu-gyvenimas\/#primaryimage"},"thumbnailUrl":"https:\/\/skaitytaknyga.lt\/wp-content\/uploads\/2024\/05\/1462873111_7.jpg","datePublished":"2024-05-04T19:44:30+00:00","dateModified":"2026-03-18T11:15:55+00:00","description":"Jei kas nors staiga J\u016bs\u0173 papra\u0161yt\u0173 i\u0161vardyti septynias did\u017ei\u0105sias nuod\u0117mes, ar i\u0161 karto sugeb\u0117tum\u0117te atsakyti, kad tai \u2013 puikyb\u0117, godumas, paleistuvavimas, pavydas, r\u016bstumas, persivalgymas ir persig\u0117rimas, ting\u0117jimas? \u012e toki\u0105 kebli\u0105 pad\u0117t\u012f ne vien\u0105 savo pa\u0161nekov\u0105 yra \u012fst\u016bmusi \u0161ios knygos autor\u0117 Filomena Taunyt\u0117. Remdamasi ilgamete profesine patirtimi, gydytoja tvirtina, kad m\u016bs\u0173 nuod\u0117m\u0117s sukelia daugyb\u0119 lig\u0173, tod\u0117l naujoje savo knygoje ai\u0161kina, kaip atsikra\u010dius nuod\u0117mi\u0173 sustipr\u0117ja sielos ir k\u016bno sveikata. Negana to, autor\u0117 \u012fsitikinusi, kad keturios did\u017eiosios doryb\u0117s \u2013 i\u0161manymas, teisingumas, tvirtumas ir susivaldymas \u2013 turi vaik\u0161\u010dioti ne po vien\u0105, o visos kartu, mat pavien\u0117 doryb\u0117 netik\u0117tai gali virsti nuod\u0117me.","breadcrumb":{"@id":"https:\/\/skaitytaknyga.lt\/produktas\/filomena-taunyte-laimingas-seneliu-gyvenimas\/#breadcrumb"},"inLanguage":"en-GB","potentialAction":[{"@type":"ReadAction","target":["https:\/\/skaitytaknyga.lt\/produktas\/filomena-taunyte-laimingas-seneliu-gyvenimas\/"]}]},{"@type":"ImageObject","inLanguage":"en-GB","@id":"https:\/\/skaitytaknyga.lt\/produktas\/filomena-taunyte-laimingas-seneliu-gyvenimas\/#primaryimage","url":"https:\/\/skaitytaknyga.lt\/wp-content\/uploads\/2024\/05\/1462873111_7.jpg","contentUrl":"https:\/\/skaitytaknyga.lt\/wp-content\/uploads\/2024\/05\/1462873111_7.jpg","width":273,"height":430},{"@type":"BreadcrumbList","@id":"https:\/\/skaitytaknyga.lt\/produktas\/filomena-taunyte-laimingas-seneliu-gyvenimas\/#breadcrumb","itemListElement":[{"@type":"ListItem","position":1,"name":"Home","item":"https:\/\/skaitytaknyga.lt\/"},{"@type":"ListItem","position":2,"name":"Parduotuv\u0117","item":"https:\/\/skaitytaknyga.lt\/knygu-parduotuve\/"},{"@type":"ListItem","position":3,"name":"Laimingas seneli\u0173 gyvenimas"}]},{"@type":"WebSite","@id":"https:\/\/skaitytaknyga.lt\/#website","url":"https:\/\/skaitytaknyga.lt\/","name":"skaitytaknyga.lt","description":"Skaitytaknyga.lt \u2013 tai ma\u017eas \u0161eimos verslas, kuris prasid\u0117jo nuo meil\u0117s knygoms ir siekio i\u0161gelb\u0117ti knygas nuo likimo prie konteinerio. Kas vienam nereikalingas daiktas \u2013 kitam lobis, o mes esame tarpininkai, kurie padeda abiems tapti laimingesniems ???? \u017dinome kaip nelengva i\u0161gyventi ma\u017eiems verslams, tad nuo \u0161iol, \u010dia rasite ir kit\u0173, ma\u017e\u0173 \u0161eim\u0173 versl\u0173, rank\u0173 darbo, dovan\u0173 sau ir artimiesiems.","publisher":{"@id":"https:\/\/skaitytaknyga.lt\/#organization"},"potentialAction":[{"@type":"SearchAction","target":{"@type":"EntryPoint","urlTemplate":"https:\/\/skaitytaknyga.lt\/?s={search_term_string}"},"query-input":{"@type":"PropertyValueSpecification","valueRequired":true,"valueName":"search_term_string"}}],"inLanguage":"en-GB"},{"@type":"Organization","@id":"https:\/\/skaitytaknyga.lt\/#organization","name":"skaitytaknyga.lt","url":"https:\/\/skaitytaknyga.lt\/","logo":{"@type":"ImageObject","inLanguage":"en-GB","@id":"https:\/\/skaitytaknyga.lt\/#\/schema\/logo\/image\/","url":"https:\/\/skaitytaknyga.lt\/wp-content\/uploads\/2024\/05\/cropped-cropped-cropped-02_00843_jt3bggkj1j3HLc7SyY6rEUpg.jpeg","contentUrl":"https:\/\/skaitytaknyga.lt\/wp-content\/uploads\/2024\/05\/cropped-cropped-cropped-02_00843_jt3bggkj1j3HLc7SyY6rEUpg.jpeg","width":1600,"height":1600,"caption":"skaitytaknyga.lt"},"image":{"@id":"https:\/\/skaitytaknyga.lt\/#\/schema\/logo\/image\/"},"sameAs":["https:\/\/www.facebook.com\/skaitytaknyga\/"]}]}},"_links":{"self":[{"href":"https:\/\/skaitytaknyga.lt\/en\/wp-json\/wp\/v2\/product\/11427","targetHints":{"allow":["GET"]}}],"collection":[{"href":"https:\/\/skaitytaknyga.lt\/en\/wp-json\/wp\/v2\/product"}],"about":[{"href":"https:\/\/skaitytaknyga.lt\/en\/wp-json\/wp\/v2\/types\/product"}],"replies":[{"embeddable":true,"href":"https:\/\/skaitytaknyga.lt\/en\/wp-json\/wp\/v2\/comments?post=11427"}],"wp:featuredmedia":[{"embeddable":true,"href":"https:\/\/skaitytaknyga.lt\/en\/wp-json\/wp\/v2\/media\/9993"}],"wp:attachment":[{"href":"https:\/\/skaitytaknyga.lt\/en\/wp-json\/wp\/v2\/media?parent=11427"}],"wp:term":[{"taxonomy":"product_brand","embeddable":true,"href":"https:\/\/skaitytaknyga.lt\/en\/wp-json\/wp\/v2\/product_brand?post=11427"},{"taxonomy":"product_cat","embeddable":true,"href":"https:\/\/skaitytaknyga.lt\/en\/wp-json\/wp\/v2\/product_cat?post=11427"},{"taxonomy":"product_tag","embeddable":true,"href":"https:\/\/skaitytaknyga.lt\/en\/wp-json\/wp\/v2\/product_tag?post=11427"}],"curies":[{"name":"wp","href":"https:\/\/api.w.org\/{rel}","templated":true}]}}