{"id":11425,"date":"2024-05-04T19:44:30","date_gmt":"2024-05-04T19:44:30","guid":{"rendered":"https:\/\/skaitytaknyga.lt\/?post_type=product&#038;p=11425"},"modified":"2026-03-18T13:05:28","modified_gmt":"2026-03-18T11:05:28","slug":"tukstantis-patarimu-geliu-augintojui","status":"publish","type":"product","link":"https:\/\/skaitytaknyga.lt\/en\/produktas\/tukstantis-patarimu-geliu-augintojui\/","title":{"rendered":"T\u016bkstantis patarim\u0173 g\u0117li\u0173 augintojui"},"content":{"rendered":"<p>Knygel\u0117je glaustai apra\u0161yta didel\u0117 \u012fvairov\u0117 augal\u0173, i\u0161 kuri\u0173 g\u0117lininkas pasirinks sau tinkamiausius. M\u0117g\u0117jas \u010dia ras ir naujovi\u0173, o kai kurie paratimai gali sukelti nauj\u0173 min\u010di\u0173, kaip papuo\u0161ti aplink\u0105.<\/p>\n","protected":false},"excerpt":{"rendered":"<p>Knyga susideda i\u0161 dviej\u0173 dali\u0173: bendrosios ir specialiosios. Pirmoje pateikiama \u017eini\u0173 apie dirvos parinkim\u0105 ir jos \u012fdirbim\u0105, tr\u0105\u0161as ir tr\u0119\u0161im\u0105, \u0161iltnami\u0173 ir inspekt\u0173 \u012frengim\u0105, g\u0117li\u0173 dauginim\u0105, apsaug\u0105 nuo kenk\u0117j\u0173 ir t.t.<\/p>\n<p>Specialiojoje dalyje duodama konkre\u010di\u0173 nurodym\u0173, kaip auginti ir pri\u017ei\u016br\u0117ti \u012fvairias g\u0117les.<\/p>\n","protected":false},"featured_media":11457,"comment_status":"closed","ping_status":"closed","template":"","meta":{"_acf_changed":false,"site-sidebar-layout":"default","site-content-layout":"","ast-site-content-layout":"default","site-content-style":"default","site-sidebar-style":"default","ast-global-header-display":"","ast-banner-title-visibility":"","ast-main-header-display":"","ast-hfb-above-header-display":"","ast-hfb-below-header-display":"","ast-hfb-mobile-header-display":"","site-post-title":"","ast-breadcrumbs-content":"","ast-featured-img":"","footer-sml-layout":"","ast-disable-related-posts":"","theme-transparent-header-meta":"","adv-header-id-meta":"","stick-header-meta":"","header-above-stick-meta":"","header-main-stick-meta":"","header-below-stick-meta":"","astra-migrate-meta-layouts":"default","ast-page-background-enabled":"default","ast-page-background-meta":{"desktop":{"background-color":"","background-image":"","background-repeat":"repeat","background-position":"center center","background-size":"auto","background-attachment":"scroll","background-type":"","background-media":"","overlay-type":"","overlay-color":"","overlay-opacity":"","overlay-gradient":""},"tablet":{"background-color":"","background-image":"","background-repeat":"repeat","background-position":"center center","background-size":"auto","background-attachment":"scroll","background-type":"","background-media":"","overlay-type":"","overlay-color":"","overlay-opacity":"","overlay-gradient":""},"mobile":{"background-color":"","background-image":"","background-repeat":"repeat","background-position":"center center","background-size":"auto","background-attachment":"scroll","background-type":"","background-media":"","overlay-type":"","overlay-color":"","overlay-opacity":"","overlay-gradient":""}},"ast-content-background-meta":{"desktop":{"background-color":"var(--ast-global-color-4)","background-image":"","background-repeat":"repeat","background-position":"center center","background-size":"auto","background-attachment":"scroll","background-type":"","background-media":"","overlay-type":"","overlay-color":"","overlay-opacity":"","overlay-gradient":""},"tablet":{"background-color":"var(--ast-global-color-4)","background-image":"","background-repeat":"repeat","background-position":"center center","background-size":"auto","background-attachment":"scroll","background-type":"","background-media":"","overlay-type":"","overlay-color":"","overlay-opacity":"","overlay-gradient":""},"mobile":{"background-color":"var(--ast-global-color-4)","background-image":"","background-repeat":"repeat","background-position":"center center","background-size":"auto","background-attachment":"scroll","background-type":"","background-media":"","overlay-type":"","overlay-color":"","overlay-opacity":"","overlay-gradient":""}}},"product_brand":[],"product_cat":[9853,74],"product_tag":[1098],"class_list":{"0":"post-11425","1":"product","2":"type-product","3":"status-publish","4":"has-post-thumbnail","6":"product_cat-augalai","7":"product_cat-sodas-darzas-ir-gelynai","8":"product_tag-geliu-auginimas","9":"desktop-align-left","10":"tablet-align-left","11":"mobile-align-left","13":"first","14":"instock","15":"shipping-taxable","16":"purchasable","17":"product-type-simple"},"acf":[],"yoast_head":"<!-- This site is optimized with the Yoast SEO plugin v27.4 - https:\/\/yoast.com\/product\/yoast-seo-wordpress\/ -->\n<title>T\u016bkstantis patarim\u0173 g\u0117li\u0173 augintojui<\/title>\n<meta name=\"description\" content=\"Knyga susideda i\u0161 dviej\u0173 dali\u0173: bendrosios ir specialiosios. Pirmoje pateikiama \u017eini\u0173 apie dirvos parinkim\u0105 ir jos \u012fdirbim\u0105, tr\u0105\u0161as ir tr\u0119\u0161im\u0105, \u0161iltnami\u0173 ir inspekt\u0173 \u012frengim\u0105, g\u0117li\u0173 dauginim\u0105, apsaug\u0105 nuo kenk\u0117j\u0173 ir t.t.  Specialiojoje dalyje duodama konkre\u010di\u0173 nurodym\u0173, kaip auginti ir pri\u017ei\u016br\u0117ti \u012fvairias g\u0117les.\" \/>\n<meta name=\"robots\" content=\"index, follow, max-snippet:-1, max-image-preview:large, max-video-preview:-1\" \/>\n<link rel=\"canonical\" href=\"https:\/\/skaitytaknyga.lt\/en\/produktas\/tukstantis-patarimu-geliu-augintojui\/\" \/>\n<meta property=\"og:locale\" content=\"en_GB\" \/>\n<meta property=\"og:locale:alternate\" content=\"lt_LT\" \/>\n<meta property=\"og:type\" content=\"article\" \/>\n<meta property=\"og:title\" content=\"T\u016bkstantis patarim\u0173 g\u0117li\u0173 augintojui\" \/>\n<meta property=\"og:description\" content=\"Knyga susideda i\u0161 dviej\u0173 dali\u0173: bendrosios ir specialiosios. Pirmoje pateikiama \u017eini\u0173 apie dirvos parinkim\u0105 ir jos \u012fdirbim\u0105, tr\u0105\u0161as ir tr\u0119\u0161im\u0105, \u0161iltnami\u0173 ir inspekt\u0173 \u012frengim\u0105, g\u0117li\u0173 dauginim\u0105, apsaug\u0105 nuo kenk\u0117j\u0173 ir t.t.  Specialiojoje dalyje duodama konkre\u010di\u0173 nurodym\u0173, kaip auginti ir pri\u017ei\u016br\u0117ti \u012fvairias g\u0117les.\" \/>\n<meta property=\"og:url\" content=\"https:\/\/skaitytaknyga.lt\/en\/produktas\/tukstantis-patarimu-geliu-augintojui\/\" \/>\n<meta property=\"og:site_name\" content=\"Skaitytaknyga\" \/>\n<meta property=\"article:publisher\" content=\"https:\/\/www.facebook.com\/skaitytaknyga\/\" \/>\n<meta property=\"article:modified_time\" content=\"2026-03-18T11:05:28+00:00\" \/>\n<meta property=\"og:image\" content=\"https:\/\/skaitytaknyga.lt\/wp-content\/uploads\/2024\/05\/20230716_182755-e1699033988917.jpg\" \/>\n\t<meta property=\"og:image:width\" content=\"1073\" \/>\n\t<meta property=\"og:image:height\" content=\"1617\" \/>\n\t<meta property=\"og:image:type\" content=\"image\/jpeg\" \/>\n<meta name=\"twitter:card\" content=\"summary_large_image\" \/>\n<script type=\"application\/ld+json\" class=\"yoast-schema-graph\">{\"@context\":\"https:\\\/\\\/schema.org\",\"@graph\":[{\"@type\":\"WebPage\",\"@id\":\"https:\\\/\\\/skaitytaknyga.lt\\\/produktas\\\/tukstantis-patarimu-geliu-augintojui\\\/\",\"url\":\"https:\\\/\\\/skaitytaknyga.lt\\\/produktas\\\/tukstantis-patarimu-geliu-augintojui\\\/\",\"name\":\"T\u016bkstantis patarim\u0173 g\u0117li\u0173 augintojui\",\"isPartOf\":{\"@id\":\"https:\\\/\\\/skaitytaknyga.lt\\\/#website\"},\"primaryImageOfPage\":{\"@id\":\"https:\\\/\\\/skaitytaknyga.lt\\\/produktas\\\/tukstantis-patarimu-geliu-augintojui\\\/#primaryimage\"},\"image\":{\"@id\":\"https:\\\/\\\/skaitytaknyga.lt\\\/produktas\\\/tukstantis-patarimu-geliu-augintojui\\\/#primaryimage\"},\"thumbnailUrl\":\"https:\\\/\\\/skaitytaknyga.lt\\\/wp-content\\\/uploads\\\/2024\\\/05\\\/20230716_182755-e1699033988917.jpg\",\"datePublished\":\"2024-05-04T19:44:30+00:00\",\"dateModified\":\"2026-03-18T11:05:28+00:00\",\"description\":\"Knyga susideda i\u0161 dviej\u0173 dali\u0173: bendrosios ir specialiosios. Pirmoje pateikiama \u017eini\u0173 apie dirvos parinkim\u0105 ir jos \u012fdirbim\u0105, tr\u0105\u0161as ir tr\u0119\u0161im\u0105, \u0161iltnami\u0173 ir inspekt\u0173 \u012frengim\u0105, g\u0117li\u0173 dauginim\u0105, apsaug\u0105 nuo kenk\u0117j\u0173 ir t.t. Specialiojoje dalyje duodama konkre\u010di\u0173 nurodym\u0173, kaip auginti ir pri\u017ei\u016br\u0117ti \u012fvairias g\u0117les.\",\"breadcrumb\":{\"@id\":\"https:\\\/\\\/skaitytaknyga.lt\\\/produktas\\\/tukstantis-patarimu-geliu-augintojui\\\/#breadcrumb\"},\"inLanguage\":\"en-GB\",\"potentialAction\":[{\"@type\":\"ReadAction\",\"target\":[\"https:\\\/\\\/skaitytaknyga.lt\\\/produktas\\\/tukstantis-patarimu-geliu-augintojui\\\/\"]}]},{\"@type\":\"ImageObject\",\"inLanguage\":\"en-GB\",\"@id\":\"https:\\\/\\\/skaitytaknyga.lt\\\/produktas\\\/tukstantis-patarimu-geliu-augintojui\\\/#primaryimage\",\"url\":\"https:\\\/\\\/skaitytaknyga.lt\\\/wp-content\\\/uploads\\\/2024\\\/05\\\/20230716_182755-e1699033988917.jpg\",\"contentUrl\":\"https:\\\/\\\/skaitytaknyga.lt\\\/wp-content\\\/uploads\\\/2024\\\/05\\\/20230716_182755-e1699033988917.jpg\",\"width\":1073,\"height\":1617},{\"@type\":\"BreadcrumbList\",\"@id\":\"https:\\\/\\\/skaitytaknyga.lt\\\/produktas\\\/tukstantis-patarimu-geliu-augintojui\\\/#breadcrumb\",\"itemListElement\":[{\"@type\":\"ListItem\",\"position\":1,\"name\":\"Home\",\"item\":\"https:\\\/\\\/skaitytaknyga.lt\\\/\"},{\"@type\":\"ListItem\",\"position\":2,\"name\":\"Parduotuv\u0117\",\"item\":\"https:\\\/\\\/skaitytaknyga.lt\\\/knygu-parduotuve\\\/\"},{\"@type\":\"ListItem\",\"position\":3,\"name\":\"T\u016bkstantis patarim\u0173 g\u0117li\u0173 augintojui\"}]},{\"@type\":\"WebSite\",\"@id\":\"https:\\\/\\\/skaitytaknyga.lt\\\/#website\",\"url\":\"https:\\\/\\\/skaitytaknyga.lt\\\/\",\"name\":\"skaitytaknyga.lt\",\"description\":\"Skaitytaknyga.lt \u2013 tai ma\u017eas \u0161eimos verslas, kuris prasid\u0117jo nuo meil\u0117s knygoms ir siekio i\u0161gelb\u0117ti knygas nuo likimo prie konteinerio. Kas vienam nereikalingas daiktas \u2013 kitam lobis, o mes esame tarpininkai, kurie padeda abiems tapti laimingesniems ???? \u017dinome kaip nelengva i\u0161gyventi ma\u017eiems verslams, tad nuo \u0161iol, \u010dia rasite ir kit\u0173, ma\u017e\u0173 \u0161eim\u0173 versl\u0173, rank\u0173 darbo, dovan\u0173 sau ir artimiesiems.\",\"publisher\":{\"@id\":\"https:\\\/\\\/skaitytaknyga.lt\\\/#organization\"},\"potentialAction\":[{\"@type\":\"SearchAction\",\"target\":{\"@type\":\"EntryPoint\",\"urlTemplate\":\"https:\\\/\\\/skaitytaknyga.lt\\\/?s={search_term_string}\"},\"query-input\":{\"@type\":\"PropertyValueSpecification\",\"valueRequired\":true,\"valueName\":\"search_term_string\"}}],\"inLanguage\":\"en-GB\"},{\"@type\":\"Organization\",\"@id\":\"https:\\\/\\\/skaitytaknyga.lt\\\/#organization\",\"name\":\"skaitytaknyga.lt\",\"url\":\"https:\\\/\\\/skaitytaknyga.lt\\\/\",\"logo\":{\"@type\":\"ImageObject\",\"inLanguage\":\"en-GB\",\"@id\":\"https:\\\/\\\/skaitytaknyga.lt\\\/#\\\/schema\\\/logo\\\/image\\\/\",\"url\":\"https:\\\/\\\/skaitytaknyga.lt\\\/wp-content\\\/uploads\\\/2024\\\/05\\\/cropped-cropped-cropped-02_00843_jt3bggkj1j3HLc7SyY6rEUpg.jpeg\",\"contentUrl\":\"https:\\\/\\\/skaitytaknyga.lt\\\/wp-content\\\/uploads\\\/2024\\\/05\\\/cropped-cropped-cropped-02_00843_jt3bggkj1j3HLc7SyY6rEUpg.jpeg\",\"width\":1600,\"height\":1600,\"caption\":\"skaitytaknyga.lt\"},\"image\":{\"@id\":\"https:\\\/\\\/skaitytaknyga.lt\\\/#\\\/schema\\\/logo\\\/image\\\/\"},\"sameAs\":[\"https:\\\/\\\/www.facebook.com\\\/skaitytaknyga\\\/\"]}]}<\/script>\n<!-- \/ Yoast SEO plugin. -->","yoast_head_json":{"title":"T\u016bkstantis patarim\u0173 g\u0117li\u0173 augintojui","description":"Knyga susideda i\u0161 dviej\u0173 dali\u0173: bendrosios ir specialiosios. Pirmoje pateikiama \u017eini\u0173 apie dirvos parinkim\u0105 ir jos \u012fdirbim\u0105, tr\u0105\u0161as ir tr\u0119\u0161im\u0105, \u0161iltnami\u0173 ir inspekt\u0173 \u012frengim\u0105, g\u0117li\u0173 dauginim\u0105, apsaug\u0105 nuo kenk\u0117j\u0173 ir t.t.  Specialiojoje dalyje duodama konkre\u010di\u0173 nurodym\u0173, kaip auginti ir pri\u017ei\u016br\u0117ti \u012fvairias g\u0117les.","robots":{"index":"index","follow":"follow","max-snippet":"max-snippet:-1","max-image-preview":"max-image-preview:large","max-video-preview":"max-video-preview:-1"},"canonical":"https:\/\/skaitytaknyga.lt\/en\/produktas\/tukstantis-patarimu-geliu-augintojui\/","og_locale":"en_GB","og_type":"article","og_title":"[:lt]T\u016bkstantis patarim\u0173 g\u0117li\u0173 augintojui[:] - Skaitytaknyga","og_description":"Knyga susideda i\u0161 dviej\u0173 dali\u0173: bendrosios ir specialiosios. Pirmoje pateikiama \u017eini\u0173 apie dirvos parinkim\u0105 ir jos \u012fdirbim\u0105, tr\u0105\u0161as ir tr\u0119\u0161im\u0105, \u0161iltnami\u0173 ir inspekt\u0173 \u012frengim\u0105, g\u0117li\u0173 dauginim\u0105, apsaug\u0105 nuo kenk\u0117j\u0173 ir t.t.  Specialiojoje dalyje duodama konkre\u010di\u0173 nurodym\u0173, kaip auginti ir pri\u017ei\u016br\u0117ti \u012fvairias g\u0117les.","og_url":"https:\/\/skaitytaknyga.lt\/en\/produktas\/tukstantis-patarimu-geliu-augintojui\/","og_site_name":"Skaitytaknyga","article_publisher":"https:\/\/www.facebook.com\/skaitytaknyga\/","article_modified_time":"2026-03-18T11:05:28+00:00","og_image":[{"width":1073,"height":1617,"url":"https:\/\/skaitytaknyga.lt\/wp-content\/uploads\/2024\/05\/20230716_182755-e1699033988917.jpg","type":"image\/jpeg"}],"twitter_card":"summary_large_image","schema":{"@context":"https:\/\/schema.org","@graph":[{"@type":"WebPage","@id":"https:\/\/skaitytaknyga.lt\/produktas\/tukstantis-patarimu-geliu-augintojui\/","url":"https:\/\/skaitytaknyga.lt\/produktas\/tukstantis-patarimu-geliu-augintojui\/","name":"T\u016bkstantis patarim\u0173 g\u0117li\u0173 augintojui","isPartOf":{"@id":"https:\/\/skaitytaknyga.lt\/#website"},"primaryImageOfPage":{"@id":"https:\/\/skaitytaknyga.lt\/produktas\/tukstantis-patarimu-geliu-augintojui\/#primaryimage"},"image":{"@id":"https:\/\/skaitytaknyga.lt\/produktas\/tukstantis-patarimu-geliu-augintojui\/#primaryimage"},"thumbnailUrl":"https:\/\/skaitytaknyga.lt\/wp-content\/uploads\/2024\/05\/20230716_182755-e1699033988917.jpg","datePublished":"2024-05-04T19:44:30+00:00","dateModified":"2026-03-18T11:05:28+00:00","description":"Knyga susideda i\u0161 dviej\u0173 dali\u0173: bendrosios ir specialiosios. Pirmoje pateikiama \u017eini\u0173 apie dirvos parinkim\u0105 ir jos \u012fdirbim\u0105, tr\u0105\u0161as ir tr\u0119\u0161im\u0105, \u0161iltnami\u0173 ir inspekt\u0173 \u012frengim\u0105, g\u0117li\u0173 dauginim\u0105, apsaug\u0105 nuo kenk\u0117j\u0173 ir t.t. Specialiojoje dalyje duodama konkre\u010di\u0173 nurodym\u0173, kaip auginti ir pri\u017ei\u016br\u0117ti \u012fvairias g\u0117les.","breadcrumb":{"@id":"https:\/\/skaitytaknyga.lt\/produktas\/tukstantis-patarimu-geliu-augintojui\/#breadcrumb"},"inLanguage":"en-GB","potentialAction":[{"@type":"ReadAction","target":["https:\/\/skaitytaknyga.lt\/produktas\/tukstantis-patarimu-geliu-augintojui\/"]}]},{"@type":"ImageObject","inLanguage":"en-GB","@id":"https:\/\/skaitytaknyga.lt\/produktas\/tukstantis-patarimu-geliu-augintojui\/#primaryimage","url":"https:\/\/skaitytaknyga.lt\/wp-content\/uploads\/2024\/05\/20230716_182755-e1699033988917.jpg","contentUrl":"https:\/\/skaitytaknyga.lt\/wp-content\/uploads\/2024\/05\/20230716_182755-e1699033988917.jpg","width":1073,"height":1617},{"@type":"BreadcrumbList","@id":"https:\/\/skaitytaknyga.lt\/produktas\/tukstantis-patarimu-geliu-augintojui\/#breadcrumb","itemListElement":[{"@type":"ListItem","position":1,"name":"Home","item":"https:\/\/skaitytaknyga.lt\/"},{"@type":"ListItem","position":2,"name":"Parduotuv\u0117","item":"https:\/\/skaitytaknyga.lt\/knygu-parduotuve\/"},{"@type":"ListItem","position":3,"name":"T\u016bkstantis patarim\u0173 g\u0117li\u0173 augintojui"}]},{"@type":"WebSite","@id":"https:\/\/skaitytaknyga.lt\/#website","url":"https:\/\/skaitytaknyga.lt\/","name":"skaitytaknyga.lt","description":"Skaitytaknyga.lt \u2013 tai ma\u017eas \u0161eimos verslas, kuris prasid\u0117jo nuo meil\u0117s knygoms ir siekio i\u0161gelb\u0117ti knygas nuo likimo prie konteinerio. Kas vienam nereikalingas daiktas \u2013 kitam lobis, o mes esame tarpininkai, kurie padeda abiems tapti laimingesniems ???? \u017dinome kaip nelengva i\u0161gyventi ma\u017eiems verslams, tad nuo \u0161iol, \u010dia rasite ir kit\u0173, ma\u017e\u0173 \u0161eim\u0173 versl\u0173, rank\u0173 darbo, dovan\u0173 sau ir artimiesiems.","publisher":{"@id":"https:\/\/skaitytaknyga.lt\/#organization"},"potentialAction":[{"@type":"SearchAction","target":{"@type":"EntryPoint","urlTemplate":"https:\/\/skaitytaknyga.lt\/?s={search_term_string}"},"query-input":{"@type":"PropertyValueSpecification","valueRequired":true,"valueName":"search_term_string"}}],"inLanguage":"en-GB"},{"@type":"Organization","@id":"https:\/\/skaitytaknyga.lt\/#organization","name":"skaitytaknyga.lt","url":"https:\/\/skaitytaknyga.lt\/","logo":{"@type":"ImageObject","inLanguage":"en-GB","@id":"https:\/\/skaitytaknyga.lt\/#\/schema\/logo\/image\/","url":"https:\/\/skaitytaknyga.lt\/wp-content\/uploads\/2024\/05\/cropped-cropped-cropped-02_00843_jt3bggkj1j3HLc7SyY6rEUpg.jpeg","contentUrl":"https:\/\/skaitytaknyga.lt\/wp-content\/uploads\/2024\/05\/cropped-cropped-cropped-02_00843_jt3bggkj1j3HLc7SyY6rEUpg.jpeg","width":1600,"height":1600,"caption":"skaitytaknyga.lt"},"image":{"@id":"https:\/\/skaitytaknyga.lt\/#\/schema\/logo\/image\/"},"sameAs":["https:\/\/www.facebook.com\/skaitytaknyga\/"]}]}},"_links":{"self":[{"href":"https:\/\/skaitytaknyga.lt\/en\/wp-json\/wp\/v2\/product\/11425","targetHints":{"allow":["GET"]}}],"collection":[{"href":"https:\/\/skaitytaknyga.lt\/en\/wp-json\/wp\/v2\/product"}],"about":[{"href":"https:\/\/skaitytaknyga.lt\/en\/wp-json\/wp\/v2\/types\/product"}],"replies":[{"embeddable":true,"href":"https:\/\/skaitytaknyga.lt\/en\/wp-json\/wp\/v2\/comments?post=11425"}],"wp:featuredmedia":[{"embeddable":true,"href":"https:\/\/skaitytaknyga.lt\/en\/wp-json\/wp\/v2\/media\/11457"}],"wp:attachment":[{"href":"https:\/\/skaitytaknyga.lt\/en\/wp-json\/wp\/v2\/media?parent=11425"}],"wp:term":[{"taxonomy":"product_brand","embeddable":true,"href":"https:\/\/skaitytaknyga.lt\/en\/wp-json\/wp\/v2\/product_brand?post=11425"},{"taxonomy":"product_cat","embeddable":true,"href":"https:\/\/skaitytaknyga.lt\/en\/wp-json\/wp\/v2\/product_cat?post=11425"},{"taxonomy":"product_tag","embeddable":true,"href":"https:\/\/skaitytaknyga.lt\/en\/wp-json\/wp\/v2\/product_tag?post=11425"}],"curies":[{"name":"wp","href":"https:\/\/api.w.org\/{rel}","templated":true}]}}