{"id":11421,"date":"2024-05-04T19:44:30","date_gmt":"2024-05-04T19:44:30","guid":{"rendered":"https:\/\/skaitytaknyga.lt\/?post_type=product&#038;p=11421"},"modified":"2026-03-18T13:16:37","modified_gmt":"2026-03-18T11:16:37","slug":"geles-ir-zolynai-liaudies-medicinoje","status":"publish","type":"product","link":"https:\/\/skaitytaknyga.lt\/en\/produktas\/geles-ir-zolynai-liaudies-medicinoje\/","title":{"rendered":"G\u0117l\u0117s ir \u017eolynai liaudies medicinoje"},"content":{"rendered":"<p>Nat\u016braliais sveikatos receptais i\u0161 gamtos gali pasinaudoti kiekvienas. \u012eveikime kasdieninius negalavimus nat\u016braliomis gamtin\u0117mis priemon\u0117mis, pasitelkdami liaudies medicinos patarimus ir receptus.<\/p>\n<p>Fitoterapija &#8211; gydymas vaistiniais augalais. Pastaraisiais metais \u017emoni\u0173 susidom\u0117jimas fitoterapija vis did\u0117ja. \u0160ioje knygoje skaitykite:<\/p>\n<ul>\n<li>floroterapija \u2013 gydymas skintomis g\u0117l\u0117mis;<\/li>\n<li>kambarini\u0173 augal\u0173 energetika ir sveikata;<\/li>\n<li>dar\u017eelio g\u0117li\u0173 vaistingosios med\u017eiagos;<\/li>\n<li>piev\u0173 ir \u017eolyn\u0173 receptai i\u0161 am\u017ei\u0173 gl\u016bdumos;<\/li>\n<li>aromaterapija ir sveikata.<\/li>\n<\/ul>\n","protected":false},"excerpt":{"rendered":"<p>Knygoje apra\u0161omi mi\u0161ke augantys vaisiniai, vaistiniai augalai, grybai, uogos.<\/p>\n<p>Nagrin\u0117jamos j\u0173 biologin\u0117s, ekologin\u0117s, biochemin\u0117s savyb\u0117s. Nurodoma kur ir kada rinkti mi\u0161ko g\u0117rybes, apib\u016bdinami maistui netinkami nuodingi ir nevalgomi grybai ir uogos.<\/p>\n","protected":false},"featured_media":11453,"comment_status":"closed","ping_status":"closed","template":"","meta":{"_acf_changed":false,"site-sidebar-layout":"default","site-content-layout":"","ast-site-content-layout":"default","site-content-style":"default","site-sidebar-style":"default","ast-global-header-display":"","ast-banner-title-visibility":"","ast-main-header-display":"","ast-hfb-above-header-display":"","ast-hfb-below-header-display":"","ast-hfb-mobile-header-display":"","site-post-title":"","ast-breadcrumbs-content":"","ast-featured-img":"","footer-sml-layout":"","ast-disable-related-posts":"","theme-transparent-header-meta":"","adv-header-id-meta":"","stick-header-meta":"","header-above-stick-meta":"","header-main-stick-meta":"","header-below-stick-meta":"","astra-migrate-meta-layouts":"default","ast-page-background-enabled":"default","ast-page-background-meta":{"desktop":{"background-color":"","background-image":"","background-repeat":"repeat","background-position":"center center","background-size":"auto","background-attachment":"scroll","background-type":"","background-media":"","overlay-type":"","overlay-color":"","overlay-opacity":"","overlay-gradient":""},"tablet":{"background-color":"","background-image":"","background-repeat":"repeat","background-position":"center center","background-size":"auto","background-attachment":"scroll","background-type":"","background-media":"","overlay-type":"","overlay-color":"","overlay-opacity":"","overlay-gradient":""},"mobile":{"background-color":"","background-image":"","background-repeat":"repeat","background-position":"center center","background-size":"auto","background-attachment":"scroll","background-type":"","background-media":"","overlay-type":"","overlay-color":"","overlay-opacity":"","overlay-gradient":""}},"ast-content-background-meta":{"desktop":{"background-color":"var(--ast-global-color-4)","background-image":"","background-repeat":"repeat","background-position":"center center","background-size":"auto","background-attachment":"scroll","background-type":"","background-media":"","overlay-type":"","overlay-color":"","overlay-opacity":"","overlay-gradient":""},"tablet":{"background-color":"var(--ast-global-color-4)","background-image":"","background-repeat":"repeat","background-position":"center center","background-size":"auto","background-attachment":"scroll","background-type":"","background-media":"","overlay-type":"","overlay-color":"","overlay-opacity":"","overlay-gradient":""},"mobile":{"background-color":"var(--ast-global-color-4)","background-image":"","background-repeat":"repeat","background-position":"center center","background-size":"auto","background-attachment":"scroll","background-type":"","background-media":"","overlay-type":"","overlay-color":"","overlay-opacity":"","overlay-gradient":""}}},"product_brand":[],"product_cat":[9853,9857,269,55],"product_tag":[],"class_list":{"0":"post-11421","1":"product","2":"type-product","3":"status-publish","4":"has-post-thumbnail","6":"product_cat-augalai","7":"product_cat-naturali-medicina","8":"product_cat-gamtos-mokslai","9":"product_cat-sveikata-ir-sveika-mityba","10":"desktop-align-left","11":"tablet-align-left","12":"mobile-align-left","14":"first","15":"outofstock","16":"shipping-taxable","17":"purchasable","18":"product-type-simple"},"acf":[],"yoast_head":"<!-- This site is optimized with the Yoast SEO plugin v27.0 - https:\/\/yoast.com\/product\/yoast-seo-wordpress\/ -->\n<title>G\u0117l\u0117s ir \u017eolynai liaudies medicinoje<\/title>\n<meta name=\"description\" content=\"Knygoje apra\u0161omi mi\u0161ke augantys vaisiniai, vaistiniai augalai, grybai, uogos.  Nagrin\u0117jamos j\u0173 biologin\u0117s, ekologin\u0117s, biochemin\u0117s savyb\u0117s. Nurodoma kur ir kada rinkti mi\u0161ko g\u0117rybes, apib\u016bdinami maistui netinkami nuodingi ir nevalgomi grybai ir uogos.\" \/>\n<meta name=\"robots\" content=\"index, follow, max-snippet:-1, max-image-preview:large, max-video-preview:-1\" \/>\n<link rel=\"canonical\" href=\"https:\/\/skaitytaknyga.lt\/en\/produktas\/geles-ir-zolynai-liaudies-medicinoje\/\" \/>\n<meta property=\"og:locale\" content=\"en_GB\" \/>\n<meta property=\"og:locale:alternate\" content=\"lt_LT\" \/>\n<meta property=\"og:type\" content=\"article\" \/>\n<meta property=\"og:title\" content=\"G\u0117l\u0117s ir \u017eolynai liaudies medicinoje\" \/>\n<meta property=\"og:description\" content=\"Knygoje apra\u0161omi mi\u0161ke augantys vaisiniai, vaistiniai augalai, grybai, uogos.  Nagrin\u0117jamos j\u0173 biologin\u0117s, ekologin\u0117s, biochemin\u0117s savyb\u0117s. Nurodoma kur ir kada rinkti mi\u0161ko g\u0117rybes, apib\u016bdinami maistui netinkami nuodingi ir nevalgomi grybai ir uogos.\" \/>\n<meta property=\"og:url\" content=\"https:\/\/skaitytaknyga.lt\/en\/produktas\/geles-ir-zolynai-liaudies-medicinoje\/\" \/>\n<meta property=\"og:site_name\" content=\"Skaitytaknyga\" \/>\n<meta property=\"article:publisher\" content=\"https:\/\/www.facebook.com\/skaitytaknyga\/\" \/>\n<meta property=\"article:modified_time\" content=\"2026-03-18T11:16:37+00:00\" \/>\n<meta property=\"og:image\" content=\"https:\/\/skaitytaknyga.lt\/wp-content\/uploads\/2024\/05\/geles-ir-zolynai-liaudies-medicinoje.jpg\" \/>\n\t<meta property=\"og:image:width\" content=\"250\" \/>\n\t<meta property=\"og:image:height\" content=\"250\" \/>\n\t<meta property=\"og:image:type\" content=\"image\/jpeg\" \/>\n<meta name=\"twitter:card\" content=\"summary_large_image\" \/>\n<script type=\"application\/ld+json\" class=\"yoast-schema-graph\">{\"@context\":\"https:\/\/schema.org\",\"@graph\":[{\"@type\":\"WebPage\",\"@id\":\"https:\/\/skaitytaknyga.lt\/produktas\/geles-ir-zolynai-liaudies-medicinoje\/\",\"url\":\"https:\/\/skaitytaknyga.lt\/produktas\/geles-ir-zolynai-liaudies-medicinoje\/\",\"name\":\"G\u0117l\u0117s ir \u017eolynai liaudies medicinoje\",\"isPartOf\":{\"@id\":\"https:\/\/skaitytaknyga.lt\/#website\"},\"primaryImageOfPage\":{\"@id\":\"https:\/\/skaitytaknyga.lt\/produktas\/geles-ir-zolynai-liaudies-medicinoje\/#primaryimage\"},\"image\":{\"@id\":\"https:\/\/skaitytaknyga.lt\/produktas\/geles-ir-zolynai-liaudies-medicinoje\/#primaryimage\"},\"thumbnailUrl\":\"https:\/\/skaitytaknyga.lt\/wp-content\/uploads\/2024\/05\/geles-ir-zolynai-liaudies-medicinoje.jpg\",\"datePublished\":\"2024-05-04T19:44:30+00:00\",\"dateModified\":\"2026-03-18T11:16:37+00:00\",\"description\":\"Knygoje apra\u0161omi mi\u0161ke augantys vaisiniai, vaistiniai augalai, grybai, uogos. Nagrin\u0117jamos j\u0173 biologin\u0117s, ekologin\u0117s, biochemin\u0117s savyb\u0117s. Nurodoma kur ir kada rinkti mi\u0161ko g\u0117rybes, apib\u016bdinami maistui netinkami nuodingi ir nevalgomi grybai ir uogos.\",\"breadcrumb\":{\"@id\":\"https:\/\/skaitytaknyga.lt\/produktas\/geles-ir-zolynai-liaudies-medicinoje\/#breadcrumb\"},\"inLanguage\":\"en-GB\",\"potentialAction\":[{\"@type\":\"ReadAction\",\"target\":[\"https:\/\/skaitytaknyga.lt\/produktas\/geles-ir-zolynai-liaudies-medicinoje\/\"]}]},{\"@type\":\"ImageObject\",\"inLanguage\":\"en-GB\",\"@id\":\"https:\/\/skaitytaknyga.lt\/produktas\/geles-ir-zolynai-liaudies-medicinoje\/#primaryimage\",\"url\":\"https:\/\/skaitytaknyga.lt\/wp-content\/uploads\/2024\/05\/geles-ir-zolynai-liaudies-medicinoje.jpg\",\"contentUrl\":\"https:\/\/skaitytaknyga.lt\/wp-content\/uploads\/2024\/05\/geles-ir-zolynai-liaudies-medicinoje.jpg\",\"width\":250,\"height\":250},{\"@type\":\"BreadcrumbList\",\"@id\":\"https:\/\/skaitytaknyga.lt\/produktas\/geles-ir-zolynai-liaudies-medicinoje\/#breadcrumb\",\"itemListElement\":[{\"@type\":\"ListItem\",\"position\":1,\"name\":\"Home\",\"item\":\"https:\/\/skaitytaknyga.lt\/\"},{\"@type\":\"ListItem\",\"position\":2,\"name\":\"Parduotuv\u0117\",\"item\":\"https:\/\/skaitytaknyga.lt\/knygu-parduotuve\/\"},{\"@type\":\"ListItem\",\"position\":3,\"name\":\"G\u0117l\u0117s ir \u017eolynai liaudies medicinoje\"}]},{\"@type\":\"WebSite\",\"@id\":\"https:\/\/skaitytaknyga.lt\/#website\",\"url\":\"https:\/\/skaitytaknyga.lt\/\",\"name\":\"skaitytaknyga.lt\",\"description\":\"Skaitytaknyga.lt \u2013 tai ma\u017eas \u0161eimos verslas, kuris prasid\u0117jo nuo meil\u0117s knygoms ir siekio i\u0161gelb\u0117ti knygas nuo likimo prie konteinerio. Kas vienam nereikalingas daiktas \u2013 kitam lobis, o mes esame tarpininkai, kurie padeda abiems tapti laimingesniems ???? \u017dinome kaip nelengva i\u0161gyventi ma\u017eiems verslams, tad nuo \u0161iol, \u010dia rasite ir kit\u0173, ma\u017e\u0173 \u0161eim\u0173 versl\u0173, rank\u0173 darbo, dovan\u0173 sau ir artimiesiems.\",\"publisher\":{\"@id\":\"https:\/\/skaitytaknyga.lt\/#organization\"},\"potentialAction\":[{\"@type\":\"SearchAction\",\"target\":{\"@type\":\"EntryPoint\",\"urlTemplate\":\"https:\/\/skaitytaknyga.lt\/?s={search_term_string}\"},\"query-input\":{\"@type\":\"PropertyValueSpecification\",\"valueRequired\":true,\"valueName\":\"search_term_string\"}}],\"inLanguage\":\"en-GB\"},{\"@type\":\"Organization\",\"@id\":\"https:\/\/skaitytaknyga.lt\/#organization\",\"name\":\"skaitytaknyga.lt\",\"url\":\"https:\/\/skaitytaknyga.lt\/\",\"logo\":{\"@type\":\"ImageObject\",\"inLanguage\":\"en-GB\",\"@id\":\"https:\/\/skaitytaknyga.lt\/#\/schema\/logo\/image\/\",\"url\":\"https:\/\/skaitytaknyga.lt\/wp-content\/uploads\/2024\/05\/cropped-cropped-cropped-02_00843_jt3bggkj1j3HLc7SyY6rEUpg.jpeg\",\"contentUrl\":\"https:\/\/skaitytaknyga.lt\/wp-content\/uploads\/2024\/05\/cropped-cropped-cropped-02_00843_jt3bggkj1j3HLc7SyY6rEUpg.jpeg\",\"width\":1600,\"height\":1600,\"caption\":\"skaitytaknyga.lt\"},\"image\":{\"@id\":\"https:\/\/skaitytaknyga.lt\/#\/schema\/logo\/image\/\"},\"sameAs\":[\"https:\/\/www.facebook.com\/skaitytaknyga\/\"]}]}<\/script>\n<!-- \/ Yoast SEO plugin. -->","yoast_head_json":{"title":"G\u0117l\u0117s ir \u017eolynai liaudies medicinoje","description":"Knygoje apra\u0161omi mi\u0161ke augantys vaisiniai, vaistiniai augalai, grybai, uogos.  Nagrin\u0117jamos j\u0173 biologin\u0117s, ekologin\u0117s, biochemin\u0117s savyb\u0117s. Nurodoma kur ir kada rinkti mi\u0161ko g\u0117rybes, apib\u016bdinami maistui netinkami nuodingi ir nevalgomi grybai ir uogos.","robots":{"index":"index","follow":"follow","max-snippet":"max-snippet:-1","max-image-preview":"max-image-preview:large","max-video-preview":"max-video-preview:-1"},"canonical":"https:\/\/skaitytaknyga.lt\/en\/produktas\/geles-ir-zolynai-liaudies-medicinoje\/","og_locale":"en_GB","og_type":"article","og_title":"[:lt]G\u0117l\u0117s ir \u017eolynai liaudies medicinoje[:] - Skaitytaknyga","og_description":"Knygoje apra\u0161omi mi\u0161ke augantys vaisiniai, vaistiniai augalai, grybai, uogos.  Nagrin\u0117jamos j\u0173 biologin\u0117s, ekologin\u0117s, biochemin\u0117s savyb\u0117s. Nurodoma kur ir kada rinkti mi\u0161ko g\u0117rybes, apib\u016bdinami maistui netinkami nuodingi ir nevalgomi grybai ir uogos.","og_url":"https:\/\/skaitytaknyga.lt\/en\/produktas\/geles-ir-zolynai-liaudies-medicinoje\/","og_site_name":"Skaitytaknyga","article_publisher":"https:\/\/www.facebook.com\/skaitytaknyga\/","article_modified_time":"2026-03-18T11:16:37+00:00","og_image":[{"width":250,"height":250,"url":"https:\/\/skaitytaknyga.lt\/wp-content\/uploads\/2024\/05\/geles-ir-zolynai-liaudies-medicinoje.jpg","type":"image\/jpeg"}],"twitter_card":"summary_large_image","schema":{"@context":"https:\/\/schema.org","@graph":[{"@type":"WebPage","@id":"https:\/\/skaitytaknyga.lt\/produktas\/geles-ir-zolynai-liaudies-medicinoje\/","url":"https:\/\/skaitytaknyga.lt\/produktas\/geles-ir-zolynai-liaudies-medicinoje\/","name":"G\u0117l\u0117s ir \u017eolynai liaudies medicinoje","isPartOf":{"@id":"https:\/\/skaitytaknyga.lt\/#website"},"primaryImageOfPage":{"@id":"https:\/\/skaitytaknyga.lt\/produktas\/geles-ir-zolynai-liaudies-medicinoje\/#primaryimage"},"image":{"@id":"https:\/\/skaitytaknyga.lt\/produktas\/geles-ir-zolynai-liaudies-medicinoje\/#primaryimage"},"thumbnailUrl":"https:\/\/skaitytaknyga.lt\/wp-content\/uploads\/2024\/05\/geles-ir-zolynai-liaudies-medicinoje.jpg","datePublished":"2024-05-04T19:44:30+00:00","dateModified":"2026-03-18T11:16:37+00:00","description":"Knygoje apra\u0161omi mi\u0161ke augantys vaisiniai, vaistiniai augalai, grybai, uogos. Nagrin\u0117jamos j\u0173 biologin\u0117s, ekologin\u0117s, biochemin\u0117s savyb\u0117s. Nurodoma kur ir kada rinkti mi\u0161ko g\u0117rybes, apib\u016bdinami maistui netinkami nuodingi ir nevalgomi grybai ir uogos.","breadcrumb":{"@id":"https:\/\/skaitytaknyga.lt\/produktas\/geles-ir-zolynai-liaudies-medicinoje\/#breadcrumb"},"inLanguage":"en-GB","potentialAction":[{"@type":"ReadAction","target":["https:\/\/skaitytaknyga.lt\/produktas\/geles-ir-zolynai-liaudies-medicinoje\/"]}]},{"@type":"ImageObject","inLanguage":"en-GB","@id":"https:\/\/skaitytaknyga.lt\/produktas\/geles-ir-zolynai-liaudies-medicinoje\/#primaryimage","url":"https:\/\/skaitytaknyga.lt\/wp-content\/uploads\/2024\/05\/geles-ir-zolynai-liaudies-medicinoje.jpg","contentUrl":"https:\/\/skaitytaknyga.lt\/wp-content\/uploads\/2024\/05\/geles-ir-zolynai-liaudies-medicinoje.jpg","width":250,"height":250},{"@type":"BreadcrumbList","@id":"https:\/\/skaitytaknyga.lt\/produktas\/geles-ir-zolynai-liaudies-medicinoje\/#breadcrumb","itemListElement":[{"@type":"ListItem","position":1,"name":"Home","item":"https:\/\/skaitytaknyga.lt\/"},{"@type":"ListItem","position":2,"name":"Parduotuv\u0117","item":"https:\/\/skaitytaknyga.lt\/knygu-parduotuve\/"},{"@type":"ListItem","position":3,"name":"G\u0117l\u0117s ir \u017eolynai liaudies medicinoje"}]},{"@type":"WebSite","@id":"https:\/\/skaitytaknyga.lt\/#website","url":"https:\/\/skaitytaknyga.lt\/","name":"skaitytaknyga.lt","description":"Skaitytaknyga.lt \u2013 tai ma\u017eas \u0161eimos verslas, kuris prasid\u0117jo nuo meil\u0117s knygoms ir siekio i\u0161gelb\u0117ti knygas nuo likimo prie konteinerio. Kas vienam nereikalingas daiktas \u2013 kitam lobis, o mes esame tarpininkai, kurie padeda abiems tapti laimingesniems ???? \u017dinome kaip nelengva i\u0161gyventi ma\u017eiems verslams, tad nuo \u0161iol, \u010dia rasite ir kit\u0173, ma\u017e\u0173 \u0161eim\u0173 versl\u0173, rank\u0173 darbo, dovan\u0173 sau ir artimiesiems.","publisher":{"@id":"https:\/\/skaitytaknyga.lt\/#organization"},"potentialAction":[{"@type":"SearchAction","target":{"@type":"EntryPoint","urlTemplate":"https:\/\/skaitytaknyga.lt\/?s={search_term_string}"},"query-input":{"@type":"PropertyValueSpecification","valueRequired":true,"valueName":"search_term_string"}}],"inLanguage":"en-GB"},{"@type":"Organization","@id":"https:\/\/skaitytaknyga.lt\/#organization","name":"skaitytaknyga.lt","url":"https:\/\/skaitytaknyga.lt\/","logo":{"@type":"ImageObject","inLanguage":"en-GB","@id":"https:\/\/skaitytaknyga.lt\/#\/schema\/logo\/image\/","url":"https:\/\/skaitytaknyga.lt\/wp-content\/uploads\/2024\/05\/cropped-cropped-cropped-02_00843_jt3bggkj1j3HLc7SyY6rEUpg.jpeg","contentUrl":"https:\/\/skaitytaknyga.lt\/wp-content\/uploads\/2024\/05\/cropped-cropped-cropped-02_00843_jt3bggkj1j3HLc7SyY6rEUpg.jpeg","width":1600,"height":1600,"caption":"skaitytaknyga.lt"},"image":{"@id":"https:\/\/skaitytaknyga.lt\/#\/schema\/logo\/image\/"},"sameAs":["https:\/\/www.facebook.com\/skaitytaknyga\/"]}]}},"_links":{"self":[{"href":"https:\/\/skaitytaknyga.lt\/en\/wp-json\/wp\/v2\/product\/11421","targetHints":{"allow":["GET"]}}],"collection":[{"href":"https:\/\/skaitytaknyga.lt\/en\/wp-json\/wp\/v2\/product"}],"about":[{"href":"https:\/\/skaitytaknyga.lt\/en\/wp-json\/wp\/v2\/types\/product"}],"replies":[{"embeddable":true,"href":"https:\/\/skaitytaknyga.lt\/en\/wp-json\/wp\/v2\/comments?post=11421"}],"wp:featuredmedia":[{"embeddable":true,"href":"https:\/\/skaitytaknyga.lt\/en\/wp-json\/wp\/v2\/media\/11453"}],"wp:attachment":[{"href":"https:\/\/skaitytaknyga.lt\/en\/wp-json\/wp\/v2\/media?parent=11421"}],"wp:term":[{"taxonomy":"product_brand","embeddable":true,"href":"https:\/\/skaitytaknyga.lt\/en\/wp-json\/wp\/v2\/product_brand?post=11421"},{"taxonomy":"product_cat","embeddable":true,"href":"https:\/\/skaitytaknyga.lt\/en\/wp-json\/wp\/v2\/product_cat?post=11421"},{"taxonomy":"product_tag","embeddable":true,"href":"https:\/\/skaitytaknyga.lt\/en\/wp-json\/wp\/v2\/product_tag?post=11421"}],"curies":[{"name":"wp","href":"https:\/\/api.w.org\/{rel}","templated":true}]}}