{"id":11420,"date":"2024-05-04T19:44:30","date_gmt":"2024-05-04T19:44:30","guid":{"rendered":"https:\/\/skaitytaknyga.lt\/?post_type=product&#038;p=11420"},"modified":"2026-03-18T13:02:50","modified_gmt":"2026-03-18T11:02:50","slug":"kam-tinka-augalai-yra-kelios-demeles","status":"publish","type":"product","link":"https:\/\/skaitytaknyga.lt\/en\/produktas\/kam-tinka-augalai-yra-kelios-demeles\/","title":{"rendered":"\u201eKam tinka augalai\u201c (yra kelios d\u0117mel\u0117s)"},"content":{"rendered":"<p>Leidinyje pasakojama apie \u012fvairi\u0173 augal\u0173 praktin\u0119 naud\u0105, gydom\u0105sias ir maistines savybes.<\/p>\n<p>Pateikiama patarim\u0173, kaip i\u0161 augal\u0173 paruo\u0161ti ne\u012fprast\u0173, bet maisting\u0173 patiekal\u0173.<\/p>\n","protected":false},"excerpt":{"rendered":"<p>Knygoje apra\u0161omi mi\u0161ke augantys vaisiniai, vaistiniai augalai, grybai, uogos.<\/p>\n<p>Nagrin\u0117jamos j\u0173 biologin\u0117s, ekologin\u0117s, biochemin\u0117s savyb\u0117s. Nurodoma kur ir kada rinkti mi\u0161ko g\u0117rybes, apib\u016bdinami maistui netinkami nuodingi ir nevalgomi grybai ir uogos.<\/p>\n","protected":false},"featured_media":11445,"comment_status":"closed","ping_status":"closed","template":"","meta":{"_acf_changed":false,"site-sidebar-layout":"default","site-content-layout":"","ast-site-content-layout":"default","site-content-style":"default","site-sidebar-style":"default","ast-global-header-display":"","ast-banner-title-visibility":"","ast-main-header-display":"","ast-hfb-above-header-display":"","ast-hfb-below-header-display":"","ast-hfb-mobile-header-display":"","site-post-title":"","ast-breadcrumbs-content":"","ast-featured-img":"","footer-sml-layout":"","ast-disable-related-posts":"","theme-transparent-header-meta":"","adv-header-id-meta":"","stick-header-meta":"","header-above-stick-meta":"","header-main-stick-meta":"","header-below-stick-meta":"","astra-migrate-meta-layouts":"default","ast-page-background-enabled":"default","ast-page-background-meta":{"desktop":{"background-color":"","background-image":"","background-repeat":"repeat","background-position":"center center","background-size":"auto","background-attachment":"scroll","background-type":"","background-media":"","overlay-type":"","overlay-color":"","overlay-opacity":"","overlay-gradient":""},"tablet":{"background-color":"","background-image":"","background-repeat":"repeat","background-position":"center center","background-size":"auto","background-attachment":"scroll","background-type":"","background-media":"","overlay-type":"","overlay-color":"","overlay-opacity":"","overlay-gradient":""},"mobile":{"background-color":"","background-image":"","background-repeat":"repeat","background-position":"center center","background-size":"auto","background-attachment":"scroll","background-type":"","background-media":"","overlay-type":"","overlay-color":"","overlay-opacity":"","overlay-gradient":""}},"ast-content-background-meta":{"desktop":{"background-color":"var(--ast-global-color-4)","background-image":"","background-repeat":"repeat","background-position":"center center","background-size":"auto","background-attachment":"scroll","background-type":"","background-media":"","overlay-type":"","overlay-color":"","overlay-opacity":"","overlay-gradient":""},"tablet":{"background-color":"var(--ast-global-color-4)","background-image":"","background-repeat":"repeat","background-position":"center center","background-size":"auto","background-attachment":"scroll","background-type":"","background-media":"","overlay-type":"","overlay-color":"","overlay-opacity":"","overlay-gradient":""},"mobile":{"background-color":"var(--ast-global-color-4)","background-image":"","background-repeat":"repeat","background-position":"center center","background-size":"auto","background-attachment":"scroll","background-type":"","background-media":"","overlay-type":"","overlay-color":"","overlay-opacity":"","overlay-gradient":""}}},"product_brand":[],"product_cat":[9853,269],"product_tag":[],"class_list":{"0":"post-11420","1":"product","2":"type-product","3":"status-publish","4":"has-post-thumbnail","6":"product_cat-augalai","7":"product_cat-gamtos-mokslai","8":"desktop-align-left","9":"tablet-align-left","10":"mobile-align-left","12":"first","13":"instock","14":"shipping-taxable","15":"purchasable","16":"product-type-simple"},"acf":[],"yoast_head":"<!-- This site is optimized with the Yoast SEO plugin v27.0 - https:\/\/yoast.com\/product\/yoast-seo-wordpress\/ -->\n<title>\u201eKam tinka augalai\u201c (yra kelios d\u0117mel\u0117s)<\/title>\n<meta name=\"description\" content=\"Knygoje apra\u0161omi mi\u0161ke augantys vaisiniai, vaistiniai augalai, grybai, uogos.  Nagrin\u0117jamos j\u0173 biologin\u0117s, ekologin\u0117s, biochemin\u0117s savyb\u0117s. Nurodoma kur ir kada rinkti mi\u0161ko g\u0117rybes, apib\u016bdinami maistui netinkami nuodingi ir nevalgomi grybai ir uogos.\" \/>\n<meta name=\"robots\" content=\"index, follow, max-snippet:-1, max-image-preview:large, max-video-preview:-1\" \/>\n<link rel=\"canonical\" href=\"https:\/\/skaitytaknyga.lt\/en\/produktas\/kam-tinka-augalai-yra-kelios-demeles\/\" \/>\n<meta property=\"og:locale\" content=\"en_GB\" \/>\n<meta property=\"og:locale:alternate\" content=\"lt_LT\" \/>\n<meta property=\"og:type\" content=\"article\" \/>\n<meta property=\"og:title\" content=\"\u201eKam tinka augalai\u201c (yra kelios d\u0117mel\u0117s)\" \/>\n<meta property=\"og:description\" content=\"Knygoje apra\u0161omi mi\u0161ke augantys vaisiniai, vaistiniai augalai, grybai, uogos.  Nagrin\u0117jamos j\u0173 biologin\u0117s, ekologin\u0117s, biochemin\u0117s savyb\u0117s. Nurodoma kur ir kada rinkti mi\u0161ko g\u0117rybes, apib\u016bdinami maistui netinkami nuodingi ir nevalgomi grybai ir uogos.\" \/>\n<meta property=\"og:url\" content=\"https:\/\/skaitytaknyga.lt\/en\/produktas\/kam-tinka-augalai-yra-kelios-demeles\/\" \/>\n<meta property=\"og:site_name\" content=\"Skaitytaknyga\" \/>\n<meta property=\"article:publisher\" content=\"https:\/\/www.facebook.com\/skaitytaknyga\/\" \/>\n<meta property=\"article:modified_time\" content=\"2026-03-18T11:02:50+00:00\" \/>\n<meta property=\"og:image\" content=\"https:\/\/skaitytaknyga.lt\/wp-content\/uploads\/2024\/05\/kam-tinka-augalai-2-1-e1699032765964.jpg\" \/>\n\t<meta property=\"og:image:width\" content=\"966\" \/>\n\t<meta property=\"og:image:height\" content=\"1507\" \/>\n\t<meta property=\"og:image:type\" content=\"image\/jpeg\" \/>\n<meta name=\"twitter:card\" content=\"summary_large_image\" \/>\n<script type=\"application\/ld+json\" class=\"yoast-schema-graph\">{\"@context\":\"https:\/\/schema.org\",\"@graph\":[{\"@type\":\"WebPage\",\"@id\":\"https:\/\/skaitytaknyga.lt\/produktas\/kam-tinka-augalai-yra-kelios-demeles\/\",\"url\":\"https:\/\/skaitytaknyga.lt\/produktas\/kam-tinka-augalai-yra-kelios-demeles\/\",\"name\":\"\u201eKam tinka augalai\u201c (yra kelios d\u0117mel\u0117s)\",\"isPartOf\":{\"@id\":\"https:\/\/skaitytaknyga.lt\/#website\"},\"primaryImageOfPage\":{\"@id\":\"https:\/\/skaitytaknyga.lt\/produktas\/kam-tinka-augalai-yra-kelios-demeles\/#primaryimage\"},\"image\":{\"@id\":\"https:\/\/skaitytaknyga.lt\/produktas\/kam-tinka-augalai-yra-kelios-demeles\/#primaryimage\"},\"thumbnailUrl\":\"https:\/\/skaitytaknyga.lt\/wp-content\/uploads\/2024\/05\/kam-tinka-augalai-2-1-e1699032765964.jpg\",\"datePublished\":\"2024-05-04T19:44:30+00:00\",\"dateModified\":\"2026-03-18T11:02:50+00:00\",\"description\":\"Knygoje apra\u0161omi mi\u0161ke augantys vaisiniai, vaistiniai augalai, grybai, uogos. Nagrin\u0117jamos j\u0173 biologin\u0117s, ekologin\u0117s, biochemin\u0117s savyb\u0117s. Nurodoma kur ir kada rinkti mi\u0161ko g\u0117rybes, apib\u016bdinami maistui netinkami nuodingi ir nevalgomi grybai ir uogos.\",\"breadcrumb\":{\"@id\":\"https:\/\/skaitytaknyga.lt\/produktas\/kam-tinka-augalai-yra-kelios-demeles\/#breadcrumb\"},\"inLanguage\":\"en-GB\",\"potentialAction\":[{\"@type\":\"ReadAction\",\"target\":[\"https:\/\/skaitytaknyga.lt\/produktas\/kam-tinka-augalai-yra-kelios-demeles\/\"]}]},{\"@type\":\"ImageObject\",\"inLanguage\":\"en-GB\",\"@id\":\"https:\/\/skaitytaknyga.lt\/produktas\/kam-tinka-augalai-yra-kelios-demeles\/#primaryimage\",\"url\":\"https:\/\/skaitytaknyga.lt\/wp-content\/uploads\/2024\/05\/kam-tinka-augalai-2-1-e1699032765964.jpg\",\"contentUrl\":\"https:\/\/skaitytaknyga.lt\/wp-content\/uploads\/2024\/05\/kam-tinka-augalai-2-1-e1699032765964.jpg\",\"width\":966,\"height\":1507},{\"@type\":\"BreadcrumbList\",\"@id\":\"https:\/\/skaitytaknyga.lt\/produktas\/kam-tinka-augalai-yra-kelios-demeles\/#breadcrumb\",\"itemListElement\":[{\"@type\":\"ListItem\",\"position\":1,\"name\":\"Home\",\"item\":\"https:\/\/skaitytaknyga.lt\/\"},{\"@type\":\"ListItem\",\"position\":2,\"name\":\"Parduotuv\u0117\",\"item\":\"https:\/\/skaitytaknyga.lt\/knygu-parduotuve\/\"},{\"@type\":\"ListItem\",\"position\":3,\"name\":\"\u201eKam tinka augalai\u201c (yra kelios d\u0117mel\u0117s)\"}]},{\"@type\":\"WebSite\",\"@id\":\"https:\/\/skaitytaknyga.lt\/#website\",\"url\":\"https:\/\/skaitytaknyga.lt\/\",\"name\":\"skaitytaknyga.lt\",\"description\":\"Skaitytaknyga.lt \u2013 tai ma\u017eas \u0161eimos verslas, kuris prasid\u0117jo nuo meil\u0117s knygoms ir siekio i\u0161gelb\u0117ti knygas nuo likimo prie konteinerio. Kas vienam nereikalingas daiktas \u2013 kitam lobis, o mes esame tarpininkai, kurie padeda abiems tapti laimingesniems ???? \u017dinome kaip nelengva i\u0161gyventi ma\u017eiems verslams, tad nuo \u0161iol, \u010dia rasite ir kit\u0173, ma\u017e\u0173 \u0161eim\u0173 versl\u0173, rank\u0173 darbo, dovan\u0173 sau ir artimiesiems.\",\"publisher\":{\"@id\":\"https:\/\/skaitytaknyga.lt\/#organization\"},\"potentialAction\":[{\"@type\":\"SearchAction\",\"target\":{\"@type\":\"EntryPoint\",\"urlTemplate\":\"https:\/\/skaitytaknyga.lt\/?s={search_term_string}\"},\"query-input\":{\"@type\":\"PropertyValueSpecification\",\"valueRequired\":true,\"valueName\":\"search_term_string\"}}],\"inLanguage\":\"en-GB\"},{\"@type\":\"Organization\",\"@id\":\"https:\/\/skaitytaknyga.lt\/#organization\",\"name\":\"skaitytaknyga.lt\",\"url\":\"https:\/\/skaitytaknyga.lt\/\",\"logo\":{\"@type\":\"ImageObject\",\"inLanguage\":\"en-GB\",\"@id\":\"https:\/\/skaitytaknyga.lt\/#\/schema\/logo\/image\/\",\"url\":\"https:\/\/skaitytaknyga.lt\/wp-content\/uploads\/2024\/05\/cropped-cropped-cropped-02_00843_jt3bggkj1j3HLc7SyY6rEUpg.jpeg\",\"contentUrl\":\"https:\/\/skaitytaknyga.lt\/wp-content\/uploads\/2024\/05\/cropped-cropped-cropped-02_00843_jt3bggkj1j3HLc7SyY6rEUpg.jpeg\",\"width\":1600,\"height\":1600,\"caption\":\"skaitytaknyga.lt\"},\"image\":{\"@id\":\"https:\/\/skaitytaknyga.lt\/#\/schema\/logo\/image\/\"},\"sameAs\":[\"https:\/\/www.facebook.com\/skaitytaknyga\/\"]}]}<\/script>\n<!-- \/ Yoast SEO plugin. -->","yoast_head_json":{"title":"\u201eKam tinka augalai\u201c (yra kelios d\u0117mel\u0117s)","description":"Knygoje apra\u0161omi mi\u0161ke augantys vaisiniai, vaistiniai augalai, grybai, uogos.  Nagrin\u0117jamos j\u0173 biologin\u0117s, ekologin\u0117s, biochemin\u0117s savyb\u0117s. Nurodoma kur ir kada rinkti mi\u0161ko g\u0117rybes, apib\u016bdinami maistui netinkami nuodingi ir nevalgomi grybai ir uogos.","robots":{"index":"index","follow":"follow","max-snippet":"max-snippet:-1","max-image-preview":"max-image-preview:large","max-video-preview":"max-video-preview:-1"},"canonical":"https:\/\/skaitytaknyga.lt\/en\/produktas\/kam-tinka-augalai-yra-kelios-demeles\/","og_locale":"en_GB","og_type":"article","og_title":"[:lt]\u201eKam tinka augalai\u201c (yra kelios d\u0117mel\u0117s)[:] - Skaitytaknyga","og_description":"Knygoje apra\u0161omi mi\u0161ke augantys vaisiniai, vaistiniai augalai, grybai, uogos.  Nagrin\u0117jamos j\u0173 biologin\u0117s, ekologin\u0117s, biochemin\u0117s savyb\u0117s. Nurodoma kur ir kada rinkti mi\u0161ko g\u0117rybes, apib\u016bdinami maistui netinkami nuodingi ir nevalgomi grybai ir uogos.","og_url":"https:\/\/skaitytaknyga.lt\/en\/produktas\/kam-tinka-augalai-yra-kelios-demeles\/","og_site_name":"Skaitytaknyga","article_publisher":"https:\/\/www.facebook.com\/skaitytaknyga\/","article_modified_time":"2026-03-18T11:02:50+00:00","og_image":[{"width":966,"height":1507,"url":"https:\/\/skaitytaknyga.lt\/wp-content\/uploads\/2024\/05\/kam-tinka-augalai-2-1-e1699032765964.jpg","type":"image\/jpeg"}],"twitter_card":"summary_large_image","schema":{"@context":"https:\/\/schema.org","@graph":[{"@type":"WebPage","@id":"https:\/\/skaitytaknyga.lt\/produktas\/kam-tinka-augalai-yra-kelios-demeles\/","url":"https:\/\/skaitytaknyga.lt\/produktas\/kam-tinka-augalai-yra-kelios-demeles\/","name":"\u201eKam tinka augalai\u201c (yra kelios d\u0117mel\u0117s)","isPartOf":{"@id":"https:\/\/skaitytaknyga.lt\/#website"},"primaryImageOfPage":{"@id":"https:\/\/skaitytaknyga.lt\/produktas\/kam-tinka-augalai-yra-kelios-demeles\/#primaryimage"},"image":{"@id":"https:\/\/skaitytaknyga.lt\/produktas\/kam-tinka-augalai-yra-kelios-demeles\/#primaryimage"},"thumbnailUrl":"https:\/\/skaitytaknyga.lt\/wp-content\/uploads\/2024\/05\/kam-tinka-augalai-2-1-e1699032765964.jpg","datePublished":"2024-05-04T19:44:30+00:00","dateModified":"2026-03-18T11:02:50+00:00","description":"Knygoje apra\u0161omi mi\u0161ke augantys vaisiniai, vaistiniai augalai, grybai, uogos. Nagrin\u0117jamos j\u0173 biologin\u0117s, ekologin\u0117s, biochemin\u0117s savyb\u0117s. Nurodoma kur ir kada rinkti mi\u0161ko g\u0117rybes, apib\u016bdinami maistui netinkami nuodingi ir nevalgomi grybai ir uogos.","breadcrumb":{"@id":"https:\/\/skaitytaknyga.lt\/produktas\/kam-tinka-augalai-yra-kelios-demeles\/#breadcrumb"},"inLanguage":"en-GB","potentialAction":[{"@type":"ReadAction","target":["https:\/\/skaitytaknyga.lt\/produktas\/kam-tinka-augalai-yra-kelios-demeles\/"]}]},{"@type":"ImageObject","inLanguage":"en-GB","@id":"https:\/\/skaitytaknyga.lt\/produktas\/kam-tinka-augalai-yra-kelios-demeles\/#primaryimage","url":"https:\/\/skaitytaknyga.lt\/wp-content\/uploads\/2024\/05\/kam-tinka-augalai-2-1-e1699032765964.jpg","contentUrl":"https:\/\/skaitytaknyga.lt\/wp-content\/uploads\/2024\/05\/kam-tinka-augalai-2-1-e1699032765964.jpg","width":966,"height":1507},{"@type":"BreadcrumbList","@id":"https:\/\/skaitytaknyga.lt\/produktas\/kam-tinka-augalai-yra-kelios-demeles\/#breadcrumb","itemListElement":[{"@type":"ListItem","position":1,"name":"Home","item":"https:\/\/skaitytaknyga.lt\/"},{"@type":"ListItem","position":2,"name":"Parduotuv\u0117","item":"https:\/\/skaitytaknyga.lt\/knygu-parduotuve\/"},{"@type":"ListItem","position":3,"name":"\u201eKam tinka augalai\u201c (yra kelios d\u0117mel\u0117s)"}]},{"@type":"WebSite","@id":"https:\/\/skaitytaknyga.lt\/#website","url":"https:\/\/skaitytaknyga.lt\/","name":"skaitytaknyga.lt","description":"Skaitytaknyga.lt \u2013 tai ma\u017eas \u0161eimos verslas, kuris prasid\u0117jo nuo meil\u0117s knygoms ir siekio i\u0161gelb\u0117ti knygas nuo likimo prie konteinerio. Kas vienam nereikalingas daiktas \u2013 kitam lobis, o mes esame tarpininkai, kurie padeda abiems tapti laimingesniems ???? \u017dinome kaip nelengva i\u0161gyventi ma\u017eiems verslams, tad nuo \u0161iol, \u010dia rasite ir kit\u0173, ma\u017e\u0173 \u0161eim\u0173 versl\u0173, rank\u0173 darbo, dovan\u0173 sau ir artimiesiems.","publisher":{"@id":"https:\/\/skaitytaknyga.lt\/#organization"},"potentialAction":[{"@type":"SearchAction","target":{"@type":"EntryPoint","urlTemplate":"https:\/\/skaitytaknyga.lt\/?s={search_term_string}"},"query-input":{"@type":"PropertyValueSpecification","valueRequired":true,"valueName":"search_term_string"}}],"inLanguage":"en-GB"},{"@type":"Organization","@id":"https:\/\/skaitytaknyga.lt\/#organization","name":"skaitytaknyga.lt","url":"https:\/\/skaitytaknyga.lt\/","logo":{"@type":"ImageObject","inLanguage":"en-GB","@id":"https:\/\/skaitytaknyga.lt\/#\/schema\/logo\/image\/","url":"https:\/\/skaitytaknyga.lt\/wp-content\/uploads\/2024\/05\/cropped-cropped-cropped-02_00843_jt3bggkj1j3HLc7SyY6rEUpg.jpeg","contentUrl":"https:\/\/skaitytaknyga.lt\/wp-content\/uploads\/2024\/05\/cropped-cropped-cropped-02_00843_jt3bggkj1j3HLc7SyY6rEUpg.jpeg","width":1600,"height":1600,"caption":"skaitytaknyga.lt"},"image":{"@id":"https:\/\/skaitytaknyga.lt\/#\/schema\/logo\/image\/"},"sameAs":["https:\/\/www.facebook.com\/skaitytaknyga\/"]}]}},"_links":{"self":[{"href":"https:\/\/skaitytaknyga.lt\/en\/wp-json\/wp\/v2\/product\/11420","targetHints":{"allow":["GET"]}}],"collection":[{"href":"https:\/\/skaitytaknyga.lt\/en\/wp-json\/wp\/v2\/product"}],"about":[{"href":"https:\/\/skaitytaknyga.lt\/en\/wp-json\/wp\/v2\/types\/product"}],"replies":[{"embeddable":true,"href":"https:\/\/skaitytaknyga.lt\/en\/wp-json\/wp\/v2\/comments?post=11420"}],"wp:featuredmedia":[{"embeddable":true,"href":"https:\/\/skaitytaknyga.lt\/en\/wp-json\/wp\/v2\/media\/11445"}],"wp:attachment":[{"href":"https:\/\/skaitytaknyga.lt\/en\/wp-json\/wp\/v2\/media?parent=11420"}],"wp:term":[{"taxonomy":"product_brand","embeddable":true,"href":"https:\/\/skaitytaknyga.lt\/en\/wp-json\/wp\/v2\/product_brand?post=11420"},{"taxonomy":"product_cat","embeddable":true,"href":"https:\/\/skaitytaknyga.lt\/en\/wp-json\/wp\/v2\/product_cat?post=11420"},{"taxonomy":"product_tag","embeddable":true,"href":"https:\/\/skaitytaknyga.lt\/en\/wp-json\/wp\/v2\/product_tag?post=11420"}],"curies":[{"name":"wp","href":"https:\/\/api.w.org\/{rel}","templated":true}]}}