{"id":11368,"date":"2024-05-04T19:42:42","date_gmt":"2024-05-04T19:42:42","guid":{"rendered":"https:\/\/skaitytaknyga.lt\/?post_type=product&#038;p=11368"},"modified":"2024-05-04T19:48:01","modified_gmt":"2024-05-04T19:48:01","slug":"sanitarinio-svietimo-namu-leidiniu-serija","status":"publish","type":"product","link":"https:\/\/skaitytaknyga.lt\/en\/produktas\/sanitarinio-svietimo-namu-leidiniu-serija\/","title":{"rendered":"Sanitarinio \u0161vietimo nam\u0173 leidini\u0173 serija"},"content":{"rendered":"<p>Lietuvos mineraliniai vandenys ir gydomasis purvas | Per\u017eengus alma mater slenkst\u012f | Cholera | XX a. \u017emogus ir hiperdinamika | Saugokime dantis | N\u0117\u0161tum\u0173 reguliavimas | Mok\u0117kime suteikti pirm\u0105j\u0105 pagalb\u0105 | \u016am\u016bs pilvo skausmai | Reumato profilaktika | V\u0117\u017eio profilaktika | Tul\u017eies p\u016bsl\u0117s ir latak\u0173 lig\u0173 profilaktika | Reanimacija | Kaimo higiena | Apie organ\u0173 persodinim\u0105 | Apie s\u0105mon\u0119 | N\u0117\u0161\u010dios moters mityba | \u017darnyno u\u017ekre\u010diam\u0173j\u0173 lig\u0173 profilaktika | \u017darnyn\u0173 u\u017ekre\u010diamosios ligos | Burnos higiena | Nerv\u0173 sistema ir sveikata | Kaip reguliuoti n\u0117\u0161tumus | Nosies, gerkl\u0117s ir aus\u0173 susirgim\u0173 profilaktika | Bioritmai ir sveikata | Kraujo perpylimas ir donoryst\u0117 | Pesticidai ir sveikata | Radikulitas | L\u0117tinis plau\u010di\u0173 u\u017edegimas | Mank\u0161tinkim\u0117s visi | Galima gyventi ilgiau | Gyvenkime sveikai | Tuberkulioz\u0117 | Kol atskub\u0117s gydytojas | Organizmo atsparumas infekcin\u0117ms ligoms | Saugokime \u0161ird\u012f | Moterims apie v\u0117\u017e\u012f|Abortas|Emocinis stresas ir sveikata|K\u0105 reikia \u017einoti apie v\u0117\u017e\u012f|Ligos prie\u017eastis-paveldimumas|Inkst\u0173 ir \u0161lapimo tak\u0173 ligos|Gastritas ir opalig\u0117|Neuroz\u0117s ir j\u0173 profilaktika|Lytiniu keliu plintan\u010dios ligos|Erkinis encifalitas<\/p>\n","protected":false},"excerpt":{"rendered":"<p>Lietuvos mineraliniai vandenys ir gydomasis purvas | Per\u017eengus alma mater slenkst\u012f | Cholera | XX a. \u017emogus ir hiperdinamika | Saugokime dantis | N\u0117\u0161tum\u0173 reguliavimas | Mok\u0117kime suteikti pirm\u0105j\u0105 pagalb\u0105 | \u016am\u016bs pilvo skausmai | Reumato profilaktika | V\u0117\u017eio profilaktika | Tul\u017eies p\u016bsl\u0117s ir latak\u0173 lig\u0173 profilaktika | Reanimacija | Kaimo higiena | Apie organ\u0173 persodinim\u0105 | Apie s\u0105mon\u0119 | N\u0117\u0161\u010dios moters mityba | \u017darnyno u\u017ekre\u010diam\u0173j\u0173 lig\u0173 profilaktika | \u017darnyn\u0173 u\u017ekre\u010diamosios ligos | Burnos higiena | Nerv\u0173 sistema ir sveikata | Kaip reguliuoti n\u0117\u0161tumus | Nosies, gerkl\u0117s ir aus\u0173 susirgim\u0173 profilaktika | Bioritmai ir sveikata | Kraujo perpylimas ir donoryst\u0117 | Pesticidai ir sveikata | Radikulitas | L\u0117tinis plau\u010di\u0173 u\u017edegimas | Mank\u0161tinkim\u0117s visi | Galima gyventi ilgiau | Gyvenkime sveikai | Tuberkulioz\u0117 | Kol atskub\u0117s gydytojas | Organizmo atsparumas infekcin\u0117ms ligoms | Saugokime \u0161ird\u012f | Moterims apie v\u0117\u017e\u012f|Abortas|Emocinis stresas ir sveikata|K\u0105 reikia \u017einoti apie v\u0117\u017e\u012f|Ligos prie\u017eastis-paveldimumas|Inkst\u0173 ir \u0161lapimo tak\u0173 ligos|Gastritas ir opalig\u0117|Neuroz\u0117s ir j\u0173 profilaktika|Lytiniu keliu plintan\u010dios ligos|Erkinis encifalitas<\/p>\n","protected":false},"featured_media":11404,"comment_status":"closed","ping_status":"closed","template":"","meta":{"_acf_changed":false,"site-sidebar-layout":"default","site-content-layout":"","ast-site-content-layout":"default","site-content-style":"default","site-sidebar-style":"default","ast-global-header-display":"","ast-banner-title-visibility":"","ast-main-header-display":"","ast-hfb-above-header-display":"","ast-hfb-below-header-display":"","ast-hfb-mobile-header-display":"","site-post-title":"","ast-breadcrumbs-content":"","ast-featured-img":"","footer-sml-layout":"","ast-disable-related-posts":"","theme-transparent-header-meta":"","adv-header-id-meta":"","stick-header-meta":"","header-above-stick-meta":"","header-main-stick-meta":"","header-below-stick-meta":"","astra-migrate-meta-layouts":"default","ast-page-background-enabled":"default","ast-page-background-meta":{"desktop":{"background-color":"","background-image":"","background-repeat":"repeat","background-position":"center center","background-size":"auto","background-attachment":"scroll","background-type":"","background-media":"","overlay-type":"","overlay-color":"","overlay-opacity":"","overlay-gradient":""},"tablet":{"background-color":"","background-image":"","background-repeat":"repeat","background-position":"center center","background-size":"auto","background-attachment":"scroll","background-type":"","background-media":"","overlay-type":"","overlay-color":"","overlay-opacity":"","overlay-gradient":""},"mobile":{"background-color":"","background-image":"","background-repeat":"repeat","background-position":"center center","background-size":"auto","background-attachment":"scroll","background-type":"","background-media":"","overlay-type":"","overlay-color":"","overlay-opacity":"","overlay-gradient":""}},"ast-content-background-meta":{"desktop":{"background-color":"var(--ast-global-color-4)","background-image":"","background-repeat":"repeat","background-position":"center center","background-size":"auto","background-attachment":"scroll","background-type":"","background-media":"","overlay-type":"","overlay-color":"","overlay-opacity":"","overlay-gradient":""},"tablet":{"background-color":"var(--ast-global-color-4)","background-image":"","background-repeat":"repeat","background-position":"center center","background-size":"auto","background-attachment":"scroll","background-type":"","background-media":"","overlay-type":"","overlay-color":"","overlay-opacity":"","overlay-gradient":""},"mobile":{"background-color":"var(--ast-global-color-4)","background-image":"","background-repeat":"repeat","background-position":"center center","background-size":"auto","background-attachment":"scroll","background-type":"","background-media":"","overlay-type":"","overlay-color":"","overlay-opacity":"","overlay-gradient":""}}},"product_brand":[],"product_cat":[15],"product_tag":[],"class_list":{"0":"post-11368","1":"product","2":"type-product","3":"status-publish","4":"has-post-thumbnail","6":"product_cat-uncategorized","7":"desktop-align-left","8":"tablet-align-left","9":"mobile-align-left","11":"first","12":"instock","13":"shipping-taxable","14":"purchasable","15":"product-type-variable"},"acf":[],"yoast_head":"<!-- This site is optimized with the Yoast SEO plugin v27.0 - https:\/\/yoast.com\/product\/yoast-seo-wordpress\/ -->\n<title>Sanitarinio \u0161vietimo nam\u0173 leidini\u0173 serija - Skaitytaknyga<\/title>\n<meta name=\"description\" content=\"Lietuvos mineraliniai vandenys ir gydomasis purvas | Per\u017eengus alma mater slenkst\u012f | Cholera | XX a. \u017emogus ir hiperdinamika | Saugokime dantis | N\u0117\u0161tum\u0173\" \/>\n<meta name=\"robots\" content=\"index, follow, max-snippet:-1, max-image-preview:large, max-video-preview:-1\" \/>\n<link rel=\"canonical\" href=\"https:\/\/skaitytaknyga.lt\/en\/produktas\/sanitarinio-svietimo-namu-leidiniu-serija\/\" \/>\n<meta property=\"og:locale\" content=\"en_GB\" \/>\n<meta property=\"og:locale:alternate\" content=\"lt_LT\" \/>\n<meta property=\"og:type\" content=\"article\" \/>\n<meta property=\"og:title\" content=\"Sanitarinio \u0161vietimo nam\u0173 leidini\u0173 serija - Skaitytaknyga\" \/>\n<meta property=\"og:description\" content=\"Lietuvos mineraliniai vandenys ir gydomasis purvas | Per\u017eengus alma mater slenkst\u012f | Cholera | XX a. \u017emogus ir hiperdinamika | Saugokime dantis | N\u0117\u0161tum\u0173\" \/>\n<meta property=\"og:url\" content=\"https:\/\/skaitytaknyga.lt\/en\/produktas\/sanitarinio-svietimo-namu-leidiniu-serija\/\" \/>\n<meta property=\"og:site_name\" content=\"Skaitytaknyga\" \/>\n<meta property=\"article:publisher\" content=\"https:\/\/www.facebook.com\/skaitytaknyga\/\" \/>\n<meta property=\"article:modified_time\" content=\"2024-05-04T19:48:01+00:00\" \/>\n<meta property=\"og:image\" content=\"https:\/\/skaitytaknyga.lt\/wp-content\/uploads\/2024\/05\/Be-pavadinimo-5-6.png\" \/>\n\t<meta property=\"og:image:width\" content=\"383\" \/>\n\t<meta property=\"og:image:height\" content=\"496\" \/>\n\t<meta property=\"og:image:type\" content=\"image\/png\" \/>\n<meta name=\"twitter:card\" content=\"summary_large_image\" \/>\n<meta name=\"twitter:label1\" content=\"Estimated reading time\" \/>\n\t<meta name=\"twitter:data1\" content=\"1 minute\" \/>\n<script type=\"application\/ld+json\" class=\"yoast-schema-graph\">{\"@context\":\"https:\/\/schema.org\",\"@graph\":[{\"@type\":\"WebPage\",\"@id\":\"https:\/\/skaitytaknyga.lt\/produktas\/sanitarinio-svietimo-namu-leidiniu-serija\/\",\"url\":\"https:\/\/skaitytaknyga.lt\/produktas\/sanitarinio-svietimo-namu-leidiniu-serija\/\",\"name\":\"Sanitarinio \u0161vietimo nam\u0173 leidini\u0173 serija - Skaitytaknyga\",\"isPartOf\":{\"@id\":\"https:\/\/skaitytaknyga.lt\/#website\"},\"primaryImageOfPage\":{\"@id\":\"https:\/\/skaitytaknyga.lt\/produktas\/sanitarinio-svietimo-namu-leidiniu-serija\/#primaryimage\"},\"image\":{\"@id\":\"https:\/\/skaitytaknyga.lt\/produktas\/sanitarinio-svietimo-namu-leidiniu-serija\/#primaryimage\"},\"thumbnailUrl\":\"https:\/\/skaitytaknyga.lt\/wp-content\/uploads\/2024\/05\/Be-pavadinimo-5-6.png\",\"datePublished\":\"2024-05-04T19:42:42+00:00\",\"dateModified\":\"2024-05-04T19:48:01+00:00\",\"description\":\"Lietuvos mineraliniai vandenys ir gydomasis purvas | Per\u017eengus alma mater slenkst\u012f | Cholera | XX a. \u017emogus ir hiperdinamika | Saugokime dantis | N\u0117\u0161tum\u0173\",\"breadcrumb\":{\"@id\":\"https:\/\/skaitytaknyga.lt\/produktas\/sanitarinio-svietimo-namu-leidiniu-serija\/#breadcrumb\"},\"inLanguage\":\"en-GB\",\"potentialAction\":[{\"@type\":\"ReadAction\",\"target\":[\"https:\/\/skaitytaknyga.lt\/produktas\/sanitarinio-svietimo-namu-leidiniu-serija\/\"]}]},{\"@type\":\"ImageObject\",\"inLanguage\":\"en-GB\",\"@id\":\"https:\/\/skaitytaknyga.lt\/produktas\/sanitarinio-svietimo-namu-leidiniu-serija\/#primaryimage\",\"url\":\"https:\/\/skaitytaknyga.lt\/wp-content\/uploads\/2024\/05\/Be-pavadinimo-5-6.png\",\"contentUrl\":\"https:\/\/skaitytaknyga.lt\/wp-content\/uploads\/2024\/05\/Be-pavadinimo-5-6.png\",\"width\":383,\"height\":496,\"caption\":\"Pesticidai ir sveikata\"},{\"@type\":\"BreadcrumbList\",\"@id\":\"https:\/\/skaitytaknyga.lt\/produktas\/sanitarinio-svietimo-namu-leidiniu-serija\/#breadcrumb\",\"itemListElement\":[{\"@type\":\"ListItem\",\"position\":1,\"name\":\"Home\",\"item\":\"https:\/\/skaitytaknyga.lt\/\"},{\"@type\":\"ListItem\",\"position\":2,\"name\":\"Parduotuv\u0117\",\"item\":\"https:\/\/skaitytaknyga.lt\/knygu-parduotuve\/\"},{\"@type\":\"ListItem\",\"position\":3,\"name\":\"Sanitarinio \u0161vietimo nam\u0173 leidini\u0173 serija\"}]},{\"@type\":\"WebSite\",\"@id\":\"https:\/\/skaitytaknyga.lt\/#website\",\"url\":\"https:\/\/skaitytaknyga.lt\/\",\"name\":\"skaitytaknyga.lt\",\"description\":\"Skaitytaknyga.lt \u2013 tai ma\u017eas \u0161eimos verslas, kuris prasid\u0117jo nuo meil\u0117s knygoms ir siekio i\u0161gelb\u0117ti knygas nuo likimo prie konteinerio. Kas vienam nereikalingas daiktas \u2013 kitam lobis, o mes esame tarpininkai, kurie padeda abiems tapti laimingesniems ???? \u017dinome kaip nelengva i\u0161gyventi ma\u017eiems verslams, tad nuo \u0161iol, \u010dia rasite ir kit\u0173, ma\u017e\u0173 \u0161eim\u0173 versl\u0173, rank\u0173 darbo, dovan\u0173 sau ir artimiesiems.\",\"publisher\":{\"@id\":\"https:\/\/skaitytaknyga.lt\/#organization\"},\"potentialAction\":[{\"@type\":\"SearchAction\",\"target\":{\"@type\":\"EntryPoint\",\"urlTemplate\":\"https:\/\/skaitytaknyga.lt\/?s={search_term_string}\"},\"query-input\":{\"@type\":\"PropertyValueSpecification\",\"valueRequired\":true,\"valueName\":\"search_term_string\"}}],\"inLanguage\":\"en-GB\"},{\"@type\":\"Organization\",\"@id\":\"https:\/\/skaitytaknyga.lt\/#organization\",\"name\":\"skaitytaknyga.lt\",\"url\":\"https:\/\/skaitytaknyga.lt\/\",\"logo\":{\"@type\":\"ImageObject\",\"inLanguage\":\"en-GB\",\"@id\":\"https:\/\/skaitytaknyga.lt\/#\/schema\/logo\/image\/\",\"url\":\"https:\/\/skaitytaknyga.lt\/wp-content\/uploads\/2024\/05\/cropped-cropped-cropped-02_00843_jt3bggkj1j3HLc7SyY6rEUpg.jpeg\",\"contentUrl\":\"https:\/\/skaitytaknyga.lt\/wp-content\/uploads\/2024\/05\/cropped-cropped-cropped-02_00843_jt3bggkj1j3HLc7SyY6rEUpg.jpeg\",\"width\":1600,\"height\":1600,\"caption\":\"skaitytaknyga.lt\"},\"image\":{\"@id\":\"https:\/\/skaitytaknyga.lt\/#\/schema\/logo\/image\/\"},\"sameAs\":[\"https:\/\/www.facebook.com\/skaitytaknyga\/\"]}]}<\/script>\n<!-- \/ Yoast SEO plugin. -->","yoast_head_json":{"title":"Sanitarinio \u0161vietimo nam\u0173 leidini\u0173 serija - Skaitytaknyga","description":"Lietuvos mineraliniai vandenys ir gydomasis purvas | Per\u017eengus alma mater slenkst\u012f | Cholera | XX a. \u017emogus ir hiperdinamika | Saugokime dantis | N\u0117\u0161tum\u0173","robots":{"index":"index","follow":"follow","max-snippet":"max-snippet:-1","max-image-preview":"max-image-preview:large","max-video-preview":"max-video-preview:-1"},"canonical":"https:\/\/skaitytaknyga.lt\/en\/produktas\/sanitarinio-svietimo-namu-leidiniu-serija\/","og_locale":"en_GB","og_type":"article","og_title":"Sanitarinio \u0161vietimo nam\u0173 leidini\u0173 serija - Skaitytaknyga","og_description":"Lietuvos mineraliniai vandenys ir gydomasis purvas | Per\u017eengus alma mater slenkst\u012f | Cholera | XX a. \u017emogus ir hiperdinamika | Saugokime dantis | N\u0117\u0161tum\u0173","og_url":"https:\/\/skaitytaknyga.lt\/en\/produktas\/sanitarinio-svietimo-namu-leidiniu-serija\/","og_site_name":"Skaitytaknyga","article_publisher":"https:\/\/www.facebook.com\/skaitytaknyga\/","article_modified_time":"2024-05-04T19:48:01+00:00","og_image":[{"width":383,"height":496,"url":"https:\/\/skaitytaknyga.lt\/wp-content\/uploads\/2024\/05\/Be-pavadinimo-5-6.png","type":"image\/png"}],"twitter_card":"summary_large_image","twitter_misc":{"Estimated reading time":"1 minute"},"schema":{"@context":"https:\/\/schema.org","@graph":[{"@type":"WebPage","@id":"https:\/\/skaitytaknyga.lt\/produktas\/sanitarinio-svietimo-namu-leidiniu-serija\/","url":"https:\/\/skaitytaknyga.lt\/produktas\/sanitarinio-svietimo-namu-leidiniu-serija\/","name":"Sanitarinio \u0161vietimo nam\u0173 leidini\u0173 serija - Skaitytaknyga","isPartOf":{"@id":"https:\/\/skaitytaknyga.lt\/#website"},"primaryImageOfPage":{"@id":"https:\/\/skaitytaknyga.lt\/produktas\/sanitarinio-svietimo-namu-leidiniu-serija\/#primaryimage"},"image":{"@id":"https:\/\/skaitytaknyga.lt\/produktas\/sanitarinio-svietimo-namu-leidiniu-serija\/#primaryimage"},"thumbnailUrl":"https:\/\/skaitytaknyga.lt\/wp-content\/uploads\/2024\/05\/Be-pavadinimo-5-6.png","datePublished":"2024-05-04T19:42:42+00:00","dateModified":"2024-05-04T19:48:01+00:00","description":"Lietuvos mineraliniai vandenys ir gydomasis purvas | Per\u017eengus alma mater slenkst\u012f | Cholera | XX a. \u017emogus ir hiperdinamika | Saugokime dantis | N\u0117\u0161tum\u0173","breadcrumb":{"@id":"https:\/\/skaitytaknyga.lt\/produktas\/sanitarinio-svietimo-namu-leidiniu-serija\/#breadcrumb"},"inLanguage":"en-GB","potentialAction":[{"@type":"ReadAction","target":["https:\/\/skaitytaknyga.lt\/produktas\/sanitarinio-svietimo-namu-leidiniu-serija\/"]}]},{"@type":"ImageObject","inLanguage":"en-GB","@id":"https:\/\/skaitytaknyga.lt\/produktas\/sanitarinio-svietimo-namu-leidiniu-serija\/#primaryimage","url":"https:\/\/skaitytaknyga.lt\/wp-content\/uploads\/2024\/05\/Be-pavadinimo-5-6.png","contentUrl":"https:\/\/skaitytaknyga.lt\/wp-content\/uploads\/2024\/05\/Be-pavadinimo-5-6.png","width":383,"height":496,"caption":"Pesticidai ir sveikata"},{"@type":"BreadcrumbList","@id":"https:\/\/skaitytaknyga.lt\/produktas\/sanitarinio-svietimo-namu-leidiniu-serija\/#breadcrumb","itemListElement":[{"@type":"ListItem","position":1,"name":"Home","item":"https:\/\/skaitytaknyga.lt\/"},{"@type":"ListItem","position":2,"name":"Parduotuv\u0117","item":"https:\/\/skaitytaknyga.lt\/knygu-parduotuve\/"},{"@type":"ListItem","position":3,"name":"Sanitarinio \u0161vietimo nam\u0173 leidini\u0173 serija"}]},{"@type":"WebSite","@id":"https:\/\/skaitytaknyga.lt\/#website","url":"https:\/\/skaitytaknyga.lt\/","name":"skaitytaknyga.lt","description":"Skaitytaknyga.lt \u2013 tai ma\u017eas \u0161eimos verslas, kuris prasid\u0117jo nuo meil\u0117s knygoms ir siekio i\u0161gelb\u0117ti knygas nuo likimo prie konteinerio. Kas vienam nereikalingas daiktas \u2013 kitam lobis, o mes esame tarpininkai, kurie padeda abiems tapti laimingesniems ???? \u017dinome kaip nelengva i\u0161gyventi ma\u017eiems verslams, tad nuo \u0161iol, \u010dia rasite ir kit\u0173, ma\u017e\u0173 \u0161eim\u0173 versl\u0173, rank\u0173 darbo, dovan\u0173 sau ir artimiesiems.","publisher":{"@id":"https:\/\/skaitytaknyga.lt\/#organization"},"potentialAction":[{"@type":"SearchAction","target":{"@type":"EntryPoint","urlTemplate":"https:\/\/skaitytaknyga.lt\/?s={search_term_string}"},"query-input":{"@type":"PropertyValueSpecification","valueRequired":true,"valueName":"search_term_string"}}],"inLanguage":"en-GB"},{"@type":"Organization","@id":"https:\/\/skaitytaknyga.lt\/#organization","name":"skaitytaknyga.lt","url":"https:\/\/skaitytaknyga.lt\/","logo":{"@type":"ImageObject","inLanguage":"en-GB","@id":"https:\/\/skaitytaknyga.lt\/#\/schema\/logo\/image\/","url":"https:\/\/skaitytaknyga.lt\/wp-content\/uploads\/2024\/05\/cropped-cropped-cropped-02_00843_jt3bggkj1j3HLc7SyY6rEUpg.jpeg","contentUrl":"https:\/\/skaitytaknyga.lt\/wp-content\/uploads\/2024\/05\/cropped-cropped-cropped-02_00843_jt3bggkj1j3HLc7SyY6rEUpg.jpeg","width":1600,"height":1600,"caption":"skaitytaknyga.lt"},"image":{"@id":"https:\/\/skaitytaknyga.lt\/#\/schema\/logo\/image\/"},"sameAs":["https:\/\/www.facebook.com\/skaitytaknyga\/"]}]}},"_links":{"self":[{"href":"https:\/\/skaitytaknyga.lt\/en\/wp-json\/wp\/v2\/product\/11368","targetHints":{"allow":["GET"]}}],"collection":[{"href":"https:\/\/skaitytaknyga.lt\/en\/wp-json\/wp\/v2\/product"}],"about":[{"href":"https:\/\/skaitytaknyga.lt\/en\/wp-json\/wp\/v2\/types\/product"}],"replies":[{"embeddable":true,"href":"https:\/\/skaitytaknyga.lt\/en\/wp-json\/wp\/v2\/comments?post=11368"}],"wp:featuredmedia":[{"embeddable":true,"href":"https:\/\/skaitytaknyga.lt\/en\/wp-json\/wp\/v2\/media\/11404"}],"wp:attachment":[{"href":"https:\/\/skaitytaknyga.lt\/en\/wp-json\/wp\/v2\/media?parent=11368"}],"wp:term":[{"taxonomy":"product_brand","embeddable":true,"href":"https:\/\/skaitytaknyga.lt\/en\/wp-json\/wp\/v2\/product_brand?post=11368"},{"taxonomy":"product_cat","embeddable":true,"href":"https:\/\/skaitytaknyga.lt\/en\/wp-json\/wp\/v2\/product_cat?post=11368"},{"taxonomy":"product_tag","embeddable":true,"href":"https:\/\/skaitytaknyga.lt\/en\/wp-json\/wp\/v2\/product_tag?post=11368"}],"curies":[{"name":"wp","href":"https:\/\/api.w.org\/{rel}","templated":true}]}}