{"id":11356,"date":"2024-05-04T19:42:16","date_gmt":"2024-05-04T19:42:16","guid":{"rendered":"https:\/\/skaitytaknyga.lt\/?post_type=product&#038;p=11356"},"modified":"2025-05-19T09:47:18","modified_gmt":"2025-05-19T06:47:18","slug":"juozas-kudirka-kuciu-naktis","status":"publish","type":"product","link":"https:\/\/skaitytaknyga.lt\/en\/produktas\/juozas-kudirka-kuciu-naktis\/","title":{"rendered":"K\u016b\u010di\u0173 naktis"},"content":{"rendered":"<div class=\"collapsor\">\n<p>Leidin\u0117lyje pasakojama apie K\u016b\u010di\u0173 nakties papro\u010dius: ateities, derliaus sp\u0117jimus pagal or\u0105, v\u0117j\u0105; sodo ir bi\u010di\u0173 lankym\u0105, tik\u0117jimus, jog gyvuliai K\u016b\u010di\u0173 nakt\u012f prabyl\u0105, vanduo virst\u0105s vynu, apie raganas. Pateikiama 50 kal\u0117dini\u0173 &#8211; naujametini\u0173 ateities sp\u0117jimo b\u016bd\u0173.<\/p>\n<\/div>\n","protected":false},"excerpt":{"rendered":"<div class=\"collapsor\">\n<p>\u017dodyne pateikiami b\u016bdingiausi lietuvi\u0173 kalbos frazeologizmai, vartojami tiek \u0161nekamojoje, tiek bendrin\u0117je kalboje. Frazeologiniai junginiai d\u0117stomi formaliuoju \u2013 gramatiniu ir ab\u0117c\u0117liniu \u2013 b\u016bdu. Frazeologizm\u0173 reik\u0161m\u0117s ai\u0161kinamos j\u0173 nefrazeologiniais sinonimais arba apra\u0161omai, pateikiama frazeologizm\u0173 vartojimo pavyzd\u017ei\u0173.<\/p>\n<p>\u017dodynas pravers visiems kalbos vartotojams.<\/p>\n<\/div>\n","protected":false},"featured_media":11387,"comment_status":"closed","ping_status":"closed","template":"","meta":{"_acf_changed":false,"site-sidebar-layout":"default","site-content-layout":"","ast-site-content-layout":"default","site-content-style":"default","site-sidebar-style":"default","ast-global-header-display":"","ast-banner-title-visibility":"","ast-main-header-display":"","ast-hfb-above-header-display":"","ast-hfb-below-header-display":"","ast-hfb-mobile-header-display":"","site-post-title":"","ast-breadcrumbs-content":"","ast-featured-img":"","footer-sml-layout":"","ast-disable-related-posts":"","theme-transparent-header-meta":"","adv-header-id-meta":"","stick-header-meta":"","header-above-stick-meta":"","header-main-stick-meta":"","header-below-stick-meta":"","astra-migrate-meta-layouts":"default","ast-page-background-enabled":"default","ast-page-background-meta":{"desktop":{"background-color":"","background-image":"","background-repeat":"repeat","background-position":"center center","background-size":"auto","background-attachment":"scroll","background-type":"","background-media":"","overlay-type":"","overlay-color":"","overlay-opacity":"","overlay-gradient":""},"tablet":{"background-color":"","background-image":"","background-repeat":"repeat","background-position":"center center","background-size":"auto","background-attachment":"scroll","background-type":"","background-media":"","overlay-type":"","overlay-color":"","overlay-opacity":"","overlay-gradient":""},"mobile":{"background-color":"","background-image":"","background-repeat":"repeat","background-position":"center center","background-size":"auto","background-attachment":"scroll","background-type":"","background-media":"","overlay-type":"","overlay-color":"","overlay-opacity":"","overlay-gradient":""}},"ast-content-background-meta":{"desktop":{"background-color":"var(--ast-global-color-4)","background-image":"","background-repeat":"repeat","background-position":"center center","background-size":"auto","background-attachment":"scroll","background-type":"","background-media":"","overlay-type":"","overlay-color":"","overlay-opacity":"","overlay-gradient":""},"tablet":{"background-color":"var(--ast-global-color-4)","background-image":"","background-repeat":"repeat","background-position":"center center","background-size":"auto","background-attachment":"scroll","background-type":"","background-media":"","overlay-type":"","overlay-color":"","overlay-opacity":"","overlay-gradient":""},"mobile":{"background-color":"var(--ast-global-color-4)","background-image":"","background-repeat":"repeat","background-position":"center center","background-size":"auto","background-attachment":"scroll","background-type":"","background-media":"","overlay-type":"","overlay-color":"","overlay-opacity":"","overlay-gradient":""}}},"product_brand":[],"product_cat":[293,390],"product_tag":[],"class_list":{"0":"post-11356","1":"product","2":"type-product","3":"status-publish","4":"has-post-thumbnail","6":"product_cat-etnografija-liaudies-kuryba","7":"product_cat-kalba-kalbotyra-zodynai","8":"desktop-align-left","9":"tablet-align-left","10":"mobile-align-left","12":"first","13":"outofstock","14":"shipping-taxable","15":"purchasable","16":"product-type-simple"},"acf":[],"yoast_head":"<!-- This site is optimized with the Yoast SEO plugin v27.0 - https:\/\/yoast.com\/product\/yoast-seo-wordpress\/ -->\n<title>K\u016b\u010di\u0173 naktis<\/title>\n<meta name=\"description\" content=\"\u017dodyne pateikiami b\u016bdingiausi lietuvi\u0173 kalbos frazeologizmai, vartojami tiek \u0161nekamojoje, tiek bendrin\u0117je kalboje. Frazeologiniai junginiai d\u0117stomi formaliuoju \u2013 gramatiniu ir ab\u0117c\u0117liniu \u2013 b\u016bdu. Frazeologizm\u0173 reik\u0161m\u0117s ai\u0161kinamos j\u0173 nefrazeologiniais sinonimais arba apra\u0161omai, pateikiama frazeologizm\u0173 vartojimo pavyzd\u017ei\u0173.  \u017dodynas pravers visiems kalbos vartotojams.\" \/>\n<meta name=\"robots\" content=\"index, follow, max-snippet:-1, max-image-preview:large, max-video-preview:-1\" \/>\n<link rel=\"canonical\" href=\"https:\/\/skaitytaknyga.lt\/en\/produktas\/juozas-kudirka-kuciu-naktis\/\" \/>\n<meta property=\"og:locale\" content=\"en_GB\" \/>\n<meta property=\"og:locale:alternate\" content=\"lt_LT\" \/>\n<meta property=\"og:type\" content=\"article\" \/>\n<meta property=\"og:title\" content=\"K\u016b\u010di\u0173 naktis\" \/>\n<meta property=\"og:description\" content=\"\u017dodyne pateikiami b\u016bdingiausi lietuvi\u0173 kalbos frazeologizmai, vartojami tiek \u0161nekamojoje, tiek bendrin\u0117je kalboje. Frazeologiniai junginiai d\u0117stomi formaliuoju \u2013 gramatiniu ir ab\u0117c\u0117liniu \u2013 b\u016bdu. Frazeologizm\u0173 reik\u0161m\u0117s ai\u0161kinamos j\u0173 nefrazeologiniais sinonimais arba apra\u0161omai, pateikiama frazeologizm\u0173 vartojimo pavyzd\u017ei\u0173.  \u017dodynas pravers visiems kalbos vartotojams.\" \/>\n<meta property=\"og:url\" content=\"https:\/\/skaitytaknyga.lt\/en\/produktas\/juozas-kudirka-kuciu-naktis\/\" \/>\n<meta property=\"og:site_name\" content=\"Skaitytaknyga\" \/>\n<meta property=\"article:publisher\" content=\"https:\/\/www.facebook.com\/skaitytaknyga\/\" \/>\n<meta property=\"article:modified_time\" content=\"2025-05-19T06:47:18+00:00\" \/>\n<meta property=\"og:image\" content=\"https:\/\/skaitytaknyga.lt\/wp-content\/uploads\/2024\/05\/ScanImage002.jpg\" \/>\n\t<meta property=\"og:image:width\" content=\"818\" \/>\n\t<meta property=\"og:image:height\" content=\"1155\" \/>\n\t<meta property=\"og:image:type\" content=\"image\/jpeg\" \/>\n<meta name=\"twitter:card\" content=\"summary_large_image\" \/>\n<script type=\"application\/ld+json\" class=\"yoast-schema-graph\">{\"@context\":\"https:\/\/schema.org\",\"@graph\":[{\"@type\":\"WebPage\",\"@id\":\"https:\/\/skaitytaknyga.lt\/produktas\/juozas-kudirka-kuciu-naktis\/\",\"url\":\"https:\/\/skaitytaknyga.lt\/produktas\/juozas-kudirka-kuciu-naktis\/\",\"name\":\"K\u016b\u010di\u0173 naktis\",\"isPartOf\":{\"@id\":\"https:\/\/skaitytaknyga.lt\/#website\"},\"primaryImageOfPage\":{\"@id\":\"https:\/\/skaitytaknyga.lt\/produktas\/juozas-kudirka-kuciu-naktis\/#primaryimage\"},\"image\":{\"@id\":\"https:\/\/skaitytaknyga.lt\/produktas\/juozas-kudirka-kuciu-naktis\/#primaryimage\"},\"thumbnailUrl\":\"https:\/\/skaitytaknyga.lt\/wp-content\/uploads\/2024\/05\/ScanImage002.jpg\",\"datePublished\":\"2024-05-04T19:42:16+00:00\",\"dateModified\":\"2025-05-19T06:47:18+00:00\",\"description\":\"\u017dodyne pateikiami b\u016bdingiausi lietuvi\u0173 kalbos frazeologizmai, vartojami tiek \u0161nekamojoje, tiek bendrin\u0117je kalboje. Frazeologiniai junginiai d\u0117stomi formaliuoju \u2013 gramatiniu ir ab\u0117c\u0117liniu \u2013 b\u016bdu. Frazeologizm\u0173 reik\u0161m\u0117s ai\u0161kinamos j\u0173 nefrazeologiniais sinonimais arba apra\u0161omai, pateikiama frazeologizm\u0173 vartojimo pavyzd\u017ei\u0173. \u017dodynas pravers visiems kalbos vartotojams.\",\"breadcrumb\":{\"@id\":\"https:\/\/skaitytaknyga.lt\/produktas\/juozas-kudirka-kuciu-naktis\/#breadcrumb\"},\"inLanguage\":\"en-GB\",\"potentialAction\":[{\"@type\":\"ReadAction\",\"target\":[\"https:\/\/skaitytaknyga.lt\/produktas\/juozas-kudirka-kuciu-naktis\/\"]}]},{\"@type\":\"ImageObject\",\"inLanguage\":\"en-GB\",\"@id\":\"https:\/\/skaitytaknyga.lt\/produktas\/juozas-kudirka-kuciu-naktis\/#primaryimage\",\"url\":\"https:\/\/skaitytaknyga.lt\/wp-content\/uploads\/2024\/05\/ScanImage002.jpg\",\"contentUrl\":\"https:\/\/skaitytaknyga.lt\/wp-content\/uploads\/2024\/05\/ScanImage002.jpg\",\"width\":818,\"height\":1155},{\"@type\":\"BreadcrumbList\",\"@id\":\"https:\/\/skaitytaknyga.lt\/produktas\/juozas-kudirka-kuciu-naktis\/#breadcrumb\",\"itemListElement\":[{\"@type\":\"ListItem\",\"position\":1,\"name\":\"Home\",\"item\":\"https:\/\/skaitytaknyga.lt\/\"},{\"@type\":\"ListItem\",\"position\":2,\"name\":\"Parduotuv\u0117\",\"item\":\"https:\/\/skaitytaknyga.lt\/knygu-parduotuve\/\"},{\"@type\":\"ListItem\",\"position\":3,\"name\":\"K\u016b\u010di\u0173 naktis\"}]},{\"@type\":\"WebSite\",\"@id\":\"https:\/\/skaitytaknyga.lt\/#website\",\"url\":\"https:\/\/skaitytaknyga.lt\/\",\"name\":\"skaitytaknyga.lt\",\"description\":\"Skaitytaknyga.lt \u2013 tai ma\u017eas \u0161eimos verslas, kuris prasid\u0117jo nuo meil\u0117s knygoms ir siekio i\u0161gelb\u0117ti knygas nuo likimo prie konteinerio. Kas vienam nereikalingas daiktas \u2013 kitam lobis, o mes esame tarpininkai, kurie padeda abiems tapti laimingesniems ???? \u017dinome kaip nelengva i\u0161gyventi ma\u017eiems verslams, tad nuo \u0161iol, \u010dia rasite ir kit\u0173, ma\u017e\u0173 \u0161eim\u0173 versl\u0173, rank\u0173 darbo, dovan\u0173 sau ir artimiesiems.\",\"publisher\":{\"@id\":\"https:\/\/skaitytaknyga.lt\/#organization\"},\"potentialAction\":[{\"@type\":\"SearchAction\",\"target\":{\"@type\":\"EntryPoint\",\"urlTemplate\":\"https:\/\/skaitytaknyga.lt\/?s={search_term_string}\"},\"query-input\":{\"@type\":\"PropertyValueSpecification\",\"valueRequired\":true,\"valueName\":\"search_term_string\"}}],\"inLanguage\":\"en-GB\"},{\"@type\":\"Organization\",\"@id\":\"https:\/\/skaitytaknyga.lt\/#organization\",\"name\":\"skaitytaknyga.lt\",\"url\":\"https:\/\/skaitytaknyga.lt\/\",\"logo\":{\"@type\":\"ImageObject\",\"inLanguage\":\"en-GB\",\"@id\":\"https:\/\/skaitytaknyga.lt\/#\/schema\/logo\/image\/\",\"url\":\"https:\/\/skaitytaknyga.lt\/wp-content\/uploads\/2024\/05\/cropped-cropped-cropped-02_00843_jt3bggkj1j3HLc7SyY6rEUpg.jpeg\",\"contentUrl\":\"https:\/\/skaitytaknyga.lt\/wp-content\/uploads\/2024\/05\/cropped-cropped-cropped-02_00843_jt3bggkj1j3HLc7SyY6rEUpg.jpeg\",\"width\":1600,\"height\":1600,\"caption\":\"skaitytaknyga.lt\"},\"image\":{\"@id\":\"https:\/\/skaitytaknyga.lt\/#\/schema\/logo\/image\/\"},\"sameAs\":[\"https:\/\/www.facebook.com\/skaitytaknyga\/\"]}]}<\/script>\n<!-- \/ Yoast SEO plugin. -->","yoast_head_json":{"title":"K\u016b\u010di\u0173 naktis","description":"\u017dodyne pateikiami b\u016bdingiausi lietuvi\u0173 kalbos frazeologizmai, vartojami tiek \u0161nekamojoje, tiek bendrin\u0117je kalboje. Frazeologiniai junginiai d\u0117stomi formaliuoju \u2013 gramatiniu ir ab\u0117c\u0117liniu \u2013 b\u016bdu. Frazeologizm\u0173 reik\u0161m\u0117s ai\u0161kinamos j\u0173 nefrazeologiniais sinonimais arba apra\u0161omai, pateikiama frazeologizm\u0173 vartojimo pavyzd\u017ei\u0173.  \u017dodynas pravers visiems kalbos vartotojams.","robots":{"index":"index","follow":"follow","max-snippet":"max-snippet:-1","max-image-preview":"max-image-preview:large","max-video-preview":"max-video-preview:-1"},"canonical":"https:\/\/skaitytaknyga.lt\/en\/produktas\/juozas-kudirka-kuciu-naktis\/","og_locale":"en_GB","og_type":"article","og_title":"[:lt]K\u016b\u010di\u0173 naktis[:] - Skaitytaknyga","og_description":"\u017dodyne pateikiami b\u016bdingiausi lietuvi\u0173 kalbos frazeologizmai, vartojami tiek \u0161nekamojoje, tiek bendrin\u0117je kalboje. Frazeologiniai junginiai d\u0117stomi formaliuoju \u2013 gramatiniu ir ab\u0117c\u0117liniu \u2013 b\u016bdu. Frazeologizm\u0173 reik\u0161m\u0117s ai\u0161kinamos j\u0173 nefrazeologiniais sinonimais arba apra\u0161omai, pateikiama frazeologizm\u0173 vartojimo pavyzd\u017ei\u0173.  \u017dodynas pravers visiems kalbos vartotojams.","og_url":"https:\/\/skaitytaknyga.lt\/en\/produktas\/juozas-kudirka-kuciu-naktis\/","og_site_name":"Skaitytaknyga","article_publisher":"https:\/\/www.facebook.com\/skaitytaknyga\/","article_modified_time":"2025-05-19T06:47:18+00:00","og_image":[{"width":818,"height":1155,"url":"https:\/\/skaitytaknyga.lt\/wp-content\/uploads\/2024\/05\/ScanImage002.jpg","type":"image\/jpeg"}],"twitter_card":"summary_large_image","schema":{"@context":"https:\/\/schema.org","@graph":[{"@type":"WebPage","@id":"https:\/\/skaitytaknyga.lt\/produktas\/juozas-kudirka-kuciu-naktis\/","url":"https:\/\/skaitytaknyga.lt\/produktas\/juozas-kudirka-kuciu-naktis\/","name":"K\u016b\u010di\u0173 naktis","isPartOf":{"@id":"https:\/\/skaitytaknyga.lt\/#website"},"primaryImageOfPage":{"@id":"https:\/\/skaitytaknyga.lt\/produktas\/juozas-kudirka-kuciu-naktis\/#primaryimage"},"image":{"@id":"https:\/\/skaitytaknyga.lt\/produktas\/juozas-kudirka-kuciu-naktis\/#primaryimage"},"thumbnailUrl":"https:\/\/skaitytaknyga.lt\/wp-content\/uploads\/2024\/05\/ScanImage002.jpg","datePublished":"2024-05-04T19:42:16+00:00","dateModified":"2025-05-19T06:47:18+00:00","description":"\u017dodyne pateikiami b\u016bdingiausi lietuvi\u0173 kalbos frazeologizmai, vartojami tiek \u0161nekamojoje, tiek bendrin\u0117je kalboje. Frazeologiniai junginiai d\u0117stomi formaliuoju \u2013 gramatiniu ir ab\u0117c\u0117liniu \u2013 b\u016bdu. Frazeologizm\u0173 reik\u0161m\u0117s ai\u0161kinamos j\u0173 nefrazeologiniais sinonimais arba apra\u0161omai, pateikiama frazeologizm\u0173 vartojimo pavyzd\u017ei\u0173. \u017dodynas pravers visiems kalbos vartotojams.","breadcrumb":{"@id":"https:\/\/skaitytaknyga.lt\/produktas\/juozas-kudirka-kuciu-naktis\/#breadcrumb"},"inLanguage":"en-GB","potentialAction":[{"@type":"ReadAction","target":["https:\/\/skaitytaknyga.lt\/produktas\/juozas-kudirka-kuciu-naktis\/"]}]},{"@type":"ImageObject","inLanguage":"en-GB","@id":"https:\/\/skaitytaknyga.lt\/produktas\/juozas-kudirka-kuciu-naktis\/#primaryimage","url":"https:\/\/skaitytaknyga.lt\/wp-content\/uploads\/2024\/05\/ScanImage002.jpg","contentUrl":"https:\/\/skaitytaknyga.lt\/wp-content\/uploads\/2024\/05\/ScanImage002.jpg","width":818,"height":1155},{"@type":"BreadcrumbList","@id":"https:\/\/skaitytaknyga.lt\/produktas\/juozas-kudirka-kuciu-naktis\/#breadcrumb","itemListElement":[{"@type":"ListItem","position":1,"name":"Home","item":"https:\/\/skaitytaknyga.lt\/"},{"@type":"ListItem","position":2,"name":"Parduotuv\u0117","item":"https:\/\/skaitytaknyga.lt\/knygu-parduotuve\/"},{"@type":"ListItem","position":3,"name":"K\u016b\u010di\u0173 naktis"}]},{"@type":"WebSite","@id":"https:\/\/skaitytaknyga.lt\/#website","url":"https:\/\/skaitytaknyga.lt\/","name":"skaitytaknyga.lt","description":"Skaitytaknyga.lt \u2013 tai ma\u017eas \u0161eimos verslas, kuris prasid\u0117jo nuo meil\u0117s knygoms ir siekio i\u0161gelb\u0117ti knygas nuo likimo prie konteinerio. Kas vienam nereikalingas daiktas \u2013 kitam lobis, o mes esame tarpininkai, kurie padeda abiems tapti laimingesniems ???? \u017dinome kaip nelengva i\u0161gyventi ma\u017eiems verslams, tad nuo \u0161iol, \u010dia rasite ir kit\u0173, ma\u017e\u0173 \u0161eim\u0173 versl\u0173, rank\u0173 darbo, dovan\u0173 sau ir artimiesiems.","publisher":{"@id":"https:\/\/skaitytaknyga.lt\/#organization"},"potentialAction":[{"@type":"SearchAction","target":{"@type":"EntryPoint","urlTemplate":"https:\/\/skaitytaknyga.lt\/?s={search_term_string}"},"query-input":{"@type":"PropertyValueSpecification","valueRequired":true,"valueName":"search_term_string"}}],"inLanguage":"en-GB"},{"@type":"Organization","@id":"https:\/\/skaitytaknyga.lt\/#organization","name":"skaitytaknyga.lt","url":"https:\/\/skaitytaknyga.lt\/","logo":{"@type":"ImageObject","inLanguage":"en-GB","@id":"https:\/\/skaitytaknyga.lt\/#\/schema\/logo\/image\/","url":"https:\/\/skaitytaknyga.lt\/wp-content\/uploads\/2024\/05\/cropped-cropped-cropped-02_00843_jt3bggkj1j3HLc7SyY6rEUpg.jpeg","contentUrl":"https:\/\/skaitytaknyga.lt\/wp-content\/uploads\/2024\/05\/cropped-cropped-cropped-02_00843_jt3bggkj1j3HLc7SyY6rEUpg.jpeg","width":1600,"height":1600,"caption":"skaitytaknyga.lt"},"image":{"@id":"https:\/\/skaitytaknyga.lt\/#\/schema\/logo\/image\/"},"sameAs":["https:\/\/www.facebook.com\/skaitytaknyga\/"]}]}},"_links":{"self":[{"href":"https:\/\/skaitytaknyga.lt\/en\/wp-json\/wp\/v2\/product\/11356","targetHints":{"allow":["GET"]}}],"collection":[{"href":"https:\/\/skaitytaknyga.lt\/en\/wp-json\/wp\/v2\/product"}],"about":[{"href":"https:\/\/skaitytaknyga.lt\/en\/wp-json\/wp\/v2\/types\/product"}],"replies":[{"embeddable":true,"href":"https:\/\/skaitytaknyga.lt\/en\/wp-json\/wp\/v2\/comments?post=11356"}],"wp:featuredmedia":[{"embeddable":true,"href":"https:\/\/skaitytaknyga.lt\/en\/wp-json\/wp\/v2\/media\/11387"}],"wp:attachment":[{"href":"https:\/\/skaitytaknyga.lt\/en\/wp-json\/wp\/v2\/media?parent=11356"}],"wp:term":[{"taxonomy":"product_brand","embeddable":true,"href":"https:\/\/skaitytaknyga.lt\/en\/wp-json\/wp\/v2\/product_brand?post=11356"},{"taxonomy":"product_cat","embeddable":true,"href":"https:\/\/skaitytaknyga.lt\/en\/wp-json\/wp\/v2\/product_cat?post=11356"},{"taxonomy":"product_tag","embeddable":true,"href":"https:\/\/skaitytaknyga.lt\/en\/wp-json\/wp\/v2\/product_tag?post=11356"}],"curies":[{"name":"wp","href":"https:\/\/api.w.org\/{rel}","templated":true}]}}