{"id":11347,"date":"2024-05-04T19:42:16","date_gmt":"2024-05-04T19:42:16","guid":{"rendered":"https:\/\/skaitytaknyga.lt\/?post_type=product&#038;p=11347"},"modified":"2025-06-26T15:53:04","modified_gmt":"2025-06-26T12:53:04","slug":"vilkas-ir-oziukai","status":"publish","type":"product","link":"https:\/\/skaitytaknyga.lt\/en\/produktas\/vilkas-ir-oziukai\/","title":{"rendered":"Vilkas ir O\u017eiukai"},"content":{"rendered":"<p>Vyturiuko serija<\/p>\n","protected":false},"excerpt":{"rendered":"<p>Ra\u0161ytojo\u00a0<strong>Kazio Sajos<\/strong>\u00a0sudaryta ir naujais k\u016briniais papildyta fantastini\u0173 istorij\u0173 rinktin\u0117. Devyniolika fantazijos bei filosofijos nestokojan\u010di\u0173 pasakojim\u0173 autorius yra i\u0161d\u0117st\u0119s taip, kad knyga atspind\u0117t\u0173 m\u016bs\u0173 tautos istorij\u0105 nuo mitologini\u0173 laik\u0173 iki atpa\u017e\u012fstam\u0173 pokario ir n\u016bdienos realij\u0173.<\/p>\n<p>\u012evairiaspalviai senov\u0117s ir m\u016bs\u0173 laikus vaizduojantys pasakojimai sukurti su Kaziui Sajai b\u016bdingu lengvumu ir humoru, ta\u010diau gvildenantys esminius b\u016bties klausimus. U\u017e istorij\u0173 rinktin\u0119<strong>\u00a0\u201eKinivarp\u0173 ra\u0161tai&#8221; Kazys Saja<\/strong>\u00a0tapo tre\u010diuoju literat\u016brin\u0117s M. Vainilai\u010dio premijos laureatu. Premija \u012fsteigta profesionaliam ra\u0161ytojui u\u017e mitologijos temos puosel\u0117jim\u0105 literat\u016bros k\u016briniuose.<\/p>\n","protected":false},"featured_media":11372,"comment_status":"closed","ping_status":"closed","template":"","meta":{"_acf_changed":false,"site-sidebar-layout":"default","site-content-layout":"","ast-site-content-layout":"default","site-content-style":"default","site-sidebar-style":"default","ast-global-header-display":"","ast-banner-title-visibility":"","ast-main-header-display":"","ast-hfb-above-header-display":"","ast-hfb-below-header-display":"","ast-hfb-mobile-header-display":"","site-post-title":"","ast-breadcrumbs-content":"","ast-featured-img":"","footer-sml-layout":"","ast-disable-related-posts":"","theme-transparent-header-meta":"","adv-header-id-meta":"","stick-header-meta":"","header-above-stick-meta":"","header-main-stick-meta":"","header-below-stick-meta":"","astra-migrate-meta-layouts":"default","ast-page-background-enabled":"default","ast-page-background-meta":{"desktop":{"background-color":"","background-image":"","background-repeat":"repeat","background-position":"center center","background-size":"auto","background-attachment":"scroll","background-type":"","background-media":"","overlay-type":"","overlay-color":"","overlay-opacity":"","overlay-gradient":""},"tablet":{"background-color":"","background-image":"","background-repeat":"repeat","background-position":"center center","background-size":"auto","background-attachment":"scroll","background-type":"","background-media":"","overlay-type":"","overlay-color":"","overlay-opacity":"","overlay-gradient":""},"mobile":{"background-color":"","background-image":"","background-repeat":"repeat","background-position":"center center","background-size":"auto","background-attachment":"scroll","background-type":"","background-media":"","overlay-type":"","overlay-color":"","overlay-opacity":"","overlay-gradient":""}},"ast-content-background-meta":{"desktop":{"background-color":"var(--ast-global-color-4)","background-image":"","background-repeat":"repeat","background-position":"center center","background-size":"auto","background-attachment":"scroll","background-type":"","background-media":"","overlay-type":"","overlay-color":"","overlay-opacity":"","overlay-gradient":""},"tablet":{"background-color":"var(--ast-global-color-4)","background-image":"","background-repeat":"repeat","background-position":"center center","background-size":"auto","background-attachment":"scroll","background-type":"","background-media":"","overlay-type":"","overlay-color":"","overlay-opacity":"","overlay-gradient":""},"mobile":{"background-color":"var(--ast-global-color-4)","background-image":"","background-repeat":"repeat","background-position":"center center","background-size":"auto","background-attachment":"scroll","background-type":"","background-media":"","overlay-type":"","overlay-color":"","overlay-opacity":"","overlay-gradient":""}}},"product_brand":[],"product_cat":[31,35],"product_tag":[1010,455],"class_list":{"0":"post-11347","1":"product","2":"type-product","3":"status-publish","4":"has-post-thumbnail","6":"product_cat-grozine-literatura","7":"product_cat-vaikams-ir-paaugliams","8":"product_tag-vyturiukas","9":"product_tag-vyturys","10":"desktop-align-left","11":"tablet-align-left","12":"mobile-align-left","14":"first","15":"instock","16":"shipping-taxable","17":"purchasable","18":"product-type-simple"},"acf":[],"yoast_head":"<!-- This site is optimized with the Yoast SEO plugin v27.0 - https:\/\/yoast.com\/product\/yoast-seo-wordpress\/ -->\n<title>Vilkas ir O\u017eiukai<\/title>\n<meta name=\"description\" content=\"Ra\u0161ytojo\u00a0Kazio Sajos\u00a0sudaryta ir naujais k\u016briniais papildyta fantastini\u0173 istorij\u0173 rinktin\u0117. Devyniolika fantazijos bei filosofijos nestokojan\u010di\u0173 pasakojim\u0173 autorius yra i\u0161d\u0117st\u0119s taip, kad knyga atspind\u0117t\u0173 m\u016bs\u0173 tautos istorij\u0105 nuo mitologini\u0173 laik\u0173 iki atpa\u017e\u012fstam\u0173 pokario ir n\u016bdienos realij\u0173.  \u012evairiaspalviai senov\u0117s ir m\u016bs\u0173 laikus vaizduojantys pasakojimai sukurti su Kaziui Sajai b\u016bdingu lengvumu ir humoru, ta\u010diau gvildenantys esminius b\u016bties klausimus. U\u017e istorij\u0173 rinktin\u0119\u00a0\u201eKinivarp\u0173 ra\u0161tai&quot; Kazys Saja\u00a0tapo tre\u010diuoju literat\u016brin\u0117s M. Vainilai\u010dio premijos laureatu. Premija \u012fsteigta profesionaliam ra\u0161ytojui u\u017e mitologijos temos puosel\u0117jim\u0105 literat\u016bros k\u016briniuose.\" \/>\n<meta name=\"robots\" content=\"index, follow, max-snippet:-1, max-image-preview:large, max-video-preview:-1\" \/>\n<link rel=\"canonical\" href=\"https:\/\/skaitytaknyga.lt\/en\/produktas\/vilkas-ir-oziukai\/\" \/>\n<meta property=\"og:locale\" content=\"en_GB\" \/>\n<meta property=\"og:locale:alternate\" content=\"lt_LT\" \/>\n<meta property=\"og:type\" content=\"article\" \/>\n<meta property=\"og:title\" content=\"Vilkas ir O\u017eiukai\" \/>\n<meta property=\"og:description\" content=\"Ra\u0161ytojo\u00a0Kazio Sajos\u00a0sudaryta ir naujais k\u016briniais papildyta fantastini\u0173 istorij\u0173 rinktin\u0117. Devyniolika fantazijos bei filosofijos nestokojan\u010di\u0173 pasakojim\u0173 autorius yra i\u0161d\u0117st\u0119s taip, kad knyga atspind\u0117t\u0173 m\u016bs\u0173 tautos istorij\u0105 nuo mitologini\u0173 laik\u0173 iki atpa\u017e\u012fstam\u0173 pokario ir n\u016bdienos realij\u0173.  \u012evairiaspalviai senov\u0117s ir m\u016bs\u0173 laikus vaizduojantys pasakojimai sukurti su Kaziui Sajai b\u016bdingu lengvumu ir humoru, ta\u010diau gvildenantys esminius b\u016bties klausimus. U\u017e istorij\u0173 rinktin\u0119\u00a0\u201eKinivarp\u0173 ra\u0161tai&quot; Kazys Saja\u00a0tapo tre\u010diuoju literat\u016brin\u0117s M. Vainilai\u010dio premijos laureatu. Premija \u012fsteigta profesionaliam ra\u0161ytojui u\u017e mitologijos temos puosel\u0117jim\u0105 literat\u016bros k\u016briniuose.\" \/>\n<meta property=\"og:url\" content=\"https:\/\/skaitytaknyga.lt\/en\/produktas\/vilkas-ir-oziukai\/\" \/>\n<meta property=\"og:site_name\" content=\"Skaitytaknyga\" \/>\n<meta property=\"article:publisher\" content=\"https:\/\/www.facebook.com\/skaitytaknyga\/\" \/>\n<meta property=\"article:modified_time\" content=\"2025-06-26T12:53:04+00:00\" \/>\n<meta property=\"og:image\" content=\"https:\/\/skaitytaknyga.lt\/wp-content\/uploads\/2024\/05\/Virselis-8-1.jpg\" \/>\n\t<meta property=\"og:image:width\" content=\"720\" \/>\n\t<meta property=\"og:image:height\" content=\"1132\" \/>\n\t<meta property=\"og:image:type\" content=\"image\/jpeg\" \/>\n<meta name=\"twitter:card\" content=\"summary_large_image\" \/>\n<script type=\"application\/ld+json\" class=\"yoast-schema-graph\">{\"@context\":\"https:\/\/schema.org\",\"@graph\":[{\"@type\":\"WebPage\",\"@id\":\"https:\/\/skaitytaknyga.lt\/produktas\/vilkas-ir-oziukai\/\",\"url\":\"https:\/\/skaitytaknyga.lt\/produktas\/vilkas-ir-oziukai\/\",\"name\":\"Vilkas ir O\u017eiukai\",\"isPartOf\":{\"@id\":\"https:\/\/skaitytaknyga.lt\/#website\"},\"primaryImageOfPage\":{\"@id\":\"https:\/\/skaitytaknyga.lt\/produktas\/vilkas-ir-oziukai\/#primaryimage\"},\"image\":{\"@id\":\"https:\/\/skaitytaknyga.lt\/produktas\/vilkas-ir-oziukai\/#primaryimage\"},\"thumbnailUrl\":\"https:\/\/skaitytaknyga.lt\/wp-content\/uploads\/2024\/05\/Virselis-8-1.jpg\",\"datePublished\":\"2024-05-04T19:42:16+00:00\",\"dateModified\":\"2025-06-26T12:53:04+00:00\",\"description\":\"Ra\u0161ytojo\u00a0Kazio Sajos\u00a0sudaryta ir naujais k\u016briniais papildyta fantastini\u0173 istorij\u0173 rinktin\u0117. Devyniolika fantazijos bei filosofijos nestokojan\u010di\u0173 pasakojim\u0173 autorius yra i\u0161d\u0117st\u0119s taip, kad knyga atspind\u0117t\u0173 m\u016bs\u0173 tautos istorij\u0105 nuo mitologini\u0173 laik\u0173 iki atpa\u017e\u012fstam\u0173 pokario ir n\u016bdienos realij\u0173. \u012evairiaspalviai senov\u0117s ir m\u016bs\u0173 laikus vaizduojantys pasakojimai sukurti su Kaziui Sajai b\u016bdingu lengvumu ir humoru, ta\u010diau gvildenantys esminius b\u016bties klausimus. U\u017e istorij\u0173 rinktin\u0119\u00a0\u201eKinivarp\u0173 ra\u0161tai\\\" Kazys Saja\u00a0tapo tre\u010diuoju literat\u016brin\u0117s M. Vainilai\u010dio premijos laureatu. Premija \u012fsteigta profesionaliam ra\u0161ytojui u\u017e mitologijos temos puosel\u0117jim\u0105 literat\u016bros k\u016briniuose.\",\"breadcrumb\":{\"@id\":\"https:\/\/skaitytaknyga.lt\/produktas\/vilkas-ir-oziukai\/#breadcrumb\"},\"inLanguage\":\"en-GB\",\"potentialAction\":[{\"@type\":\"ReadAction\",\"target\":[\"https:\/\/skaitytaknyga.lt\/produktas\/vilkas-ir-oziukai\/\"]}]},{\"@type\":\"ImageObject\",\"inLanguage\":\"en-GB\",\"@id\":\"https:\/\/skaitytaknyga.lt\/produktas\/vilkas-ir-oziukai\/#primaryimage\",\"url\":\"https:\/\/skaitytaknyga.lt\/wp-content\/uploads\/2024\/05\/Virselis-8-1.jpg\",\"contentUrl\":\"https:\/\/skaitytaknyga.lt\/wp-content\/uploads\/2024\/05\/Virselis-8-1.jpg\",\"width\":720,\"height\":1132},{\"@type\":\"BreadcrumbList\",\"@id\":\"https:\/\/skaitytaknyga.lt\/produktas\/vilkas-ir-oziukai\/#breadcrumb\",\"itemListElement\":[{\"@type\":\"ListItem\",\"position\":1,\"name\":\"Home\",\"item\":\"https:\/\/skaitytaknyga.lt\/\"},{\"@type\":\"ListItem\",\"position\":2,\"name\":\"Parduotuv\u0117\",\"item\":\"https:\/\/skaitytaknyga.lt\/knygu-parduotuve\/\"},{\"@type\":\"ListItem\",\"position\":3,\"name\":\"Vilkas ir O\u017eiukai\"}]},{\"@type\":\"WebSite\",\"@id\":\"https:\/\/skaitytaknyga.lt\/#website\",\"url\":\"https:\/\/skaitytaknyga.lt\/\",\"name\":\"skaitytaknyga.lt\",\"description\":\"Skaitytaknyga.lt \u2013 tai ma\u017eas \u0161eimos verslas, kuris prasid\u0117jo nuo meil\u0117s knygoms ir siekio i\u0161gelb\u0117ti knygas nuo likimo prie konteinerio. Kas vienam nereikalingas daiktas \u2013 kitam lobis, o mes esame tarpininkai, kurie padeda abiems tapti laimingesniems ???? \u017dinome kaip nelengva i\u0161gyventi ma\u017eiems verslams, tad nuo \u0161iol, \u010dia rasite ir kit\u0173, ma\u017e\u0173 \u0161eim\u0173 versl\u0173, rank\u0173 darbo, dovan\u0173 sau ir artimiesiems.\",\"publisher\":{\"@id\":\"https:\/\/skaitytaknyga.lt\/#organization\"},\"potentialAction\":[{\"@type\":\"SearchAction\",\"target\":{\"@type\":\"EntryPoint\",\"urlTemplate\":\"https:\/\/skaitytaknyga.lt\/?s={search_term_string}\"},\"query-input\":{\"@type\":\"PropertyValueSpecification\",\"valueRequired\":true,\"valueName\":\"search_term_string\"}}],\"inLanguage\":\"en-GB\"},{\"@type\":\"Organization\",\"@id\":\"https:\/\/skaitytaknyga.lt\/#organization\",\"name\":\"skaitytaknyga.lt\",\"url\":\"https:\/\/skaitytaknyga.lt\/\",\"logo\":{\"@type\":\"ImageObject\",\"inLanguage\":\"en-GB\",\"@id\":\"https:\/\/skaitytaknyga.lt\/#\/schema\/logo\/image\/\",\"url\":\"https:\/\/skaitytaknyga.lt\/wp-content\/uploads\/2024\/05\/cropped-cropped-cropped-02_00843_jt3bggkj1j3HLc7SyY6rEUpg.jpeg\",\"contentUrl\":\"https:\/\/skaitytaknyga.lt\/wp-content\/uploads\/2024\/05\/cropped-cropped-cropped-02_00843_jt3bggkj1j3HLc7SyY6rEUpg.jpeg\",\"width\":1600,\"height\":1600,\"caption\":\"skaitytaknyga.lt\"},\"image\":{\"@id\":\"https:\/\/skaitytaknyga.lt\/#\/schema\/logo\/image\/\"},\"sameAs\":[\"https:\/\/www.facebook.com\/skaitytaknyga\/\"]}]}<\/script>\n<!-- \/ Yoast SEO plugin. -->","yoast_head_json":{"title":"Vilkas ir O\u017eiukai","description":"Ra\u0161ytojo\u00a0Kazio Sajos\u00a0sudaryta ir naujais k\u016briniais papildyta fantastini\u0173 istorij\u0173 rinktin\u0117. Devyniolika fantazijos bei filosofijos nestokojan\u010di\u0173 pasakojim\u0173 autorius yra i\u0161d\u0117st\u0119s taip, kad knyga atspind\u0117t\u0173 m\u016bs\u0173 tautos istorij\u0105 nuo mitologini\u0173 laik\u0173 iki atpa\u017e\u012fstam\u0173 pokario ir n\u016bdienos realij\u0173.  \u012evairiaspalviai senov\u0117s ir m\u016bs\u0173 laikus vaizduojantys pasakojimai sukurti su Kaziui Sajai b\u016bdingu lengvumu ir humoru, ta\u010diau gvildenantys esminius b\u016bties klausimus. U\u017e istorij\u0173 rinktin\u0119\u00a0\u201eKinivarp\u0173 ra\u0161tai\" Kazys Saja\u00a0tapo tre\u010diuoju literat\u016brin\u0117s M. Vainilai\u010dio premijos laureatu. Premija \u012fsteigta profesionaliam ra\u0161ytojui u\u017e mitologijos temos puosel\u0117jim\u0105 literat\u016bros k\u016briniuose.","robots":{"index":"index","follow":"follow","max-snippet":"max-snippet:-1","max-image-preview":"max-image-preview:large","max-video-preview":"max-video-preview:-1"},"canonical":"https:\/\/skaitytaknyga.lt\/en\/produktas\/vilkas-ir-oziukai\/","og_locale":"en_GB","og_type":"article","og_title":"[:lt]Vilkas ir O\u017eiukai[:] - Skaitytaknyga","og_description":"Ra\u0161ytojo\u00a0Kazio Sajos\u00a0sudaryta ir naujais k\u016briniais papildyta fantastini\u0173 istorij\u0173 rinktin\u0117. Devyniolika fantazijos bei filosofijos nestokojan\u010di\u0173 pasakojim\u0173 autorius yra i\u0161d\u0117st\u0119s taip, kad knyga atspind\u0117t\u0173 m\u016bs\u0173 tautos istorij\u0105 nuo mitologini\u0173 laik\u0173 iki atpa\u017e\u012fstam\u0173 pokario ir n\u016bdienos realij\u0173.  \u012evairiaspalviai senov\u0117s ir m\u016bs\u0173 laikus vaizduojantys pasakojimai sukurti su Kaziui Sajai b\u016bdingu lengvumu ir humoru, ta\u010diau gvildenantys esminius b\u016bties klausimus. U\u017e istorij\u0173 rinktin\u0119\u00a0\u201eKinivarp\u0173 ra\u0161tai\" Kazys Saja\u00a0tapo tre\u010diuoju literat\u016brin\u0117s M. Vainilai\u010dio premijos laureatu. Premija \u012fsteigta profesionaliam ra\u0161ytojui u\u017e mitologijos temos puosel\u0117jim\u0105 literat\u016bros k\u016briniuose.","og_url":"https:\/\/skaitytaknyga.lt\/en\/produktas\/vilkas-ir-oziukai\/","og_site_name":"Skaitytaknyga","article_publisher":"https:\/\/www.facebook.com\/skaitytaknyga\/","article_modified_time":"2025-06-26T12:53:04+00:00","og_image":[{"width":720,"height":1132,"url":"https:\/\/skaitytaknyga.lt\/wp-content\/uploads\/2024\/05\/Virselis-8-1.jpg","type":"image\/jpeg"}],"twitter_card":"summary_large_image","schema":{"@context":"https:\/\/schema.org","@graph":[{"@type":"WebPage","@id":"https:\/\/skaitytaknyga.lt\/produktas\/vilkas-ir-oziukai\/","url":"https:\/\/skaitytaknyga.lt\/produktas\/vilkas-ir-oziukai\/","name":"Vilkas ir O\u017eiukai","isPartOf":{"@id":"https:\/\/skaitytaknyga.lt\/#website"},"primaryImageOfPage":{"@id":"https:\/\/skaitytaknyga.lt\/produktas\/vilkas-ir-oziukai\/#primaryimage"},"image":{"@id":"https:\/\/skaitytaknyga.lt\/produktas\/vilkas-ir-oziukai\/#primaryimage"},"thumbnailUrl":"https:\/\/skaitytaknyga.lt\/wp-content\/uploads\/2024\/05\/Virselis-8-1.jpg","datePublished":"2024-05-04T19:42:16+00:00","dateModified":"2025-06-26T12:53:04+00:00","description":"Ra\u0161ytojo\u00a0Kazio Sajos\u00a0sudaryta ir naujais k\u016briniais papildyta fantastini\u0173 istorij\u0173 rinktin\u0117. Devyniolika fantazijos bei filosofijos nestokojan\u010di\u0173 pasakojim\u0173 autorius yra i\u0161d\u0117st\u0119s taip, kad knyga atspind\u0117t\u0173 m\u016bs\u0173 tautos istorij\u0105 nuo mitologini\u0173 laik\u0173 iki atpa\u017e\u012fstam\u0173 pokario ir n\u016bdienos realij\u0173. \u012evairiaspalviai senov\u0117s ir m\u016bs\u0173 laikus vaizduojantys pasakojimai sukurti su Kaziui Sajai b\u016bdingu lengvumu ir humoru, ta\u010diau gvildenantys esminius b\u016bties klausimus. U\u017e istorij\u0173 rinktin\u0119\u00a0\u201eKinivarp\u0173 ra\u0161tai\" Kazys Saja\u00a0tapo tre\u010diuoju literat\u016brin\u0117s M. Vainilai\u010dio premijos laureatu. Premija \u012fsteigta profesionaliam ra\u0161ytojui u\u017e mitologijos temos puosel\u0117jim\u0105 literat\u016bros k\u016briniuose.","breadcrumb":{"@id":"https:\/\/skaitytaknyga.lt\/produktas\/vilkas-ir-oziukai\/#breadcrumb"},"inLanguage":"en-GB","potentialAction":[{"@type":"ReadAction","target":["https:\/\/skaitytaknyga.lt\/produktas\/vilkas-ir-oziukai\/"]}]},{"@type":"ImageObject","inLanguage":"en-GB","@id":"https:\/\/skaitytaknyga.lt\/produktas\/vilkas-ir-oziukai\/#primaryimage","url":"https:\/\/skaitytaknyga.lt\/wp-content\/uploads\/2024\/05\/Virselis-8-1.jpg","contentUrl":"https:\/\/skaitytaknyga.lt\/wp-content\/uploads\/2024\/05\/Virselis-8-1.jpg","width":720,"height":1132},{"@type":"BreadcrumbList","@id":"https:\/\/skaitytaknyga.lt\/produktas\/vilkas-ir-oziukai\/#breadcrumb","itemListElement":[{"@type":"ListItem","position":1,"name":"Home","item":"https:\/\/skaitytaknyga.lt\/"},{"@type":"ListItem","position":2,"name":"Parduotuv\u0117","item":"https:\/\/skaitytaknyga.lt\/knygu-parduotuve\/"},{"@type":"ListItem","position":3,"name":"Vilkas ir O\u017eiukai"}]},{"@type":"WebSite","@id":"https:\/\/skaitytaknyga.lt\/#website","url":"https:\/\/skaitytaknyga.lt\/","name":"skaitytaknyga.lt","description":"Skaitytaknyga.lt \u2013 tai ma\u017eas \u0161eimos verslas, kuris prasid\u0117jo nuo meil\u0117s knygoms ir siekio i\u0161gelb\u0117ti knygas nuo likimo prie konteinerio. Kas vienam nereikalingas daiktas \u2013 kitam lobis, o mes esame tarpininkai, kurie padeda abiems tapti laimingesniems ???? \u017dinome kaip nelengva i\u0161gyventi ma\u017eiems verslams, tad nuo \u0161iol, \u010dia rasite ir kit\u0173, ma\u017e\u0173 \u0161eim\u0173 versl\u0173, rank\u0173 darbo, dovan\u0173 sau ir artimiesiems.","publisher":{"@id":"https:\/\/skaitytaknyga.lt\/#organization"},"potentialAction":[{"@type":"SearchAction","target":{"@type":"EntryPoint","urlTemplate":"https:\/\/skaitytaknyga.lt\/?s={search_term_string}"},"query-input":{"@type":"PropertyValueSpecification","valueRequired":true,"valueName":"search_term_string"}}],"inLanguage":"en-GB"},{"@type":"Organization","@id":"https:\/\/skaitytaknyga.lt\/#organization","name":"skaitytaknyga.lt","url":"https:\/\/skaitytaknyga.lt\/","logo":{"@type":"ImageObject","inLanguage":"en-GB","@id":"https:\/\/skaitytaknyga.lt\/#\/schema\/logo\/image\/","url":"https:\/\/skaitytaknyga.lt\/wp-content\/uploads\/2024\/05\/cropped-cropped-cropped-02_00843_jt3bggkj1j3HLc7SyY6rEUpg.jpeg","contentUrl":"https:\/\/skaitytaknyga.lt\/wp-content\/uploads\/2024\/05\/cropped-cropped-cropped-02_00843_jt3bggkj1j3HLc7SyY6rEUpg.jpeg","width":1600,"height":1600,"caption":"skaitytaknyga.lt"},"image":{"@id":"https:\/\/skaitytaknyga.lt\/#\/schema\/logo\/image\/"},"sameAs":["https:\/\/www.facebook.com\/skaitytaknyga\/"]}]}},"_links":{"self":[{"href":"https:\/\/skaitytaknyga.lt\/en\/wp-json\/wp\/v2\/product\/11347","targetHints":{"allow":["GET"]}}],"collection":[{"href":"https:\/\/skaitytaknyga.lt\/en\/wp-json\/wp\/v2\/product"}],"about":[{"href":"https:\/\/skaitytaknyga.lt\/en\/wp-json\/wp\/v2\/types\/product"}],"replies":[{"embeddable":true,"href":"https:\/\/skaitytaknyga.lt\/en\/wp-json\/wp\/v2\/comments?post=11347"}],"wp:featuredmedia":[{"embeddable":true,"href":"https:\/\/skaitytaknyga.lt\/en\/wp-json\/wp\/v2\/media\/11372"}],"wp:attachment":[{"href":"https:\/\/skaitytaknyga.lt\/en\/wp-json\/wp\/v2\/media?parent=11347"}],"wp:term":[{"taxonomy":"product_brand","embeddable":true,"href":"https:\/\/skaitytaknyga.lt\/en\/wp-json\/wp\/v2\/product_brand?post=11347"},{"taxonomy":"product_cat","embeddable":true,"href":"https:\/\/skaitytaknyga.lt\/en\/wp-json\/wp\/v2\/product_cat?post=11347"},{"taxonomy":"product_tag","embeddable":true,"href":"https:\/\/skaitytaknyga.lt\/en\/wp-json\/wp\/v2\/product_tag?post=11347"}],"curies":[{"name":"wp","href":"https:\/\/api.w.org\/{rel}","templated":true}]}}