{"id":11335,"date":"2024-05-04T19:41:53","date_gmt":"2024-05-04T19:41:53","guid":{"rendered":"https:\/\/skaitytaknyga.lt\/?post_type=product&#038;p=11335"},"modified":"2024-05-04T19:42:47","modified_gmt":"2024-05-04T19:42:47","slug":"victor-hugo-devyniasdesimt-tretieji-metai","status":"publish","type":"product","link":"https:\/\/skaitytaknyga.lt\/en\/produktas\/victor-hugo-devyniasdesimt-tretieji-metai\/","title":{"rendered":"Victor Hugo \u201eDevyniasde\u0161imt tretieji metai\u201c"},"content":{"rendered":"<p>Garsiojo pranc\u016bz\u0173 ra\u0161ytojo ir respublikos k\u016br\u0117jo Victoro Hugo romanas (1847) apie lemtinguosius Did\u017eiosios pranc\u016bz\u0173 revoliucijos metus, brol\u017eudi\u0161k\u0105 jakobin\u0173 ir rojalist\u0173 vadovaujam\u0173 Vand\u0117jos mai\u0161tinink\u0173 kov\u0105.<\/p>\n<p>Koks revoliuycijos tikslas: keisti \u017emogaus prigimt\u012f ar i\u0161auk\u0161tinti am\u017ein\u0105j\u0105 ties\u0105 \u2014 \u0161is romane keliamas klausimas aktualus visais laikais. Lietuvi\u0173 kalba pirm\u0105kart i\u0161leistas 1939 m.<\/p>\n","protected":false},"excerpt":{"rendered":"<p>Pranc\u016bz\u0173 ra\u0161ytojo romane parodytas romanti\u0161kas, spalvingas, dramati\u0161k\u0173 \u012fvyki\u0173 kupinas viduram\u017ei\u0173 Pary\u017eiaus gyvenimo paveikslas, kurio centre &#8211; Dievo Motinos katedra, tuometinio Pary\u017eiaus \u0161irdis.<\/p>\n","protected":false},"featured_media":11370,"comment_status":"closed","ping_status":"closed","template":"","meta":{"_acf_changed":false,"site-sidebar-layout":"default","site-content-layout":"","ast-site-content-layout":"default","site-content-style":"default","site-sidebar-style":"default","ast-global-header-display":"","ast-banner-title-visibility":"","ast-main-header-display":"","ast-hfb-above-header-display":"","ast-hfb-below-header-display":"","ast-hfb-mobile-header-display":"","site-post-title":"","ast-breadcrumbs-content":"","ast-featured-img":"","footer-sml-layout":"","ast-disable-related-posts":"","theme-transparent-header-meta":"","adv-header-id-meta":"","stick-header-meta":"","header-above-stick-meta":"","header-main-stick-meta":"","header-below-stick-meta":"","astra-migrate-meta-layouts":"default","ast-page-background-enabled":"default","ast-page-background-meta":{"desktop":{"background-color":"","background-image":"","background-repeat":"repeat","background-position":"center center","background-size":"auto","background-attachment":"scroll","background-type":"","background-media":"","overlay-type":"","overlay-color":"","overlay-opacity":"","overlay-gradient":""},"tablet":{"background-color":"","background-image":"","background-repeat":"repeat","background-position":"center center","background-size":"auto","background-attachment":"scroll","background-type":"","background-media":"","overlay-type":"","overlay-color":"","overlay-opacity":"","overlay-gradient":""},"mobile":{"background-color":"","background-image":"","background-repeat":"repeat","background-position":"center center","background-size":"auto","background-attachment":"scroll","background-type":"","background-media":"","overlay-type":"","overlay-color":"","overlay-opacity":"","overlay-gradient":""}},"ast-content-background-meta":{"desktop":{"background-color":"var(--ast-global-color-4)","background-image":"","background-repeat":"repeat","background-position":"center center","background-size":"auto","background-attachment":"scroll","background-type":"","background-media":"","overlay-type":"","overlay-color":"","overlay-opacity":"","overlay-gradient":""},"tablet":{"background-color":"var(--ast-global-color-4)","background-image":"","background-repeat":"repeat","background-position":"center center","background-size":"auto","background-attachment":"scroll","background-type":"","background-media":"","overlay-type":"","overlay-color":"","overlay-opacity":"","overlay-gradient":""},"mobile":{"background-color":"var(--ast-global-color-4)","background-image":"","background-repeat":"repeat","background-position":"center center","background-size":"auto","background-attachment":"scroll","background-type":"","background-media":"","overlay-type":"","overlay-color":"","overlay-opacity":"","overlay-gradient":""}}},"product_brand":[],"product_cat":[28],"product_tag":[],"class_list":{"0":"post-11335","1":"product","2":"type-product","3":"status-publish","4":"has-post-thumbnail","6":"product_cat-klasika","7":"desktop-align-left","8":"tablet-align-left","9":"mobile-align-left","11":"first","12":"instock","13":"shipping-taxable","14":"purchasable","15":"product-type-simple"},"acf":[],"yoast_head":"<!-- This site is optimized with the Yoast SEO plugin v27.0 - https:\/\/yoast.com\/product\/yoast-seo-wordpress\/ -->\n<title>Victor Hugo \u201eDevyniasde\u0161imt tretieji metai\u201c - Skaitytaknyga<\/title>\n<meta name=\"description\" content=\"Pranc\u016bz\u0173 ra\u0161ytojo romane parodytas romanti\u0161kas, spalvingas, dramati\u0161k\u0173 \u012fvyki\u0173 kupinas viduram\u017ei\u0173 Pary\u017eiaus gyvenimo paveikslas, kurio centre - Dievo Motinos katedra, tuometinio Pary\u017eiaus \u0161irdis.\" \/>\n<meta name=\"robots\" content=\"index, follow, max-snippet:-1, max-image-preview:large, max-video-preview:-1\" \/>\n<link rel=\"canonical\" href=\"https:\/\/skaitytaknyga.lt\/en\/produktas\/victor-hugo-devyniasdesimt-tretieji-metai\/\" \/>\n<meta property=\"og:locale\" content=\"en_GB\" \/>\n<meta property=\"og:locale:alternate\" content=\"lt_LT\" \/>\n<meta property=\"og:type\" content=\"article\" \/>\n<meta property=\"og:title\" content=\"Victor Hugo \u201eDevyniasde\u0161imt tretieji metai\u201c - Skaitytaknyga\" \/>\n<meta property=\"og:description\" content=\"Pranc\u016bz\u0173 ra\u0161ytojo romane parodytas romanti\u0161kas, spalvingas, dramati\u0161k\u0173 \u012fvyki\u0173 kupinas viduram\u017ei\u0173 Pary\u017eiaus gyvenimo paveikslas, kurio centre - Dievo Motinos katedra, tuometinio Pary\u017eiaus \u0161irdis.\" \/>\n<meta property=\"og:url\" content=\"https:\/\/skaitytaknyga.lt\/en\/produktas\/victor-hugo-devyniasdesimt-tretieji-metai\/\" \/>\n<meta property=\"og:site_name\" content=\"Skaitytaknyga\" \/>\n<meta property=\"article:publisher\" content=\"https:\/\/www.facebook.com\/skaitytaknyga\/\" \/>\n<meta property=\"article:modified_time\" content=\"2024-05-04T19:42:47+00:00\" \/>\n<meta property=\"og:image\" content=\"https:\/\/skaitytaknyga.lt\/wp-content\/uploads\/2024\/05\/1462881813_img0001.webp\" \/>\n\t<meta property=\"og:image:width\" content=\"526\" \/>\n\t<meta property=\"og:image:height\" content=\"800\" \/>\n\t<meta property=\"og:image:type\" content=\"image\/webp\" \/>\n<meta name=\"twitter:card\" content=\"summary_large_image\" \/>\n<script type=\"application\/ld+json\" class=\"yoast-schema-graph\">{\"@context\":\"https:\/\/schema.org\",\"@graph\":[{\"@type\":\"WebPage\",\"@id\":\"https:\/\/skaitytaknyga.lt\/produktas\/victor-hugo-devyniasdesimt-tretieji-metai\/\",\"url\":\"https:\/\/skaitytaknyga.lt\/produktas\/victor-hugo-devyniasdesimt-tretieji-metai\/\",\"name\":\"Victor Hugo \u201eDevyniasde\u0161imt tretieji metai\u201c - Skaitytaknyga\",\"isPartOf\":{\"@id\":\"https:\/\/skaitytaknyga.lt\/#website\"},\"primaryImageOfPage\":{\"@id\":\"https:\/\/skaitytaknyga.lt\/produktas\/victor-hugo-devyniasdesimt-tretieji-metai\/#primaryimage\"},\"image\":{\"@id\":\"https:\/\/skaitytaknyga.lt\/produktas\/victor-hugo-devyniasdesimt-tretieji-metai\/#primaryimage\"},\"thumbnailUrl\":\"https:\/\/skaitytaknyga.lt\/wp-content\/uploads\/2024\/05\/1462881813_img0001.webp\",\"datePublished\":\"2024-05-04T19:41:53+00:00\",\"dateModified\":\"2024-05-04T19:42:47+00:00\",\"description\":\"Pranc\u016bz\u0173 ra\u0161ytojo romane parodytas romanti\u0161kas, spalvingas, dramati\u0161k\u0173 \u012fvyki\u0173 kupinas viduram\u017ei\u0173 Pary\u017eiaus gyvenimo paveikslas, kurio centre - Dievo Motinos katedra, tuometinio Pary\u017eiaus \u0161irdis.\",\"breadcrumb\":{\"@id\":\"https:\/\/skaitytaknyga.lt\/produktas\/victor-hugo-devyniasdesimt-tretieji-metai\/#breadcrumb\"},\"inLanguage\":\"en-GB\",\"potentialAction\":[{\"@type\":\"ReadAction\",\"target\":[\"https:\/\/skaitytaknyga.lt\/produktas\/victor-hugo-devyniasdesimt-tretieji-metai\/\"]}]},{\"@type\":\"ImageObject\",\"inLanguage\":\"en-GB\",\"@id\":\"https:\/\/skaitytaknyga.lt\/produktas\/victor-hugo-devyniasdesimt-tretieji-metai\/#primaryimage\",\"url\":\"https:\/\/skaitytaknyga.lt\/wp-content\/uploads\/2024\/05\/1462881813_img0001.webp\",\"contentUrl\":\"https:\/\/skaitytaknyga.lt\/wp-content\/uploads\/2024\/05\/1462881813_img0001.webp\",\"width\":526,\"height\":800},{\"@type\":\"BreadcrumbList\",\"@id\":\"https:\/\/skaitytaknyga.lt\/produktas\/victor-hugo-devyniasdesimt-tretieji-metai\/#breadcrumb\",\"itemListElement\":[{\"@type\":\"ListItem\",\"position\":1,\"name\":\"Home\",\"item\":\"https:\/\/skaitytaknyga.lt\/\"},{\"@type\":\"ListItem\",\"position\":2,\"name\":\"Parduotuv\u0117\",\"item\":\"https:\/\/skaitytaknyga.lt\/knygu-parduotuve\/\"},{\"@type\":\"ListItem\",\"position\":3,\"name\":\"Victor Hugo \u201eDevyniasde\u0161imt tretieji metai\u201c\"}]},{\"@type\":\"WebSite\",\"@id\":\"https:\/\/skaitytaknyga.lt\/#website\",\"url\":\"https:\/\/skaitytaknyga.lt\/\",\"name\":\"skaitytaknyga.lt\",\"description\":\"Skaitytaknyga.lt \u2013 tai ma\u017eas \u0161eimos verslas, kuris prasid\u0117jo nuo meil\u0117s knygoms ir siekio i\u0161gelb\u0117ti knygas nuo likimo prie konteinerio. Kas vienam nereikalingas daiktas \u2013 kitam lobis, o mes esame tarpininkai, kurie padeda abiems tapti laimingesniems ???? \u017dinome kaip nelengva i\u0161gyventi ma\u017eiems verslams, tad nuo \u0161iol, \u010dia rasite ir kit\u0173, ma\u017e\u0173 \u0161eim\u0173 versl\u0173, rank\u0173 darbo, dovan\u0173 sau ir artimiesiems.\",\"publisher\":{\"@id\":\"https:\/\/skaitytaknyga.lt\/#organization\"},\"potentialAction\":[{\"@type\":\"SearchAction\",\"target\":{\"@type\":\"EntryPoint\",\"urlTemplate\":\"https:\/\/skaitytaknyga.lt\/?s={search_term_string}\"},\"query-input\":{\"@type\":\"PropertyValueSpecification\",\"valueRequired\":true,\"valueName\":\"search_term_string\"}}],\"inLanguage\":\"en-GB\"},{\"@type\":\"Organization\",\"@id\":\"https:\/\/skaitytaknyga.lt\/#organization\",\"name\":\"skaitytaknyga.lt\",\"url\":\"https:\/\/skaitytaknyga.lt\/\",\"logo\":{\"@type\":\"ImageObject\",\"inLanguage\":\"en-GB\",\"@id\":\"https:\/\/skaitytaknyga.lt\/#\/schema\/logo\/image\/\",\"url\":\"https:\/\/skaitytaknyga.lt\/wp-content\/uploads\/2024\/05\/cropped-cropped-cropped-02_00843_jt3bggkj1j3HLc7SyY6rEUpg.jpeg\",\"contentUrl\":\"https:\/\/skaitytaknyga.lt\/wp-content\/uploads\/2024\/05\/cropped-cropped-cropped-02_00843_jt3bggkj1j3HLc7SyY6rEUpg.jpeg\",\"width\":1600,\"height\":1600,\"caption\":\"skaitytaknyga.lt\"},\"image\":{\"@id\":\"https:\/\/skaitytaknyga.lt\/#\/schema\/logo\/image\/\"},\"sameAs\":[\"https:\/\/www.facebook.com\/skaitytaknyga\/\"]}]}<\/script>\n<!-- \/ Yoast SEO plugin. -->","yoast_head_json":{"title":"Victor Hugo \u201eDevyniasde\u0161imt tretieji metai\u201c - Skaitytaknyga","description":"Pranc\u016bz\u0173 ra\u0161ytojo romane parodytas romanti\u0161kas, spalvingas, dramati\u0161k\u0173 \u012fvyki\u0173 kupinas viduram\u017ei\u0173 Pary\u017eiaus gyvenimo paveikslas, kurio centre - Dievo Motinos katedra, tuometinio Pary\u017eiaus \u0161irdis.","robots":{"index":"index","follow":"follow","max-snippet":"max-snippet:-1","max-image-preview":"max-image-preview:large","max-video-preview":"max-video-preview:-1"},"canonical":"https:\/\/skaitytaknyga.lt\/en\/produktas\/victor-hugo-devyniasdesimt-tretieji-metai\/","og_locale":"en_GB","og_type":"article","og_title":"Victor Hugo \u201eDevyniasde\u0161imt tretieji metai\u201c - Skaitytaknyga","og_description":"Pranc\u016bz\u0173 ra\u0161ytojo romane parodytas romanti\u0161kas, spalvingas, dramati\u0161k\u0173 \u012fvyki\u0173 kupinas viduram\u017ei\u0173 Pary\u017eiaus gyvenimo paveikslas, kurio centre - Dievo Motinos katedra, tuometinio Pary\u017eiaus \u0161irdis.","og_url":"https:\/\/skaitytaknyga.lt\/en\/produktas\/victor-hugo-devyniasdesimt-tretieji-metai\/","og_site_name":"Skaitytaknyga","article_publisher":"https:\/\/www.facebook.com\/skaitytaknyga\/","article_modified_time":"2024-05-04T19:42:47+00:00","og_image":[{"width":526,"height":800,"url":"https:\/\/skaitytaknyga.lt\/wp-content\/uploads\/2024\/05\/1462881813_img0001.webp","type":"image\/webp"}],"twitter_card":"summary_large_image","schema":{"@context":"https:\/\/schema.org","@graph":[{"@type":"WebPage","@id":"https:\/\/skaitytaknyga.lt\/produktas\/victor-hugo-devyniasdesimt-tretieji-metai\/","url":"https:\/\/skaitytaknyga.lt\/produktas\/victor-hugo-devyniasdesimt-tretieji-metai\/","name":"Victor Hugo \u201eDevyniasde\u0161imt tretieji metai\u201c - Skaitytaknyga","isPartOf":{"@id":"https:\/\/skaitytaknyga.lt\/#website"},"primaryImageOfPage":{"@id":"https:\/\/skaitytaknyga.lt\/produktas\/victor-hugo-devyniasdesimt-tretieji-metai\/#primaryimage"},"image":{"@id":"https:\/\/skaitytaknyga.lt\/produktas\/victor-hugo-devyniasdesimt-tretieji-metai\/#primaryimage"},"thumbnailUrl":"https:\/\/skaitytaknyga.lt\/wp-content\/uploads\/2024\/05\/1462881813_img0001.webp","datePublished":"2024-05-04T19:41:53+00:00","dateModified":"2024-05-04T19:42:47+00:00","description":"Pranc\u016bz\u0173 ra\u0161ytojo romane parodytas romanti\u0161kas, spalvingas, dramati\u0161k\u0173 \u012fvyki\u0173 kupinas viduram\u017ei\u0173 Pary\u017eiaus gyvenimo paveikslas, kurio centre - Dievo Motinos katedra, tuometinio Pary\u017eiaus \u0161irdis.","breadcrumb":{"@id":"https:\/\/skaitytaknyga.lt\/produktas\/victor-hugo-devyniasdesimt-tretieji-metai\/#breadcrumb"},"inLanguage":"en-GB","potentialAction":[{"@type":"ReadAction","target":["https:\/\/skaitytaknyga.lt\/produktas\/victor-hugo-devyniasdesimt-tretieji-metai\/"]}]},{"@type":"ImageObject","inLanguage":"en-GB","@id":"https:\/\/skaitytaknyga.lt\/produktas\/victor-hugo-devyniasdesimt-tretieji-metai\/#primaryimage","url":"https:\/\/skaitytaknyga.lt\/wp-content\/uploads\/2024\/05\/1462881813_img0001.webp","contentUrl":"https:\/\/skaitytaknyga.lt\/wp-content\/uploads\/2024\/05\/1462881813_img0001.webp","width":526,"height":800},{"@type":"BreadcrumbList","@id":"https:\/\/skaitytaknyga.lt\/produktas\/victor-hugo-devyniasdesimt-tretieji-metai\/#breadcrumb","itemListElement":[{"@type":"ListItem","position":1,"name":"Home","item":"https:\/\/skaitytaknyga.lt\/"},{"@type":"ListItem","position":2,"name":"Parduotuv\u0117","item":"https:\/\/skaitytaknyga.lt\/knygu-parduotuve\/"},{"@type":"ListItem","position":3,"name":"Victor Hugo \u201eDevyniasde\u0161imt tretieji metai\u201c"}]},{"@type":"WebSite","@id":"https:\/\/skaitytaknyga.lt\/#website","url":"https:\/\/skaitytaknyga.lt\/","name":"skaitytaknyga.lt","description":"Skaitytaknyga.lt \u2013 tai ma\u017eas \u0161eimos verslas, kuris prasid\u0117jo nuo meil\u0117s knygoms ir siekio i\u0161gelb\u0117ti knygas nuo likimo prie konteinerio. Kas vienam nereikalingas daiktas \u2013 kitam lobis, o mes esame tarpininkai, kurie padeda abiems tapti laimingesniems ???? \u017dinome kaip nelengva i\u0161gyventi ma\u017eiems verslams, tad nuo \u0161iol, \u010dia rasite ir kit\u0173, ma\u017e\u0173 \u0161eim\u0173 versl\u0173, rank\u0173 darbo, dovan\u0173 sau ir artimiesiems.","publisher":{"@id":"https:\/\/skaitytaknyga.lt\/#organization"},"potentialAction":[{"@type":"SearchAction","target":{"@type":"EntryPoint","urlTemplate":"https:\/\/skaitytaknyga.lt\/?s={search_term_string}"},"query-input":{"@type":"PropertyValueSpecification","valueRequired":true,"valueName":"search_term_string"}}],"inLanguage":"en-GB"},{"@type":"Organization","@id":"https:\/\/skaitytaknyga.lt\/#organization","name":"skaitytaknyga.lt","url":"https:\/\/skaitytaknyga.lt\/","logo":{"@type":"ImageObject","inLanguage":"en-GB","@id":"https:\/\/skaitytaknyga.lt\/#\/schema\/logo\/image\/","url":"https:\/\/skaitytaknyga.lt\/wp-content\/uploads\/2024\/05\/cropped-cropped-cropped-02_00843_jt3bggkj1j3HLc7SyY6rEUpg.jpeg","contentUrl":"https:\/\/skaitytaknyga.lt\/wp-content\/uploads\/2024\/05\/cropped-cropped-cropped-02_00843_jt3bggkj1j3HLc7SyY6rEUpg.jpeg","width":1600,"height":1600,"caption":"skaitytaknyga.lt"},"image":{"@id":"https:\/\/skaitytaknyga.lt\/#\/schema\/logo\/image\/"},"sameAs":["https:\/\/www.facebook.com\/skaitytaknyga\/"]}]}},"_links":{"self":[{"href":"https:\/\/skaitytaknyga.lt\/en\/wp-json\/wp\/v2\/product\/11335","targetHints":{"allow":["GET"]}}],"collection":[{"href":"https:\/\/skaitytaknyga.lt\/en\/wp-json\/wp\/v2\/product"}],"about":[{"href":"https:\/\/skaitytaknyga.lt\/en\/wp-json\/wp\/v2\/types\/product"}],"replies":[{"embeddable":true,"href":"https:\/\/skaitytaknyga.lt\/en\/wp-json\/wp\/v2\/comments?post=11335"}],"wp:featuredmedia":[{"embeddable":true,"href":"https:\/\/skaitytaknyga.lt\/en\/wp-json\/wp\/v2\/media\/11370"}],"wp:attachment":[{"href":"https:\/\/skaitytaknyga.lt\/en\/wp-json\/wp\/v2\/media?parent=11335"}],"wp:term":[{"taxonomy":"product_brand","embeddable":true,"href":"https:\/\/skaitytaknyga.lt\/en\/wp-json\/wp\/v2\/product_brand?post=11335"},{"taxonomy":"product_cat","embeddable":true,"href":"https:\/\/skaitytaknyga.lt\/en\/wp-json\/wp\/v2\/product_cat?post=11335"},{"taxonomy":"product_tag","embeddable":true,"href":"https:\/\/skaitytaknyga.lt\/en\/wp-json\/wp\/v2\/product_tag?post=11335"}],"curies":[{"name":"wp","href":"https:\/\/api.w.org\/{rel}","templated":true}]}}