{"id":11327,"date":"2024-05-04T19:41:30","date_gmt":"2024-05-04T19:41:30","guid":{"rendered":"https:\/\/skaitytaknyga.lt\/?post_type=product&#038;p=11327"},"modified":"2024-07-16T15:00:17","modified_gmt":"2024-07-16T12:00:17","slug":"vladimiras-chochlaciovas-viskas-apie-arbata","status":"publish","type":"product","link":"https:\/\/skaitytaknyga.lt\/en\/produktas\/vladimiras-chochlaciovas-viskas-apie-arbata\/","title":{"rendered":"Vladimiras Chochla\u010diovas \u201eViskas apie arbat\u0105\u201c"},"content":{"rendered":"<p>Knygoje pasakojama, kaip atrastas arbatmedis, apra\u0161omos nuostabios jo ypatyb\u0117s, atskleid\u017eiama arbatos reik\u0161m\u0117 \u012fvairi\u0173 taut\u0173 gyvenime, supa\u017eindinama su arbatos auginimo, perdirbimo ir vartojimo praktika, tradicijomis, \u012fdomyb\u0117mis.<\/p>\n","protected":false},"excerpt":{"rendered":"<p>Knygoje apra\u0161yta 112 augal\u0173, nurodyta j\u0173 chemin\u0117 sud\u0117tis, pateikta farmakologin\u0117s savyb\u0117s, mokoma, kaip gaminti antpilus, nuopilus bei \u012fvairias arbatas.<\/p>\n","protected":false},"featured_media":11362,"comment_status":"closed","ping_status":"closed","template":"","meta":{"_acf_changed":false,"site-sidebar-layout":"default","site-content-layout":"","ast-site-content-layout":"default","site-content-style":"default","site-sidebar-style":"default","ast-global-header-display":"","ast-banner-title-visibility":"","ast-main-header-display":"","ast-hfb-above-header-display":"","ast-hfb-below-header-display":"","ast-hfb-mobile-header-display":"","site-post-title":"","ast-breadcrumbs-content":"","ast-featured-img":"","footer-sml-layout":"","ast-disable-related-posts":"","theme-transparent-header-meta":"","adv-header-id-meta":"","stick-header-meta":"","header-above-stick-meta":"","header-main-stick-meta":"","header-below-stick-meta":"","astra-migrate-meta-layouts":"default","ast-page-background-enabled":"default","ast-page-background-meta":{"desktop":{"background-color":"","background-image":"","background-repeat":"repeat","background-position":"center center","background-size":"auto","background-attachment":"scroll","background-type":"","background-media":"","overlay-type":"","overlay-color":"","overlay-opacity":"","overlay-gradient":""},"tablet":{"background-color":"","background-image":"","background-repeat":"repeat","background-position":"center center","background-size":"auto","background-attachment":"scroll","background-type":"","background-media":"","overlay-type":"","overlay-color":"","overlay-opacity":"","overlay-gradient":""},"mobile":{"background-color":"","background-image":"","background-repeat":"repeat","background-position":"center center","background-size":"auto","background-attachment":"scroll","background-type":"","background-media":"","overlay-type":"","overlay-color":"","overlay-opacity":"","overlay-gradient":""}},"ast-content-background-meta":{"desktop":{"background-color":"var(--ast-global-color-4)","background-image":"","background-repeat":"repeat","background-position":"center center","background-size":"auto","background-attachment":"scroll","background-type":"","background-media":"","overlay-type":"","overlay-color":"","overlay-opacity":"","overlay-gradient":""},"tablet":{"background-color":"var(--ast-global-color-4)","background-image":"","background-repeat":"repeat","background-position":"center center","background-size":"auto","background-attachment":"scroll","background-type":"","background-media":"","overlay-type":"","overlay-color":"","overlay-opacity":"","overlay-gradient":""},"mobile":{"background-color":"var(--ast-global-color-4)","background-image":"","background-repeat":"repeat","background-position":"center center","background-size":"auto","background-attachment":"scroll","background-type":"","background-media":"","overlay-type":"","overlay-color":"","overlay-opacity":"","overlay-gradient":""}}},"product_brand":[],"product_cat":[58,55],"product_tag":[],"class_list":{"0":"post-11327","1":"product","2":"type-product","3":"status-publish","4":"has-post-thumbnail","6":"product_cat-receptai","7":"product_cat-sveikata-ir-sveika-mityba","8":"pa_leidimo-metai-766","9":"desktop-align-left","10":"tablet-align-left","11":"mobile-align-left","13":"first","14":"outofstock","15":"shipping-taxable","16":"purchasable","17":"product-type-simple"},"acf":[],"yoast_head":"<!-- This site is optimized with the Yoast SEO plugin v27.0 - https:\/\/yoast.com\/product\/yoast-seo-wordpress\/ -->\n<title>Vladimiras Chochla\u010diovas \u201eViskas apie arbat\u0105\u201c<\/title>\n<meta name=\"description\" content=\"Knygoje apra\u0161yta 112 augal\u0173, nurodyta j\u0173 chemin\u0117 sud\u0117tis, pateikta farmakologin\u0117s savyb\u0117s, mokoma, kaip gaminti antpilus, nuopilus bei \u012fvairias arbatas.\" \/>\n<meta name=\"robots\" content=\"index, follow, max-snippet:-1, max-image-preview:large, max-video-preview:-1\" \/>\n<link rel=\"canonical\" href=\"https:\/\/skaitytaknyga.lt\/en\/produktas\/vladimiras-chochlaciovas-viskas-apie-arbata\/\" \/>\n<meta property=\"og:locale\" content=\"en_GB\" \/>\n<meta property=\"og:locale:alternate\" content=\"lt_LT\" \/>\n<meta property=\"og:type\" content=\"article\" \/>\n<meta property=\"og:title\" content=\"Vladimiras Chochla\u010diovas \u201eViskas apie arbat\u0105\u201c\" \/>\n<meta property=\"og:description\" content=\"Knygoje apra\u0161yta 112 augal\u0173, nurodyta j\u0173 chemin\u0117 sud\u0117tis, pateikta farmakologin\u0117s savyb\u0117s, mokoma, kaip gaminti antpilus, nuopilus bei \u012fvairias arbatas.\" \/>\n<meta property=\"og:url\" content=\"https:\/\/skaitytaknyga.lt\/en\/produktas\/vladimiras-chochlaciovas-viskas-apie-arbata\/\" \/>\n<meta property=\"og:site_name\" content=\"Skaitytaknyga\" \/>\n<meta property=\"article:publisher\" content=\"https:\/\/www.facebook.com\/skaitytaknyga\/\" \/>\n<meta property=\"article:modified_time\" content=\"2024-07-16T12:00:17+00:00\" \/>\n<meta property=\"og:image\" content=\"https:\/\/skaitytaknyga.lt\/wp-content\/uploads\/2024\/05\/viskas-apie-arbata-1-e1699020003931.jpg\" \/>\n\t<meta property=\"og:image:width\" content=\"782\" \/>\n\t<meta property=\"og:image:height\" content=\"1184\" \/>\n\t<meta property=\"og:image:type\" content=\"image\/jpeg\" \/>\n<meta name=\"twitter:card\" content=\"summary_large_image\" \/>\n<script type=\"application\/ld+json\" class=\"yoast-schema-graph\">{\"@context\":\"https:\/\/schema.org\",\"@graph\":[{\"@type\":\"WebPage\",\"@id\":\"https:\/\/skaitytaknyga.lt\/produktas\/vladimiras-chochlaciovas-viskas-apie-arbata\/\",\"url\":\"https:\/\/skaitytaknyga.lt\/produktas\/vladimiras-chochlaciovas-viskas-apie-arbata\/\",\"name\":\"Vladimiras Chochla\u010diovas \u201eViskas apie arbat\u0105\u201c\",\"isPartOf\":{\"@id\":\"https:\/\/skaitytaknyga.lt\/#website\"},\"primaryImageOfPage\":{\"@id\":\"https:\/\/skaitytaknyga.lt\/produktas\/vladimiras-chochlaciovas-viskas-apie-arbata\/#primaryimage\"},\"image\":{\"@id\":\"https:\/\/skaitytaknyga.lt\/produktas\/vladimiras-chochlaciovas-viskas-apie-arbata\/#primaryimage\"},\"thumbnailUrl\":\"https:\/\/skaitytaknyga.lt\/wp-content\/uploads\/2024\/05\/viskas-apie-arbata-1-e1699020003931.jpg\",\"datePublished\":\"2024-05-04T19:41:30+00:00\",\"dateModified\":\"2024-07-16T12:00:17+00:00\",\"description\":\"Knygoje apra\u0161yta 112 augal\u0173, nurodyta j\u0173 chemin\u0117 sud\u0117tis, pateikta farmakologin\u0117s savyb\u0117s, mokoma, kaip gaminti antpilus, nuopilus bei \u012fvairias arbatas.\",\"breadcrumb\":{\"@id\":\"https:\/\/skaitytaknyga.lt\/produktas\/vladimiras-chochlaciovas-viskas-apie-arbata\/#breadcrumb\"},\"inLanguage\":\"en-GB\",\"potentialAction\":[{\"@type\":\"ReadAction\",\"target\":[\"https:\/\/skaitytaknyga.lt\/produktas\/vladimiras-chochlaciovas-viskas-apie-arbata\/\"]}]},{\"@type\":\"ImageObject\",\"inLanguage\":\"en-GB\",\"@id\":\"https:\/\/skaitytaknyga.lt\/produktas\/vladimiras-chochlaciovas-viskas-apie-arbata\/#primaryimage\",\"url\":\"https:\/\/skaitytaknyga.lt\/wp-content\/uploads\/2024\/05\/viskas-apie-arbata-1-e1699020003931.jpg\",\"contentUrl\":\"https:\/\/skaitytaknyga.lt\/wp-content\/uploads\/2024\/05\/viskas-apie-arbata-1-e1699020003931.jpg\",\"width\":782,\"height\":1184},{\"@type\":\"BreadcrumbList\",\"@id\":\"https:\/\/skaitytaknyga.lt\/produktas\/vladimiras-chochlaciovas-viskas-apie-arbata\/#breadcrumb\",\"itemListElement\":[{\"@type\":\"ListItem\",\"position\":1,\"name\":\"Home\",\"item\":\"https:\/\/skaitytaknyga.lt\/\"},{\"@type\":\"ListItem\",\"position\":2,\"name\":\"Parduotuv\u0117\",\"item\":\"https:\/\/skaitytaknyga.lt\/knygu-parduotuve\/\"},{\"@type\":\"ListItem\",\"position\":3,\"name\":\"Vladimiras Chochla\u010diovas \u201eViskas apie arbat\u0105\u201c\"}]},{\"@type\":\"WebSite\",\"@id\":\"https:\/\/skaitytaknyga.lt\/#website\",\"url\":\"https:\/\/skaitytaknyga.lt\/\",\"name\":\"skaitytaknyga.lt\",\"description\":\"Skaitytaknyga.lt \u2013 tai ma\u017eas \u0161eimos verslas, kuris prasid\u0117jo nuo meil\u0117s knygoms ir siekio i\u0161gelb\u0117ti knygas nuo likimo prie konteinerio. Kas vienam nereikalingas daiktas \u2013 kitam lobis, o mes esame tarpininkai, kurie padeda abiems tapti laimingesniems ???? \u017dinome kaip nelengva i\u0161gyventi ma\u017eiems verslams, tad nuo \u0161iol, \u010dia rasite ir kit\u0173, ma\u017e\u0173 \u0161eim\u0173 versl\u0173, rank\u0173 darbo, dovan\u0173 sau ir artimiesiems.\",\"publisher\":{\"@id\":\"https:\/\/skaitytaknyga.lt\/#organization\"},\"potentialAction\":[{\"@type\":\"SearchAction\",\"target\":{\"@type\":\"EntryPoint\",\"urlTemplate\":\"https:\/\/skaitytaknyga.lt\/?s={search_term_string}\"},\"query-input\":{\"@type\":\"PropertyValueSpecification\",\"valueRequired\":true,\"valueName\":\"search_term_string\"}}],\"inLanguage\":\"en-GB\"},{\"@type\":\"Organization\",\"@id\":\"https:\/\/skaitytaknyga.lt\/#organization\",\"name\":\"skaitytaknyga.lt\",\"url\":\"https:\/\/skaitytaknyga.lt\/\",\"logo\":{\"@type\":\"ImageObject\",\"inLanguage\":\"en-GB\",\"@id\":\"https:\/\/skaitytaknyga.lt\/#\/schema\/logo\/image\/\",\"url\":\"https:\/\/skaitytaknyga.lt\/wp-content\/uploads\/2024\/05\/cropped-cropped-cropped-02_00843_jt3bggkj1j3HLc7SyY6rEUpg.jpeg\",\"contentUrl\":\"https:\/\/skaitytaknyga.lt\/wp-content\/uploads\/2024\/05\/cropped-cropped-cropped-02_00843_jt3bggkj1j3HLc7SyY6rEUpg.jpeg\",\"width\":1600,\"height\":1600,\"caption\":\"skaitytaknyga.lt\"},\"image\":{\"@id\":\"https:\/\/skaitytaknyga.lt\/#\/schema\/logo\/image\/\"},\"sameAs\":[\"https:\/\/www.facebook.com\/skaitytaknyga\/\"]}]}<\/script>\n<!-- \/ Yoast SEO plugin. -->","yoast_head_json":{"title":"Vladimiras Chochla\u010diovas \u201eViskas apie arbat\u0105\u201c","description":"Knygoje apra\u0161yta 112 augal\u0173, nurodyta j\u0173 chemin\u0117 sud\u0117tis, pateikta farmakologin\u0117s savyb\u0117s, mokoma, kaip gaminti antpilus, nuopilus bei \u012fvairias arbatas.","robots":{"index":"index","follow":"follow","max-snippet":"max-snippet:-1","max-image-preview":"max-image-preview:large","max-video-preview":"max-video-preview:-1"},"canonical":"https:\/\/skaitytaknyga.lt\/en\/produktas\/vladimiras-chochlaciovas-viskas-apie-arbata\/","og_locale":"en_GB","og_type":"article","og_title":"[:lt]Vladimiras Chochla\u010diovas \u201eViskas apie arbat\u0105\u201c[:] - Skaitytaknyga","og_description":"Knygoje apra\u0161yta 112 augal\u0173, nurodyta j\u0173 chemin\u0117 sud\u0117tis, pateikta farmakologin\u0117s savyb\u0117s, mokoma, kaip gaminti antpilus, nuopilus bei \u012fvairias arbatas.","og_url":"https:\/\/skaitytaknyga.lt\/en\/produktas\/vladimiras-chochlaciovas-viskas-apie-arbata\/","og_site_name":"Skaitytaknyga","article_publisher":"https:\/\/www.facebook.com\/skaitytaknyga\/","article_modified_time":"2024-07-16T12:00:17+00:00","og_image":[{"width":782,"height":1184,"url":"https:\/\/skaitytaknyga.lt\/wp-content\/uploads\/2024\/05\/viskas-apie-arbata-1-e1699020003931.jpg","type":"image\/jpeg"}],"twitter_card":"summary_large_image","schema":{"@context":"https:\/\/schema.org","@graph":[{"@type":"WebPage","@id":"https:\/\/skaitytaknyga.lt\/produktas\/vladimiras-chochlaciovas-viskas-apie-arbata\/","url":"https:\/\/skaitytaknyga.lt\/produktas\/vladimiras-chochlaciovas-viskas-apie-arbata\/","name":"Vladimiras Chochla\u010diovas \u201eViskas apie arbat\u0105\u201c","isPartOf":{"@id":"https:\/\/skaitytaknyga.lt\/#website"},"primaryImageOfPage":{"@id":"https:\/\/skaitytaknyga.lt\/produktas\/vladimiras-chochlaciovas-viskas-apie-arbata\/#primaryimage"},"image":{"@id":"https:\/\/skaitytaknyga.lt\/produktas\/vladimiras-chochlaciovas-viskas-apie-arbata\/#primaryimage"},"thumbnailUrl":"https:\/\/skaitytaknyga.lt\/wp-content\/uploads\/2024\/05\/viskas-apie-arbata-1-e1699020003931.jpg","datePublished":"2024-05-04T19:41:30+00:00","dateModified":"2024-07-16T12:00:17+00:00","description":"Knygoje apra\u0161yta 112 augal\u0173, nurodyta j\u0173 chemin\u0117 sud\u0117tis, pateikta farmakologin\u0117s savyb\u0117s, mokoma, kaip gaminti antpilus, nuopilus bei \u012fvairias arbatas.","breadcrumb":{"@id":"https:\/\/skaitytaknyga.lt\/produktas\/vladimiras-chochlaciovas-viskas-apie-arbata\/#breadcrumb"},"inLanguage":"en-GB","potentialAction":[{"@type":"ReadAction","target":["https:\/\/skaitytaknyga.lt\/produktas\/vladimiras-chochlaciovas-viskas-apie-arbata\/"]}]},{"@type":"ImageObject","inLanguage":"en-GB","@id":"https:\/\/skaitytaknyga.lt\/produktas\/vladimiras-chochlaciovas-viskas-apie-arbata\/#primaryimage","url":"https:\/\/skaitytaknyga.lt\/wp-content\/uploads\/2024\/05\/viskas-apie-arbata-1-e1699020003931.jpg","contentUrl":"https:\/\/skaitytaknyga.lt\/wp-content\/uploads\/2024\/05\/viskas-apie-arbata-1-e1699020003931.jpg","width":782,"height":1184},{"@type":"BreadcrumbList","@id":"https:\/\/skaitytaknyga.lt\/produktas\/vladimiras-chochlaciovas-viskas-apie-arbata\/#breadcrumb","itemListElement":[{"@type":"ListItem","position":1,"name":"Home","item":"https:\/\/skaitytaknyga.lt\/"},{"@type":"ListItem","position":2,"name":"Parduotuv\u0117","item":"https:\/\/skaitytaknyga.lt\/knygu-parduotuve\/"},{"@type":"ListItem","position":3,"name":"Vladimiras Chochla\u010diovas \u201eViskas apie arbat\u0105\u201c"}]},{"@type":"WebSite","@id":"https:\/\/skaitytaknyga.lt\/#website","url":"https:\/\/skaitytaknyga.lt\/","name":"skaitytaknyga.lt","description":"Skaitytaknyga.lt \u2013 tai ma\u017eas \u0161eimos verslas, kuris prasid\u0117jo nuo meil\u0117s knygoms ir siekio i\u0161gelb\u0117ti knygas nuo likimo prie konteinerio. Kas vienam nereikalingas daiktas \u2013 kitam lobis, o mes esame tarpininkai, kurie padeda abiems tapti laimingesniems ???? \u017dinome kaip nelengva i\u0161gyventi ma\u017eiems verslams, tad nuo \u0161iol, \u010dia rasite ir kit\u0173, ma\u017e\u0173 \u0161eim\u0173 versl\u0173, rank\u0173 darbo, dovan\u0173 sau ir artimiesiems.","publisher":{"@id":"https:\/\/skaitytaknyga.lt\/#organization"},"potentialAction":[{"@type":"SearchAction","target":{"@type":"EntryPoint","urlTemplate":"https:\/\/skaitytaknyga.lt\/?s={search_term_string}"},"query-input":{"@type":"PropertyValueSpecification","valueRequired":true,"valueName":"search_term_string"}}],"inLanguage":"en-GB"},{"@type":"Organization","@id":"https:\/\/skaitytaknyga.lt\/#organization","name":"skaitytaknyga.lt","url":"https:\/\/skaitytaknyga.lt\/","logo":{"@type":"ImageObject","inLanguage":"en-GB","@id":"https:\/\/skaitytaknyga.lt\/#\/schema\/logo\/image\/","url":"https:\/\/skaitytaknyga.lt\/wp-content\/uploads\/2024\/05\/cropped-cropped-cropped-02_00843_jt3bggkj1j3HLc7SyY6rEUpg.jpeg","contentUrl":"https:\/\/skaitytaknyga.lt\/wp-content\/uploads\/2024\/05\/cropped-cropped-cropped-02_00843_jt3bggkj1j3HLc7SyY6rEUpg.jpeg","width":1600,"height":1600,"caption":"skaitytaknyga.lt"},"image":{"@id":"https:\/\/skaitytaknyga.lt\/#\/schema\/logo\/image\/"},"sameAs":["https:\/\/www.facebook.com\/skaitytaknyga\/"]}]}},"_links":{"self":[{"href":"https:\/\/skaitytaknyga.lt\/en\/wp-json\/wp\/v2\/product\/11327","targetHints":{"allow":["GET"]}}],"collection":[{"href":"https:\/\/skaitytaknyga.lt\/en\/wp-json\/wp\/v2\/product"}],"about":[{"href":"https:\/\/skaitytaknyga.lt\/en\/wp-json\/wp\/v2\/types\/product"}],"replies":[{"embeddable":true,"href":"https:\/\/skaitytaknyga.lt\/en\/wp-json\/wp\/v2\/comments?post=11327"}],"wp:featuredmedia":[{"embeddable":true,"href":"https:\/\/skaitytaknyga.lt\/en\/wp-json\/wp\/v2\/media\/11362"}],"wp:attachment":[{"href":"https:\/\/skaitytaknyga.lt\/en\/wp-json\/wp\/v2\/media?parent=11327"}],"wp:term":[{"taxonomy":"product_brand","embeddable":true,"href":"https:\/\/skaitytaknyga.lt\/en\/wp-json\/wp\/v2\/product_brand?post=11327"},{"taxonomy":"product_cat","embeddable":true,"href":"https:\/\/skaitytaknyga.lt\/en\/wp-json\/wp\/v2\/product_cat?post=11327"},{"taxonomy":"product_tag","embeddable":true,"href":"https:\/\/skaitytaknyga.lt\/en\/wp-json\/wp\/v2\/product_tag?post=11327"}],"curies":[{"name":"wp","href":"https:\/\/api.w.org\/{rel}","templated":true}]}}