{"id":11316,"date":"2024-05-04T19:41:00","date_gmt":"2024-05-04T19:41:00","guid":{"rendered":"https:\/\/skaitytaknyga.lt\/?post_type=product&#038;p=11316"},"modified":"2024-05-04T19:42:06","modified_gmt":"2024-05-04T19:42:06","slug":"vytautas-nedzinskas-pasakojimai-apie-gulbes","status":"publish","type":"product","link":"https:\/\/skaitytaknyga.lt\/en\/produktas\/vytautas-nedzinskas-pasakojimai-apie-gulbes\/","title":{"rendered":"Vytautas Nedzinskas \u201ePasakojimai apie gulbes\u201c"},"content":{"rendered":"<p>Tai pomirtinis tragi\u0161kai \u017euvusio gamtininko (1940-2002) \u012fvairiais metais para\u0161yt\u0173 apybrai\u017e\u0173 rinkinys. Kelet\u0105 de\u0161imtme\u010di\u0173 \u0161iuos didingus pauk\u0161\u010dius tyrin\u0117j\u0119s autorius tikrai turi k\u0105 apie juos papasakoti, o kai \u012fsitikini, kad ir pasakoti jis moka\u2026 \u010cia rasite ne tik saus\u0173 mokslini\u0173 fakt\u0173 ar gamtininko kasdienyb\u0117s vaizd\u0173, bet ir lyrini\u0173 miniati\u016br\u0173, epikos beigi romantikos, li\u016bdn\u0173 ir linksm\u0173 (o kartais groteski\u0161k\u0173) istorij\u0173 &#8211; visko n\u0117 nei\u0161vardinsi. Autoriaus meil\u0117 savo plunksnuotiesiems herojams &#8211; jokia literat\u016brin\u0117 vertyb\u0117, ta\u010diau skaitytoj\u0105 tur\u0117t\u0173 nuteikti \u0161iltai. Aktualiai skamba (deja) nerimas d\u0117l jiems gresian\u010di\u0173 pavoj\u0173, d\u0117l visoki\u0173 barbar\u0173 ir vandal\u0173 gausos. Visa tai tiesa, ta\u010diau didaktikos nekent\u0117jai tokias mintis, \u017einoma, turi teis\u0119 praleisti. Knyga gra\u017eiai i\u0161leista ir iliustruota (nuotraukos i\u0161 paties autoriaus archyvo; mano kuklia nuomone, ne tik \u012fdomios, bet ir esteti\u0161kos).<\/p>\n<p>Rekomenduotina visiems gamtos myl\u0117tojams, net bevilti\u0161kai lyri\u0161kiems humanitarams, manantiems, neva gamtos moksl\u0173 daktaras &#8211; tai toks bejausmis, nelabai ra\u0161tingas subjektas\u2026<\/p>\n","protected":false},"excerpt":{"rendered":"<p>Knyg\u0105 sudaro dvi dalys. Pirmoji supa\u017eindina su akmen\u0173 s\u0105vyb\u0117mis ir susidarymu sud\u0117tingame gamtos ir gyvenimo rei\u0161kini\u0173 sraute, antroji &#8211; apie akmens panaudojim\u0105.<\/p>\n","protected":false},"featured_media":11343,"comment_status":"closed","ping_status":"closed","template":"","meta":{"_acf_changed":false,"site-sidebar-layout":"default","site-content-layout":"","ast-site-content-layout":"default","site-content-style":"default","site-sidebar-style":"default","ast-global-header-display":"","ast-banner-title-visibility":"","ast-main-header-display":"","ast-hfb-above-header-display":"","ast-hfb-below-header-display":"","ast-hfb-mobile-header-display":"","site-post-title":"","ast-breadcrumbs-content":"","ast-featured-img":"","footer-sml-layout":"","ast-disable-related-posts":"","theme-transparent-header-meta":"","adv-header-id-meta":"","stick-header-meta":"","header-above-stick-meta":"","header-main-stick-meta":"","header-below-stick-meta":"","astra-migrate-meta-layouts":"default","ast-page-background-enabled":"default","ast-page-background-meta":{"desktop":{"background-color":"","background-image":"","background-repeat":"repeat","background-position":"center center","background-size":"auto","background-attachment":"scroll","background-type":"","background-media":"","overlay-type":"","overlay-color":"","overlay-opacity":"","overlay-gradient":""},"tablet":{"background-color":"","background-image":"","background-repeat":"repeat","background-position":"center center","background-size":"auto","background-attachment":"scroll","background-type":"","background-media":"","overlay-type":"","overlay-color":"","overlay-opacity":"","overlay-gradient":""},"mobile":{"background-color":"","background-image":"","background-repeat":"repeat","background-position":"center center","background-size":"auto","background-attachment":"scroll","background-type":"","background-media":"","overlay-type":"","overlay-color":"","overlay-opacity":"","overlay-gradient":""}},"ast-content-background-meta":{"desktop":{"background-color":"var(--ast-global-color-4)","background-image":"","background-repeat":"repeat","background-position":"center center","background-size":"auto","background-attachment":"scroll","background-type":"","background-media":"","overlay-type":"","overlay-color":"","overlay-opacity":"","overlay-gradient":""},"tablet":{"background-color":"var(--ast-global-color-4)","background-image":"","background-repeat":"repeat","background-position":"center center","background-size":"auto","background-attachment":"scroll","background-type":"","background-media":"","overlay-type":"","overlay-color":"","overlay-opacity":"","overlay-gradient":""},"mobile":{"background-color":"var(--ast-global-color-4)","background-image":"","background-repeat":"repeat","background-position":"center center","background-size":"auto","background-attachment":"scroll","background-type":"","background-media":"","overlay-type":"","overlay-color":"","overlay-opacity":"","overlay-gradient":""}}},"product_brand":[],"product_cat":[269,73],"product_tag":[],"class_list":{"0":"post-11316","1":"product","2":"type-product","3":"status-publish","4":"has-post-thumbnail","6":"product_cat-gamtos-mokslai","7":"product_cat-zinynai-ir-enciklopedijos","8":"desktop-align-left","9":"tablet-align-left","10":"mobile-align-left","12":"first","13":"instock","14":"shipping-taxable","15":"purchasable","16":"product-type-simple"},"acf":[],"yoast_head":"<!-- This site is optimized with the Yoast SEO plugin v27.0 - https:\/\/yoast.com\/product\/yoast-seo-wordpress\/ -->\n<title>Vytautas Nedzinskas \u201ePasakojimai apie gulbes\u201c - Skaitytaknyga<\/title>\n<meta name=\"description\" content=\"Knyg\u0105 sudaro dvi dalys. Pirmoji supa\u017eindina su akmen\u0173 s\u0105vyb\u0117mis ir susidarymu sud\u0117tingame gamtos ir gyvenimo rei\u0161kini\u0173 sraute, antroji - apie akmens panaudojim\u0105.\" \/>\n<meta name=\"robots\" content=\"index, follow, max-snippet:-1, max-image-preview:large, max-video-preview:-1\" \/>\n<link rel=\"canonical\" href=\"https:\/\/skaitytaknyga.lt\/en\/produktas\/vytautas-nedzinskas-pasakojimai-apie-gulbes\/\" \/>\n<meta property=\"og:locale\" content=\"en_GB\" \/>\n<meta property=\"og:locale:alternate\" content=\"lt_LT\" \/>\n<meta property=\"og:type\" content=\"article\" \/>\n<meta property=\"og:title\" content=\"Vytautas Nedzinskas \u201ePasakojimai apie gulbes\u201c - Skaitytaknyga\" \/>\n<meta property=\"og:description\" content=\"Knyg\u0105 sudaro dvi dalys. Pirmoji supa\u017eindina su akmen\u0173 s\u0105vyb\u0117mis ir susidarymu sud\u0117tingame gamtos ir gyvenimo rei\u0161kini\u0173 sraute, antroji - apie akmens panaudojim\u0105.\" \/>\n<meta property=\"og:url\" content=\"https:\/\/skaitytaknyga.lt\/en\/produktas\/vytautas-nedzinskas-pasakojimai-apie-gulbes\/\" \/>\n<meta property=\"og:site_name\" content=\"Skaitytaknyga\" \/>\n<meta property=\"article:publisher\" content=\"https:\/\/www.facebook.com\/skaitytaknyga\/\" \/>\n<meta property=\"article:modified_time\" content=\"2024-05-04T19:42:06+00:00\" \/>\n<meta property=\"og:image\" content=\"https:\/\/skaitytaknyga.lt\/wp-content\/uploads\/2024\/05\/124326-img-2003.jpg\" \/>\n\t<meta property=\"og:image:width\" content=\"311\" \/>\n\t<meta property=\"og:image:height\" content=\"400\" \/>\n\t<meta property=\"og:image:type\" content=\"image\/jpeg\" \/>\n<meta name=\"twitter:card\" content=\"summary_large_image\" \/>\n<meta name=\"twitter:label1\" content=\"Estimated reading time\" \/>\n\t<meta name=\"twitter:data1\" content=\"1 minute\" \/>\n<script type=\"application\/ld+json\" class=\"yoast-schema-graph\">{\"@context\":\"https:\/\/schema.org\",\"@graph\":[{\"@type\":\"WebPage\",\"@id\":\"https:\/\/skaitytaknyga.lt\/produktas\/vytautas-nedzinskas-pasakojimai-apie-gulbes\/\",\"url\":\"https:\/\/skaitytaknyga.lt\/produktas\/vytautas-nedzinskas-pasakojimai-apie-gulbes\/\",\"name\":\"Vytautas Nedzinskas \u201ePasakojimai apie gulbes\u201c - Skaitytaknyga\",\"isPartOf\":{\"@id\":\"https:\/\/skaitytaknyga.lt\/#website\"},\"primaryImageOfPage\":{\"@id\":\"https:\/\/skaitytaknyga.lt\/produktas\/vytautas-nedzinskas-pasakojimai-apie-gulbes\/#primaryimage\"},\"image\":{\"@id\":\"https:\/\/skaitytaknyga.lt\/produktas\/vytautas-nedzinskas-pasakojimai-apie-gulbes\/#primaryimage\"},\"thumbnailUrl\":\"https:\/\/skaitytaknyga.lt\/wp-content\/uploads\/2024\/05\/124326-img-2003.jpg\",\"datePublished\":\"2024-05-04T19:41:00+00:00\",\"dateModified\":\"2024-05-04T19:42:06+00:00\",\"description\":\"Knyg\u0105 sudaro dvi dalys. Pirmoji supa\u017eindina su akmen\u0173 s\u0105vyb\u0117mis ir susidarymu sud\u0117tingame gamtos ir gyvenimo rei\u0161kini\u0173 sraute, antroji - apie akmens panaudojim\u0105.\",\"breadcrumb\":{\"@id\":\"https:\/\/skaitytaknyga.lt\/produktas\/vytautas-nedzinskas-pasakojimai-apie-gulbes\/#breadcrumb\"},\"inLanguage\":\"en-GB\",\"potentialAction\":[{\"@type\":\"ReadAction\",\"target\":[\"https:\/\/skaitytaknyga.lt\/produktas\/vytautas-nedzinskas-pasakojimai-apie-gulbes\/\"]}]},{\"@type\":\"ImageObject\",\"inLanguage\":\"en-GB\",\"@id\":\"https:\/\/skaitytaknyga.lt\/produktas\/vytautas-nedzinskas-pasakojimai-apie-gulbes\/#primaryimage\",\"url\":\"https:\/\/skaitytaknyga.lt\/wp-content\/uploads\/2024\/05\/124326-img-2003.jpg\",\"contentUrl\":\"https:\/\/skaitytaknyga.lt\/wp-content\/uploads\/2024\/05\/124326-img-2003.jpg\",\"width\":311,\"height\":400},{\"@type\":\"BreadcrumbList\",\"@id\":\"https:\/\/skaitytaknyga.lt\/produktas\/vytautas-nedzinskas-pasakojimai-apie-gulbes\/#breadcrumb\",\"itemListElement\":[{\"@type\":\"ListItem\",\"position\":1,\"name\":\"Home\",\"item\":\"https:\/\/skaitytaknyga.lt\/\"},{\"@type\":\"ListItem\",\"position\":2,\"name\":\"Parduotuv\u0117\",\"item\":\"https:\/\/skaitytaknyga.lt\/knygu-parduotuve\/\"},{\"@type\":\"ListItem\",\"position\":3,\"name\":\"Vytautas Nedzinskas \u201ePasakojimai apie gulbes\u201c\"}]},{\"@type\":\"WebSite\",\"@id\":\"https:\/\/skaitytaknyga.lt\/#website\",\"url\":\"https:\/\/skaitytaknyga.lt\/\",\"name\":\"skaitytaknyga.lt\",\"description\":\"Skaitytaknyga.lt \u2013 tai ma\u017eas \u0161eimos verslas, kuris prasid\u0117jo nuo meil\u0117s knygoms ir siekio i\u0161gelb\u0117ti knygas nuo likimo prie konteinerio. Kas vienam nereikalingas daiktas \u2013 kitam lobis, o mes esame tarpininkai, kurie padeda abiems tapti laimingesniems ???? \u017dinome kaip nelengva i\u0161gyventi ma\u017eiems verslams, tad nuo \u0161iol, \u010dia rasite ir kit\u0173, ma\u017e\u0173 \u0161eim\u0173 versl\u0173, rank\u0173 darbo, dovan\u0173 sau ir artimiesiems.\",\"publisher\":{\"@id\":\"https:\/\/skaitytaknyga.lt\/#organization\"},\"potentialAction\":[{\"@type\":\"SearchAction\",\"target\":{\"@type\":\"EntryPoint\",\"urlTemplate\":\"https:\/\/skaitytaknyga.lt\/?s={search_term_string}\"},\"query-input\":{\"@type\":\"PropertyValueSpecification\",\"valueRequired\":true,\"valueName\":\"search_term_string\"}}],\"inLanguage\":\"en-GB\"},{\"@type\":\"Organization\",\"@id\":\"https:\/\/skaitytaknyga.lt\/#organization\",\"name\":\"skaitytaknyga.lt\",\"url\":\"https:\/\/skaitytaknyga.lt\/\",\"logo\":{\"@type\":\"ImageObject\",\"inLanguage\":\"en-GB\",\"@id\":\"https:\/\/skaitytaknyga.lt\/#\/schema\/logo\/image\/\",\"url\":\"https:\/\/skaitytaknyga.lt\/wp-content\/uploads\/2024\/05\/cropped-cropped-cropped-02_00843_jt3bggkj1j3HLc7SyY6rEUpg.jpeg\",\"contentUrl\":\"https:\/\/skaitytaknyga.lt\/wp-content\/uploads\/2024\/05\/cropped-cropped-cropped-02_00843_jt3bggkj1j3HLc7SyY6rEUpg.jpeg\",\"width\":1600,\"height\":1600,\"caption\":\"skaitytaknyga.lt\"},\"image\":{\"@id\":\"https:\/\/skaitytaknyga.lt\/#\/schema\/logo\/image\/\"},\"sameAs\":[\"https:\/\/www.facebook.com\/skaitytaknyga\/\"]}]}<\/script>\n<!-- \/ Yoast SEO plugin. -->","yoast_head_json":{"title":"Vytautas Nedzinskas \u201ePasakojimai apie gulbes\u201c - Skaitytaknyga","description":"Knyg\u0105 sudaro dvi dalys. Pirmoji supa\u017eindina su akmen\u0173 s\u0105vyb\u0117mis ir susidarymu sud\u0117tingame gamtos ir gyvenimo rei\u0161kini\u0173 sraute, antroji - apie akmens panaudojim\u0105.","robots":{"index":"index","follow":"follow","max-snippet":"max-snippet:-1","max-image-preview":"max-image-preview:large","max-video-preview":"max-video-preview:-1"},"canonical":"https:\/\/skaitytaknyga.lt\/en\/produktas\/vytautas-nedzinskas-pasakojimai-apie-gulbes\/","og_locale":"en_GB","og_type":"article","og_title":"Vytautas Nedzinskas \u201ePasakojimai apie gulbes\u201c - Skaitytaknyga","og_description":"Knyg\u0105 sudaro dvi dalys. Pirmoji supa\u017eindina su akmen\u0173 s\u0105vyb\u0117mis ir susidarymu sud\u0117tingame gamtos ir gyvenimo rei\u0161kini\u0173 sraute, antroji - apie akmens panaudojim\u0105.","og_url":"https:\/\/skaitytaknyga.lt\/en\/produktas\/vytautas-nedzinskas-pasakojimai-apie-gulbes\/","og_site_name":"Skaitytaknyga","article_publisher":"https:\/\/www.facebook.com\/skaitytaknyga\/","article_modified_time":"2024-05-04T19:42:06+00:00","og_image":[{"width":311,"height":400,"url":"https:\/\/skaitytaknyga.lt\/wp-content\/uploads\/2024\/05\/124326-img-2003.jpg","type":"image\/jpeg"}],"twitter_card":"summary_large_image","twitter_misc":{"Estimated reading time":"1 minute"},"schema":{"@context":"https:\/\/schema.org","@graph":[{"@type":"WebPage","@id":"https:\/\/skaitytaknyga.lt\/produktas\/vytautas-nedzinskas-pasakojimai-apie-gulbes\/","url":"https:\/\/skaitytaknyga.lt\/produktas\/vytautas-nedzinskas-pasakojimai-apie-gulbes\/","name":"Vytautas Nedzinskas \u201ePasakojimai apie gulbes\u201c - Skaitytaknyga","isPartOf":{"@id":"https:\/\/skaitytaknyga.lt\/#website"},"primaryImageOfPage":{"@id":"https:\/\/skaitytaknyga.lt\/produktas\/vytautas-nedzinskas-pasakojimai-apie-gulbes\/#primaryimage"},"image":{"@id":"https:\/\/skaitytaknyga.lt\/produktas\/vytautas-nedzinskas-pasakojimai-apie-gulbes\/#primaryimage"},"thumbnailUrl":"https:\/\/skaitytaknyga.lt\/wp-content\/uploads\/2024\/05\/124326-img-2003.jpg","datePublished":"2024-05-04T19:41:00+00:00","dateModified":"2024-05-04T19:42:06+00:00","description":"Knyg\u0105 sudaro dvi dalys. Pirmoji supa\u017eindina su akmen\u0173 s\u0105vyb\u0117mis ir susidarymu sud\u0117tingame gamtos ir gyvenimo rei\u0161kini\u0173 sraute, antroji - apie akmens panaudojim\u0105.","breadcrumb":{"@id":"https:\/\/skaitytaknyga.lt\/produktas\/vytautas-nedzinskas-pasakojimai-apie-gulbes\/#breadcrumb"},"inLanguage":"en-GB","potentialAction":[{"@type":"ReadAction","target":["https:\/\/skaitytaknyga.lt\/produktas\/vytautas-nedzinskas-pasakojimai-apie-gulbes\/"]}]},{"@type":"ImageObject","inLanguage":"en-GB","@id":"https:\/\/skaitytaknyga.lt\/produktas\/vytautas-nedzinskas-pasakojimai-apie-gulbes\/#primaryimage","url":"https:\/\/skaitytaknyga.lt\/wp-content\/uploads\/2024\/05\/124326-img-2003.jpg","contentUrl":"https:\/\/skaitytaknyga.lt\/wp-content\/uploads\/2024\/05\/124326-img-2003.jpg","width":311,"height":400},{"@type":"BreadcrumbList","@id":"https:\/\/skaitytaknyga.lt\/produktas\/vytautas-nedzinskas-pasakojimai-apie-gulbes\/#breadcrumb","itemListElement":[{"@type":"ListItem","position":1,"name":"Home","item":"https:\/\/skaitytaknyga.lt\/"},{"@type":"ListItem","position":2,"name":"Parduotuv\u0117","item":"https:\/\/skaitytaknyga.lt\/knygu-parduotuve\/"},{"@type":"ListItem","position":3,"name":"Vytautas Nedzinskas \u201ePasakojimai apie gulbes\u201c"}]},{"@type":"WebSite","@id":"https:\/\/skaitytaknyga.lt\/#website","url":"https:\/\/skaitytaknyga.lt\/","name":"skaitytaknyga.lt","description":"Skaitytaknyga.lt \u2013 tai ma\u017eas \u0161eimos verslas, kuris prasid\u0117jo nuo meil\u0117s knygoms ir siekio i\u0161gelb\u0117ti knygas nuo likimo prie konteinerio. Kas vienam nereikalingas daiktas \u2013 kitam lobis, o mes esame tarpininkai, kurie padeda abiems tapti laimingesniems ???? \u017dinome kaip nelengva i\u0161gyventi ma\u017eiems verslams, tad nuo \u0161iol, \u010dia rasite ir kit\u0173, ma\u017e\u0173 \u0161eim\u0173 versl\u0173, rank\u0173 darbo, dovan\u0173 sau ir artimiesiems.","publisher":{"@id":"https:\/\/skaitytaknyga.lt\/#organization"},"potentialAction":[{"@type":"SearchAction","target":{"@type":"EntryPoint","urlTemplate":"https:\/\/skaitytaknyga.lt\/?s={search_term_string}"},"query-input":{"@type":"PropertyValueSpecification","valueRequired":true,"valueName":"search_term_string"}}],"inLanguage":"en-GB"},{"@type":"Organization","@id":"https:\/\/skaitytaknyga.lt\/#organization","name":"skaitytaknyga.lt","url":"https:\/\/skaitytaknyga.lt\/","logo":{"@type":"ImageObject","inLanguage":"en-GB","@id":"https:\/\/skaitytaknyga.lt\/#\/schema\/logo\/image\/","url":"https:\/\/skaitytaknyga.lt\/wp-content\/uploads\/2024\/05\/cropped-cropped-cropped-02_00843_jt3bggkj1j3HLc7SyY6rEUpg.jpeg","contentUrl":"https:\/\/skaitytaknyga.lt\/wp-content\/uploads\/2024\/05\/cropped-cropped-cropped-02_00843_jt3bggkj1j3HLc7SyY6rEUpg.jpeg","width":1600,"height":1600,"caption":"skaitytaknyga.lt"},"image":{"@id":"https:\/\/skaitytaknyga.lt\/#\/schema\/logo\/image\/"},"sameAs":["https:\/\/www.facebook.com\/skaitytaknyga\/"]}]}},"_links":{"self":[{"href":"https:\/\/skaitytaknyga.lt\/en\/wp-json\/wp\/v2\/product\/11316","targetHints":{"allow":["GET"]}}],"collection":[{"href":"https:\/\/skaitytaknyga.lt\/en\/wp-json\/wp\/v2\/product"}],"about":[{"href":"https:\/\/skaitytaknyga.lt\/en\/wp-json\/wp\/v2\/types\/product"}],"replies":[{"embeddable":true,"href":"https:\/\/skaitytaknyga.lt\/en\/wp-json\/wp\/v2\/comments?post=11316"}],"wp:featuredmedia":[{"embeddable":true,"href":"https:\/\/skaitytaknyga.lt\/en\/wp-json\/wp\/v2\/media\/11343"}],"wp:attachment":[{"href":"https:\/\/skaitytaknyga.lt\/en\/wp-json\/wp\/v2\/media?parent=11316"}],"wp:term":[{"taxonomy":"product_brand","embeddable":true,"href":"https:\/\/skaitytaknyga.lt\/en\/wp-json\/wp\/v2\/product_brand?post=11316"},{"taxonomy":"product_cat","embeddable":true,"href":"https:\/\/skaitytaknyga.lt\/en\/wp-json\/wp\/v2\/product_cat?post=11316"},{"taxonomy":"product_tag","embeddable":true,"href":"https:\/\/skaitytaknyga.lt\/en\/wp-json\/wp\/v2\/product_tag?post=11316"}],"curies":[{"name":"wp","href":"https:\/\/api.w.org\/{rel}","templated":true}]}}