{"id":11223,"date":"2024-05-04T19:36:53","date_gmt":"2024-05-04T19:36:53","guid":{"rendered":"https:\/\/skaitytaknyga.lt\/?post_type=product&#038;p=11223"},"modified":"2025-04-29T10:08:30","modified_gmt":"2025-04-29T07:08:30","slug":"serija-horizontai","status":"publish","type":"product","link":"https:\/\/skaitytaknyga.lt\/en\/produktas\/serija-horizontai\/","title":{"rendered":"Serija \u201eHorizontai\u201c"},"content":{"rendered":"<p>Kelion\u0117 \u012f mira\u017e\u0173 \u0161al\u012f | Afrikos \u0161irdyje | Kenijos safariai | Per taig\u0105 | Brazilija ir brazilai | U\u017e kairiojo borto &#8211; rojus | Valtimis per sniegynus | Galapag\u0173 salos | Raganosi\u0173 d\u017eiungl\u0117se | Sugaukite man kolobus\u0105 | Nuo Amudarjos iki Hindukuso | Kelion\u0117s su guru | Tragi\u0161ka kelion\u0117 | D\u017eiungli\u0173 keliais | Tarp dviej\u0173 vandenyn\u0173 | Prie Kilimand\u017earo | M\u0117nulio kalnai | V\u0117j\u0173 kelias | Sakuros \u0161akel\u0117 | Ink\u0173 auksas | Trise girios gl\u016bdumoj | Oimiakono meridianas | Pasitinkant au\u0161r\u0105 | Salamina | Kelion\u0117 \u012f mustang\u0105 ir Butan\u0105 | Gyvenimas ir mirtis pasaulio vir\u0161\u016bn\u0117se | Vandenyne &#8220;Tigris&#8221; | Nepa\u017e\u012fstamoji Mikronezija | Afrikos perlas | Susipa\u017einkite: Airija | Prie Kongo slenks\u010di\u0173 | Abom\u0117jaus \u0105so\u010dio m\u012fsl\u0117 | Nulinis meridianas eina per tem\u0105 | Titikakos e\u017eero ind\u0117nai | Kanar\u0173 salos | Tarp Ruvumos ir Maputu | Dykum\u0173 klajokliai | Kiren\u0117s g\u0117l\u0117 | Maronas | Serengetis neturi mirti | \u0104\u017euolo \u0161aknys | Dunojaus dienora\u0161tis | A\u0161-aborigenas | Karelijos takais | A\u0161tuoneri metai tarp pigm\u0117j\u0173 | Jonoama | Drakono salose | Kalahario sm\u0117lynai | Ledin\u0117 knyga<\/p>\n","protected":false},"excerpt":{"rendered":"<p>Kelion\u0117 \u012f mira\u017e\u0173 \u0161al\u012f | Afrikos \u0161irdyje | Kenijos safariai | Per taig\u0105 | Brazilija ir brazilai | U\u017e kairiojo borto &#8211; rojus | Valtimis per sniegynus | Galapag\u0173 salos | Raganosi\u0173 d\u017eiungl\u0117se | Sugaukite man kolobus\u0105 | Nuo Amudarjos iki Hindukuso | Kelion\u0117s su guru | Tragi\u0161ka kelion\u0117 | D\u017eiungli\u0173 keliais | Tarp dviej\u0173 vandenyn\u0173 | Prie Kilimand\u017earo | M\u0117nulio kalnai | V\u0117j\u0173 kelias | Sakuros \u0161akel\u0117 | Ink\u0173 auksas | Trise girios gl\u016bdumoj | Oimiakono meridianas | Pasitinkant au\u0161r\u0105 | Salamina | Kelion\u0117 \u012f mustang\u0105 ir Butan\u0105 | Gyvenimas ir mirtis pasaulio vir\u0161\u016bn\u0117se | Vandenyne &#8220;Tigris&#8221; | Nepa\u017e\u012fstamoji Mikronezija | Afrikos perlas | Susipa\u017einkite: Airija | Prie Kongo slenks\u010di\u0173 | Abom\u0117jaus \u0105so\u010dio m\u012fsl\u0117 | Nulinis meridianas eina per tem\u0105 | Titikakos e\u017eero ind\u0117nai | Kanar\u0173 salos | Tarp Ruvumos ir Maputu | Dykum\u0173 klajokliai | Kiren\u0117s g\u0117l\u0117 | Maronas | Serengetis neturi mirti | \u0104\u017euolo \u0161aknys | Dunojaus dienora\u0161tis | A\u0161-aborigenas | Karelijos takais | A\u0161tuoneri metai tarp pigm\u0117j\u0173 | Jonoama | Drakono salose | Kalahario sm\u0117lynai | Ledin\u0117 knyga<\/p>\n","protected":false},"featured_media":11256,"comment_status":"closed","ping_status":"closed","template":"","meta":{"_acf_changed":false,"site-sidebar-layout":"default","site-content-layout":"","ast-site-content-layout":"default","site-content-style":"default","site-sidebar-style":"default","ast-global-header-display":"","ast-banner-title-visibility":"","ast-main-header-display":"","ast-hfb-above-header-display":"","ast-hfb-below-header-display":"","ast-hfb-mobile-header-display":"","site-post-title":"","ast-breadcrumbs-content":"","ast-featured-img":"","footer-sml-layout":"","ast-disable-related-posts":"","theme-transparent-header-meta":"","adv-header-id-meta":"","stick-header-meta":"","header-above-stick-meta":"","header-main-stick-meta":"","header-below-stick-meta":"","astra-migrate-meta-layouts":"default","ast-page-background-enabled":"default","ast-page-background-meta":{"desktop":{"background-color":"","background-image":"","background-repeat":"repeat","background-position":"center center","background-size":"auto","background-attachment":"scroll","background-type":"","background-media":"","overlay-type":"","overlay-color":"","overlay-opacity":"","overlay-gradient":""},"tablet":{"background-color":"","background-image":"","background-repeat":"repeat","background-position":"center center","background-size":"auto","background-attachment":"scroll","background-type":"","background-media":"","overlay-type":"","overlay-color":"","overlay-opacity":"","overlay-gradient":""},"mobile":{"background-color":"","background-image":"","background-repeat":"repeat","background-position":"center center","background-size":"auto","background-attachment":"scroll","background-type":"","background-media":"","overlay-type":"","overlay-color":"","overlay-opacity":"","overlay-gradient":""}},"ast-content-background-meta":{"desktop":{"background-color":"var(--ast-global-color-4)","background-image":"","background-repeat":"repeat","background-position":"center center","background-size":"auto","background-attachment":"scroll","background-type":"","background-media":"","overlay-type":"","overlay-color":"","overlay-opacity":"","overlay-gradient":""},"tablet":{"background-color":"var(--ast-global-color-4)","background-image":"","background-repeat":"repeat","background-position":"center center","background-size":"auto","background-attachment":"scroll","background-type":"","background-media":"","overlay-type":"","overlay-color":"","overlay-opacity":"","overlay-gradient":""},"mobile":{"background-color":"var(--ast-global-color-4)","background-image":"","background-repeat":"repeat","background-position":"center center","background-size":"auto","background-attachment":"scroll","background-type":"","background-media":"","overlay-type":"","overlay-color":"","overlay-opacity":"","overlay-gradient":""}}},"product_brand":[],"product_cat":[15],"product_tag":[],"class_list":{"0":"post-11223","1":"product","2":"type-product","3":"status-publish","4":"has-post-thumbnail","6":"product_cat-uncategorized","7":"desktop-align-left","8":"tablet-align-left","9":"mobile-align-left","11":"first","12":"instock","13":"sale","14":"shipping-taxable","15":"purchasable","16":"product-type-variable"},"acf":[],"yoast_head":"<!-- This site is optimized with the Yoast SEO plugin v27.0 - https:\/\/yoast.com\/product\/yoast-seo-wordpress\/ -->\n<title>Serija \u201eHorizontai\u201c - Skaitytaknyga<\/title>\n<meta name=\"description\" content=\"Kelion\u0117 \u012f mira\u017e\u0173 \u0161al\u012f | Afrikos \u0161irdyje | Kenijos safariai | Per taig\u0105 | Brazilija ir brazilai | U\u017e kairiojo borto - rojus | Valtimis per sniegynus |\" \/>\n<meta name=\"robots\" content=\"index, follow, max-snippet:-1, max-image-preview:large, max-video-preview:-1\" \/>\n<link rel=\"canonical\" href=\"https:\/\/skaitytaknyga.lt\/en\/produktas\/serija-horizontai\/\" \/>\n<meta property=\"og:locale\" content=\"en_GB\" \/>\n<meta property=\"og:locale:alternate\" content=\"lt_LT\" \/>\n<meta property=\"og:type\" content=\"article\" \/>\n<meta property=\"og:title\" content=\"Serija \u201eHorizontai\u201c - Skaitytaknyga\" \/>\n<meta property=\"og:description\" content=\"Kelion\u0117 \u012f mira\u017e\u0173 \u0161al\u012f | Afrikos \u0161irdyje | Kenijos safariai | Per taig\u0105 | Brazilija ir brazilai | U\u017e kairiojo borto - rojus | Valtimis per sniegynus |\" \/>\n<meta property=\"og:url\" content=\"https:\/\/skaitytaknyga.lt\/en\/produktas\/serija-horizontai\/\" \/>\n<meta property=\"og:site_name\" content=\"Skaitytaknyga\" \/>\n<meta property=\"article:publisher\" content=\"https:\/\/www.facebook.com\/skaitytaknyga\/\" \/>\n<meta property=\"article:modified_time\" content=\"2025-04-29T07:08:30+00:00\" \/>\n<meta property=\"og:image\" content=\"https:\/\/skaitytaknyga.lt\/wp-content\/uploads\/2024\/05\/397092605_320531777344728_1352949264397759880_n-e1698867003552.jpg\" \/>\n\t<meta property=\"og:image:width\" content=\"1567\" \/>\n\t<meta property=\"og:image:height\" content=\"562\" \/>\n\t<meta property=\"og:image:type\" content=\"image\/jpeg\" \/>\n<meta name=\"twitter:card\" content=\"summary_large_image\" \/>\n<meta name=\"twitter:label1\" content=\"Estimated reading time\" \/>\n\t<meta name=\"twitter:data1\" content=\"1 minute\" \/>\n<script type=\"application\/ld+json\" class=\"yoast-schema-graph\">{\"@context\":\"https:\/\/schema.org\",\"@graph\":[{\"@type\":\"WebPage\",\"@id\":\"https:\/\/skaitytaknyga.lt\/produktas\/serija-horizontai\/\",\"url\":\"https:\/\/skaitytaknyga.lt\/produktas\/serija-horizontai\/\",\"name\":\"Serija \u201eHorizontai\u201c - Skaitytaknyga\",\"isPartOf\":{\"@id\":\"https:\/\/skaitytaknyga.lt\/#website\"},\"primaryImageOfPage\":{\"@id\":\"https:\/\/skaitytaknyga.lt\/produktas\/serija-horizontai\/#primaryimage\"},\"image\":{\"@id\":\"https:\/\/skaitytaknyga.lt\/produktas\/serija-horizontai\/#primaryimage\"},\"thumbnailUrl\":\"https:\/\/skaitytaknyga.lt\/wp-content\/uploads\/2024\/05\/397092605_320531777344728_1352949264397759880_n-e1698867003552.jpg\",\"datePublished\":\"2024-05-04T19:36:53+00:00\",\"dateModified\":\"2025-04-29T07:08:30+00:00\",\"description\":\"Kelion\u0117 \u012f mira\u017e\u0173 \u0161al\u012f | Afrikos \u0161irdyje | Kenijos safariai | Per taig\u0105 | Brazilija ir brazilai | U\u017e kairiojo borto - rojus | Valtimis per sniegynus |\",\"breadcrumb\":{\"@id\":\"https:\/\/skaitytaknyga.lt\/produktas\/serija-horizontai\/#breadcrumb\"},\"inLanguage\":\"en-GB\",\"potentialAction\":[{\"@type\":\"ReadAction\",\"target\":[\"https:\/\/skaitytaknyga.lt\/produktas\/serija-horizontai\/\"]}]},{\"@type\":\"ImageObject\",\"inLanguage\":\"en-GB\",\"@id\":\"https:\/\/skaitytaknyga.lt\/produktas\/serija-horizontai\/#primaryimage\",\"url\":\"https:\/\/skaitytaknyga.lt\/wp-content\/uploads\/2024\/05\/397092605_320531777344728_1352949264397759880_n-e1698867003552.jpg\",\"contentUrl\":\"https:\/\/skaitytaknyga.lt\/wp-content\/uploads\/2024\/05\/397092605_320531777344728_1352949264397759880_n-e1698867003552.jpg\",\"width\":1567,\"height\":562},{\"@type\":\"BreadcrumbList\",\"@id\":\"https:\/\/skaitytaknyga.lt\/produktas\/serija-horizontai\/#breadcrumb\",\"itemListElement\":[{\"@type\":\"ListItem\",\"position\":1,\"name\":\"Home\",\"item\":\"https:\/\/skaitytaknyga.lt\/\"},{\"@type\":\"ListItem\",\"position\":2,\"name\":\"Parduotuv\u0117\",\"item\":\"https:\/\/skaitytaknyga.lt\/knygu-parduotuve\/\"},{\"@type\":\"ListItem\",\"position\":3,\"name\":\"Serija \u201eHorizontai\u201c\"}]},{\"@type\":\"WebSite\",\"@id\":\"https:\/\/skaitytaknyga.lt\/#website\",\"url\":\"https:\/\/skaitytaknyga.lt\/\",\"name\":\"skaitytaknyga.lt\",\"description\":\"Skaitytaknyga.lt \u2013 tai ma\u017eas \u0161eimos verslas, kuris prasid\u0117jo nuo meil\u0117s knygoms ir siekio i\u0161gelb\u0117ti knygas nuo likimo prie konteinerio. Kas vienam nereikalingas daiktas \u2013 kitam lobis, o mes esame tarpininkai, kurie padeda abiems tapti laimingesniems ???? \u017dinome kaip nelengva i\u0161gyventi ma\u017eiems verslams, tad nuo \u0161iol, \u010dia rasite ir kit\u0173, ma\u017e\u0173 \u0161eim\u0173 versl\u0173, rank\u0173 darbo, dovan\u0173 sau ir artimiesiems.\",\"publisher\":{\"@id\":\"https:\/\/skaitytaknyga.lt\/#organization\"},\"potentialAction\":[{\"@type\":\"SearchAction\",\"target\":{\"@type\":\"EntryPoint\",\"urlTemplate\":\"https:\/\/skaitytaknyga.lt\/?s={search_term_string}\"},\"query-input\":{\"@type\":\"PropertyValueSpecification\",\"valueRequired\":true,\"valueName\":\"search_term_string\"}}],\"inLanguage\":\"en-GB\"},{\"@type\":\"Organization\",\"@id\":\"https:\/\/skaitytaknyga.lt\/#organization\",\"name\":\"skaitytaknyga.lt\",\"url\":\"https:\/\/skaitytaknyga.lt\/\",\"logo\":{\"@type\":\"ImageObject\",\"inLanguage\":\"en-GB\",\"@id\":\"https:\/\/skaitytaknyga.lt\/#\/schema\/logo\/image\/\",\"url\":\"https:\/\/skaitytaknyga.lt\/wp-content\/uploads\/2024\/05\/cropped-cropped-cropped-02_00843_jt3bggkj1j3HLc7SyY6rEUpg.jpeg\",\"contentUrl\":\"https:\/\/skaitytaknyga.lt\/wp-content\/uploads\/2024\/05\/cropped-cropped-cropped-02_00843_jt3bggkj1j3HLc7SyY6rEUpg.jpeg\",\"width\":1600,\"height\":1600,\"caption\":\"skaitytaknyga.lt\"},\"image\":{\"@id\":\"https:\/\/skaitytaknyga.lt\/#\/schema\/logo\/image\/\"},\"sameAs\":[\"https:\/\/www.facebook.com\/skaitytaknyga\/\"]}]}<\/script>\n<!-- \/ Yoast SEO plugin. -->","yoast_head_json":{"title":"Serija \u201eHorizontai\u201c - Skaitytaknyga","description":"Kelion\u0117 \u012f mira\u017e\u0173 \u0161al\u012f | Afrikos \u0161irdyje | Kenijos safariai | Per taig\u0105 | Brazilija ir brazilai | U\u017e kairiojo borto - rojus | Valtimis per sniegynus |","robots":{"index":"index","follow":"follow","max-snippet":"max-snippet:-1","max-image-preview":"max-image-preview:large","max-video-preview":"max-video-preview:-1"},"canonical":"https:\/\/skaitytaknyga.lt\/en\/produktas\/serija-horizontai\/","og_locale":"en_GB","og_type":"article","og_title":"Serija \u201eHorizontai\u201c - Skaitytaknyga","og_description":"Kelion\u0117 \u012f mira\u017e\u0173 \u0161al\u012f | Afrikos \u0161irdyje | Kenijos safariai | Per taig\u0105 | Brazilija ir brazilai | U\u017e kairiojo borto - rojus | Valtimis per sniegynus |","og_url":"https:\/\/skaitytaknyga.lt\/en\/produktas\/serija-horizontai\/","og_site_name":"Skaitytaknyga","article_publisher":"https:\/\/www.facebook.com\/skaitytaknyga\/","article_modified_time":"2025-04-29T07:08:30+00:00","og_image":[{"width":1567,"height":562,"url":"https:\/\/skaitytaknyga.lt\/wp-content\/uploads\/2024\/05\/397092605_320531777344728_1352949264397759880_n-e1698867003552.jpg","type":"image\/jpeg"}],"twitter_card":"summary_large_image","twitter_misc":{"Estimated reading time":"1 minute"},"schema":{"@context":"https:\/\/schema.org","@graph":[{"@type":"WebPage","@id":"https:\/\/skaitytaknyga.lt\/produktas\/serija-horizontai\/","url":"https:\/\/skaitytaknyga.lt\/produktas\/serija-horizontai\/","name":"Serija \u201eHorizontai\u201c - Skaitytaknyga","isPartOf":{"@id":"https:\/\/skaitytaknyga.lt\/#website"},"primaryImageOfPage":{"@id":"https:\/\/skaitytaknyga.lt\/produktas\/serija-horizontai\/#primaryimage"},"image":{"@id":"https:\/\/skaitytaknyga.lt\/produktas\/serija-horizontai\/#primaryimage"},"thumbnailUrl":"https:\/\/skaitytaknyga.lt\/wp-content\/uploads\/2024\/05\/397092605_320531777344728_1352949264397759880_n-e1698867003552.jpg","datePublished":"2024-05-04T19:36:53+00:00","dateModified":"2025-04-29T07:08:30+00:00","description":"Kelion\u0117 \u012f mira\u017e\u0173 \u0161al\u012f | Afrikos \u0161irdyje | Kenijos safariai | Per taig\u0105 | Brazilija ir brazilai | U\u017e kairiojo borto - rojus | Valtimis per sniegynus |","breadcrumb":{"@id":"https:\/\/skaitytaknyga.lt\/produktas\/serija-horizontai\/#breadcrumb"},"inLanguage":"en-GB","potentialAction":[{"@type":"ReadAction","target":["https:\/\/skaitytaknyga.lt\/produktas\/serija-horizontai\/"]}]},{"@type":"ImageObject","inLanguage":"en-GB","@id":"https:\/\/skaitytaknyga.lt\/produktas\/serija-horizontai\/#primaryimage","url":"https:\/\/skaitytaknyga.lt\/wp-content\/uploads\/2024\/05\/397092605_320531777344728_1352949264397759880_n-e1698867003552.jpg","contentUrl":"https:\/\/skaitytaknyga.lt\/wp-content\/uploads\/2024\/05\/397092605_320531777344728_1352949264397759880_n-e1698867003552.jpg","width":1567,"height":562},{"@type":"BreadcrumbList","@id":"https:\/\/skaitytaknyga.lt\/produktas\/serija-horizontai\/#breadcrumb","itemListElement":[{"@type":"ListItem","position":1,"name":"Home","item":"https:\/\/skaitytaknyga.lt\/"},{"@type":"ListItem","position":2,"name":"Parduotuv\u0117","item":"https:\/\/skaitytaknyga.lt\/knygu-parduotuve\/"},{"@type":"ListItem","position":3,"name":"Serija \u201eHorizontai\u201c"}]},{"@type":"WebSite","@id":"https:\/\/skaitytaknyga.lt\/#website","url":"https:\/\/skaitytaknyga.lt\/","name":"skaitytaknyga.lt","description":"Skaitytaknyga.lt \u2013 tai ma\u017eas \u0161eimos verslas, kuris prasid\u0117jo nuo meil\u0117s knygoms ir siekio i\u0161gelb\u0117ti knygas nuo likimo prie konteinerio. Kas vienam nereikalingas daiktas \u2013 kitam lobis, o mes esame tarpininkai, kurie padeda abiems tapti laimingesniems ???? \u017dinome kaip nelengva i\u0161gyventi ma\u017eiems verslams, tad nuo \u0161iol, \u010dia rasite ir kit\u0173, ma\u017e\u0173 \u0161eim\u0173 versl\u0173, rank\u0173 darbo, dovan\u0173 sau ir artimiesiems.","publisher":{"@id":"https:\/\/skaitytaknyga.lt\/#organization"},"potentialAction":[{"@type":"SearchAction","target":{"@type":"EntryPoint","urlTemplate":"https:\/\/skaitytaknyga.lt\/?s={search_term_string}"},"query-input":{"@type":"PropertyValueSpecification","valueRequired":true,"valueName":"search_term_string"}}],"inLanguage":"en-GB"},{"@type":"Organization","@id":"https:\/\/skaitytaknyga.lt\/#organization","name":"skaitytaknyga.lt","url":"https:\/\/skaitytaknyga.lt\/","logo":{"@type":"ImageObject","inLanguage":"en-GB","@id":"https:\/\/skaitytaknyga.lt\/#\/schema\/logo\/image\/","url":"https:\/\/skaitytaknyga.lt\/wp-content\/uploads\/2024\/05\/cropped-cropped-cropped-02_00843_jt3bggkj1j3HLc7SyY6rEUpg.jpeg","contentUrl":"https:\/\/skaitytaknyga.lt\/wp-content\/uploads\/2024\/05\/cropped-cropped-cropped-02_00843_jt3bggkj1j3HLc7SyY6rEUpg.jpeg","width":1600,"height":1600,"caption":"skaitytaknyga.lt"},"image":{"@id":"https:\/\/skaitytaknyga.lt\/#\/schema\/logo\/image\/"},"sameAs":["https:\/\/www.facebook.com\/skaitytaknyga\/"]}]}},"_links":{"self":[{"href":"https:\/\/skaitytaknyga.lt\/en\/wp-json\/wp\/v2\/product\/11223","targetHints":{"allow":["GET"]}}],"collection":[{"href":"https:\/\/skaitytaknyga.lt\/en\/wp-json\/wp\/v2\/product"}],"about":[{"href":"https:\/\/skaitytaknyga.lt\/en\/wp-json\/wp\/v2\/types\/product"}],"replies":[{"embeddable":true,"href":"https:\/\/skaitytaknyga.lt\/en\/wp-json\/wp\/v2\/comments?post=11223"}],"wp:featuredmedia":[{"embeddable":true,"href":"https:\/\/skaitytaknyga.lt\/en\/wp-json\/wp\/v2\/media\/11256"}],"wp:attachment":[{"href":"https:\/\/skaitytaknyga.lt\/en\/wp-json\/wp\/v2\/media?parent=11223"}],"wp:term":[{"taxonomy":"product_brand","embeddable":true,"href":"https:\/\/skaitytaknyga.lt\/en\/wp-json\/wp\/v2\/product_brand?post=11223"},{"taxonomy":"product_cat","embeddable":true,"href":"https:\/\/skaitytaknyga.lt\/en\/wp-json\/wp\/v2\/product_cat?post=11223"},{"taxonomy":"product_tag","embeddable":true,"href":"https:\/\/skaitytaknyga.lt\/en\/wp-json\/wp\/v2\/product_tag?post=11223"}],"curies":[{"name":"wp","href":"https:\/\/api.w.org\/{rel}","templated":true}]}}