{"id":11222,"date":"2024-05-04T19:36:53","date_gmt":"2024-05-04T19:36:53","guid":{"rendered":"https:\/\/skaitytaknyga.lt\/?post_type=product&#038;p=11222"},"modified":"2024-05-04T19:38:18","modified_gmt":"2024-05-04T19:38:18","slug":"emma-cline-merginos","status":"publish","type":"product","link":"https:\/\/skaitytaknyga.lt\/en\/produktas\/emma-cline-merginos\/","title":{"rendered":"Emma Cline \u201eMerginos\u201c"},"content":{"rendered":"<p>1969-ieji, \u0160iaur\u0117s Kalifornija. Tik prasid\u0117jus vasarai, vieni\u0161a ir m\u0105sli paaugl\u0117 Ev\u0117 Boid parke pamato mergin\u0173 trijul\u0119, taip i\u0161siskirian\u010di\u0105 i\u0161 minios, kad negali atitraukti nuo j\u0173 aki\u0173. Tarsi ne \u0161io pasaulio b\u016btyb\u0117s, savo laisvumu, kitoni\u0161kumu, paslaptingumu jos jaukia \u012fprast\u0105 pasaulio tvark\u0105 ir su kiekvienu \u012f jas smingan\u010diu \u017evilgsniu s\u0117ja nerim\u0105. Ev\u0117, paker\u0117ta Suzanos, hipnotizuojan\u010dios u\u017e j\u0105 vyresn\u0117s merginos, neju\u010dia \u012fsitraukia \u012f grup\u0119, suburt\u0105 charizmati\u0161ko lyderio, nepavald\u017ei\u0105 i\u0161orinio pasaulio taisykl\u0117ms. Desperati\u0161kai siekdama pritapti, ji n\u0117 nenutuokia tuoj atsidursianti sunkiai \u012fsivaizduojamo smurto paribiuose ir priart\u0117sianti prie akimirkos, kai \u012fvykiai gali pasisukti pa\u010dia blogiausia linkme.<br \/>\n\u012ekv\u0117ptas vieno \u017einomiausi\u0173 JAV nusikalt\u0117li\u0173 Charleso Mansono ir jo suburtos sektos istorijos \u2013 tai nei\u0161dildomas pasakojimas apie tamsi\u0105sias moteri\u0161kumo puses, apie merginas, j\u0173 pa\u017eeid\u017eiamum\u0105 ir stipryb\u0119, j\u0173 stingdant\u012f pripa\u017einimo ilges\u012f ir pasiry\u017eim\u0105 i\u0161tyrin\u0117ti a\u0161triausias gyvenimo briaunas, kad rast\u0173 savo viet\u0105 po saule. Apie merginas, kurios nei\u0161vengiamai tampa moterimis.<\/p>\n","protected":false},"excerpt":{"rendered":"<p>1969-ieji, \u0160iaur\u0117s Kalifornija. Tik prasid\u0117jus vasarai, vieni\u0161a ir m\u0105sli paaugl\u0117 Ev\u0117 Boid parke pamato mergin\u0173 trijul\u0119, taip i\u0161siskirian\u010di\u0105 i\u0161 minios, kad negali atitraukti nuo j\u0173 aki\u0173. Tarsi ne \u0161io pasaulio b\u016btyb\u0117s, savo laisvumu, kitoni\u0161kumu, paslaptingumu jos jaukia \u012fprast\u0105 pasaulio tvark\u0105 ir su kiekvienu \u012f jas smingan\u010diu \u017evilgsniu s\u0117ja nerim\u0105. Ev\u0117, paker\u0117ta Suzanos, hipnotizuojan\u010dios u\u017e j\u0105 vyresn\u0117s merginos, neju\u010dia \u012fsitraukia \u012f grup\u0119, suburt\u0105 charizmati\u0161ko lyderio, nepavald\u017ei\u0105 i\u0161orinio pasaulio taisykl\u0117ms. Desperati\u0161kai siekdama pritapti, ji n\u0117 nenutuokia tuoj atsidursianti sunkiai \u012fsivaizduojamo smurto paribiuose ir priart\u0117sianti prie akimirkos, kai \u012fvykiai gali pasisukti pa\u010dia blogiausia linkme. \u012ekv\u0117ptas vieno \u017einomiausi\u0173 JAV nusikalt\u0117li\u0173 Charleso Mansono ir jo suburtos sektos istorijos \u2013 tai nei\u0161dildomas pasakojimas apie tamsi\u0105sias moteri\u0161kumo puses, apie merginas, j\u0173 pa\u017eeid\u017eiamum\u0105 ir stipryb\u0119, j\u0173 stingdant\u012f pripa\u017einimo ilges\u012f ir pasiry\u017eim\u0105 i\u0161tyrin\u0117ti a\u0161triausias gyvenimo briaunas, kad rast\u0173 savo viet\u0105 po saule. Apie merginas, kurios nei\u0161vengiamai tampa moterimis.<\/p>\n","protected":false},"featured_media":11255,"comment_status":"closed","ping_status":"closed","template":"","meta":{"_acf_changed":false,"site-sidebar-layout":"default","site-content-layout":"","ast-site-content-layout":"default","site-content-style":"default","site-sidebar-style":"default","ast-global-header-display":"","ast-banner-title-visibility":"","ast-main-header-display":"","ast-hfb-above-header-display":"","ast-hfb-below-header-display":"","ast-hfb-mobile-header-display":"","site-post-title":"","ast-breadcrumbs-content":"","ast-featured-img":"","footer-sml-layout":"","ast-disable-related-posts":"","theme-transparent-header-meta":"","adv-header-id-meta":"","stick-header-meta":"","header-above-stick-meta":"","header-main-stick-meta":"","header-below-stick-meta":"","astra-migrate-meta-layouts":"default","ast-page-background-enabled":"default","ast-page-background-meta":{"desktop":{"background-color":"","background-image":"","background-repeat":"repeat","background-position":"center center","background-size":"auto","background-attachment":"scroll","background-type":"","background-media":"","overlay-type":"","overlay-color":"","overlay-opacity":"","overlay-gradient":""},"tablet":{"background-color":"","background-image":"","background-repeat":"repeat","background-position":"center center","background-size":"auto","background-attachment":"scroll","background-type":"","background-media":"","overlay-type":"","overlay-color":"","overlay-opacity":"","overlay-gradient":""},"mobile":{"background-color":"","background-image":"","background-repeat":"repeat","background-position":"center center","background-size":"auto","background-attachment":"scroll","background-type":"","background-media":"","overlay-type":"","overlay-color":"","overlay-opacity":"","overlay-gradient":""}},"ast-content-background-meta":{"desktop":{"background-color":"var(--ast-global-color-4)","background-image":"","background-repeat":"repeat","background-position":"center center","background-size":"auto","background-attachment":"scroll","background-type":"","background-media":"","overlay-type":"","overlay-color":"","overlay-opacity":"","overlay-gradient":""},"tablet":{"background-color":"var(--ast-global-color-4)","background-image":"","background-repeat":"repeat","background-position":"center center","background-size":"auto","background-attachment":"scroll","background-type":"","background-media":"","overlay-type":"","overlay-color":"","overlay-opacity":"","overlay-gradient":""},"mobile":{"background-color":"var(--ast-global-color-4)","background-image":"","background-repeat":"repeat","background-position":"center center","background-size":"auto","background-attachment":"scroll","background-type":"","background-media":"","overlay-type":"","overlay-color":"","overlay-opacity":"","overlay-gradient":""}}},"product_brand":[],"product_cat":[31],"product_tag":[],"class_list":{"0":"post-11222","1":"product","2":"type-product","3":"status-publish","4":"has-post-thumbnail","6":"product_cat-grozine-literatura","7":"desktop-align-left","8":"tablet-align-left","9":"mobile-align-left","11":"first","12":"instock","13":"shipping-taxable","14":"purchasable","15":"product-type-simple"},"acf":[],"yoast_head":"<!-- This site is optimized with the Yoast SEO plugin v27.0 - https:\/\/yoast.com\/product\/yoast-seo-wordpress\/ -->\n<title>Emma Cline \u201eMerginos\u201c - Skaitytaknyga<\/title>\n<meta name=\"description\" content=\"1969-ieji, \u0160iaur\u0117s Kalifornija. Tik prasid\u0117jus vasarai, vieni\u0161a ir m\u0105sli paaugl\u0117 Ev\u0117 Boid parke pamato mergin\u0173 trijul\u0119, taip i\u0161siskirian\u010di\u0105 i\u0161 minios, kad\" \/>\n<meta name=\"robots\" content=\"index, follow, max-snippet:-1, max-image-preview:large, max-video-preview:-1\" \/>\n<link rel=\"canonical\" href=\"https:\/\/skaitytaknyga.lt\/en\/produktas\/emma-cline-merginos\/\" \/>\n<meta property=\"og:locale\" content=\"en_GB\" \/>\n<meta property=\"og:locale:alternate\" content=\"lt_LT\" \/>\n<meta property=\"og:type\" content=\"article\" \/>\n<meta property=\"og:title\" content=\"Emma Cline \u201eMerginos\u201c - Skaitytaknyga\" \/>\n<meta property=\"og:description\" content=\"1969-ieji, \u0160iaur\u0117s Kalifornija. Tik prasid\u0117jus vasarai, vieni\u0161a ir m\u0105sli paaugl\u0117 Ev\u0117 Boid parke pamato mergin\u0173 trijul\u0119, taip i\u0161siskirian\u010di\u0105 i\u0161 minios, kad\" \/>\n<meta property=\"og:url\" content=\"https:\/\/skaitytaknyga.lt\/en\/produktas\/emma-cline-merginos\/\" \/>\n<meta property=\"og:site_name\" content=\"Skaitytaknyga\" \/>\n<meta property=\"article:publisher\" content=\"https:\/\/www.facebook.com\/skaitytaknyga\/\" \/>\n<meta property=\"article:modified_time\" content=\"2024-05-04T19:38:18+00:00\" \/>\n<meta property=\"og:image\" content=\"https:\/\/skaitytaknyga.lt\/wp-content\/uploads\/2024\/05\/merg.jpg\" \/>\n\t<meta property=\"og:image:width\" content=\"338\" \/>\n\t<meta property=\"og:image:height\" content=\"468\" \/>\n\t<meta property=\"og:image:type\" content=\"image\/jpeg\" \/>\n<meta name=\"twitter:card\" content=\"summary_large_image\" \/>\n<meta name=\"twitter:label1\" content=\"Estimated reading time\" \/>\n\t<meta name=\"twitter:data1\" content=\"1 minute\" \/>\n<script type=\"application\/ld+json\" class=\"yoast-schema-graph\">{\"@context\":\"https:\/\/schema.org\",\"@graph\":[{\"@type\":\"WebPage\",\"@id\":\"https:\/\/skaitytaknyga.lt\/produktas\/emma-cline-merginos\/\",\"url\":\"https:\/\/skaitytaknyga.lt\/produktas\/emma-cline-merginos\/\",\"name\":\"Emma Cline \u201eMerginos\u201c - Skaitytaknyga\",\"isPartOf\":{\"@id\":\"https:\/\/skaitytaknyga.lt\/#website\"},\"primaryImageOfPage\":{\"@id\":\"https:\/\/skaitytaknyga.lt\/produktas\/emma-cline-merginos\/#primaryimage\"},\"image\":{\"@id\":\"https:\/\/skaitytaknyga.lt\/produktas\/emma-cline-merginos\/#primaryimage\"},\"thumbnailUrl\":\"https:\/\/skaitytaknyga.lt\/wp-content\/uploads\/2024\/05\/merg.jpg\",\"datePublished\":\"2024-05-04T19:36:53+00:00\",\"dateModified\":\"2024-05-04T19:38:18+00:00\",\"description\":\"1969-ieji, \u0160iaur\u0117s Kalifornija. Tik prasid\u0117jus vasarai, vieni\u0161a ir m\u0105sli paaugl\u0117 Ev\u0117 Boid parke pamato mergin\u0173 trijul\u0119, taip i\u0161siskirian\u010di\u0105 i\u0161 minios, kad\",\"breadcrumb\":{\"@id\":\"https:\/\/skaitytaknyga.lt\/produktas\/emma-cline-merginos\/#breadcrumb\"},\"inLanguage\":\"en-GB\",\"potentialAction\":[{\"@type\":\"ReadAction\",\"target\":[\"https:\/\/skaitytaknyga.lt\/produktas\/emma-cline-merginos\/\"]}]},{\"@type\":\"ImageObject\",\"inLanguage\":\"en-GB\",\"@id\":\"https:\/\/skaitytaknyga.lt\/produktas\/emma-cline-merginos\/#primaryimage\",\"url\":\"https:\/\/skaitytaknyga.lt\/wp-content\/uploads\/2024\/05\/merg.jpg\",\"contentUrl\":\"https:\/\/skaitytaknyga.lt\/wp-content\/uploads\/2024\/05\/merg.jpg\",\"width\":338,\"height\":468},{\"@type\":\"BreadcrumbList\",\"@id\":\"https:\/\/skaitytaknyga.lt\/produktas\/emma-cline-merginos\/#breadcrumb\",\"itemListElement\":[{\"@type\":\"ListItem\",\"position\":1,\"name\":\"Home\",\"item\":\"https:\/\/skaitytaknyga.lt\/\"},{\"@type\":\"ListItem\",\"position\":2,\"name\":\"Parduotuv\u0117\",\"item\":\"https:\/\/skaitytaknyga.lt\/knygu-parduotuve\/\"},{\"@type\":\"ListItem\",\"position\":3,\"name\":\"Emma Cline \u201eMerginos\u201c\"}]},{\"@type\":\"WebSite\",\"@id\":\"https:\/\/skaitytaknyga.lt\/#website\",\"url\":\"https:\/\/skaitytaknyga.lt\/\",\"name\":\"skaitytaknyga.lt\",\"description\":\"Skaitytaknyga.lt \u2013 tai ma\u017eas \u0161eimos verslas, kuris prasid\u0117jo nuo meil\u0117s knygoms ir siekio i\u0161gelb\u0117ti knygas nuo likimo prie konteinerio. Kas vienam nereikalingas daiktas \u2013 kitam lobis, o mes esame tarpininkai, kurie padeda abiems tapti laimingesniems ???? \u017dinome kaip nelengva i\u0161gyventi ma\u017eiems verslams, tad nuo \u0161iol, \u010dia rasite ir kit\u0173, ma\u017e\u0173 \u0161eim\u0173 versl\u0173, rank\u0173 darbo, dovan\u0173 sau ir artimiesiems.\",\"publisher\":{\"@id\":\"https:\/\/skaitytaknyga.lt\/#organization\"},\"potentialAction\":[{\"@type\":\"SearchAction\",\"target\":{\"@type\":\"EntryPoint\",\"urlTemplate\":\"https:\/\/skaitytaknyga.lt\/?s={search_term_string}\"},\"query-input\":{\"@type\":\"PropertyValueSpecification\",\"valueRequired\":true,\"valueName\":\"search_term_string\"}}],\"inLanguage\":\"en-GB\"},{\"@type\":\"Organization\",\"@id\":\"https:\/\/skaitytaknyga.lt\/#organization\",\"name\":\"skaitytaknyga.lt\",\"url\":\"https:\/\/skaitytaknyga.lt\/\",\"logo\":{\"@type\":\"ImageObject\",\"inLanguage\":\"en-GB\",\"@id\":\"https:\/\/skaitytaknyga.lt\/#\/schema\/logo\/image\/\",\"url\":\"https:\/\/skaitytaknyga.lt\/wp-content\/uploads\/2024\/05\/cropped-cropped-cropped-02_00843_jt3bggkj1j3HLc7SyY6rEUpg.jpeg\",\"contentUrl\":\"https:\/\/skaitytaknyga.lt\/wp-content\/uploads\/2024\/05\/cropped-cropped-cropped-02_00843_jt3bggkj1j3HLc7SyY6rEUpg.jpeg\",\"width\":1600,\"height\":1600,\"caption\":\"skaitytaknyga.lt\"},\"image\":{\"@id\":\"https:\/\/skaitytaknyga.lt\/#\/schema\/logo\/image\/\"},\"sameAs\":[\"https:\/\/www.facebook.com\/skaitytaknyga\/\"]}]}<\/script>\n<!-- \/ Yoast SEO plugin. -->","yoast_head_json":{"title":"Emma Cline \u201eMerginos\u201c - Skaitytaknyga","description":"1969-ieji, \u0160iaur\u0117s Kalifornija. Tik prasid\u0117jus vasarai, vieni\u0161a ir m\u0105sli paaugl\u0117 Ev\u0117 Boid parke pamato mergin\u0173 trijul\u0119, taip i\u0161siskirian\u010di\u0105 i\u0161 minios, kad","robots":{"index":"index","follow":"follow","max-snippet":"max-snippet:-1","max-image-preview":"max-image-preview:large","max-video-preview":"max-video-preview:-1"},"canonical":"https:\/\/skaitytaknyga.lt\/en\/produktas\/emma-cline-merginos\/","og_locale":"en_GB","og_type":"article","og_title":"Emma Cline \u201eMerginos\u201c - Skaitytaknyga","og_description":"1969-ieji, \u0160iaur\u0117s Kalifornija. Tik prasid\u0117jus vasarai, vieni\u0161a ir m\u0105sli paaugl\u0117 Ev\u0117 Boid parke pamato mergin\u0173 trijul\u0119, taip i\u0161siskirian\u010di\u0105 i\u0161 minios, kad","og_url":"https:\/\/skaitytaknyga.lt\/en\/produktas\/emma-cline-merginos\/","og_site_name":"Skaitytaknyga","article_publisher":"https:\/\/www.facebook.com\/skaitytaknyga\/","article_modified_time":"2024-05-04T19:38:18+00:00","og_image":[{"width":338,"height":468,"url":"https:\/\/skaitytaknyga.lt\/wp-content\/uploads\/2024\/05\/merg.jpg","type":"image\/jpeg"}],"twitter_card":"summary_large_image","twitter_misc":{"Estimated reading time":"1 minute"},"schema":{"@context":"https:\/\/schema.org","@graph":[{"@type":"WebPage","@id":"https:\/\/skaitytaknyga.lt\/produktas\/emma-cline-merginos\/","url":"https:\/\/skaitytaknyga.lt\/produktas\/emma-cline-merginos\/","name":"Emma Cline \u201eMerginos\u201c - Skaitytaknyga","isPartOf":{"@id":"https:\/\/skaitytaknyga.lt\/#website"},"primaryImageOfPage":{"@id":"https:\/\/skaitytaknyga.lt\/produktas\/emma-cline-merginos\/#primaryimage"},"image":{"@id":"https:\/\/skaitytaknyga.lt\/produktas\/emma-cline-merginos\/#primaryimage"},"thumbnailUrl":"https:\/\/skaitytaknyga.lt\/wp-content\/uploads\/2024\/05\/merg.jpg","datePublished":"2024-05-04T19:36:53+00:00","dateModified":"2024-05-04T19:38:18+00:00","description":"1969-ieji, \u0160iaur\u0117s Kalifornija. Tik prasid\u0117jus vasarai, vieni\u0161a ir m\u0105sli paaugl\u0117 Ev\u0117 Boid parke pamato mergin\u0173 trijul\u0119, taip i\u0161siskirian\u010di\u0105 i\u0161 minios, kad","breadcrumb":{"@id":"https:\/\/skaitytaknyga.lt\/produktas\/emma-cline-merginos\/#breadcrumb"},"inLanguage":"en-GB","potentialAction":[{"@type":"ReadAction","target":["https:\/\/skaitytaknyga.lt\/produktas\/emma-cline-merginos\/"]}]},{"@type":"ImageObject","inLanguage":"en-GB","@id":"https:\/\/skaitytaknyga.lt\/produktas\/emma-cline-merginos\/#primaryimage","url":"https:\/\/skaitytaknyga.lt\/wp-content\/uploads\/2024\/05\/merg.jpg","contentUrl":"https:\/\/skaitytaknyga.lt\/wp-content\/uploads\/2024\/05\/merg.jpg","width":338,"height":468},{"@type":"BreadcrumbList","@id":"https:\/\/skaitytaknyga.lt\/produktas\/emma-cline-merginos\/#breadcrumb","itemListElement":[{"@type":"ListItem","position":1,"name":"Home","item":"https:\/\/skaitytaknyga.lt\/"},{"@type":"ListItem","position":2,"name":"Parduotuv\u0117","item":"https:\/\/skaitytaknyga.lt\/knygu-parduotuve\/"},{"@type":"ListItem","position":3,"name":"Emma Cline \u201eMerginos\u201c"}]},{"@type":"WebSite","@id":"https:\/\/skaitytaknyga.lt\/#website","url":"https:\/\/skaitytaknyga.lt\/","name":"skaitytaknyga.lt","description":"Skaitytaknyga.lt \u2013 tai ma\u017eas \u0161eimos verslas, kuris prasid\u0117jo nuo meil\u0117s knygoms ir siekio i\u0161gelb\u0117ti knygas nuo likimo prie konteinerio. Kas vienam nereikalingas daiktas \u2013 kitam lobis, o mes esame tarpininkai, kurie padeda abiems tapti laimingesniems ???? \u017dinome kaip nelengva i\u0161gyventi ma\u017eiems verslams, tad nuo \u0161iol, \u010dia rasite ir kit\u0173, ma\u017e\u0173 \u0161eim\u0173 versl\u0173, rank\u0173 darbo, dovan\u0173 sau ir artimiesiems.","publisher":{"@id":"https:\/\/skaitytaknyga.lt\/#organization"},"potentialAction":[{"@type":"SearchAction","target":{"@type":"EntryPoint","urlTemplate":"https:\/\/skaitytaknyga.lt\/?s={search_term_string}"},"query-input":{"@type":"PropertyValueSpecification","valueRequired":true,"valueName":"search_term_string"}}],"inLanguage":"en-GB"},{"@type":"Organization","@id":"https:\/\/skaitytaknyga.lt\/#organization","name":"skaitytaknyga.lt","url":"https:\/\/skaitytaknyga.lt\/","logo":{"@type":"ImageObject","inLanguage":"en-GB","@id":"https:\/\/skaitytaknyga.lt\/#\/schema\/logo\/image\/","url":"https:\/\/skaitytaknyga.lt\/wp-content\/uploads\/2024\/05\/cropped-cropped-cropped-02_00843_jt3bggkj1j3HLc7SyY6rEUpg.jpeg","contentUrl":"https:\/\/skaitytaknyga.lt\/wp-content\/uploads\/2024\/05\/cropped-cropped-cropped-02_00843_jt3bggkj1j3HLc7SyY6rEUpg.jpeg","width":1600,"height":1600,"caption":"skaitytaknyga.lt"},"image":{"@id":"https:\/\/skaitytaknyga.lt\/#\/schema\/logo\/image\/"},"sameAs":["https:\/\/www.facebook.com\/skaitytaknyga\/"]}]}},"_links":{"self":[{"href":"https:\/\/skaitytaknyga.lt\/en\/wp-json\/wp\/v2\/product\/11222","targetHints":{"allow":["GET"]}}],"collection":[{"href":"https:\/\/skaitytaknyga.lt\/en\/wp-json\/wp\/v2\/product"}],"about":[{"href":"https:\/\/skaitytaknyga.lt\/en\/wp-json\/wp\/v2\/types\/product"}],"replies":[{"embeddable":true,"href":"https:\/\/skaitytaknyga.lt\/en\/wp-json\/wp\/v2\/comments?post=11222"}],"wp:featuredmedia":[{"embeddable":true,"href":"https:\/\/skaitytaknyga.lt\/en\/wp-json\/wp\/v2\/media\/11255"}],"wp:attachment":[{"href":"https:\/\/skaitytaknyga.lt\/en\/wp-json\/wp\/v2\/media?parent=11222"}],"wp:term":[{"taxonomy":"product_brand","embeddable":true,"href":"https:\/\/skaitytaknyga.lt\/en\/wp-json\/wp\/v2\/product_brand?post=11222"},{"taxonomy":"product_cat","embeddable":true,"href":"https:\/\/skaitytaknyga.lt\/en\/wp-json\/wp\/v2\/product_cat?post=11222"},{"taxonomy":"product_tag","embeddable":true,"href":"https:\/\/skaitytaknyga.lt\/en\/wp-json\/wp\/v2\/product_tag?post=11222"}],"curies":[{"name":"wp","href":"https:\/\/api.w.org\/{rel}","templated":true}]}}