{"id":11215,"date":"2024-05-04T19:36:26","date_gmt":"2024-05-04T19:36:26","guid":{"rendered":"https:\/\/skaitytaknyga.lt\/?post_type=product&#038;p=11215"},"modified":"2025-08-30T12:47:04","modified_gmt":"2025-08-30T09:47:04","slug":"mindaugas-maksimaitis-lietuvos-teises-saltiniai-1918-1940-metais-knygoje-daug-pasizymejimu-piestuku-ir-kt","status":"publish","type":"product","link":"https:\/\/skaitytaknyga.lt\/en\/produktas\/mindaugas-maksimaitis-lietuvos-teises-saltiniai-1918-1940-metais-knygoje-daug-pasizymejimu-piestuku-ir-kt\/","title":{"rendered":"Mindaugas Maksimaitis \u201eLietuvos teis\u0117s \u0161altiniai 1918-1940 metais\u201c (knygoje daug pasi\u017eym\u0117jim\u0173 pie\u0161tuku ir kt)"},"content":{"rendered":"<p>Monografijoje\u00a0<strong>&#8220;Lietuvos teis\u0117s \u0161altiniai 1918-1940 metais&#8221;\u00a0<\/strong>&#8211; apibendrinama \u012fvairi\u0173 teis\u0117s \u0161altini\u0173, nacionalini\u0173 ir perimt\u0173, galiojusi\u0173 Lietuvos Respublikos teritorijoje 1918-1940 m., paplitimas, j\u0173 lyginamoji dalis, savyb\u0117s, vald\u017eios pastangos juos tobulinti ir tvarkyti.<\/p>\n<p>Lietuvos 1918-1940 m. teis\u0117s \u0161altini\u0173 problema ma\u017eai tirta, nors teb\u0117ra aktuali ne vien istoriniu-teoriniu, bet ir praktiniu po\u017ei\u016briu, nes iki \u0161iol nesp\u0117jo visi\u0161kai nunykti teisiniai santykiai, ypa\u010d toki\u0173 socialiai jautri\u0173 sri\u010di\u0173 kaip nuosavyb\u0117 ir paveld\u0117jimas, atsirad\u0119 to meto galiojusios teis\u0117s pagrindu. D\u0117l \u0161ios prie\u017easties teismuose ir kitose valstyb\u0117s institucijose, sprend\u017eiant nuosavyb\u0117s ar kitus klausimus, tebekyla reikalas ie\u0161koti sen\u0173j\u0173 teis\u0117s \u0161altini\u0173 ir jais remtis.<\/p>\n<p>Leidinys skiriamas esamiems ir b\u016bsimiems teisininkams, taip pat visiems, kurie domisi Lietuvos teis\u0117s praeitimi ir dabartimi.<\/p>\n","protected":false},"excerpt":{"rendered":"<p>Monografija<\/p>\n","protected":false},"featured_media":5041,"comment_status":"closed","ping_status":"closed","template":"","meta":{"_acf_changed":false,"site-sidebar-layout":"default","site-content-layout":"","ast-site-content-layout":"default","site-content-style":"default","site-sidebar-style":"default","ast-global-header-display":"","ast-banner-title-visibility":"","ast-main-header-display":"","ast-hfb-above-header-display":"","ast-hfb-below-header-display":"","ast-hfb-mobile-header-display":"","site-post-title":"","ast-breadcrumbs-content":"","ast-featured-img":"","footer-sml-layout":"","ast-disable-related-posts":"","theme-transparent-header-meta":"","adv-header-id-meta":"","stick-header-meta":"","header-above-stick-meta":"","header-main-stick-meta":"","header-below-stick-meta":"","astra-migrate-meta-layouts":"default","ast-page-background-enabled":"default","ast-page-background-meta":{"desktop":{"background-color":"","background-image":"","background-repeat":"repeat","background-position":"center center","background-size":"auto","background-attachment":"scroll","background-type":"","background-media":"","overlay-type":"","overlay-color":"","overlay-opacity":"","overlay-gradient":""},"tablet":{"background-color":"","background-image":"","background-repeat":"repeat","background-position":"center center","background-size":"auto","background-attachment":"scroll","background-type":"","background-media":"","overlay-type":"","overlay-color":"","overlay-opacity":"","overlay-gradient":""},"mobile":{"background-color":"","background-image":"","background-repeat":"repeat","background-position":"center center","background-size":"auto","background-attachment":"scroll","background-type":"","background-media":"","overlay-type":"","overlay-color":"","overlay-opacity":"","overlay-gradient":""}},"ast-content-background-meta":{"desktop":{"background-color":"var(--ast-global-color-4)","background-image":"","background-repeat":"repeat","background-position":"center center","background-size":"auto","background-attachment":"scroll","background-type":"","background-media":"","overlay-type":"","overlay-color":"","overlay-opacity":"","overlay-gradient":""},"tablet":{"background-color":"var(--ast-global-color-4)","background-image":"","background-repeat":"repeat","background-position":"center center","background-size":"auto","background-attachment":"scroll","background-type":"","background-media":"","overlay-type":"","overlay-color":"","overlay-opacity":"","overlay-gradient":""},"mobile":{"background-color":"var(--ast-global-color-4)","background-image":"","background-repeat":"repeat","background-position":"center center","background-size":"auto","background-attachment":"scroll","background-type":"","background-media":"","overlay-type":"","overlay-color":"","overlay-opacity":"","overlay-gradient":""}}},"product_brand":[],"product_cat":[436],"product_tag":[],"class_list":{"0":"post-11215","1":"product","2":"type-product","3":"status-publish","4":"has-post-thumbnail","6":"product_cat-teise","7":"desktop-align-left","8":"tablet-align-left","9":"mobile-align-left","11":"first","12":"outofstock","13":"shipping-taxable","14":"purchasable","15":"product-type-simple"},"acf":[],"yoast_head":"<!-- This site is optimized with the Yoast SEO plugin v27.0 - https:\/\/yoast.com\/product\/yoast-seo-wordpress\/ -->\n<title>Mindaugas Maksimaitis \u201eLietuvos teis\u0117s \u0161altiniai 1918-1940 metais\u201c (knygoje daug pasi\u017eym\u0117jim\u0173 pie\u0161tuku ir kt) - Skaitytaknyga<\/title>\n<meta name=\"description\" content=\"Monografija\" \/>\n<meta name=\"robots\" content=\"index, follow, max-snippet:-1, max-image-preview:large, max-video-preview:-1\" \/>\n<link rel=\"canonical\" href=\"https:\/\/skaitytaknyga.lt\/en\/produktas\/mindaugas-maksimaitis-lietuvos-teises-saltiniai-1918-1940-metais-knygoje-daug-pasizymejimu-piestuku-ir-kt\/\" \/>\n<meta property=\"og:locale\" content=\"en_GB\" \/>\n<meta property=\"og:locale:alternate\" content=\"lt_LT\" \/>\n<meta property=\"og:type\" content=\"article\" \/>\n<meta property=\"og:title\" content=\"Mindaugas Maksimaitis \u201eLietuvos teis\u0117s \u0161altiniai 1918-1940 metais\u201c (knygoje daug pasi\u017eym\u0117jim\u0173 pie\u0161tuku ir kt) - Skaitytaknyga\" \/>\n<meta property=\"og:description\" content=\"Monografija\" \/>\n<meta property=\"og:url\" content=\"https:\/\/skaitytaknyga.lt\/en\/produktas\/mindaugas-maksimaitis-lietuvos-teises-saltiniai-1918-1940-metais-knygoje-daug-pasizymejimu-piestuku-ir-kt\/\" \/>\n<meta property=\"og:site_name\" content=\"Skaitytaknyga\" \/>\n<meta property=\"article:publisher\" content=\"https:\/\/www.facebook.com\/skaitytaknyga\/\" \/>\n<meta property=\"article:modified_time\" content=\"2025-08-30T09:47:04+00:00\" \/>\n<meta property=\"og:image\" content=\"https:\/\/skaitytaknyga.lt\/wp-content\/uploads\/2024\/04\/163877692_128812985860733_1105694697575936447_n.jpg\" \/>\n\t<meta property=\"og:image:width\" content=\"752\" \/>\n\t<meta property=\"og:image:height\" content=\"1008\" \/>\n\t<meta property=\"og:image:type\" content=\"image\/jpeg\" \/>\n<meta name=\"twitter:card\" content=\"summary_large_image\" \/>\n<meta name=\"twitter:label1\" content=\"Estimated reading time\" \/>\n\t<meta name=\"twitter:data1\" content=\"1 minute\" \/>\n<script type=\"application\/ld+json\" class=\"yoast-schema-graph\">{\"@context\":\"https:\/\/schema.org\",\"@graph\":[{\"@type\":\"WebPage\",\"@id\":\"https:\/\/skaitytaknyga.lt\/produktas\/mindaugas-maksimaitis-lietuvos-teises-saltiniai-1918-1940-metais-knygoje-daug-pasizymejimu-piestuku-ir-kt\/\",\"url\":\"https:\/\/skaitytaknyga.lt\/produktas\/mindaugas-maksimaitis-lietuvos-teises-saltiniai-1918-1940-metais-knygoje-daug-pasizymejimu-piestuku-ir-kt\/\",\"name\":\"Mindaugas Maksimaitis \u201eLietuvos teis\u0117s \u0161altiniai 1918-1940 metais\u201c (knygoje daug pasi\u017eym\u0117jim\u0173 pie\u0161tuku ir kt) - Skaitytaknyga\",\"isPartOf\":{\"@id\":\"https:\/\/skaitytaknyga.lt\/#website\"},\"primaryImageOfPage\":{\"@id\":\"https:\/\/skaitytaknyga.lt\/produktas\/mindaugas-maksimaitis-lietuvos-teises-saltiniai-1918-1940-metais-knygoje-daug-pasizymejimu-piestuku-ir-kt\/#primaryimage\"},\"image\":{\"@id\":\"https:\/\/skaitytaknyga.lt\/produktas\/mindaugas-maksimaitis-lietuvos-teises-saltiniai-1918-1940-metais-knygoje-daug-pasizymejimu-piestuku-ir-kt\/#primaryimage\"},\"thumbnailUrl\":\"https:\/\/skaitytaknyga.lt\/wp-content\/uploads\/2024\/04\/163877692_128812985860733_1105694697575936447_n.jpg\",\"datePublished\":\"2024-05-04T19:36:26+00:00\",\"dateModified\":\"2025-08-30T09:47:04+00:00\",\"description\":\"Monografija\",\"breadcrumb\":{\"@id\":\"https:\/\/skaitytaknyga.lt\/produktas\/mindaugas-maksimaitis-lietuvos-teises-saltiniai-1918-1940-metais-knygoje-daug-pasizymejimu-piestuku-ir-kt\/#breadcrumb\"},\"inLanguage\":\"en-GB\",\"potentialAction\":[{\"@type\":\"ReadAction\",\"target\":[\"https:\/\/skaitytaknyga.lt\/produktas\/mindaugas-maksimaitis-lietuvos-teises-saltiniai-1918-1940-metais-knygoje-daug-pasizymejimu-piestuku-ir-kt\/\"]}]},{\"@type\":\"ImageObject\",\"inLanguage\":\"en-GB\",\"@id\":\"https:\/\/skaitytaknyga.lt\/produktas\/mindaugas-maksimaitis-lietuvos-teises-saltiniai-1918-1940-metais-knygoje-daug-pasizymejimu-piestuku-ir-kt\/#primaryimage\",\"url\":\"https:\/\/skaitytaknyga.lt\/wp-content\/uploads\/2024\/04\/163877692_128812985860733_1105694697575936447_n.jpg\",\"contentUrl\":\"https:\/\/skaitytaknyga.lt\/wp-content\/uploads\/2024\/04\/163877692_128812985860733_1105694697575936447_n.jpg\",\"width\":752,\"height\":1008},{\"@type\":\"BreadcrumbList\",\"@id\":\"https:\/\/skaitytaknyga.lt\/produktas\/mindaugas-maksimaitis-lietuvos-teises-saltiniai-1918-1940-metais-knygoje-daug-pasizymejimu-piestuku-ir-kt\/#breadcrumb\",\"itemListElement\":[{\"@type\":\"ListItem\",\"position\":1,\"name\":\"Home\",\"item\":\"https:\/\/skaitytaknyga.lt\/\"},{\"@type\":\"ListItem\",\"position\":2,\"name\":\"Parduotuv\u0117\",\"item\":\"https:\/\/skaitytaknyga.lt\/knygu-parduotuve\/\"},{\"@type\":\"ListItem\",\"position\":3,\"name\":\"Mindaugas Maksimaitis \u201eLietuvos teis\u0117s \u0161altiniai 1918-1940 metais\u201c (knygoje daug pasi\u017eym\u0117jim\u0173 pie\u0161tuku ir kt)\"}]},{\"@type\":\"WebSite\",\"@id\":\"https:\/\/skaitytaknyga.lt\/#website\",\"url\":\"https:\/\/skaitytaknyga.lt\/\",\"name\":\"skaitytaknyga.lt\",\"description\":\"Skaitytaknyga.lt \u2013 tai ma\u017eas \u0161eimos verslas, kuris prasid\u0117jo nuo meil\u0117s knygoms ir siekio i\u0161gelb\u0117ti knygas nuo likimo prie konteinerio. Kas vienam nereikalingas daiktas \u2013 kitam lobis, o mes esame tarpininkai, kurie padeda abiems tapti laimingesniems ???? \u017dinome kaip nelengva i\u0161gyventi ma\u017eiems verslams, tad nuo \u0161iol, \u010dia rasite ir kit\u0173, ma\u017e\u0173 \u0161eim\u0173 versl\u0173, rank\u0173 darbo, dovan\u0173 sau ir artimiesiems.\",\"publisher\":{\"@id\":\"https:\/\/skaitytaknyga.lt\/#organization\"},\"potentialAction\":[{\"@type\":\"SearchAction\",\"target\":{\"@type\":\"EntryPoint\",\"urlTemplate\":\"https:\/\/skaitytaknyga.lt\/?s={search_term_string}\"},\"query-input\":{\"@type\":\"PropertyValueSpecification\",\"valueRequired\":true,\"valueName\":\"search_term_string\"}}],\"inLanguage\":\"en-GB\"},{\"@type\":\"Organization\",\"@id\":\"https:\/\/skaitytaknyga.lt\/#organization\",\"name\":\"skaitytaknyga.lt\",\"url\":\"https:\/\/skaitytaknyga.lt\/\",\"logo\":{\"@type\":\"ImageObject\",\"inLanguage\":\"en-GB\",\"@id\":\"https:\/\/skaitytaknyga.lt\/#\/schema\/logo\/image\/\",\"url\":\"https:\/\/skaitytaknyga.lt\/wp-content\/uploads\/2024\/05\/cropped-cropped-cropped-02_00843_jt3bggkj1j3HLc7SyY6rEUpg.jpeg\",\"contentUrl\":\"https:\/\/skaitytaknyga.lt\/wp-content\/uploads\/2024\/05\/cropped-cropped-cropped-02_00843_jt3bggkj1j3HLc7SyY6rEUpg.jpeg\",\"width\":1600,\"height\":1600,\"caption\":\"skaitytaknyga.lt\"},\"image\":{\"@id\":\"https:\/\/skaitytaknyga.lt\/#\/schema\/logo\/image\/\"},\"sameAs\":[\"https:\/\/www.facebook.com\/skaitytaknyga\/\"]}]}<\/script>\n<!-- \/ Yoast SEO plugin. -->","yoast_head_json":{"title":"Mindaugas Maksimaitis \u201eLietuvos teis\u0117s \u0161altiniai 1918-1940 metais\u201c (knygoje daug pasi\u017eym\u0117jim\u0173 pie\u0161tuku ir kt) - Skaitytaknyga","description":"Monografija","robots":{"index":"index","follow":"follow","max-snippet":"max-snippet:-1","max-image-preview":"max-image-preview:large","max-video-preview":"max-video-preview:-1"},"canonical":"https:\/\/skaitytaknyga.lt\/en\/produktas\/mindaugas-maksimaitis-lietuvos-teises-saltiniai-1918-1940-metais-knygoje-daug-pasizymejimu-piestuku-ir-kt\/","og_locale":"en_GB","og_type":"article","og_title":"Mindaugas Maksimaitis \u201eLietuvos teis\u0117s \u0161altiniai 1918-1940 metais\u201c (knygoje daug pasi\u017eym\u0117jim\u0173 pie\u0161tuku ir kt) - Skaitytaknyga","og_description":"Monografija","og_url":"https:\/\/skaitytaknyga.lt\/en\/produktas\/mindaugas-maksimaitis-lietuvos-teises-saltiniai-1918-1940-metais-knygoje-daug-pasizymejimu-piestuku-ir-kt\/","og_site_name":"Skaitytaknyga","article_publisher":"https:\/\/www.facebook.com\/skaitytaknyga\/","article_modified_time":"2025-08-30T09:47:04+00:00","og_image":[{"width":752,"height":1008,"url":"https:\/\/skaitytaknyga.lt\/wp-content\/uploads\/2024\/04\/163877692_128812985860733_1105694697575936447_n.jpg","type":"image\/jpeg"}],"twitter_card":"summary_large_image","twitter_misc":{"Estimated reading time":"1 minute"},"schema":{"@context":"https:\/\/schema.org","@graph":[{"@type":"WebPage","@id":"https:\/\/skaitytaknyga.lt\/produktas\/mindaugas-maksimaitis-lietuvos-teises-saltiniai-1918-1940-metais-knygoje-daug-pasizymejimu-piestuku-ir-kt\/","url":"https:\/\/skaitytaknyga.lt\/produktas\/mindaugas-maksimaitis-lietuvos-teises-saltiniai-1918-1940-metais-knygoje-daug-pasizymejimu-piestuku-ir-kt\/","name":"Mindaugas Maksimaitis \u201eLietuvos teis\u0117s \u0161altiniai 1918-1940 metais\u201c (knygoje daug pasi\u017eym\u0117jim\u0173 pie\u0161tuku ir kt) - Skaitytaknyga","isPartOf":{"@id":"https:\/\/skaitytaknyga.lt\/#website"},"primaryImageOfPage":{"@id":"https:\/\/skaitytaknyga.lt\/produktas\/mindaugas-maksimaitis-lietuvos-teises-saltiniai-1918-1940-metais-knygoje-daug-pasizymejimu-piestuku-ir-kt\/#primaryimage"},"image":{"@id":"https:\/\/skaitytaknyga.lt\/produktas\/mindaugas-maksimaitis-lietuvos-teises-saltiniai-1918-1940-metais-knygoje-daug-pasizymejimu-piestuku-ir-kt\/#primaryimage"},"thumbnailUrl":"https:\/\/skaitytaknyga.lt\/wp-content\/uploads\/2024\/04\/163877692_128812985860733_1105694697575936447_n.jpg","datePublished":"2024-05-04T19:36:26+00:00","dateModified":"2025-08-30T09:47:04+00:00","description":"Monografija","breadcrumb":{"@id":"https:\/\/skaitytaknyga.lt\/produktas\/mindaugas-maksimaitis-lietuvos-teises-saltiniai-1918-1940-metais-knygoje-daug-pasizymejimu-piestuku-ir-kt\/#breadcrumb"},"inLanguage":"en-GB","potentialAction":[{"@type":"ReadAction","target":["https:\/\/skaitytaknyga.lt\/produktas\/mindaugas-maksimaitis-lietuvos-teises-saltiniai-1918-1940-metais-knygoje-daug-pasizymejimu-piestuku-ir-kt\/"]}]},{"@type":"ImageObject","inLanguage":"en-GB","@id":"https:\/\/skaitytaknyga.lt\/produktas\/mindaugas-maksimaitis-lietuvos-teises-saltiniai-1918-1940-metais-knygoje-daug-pasizymejimu-piestuku-ir-kt\/#primaryimage","url":"https:\/\/skaitytaknyga.lt\/wp-content\/uploads\/2024\/04\/163877692_128812985860733_1105694697575936447_n.jpg","contentUrl":"https:\/\/skaitytaknyga.lt\/wp-content\/uploads\/2024\/04\/163877692_128812985860733_1105694697575936447_n.jpg","width":752,"height":1008},{"@type":"BreadcrumbList","@id":"https:\/\/skaitytaknyga.lt\/produktas\/mindaugas-maksimaitis-lietuvos-teises-saltiniai-1918-1940-metais-knygoje-daug-pasizymejimu-piestuku-ir-kt\/#breadcrumb","itemListElement":[{"@type":"ListItem","position":1,"name":"Home","item":"https:\/\/skaitytaknyga.lt\/"},{"@type":"ListItem","position":2,"name":"Parduotuv\u0117","item":"https:\/\/skaitytaknyga.lt\/knygu-parduotuve\/"},{"@type":"ListItem","position":3,"name":"Mindaugas Maksimaitis \u201eLietuvos teis\u0117s \u0161altiniai 1918-1940 metais\u201c (knygoje daug pasi\u017eym\u0117jim\u0173 pie\u0161tuku ir kt)"}]},{"@type":"WebSite","@id":"https:\/\/skaitytaknyga.lt\/#website","url":"https:\/\/skaitytaknyga.lt\/","name":"skaitytaknyga.lt","description":"Skaitytaknyga.lt \u2013 tai ma\u017eas \u0161eimos verslas, kuris prasid\u0117jo nuo meil\u0117s knygoms ir siekio i\u0161gelb\u0117ti knygas nuo likimo prie konteinerio. Kas vienam nereikalingas daiktas \u2013 kitam lobis, o mes esame tarpininkai, kurie padeda abiems tapti laimingesniems ???? \u017dinome kaip nelengva i\u0161gyventi ma\u017eiems verslams, tad nuo \u0161iol, \u010dia rasite ir kit\u0173, ma\u017e\u0173 \u0161eim\u0173 versl\u0173, rank\u0173 darbo, dovan\u0173 sau ir artimiesiems.","publisher":{"@id":"https:\/\/skaitytaknyga.lt\/#organization"},"potentialAction":[{"@type":"SearchAction","target":{"@type":"EntryPoint","urlTemplate":"https:\/\/skaitytaknyga.lt\/?s={search_term_string}"},"query-input":{"@type":"PropertyValueSpecification","valueRequired":true,"valueName":"search_term_string"}}],"inLanguage":"en-GB"},{"@type":"Organization","@id":"https:\/\/skaitytaknyga.lt\/#organization","name":"skaitytaknyga.lt","url":"https:\/\/skaitytaknyga.lt\/","logo":{"@type":"ImageObject","inLanguage":"en-GB","@id":"https:\/\/skaitytaknyga.lt\/#\/schema\/logo\/image\/","url":"https:\/\/skaitytaknyga.lt\/wp-content\/uploads\/2024\/05\/cropped-cropped-cropped-02_00843_jt3bggkj1j3HLc7SyY6rEUpg.jpeg","contentUrl":"https:\/\/skaitytaknyga.lt\/wp-content\/uploads\/2024\/05\/cropped-cropped-cropped-02_00843_jt3bggkj1j3HLc7SyY6rEUpg.jpeg","width":1600,"height":1600,"caption":"skaitytaknyga.lt"},"image":{"@id":"https:\/\/skaitytaknyga.lt\/#\/schema\/logo\/image\/"},"sameAs":["https:\/\/www.facebook.com\/skaitytaknyga\/"]}]}},"_links":{"self":[{"href":"https:\/\/skaitytaknyga.lt\/en\/wp-json\/wp\/v2\/product\/11215","targetHints":{"allow":["GET"]}}],"collection":[{"href":"https:\/\/skaitytaknyga.lt\/en\/wp-json\/wp\/v2\/product"}],"about":[{"href":"https:\/\/skaitytaknyga.lt\/en\/wp-json\/wp\/v2\/types\/product"}],"replies":[{"embeddable":true,"href":"https:\/\/skaitytaknyga.lt\/en\/wp-json\/wp\/v2\/comments?post=11215"}],"wp:featuredmedia":[{"embeddable":true,"href":"https:\/\/skaitytaknyga.lt\/en\/wp-json\/wp\/v2\/media\/5041"}],"wp:attachment":[{"href":"https:\/\/skaitytaknyga.lt\/en\/wp-json\/wp\/v2\/media?parent=11215"}],"wp:term":[{"taxonomy":"product_brand","embeddable":true,"href":"https:\/\/skaitytaknyga.lt\/en\/wp-json\/wp\/v2\/product_brand?post=11215"},{"taxonomy":"product_cat","embeddable":true,"href":"https:\/\/skaitytaknyga.lt\/en\/wp-json\/wp\/v2\/product_cat?post=11215"},{"taxonomy":"product_tag","embeddable":true,"href":"https:\/\/skaitytaknyga.lt\/en\/wp-json\/wp\/v2\/product_tag?post=11215"}],"curies":[{"name":"wp","href":"https:\/\/api.w.org\/{rel}","templated":true}]}}