{"id":11213,"date":"2024-05-04T19:36:26","date_gmt":"2024-05-04T19:36:26","guid":{"rendered":"https:\/\/skaitytaknyga.lt\/?post_type=product&#038;p=11213"},"modified":"2024-05-04T19:38:05","modified_gmt":"2024-05-04T19:38:05","slug":"hal-elrod-mano-nuostabus-rytas-valanda-kuri-viska-pakeis","status":"publish","type":"product","link":"https:\/\/skaitytaknyga.lt\/en\/produktas\/hal-elrod-mano-nuostabus-rytas-valanda-kuri-viska-pakeis\/","title":{"rendered":"Hal Elrod &#8220;Mano nuostabus rytas: valanda, kuri visk\u0105 pakeis&#8221;"},"content":{"rendered":"<p><strong>\u201eMano nuostabus rytas&#8221;<\/strong>\u00a0\u2013 tai m\u0105stysen\u0105 ir gyvensen\u0105 kei\u010diantis kasdienis \u012fprotis, kuris pakreips j\u016bs\u0173 gyvenim\u0105 norima linkme: pager\u0117s sveikata, finansin\u0117 pad\u0117tis, savitarpio santykiai ir visos kitos gyvenimo sritys. Tereikia perskaityti \u0161i\u0105 knyg\u0105, tvirtai pasiry\u017eti i\u0161bandyti autoriaus si\u016blom\u0105 trisde\u0161imties dien\u0173<strong>\u00a0\u201eMano nuostabaus ryto&#8221;<\/strong>\u00a0program\u0105, o tada atsikelti anksti ryte ir imti gyvenim\u0105 \u012f savo rankas!<\/p>\n<p>\u0160ioje knygoje, kuri pla\u010diai pripa\u017e\u012fstama kaip viena labiausiai gyvensen\u0105 kei\u010dian\u010di\u0173 knyg\u0173, i\u0161d\u0117stomas paprastas, bet labai veiksmingas \u201eMano nuostabaus ryto&#8221; metodas. \u201eJis pad\u0117s jums tapti tokiu \u017emogumi, kuris geba \u012fgyvendinti fakti\u0161kai visk\u0105, apie k\u0105 svajoja&#8221;, \u2013 teigia knygos autorius Helas Elrodas. Pernelyg dr\u0105s\u016bs pa\u017eadai? Ta\u010diau \u201eMano nuostabus rytas&#8221; jau dabar kei\u010dia de\u0161im\u010di\u0173 t\u016bkstan\u010di\u0173 \u017emoni\u0173 gyvenimus visame pasaulyje, pad\u0117damas jiems kas ryt\u0105 nubusti kupiniems energijos, motyvacijos ir geb\u0117jimo susitelkti \u012f tai, kaip perkelti savo gyvenim\u0105 \u012f auk\u0161tesn\u012f lyg\u012f.<\/p>\n<p>Kas b\u016bt\u0173, jeigu nubud\u0119 ankst\u0173 rytmet\u012f pamatytum\u0117te, kad galite pakeisti daugel\u012f \u2013 o gal net ir VISAS \u2013 savo gyvenimo sritis? \u0160i knyga parodys, kaip tai daryti grei\u010diau, nei i\u0161 pirmo \u017evilgsnio atrodo \u012fmanoma.<\/p>\n","protected":false},"excerpt":{"rendered":"<p>\u201eMano nuostabus rytas&#8221;\u00a0\u2013 tai m\u0105stysen\u0105 ir gyvensen\u0105 kei\u010diantis kasdienis \u012fprotis, kuris pakreips j\u016bs\u0173 gyvenim\u0105 norima linkme: pager\u0117s sveikata, finansin\u0117 pad\u0117tis, savitarpio santykiai ir visos kitos gyvenimo sritys. Tereikia perskaityti \u0161i\u0105 knyg\u0105, tvirtai pasiry\u017eti i\u0161bandyti autoriaus si\u016blom\u0105 trisde\u0161imties dien\u0173\u00a0\u201eMano nuostabaus ryto&#8221;\u00a0program\u0105, o tada atsikelti anksti ryte ir imti gyvenim\u0105 \u012f savo rankas! \u0160ioje knygoje, kuri pla\u010diai pripa\u017e\u012fstama kaip viena labiausiai gyvensen\u0105 kei\u010dian\u010di\u0173 knyg\u0173, i\u0161d\u0117stomas paprastas, bet labai veiksmingas \u201eMano nuostabaus ryto&#8221; metodas. \u201eJis pad\u0117s jums tapti tokiu \u017emogumi, kuris geba \u012fgyvendinti fakti\u0161kai visk\u0105, apie k\u0105 svajoja&#8221;, \u2013 teigia knygos autorius Helas Elrodas. Pernelyg dr\u0105s\u016bs pa\u017eadai? Ta\u010diau \u201eMano nuostabus rytas&#8221; jau dabar kei\u010dia de\u0161im\u010di\u0173 t\u016bkstan\u010di\u0173 \u017emoni\u0173 gyvenimus visame pasaulyje, pad\u0117damas jiems kas ryt\u0105 nubusti kupiniems energijos, motyvacijos ir geb\u0117jimo susitelkti \u012f tai, kaip perkelti savo gyvenim\u0105 \u012f auk\u0161tesn\u012f lyg\u012f. Kas b\u016bt\u0173, jeigu nubud\u0119 ankst\u0173 rytmet\u012f pamatytum\u0117te, kad galite pakeisti daugel\u012f \u2013 o gal net ir VISAS \u2013 savo gyvenimo sritis? \u0160i knyga parodys, kaip tai daryti grei\u010diau, nei i\u0161 pirmo \u017evilgsnio atrodo \u012fmanoma.<\/p>\n","protected":false},"featured_media":11245,"comment_status":"closed","ping_status":"closed","template":"","meta":{"_acf_changed":false,"site-sidebar-layout":"default","site-content-layout":"","ast-site-content-layout":"default","site-content-style":"default","site-sidebar-style":"default","ast-global-header-display":"","ast-banner-title-visibility":"","ast-main-header-display":"","ast-hfb-above-header-display":"","ast-hfb-below-header-display":"","ast-hfb-mobile-header-display":"","site-post-title":"","ast-breadcrumbs-content":"","ast-featured-img":"","footer-sml-layout":"","ast-disable-related-posts":"","theme-transparent-header-meta":"","adv-header-id-meta":"","stick-header-meta":"","header-above-stick-meta":"","header-main-stick-meta":"","header-below-stick-meta":"","astra-migrate-meta-layouts":"default","ast-page-background-enabled":"default","ast-page-background-meta":{"desktop":{"background-color":"","background-image":"","background-repeat":"repeat","background-position":"center center","background-size":"auto","background-attachment":"scroll","background-type":"","background-media":"","overlay-type":"","overlay-color":"","overlay-opacity":"","overlay-gradient":""},"tablet":{"background-color":"","background-image":"","background-repeat":"repeat","background-position":"center center","background-size":"auto","background-attachment":"scroll","background-type":"","background-media":"","overlay-type":"","overlay-color":"","overlay-opacity":"","overlay-gradient":""},"mobile":{"background-color":"","background-image":"","background-repeat":"repeat","background-position":"center center","background-size":"auto","background-attachment":"scroll","background-type":"","background-media":"","overlay-type":"","overlay-color":"","overlay-opacity":"","overlay-gradient":""}},"ast-content-background-meta":{"desktop":{"background-color":"var(--ast-global-color-4)","background-image":"","background-repeat":"repeat","background-position":"center center","background-size":"auto","background-attachment":"scroll","background-type":"","background-media":"","overlay-type":"","overlay-color":"","overlay-opacity":"","overlay-gradient":""},"tablet":{"background-color":"var(--ast-global-color-4)","background-image":"","background-repeat":"repeat","background-position":"center center","background-size":"auto","background-attachment":"scroll","background-type":"","background-media":"","overlay-type":"","overlay-color":"","overlay-opacity":"","overlay-gradient":""},"mobile":{"background-color":"var(--ast-global-color-4)","background-image":"","background-repeat":"repeat","background-position":"center center","background-size":"auto","background-attachment":"scroll","background-type":"","background-media":"","overlay-type":"","overlay-color":"","overlay-opacity":"","overlay-gradient":""}}},"product_brand":[],"product_cat":[30],"product_tag":[],"class_list":{"0":"post-11213","1":"product","2":"type-product","3":"status-publish","4":"has-post-thumbnail","6":"product_cat-psichologija-ir-saviugda","7":"desktop-align-left","8":"tablet-align-left","9":"mobile-align-left","11":"first","12":"outofstock","13":"shipping-taxable","14":"purchasable","15":"product-type-simple"},"acf":[],"yoast_head":"<!-- This site is optimized with the Yoast SEO plugin v27.0 - https:\/\/yoast.com\/product\/yoast-seo-wordpress\/ -->\n<title>Hal Elrod &quot;Mano nuostabus rytas: valanda, kuri visk\u0105 pakeis&quot; - Skaitytaknyga<\/title>\n<meta name=\"description\" content=\"\u201eMano nuostabus rytas&quot;\u00a0\u2013 tai m\u0105stysen\u0105 ir gyvensen\u0105 kei\u010diantis kasdienis \u012fprotis, kuris pakreips j\u016bs\u0173 gyvenim\u0105 norima linkme: pager\u0117s sveikata, finansin\u0117\" \/>\n<meta name=\"robots\" content=\"index, follow, max-snippet:-1, max-image-preview:large, max-video-preview:-1\" \/>\n<link rel=\"canonical\" href=\"https:\/\/skaitytaknyga.lt\/en\/produktas\/hal-elrod-mano-nuostabus-rytas-valanda-kuri-viska-pakeis\/\" \/>\n<meta property=\"og:locale\" content=\"en_GB\" \/>\n<meta property=\"og:locale:alternate\" content=\"lt_LT\" \/>\n<meta property=\"og:type\" content=\"article\" \/>\n<meta property=\"og:title\" content=\"Hal Elrod &quot;Mano nuostabus rytas: valanda, kuri visk\u0105 pakeis&quot; - Skaitytaknyga\" \/>\n<meta property=\"og:description\" content=\"\u201eMano nuostabus rytas&quot;\u00a0\u2013 tai m\u0105stysen\u0105 ir gyvensen\u0105 kei\u010diantis kasdienis \u012fprotis, kuris pakreips j\u016bs\u0173 gyvenim\u0105 norima linkme: pager\u0117s sveikata, finansin\u0117\" \/>\n<meta property=\"og:url\" content=\"https:\/\/skaitytaknyga.lt\/en\/produktas\/hal-elrod-mano-nuostabus-rytas-valanda-kuri-viska-pakeis\/\" \/>\n<meta property=\"og:site_name\" content=\"Skaitytaknyga\" \/>\n<meta property=\"article:publisher\" content=\"https:\/\/www.facebook.com\/skaitytaknyga\/\" \/>\n<meta property=\"article:modified_time\" content=\"2024-05-04T19:38:05+00:00\" \/>\n<meta property=\"og:image\" content=\"https:\/\/skaitytaknyga.lt\/wp-content\/uploads\/2024\/05\/Mano_nuostabus_r_58bd11f810137.jpg\" \/>\n\t<meta property=\"og:image:width\" content=\"440\" \/>\n\t<meta property=\"og:image:height\" content=\"679\" \/>\n\t<meta property=\"og:image:type\" content=\"image\/jpeg\" \/>\n<meta name=\"twitter:card\" content=\"summary_large_image\" \/>\n<meta name=\"twitter:label1\" content=\"Estimated reading time\" \/>\n\t<meta name=\"twitter:data1\" content=\"1 minute\" \/>\n<script type=\"application\/ld+json\" class=\"yoast-schema-graph\">{\"@context\":\"https:\/\/schema.org\",\"@graph\":[{\"@type\":\"WebPage\",\"@id\":\"https:\/\/skaitytaknyga.lt\/produktas\/hal-elrod-mano-nuostabus-rytas-valanda-kuri-viska-pakeis\/\",\"url\":\"https:\/\/skaitytaknyga.lt\/produktas\/hal-elrod-mano-nuostabus-rytas-valanda-kuri-viska-pakeis\/\",\"name\":\"Hal Elrod \\\"Mano nuostabus rytas: valanda, kuri visk\u0105 pakeis\\\" - Skaitytaknyga\",\"isPartOf\":{\"@id\":\"https:\/\/skaitytaknyga.lt\/#website\"},\"primaryImageOfPage\":{\"@id\":\"https:\/\/skaitytaknyga.lt\/produktas\/hal-elrod-mano-nuostabus-rytas-valanda-kuri-viska-pakeis\/#primaryimage\"},\"image\":{\"@id\":\"https:\/\/skaitytaknyga.lt\/produktas\/hal-elrod-mano-nuostabus-rytas-valanda-kuri-viska-pakeis\/#primaryimage\"},\"thumbnailUrl\":\"https:\/\/skaitytaknyga.lt\/wp-content\/uploads\/2024\/05\/Mano_nuostabus_r_58bd11f810137.jpg\",\"datePublished\":\"2024-05-04T19:36:26+00:00\",\"dateModified\":\"2024-05-04T19:38:05+00:00\",\"description\":\"\u201eMano nuostabus rytas\\\"\u00a0\u2013 tai m\u0105stysen\u0105 ir gyvensen\u0105 kei\u010diantis kasdienis \u012fprotis, kuris pakreips j\u016bs\u0173 gyvenim\u0105 norima linkme: pager\u0117s sveikata, finansin\u0117\",\"breadcrumb\":{\"@id\":\"https:\/\/skaitytaknyga.lt\/produktas\/hal-elrod-mano-nuostabus-rytas-valanda-kuri-viska-pakeis\/#breadcrumb\"},\"inLanguage\":\"en-GB\",\"potentialAction\":[{\"@type\":\"ReadAction\",\"target\":[\"https:\/\/skaitytaknyga.lt\/produktas\/hal-elrod-mano-nuostabus-rytas-valanda-kuri-viska-pakeis\/\"]}]},{\"@type\":\"ImageObject\",\"inLanguage\":\"en-GB\",\"@id\":\"https:\/\/skaitytaknyga.lt\/produktas\/hal-elrod-mano-nuostabus-rytas-valanda-kuri-viska-pakeis\/#primaryimage\",\"url\":\"https:\/\/skaitytaknyga.lt\/wp-content\/uploads\/2024\/05\/Mano_nuostabus_r_58bd11f810137.jpg\",\"contentUrl\":\"https:\/\/skaitytaknyga.lt\/wp-content\/uploads\/2024\/05\/Mano_nuostabus_r_58bd11f810137.jpg\",\"width\":440,\"height\":679},{\"@type\":\"BreadcrumbList\",\"@id\":\"https:\/\/skaitytaknyga.lt\/produktas\/hal-elrod-mano-nuostabus-rytas-valanda-kuri-viska-pakeis\/#breadcrumb\",\"itemListElement\":[{\"@type\":\"ListItem\",\"position\":1,\"name\":\"Home\",\"item\":\"https:\/\/skaitytaknyga.lt\/\"},{\"@type\":\"ListItem\",\"position\":2,\"name\":\"Parduotuv\u0117\",\"item\":\"https:\/\/skaitytaknyga.lt\/knygu-parduotuve\/\"},{\"@type\":\"ListItem\",\"position\":3,\"name\":\"Hal Elrod &#8222;Mano nuostabus rytas: valanda, kuri visk\u0105 pakeis&#8221;\"}]},{\"@type\":\"WebSite\",\"@id\":\"https:\/\/skaitytaknyga.lt\/#website\",\"url\":\"https:\/\/skaitytaknyga.lt\/\",\"name\":\"skaitytaknyga.lt\",\"description\":\"Skaitytaknyga.lt \u2013 tai ma\u017eas \u0161eimos verslas, kuris prasid\u0117jo nuo meil\u0117s knygoms ir siekio i\u0161gelb\u0117ti knygas nuo likimo prie konteinerio. Kas vienam nereikalingas daiktas \u2013 kitam lobis, o mes esame tarpininkai, kurie padeda abiems tapti laimingesniems ???? \u017dinome kaip nelengva i\u0161gyventi ma\u017eiems verslams, tad nuo \u0161iol, \u010dia rasite ir kit\u0173, ma\u017e\u0173 \u0161eim\u0173 versl\u0173, rank\u0173 darbo, dovan\u0173 sau ir artimiesiems.\",\"publisher\":{\"@id\":\"https:\/\/skaitytaknyga.lt\/#organization\"},\"potentialAction\":[{\"@type\":\"SearchAction\",\"target\":{\"@type\":\"EntryPoint\",\"urlTemplate\":\"https:\/\/skaitytaknyga.lt\/?s={search_term_string}\"},\"query-input\":{\"@type\":\"PropertyValueSpecification\",\"valueRequired\":true,\"valueName\":\"search_term_string\"}}],\"inLanguage\":\"en-GB\"},{\"@type\":\"Organization\",\"@id\":\"https:\/\/skaitytaknyga.lt\/#organization\",\"name\":\"skaitytaknyga.lt\",\"url\":\"https:\/\/skaitytaknyga.lt\/\",\"logo\":{\"@type\":\"ImageObject\",\"inLanguage\":\"en-GB\",\"@id\":\"https:\/\/skaitytaknyga.lt\/#\/schema\/logo\/image\/\",\"url\":\"https:\/\/skaitytaknyga.lt\/wp-content\/uploads\/2024\/05\/cropped-cropped-cropped-02_00843_jt3bggkj1j3HLc7SyY6rEUpg.jpeg\",\"contentUrl\":\"https:\/\/skaitytaknyga.lt\/wp-content\/uploads\/2024\/05\/cropped-cropped-cropped-02_00843_jt3bggkj1j3HLc7SyY6rEUpg.jpeg\",\"width\":1600,\"height\":1600,\"caption\":\"skaitytaknyga.lt\"},\"image\":{\"@id\":\"https:\/\/skaitytaknyga.lt\/#\/schema\/logo\/image\/\"},\"sameAs\":[\"https:\/\/www.facebook.com\/skaitytaknyga\/\"]}]}<\/script>\n<!-- \/ Yoast SEO plugin. -->","yoast_head_json":{"title":"Hal Elrod \"Mano nuostabus rytas: valanda, kuri visk\u0105 pakeis\" - Skaitytaknyga","description":"\u201eMano nuostabus rytas\"\u00a0\u2013 tai m\u0105stysen\u0105 ir gyvensen\u0105 kei\u010diantis kasdienis \u012fprotis, kuris pakreips j\u016bs\u0173 gyvenim\u0105 norima linkme: pager\u0117s sveikata, finansin\u0117","robots":{"index":"index","follow":"follow","max-snippet":"max-snippet:-1","max-image-preview":"max-image-preview:large","max-video-preview":"max-video-preview:-1"},"canonical":"https:\/\/skaitytaknyga.lt\/en\/produktas\/hal-elrod-mano-nuostabus-rytas-valanda-kuri-viska-pakeis\/","og_locale":"en_GB","og_type":"article","og_title":"Hal Elrod \"Mano nuostabus rytas: valanda, kuri visk\u0105 pakeis\" - Skaitytaknyga","og_description":"\u201eMano nuostabus rytas\"\u00a0\u2013 tai m\u0105stysen\u0105 ir gyvensen\u0105 kei\u010diantis kasdienis \u012fprotis, kuris pakreips j\u016bs\u0173 gyvenim\u0105 norima linkme: pager\u0117s sveikata, finansin\u0117","og_url":"https:\/\/skaitytaknyga.lt\/en\/produktas\/hal-elrod-mano-nuostabus-rytas-valanda-kuri-viska-pakeis\/","og_site_name":"Skaitytaknyga","article_publisher":"https:\/\/www.facebook.com\/skaitytaknyga\/","article_modified_time":"2024-05-04T19:38:05+00:00","og_image":[{"width":440,"height":679,"url":"https:\/\/skaitytaknyga.lt\/wp-content\/uploads\/2024\/05\/Mano_nuostabus_r_58bd11f810137.jpg","type":"image\/jpeg"}],"twitter_card":"summary_large_image","twitter_misc":{"Estimated reading time":"1 minute"},"schema":{"@context":"https:\/\/schema.org","@graph":[{"@type":"WebPage","@id":"https:\/\/skaitytaknyga.lt\/produktas\/hal-elrod-mano-nuostabus-rytas-valanda-kuri-viska-pakeis\/","url":"https:\/\/skaitytaknyga.lt\/produktas\/hal-elrod-mano-nuostabus-rytas-valanda-kuri-viska-pakeis\/","name":"Hal Elrod \"Mano nuostabus rytas: valanda, kuri visk\u0105 pakeis\" - Skaitytaknyga","isPartOf":{"@id":"https:\/\/skaitytaknyga.lt\/#website"},"primaryImageOfPage":{"@id":"https:\/\/skaitytaknyga.lt\/produktas\/hal-elrod-mano-nuostabus-rytas-valanda-kuri-viska-pakeis\/#primaryimage"},"image":{"@id":"https:\/\/skaitytaknyga.lt\/produktas\/hal-elrod-mano-nuostabus-rytas-valanda-kuri-viska-pakeis\/#primaryimage"},"thumbnailUrl":"https:\/\/skaitytaknyga.lt\/wp-content\/uploads\/2024\/05\/Mano_nuostabus_r_58bd11f810137.jpg","datePublished":"2024-05-04T19:36:26+00:00","dateModified":"2024-05-04T19:38:05+00:00","description":"\u201eMano nuostabus rytas\"\u00a0\u2013 tai m\u0105stysen\u0105 ir gyvensen\u0105 kei\u010diantis kasdienis \u012fprotis, kuris pakreips j\u016bs\u0173 gyvenim\u0105 norima linkme: pager\u0117s sveikata, finansin\u0117","breadcrumb":{"@id":"https:\/\/skaitytaknyga.lt\/produktas\/hal-elrod-mano-nuostabus-rytas-valanda-kuri-viska-pakeis\/#breadcrumb"},"inLanguage":"en-GB","potentialAction":[{"@type":"ReadAction","target":["https:\/\/skaitytaknyga.lt\/produktas\/hal-elrod-mano-nuostabus-rytas-valanda-kuri-viska-pakeis\/"]}]},{"@type":"ImageObject","inLanguage":"en-GB","@id":"https:\/\/skaitytaknyga.lt\/produktas\/hal-elrod-mano-nuostabus-rytas-valanda-kuri-viska-pakeis\/#primaryimage","url":"https:\/\/skaitytaknyga.lt\/wp-content\/uploads\/2024\/05\/Mano_nuostabus_r_58bd11f810137.jpg","contentUrl":"https:\/\/skaitytaknyga.lt\/wp-content\/uploads\/2024\/05\/Mano_nuostabus_r_58bd11f810137.jpg","width":440,"height":679},{"@type":"BreadcrumbList","@id":"https:\/\/skaitytaknyga.lt\/produktas\/hal-elrod-mano-nuostabus-rytas-valanda-kuri-viska-pakeis\/#breadcrumb","itemListElement":[{"@type":"ListItem","position":1,"name":"Home","item":"https:\/\/skaitytaknyga.lt\/"},{"@type":"ListItem","position":2,"name":"Parduotuv\u0117","item":"https:\/\/skaitytaknyga.lt\/knygu-parduotuve\/"},{"@type":"ListItem","position":3,"name":"Hal Elrod &#8222;Mano nuostabus rytas: valanda, kuri visk\u0105 pakeis&#8221;"}]},{"@type":"WebSite","@id":"https:\/\/skaitytaknyga.lt\/#website","url":"https:\/\/skaitytaknyga.lt\/","name":"skaitytaknyga.lt","description":"Skaitytaknyga.lt \u2013 tai ma\u017eas \u0161eimos verslas, kuris prasid\u0117jo nuo meil\u0117s knygoms ir siekio i\u0161gelb\u0117ti knygas nuo likimo prie konteinerio. Kas vienam nereikalingas daiktas \u2013 kitam lobis, o mes esame tarpininkai, kurie padeda abiems tapti laimingesniems ???? \u017dinome kaip nelengva i\u0161gyventi ma\u017eiems verslams, tad nuo \u0161iol, \u010dia rasite ir kit\u0173, ma\u017e\u0173 \u0161eim\u0173 versl\u0173, rank\u0173 darbo, dovan\u0173 sau ir artimiesiems.","publisher":{"@id":"https:\/\/skaitytaknyga.lt\/#organization"},"potentialAction":[{"@type":"SearchAction","target":{"@type":"EntryPoint","urlTemplate":"https:\/\/skaitytaknyga.lt\/?s={search_term_string}"},"query-input":{"@type":"PropertyValueSpecification","valueRequired":true,"valueName":"search_term_string"}}],"inLanguage":"en-GB"},{"@type":"Organization","@id":"https:\/\/skaitytaknyga.lt\/#organization","name":"skaitytaknyga.lt","url":"https:\/\/skaitytaknyga.lt\/","logo":{"@type":"ImageObject","inLanguage":"en-GB","@id":"https:\/\/skaitytaknyga.lt\/#\/schema\/logo\/image\/","url":"https:\/\/skaitytaknyga.lt\/wp-content\/uploads\/2024\/05\/cropped-cropped-cropped-02_00843_jt3bggkj1j3HLc7SyY6rEUpg.jpeg","contentUrl":"https:\/\/skaitytaknyga.lt\/wp-content\/uploads\/2024\/05\/cropped-cropped-cropped-02_00843_jt3bggkj1j3HLc7SyY6rEUpg.jpeg","width":1600,"height":1600,"caption":"skaitytaknyga.lt"},"image":{"@id":"https:\/\/skaitytaknyga.lt\/#\/schema\/logo\/image\/"},"sameAs":["https:\/\/www.facebook.com\/skaitytaknyga\/"]}]}},"_links":{"self":[{"href":"https:\/\/skaitytaknyga.lt\/en\/wp-json\/wp\/v2\/product\/11213","targetHints":{"allow":["GET"]}}],"collection":[{"href":"https:\/\/skaitytaknyga.lt\/en\/wp-json\/wp\/v2\/product"}],"about":[{"href":"https:\/\/skaitytaknyga.lt\/en\/wp-json\/wp\/v2\/types\/product"}],"replies":[{"embeddable":true,"href":"https:\/\/skaitytaknyga.lt\/en\/wp-json\/wp\/v2\/comments?post=11213"}],"wp:featuredmedia":[{"embeddable":true,"href":"https:\/\/skaitytaknyga.lt\/en\/wp-json\/wp\/v2\/media\/11245"}],"wp:attachment":[{"href":"https:\/\/skaitytaknyga.lt\/en\/wp-json\/wp\/v2\/media?parent=11213"}],"wp:term":[{"taxonomy":"product_brand","embeddable":true,"href":"https:\/\/skaitytaknyga.lt\/en\/wp-json\/wp\/v2\/product_brand?post=11213"},{"taxonomy":"product_cat","embeddable":true,"href":"https:\/\/skaitytaknyga.lt\/en\/wp-json\/wp\/v2\/product_cat?post=11213"},{"taxonomy":"product_tag","embeddable":true,"href":"https:\/\/skaitytaknyga.lt\/en\/wp-json\/wp\/v2\/product_tag?post=11213"}],"curies":[{"name":"wp","href":"https:\/\/api.w.org\/{rel}","templated":true}]}}