{"id":11208,"date":"2024-05-04T19:35:58","date_gmt":"2024-05-04T19:35:58","guid":{"rendered":"https:\/\/skaitytaknyga.lt\/?post_type=product&#038;p=11208"},"modified":"2024-05-04T19:38:01","modified_gmt":"2024-05-04T19:38:01","slug":"lietuviu-literaturos-konspektas-abiturientui-2","status":"publish","type":"product","link":"https:\/\/skaitytaknyga.lt\/en\/produktas\/lietuviu-literaturos-konspektas-abiturientui-2\/","title":{"rendered":"Lietuvi\u0173 literat\u016bros konspektas abiturientui"},"content":{"rendered":"<div class=\"book-descript-wrapper\">\n<section class=\"product-descript more-content-wrapper\">\n<div class=\"\">\n<p>Knygel\u0117 skirta 11-12 klasi\u0173 mokiniams bei mokytojams. Joje trumpai pristatomi 24 lietuvi\u0173 ra\u0161ytoj\u0173, kurie atrinkti pagal \u0161i\u0173 met\u0173 abit\u016bros egzamin\u0173 program\u0105. Knygel\u0117je pateikiami svarbiausi k\u016brybai \u012ftakos tur\u0117j\u0119 ra\u0161ytoj\u0173 biografijos faktai, trumpai i\u0161d\u0117styti esminiai k\u016brybos bruo\u017eai, literat\u016bros tekst\u0173 pavyzd\u017eiai su klausimais. Pastarieji sudaryti atsi\u017evelgiant \u012f valstybinio egzamino (interpretacijos) vertinimo normas.<\/p>\n<p>Mokiniai gal\u0117s pasitikrinti geb\u0117jimus analizuoti ir interpretuoti gro\u017einius k\u016brinius, o mokytojai ras med\u017eiagos i\u0161eitoms temoms apibendrinti. Knygel\u0117 sudaryta remiantis \u201eBalt\u0173 lank\u0173\u201c leidykloje i\u0161leistais 11-12 klasi\u0173 literat\u016bros vadov\u0117liai.<\/p>\n<\/div>\n<\/section>\n<\/div>\n","protected":false},"excerpt":{"rendered":"<div class=\"book-descript-wrapper\">\n<section class=\"product-descript more-content-wrapper\">\n<div class=\"\">\n<p>&#8211; Konspektas skirtas 11 ir 12 klas\u0117s mokiniams;<br \/>\n&#8211; glaustai aptariami k\u016briniai, \u012ftraukti \u012f Vidurinio ugdymo bendr\u0173j\u0173 program\u0173 literat\u016brinio (kult\u016brinio) ugdymo i\u0161pl\u0117stinio kurso turin\u012f ir \u012f lietuvi\u0173 kalbos ir literat\u016bros brandos egzamino program\u0105;<br \/>\n&#8211; i\u0161ry\u0161kinami pagrindiniai ra\u0161ytojo k\u016brybin\u0117s aplinkos ir kult\u016brinio konteksto bruo\u017eai, biografijos faktai, b\u016bdingiausios k\u016brybos ypatyb\u0117s;<br \/>\n&#8211; pateikiama literat\u016bros tekst\u0173 su klausimais;<br \/>\n&#8211; pabr\u0117\u017eiami bendri skirting\u0173 autori\u0173 k\u016brybos motyvai, problemos &#8211; temin\u0117s gijos, nusidriekian\u010dios per vis\u0105 literat\u016bros istorij\u0105.<\/p>\n<p>Konspekto pagrindas &#8211; &#8220;Balt\u0173 lank\u0173&#8221; literat\u016bros vadov\u0117liai ir chrestomatijos 11 ir 12 klasei, nors jis tinka ir mokantis ir i\u0161 kit\u0173 mokymo priemoni\u0173.<\/p>\n<div id=\"stcpDiv\">\n<div id=\"tab1\" class=\"tab\"><\/div>\n<\/div>\n<\/div>\n<\/section>\n<\/div>\n","protected":false},"featured_media":11244,"comment_status":"closed","ping_status":"closed","template":"","meta":{"_acf_changed":false,"site-sidebar-layout":"default","site-content-layout":"","ast-site-content-layout":"default","site-content-style":"default","site-sidebar-style":"default","ast-global-header-display":"","ast-banner-title-visibility":"","ast-main-header-display":"","ast-hfb-above-header-display":"","ast-hfb-below-header-display":"","ast-hfb-mobile-header-display":"","site-post-title":"","ast-breadcrumbs-content":"","ast-featured-img":"","footer-sml-layout":"","ast-disable-related-posts":"","theme-transparent-header-meta":"","adv-header-id-meta":"","stick-header-meta":"","header-above-stick-meta":"","header-main-stick-meta":"","header-below-stick-meta":"","astra-migrate-meta-layouts":"default","ast-page-background-enabled":"default","ast-page-background-meta":{"desktop":{"background-color":"","background-image":"","background-repeat":"repeat","background-position":"center center","background-size":"auto","background-attachment":"scroll","background-type":"","background-media":"","overlay-type":"","overlay-color":"","overlay-opacity":"","overlay-gradient":""},"tablet":{"background-color":"","background-image":"","background-repeat":"repeat","background-position":"center center","background-size":"auto","background-attachment":"scroll","background-type":"","background-media":"","overlay-type":"","overlay-color":"","overlay-opacity":"","overlay-gradient":""},"mobile":{"background-color":"","background-image":"","background-repeat":"repeat","background-position":"center center","background-size":"auto","background-attachment":"scroll","background-type":"","background-media":"","overlay-type":"","overlay-color":"","overlay-opacity":"","overlay-gradient":""}},"ast-content-background-meta":{"desktop":{"background-color":"var(--ast-global-color-4)","background-image":"","background-repeat":"repeat","background-position":"center center","background-size":"auto","background-attachment":"scroll","background-type":"","background-media":"","overlay-type":"","overlay-color":"","overlay-opacity":"","overlay-gradient":""},"tablet":{"background-color":"var(--ast-global-color-4)","background-image":"","background-repeat":"repeat","background-position":"center center","background-size":"auto","background-attachment":"scroll","background-type":"","background-media":"","overlay-type":"","overlay-color":"","overlay-opacity":"","overlay-gradient":""},"mobile":{"background-color":"var(--ast-global-color-4)","background-image":"","background-repeat":"repeat","background-position":"center center","background-size":"auto","background-attachment":"scroll","background-type":"","background-media":"","overlay-type":"","overlay-color":"","overlay-opacity":"","overlay-gradient":""}}},"product_brand":[],"product_cat":[390,331],"product_tag":[],"class_list":{"0":"post-11208","1":"product","2":"type-product","3":"status-publish","4":"has-post-thumbnail","6":"product_cat-kalba-kalbotyra-zodynai","7":"product_cat-programine-literatura","8":"desktop-align-left","9":"tablet-align-left","10":"mobile-align-left","12":"first","13":"outofstock","14":"shipping-taxable","15":"purchasable","16":"product-type-simple"},"acf":[],"yoast_head":"<!-- This site is optimized with the Yoast SEO plugin v27.0 - https:\/\/yoast.com\/product\/yoast-seo-wordpress\/ -->\n<title>Lietuvi\u0173 literat\u016bros konspektas abiturientui - Skaitytaknyga<\/title>\n<meta name=\"description\" content=\"- Konspektas skirtas 11 ir 12 klas\u0117s mokiniams; - glaustai aptariami k\u016briniai, \u012ftraukti \u012f Vidurinio ugdymo bendr\u0173j\u0173 program\u0173 literat\u016brinio (kult\u016brinio) ugdymo i\u0161pl\u0117stinio kurso turin\u012f ir \u012f lietuvi\u0173 kalbos ir literat\u016bros brandos egzamino program\u0105; - i\u0161ry\u0161kinami pagrindiniai ra\u0161ytojo k\u016brybin\u0117s aplinkos ir kult\u016brinio konteksto bruo\u017eai, biografijos faktai, b\u016bdingiausios k\u016brybos ypatyb\u0117s; - pateikiama literat\u016bros tekst\u0173 su klausimais; - pabr\u0117\u017eiami bendri skirting\u0173 autori\u0173 k\u016brybos motyvai, problemos - temin\u0117s gijos, nusidriekian\u010dios per vis\u0105 literat\u016bros istorij\u0105.  Konspekto pagrindas - &quot;Balt\u0173 lank\u0173&quot; literat\u016bros vadov\u0117liai ir chrestomatijos 11 ir 12 klasei, nors jis tinka ir mokantis ir i\u0161 kit\u0173 mokymo priemoni\u0173.\" \/>\n<meta name=\"robots\" content=\"index, follow, max-snippet:-1, max-image-preview:large, max-video-preview:-1\" \/>\n<link rel=\"canonical\" href=\"https:\/\/skaitytaknyga.lt\/en\/produktas\/lietuviu-literaturos-konspektas-abiturientui-2\/\" \/>\n<meta property=\"og:locale\" content=\"en_GB\" \/>\n<meta property=\"og:locale:alternate\" content=\"lt_LT\" \/>\n<meta property=\"og:type\" content=\"article\" \/>\n<meta property=\"og:title\" content=\"Lietuvi\u0173 literat\u016bros konspektas abiturientui - Skaitytaknyga\" \/>\n<meta property=\"og:description\" content=\"- Konspektas skirtas 11 ir 12 klas\u0117s mokiniams; - glaustai aptariami k\u016briniai, \u012ftraukti \u012f Vidurinio ugdymo bendr\u0173j\u0173 program\u0173 literat\u016brinio (kult\u016brinio) ugdymo i\u0161pl\u0117stinio kurso turin\u012f ir \u012f lietuvi\u0173 kalbos ir literat\u016bros brandos egzamino program\u0105; - i\u0161ry\u0161kinami pagrindiniai ra\u0161ytojo k\u016brybin\u0117s aplinkos ir kult\u016brinio konteksto bruo\u017eai, biografijos faktai, b\u016bdingiausios k\u016brybos ypatyb\u0117s; - pateikiama literat\u016bros tekst\u0173 su klausimais; - pabr\u0117\u017eiami bendri skirting\u0173 autori\u0173 k\u016brybos motyvai, problemos - temin\u0117s gijos, nusidriekian\u010dios per vis\u0105 literat\u016bros istorij\u0105.  Konspekto pagrindas - &quot;Balt\u0173 lank\u0173&quot; literat\u016bros vadov\u0117liai ir chrestomatijos 11 ir 12 klasei, nors jis tinka ir mokantis ir i\u0161 kit\u0173 mokymo priemoni\u0173.\" \/>\n<meta property=\"og:url\" content=\"https:\/\/skaitytaknyga.lt\/en\/produktas\/lietuviu-literaturos-konspektas-abiturientui-2\/\" \/>\n<meta property=\"og:site_name\" content=\"Skaitytaknyga\" \/>\n<meta property=\"article:publisher\" content=\"https:\/\/www.facebook.com\/skaitytaknyga\/\" \/>\n<meta property=\"article:modified_time\" content=\"2024-05-04T19:38:01+00:00\" \/>\n<meta property=\"og:image\" content=\"https:\/\/skaitytaknyga.lt\/wp-content\/uploads\/2024\/05\/Be-pavadinimo-6-3.png\" \/>\n\t<meta property=\"og:image:width\" content=\"246\" \/>\n\t<meta property=\"og:image:height\" content=\"355\" \/>\n\t<meta property=\"og:image:type\" content=\"image\/png\" \/>\n<meta name=\"twitter:card\" content=\"summary_large_image\" \/>\n<script type=\"application\/ld+json\" class=\"yoast-schema-graph\">{\"@context\":\"https:\/\/schema.org\",\"@graph\":[{\"@type\":\"WebPage\",\"@id\":\"https:\/\/skaitytaknyga.lt\/produktas\/lietuviu-literaturos-konspektas-abiturientui-2\/\",\"url\":\"https:\/\/skaitytaknyga.lt\/produktas\/lietuviu-literaturos-konspektas-abiturientui-2\/\",\"name\":\"Lietuvi\u0173 literat\u016bros konspektas abiturientui - Skaitytaknyga\",\"isPartOf\":{\"@id\":\"https:\/\/skaitytaknyga.lt\/#website\"},\"primaryImageOfPage\":{\"@id\":\"https:\/\/skaitytaknyga.lt\/produktas\/lietuviu-literaturos-konspektas-abiturientui-2\/#primaryimage\"},\"image\":{\"@id\":\"https:\/\/skaitytaknyga.lt\/produktas\/lietuviu-literaturos-konspektas-abiturientui-2\/#primaryimage\"},\"thumbnailUrl\":\"https:\/\/skaitytaknyga.lt\/wp-content\/uploads\/2024\/05\/Be-pavadinimo-6-3.png\",\"datePublished\":\"2024-05-04T19:35:58+00:00\",\"dateModified\":\"2024-05-04T19:38:01+00:00\",\"description\":\"- Konspektas skirtas 11 ir 12 klas\u0117s mokiniams; - glaustai aptariami k\u016briniai, \u012ftraukti \u012f Vidurinio ugdymo bendr\u0173j\u0173 program\u0173 literat\u016brinio (kult\u016brinio) ugdymo i\u0161pl\u0117stinio kurso turin\u012f ir \u012f lietuvi\u0173 kalbos ir literat\u016bros brandos egzamino program\u0105; - i\u0161ry\u0161kinami pagrindiniai ra\u0161ytojo k\u016brybin\u0117s aplinkos ir kult\u016brinio konteksto bruo\u017eai, biografijos faktai, b\u016bdingiausios k\u016brybos ypatyb\u0117s; - pateikiama literat\u016bros tekst\u0173 su klausimais; - pabr\u0117\u017eiami bendri skirting\u0173 autori\u0173 k\u016brybos motyvai, problemos - temin\u0117s gijos, nusidriekian\u010dios per vis\u0105 literat\u016bros istorij\u0105. Konspekto pagrindas - \\\"Balt\u0173 lank\u0173\\\" literat\u016bros vadov\u0117liai ir chrestomatijos 11 ir 12 klasei, nors jis tinka ir mokantis ir i\u0161 kit\u0173 mokymo priemoni\u0173.\",\"breadcrumb\":{\"@id\":\"https:\/\/skaitytaknyga.lt\/produktas\/lietuviu-literaturos-konspektas-abiturientui-2\/#breadcrumb\"},\"inLanguage\":\"en-GB\",\"potentialAction\":[{\"@type\":\"ReadAction\",\"target\":[\"https:\/\/skaitytaknyga.lt\/produktas\/lietuviu-literaturos-konspektas-abiturientui-2\/\"]}]},{\"@type\":\"ImageObject\",\"inLanguage\":\"en-GB\",\"@id\":\"https:\/\/skaitytaknyga.lt\/produktas\/lietuviu-literaturos-konspektas-abiturientui-2\/#primaryimage\",\"url\":\"https:\/\/skaitytaknyga.lt\/wp-content\/uploads\/2024\/05\/Be-pavadinimo-6-3.png\",\"contentUrl\":\"https:\/\/skaitytaknyga.lt\/wp-content\/uploads\/2024\/05\/Be-pavadinimo-6-3.png\",\"width\":246,\"height\":355},{\"@type\":\"BreadcrumbList\",\"@id\":\"https:\/\/skaitytaknyga.lt\/produktas\/lietuviu-literaturos-konspektas-abiturientui-2\/#breadcrumb\",\"itemListElement\":[{\"@type\":\"ListItem\",\"position\":1,\"name\":\"Home\",\"item\":\"https:\/\/skaitytaknyga.lt\/\"},{\"@type\":\"ListItem\",\"position\":2,\"name\":\"Parduotuv\u0117\",\"item\":\"https:\/\/skaitytaknyga.lt\/knygu-parduotuve\/\"},{\"@type\":\"ListItem\",\"position\":3,\"name\":\"Lietuvi\u0173 literat\u016bros konspektas abiturientui\"}]},{\"@type\":\"WebSite\",\"@id\":\"https:\/\/skaitytaknyga.lt\/#website\",\"url\":\"https:\/\/skaitytaknyga.lt\/\",\"name\":\"skaitytaknyga.lt\",\"description\":\"Skaitytaknyga.lt \u2013 tai ma\u017eas \u0161eimos verslas, kuris prasid\u0117jo nuo meil\u0117s knygoms ir siekio i\u0161gelb\u0117ti knygas nuo likimo prie konteinerio. Kas vienam nereikalingas daiktas \u2013 kitam lobis, o mes esame tarpininkai, kurie padeda abiems tapti laimingesniems ???? \u017dinome kaip nelengva i\u0161gyventi ma\u017eiems verslams, tad nuo \u0161iol, \u010dia rasite ir kit\u0173, ma\u017e\u0173 \u0161eim\u0173 versl\u0173, rank\u0173 darbo, dovan\u0173 sau ir artimiesiems.\",\"publisher\":{\"@id\":\"https:\/\/skaitytaknyga.lt\/#organization\"},\"potentialAction\":[{\"@type\":\"SearchAction\",\"target\":{\"@type\":\"EntryPoint\",\"urlTemplate\":\"https:\/\/skaitytaknyga.lt\/?s={search_term_string}\"},\"query-input\":{\"@type\":\"PropertyValueSpecification\",\"valueRequired\":true,\"valueName\":\"search_term_string\"}}],\"inLanguage\":\"en-GB\"},{\"@type\":\"Organization\",\"@id\":\"https:\/\/skaitytaknyga.lt\/#organization\",\"name\":\"skaitytaknyga.lt\",\"url\":\"https:\/\/skaitytaknyga.lt\/\",\"logo\":{\"@type\":\"ImageObject\",\"inLanguage\":\"en-GB\",\"@id\":\"https:\/\/skaitytaknyga.lt\/#\/schema\/logo\/image\/\",\"url\":\"https:\/\/skaitytaknyga.lt\/wp-content\/uploads\/2024\/05\/cropped-cropped-cropped-02_00843_jt3bggkj1j3HLc7SyY6rEUpg.jpeg\",\"contentUrl\":\"https:\/\/skaitytaknyga.lt\/wp-content\/uploads\/2024\/05\/cropped-cropped-cropped-02_00843_jt3bggkj1j3HLc7SyY6rEUpg.jpeg\",\"width\":1600,\"height\":1600,\"caption\":\"skaitytaknyga.lt\"},\"image\":{\"@id\":\"https:\/\/skaitytaknyga.lt\/#\/schema\/logo\/image\/\"},\"sameAs\":[\"https:\/\/www.facebook.com\/skaitytaknyga\/\"]}]}<\/script>\n<!-- \/ Yoast SEO plugin. -->","yoast_head_json":{"title":"Lietuvi\u0173 literat\u016bros konspektas abiturientui - Skaitytaknyga","description":"- Konspektas skirtas 11 ir 12 klas\u0117s mokiniams; - glaustai aptariami k\u016briniai, \u012ftraukti \u012f Vidurinio ugdymo bendr\u0173j\u0173 program\u0173 literat\u016brinio (kult\u016brinio) ugdymo i\u0161pl\u0117stinio kurso turin\u012f ir \u012f lietuvi\u0173 kalbos ir literat\u016bros brandos egzamino program\u0105; - i\u0161ry\u0161kinami pagrindiniai ra\u0161ytojo k\u016brybin\u0117s aplinkos ir kult\u016brinio konteksto bruo\u017eai, biografijos faktai, b\u016bdingiausios k\u016brybos ypatyb\u0117s; - pateikiama literat\u016bros tekst\u0173 su klausimais; - pabr\u0117\u017eiami bendri skirting\u0173 autori\u0173 k\u016brybos motyvai, problemos - temin\u0117s gijos, nusidriekian\u010dios per vis\u0105 literat\u016bros istorij\u0105.  Konspekto pagrindas - \"Balt\u0173 lank\u0173\" literat\u016bros vadov\u0117liai ir chrestomatijos 11 ir 12 klasei, nors jis tinka ir mokantis ir i\u0161 kit\u0173 mokymo priemoni\u0173.","robots":{"index":"index","follow":"follow","max-snippet":"max-snippet:-1","max-image-preview":"max-image-preview:large","max-video-preview":"max-video-preview:-1"},"canonical":"https:\/\/skaitytaknyga.lt\/en\/produktas\/lietuviu-literaturos-konspektas-abiturientui-2\/","og_locale":"en_GB","og_type":"article","og_title":"Lietuvi\u0173 literat\u016bros konspektas abiturientui - Skaitytaknyga","og_description":"- Konspektas skirtas 11 ir 12 klas\u0117s mokiniams; - glaustai aptariami k\u016briniai, \u012ftraukti \u012f Vidurinio ugdymo bendr\u0173j\u0173 program\u0173 literat\u016brinio (kult\u016brinio) ugdymo i\u0161pl\u0117stinio kurso turin\u012f ir \u012f lietuvi\u0173 kalbos ir literat\u016bros brandos egzamino program\u0105; - i\u0161ry\u0161kinami pagrindiniai ra\u0161ytojo k\u016brybin\u0117s aplinkos ir kult\u016brinio konteksto bruo\u017eai, biografijos faktai, b\u016bdingiausios k\u016brybos ypatyb\u0117s; - pateikiama literat\u016bros tekst\u0173 su klausimais; - pabr\u0117\u017eiami bendri skirting\u0173 autori\u0173 k\u016brybos motyvai, problemos - temin\u0117s gijos, nusidriekian\u010dios per vis\u0105 literat\u016bros istorij\u0105.  Konspekto pagrindas - \"Balt\u0173 lank\u0173\" literat\u016bros vadov\u0117liai ir chrestomatijos 11 ir 12 klasei, nors jis tinka ir mokantis ir i\u0161 kit\u0173 mokymo priemoni\u0173.","og_url":"https:\/\/skaitytaknyga.lt\/en\/produktas\/lietuviu-literaturos-konspektas-abiturientui-2\/","og_site_name":"Skaitytaknyga","article_publisher":"https:\/\/www.facebook.com\/skaitytaknyga\/","article_modified_time":"2024-05-04T19:38:01+00:00","og_image":[{"width":246,"height":355,"url":"https:\/\/skaitytaknyga.lt\/wp-content\/uploads\/2024\/05\/Be-pavadinimo-6-3.png","type":"image\/png"}],"twitter_card":"summary_large_image","schema":{"@context":"https:\/\/schema.org","@graph":[{"@type":"WebPage","@id":"https:\/\/skaitytaknyga.lt\/produktas\/lietuviu-literaturos-konspektas-abiturientui-2\/","url":"https:\/\/skaitytaknyga.lt\/produktas\/lietuviu-literaturos-konspektas-abiturientui-2\/","name":"Lietuvi\u0173 literat\u016bros konspektas abiturientui - Skaitytaknyga","isPartOf":{"@id":"https:\/\/skaitytaknyga.lt\/#website"},"primaryImageOfPage":{"@id":"https:\/\/skaitytaknyga.lt\/produktas\/lietuviu-literaturos-konspektas-abiturientui-2\/#primaryimage"},"image":{"@id":"https:\/\/skaitytaknyga.lt\/produktas\/lietuviu-literaturos-konspektas-abiturientui-2\/#primaryimage"},"thumbnailUrl":"https:\/\/skaitytaknyga.lt\/wp-content\/uploads\/2024\/05\/Be-pavadinimo-6-3.png","datePublished":"2024-05-04T19:35:58+00:00","dateModified":"2024-05-04T19:38:01+00:00","description":"- Konspektas skirtas 11 ir 12 klas\u0117s mokiniams; - glaustai aptariami k\u016briniai, \u012ftraukti \u012f Vidurinio ugdymo bendr\u0173j\u0173 program\u0173 literat\u016brinio (kult\u016brinio) ugdymo i\u0161pl\u0117stinio kurso turin\u012f ir \u012f lietuvi\u0173 kalbos ir literat\u016bros brandos egzamino program\u0105; - i\u0161ry\u0161kinami pagrindiniai ra\u0161ytojo k\u016brybin\u0117s aplinkos ir kult\u016brinio konteksto bruo\u017eai, biografijos faktai, b\u016bdingiausios k\u016brybos ypatyb\u0117s; - pateikiama literat\u016bros tekst\u0173 su klausimais; - pabr\u0117\u017eiami bendri skirting\u0173 autori\u0173 k\u016brybos motyvai, problemos - temin\u0117s gijos, nusidriekian\u010dios per vis\u0105 literat\u016bros istorij\u0105. Konspekto pagrindas - \"Balt\u0173 lank\u0173\" literat\u016bros vadov\u0117liai ir chrestomatijos 11 ir 12 klasei, nors jis tinka ir mokantis ir i\u0161 kit\u0173 mokymo priemoni\u0173.","breadcrumb":{"@id":"https:\/\/skaitytaknyga.lt\/produktas\/lietuviu-literaturos-konspektas-abiturientui-2\/#breadcrumb"},"inLanguage":"en-GB","potentialAction":[{"@type":"ReadAction","target":["https:\/\/skaitytaknyga.lt\/produktas\/lietuviu-literaturos-konspektas-abiturientui-2\/"]}]},{"@type":"ImageObject","inLanguage":"en-GB","@id":"https:\/\/skaitytaknyga.lt\/produktas\/lietuviu-literaturos-konspektas-abiturientui-2\/#primaryimage","url":"https:\/\/skaitytaknyga.lt\/wp-content\/uploads\/2024\/05\/Be-pavadinimo-6-3.png","contentUrl":"https:\/\/skaitytaknyga.lt\/wp-content\/uploads\/2024\/05\/Be-pavadinimo-6-3.png","width":246,"height":355},{"@type":"BreadcrumbList","@id":"https:\/\/skaitytaknyga.lt\/produktas\/lietuviu-literaturos-konspektas-abiturientui-2\/#breadcrumb","itemListElement":[{"@type":"ListItem","position":1,"name":"Home","item":"https:\/\/skaitytaknyga.lt\/"},{"@type":"ListItem","position":2,"name":"Parduotuv\u0117","item":"https:\/\/skaitytaknyga.lt\/knygu-parduotuve\/"},{"@type":"ListItem","position":3,"name":"Lietuvi\u0173 literat\u016bros konspektas abiturientui"}]},{"@type":"WebSite","@id":"https:\/\/skaitytaknyga.lt\/#website","url":"https:\/\/skaitytaknyga.lt\/","name":"skaitytaknyga.lt","description":"Skaitytaknyga.lt \u2013 tai ma\u017eas \u0161eimos verslas, kuris prasid\u0117jo nuo meil\u0117s knygoms ir siekio i\u0161gelb\u0117ti knygas nuo likimo prie konteinerio. Kas vienam nereikalingas daiktas \u2013 kitam lobis, o mes esame tarpininkai, kurie padeda abiems tapti laimingesniems ???? \u017dinome kaip nelengva i\u0161gyventi ma\u017eiems verslams, tad nuo \u0161iol, \u010dia rasite ir kit\u0173, ma\u017e\u0173 \u0161eim\u0173 versl\u0173, rank\u0173 darbo, dovan\u0173 sau ir artimiesiems.","publisher":{"@id":"https:\/\/skaitytaknyga.lt\/#organization"},"potentialAction":[{"@type":"SearchAction","target":{"@type":"EntryPoint","urlTemplate":"https:\/\/skaitytaknyga.lt\/?s={search_term_string}"},"query-input":{"@type":"PropertyValueSpecification","valueRequired":true,"valueName":"search_term_string"}}],"inLanguage":"en-GB"},{"@type":"Organization","@id":"https:\/\/skaitytaknyga.lt\/#organization","name":"skaitytaknyga.lt","url":"https:\/\/skaitytaknyga.lt\/","logo":{"@type":"ImageObject","inLanguage":"en-GB","@id":"https:\/\/skaitytaknyga.lt\/#\/schema\/logo\/image\/","url":"https:\/\/skaitytaknyga.lt\/wp-content\/uploads\/2024\/05\/cropped-cropped-cropped-02_00843_jt3bggkj1j3HLc7SyY6rEUpg.jpeg","contentUrl":"https:\/\/skaitytaknyga.lt\/wp-content\/uploads\/2024\/05\/cropped-cropped-cropped-02_00843_jt3bggkj1j3HLc7SyY6rEUpg.jpeg","width":1600,"height":1600,"caption":"skaitytaknyga.lt"},"image":{"@id":"https:\/\/skaitytaknyga.lt\/#\/schema\/logo\/image\/"},"sameAs":["https:\/\/www.facebook.com\/skaitytaknyga\/"]}]}},"_links":{"self":[{"href":"https:\/\/skaitytaknyga.lt\/en\/wp-json\/wp\/v2\/product\/11208","targetHints":{"allow":["GET"]}}],"collection":[{"href":"https:\/\/skaitytaknyga.lt\/en\/wp-json\/wp\/v2\/product"}],"about":[{"href":"https:\/\/skaitytaknyga.lt\/en\/wp-json\/wp\/v2\/types\/product"}],"replies":[{"embeddable":true,"href":"https:\/\/skaitytaknyga.lt\/en\/wp-json\/wp\/v2\/comments?post=11208"}],"wp:featuredmedia":[{"embeddable":true,"href":"https:\/\/skaitytaknyga.lt\/en\/wp-json\/wp\/v2\/media\/11244"}],"wp:attachment":[{"href":"https:\/\/skaitytaknyga.lt\/en\/wp-json\/wp\/v2\/media?parent=11208"}],"wp:term":[{"taxonomy":"product_brand","embeddable":true,"href":"https:\/\/skaitytaknyga.lt\/en\/wp-json\/wp\/v2\/product_brand?post=11208"},{"taxonomy":"product_cat","embeddable":true,"href":"https:\/\/skaitytaknyga.lt\/en\/wp-json\/wp\/v2\/product_cat?post=11208"},{"taxonomy":"product_tag","embeddable":true,"href":"https:\/\/skaitytaknyga.lt\/en\/wp-json\/wp\/v2\/product_tag?post=11208"}],"curies":[{"name":"wp","href":"https:\/\/api.w.org\/{rel}","templated":true}]}}