{"id":11206,"date":"2024-05-04T19:35:58","date_gmt":"2024-05-04T19:35:58","guid":{"rendered":"https:\/\/skaitytaknyga.lt\/?post_type=product&#038;p=11206"},"modified":"2024-09-11T14:12:58","modified_gmt":"2024-09-11T11:12:58","slug":"regina-kozeniauskiene-retorika-iskalbos-stilistika-yra-skaitymo-zymiu","status":"publish","type":"product","link":"https:\/\/skaitytaknyga.lt\/en\/produktas\/regina-kozeniauskiene-retorika-iskalbos-stilistika-yra-skaitymo-zymiu\/","title":{"rendered":"Regina Ko\u017eeniauskien\u0117 &#8220;Retorika: i\u0161kalbos stilistika&#8221; (yra skaitymo \u017eymi\u0173)"},"content":{"rendered":"<div class=\"tab-content col-xs-12\">\n<div id=\"tab-description\" class=\"tab-pane active\">\n<p>\u0160ioje monografijoje, be retorikos teorijos, i\u0161d\u0117styti bendrieji oratorinio stiliaus reikalavimai, tam tikri b\u016bdai, kaip metodi\u0161kai pasirengti kalbai, kaip stilingai j\u0105 para\u0161yti ir pasakyti. Autor\u0117 siek\u0117 keleto tiksl\u0173: bent i\u0161 dalies u\u017epildyti teorijos vadov\u0117li\u0173 lietuvi\u0173 kalba sprag\u0105; prapl\u0117sti kalbos kult\u016bros mokslo samprat\u0105; parodyti retorin\u012f sen\u0173j\u0173 ra\u0161t\u0173 esteti\u0161kum\u0105; prisid\u0117ti prie funkcin\u0117s stilistikos bei tekst\u0173 tipologijos pl\u0117tot\u0117s. Knyga naudinga ne tik mokslininkams ir studentams filologams, bet ir \u017eurnalistams, pedagogams, radijo ir televizijos darbuotojams, politikams, teisininkams ir kt.<\/p>\n<\/div>\n<\/div>\n","protected":false},"excerpt":{"rendered":"<p>\u0160ioje monografijoje, be retorikos teorijos, i\u0161d\u0117styti bendrieji oratorinio stiliaus reikalavimai, tam tikri b\u016bdai, kaip metodi\u0161kai pasirengti kalbai, kaip stilingai j\u0105 para\u0161yti ir pasakyti. Autor\u0117 siek\u0117 keleto tiksl\u0173: bent i\u0161 dalies u\u017epildyti teorijos vadov\u0117li\u0173 lietuvi\u0173 kalba sprag\u0105; prapl\u0117sti kalbos kult\u016bros mokslo samprat\u0105; parodyti retorin\u012f sen\u0173j\u0173 ra\u0161t\u0173 esteti\u0161kum\u0105; prisid\u0117ti prie funkcin\u0117s stilistikos bei tekst\u0173 tipologijos pl\u0117tot\u0117s. Knyga naudinga ne tik mokslininkams ir studentams filologams, bet ir \u017eurnalistams, pedagogams, radijo ir televizijos darbuotojams, politikams, teisininkams ir kt.<\/p>\n","protected":false},"featured_media":11243,"comment_status":"closed","ping_status":"closed","template":"","meta":{"_acf_changed":false,"site-sidebar-layout":"default","site-content-layout":"","ast-site-content-layout":"default","site-content-style":"default","site-sidebar-style":"default","ast-global-header-display":"","ast-banner-title-visibility":"","ast-main-header-display":"","ast-hfb-above-header-display":"","ast-hfb-below-header-display":"","ast-hfb-mobile-header-display":"","site-post-title":"","ast-breadcrumbs-content":"","ast-featured-img":"","footer-sml-layout":"","ast-disable-related-posts":"","theme-transparent-header-meta":"","adv-header-id-meta":"","stick-header-meta":"","header-above-stick-meta":"","header-main-stick-meta":"","header-below-stick-meta":"","astra-migrate-meta-layouts":"default","ast-page-background-enabled":"default","ast-page-background-meta":{"desktop":{"background-color":"","background-image":"","background-repeat":"repeat","background-position":"center center","background-size":"auto","background-attachment":"scroll","background-type":"","background-media":"","overlay-type":"","overlay-color":"","overlay-opacity":"","overlay-gradient":""},"tablet":{"background-color":"","background-image":"","background-repeat":"repeat","background-position":"center center","background-size":"auto","background-attachment":"scroll","background-type":"","background-media":"","overlay-type":"","overlay-color":"","overlay-opacity":"","overlay-gradient":""},"mobile":{"background-color":"","background-image":"","background-repeat":"repeat","background-position":"center center","background-size":"auto","background-attachment":"scroll","background-type":"","background-media":"","overlay-type":"","overlay-color":"","overlay-opacity":"","overlay-gradient":""}},"ast-content-background-meta":{"desktop":{"background-color":"var(--ast-global-color-4)","background-image":"","background-repeat":"repeat","background-position":"center center","background-size":"auto","background-attachment":"scroll","background-type":"","background-media":"","overlay-type":"","overlay-color":"","overlay-opacity":"","overlay-gradient":""},"tablet":{"background-color":"var(--ast-global-color-4)","background-image":"","background-repeat":"repeat","background-position":"center center","background-size":"auto","background-attachment":"scroll","background-type":"","background-media":"","overlay-type":"","overlay-color":"","overlay-opacity":"","overlay-gradient":""},"mobile":{"background-color":"var(--ast-global-color-4)","background-image":"","background-repeat":"repeat","background-position":"center center","background-size":"auto","background-attachment":"scroll","background-type":"","background-media":"","overlay-type":"","overlay-color":"","overlay-opacity":"","overlay-gradient":""}}},"product_brand":[],"product_cat":[331],"product_tag":[],"class_list":{"0":"post-11206","1":"product","2":"type-product","3":"status-publish","4":"has-post-thumbnail","6":"product_cat-programine-literatura","7":"pa_leidimo-metai-676","8":"pa_virselis-kietas","9":"desktop-align-left","10":"tablet-align-left","11":"mobile-align-left","13":"first","14":"outofstock","15":"shipping-taxable","16":"purchasable","17":"product-type-simple"},"acf":[],"yoast_head":"<!-- This site is optimized with the Yoast SEO plugin v27.0 - https:\/\/yoast.com\/product\/yoast-seo-wordpress\/ -->\n<title>Regina Ko\u017eeniauskien\u0117 &quot;Retorika: i\u0161kalbos stilistika&quot; (yra skaitymo \u017eymi\u0173) - Skaitytaknyga<\/title>\n<meta name=\"description\" content=\"\u0160ioje monografijoje, be retorikos teorijos, i\u0161d\u0117styti bendrieji oratorinio stiliaus reikalavimai, tam tikri b\u016bdai, kaip metodi\u0161kai pasirengti kalbai, kaip\" \/>\n<meta name=\"robots\" content=\"index, follow, max-snippet:-1, max-image-preview:large, max-video-preview:-1\" \/>\n<link rel=\"canonical\" href=\"https:\/\/skaitytaknyga.lt\/en\/produktas\/regina-kozeniauskiene-retorika-iskalbos-stilistika-yra-skaitymo-zymiu\/\" \/>\n<meta property=\"og:locale\" content=\"en_GB\" \/>\n<meta property=\"og:locale:alternate\" content=\"lt_LT\" \/>\n<meta property=\"og:type\" content=\"article\" \/>\n<meta property=\"og:title\" content=\"Regina Ko\u017eeniauskien\u0117 &quot;Retorika: i\u0161kalbos stilistika&quot; (yra skaitymo \u017eymi\u0173) - Skaitytaknyga\" \/>\n<meta property=\"og:description\" content=\"\u0160ioje monografijoje, be retorikos teorijos, i\u0161d\u0117styti bendrieji oratorinio stiliaus reikalavimai, tam tikri b\u016bdai, kaip metodi\u0161kai pasirengti kalbai, kaip\" \/>\n<meta property=\"og:url\" content=\"https:\/\/skaitytaknyga.lt\/en\/produktas\/regina-kozeniauskiene-retorika-iskalbos-stilistika-yra-skaitymo-zymiu\/\" \/>\n<meta property=\"og:site_name\" content=\"Skaitytaknyga\" \/>\n<meta property=\"article:publisher\" content=\"https:\/\/www.facebook.com\/skaitytaknyga\/\" \/>\n<meta property=\"article:modified_time\" content=\"2024-09-11T11:12:58+00:00\" \/>\n<meta property=\"og:image\" content=\"https:\/\/skaitytaknyga.lt\/wp-content\/uploads\/2024\/05\/retorika-iskalbos-stilistika.jpg\" \/>\n\t<meta property=\"og:image:width\" content=\"600\" \/>\n\t<meta property=\"og:image:height\" content=\"897\" \/>\n\t<meta property=\"og:image:type\" content=\"image\/jpeg\" \/>\n<meta name=\"twitter:card\" content=\"summary_large_image\" \/>\n<script type=\"application\/ld+json\" class=\"yoast-schema-graph\">{\"@context\":\"https:\/\/schema.org\",\"@graph\":[{\"@type\":\"WebPage\",\"@id\":\"https:\/\/skaitytaknyga.lt\/produktas\/regina-kozeniauskiene-retorika-iskalbos-stilistika-yra-skaitymo-zymiu\/\",\"url\":\"https:\/\/skaitytaknyga.lt\/produktas\/regina-kozeniauskiene-retorika-iskalbos-stilistika-yra-skaitymo-zymiu\/\",\"name\":\"Regina Ko\u017eeniauskien\u0117 \\\"Retorika: i\u0161kalbos stilistika\\\" (yra skaitymo \u017eymi\u0173) - Skaitytaknyga\",\"isPartOf\":{\"@id\":\"https:\/\/skaitytaknyga.lt\/#website\"},\"primaryImageOfPage\":{\"@id\":\"https:\/\/skaitytaknyga.lt\/produktas\/regina-kozeniauskiene-retorika-iskalbos-stilistika-yra-skaitymo-zymiu\/#primaryimage\"},\"image\":{\"@id\":\"https:\/\/skaitytaknyga.lt\/produktas\/regina-kozeniauskiene-retorika-iskalbos-stilistika-yra-skaitymo-zymiu\/#primaryimage\"},\"thumbnailUrl\":\"https:\/\/skaitytaknyga.lt\/wp-content\/uploads\/2024\/05\/retorika-iskalbos-stilistika.jpg\",\"datePublished\":\"2024-05-04T19:35:58+00:00\",\"dateModified\":\"2024-09-11T11:12:58+00:00\",\"description\":\"\u0160ioje monografijoje, be retorikos teorijos, i\u0161d\u0117styti bendrieji oratorinio stiliaus reikalavimai, tam tikri b\u016bdai, kaip metodi\u0161kai pasirengti kalbai, kaip\",\"breadcrumb\":{\"@id\":\"https:\/\/skaitytaknyga.lt\/produktas\/regina-kozeniauskiene-retorika-iskalbos-stilistika-yra-skaitymo-zymiu\/#breadcrumb\"},\"inLanguage\":\"en-GB\",\"potentialAction\":[{\"@type\":\"ReadAction\",\"target\":[\"https:\/\/skaitytaknyga.lt\/produktas\/regina-kozeniauskiene-retorika-iskalbos-stilistika-yra-skaitymo-zymiu\/\"]}]},{\"@type\":\"ImageObject\",\"inLanguage\":\"en-GB\",\"@id\":\"https:\/\/skaitytaknyga.lt\/produktas\/regina-kozeniauskiene-retorika-iskalbos-stilistika-yra-skaitymo-zymiu\/#primaryimage\",\"url\":\"https:\/\/skaitytaknyga.lt\/wp-content\/uploads\/2024\/05\/retorika-iskalbos-stilistika.jpg\",\"contentUrl\":\"https:\/\/skaitytaknyga.lt\/wp-content\/uploads\/2024\/05\/retorika-iskalbos-stilistika.jpg\",\"width\":600,\"height\":897},{\"@type\":\"BreadcrumbList\",\"@id\":\"https:\/\/skaitytaknyga.lt\/produktas\/regina-kozeniauskiene-retorika-iskalbos-stilistika-yra-skaitymo-zymiu\/#breadcrumb\",\"itemListElement\":[{\"@type\":\"ListItem\",\"position\":1,\"name\":\"Home\",\"item\":\"https:\/\/skaitytaknyga.lt\/\"},{\"@type\":\"ListItem\",\"position\":2,\"name\":\"Parduotuv\u0117\",\"item\":\"https:\/\/skaitytaknyga.lt\/knygu-parduotuve\/\"},{\"@type\":\"ListItem\",\"position\":3,\"name\":\"Regina Ko\u017eeniauskien\u0117 &#8222;Retorika: i\u0161kalbos stilistika&#8221; (yra skaitymo \u017eymi\u0173)\"}]},{\"@type\":\"WebSite\",\"@id\":\"https:\/\/skaitytaknyga.lt\/#website\",\"url\":\"https:\/\/skaitytaknyga.lt\/\",\"name\":\"skaitytaknyga.lt\",\"description\":\"Skaitytaknyga.lt \u2013 tai ma\u017eas \u0161eimos verslas, kuris prasid\u0117jo nuo meil\u0117s knygoms ir siekio i\u0161gelb\u0117ti knygas nuo likimo prie konteinerio. Kas vienam nereikalingas daiktas \u2013 kitam lobis, o mes esame tarpininkai, kurie padeda abiems tapti laimingesniems ???? \u017dinome kaip nelengva i\u0161gyventi ma\u017eiems verslams, tad nuo \u0161iol, \u010dia rasite ir kit\u0173, ma\u017e\u0173 \u0161eim\u0173 versl\u0173, rank\u0173 darbo, dovan\u0173 sau ir artimiesiems.\",\"publisher\":{\"@id\":\"https:\/\/skaitytaknyga.lt\/#organization\"},\"potentialAction\":[{\"@type\":\"SearchAction\",\"target\":{\"@type\":\"EntryPoint\",\"urlTemplate\":\"https:\/\/skaitytaknyga.lt\/?s={search_term_string}\"},\"query-input\":{\"@type\":\"PropertyValueSpecification\",\"valueRequired\":true,\"valueName\":\"search_term_string\"}}],\"inLanguage\":\"en-GB\"},{\"@type\":\"Organization\",\"@id\":\"https:\/\/skaitytaknyga.lt\/#organization\",\"name\":\"skaitytaknyga.lt\",\"url\":\"https:\/\/skaitytaknyga.lt\/\",\"logo\":{\"@type\":\"ImageObject\",\"inLanguage\":\"en-GB\",\"@id\":\"https:\/\/skaitytaknyga.lt\/#\/schema\/logo\/image\/\",\"url\":\"https:\/\/skaitytaknyga.lt\/wp-content\/uploads\/2024\/05\/cropped-cropped-cropped-02_00843_jt3bggkj1j3HLc7SyY6rEUpg.jpeg\",\"contentUrl\":\"https:\/\/skaitytaknyga.lt\/wp-content\/uploads\/2024\/05\/cropped-cropped-cropped-02_00843_jt3bggkj1j3HLc7SyY6rEUpg.jpeg\",\"width\":1600,\"height\":1600,\"caption\":\"skaitytaknyga.lt\"},\"image\":{\"@id\":\"https:\/\/skaitytaknyga.lt\/#\/schema\/logo\/image\/\"},\"sameAs\":[\"https:\/\/www.facebook.com\/skaitytaknyga\/\"]}]}<\/script>\n<!-- \/ Yoast SEO plugin. -->","yoast_head_json":{"title":"Regina Ko\u017eeniauskien\u0117 \"Retorika: i\u0161kalbos stilistika\" (yra skaitymo \u017eymi\u0173) - Skaitytaknyga","description":"\u0160ioje monografijoje, be retorikos teorijos, i\u0161d\u0117styti bendrieji oratorinio stiliaus reikalavimai, tam tikri b\u016bdai, kaip metodi\u0161kai pasirengti kalbai, kaip","robots":{"index":"index","follow":"follow","max-snippet":"max-snippet:-1","max-image-preview":"max-image-preview:large","max-video-preview":"max-video-preview:-1"},"canonical":"https:\/\/skaitytaknyga.lt\/en\/produktas\/regina-kozeniauskiene-retorika-iskalbos-stilistika-yra-skaitymo-zymiu\/","og_locale":"en_GB","og_type":"article","og_title":"Regina Ko\u017eeniauskien\u0117 \"Retorika: i\u0161kalbos stilistika\" (yra skaitymo \u017eymi\u0173) - Skaitytaknyga","og_description":"\u0160ioje monografijoje, be retorikos teorijos, i\u0161d\u0117styti bendrieji oratorinio stiliaus reikalavimai, tam tikri b\u016bdai, kaip metodi\u0161kai pasirengti kalbai, kaip","og_url":"https:\/\/skaitytaknyga.lt\/en\/produktas\/regina-kozeniauskiene-retorika-iskalbos-stilistika-yra-skaitymo-zymiu\/","og_site_name":"Skaitytaknyga","article_publisher":"https:\/\/www.facebook.com\/skaitytaknyga\/","article_modified_time":"2024-09-11T11:12:58+00:00","og_image":[{"width":600,"height":897,"url":"https:\/\/skaitytaknyga.lt\/wp-content\/uploads\/2024\/05\/retorika-iskalbos-stilistika.jpg","type":"image\/jpeg"}],"twitter_card":"summary_large_image","schema":{"@context":"https:\/\/schema.org","@graph":[{"@type":"WebPage","@id":"https:\/\/skaitytaknyga.lt\/produktas\/regina-kozeniauskiene-retorika-iskalbos-stilistika-yra-skaitymo-zymiu\/","url":"https:\/\/skaitytaknyga.lt\/produktas\/regina-kozeniauskiene-retorika-iskalbos-stilistika-yra-skaitymo-zymiu\/","name":"Regina Ko\u017eeniauskien\u0117 \"Retorika: i\u0161kalbos stilistika\" (yra skaitymo \u017eymi\u0173) - Skaitytaknyga","isPartOf":{"@id":"https:\/\/skaitytaknyga.lt\/#website"},"primaryImageOfPage":{"@id":"https:\/\/skaitytaknyga.lt\/produktas\/regina-kozeniauskiene-retorika-iskalbos-stilistika-yra-skaitymo-zymiu\/#primaryimage"},"image":{"@id":"https:\/\/skaitytaknyga.lt\/produktas\/regina-kozeniauskiene-retorika-iskalbos-stilistika-yra-skaitymo-zymiu\/#primaryimage"},"thumbnailUrl":"https:\/\/skaitytaknyga.lt\/wp-content\/uploads\/2024\/05\/retorika-iskalbos-stilistika.jpg","datePublished":"2024-05-04T19:35:58+00:00","dateModified":"2024-09-11T11:12:58+00:00","description":"\u0160ioje monografijoje, be retorikos teorijos, i\u0161d\u0117styti bendrieji oratorinio stiliaus reikalavimai, tam tikri b\u016bdai, kaip metodi\u0161kai pasirengti kalbai, kaip","breadcrumb":{"@id":"https:\/\/skaitytaknyga.lt\/produktas\/regina-kozeniauskiene-retorika-iskalbos-stilistika-yra-skaitymo-zymiu\/#breadcrumb"},"inLanguage":"en-GB","potentialAction":[{"@type":"ReadAction","target":["https:\/\/skaitytaknyga.lt\/produktas\/regina-kozeniauskiene-retorika-iskalbos-stilistika-yra-skaitymo-zymiu\/"]}]},{"@type":"ImageObject","inLanguage":"en-GB","@id":"https:\/\/skaitytaknyga.lt\/produktas\/regina-kozeniauskiene-retorika-iskalbos-stilistika-yra-skaitymo-zymiu\/#primaryimage","url":"https:\/\/skaitytaknyga.lt\/wp-content\/uploads\/2024\/05\/retorika-iskalbos-stilistika.jpg","contentUrl":"https:\/\/skaitytaknyga.lt\/wp-content\/uploads\/2024\/05\/retorika-iskalbos-stilistika.jpg","width":600,"height":897},{"@type":"BreadcrumbList","@id":"https:\/\/skaitytaknyga.lt\/produktas\/regina-kozeniauskiene-retorika-iskalbos-stilistika-yra-skaitymo-zymiu\/#breadcrumb","itemListElement":[{"@type":"ListItem","position":1,"name":"Home","item":"https:\/\/skaitytaknyga.lt\/"},{"@type":"ListItem","position":2,"name":"Parduotuv\u0117","item":"https:\/\/skaitytaknyga.lt\/knygu-parduotuve\/"},{"@type":"ListItem","position":3,"name":"Regina Ko\u017eeniauskien\u0117 &#8222;Retorika: i\u0161kalbos stilistika&#8221; (yra skaitymo \u017eymi\u0173)"}]},{"@type":"WebSite","@id":"https:\/\/skaitytaknyga.lt\/#website","url":"https:\/\/skaitytaknyga.lt\/","name":"skaitytaknyga.lt","description":"Skaitytaknyga.lt \u2013 tai ma\u017eas \u0161eimos verslas, kuris prasid\u0117jo nuo meil\u0117s knygoms ir siekio i\u0161gelb\u0117ti knygas nuo likimo prie konteinerio. Kas vienam nereikalingas daiktas \u2013 kitam lobis, o mes esame tarpininkai, kurie padeda abiems tapti laimingesniems ???? \u017dinome kaip nelengva i\u0161gyventi ma\u017eiems verslams, tad nuo \u0161iol, \u010dia rasite ir kit\u0173, ma\u017e\u0173 \u0161eim\u0173 versl\u0173, rank\u0173 darbo, dovan\u0173 sau ir artimiesiems.","publisher":{"@id":"https:\/\/skaitytaknyga.lt\/#organization"},"potentialAction":[{"@type":"SearchAction","target":{"@type":"EntryPoint","urlTemplate":"https:\/\/skaitytaknyga.lt\/?s={search_term_string}"},"query-input":{"@type":"PropertyValueSpecification","valueRequired":true,"valueName":"search_term_string"}}],"inLanguage":"en-GB"},{"@type":"Organization","@id":"https:\/\/skaitytaknyga.lt\/#organization","name":"skaitytaknyga.lt","url":"https:\/\/skaitytaknyga.lt\/","logo":{"@type":"ImageObject","inLanguage":"en-GB","@id":"https:\/\/skaitytaknyga.lt\/#\/schema\/logo\/image\/","url":"https:\/\/skaitytaknyga.lt\/wp-content\/uploads\/2024\/05\/cropped-cropped-cropped-02_00843_jt3bggkj1j3HLc7SyY6rEUpg.jpeg","contentUrl":"https:\/\/skaitytaknyga.lt\/wp-content\/uploads\/2024\/05\/cropped-cropped-cropped-02_00843_jt3bggkj1j3HLc7SyY6rEUpg.jpeg","width":1600,"height":1600,"caption":"skaitytaknyga.lt"},"image":{"@id":"https:\/\/skaitytaknyga.lt\/#\/schema\/logo\/image\/"},"sameAs":["https:\/\/www.facebook.com\/skaitytaknyga\/"]}]}},"_links":{"self":[{"href":"https:\/\/skaitytaknyga.lt\/en\/wp-json\/wp\/v2\/product\/11206","targetHints":{"allow":["GET"]}}],"collection":[{"href":"https:\/\/skaitytaknyga.lt\/en\/wp-json\/wp\/v2\/product"}],"about":[{"href":"https:\/\/skaitytaknyga.lt\/en\/wp-json\/wp\/v2\/types\/product"}],"replies":[{"embeddable":true,"href":"https:\/\/skaitytaknyga.lt\/en\/wp-json\/wp\/v2\/comments?post=11206"}],"wp:featuredmedia":[{"embeddable":true,"href":"https:\/\/skaitytaknyga.lt\/en\/wp-json\/wp\/v2\/media\/11243"}],"wp:attachment":[{"href":"https:\/\/skaitytaknyga.lt\/en\/wp-json\/wp\/v2\/media?parent=11206"}],"wp:term":[{"taxonomy":"product_brand","embeddable":true,"href":"https:\/\/skaitytaknyga.lt\/en\/wp-json\/wp\/v2\/product_brand?post=11206"},{"taxonomy":"product_cat","embeddable":true,"href":"https:\/\/skaitytaknyga.lt\/en\/wp-json\/wp\/v2\/product_cat?post=11206"},{"taxonomy":"product_tag","embeddable":true,"href":"https:\/\/skaitytaknyga.lt\/en\/wp-json\/wp\/v2\/product_tag?post=11206"}],"curies":[{"name":"wp","href":"https:\/\/api.w.org\/{rel}","templated":true}]}}