{"id":11205,"date":"2024-05-04T19:35:58","date_gmt":"2024-05-04T19:35:58","guid":{"rendered":"https:\/\/skaitytaknyga.lt\/?post_type=product&#038;p=11205"},"modified":"2025-07-15T20:34:56","modified_gmt":"2025-07-15T17:34:56","slug":"michail-bulgakov-jaunojo-gydytojo-uzrasai-nesvarumai-ant-virselio","status":"publish","type":"product","link":"https:\/\/skaitytaknyga.lt\/en\/produktas\/michail-bulgakov-jaunojo-gydytojo-uzrasai-nesvarumai-ant-virselio\/","title":{"rendered":"Jaunojo gydytojo u\u017era\u0161ai"},"content":{"rendered":"<div class=\"tab-content col-xs-12\">\n<div id=\"tab-description\" class=\"tab-pane active\">\n<p>Baig\u0119s medicinos kurs\u0105 Kijevo universitete,\u00a0<strong>M. Bulgakovas<\/strong>\u00a0apie pusantr\u0173 met\u0173, nuo 1916 m. rugs\u0117jo iki 1918 m. vasario, dirbo provincijos gydytoju Smolensko gubernijoje. Tuo laikotarpiu jis ir prad\u0117jo u\u017era\u0161us apie jauno mediko praktik\u0105 nuo\u0161aliame kaime, kurie pavirto septyni\u0173 apsakym\u0173 ciklu \u201eJaunojo gydytojo u\u017era\u0161ai&#8221; (Zapiski junogo vra\u010da) ir 1925\u20141926 m. buvo pavieniui paskelbti Maskvoje leistame \u017eurnale Medicinskij rabotnik (\u201eMedicinos darbuotojas&#8221;).<\/p>\n<p>Prie \u0161io apsakym\u0173 ciklo pritampa dar du k\u016briniai \u2014 apsakymas \u201eA\u0161 nu\u017eud\u017eiau&#8221; ir apysaka \u201eMorfijus&#8221;, kurie 1926\u20141927 m. taip pat buvo paskelbti \u017eurnale Medicinskij rabotnik, nors be joki\u0173 ra\u0161ytojo nuorod\u0173 \u012f jo sumanyt\u0105j\u012f cikl\u0105, o be to, smarkiai besiskiriantys nuo ano septyneto tiek savo forma, tiek turiniu. Bet kadangi \u201eJaunojo gydytojo u\u017era\u0161ai&#8221; atskiros knygos pavidalu prad\u0117ti leisti jau gerokai po autoriaus mirties, pasiremiant j\u0173 publikacijomis periodikoje (pats autorius savo rankra\u0161\u010dius sunaikino), taip pat i\u0161likusiais archyvais ir am\u017einink\u0173 liudijimais, tradici\u0161kai nusistov\u0117jo kaip tik tokia \u0161io apsakym\u0173 rinkinio ir apysakos \u201eMorfijus&#8221; pateikimo tvarka.<\/p>\n<p>Bulgakov\u0105, kaip armijon mobilizuot\u0105 karo gydytoj\u0105, porevoliucin\u0117s Rusijos pilietinio karo sumai\u0161tis 1919 m. nublo\u0161k\u0117 \u012f \u0160iaur\u0117s Kaukaz\u0105. T\u0173 pa\u010di\u0173 met\u0173 pabaigoje jis atsisak\u0117 tarnybos Vladikaukazo karo ligonin\u0117je ir apskritai mediko darbo bei prad\u0117jo literat\u016brin\u0119 veikl\u0105: publikuotis vietiniuose laikra\u0161\u010diuose, dalyvauti literat\u0173 gyvenime. Apie \u0161\u012f M. B. gyvenimo etap\u0105 pasakojama pirmoje \u201eU\u017era\u0161\u0173 ant rankogali\u0173&#8221; (Zapiski na man\u017eetach) dalyje. Antrojoje jau kalbama apie jo atvykim\u0105 \u012f Maskv\u0105 1921-ais, apie pirmuosius alkano nepritekliaus ir bla\u0161kymosi po leidini\u0173 redakcijas metus.<\/p>\n<\/div>\n<\/div>\n","protected":false},"excerpt":{"rendered":"<p>Baig\u0119s medicinos kurs\u0105 Kijevo universitete,\u00a0M. Bulgakovas\u00a0apie pusantr\u0173 met\u0173, nuo 1916 m. rugs\u0117jo iki 1918 m. vasario, dirbo provincijos gydytoju Smolensko gubernijoje. Tuo laikotarpiu jis ir prad\u0117jo u\u017era\u0161us apie jauno mediko praktik\u0105 nuo\u0161aliame kaime, kurie pavirto septyni\u0173 apsakym\u0173 ciklu \u201eJaunojo gydytojo u\u017era\u0161ai&#8221; (Zapiski junogo vra\u010da) ir 1925\u20141926 m. buvo pavieniui paskelbti Maskvoje leistame \u017eurnale Medicinskij rabotnik (\u201eMedicinos darbuotojas&#8221;). Prie \u0161io apsakym\u0173 ciklo pritampa dar du k\u016briniai \u2014 apsakymas \u201eA\u0161 nu\u017eud\u017eiau&#8221; ir apysaka \u201eMorfijus&#8221;, kurie 1926\u20141927 m. taip pat buvo paskelbti \u017eurnale Medicinskij rabotnik, nors be joki\u0173 ra\u0161ytojo nuorod\u0173 \u012f jo sumanyt\u0105j\u012f cikl\u0105, o be to, smarkiai besiskiriantys nuo ano septyneto tiek savo forma, tiek turiniu. Bet kadangi \u201eJaunojo gydytojo u\u017era\u0161ai&#8221; atskiros knygos pavidalu prad\u0117ti leisti jau gerokai po autoriaus mirties, pasiremiant j\u0173 publikacijomis periodikoje (pats autorius savo rankra\u0161\u010dius sunaikino), taip pat i\u0161likusiais archyvais ir am\u017einink\u0173 liudijimais, tradici\u0161kai nusistov\u0117jo kaip tik tokia \u0161io apsakym\u0173 rinkinio ir apysakos \u201eMorfijus&#8221; pateikimo tvarka. Bulgakov\u0105, kaip armijon mobilizuot\u0105 karo gydytoj\u0105, porevoliucin\u0117s Rusijos pilietinio karo sumai\u0161tis 1919 m. nublo\u0161k\u0117 \u012f \u0160iaur\u0117s Kaukaz\u0105. T\u0173 pa\u010di\u0173 met\u0173 pabaigoje jis atsisak\u0117 tarnybos Vladikaukazo karo ligonin\u0117je ir apskritai mediko darbo bei prad\u0117jo literat\u016brin\u0119 veikl\u0105: publikuotis vietiniuose laikra\u0161\u010diuose, dalyvauti literat\u0173 gyvenime. Apie \u0161\u012f M. B. gyvenimo etap\u0105 pasakojama pirmoje \u201eU\u017era\u0161\u0173 ant rankogali\u0173&#8221; (Zapiski na man\u017eetach) dalyje. Antrojoje jau kalbama apie jo atvykim\u0105 \u012f Maskv\u0105 1921-ais, apie pirmuosius alkano nepritekliaus ir bla\u0161kymosi po leidini\u0173 redakcijas metus.<\/p>\n","protected":false},"featured_media":11242,"comment_status":"closed","ping_status":"closed","template":"","meta":{"_acf_changed":false,"site-sidebar-layout":"default","site-content-layout":"","ast-site-content-layout":"default","site-content-style":"default","site-sidebar-style":"default","ast-global-header-display":"","ast-banner-title-visibility":"","ast-main-header-display":"","ast-hfb-above-header-display":"","ast-hfb-below-header-display":"","ast-hfb-mobile-header-display":"","site-post-title":"","ast-breadcrumbs-content":"","ast-featured-img":"","footer-sml-layout":"","ast-disable-related-posts":"","theme-transparent-header-meta":"","adv-header-id-meta":"","stick-header-meta":"","header-above-stick-meta":"","header-main-stick-meta":"","header-below-stick-meta":"","astra-migrate-meta-layouts":"default","ast-page-background-enabled":"default","ast-page-background-meta":{"desktop":{"background-color":"","background-image":"","background-repeat":"repeat","background-position":"center center","background-size":"auto","background-attachment":"scroll","background-type":"","background-media":"","overlay-type":"","overlay-color":"","overlay-opacity":"","overlay-gradient":""},"tablet":{"background-color":"","background-image":"","background-repeat":"repeat","background-position":"center center","background-size":"auto","background-attachment":"scroll","background-type":"","background-media":"","overlay-type":"","overlay-color":"","overlay-opacity":"","overlay-gradient":""},"mobile":{"background-color":"","background-image":"","background-repeat":"repeat","background-position":"center center","background-size":"auto","background-attachment":"scroll","background-type":"","background-media":"","overlay-type":"","overlay-color":"","overlay-opacity":"","overlay-gradient":""}},"ast-content-background-meta":{"desktop":{"background-color":"var(--ast-global-color-4)","background-image":"","background-repeat":"repeat","background-position":"center center","background-size":"auto","background-attachment":"scroll","background-type":"","background-media":"","overlay-type":"","overlay-color":"","overlay-opacity":"","overlay-gradient":""},"tablet":{"background-color":"var(--ast-global-color-4)","background-image":"","background-repeat":"repeat","background-position":"center center","background-size":"auto","background-attachment":"scroll","background-type":"","background-media":"","overlay-type":"","overlay-color":"","overlay-opacity":"","overlay-gradient":""},"mobile":{"background-color":"var(--ast-global-color-4)","background-image":"","background-repeat":"repeat","background-position":"center center","background-size":"auto","background-attachment":"scroll","background-type":"","background-media":"","overlay-type":"","overlay-color":"","overlay-opacity":"","overlay-gradient":""}}},"product_brand":[],"product_cat":[31,331],"product_tag":[2138,2139,1437,2095,2137,1842],"class_list":{"0":"post-11205","1":"product","2":"type-product","3":"status-publish","4":"has-post-thumbnail","6":"product_cat-grozine-literatura","7":"product_cat-programine-literatura","8":"product_tag-autobiografine-proza","9":"product_tag-gydytojo-patirtis","10":"product_tag-klasika","11":"product_tag-medicina","12":"product_tag-mikhail-bulgakov","13":"product_tag-rusu-literatura","14":"pa_leidimo-metai-676","15":"pa_virselis-kietas","16":"desktop-align-left","17":"tablet-align-left","18":"mobile-align-left","20":"first","21":"outofstock","22":"shipping-taxable","23":"purchasable","24":"product-type-simple"},"acf":[],"yoast_head":"<!-- This site is optimized with the Yoast SEO plugin v27.0 - https:\/\/yoast.com\/product\/yoast-seo-wordpress\/ -->\n<title>Jaunojo gydytojo u\u017era\u0161ai<\/title>\n<meta name=\"description\" content=\"Baig\u0119s medicinos kurs\u0105 Kijevo universitete,\u00a0M. Bulgakovas\u00a0apie pusantr\u0173 met\u0173, nuo 1916 m. rugs\u0117jo iki 1918 m. vasario, dirbo provincijos gydytoju\" \/>\n<meta name=\"robots\" content=\"index, follow, max-snippet:-1, max-image-preview:large, max-video-preview:-1\" \/>\n<link rel=\"canonical\" href=\"https:\/\/skaitytaknyga.lt\/en\/produktas\/michail-bulgakov-jaunojo-gydytojo-uzrasai-nesvarumai-ant-virselio\/\" \/>\n<meta property=\"og:locale\" content=\"en_GB\" \/>\n<meta property=\"og:locale:alternate\" content=\"lt_LT\" \/>\n<meta property=\"og:type\" content=\"article\" \/>\n<meta property=\"og:title\" content=\"Jaunojo gydytojo u\u017era\u0161ai\" \/>\n<meta property=\"og:description\" content=\"Baig\u0119s medicinos kurs\u0105 Kijevo universitete,\u00a0M. Bulgakovas\u00a0apie pusantr\u0173 met\u0173, nuo 1916 m. rugs\u0117jo iki 1918 m. vasario, dirbo provincijos gydytoju\" \/>\n<meta property=\"og:url\" content=\"https:\/\/skaitytaknyga.lt\/en\/produktas\/michail-bulgakov-jaunojo-gydytojo-uzrasai-nesvarumai-ant-virselio\/\" \/>\n<meta property=\"og:site_name\" content=\"Skaitytaknyga\" \/>\n<meta property=\"article:publisher\" content=\"https:\/\/www.facebook.com\/skaitytaknyga\/\" \/>\n<meta property=\"article:modified_time\" content=\"2025-07-15T17:34:56+00:00\" \/>\n<meta property=\"og:image\" content=\"https:\/\/skaitytaknyga.lt\/wp-content\/uploads\/2024\/05\/Be-pavadinimo-5-4.png\" \/>\n\t<meta property=\"og:image:width\" content=\"259\" \/>\n\t<meta property=\"og:image:height\" content=\"417\" \/>\n\t<meta property=\"og:image:type\" content=\"image\/png\" \/>\n<meta name=\"twitter:card\" content=\"summary_large_image\" \/>\n<meta name=\"twitter:label1\" content=\"Estimated reading time\" \/>\n\t<meta name=\"twitter:data1\" content=\"1 minute\" \/>\n<script type=\"application\/ld+json\" class=\"yoast-schema-graph\">{\"@context\":\"https:\/\/schema.org\",\"@graph\":[{\"@type\":\"WebPage\",\"@id\":\"https:\/\/skaitytaknyga.lt\/produktas\/michail-bulgakov-jaunojo-gydytojo-uzrasai-nesvarumai-ant-virselio\/\",\"url\":\"https:\/\/skaitytaknyga.lt\/produktas\/michail-bulgakov-jaunojo-gydytojo-uzrasai-nesvarumai-ant-virselio\/\",\"name\":\"Jaunojo gydytojo u\u017era\u0161ai\",\"isPartOf\":{\"@id\":\"https:\/\/skaitytaknyga.lt\/#website\"},\"primaryImageOfPage\":{\"@id\":\"https:\/\/skaitytaknyga.lt\/produktas\/michail-bulgakov-jaunojo-gydytojo-uzrasai-nesvarumai-ant-virselio\/#primaryimage\"},\"image\":{\"@id\":\"https:\/\/skaitytaknyga.lt\/produktas\/michail-bulgakov-jaunojo-gydytojo-uzrasai-nesvarumai-ant-virselio\/#primaryimage\"},\"thumbnailUrl\":\"https:\/\/skaitytaknyga.lt\/wp-content\/uploads\/2024\/05\/Be-pavadinimo-5-4.png\",\"datePublished\":\"2024-05-04T19:35:58+00:00\",\"dateModified\":\"2025-07-15T17:34:56+00:00\",\"description\":\"Baig\u0119s medicinos kurs\u0105 Kijevo universitete,\u00a0M. Bulgakovas\u00a0apie pusantr\u0173 met\u0173, nuo 1916 m. rugs\u0117jo iki 1918 m. vasario, dirbo provincijos gydytoju\",\"breadcrumb\":{\"@id\":\"https:\/\/skaitytaknyga.lt\/produktas\/michail-bulgakov-jaunojo-gydytojo-uzrasai-nesvarumai-ant-virselio\/#breadcrumb\"},\"inLanguage\":\"en-GB\",\"potentialAction\":[{\"@type\":\"ReadAction\",\"target\":[\"https:\/\/skaitytaknyga.lt\/produktas\/michail-bulgakov-jaunojo-gydytojo-uzrasai-nesvarumai-ant-virselio\/\"]}]},{\"@type\":\"ImageObject\",\"inLanguage\":\"en-GB\",\"@id\":\"https:\/\/skaitytaknyga.lt\/produktas\/michail-bulgakov-jaunojo-gydytojo-uzrasai-nesvarumai-ant-virselio\/#primaryimage\",\"url\":\"https:\/\/skaitytaknyga.lt\/wp-content\/uploads\/2024\/05\/Be-pavadinimo-5-4.png\",\"contentUrl\":\"https:\/\/skaitytaknyga.lt\/wp-content\/uploads\/2024\/05\/Be-pavadinimo-5-4.png\",\"width\":259,\"height\":417},{\"@type\":\"BreadcrumbList\",\"@id\":\"https:\/\/skaitytaknyga.lt\/produktas\/michail-bulgakov-jaunojo-gydytojo-uzrasai-nesvarumai-ant-virselio\/#breadcrumb\",\"itemListElement\":[{\"@type\":\"ListItem\",\"position\":1,\"name\":\"Home\",\"item\":\"https:\/\/skaitytaknyga.lt\/\"},{\"@type\":\"ListItem\",\"position\":2,\"name\":\"Parduotuv\u0117\",\"item\":\"https:\/\/skaitytaknyga.lt\/knygu-parduotuve\/\"},{\"@type\":\"ListItem\",\"position\":3,\"name\":\"Jaunojo gydytojo u\u017era\u0161ai\"}]},{\"@type\":\"WebSite\",\"@id\":\"https:\/\/skaitytaknyga.lt\/#website\",\"url\":\"https:\/\/skaitytaknyga.lt\/\",\"name\":\"skaitytaknyga.lt\",\"description\":\"Skaitytaknyga.lt \u2013 tai ma\u017eas \u0161eimos verslas, kuris prasid\u0117jo nuo meil\u0117s knygoms ir siekio i\u0161gelb\u0117ti knygas nuo likimo prie konteinerio. Kas vienam nereikalingas daiktas \u2013 kitam lobis, o mes esame tarpininkai, kurie padeda abiems tapti laimingesniems ???? \u017dinome kaip nelengva i\u0161gyventi ma\u017eiems verslams, tad nuo \u0161iol, \u010dia rasite ir kit\u0173, ma\u017e\u0173 \u0161eim\u0173 versl\u0173, rank\u0173 darbo, dovan\u0173 sau ir artimiesiems.\",\"publisher\":{\"@id\":\"https:\/\/skaitytaknyga.lt\/#organization\"},\"potentialAction\":[{\"@type\":\"SearchAction\",\"target\":{\"@type\":\"EntryPoint\",\"urlTemplate\":\"https:\/\/skaitytaknyga.lt\/?s={search_term_string}\"},\"query-input\":{\"@type\":\"PropertyValueSpecification\",\"valueRequired\":true,\"valueName\":\"search_term_string\"}}],\"inLanguage\":\"en-GB\"},{\"@type\":\"Organization\",\"@id\":\"https:\/\/skaitytaknyga.lt\/#organization\",\"name\":\"skaitytaknyga.lt\",\"url\":\"https:\/\/skaitytaknyga.lt\/\",\"logo\":{\"@type\":\"ImageObject\",\"inLanguage\":\"en-GB\",\"@id\":\"https:\/\/skaitytaknyga.lt\/#\/schema\/logo\/image\/\",\"url\":\"https:\/\/skaitytaknyga.lt\/wp-content\/uploads\/2024\/05\/cropped-cropped-cropped-02_00843_jt3bggkj1j3HLc7SyY6rEUpg.jpeg\",\"contentUrl\":\"https:\/\/skaitytaknyga.lt\/wp-content\/uploads\/2024\/05\/cropped-cropped-cropped-02_00843_jt3bggkj1j3HLc7SyY6rEUpg.jpeg\",\"width\":1600,\"height\":1600,\"caption\":\"skaitytaknyga.lt\"},\"image\":{\"@id\":\"https:\/\/skaitytaknyga.lt\/#\/schema\/logo\/image\/\"},\"sameAs\":[\"https:\/\/www.facebook.com\/skaitytaknyga\/\"]}]}<\/script>\n<!-- \/ Yoast SEO plugin. -->","yoast_head_json":{"title":"Jaunojo gydytojo u\u017era\u0161ai","description":"Baig\u0119s medicinos kurs\u0105 Kijevo universitete,\u00a0M. Bulgakovas\u00a0apie pusantr\u0173 met\u0173, nuo 1916 m. rugs\u0117jo iki 1918 m. vasario, dirbo provincijos gydytoju","robots":{"index":"index","follow":"follow","max-snippet":"max-snippet:-1","max-image-preview":"max-image-preview:large","max-video-preview":"max-video-preview:-1"},"canonical":"https:\/\/skaitytaknyga.lt\/en\/produktas\/michail-bulgakov-jaunojo-gydytojo-uzrasai-nesvarumai-ant-virselio\/","og_locale":"en_GB","og_type":"article","og_title":"[:lt]Jaunojo gydytojo u\u017era\u0161ai[:] - Skaitytaknyga","og_description":"Baig\u0119s medicinos kurs\u0105 Kijevo universitete,\u00a0M. Bulgakovas\u00a0apie pusantr\u0173 met\u0173, nuo 1916 m. rugs\u0117jo iki 1918 m. vasario, dirbo provincijos gydytoju","og_url":"https:\/\/skaitytaknyga.lt\/en\/produktas\/michail-bulgakov-jaunojo-gydytojo-uzrasai-nesvarumai-ant-virselio\/","og_site_name":"Skaitytaknyga","article_publisher":"https:\/\/www.facebook.com\/skaitytaknyga\/","article_modified_time":"2025-07-15T17:34:56+00:00","og_image":[{"width":259,"height":417,"url":"https:\/\/skaitytaknyga.lt\/wp-content\/uploads\/2024\/05\/Be-pavadinimo-5-4.png","type":"image\/png"}],"twitter_card":"summary_large_image","twitter_misc":{"Estimated reading time":"1 minute"},"schema":{"@context":"https:\/\/schema.org","@graph":[{"@type":"WebPage","@id":"https:\/\/skaitytaknyga.lt\/produktas\/michail-bulgakov-jaunojo-gydytojo-uzrasai-nesvarumai-ant-virselio\/","url":"https:\/\/skaitytaknyga.lt\/produktas\/michail-bulgakov-jaunojo-gydytojo-uzrasai-nesvarumai-ant-virselio\/","name":"Jaunojo gydytojo u\u017era\u0161ai","isPartOf":{"@id":"https:\/\/skaitytaknyga.lt\/#website"},"primaryImageOfPage":{"@id":"https:\/\/skaitytaknyga.lt\/produktas\/michail-bulgakov-jaunojo-gydytojo-uzrasai-nesvarumai-ant-virselio\/#primaryimage"},"image":{"@id":"https:\/\/skaitytaknyga.lt\/produktas\/michail-bulgakov-jaunojo-gydytojo-uzrasai-nesvarumai-ant-virselio\/#primaryimage"},"thumbnailUrl":"https:\/\/skaitytaknyga.lt\/wp-content\/uploads\/2024\/05\/Be-pavadinimo-5-4.png","datePublished":"2024-05-04T19:35:58+00:00","dateModified":"2025-07-15T17:34:56+00:00","description":"Baig\u0119s medicinos kurs\u0105 Kijevo universitete,\u00a0M. Bulgakovas\u00a0apie pusantr\u0173 met\u0173, nuo 1916 m. rugs\u0117jo iki 1918 m. vasario, dirbo provincijos gydytoju","breadcrumb":{"@id":"https:\/\/skaitytaknyga.lt\/produktas\/michail-bulgakov-jaunojo-gydytojo-uzrasai-nesvarumai-ant-virselio\/#breadcrumb"},"inLanguage":"en-GB","potentialAction":[{"@type":"ReadAction","target":["https:\/\/skaitytaknyga.lt\/produktas\/michail-bulgakov-jaunojo-gydytojo-uzrasai-nesvarumai-ant-virselio\/"]}]},{"@type":"ImageObject","inLanguage":"en-GB","@id":"https:\/\/skaitytaknyga.lt\/produktas\/michail-bulgakov-jaunojo-gydytojo-uzrasai-nesvarumai-ant-virselio\/#primaryimage","url":"https:\/\/skaitytaknyga.lt\/wp-content\/uploads\/2024\/05\/Be-pavadinimo-5-4.png","contentUrl":"https:\/\/skaitytaknyga.lt\/wp-content\/uploads\/2024\/05\/Be-pavadinimo-5-4.png","width":259,"height":417},{"@type":"BreadcrumbList","@id":"https:\/\/skaitytaknyga.lt\/produktas\/michail-bulgakov-jaunojo-gydytojo-uzrasai-nesvarumai-ant-virselio\/#breadcrumb","itemListElement":[{"@type":"ListItem","position":1,"name":"Home","item":"https:\/\/skaitytaknyga.lt\/"},{"@type":"ListItem","position":2,"name":"Parduotuv\u0117","item":"https:\/\/skaitytaknyga.lt\/knygu-parduotuve\/"},{"@type":"ListItem","position":3,"name":"Jaunojo gydytojo u\u017era\u0161ai"}]},{"@type":"WebSite","@id":"https:\/\/skaitytaknyga.lt\/#website","url":"https:\/\/skaitytaknyga.lt\/","name":"skaitytaknyga.lt","description":"Skaitytaknyga.lt \u2013 tai ma\u017eas \u0161eimos verslas, kuris prasid\u0117jo nuo meil\u0117s knygoms ir siekio i\u0161gelb\u0117ti knygas nuo likimo prie konteinerio. Kas vienam nereikalingas daiktas \u2013 kitam lobis, o mes esame tarpininkai, kurie padeda abiems tapti laimingesniems ???? \u017dinome kaip nelengva i\u0161gyventi ma\u017eiems verslams, tad nuo \u0161iol, \u010dia rasite ir kit\u0173, ma\u017e\u0173 \u0161eim\u0173 versl\u0173, rank\u0173 darbo, dovan\u0173 sau ir artimiesiems.","publisher":{"@id":"https:\/\/skaitytaknyga.lt\/#organization"},"potentialAction":[{"@type":"SearchAction","target":{"@type":"EntryPoint","urlTemplate":"https:\/\/skaitytaknyga.lt\/?s={search_term_string}"},"query-input":{"@type":"PropertyValueSpecification","valueRequired":true,"valueName":"search_term_string"}}],"inLanguage":"en-GB"},{"@type":"Organization","@id":"https:\/\/skaitytaknyga.lt\/#organization","name":"skaitytaknyga.lt","url":"https:\/\/skaitytaknyga.lt\/","logo":{"@type":"ImageObject","inLanguage":"en-GB","@id":"https:\/\/skaitytaknyga.lt\/#\/schema\/logo\/image\/","url":"https:\/\/skaitytaknyga.lt\/wp-content\/uploads\/2024\/05\/cropped-cropped-cropped-02_00843_jt3bggkj1j3HLc7SyY6rEUpg.jpeg","contentUrl":"https:\/\/skaitytaknyga.lt\/wp-content\/uploads\/2024\/05\/cropped-cropped-cropped-02_00843_jt3bggkj1j3HLc7SyY6rEUpg.jpeg","width":1600,"height":1600,"caption":"skaitytaknyga.lt"},"image":{"@id":"https:\/\/skaitytaknyga.lt\/#\/schema\/logo\/image\/"},"sameAs":["https:\/\/www.facebook.com\/skaitytaknyga\/"]}]}},"_links":{"self":[{"href":"https:\/\/skaitytaknyga.lt\/en\/wp-json\/wp\/v2\/product\/11205","targetHints":{"allow":["GET"]}}],"collection":[{"href":"https:\/\/skaitytaknyga.lt\/en\/wp-json\/wp\/v2\/product"}],"about":[{"href":"https:\/\/skaitytaknyga.lt\/en\/wp-json\/wp\/v2\/types\/product"}],"replies":[{"embeddable":true,"href":"https:\/\/skaitytaknyga.lt\/en\/wp-json\/wp\/v2\/comments?post=11205"}],"wp:featuredmedia":[{"embeddable":true,"href":"https:\/\/skaitytaknyga.lt\/en\/wp-json\/wp\/v2\/media\/11242"}],"wp:attachment":[{"href":"https:\/\/skaitytaknyga.lt\/en\/wp-json\/wp\/v2\/media?parent=11205"}],"wp:term":[{"taxonomy":"product_brand","embeddable":true,"href":"https:\/\/skaitytaknyga.lt\/en\/wp-json\/wp\/v2\/product_brand?post=11205"},{"taxonomy":"product_cat","embeddable":true,"href":"https:\/\/skaitytaknyga.lt\/en\/wp-json\/wp\/v2\/product_cat?post=11205"},{"taxonomy":"product_tag","embeddable":true,"href":"https:\/\/skaitytaknyga.lt\/en\/wp-json\/wp\/v2\/product_tag?post=11205"}],"curies":[{"name":"wp","href":"https:\/\/api.w.org\/{rel}","templated":true}]}}