{"id":11204,"date":"2024-05-04T19:35:58","date_gmt":"2024-05-04T19:35:58","guid":{"rendered":"https:\/\/skaitytaknyga.lt\/?post_type=product&#038;p=11204"},"modified":"2024-05-04T19:37:45","modified_gmt":"2024-05-04T19:37:45","slug":"ar-kates-turi-bambas-moksliski-atsakymai-i-si-ir-kitus-244-klausimus-apacioj-istepta","status":"publish","type":"product","link":"https:\/\/skaitytaknyga.lt\/en\/produktas\/ar-kates-turi-bambas-moksliski-atsakymai-i-si-ir-kitus-244-klausimus-apacioj-istepta\/","title":{"rendered":"Ar kat\u0117s turi bambas? Moksli\u0161ki atsakymai \u012f \u0161\u012f ir kitus 244 klausimus (apa\u010dioj i\u0161tepta)"},"content":{"rendered":"<div class=\"tab-content col-xs-12\">\n<div id=\"tab-description\" class=\"tab-pane active\">\n<ul class=\"nav nav-tabs font-sn\">\n<li>\u0160ioje knygel\u0117je\u00a0<b>&#8220;Ar kat\u0117s turi bambas- Moksli\u0161ki atsakymai \u012f \u0161\u012f ir kitus 244 klausimus&#8221;<\/b>\u00a0surasi mokslinink\u0173 atsakymus \u012f visus tau svarbius, \u012fdomius ar net kvailus klausimus, kuriuos kada nors nor\u0117jai u\u017eduoti, bet nedr\u012fsai. Grupel\u0117 \u012fvairi\u0173 sri\u010di\u0173 mokslinink\u0173 i\u0161 viso pasaulio pateikia moksli\u0161kai pagr\u012fstus atsakymus \u012f kebliausius klausimus, tokius kaip:\n<p>&#8211; Kas yra juoko kauliukas?<\/p>\n<p>&#8211; Kod\u0117l voveri\u0173 uodegos p\u016bkuotos?<\/p>\n<p>&#8211; Ar \u017euvys miega?<\/p>\n<p>&#8211; Kod\u0117l burbuliukai apval\u016bs?<\/p>\n<p>&#8211; Kas i\u0161laiko dang\u0173 auk\u0161tai?<\/p>\n<p>&#8211; Kod\u0117l bananai yra lenkti?<\/li>\n<\/ul>\n<\/div>\n<\/div>\n","protected":false},"excerpt":{"rendered":"<p>\u0160ioje knygel\u0117je\u00a0&#8220;Ar kat\u0117s turi bambas- Moksli\u0161ki atsakymai \u012f \u0161\u012f ir kitus 244 klausimus&#8221;\u00a0surasi mokslinink\u0173 atsakymus \u012f visus tau svarbius, \u012fdomius ar net kvailus klausimus, kuriuos kada nors nor\u0117jai u\u017eduoti, bet nedr\u012fsai. Grupel\u0117 \u012fvairi\u0173 sri\u010di\u0173 mokslinink\u0173 i\u0161 viso pasaulio pateikia moksli\u0161kai pagr\u012fstus atsakymus \u012f kebliausius klausimus, tokius kaip: &#8211; Kas yra juoko kauliukas? &#8211; Kod\u0117l voveri\u0173 uodegos p\u016bkuotos? &#8211; Ar \u017euvys miega? &#8211; Kod\u0117l burbuliukai apval\u016bs? &#8211; Kas i\u0161laiko dang\u0173 auk\u0161tai? &#8211; Kod\u0117l bananai yra lenkti?<\/p>\n","protected":false},"featured_media":11236,"comment_status":"closed","ping_status":"closed","template":"","meta":{"_acf_changed":false,"site-sidebar-layout":"default","site-content-layout":"","ast-site-content-layout":"default","site-content-style":"default","site-sidebar-style":"default","ast-global-header-display":"","ast-banner-title-visibility":"","ast-main-header-display":"","ast-hfb-above-header-display":"","ast-hfb-below-header-display":"","ast-hfb-mobile-header-display":"","site-post-title":"","ast-breadcrumbs-content":"","ast-featured-img":"","footer-sml-layout":"","ast-disable-related-posts":"","theme-transparent-header-meta":"","adv-header-id-meta":"","stick-header-meta":"","header-above-stick-meta":"","header-main-stick-meta":"","header-below-stick-meta":"","astra-migrate-meta-layouts":"default","ast-page-background-enabled":"default","ast-page-background-meta":{"desktop":{"background-color":"","background-image":"","background-repeat":"repeat","background-position":"center center","background-size":"auto","background-attachment":"scroll","background-type":"","background-media":"","overlay-type":"","overlay-color":"","overlay-opacity":"","overlay-gradient":""},"tablet":{"background-color":"","background-image":"","background-repeat":"repeat","background-position":"center center","background-size":"auto","background-attachment":"scroll","background-type":"","background-media":"","overlay-type":"","overlay-color":"","overlay-opacity":"","overlay-gradient":""},"mobile":{"background-color":"","background-image":"","background-repeat":"repeat","background-position":"center center","background-size":"auto","background-attachment":"scroll","background-type":"","background-media":"","overlay-type":"","overlay-color":"","overlay-opacity":"","overlay-gradient":""}},"ast-content-background-meta":{"desktop":{"background-color":"var(--ast-global-color-4)","background-image":"","background-repeat":"repeat","background-position":"center center","background-size":"auto","background-attachment":"scroll","background-type":"","background-media":"","overlay-type":"","overlay-color":"","overlay-opacity":"","overlay-gradient":""},"tablet":{"background-color":"var(--ast-global-color-4)","background-image":"","background-repeat":"repeat","background-position":"center center","background-size":"auto","background-attachment":"scroll","background-type":"","background-media":"","overlay-type":"","overlay-color":"","overlay-opacity":"","overlay-gradient":""},"mobile":{"background-color":"var(--ast-global-color-4)","background-image":"","background-repeat":"repeat","background-position":"center center","background-size":"auto","background-attachment":"scroll","background-type":"","background-media":"","overlay-type":"","overlay-color":"","overlay-opacity":"","overlay-gradient":""}}},"product_brand":[],"product_cat":[35],"product_tag":[],"class_list":{"0":"post-11204","1":"product","2":"type-product","3":"status-publish","4":"has-post-thumbnail","6":"product_cat-vaikams-ir-paaugliams","7":"desktop-align-left","8":"tablet-align-left","9":"mobile-align-left","11":"first","12":"instock","13":"shipping-taxable","14":"purchasable","15":"product-type-simple"},"acf":[],"yoast_head":"<!-- This site is optimized with the Yoast SEO plugin v27.0 - https:\/\/yoast.com\/product\/yoast-seo-wordpress\/ -->\n<title>Ar kat\u0117s turi bambas? Moksli\u0161ki atsakymai \u012f \u0161\u012f ir kitus 244 klausimus (apa\u010dioj i\u0161tepta) - Skaitytaknyga<\/title>\n<meta name=\"description\" content=\"\u0160ioje knygel\u0117je\u00a0&quot;Ar kat\u0117s turi bambas- Moksli\u0161ki atsakymai \u012f \u0161\u012f ir kitus 244 klausimus&quot;\u00a0surasi mokslinink\u0173 atsakymus \u012f visus tau svarbius, \u012fdomius ar net\" \/>\n<meta name=\"robots\" content=\"index, follow, max-snippet:-1, max-image-preview:large, max-video-preview:-1\" \/>\n<link rel=\"canonical\" href=\"https:\/\/skaitytaknyga.lt\/en\/produktas\/ar-kates-turi-bambas-moksliski-atsakymai-i-si-ir-kitus-244-klausimus-apacioj-istepta\/\" \/>\n<meta property=\"og:locale\" content=\"en_GB\" \/>\n<meta property=\"og:locale:alternate\" content=\"lt_LT\" \/>\n<meta property=\"og:type\" content=\"article\" \/>\n<meta property=\"og:title\" content=\"Ar kat\u0117s turi bambas? Moksli\u0161ki atsakymai \u012f \u0161\u012f ir kitus 244 klausimus (apa\u010dioj i\u0161tepta) - Skaitytaknyga\" \/>\n<meta property=\"og:description\" content=\"\u0160ioje knygel\u0117je\u00a0&quot;Ar kat\u0117s turi bambas- Moksli\u0161ki atsakymai \u012f \u0161\u012f ir kitus 244 klausimus&quot;\u00a0surasi mokslinink\u0173 atsakymus \u012f visus tau svarbius, \u012fdomius ar net\" \/>\n<meta property=\"og:url\" content=\"https:\/\/skaitytaknyga.lt\/en\/produktas\/ar-kates-turi-bambas-moksliski-atsakymai-i-si-ir-kitus-244-klausimus-apacioj-istepta\/\" \/>\n<meta property=\"og:site_name\" content=\"Skaitytaknyga\" \/>\n<meta property=\"article:publisher\" content=\"https:\/\/www.facebook.com\/skaitytaknyga\/\" \/>\n<meta property=\"article:modified_time\" content=\"2024-05-04T19:37:45+00:00\" \/>\n<meta property=\"og:image\" content=\"https:\/\/skaitytaknyga.lt\/wp-content\/uploads\/2024\/05\/ar-kates-turi-bambas.jpg\" \/>\n\t<meta property=\"og:image:width\" content=\"600\" \/>\n\t<meta property=\"og:image:height\" content=\"969\" \/>\n\t<meta property=\"og:image:type\" content=\"image\/jpeg\" \/>\n<meta name=\"twitter:card\" content=\"summary_large_image\" \/>\n<script type=\"application\/ld+json\" class=\"yoast-schema-graph\">{\"@context\":\"https:\/\/schema.org\",\"@graph\":[{\"@type\":\"WebPage\",\"@id\":\"https:\/\/skaitytaknyga.lt\/produktas\/ar-kates-turi-bambas-moksliski-atsakymai-i-si-ir-kitus-244-klausimus-apacioj-istepta\/\",\"url\":\"https:\/\/skaitytaknyga.lt\/produktas\/ar-kates-turi-bambas-moksliski-atsakymai-i-si-ir-kitus-244-klausimus-apacioj-istepta\/\",\"name\":\"Ar kat\u0117s turi bambas? Moksli\u0161ki atsakymai \u012f \u0161\u012f ir kitus 244 klausimus (apa\u010dioj i\u0161tepta) - Skaitytaknyga\",\"isPartOf\":{\"@id\":\"https:\/\/skaitytaknyga.lt\/#website\"},\"primaryImageOfPage\":{\"@id\":\"https:\/\/skaitytaknyga.lt\/produktas\/ar-kates-turi-bambas-moksliski-atsakymai-i-si-ir-kitus-244-klausimus-apacioj-istepta\/#primaryimage\"},\"image\":{\"@id\":\"https:\/\/skaitytaknyga.lt\/produktas\/ar-kates-turi-bambas-moksliski-atsakymai-i-si-ir-kitus-244-klausimus-apacioj-istepta\/#primaryimage\"},\"thumbnailUrl\":\"https:\/\/skaitytaknyga.lt\/wp-content\/uploads\/2024\/05\/ar-kates-turi-bambas.jpg\",\"datePublished\":\"2024-05-04T19:35:58+00:00\",\"dateModified\":\"2024-05-04T19:37:45+00:00\",\"description\":\"\u0160ioje knygel\u0117je\u00a0\\\"Ar kat\u0117s turi bambas- Moksli\u0161ki atsakymai \u012f \u0161\u012f ir kitus 244 klausimus\\\"\u00a0surasi mokslinink\u0173 atsakymus \u012f visus tau svarbius, \u012fdomius ar net\",\"breadcrumb\":{\"@id\":\"https:\/\/skaitytaknyga.lt\/produktas\/ar-kates-turi-bambas-moksliski-atsakymai-i-si-ir-kitus-244-klausimus-apacioj-istepta\/#breadcrumb\"},\"inLanguage\":\"en-GB\",\"potentialAction\":[{\"@type\":\"ReadAction\",\"target\":[\"https:\/\/skaitytaknyga.lt\/produktas\/ar-kates-turi-bambas-moksliski-atsakymai-i-si-ir-kitus-244-klausimus-apacioj-istepta\/\"]}]},{\"@type\":\"ImageObject\",\"inLanguage\":\"en-GB\",\"@id\":\"https:\/\/skaitytaknyga.lt\/produktas\/ar-kates-turi-bambas-moksliski-atsakymai-i-si-ir-kitus-244-klausimus-apacioj-istepta\/#primaryimage\",\"url\":\"https:\/\/skaitytaknyga.lt\/wp-content\/uploads\/2024\/05\/ar-kates-turi-bambas.jpg\",\"contentUrl\":\"https:\/\/skaitytaknyga.lt\/wp-content\/uploads\/2024\/05\/ar-kates-turi-bambas.jpg\",\"width\":600,\"height\":969},{\"@type\":\"BreadcrumbList\",\"@id\":\"https:\/\/skaitytaknyga.lt\/produktas\/ar-kates-turi-bambas-moksliski-atsakymai-i-si-ir-kitus-244-klausimus-apacioj-istepta\/#breadcrumb\",\"itemListElement\":[{\"@type\":\"ListItem\",\"position\":1,\"name\":\"Home\",\"item\":\"https:\/\/skaitytaknyga.lt\/\"},{\"@type\":\"ListItem\",\"position\":2,\"name\":\"Parduotuv\u0117\",\"item\":\"https:\/\/skaitytaknyga.lt\/knygu-parduotuve\/\"},{\"@type\":\"ListItem\",\"position\":3,\"name\":\"Ar kat\u0117s turi bambas? Moksli\u0161ki atsakymai \u012f \u0161\u012f ir kitus 244 klausimus (apa\u010dioj i\u0161tepta)\"}]},{\"@type\":\"WebSite\",\"@id\":\"https:\/\/skaitytaknyga.lt\/#website\",\"url\":\"https:\/\/skaitytaknyga.lt\/\",\"name\":\"skaitytaknyga.lt\",\"description\":\"Skaitytaknyga.lt \u2013 tai ma\u017eas \u0161eimos verslas, kuris prasid\u0117jo nuo meil\u0117s knygoms ir siekio i\u0161gelb\u0117ti knygas nuo likimo prie konteinerio. Kas vienam nereikalingas daiktas \u2013 kitam lobis, o mes esame tarpininkai, kurie padeda abiems tapti laimingesniems ???? \u017dinome kaip nelengva i\u0161gyventi ma\u017eiems verslams, tad nuo \u0161iol, \u010dia rasite ir kit\u0173, ma\u017e\u0173 \u0161eim\u0173 versl\u0173, rank\u0173 darbo, dovan\u0173 sau ir artimiesiems.\",\"publisher\":{\"@id\":\"https:\/\/skaitytaknyga.lt\/#organization\"},\"potentialAction\":[{\"@type\":\"SearchAction\",\"target\":{\"@type\":\"EntryPoint\",\"urlTemplate\":\"https:\/\/skaitytaknyga.lt\/?s={search_term_string}\"},\"query-input\":{\"@type\":\"PropertyValueSpecification\",\"valueRequired\":true,\"valueName\":\"search_term_string\"}}],\"inLanguage\":\"en-GB\"},{\"@type\":\"Organization\",\"@id\":\"https:\/\/skaitytaknyga.lt\/#organization\",\"name\":\"skaitytaknyga.lt\",\"url\":\"https:\/\/skaitytaknyga.lt\/\",\"logo\":{\"@type\":\"ImageObject\",\"inLanguage\":\"en-GB\",\"@id\":\"https:\/\/skaitytaknyga.lt\/#\/schema\/logo\/image\/\",\"url\":\"https:\/\/skaitytaknyga.lt\/wp-content\/uploads\/2024\/05\/cropped-cropped-cropped-02_00843_jt3bggkj1j3HLc7SyY6rEUpg.jpeg\",\"contentUrl\":\"https:\/\/skaitytaknyga.lt\/wp-content\/uploads\/2024\/05\/cropped-cropped-cropped-02_00843_jt3bggkj1j3HLc7SyY6rEUpg.jpeg\",\"width\":1600,\"height\":1600,\"caption\":\"skaitytaknyga.lt\"},\"image\":{\"@id\":\"https:\/\/skaitytaknyga.lt\/#\/schema\/logo\/image\/\"},\"sameAs\":[\"https:\/\/www.facebook.com\/skaitytaknyga\/\"]}]}<\/script>\n<!-- \/ Yoast SEO plugin. -->","yoast_head_json":{"title":"Ar kat\u0117s turi bambas? Moksli\u0161ki atsakymai \u012f \u0161\u012f ir kitus 244 klausimus (apa\u010dioj i\u0161tepta) - Skaitytaknyga","description":"\u0160ioje knygel\u0117je\u00a0\"Ar kat\u0117s turi bambas- Moksli\u0161ki atsakymai \u012f \u0161\u012f ir kitus 244 klausimus\"\u00a0surasi mokslinink\u0173 atsakymus \u012f visus tau svarbius, \u012fdomius ar net","robots":{"index":"index","follow":"follow","max-snippet":"max-snippet:-1","max-image-preview":"max-image-preview:large","max-video-preview":"max-video-preview:-1"},"canonical":"https:\/\/skaitytaknyga.lt\/en\/produktas\/ar-kates-turi-bambas-moksliski-atsakymai-i-si-ir-kitus-244-klausimus-apacioj-istepta\/","og_locale":"en_GB","og_type":"article","og_title":"Ar kat\u0117s turi bambas? Moksli\u0161ki atsakymai \u012f \u0161\u012f ir kitus 244 klausimus (apa\u010dioj i\u0161tepta) - Skaitytaknyga","og_description":"\u0160ioje knygel\u0117je\u00a0\"Ar kat\u0117s turi bambas- Moksli\u0161ki atsakymai \u012f \u0161\u012f ir kitus 244 klausimus\"\u00a0surasi mokslinink\u0173 atsakymus \u012f visus tau svarbius, \u012fdomius ar net","og_url":"https:\/\/skaitytaknyga.lt\/en\/produktas\/ar-kates-turi-bambas-moksliski-atsakymai-i-si-ir-kitus-244-klausimus-apacioj-istepta\/","og_site_name":"Skaitytaknyga","article_publisher":"https:\/\/www.facebook.com\/skaitytaknyga\/","article_modified_time":"2024-05-04T19:37:45+00:00","og_image":[{"width":600,"height":969,"url":"https:\/\/skaitytaknyga.lt\/wp-content\/uploads\/2024\/05\/ar-kates-turi-bambas.jpg","type":"image\/jpeg"}],"twitter_card":"summary_large_image","schema":{"@context":"https:\/\/schema.org","@graph":[{"@type":"WebPage","@id":"https:\/\/skaitytaknyga.lt\/produktas\/ar-kates-turi-bambas-moksliski-atsakymai-i-si-ir-kitus-244-klausimus-apacioj-istepta\/","url":"https:\/\/skaitytaknyga.lt\/produktas\/ar-kates-turi-bambas-moksliski-atsakymai-i-si-ir-kitus-244-klausimus-apacioj-istepta\/","name":"Ar kat\u0117s turi bambas? Moksli\u0161ki atsakymai \u012f \u0161\u012f ir kitus 244 klausimus (apa\u010dioj i\u0161tepta) - Skaitytaknyga","isPartOf":{"@id":"https:\/\/skaitytaknyga.lt\/#website"},"primaryImageOfPage":{"@id":"https:\/\/skaitytaknyga.lt\/produktas\/ar-kates-turi-bambas-moksliski-atsakymai-i-si-ir-kitus-244-klausimus-apacioj-istepta\/#primaryimage"},"image":{"@id":"https:\/\/skaitytaknyga.lt\/produktas\/ar-kates-turi-bambas-moksliski-atsakymai-i-si-ir-kitus-244-klausimus-apacioj-istepta\/#primaryimage"},"thumbnailUrl":"https:\/\/skaitytaknyga.lt\/wp-content\/uploads\/2024\/05\/ar-kates-turi-bambas.jpg","datePublished":"2024-05-04T19:35:58+00:00","dateModified":"2024-05-04T19:37:45+00:00","description":"\u0160ioje knygel\u0117je\u00a0\"Ar kat\u0117s turi bambas- Moksli\u0161ki atsakymai \u012f \u0161\u012f ir kitus 244 klausimus\"\u00a0surasi mokslinink\u0173 atsakymus \u012f visus tau svarbius, \u012fdomius ar net","breadcrumb":{"@id":"https:\/\/skaitytaknyga.lt\/produktas\/ar-kates-turi-bambas-moksliski-atsakymai-i-si-ir-kitus-244-klausimus-apacioj-istepta\/#breadcrumb"},"inLanguage":"en-GB","potentialAction":[{"@type":"ReadAction","target":["https:\/\/skaitytaknyga.lt\/produktas\/ar-kates-turi-bambas-moksliski-atsakymai-i-si-ir-kitus-244-klausimus-apacioj-istepta\/"]}]},{"@type":"ImageObject","inLanguage":"en-GB","@id":"https:\/\/skaitytaknyga.lt\/produktas\/ar-kates-turi-bambas-moksliski-atsakymai-i-si-ir-kitus-244-klausimus-apacioj-istepta\/#primaryimage","url":"https:\/\/skaitytaknyga.lt\/wp-content\/uploads\/2024\/05\/ar-kates-turi-bambas.jpg","contentUrl":"https:\/\/skaitytaknyga.lt\/wp-content\/uploads\/2024\/05\/ar-kates-turi-bambas.jpg","width":600,"height":969},{"@type":"BreadcrumbList","@id":"https:\/\/skaitytaknyga.lt\/produktas\/ar-kates-turi-bambas-moksliski-atsakymai-i-si-ir-kitus-244-klausimus-apacioj-istepta\/#breadcrumb","itemListElement":[{"@type":"ListItem","position":1,"name":"Home","item":"https:\/\/skaitytaknyga.lt\/"},{"@type":"ListItem","position":2,"name":"Parduotuv\u0117","item":"https:\/\/skaitytaknyga.lt\/knygu-parduotuve\/"},{"@type":"ListItem","position":3,"name":"Ar kat\u0117s turi bambas? Moksli\u0161ki atsakymai \u012f \u0161\u012f ir kitus 244 klausimus (apa\u010dioj i\u0161tepta)"}]},{"@type":"WebSite","@id":"https:\/\/skaitytaknyga.lt\/#website","url":"https:\/\/skaitytaknyga.lt\/","name":"skaitytaknyga.lt","description":"Skaitytaknyga.lt \u2013 tai ma\u017eas \u0161eimos verslas, kuris prasid\u0117jo nuo meil\u0117s knygoms ir siekio i\u0161gelb\u0117ti knygas nuo likimo prie konteinerio. Kas vienam nereikalingas daiktas \u2013 kitam lobis, o mes esame tarpininkai, kurie padeda abiems tapti laimingesniems ???? \u017dinome kaip nelengva i\u0161gyventi ma\u017eiems verslams, tad nuo \u0161iol, \u010dia rasite ir kit\u0173, ma\u017e\u0173 \u0161eim\u0173 versl\u0173, rank\u0173 darbo, dovan\u0173 sau ir artimiesiems.","publisher":{"@id":"https:\/\/skaitytaknyga.lt\/#organization"},"potentialAction":[{"@type":"SearchAction","target":{"@type":"EntryPoint","urlTemplate":"https:\/\/skaitytaknyga.lt\/?s={search_term_string}"},"query-input":{"@type":"PropertyValueSpecification","valueRequired":true,"valueName":"search_term_string"}}],"inLanguage":"en-GB"},{"@type":"Organization","@id":"https:\/\/skaitytaknyga.lt\/#organization","name":"skaitytaknyga.lt","url":"https:\/\/skaitytaknyga.lt\/","logo":{"@type":"ImageObject","inLanguage":"en-GB","@id":"https:\/\/skaitytaknyga.lt\/#\/schema\/logo\/image\/","url":"https:\/\/skaitytaknyga.lt\/wp-content\/uploads\/2024\/05\/cropped-cropped-cropped-02_00843_jt3bggkj1j3HLc7SyY6rEUpg.jpeg","contentUrl":"https:\/\/skaitytaknyga.lt\/wp-content\/uploads\/2024\/05\/cropped-cropped-cropped-02_00843_jt3bggkj1j3HLc7SyY6rEUpg.jpeg","width":1600,"height":1600,"caption":"skaitytaknyga.lt"},"image":{"@id":"https:\/\/skaitytaknyga.lt\/#\/schema\/logo\/image\/"},"sameAs":["https:\/\/www.facebook.com\/skaitytaknyga\/"]}]}},"_links":{"self":[{"href":"https:\/\/skaitytaknyga.lt\/en\/wp-json\/wp\/v2\/product\/11204","targetHints":{"allow":["GET"]}}],"collection":[{"href":"https:\/\/skaitytaknyga.lt\/en\/wp-json\/wp\/v2\/product"}],"about":[{"href":"https:\/\/skaitytaknyga.lt\/en\/wp-json\/wp\/v2\/types\/product"}],"replies":[{"embeddable":true,"href":"https:\/\/skaitytaknyga.lt\/en\/wp-json\/wp\/v2\/comments?post=11204"}],"wp:featuredmedia":[{"embeddable":true,"href":"https:\/\/skaitytaknyga.lt\/en\/wp-json\/wp\/v2\/media\/11236"}],"wp:attachment":[{"href":"https:\/\/skaitytaknyga.lt\/en\/wp-json\/wp\/v2\/media?parent=11204"}],"wp:term":[{"taxonomy":"product_brand","embeddable":true,"href":"https:\/\/skaitytaknyga.lt\/en\/wp-json\/wp\/v2\/product_brand?post=11204"},{"taxonomy":"product_cat","embeddable":true,"href":"https:\/\/skaitytaknyga.lt\/en\/wp-json\/wp\/v2\/product_cat?post=11204"},{"taxonomy":"product_tag","embeddable":true,"href":"https:\/\/skaitytaknyga.lt\/en\/wp-json\/wp\/v2\/product_tag?post=11204"}],"curies":[{"name":"wp","href":"https:\/\/api.w.org\/{rel}","templated":true}]}}