{"id":11196,"date":"2024-05-04T19:35:35","date_gmt":"2024-05-04T19:35:35","guid":{"rendered":"https:\/\/skaitytaknyga.lt\/?post_type=product&#038;p=11196"},"modified":"2026-03-05T10:36:25","modified_gmt":"2026-03-05T08:36:25","slug":"jo-nesbo-tarakonai","status":"publish","type":"product","link":"https:\/\/skaitytaknyga.lt\/en\/produktas\/jo-nesbo-tarakonai\/","title":{"rendered":"Tarakonai"},"content":{"rendered":"<div class=\"book-descript-wrapper\">\n<section class=\"product-descript more-content-wrapper\">\n<div class=\"\">\n<p><b>\u201eTarakonai\u201c<\/b>\u00a0t\u0119sia knyg\u0173 cikl\u0105 apie inspektori\u0173 Har\u012f H\u016bl\u0119. Tai antroji Jo Nesbo, kriminalini\u0173 roman\u0173 \u017eanro meistro, para\u0161yta serijos dalis, nukelianti \u012f tolim\u0105j\u012f Bankok\u0105, kur skaitytoj\u0173 pam\u0117gtas veik\u0117jas bandys i\u0161siai\u0161kinti, kas nu\u017eud\u0117 Norvegijos ambasadori\u0173.<\/p>\n<p>Haris H\u016bl\u0117 siun\u010diamas \u012f Tailand\u0105 i\u0161siai\u0161kinti miglot\u0173 ambasadoriaus \u017emog\u017eudyst\u0117s aplinkybi\u0173 bei pasir\u016bpinti, kad skandalingi faktai nei\u0161l\u012fst\u0173 \u012f vie\u0161um\u0105. Ambasadorius nu\u017eudytas vie\u0161namyje. Ta\u010diau Haris H\u016bl\u0117 ne tas \u017emogus, kuriam r\u016bpi i\u0161laikyti savo ar kit\u0173 reputacij\u0105. Jam daug svarbiau i\u0161ai\u0161kinti byl\u0105. \u017dinoma, toks po\u017ei\u016bris nepadeda susirasti draug\u0173 svetimoje \u0161alyje.<\/p>\n<p>Jo Nesbo, supa\u017eindin\u0119s skaitytojus su Hariu H\u016ble pirmoje knygoje \u201e\u0160ik\u0161nosparnis\u201c, \u0161\u012f kart\u0105 atskleid\u017eia jo a\u0161tr\u0173 prot\u0105 ir m\u0105stymo b\u016bd\u0105. Be to, skaitytoj\u0173 laukia vaizdingi neturistin\u0117s Bankoko pus\u0117s apra\u0161ymai, opiumo landyn\u0117s, \u0161ventyklos, purvinos gatv\u0117s bei Hario kova su priklausomyb\u0117mis.<\/p>\n<p>\u201eTarakonai\u201c \u2013 \u012ftraukiantis detektyvas apie politikos u\u017ekulisius, intrigas ir organizuot\u0105 nusikalstamum\u0105. I\u0161 viso Jo Nesbo suk\u016br\u0117 dvylika dali\u0173 apie inspektori\u0173 Har\u012f H\u016bl\u0119 ir kiekvienoje jis vis geriau atsiskleid\u017eia. Tai vienas ry\u0161kiausi\u0173 \u0161i\u0173 laik\u0173 literat\u016bros antiheroj\u0173, o ra\u0161ytojas ir jo k\u016briniai populiar\u016bs visame pasaulyje.<\/p>\n<ul class=\"about-product d-none d-xl-block mt-4\">\n<li><strong>Originalus pavadinimas:<\/strong>\u00a0Kakerlakkene<\/li>\n<li><strong>Autorius:<\/strong><a href=\"https:\/\/skaitytaknyga.lt\/?s=nesbo&#038;post_type=product&#038;dgwt_wcas=1\">\u00a0<\/a><a href=\"https:\/\/www.knygos.lt\/lt\/knygos\/autorius\/jo-nesbo-\/\">Jo Nesb\u00f8<\/a><\/li>\n<li><strong>Leid\u0117jas:<\/strong>\u00a0Baltos lankos<\/li>\n<li><strong>Metai:<\/strong>\u00a02021<\/li>\n<li><strong>Puslapiai:<\/strong>\u00a0352<\/li>\n<li><strong>ISBN:<\/strong>\u00a09789955238805<\/li>\n<li><strong>Formatas:<\/strong>\u00a015 x 22 x 2,8 cm, kieti vir\u0161eliai<\/li>\n<li><strong>Kalba:<\/strong>\u00a0Lietuvi\u0173<\/li>\n<li><strong>Vert\u0117jas:<\/strong>\u00a0Rima Ciburevkinait\u0117<\/li>\n<\/ul>\n<\/div>\n<\/section>\n<\/div>\n","protected":false},"excerpt":{"rendered":"<p>\u201eTarakonai\u201c\u00a0t\u0119sia knyg\u0173 cikl\u0105 apie inspektori\u0173 Har\u012f H\u016bl\u0119. Tai antroji Jo Nesbo, kriminalini\u0173 roman\u0173 \u017eanro meistro, para\u0161yta serijos dalis, nukelianti \u012f tolim\u0105j\u012f Bankok\u0105, kur skaitytoj\u0173 pam\u0117gtas veik\u0117jas bandys i\u0161siai\u0161kinti, kas nu\u017eud\u0117 Norvegijos ambasadori\u0173. Haris H\u016bl\u0117 siun\u010diamas \u012f Tailand\u0105 i\u0161siai\u0161kinti miglot\u0173 ambasadoriaus \u017emog\u017eudyst\u0117s aplinkybi\u0173 bei pasir\u016bpinti, kad skandalingi faktai nei\u0161l\u012fst\u0173 \u012f vie\u0161um\u0105. Ambasadorius nu\u017eudytas vie\u0161namyje. Ta\u010diau Haris H\u016bl\u0117 ne tas \u017emogus, kuriam r\u016bpi i\u0161laikyti savo ar kit\u0173 reputacij\u0105. Jam daug svarbiau i\u0161ai\u0161kinti byl\u0105. \u017dinoma, toks po\u017ei\u016bris nepadeda susirasti draug\u0173 svetimoje \u0161alyje. Jo Nesbo, supa\u017eindin\u0119s skaitytojus su Hariu H\u016ble pirmoje knygoje \u201e\u0160ik\u0161nosparnis\u201c, \u0161\u012f kart\u0105 atskleid\u017eia jo a\u0161tr\u0173 prot\u0105 ir m\u0105stymo b\u016bd\u0105. Be to, skaitytoj\u0173 laukia vaizdingi neturistin\u0117s Bankoko pus\u0117s apra\u0161ymai, opiumo landyn\u0117s, \u0161ventyklos, purvinos gatv\u0117s bei Hario kova su priklausomyb\u0117mis. \u201eTarakonai\u201c \u2013 \u012ftraukiantis detektyvas apie politikos u\u017ekulisius, intrigas ir organizuot\u0105 nusikalstamum\u0105. I\u0161 viso Jo Nesbo suk\u016br\u0117 dvylika dali\u0173 apie inspektori\u0173 Har\u012f H\u016bl\u0119 ir kiekvienoje jis vis geriau atsiskleid\u017eia. Tai vienas ry\u0161kiausi\u0173 \u0161i\u0173 laik\u0173 literat\u016bros antiheroj\u0173, o ra\u0161ytojas ir jo k\u016briniai populiar\u016bs visame pasaulyje. Originalus pavadinimas:\u00a0Kakerlakkene Autorius:\u00a0Jo Nesb\u00f8 Leid\u0117jas:\u00a0Baltos lankos Metai:\u00a02021 Puslapiai:\u00a0352 ISBN:\u00a09789955238805 Formatas:\u00a015 x 22 x 2,8 cm, kieti vir\u0161eliai Kalba:\u00a0Lietuvi\u0173 Vert\u0117jas:\u00a0Rima Ciburevkinait\u0117<\/p>\n","protected":false},"featured_media":11234,"comment_status":"closed","ping_status":"closed","template":"","meta":{"_acf_changed":false,"site-sidebar-layout":"default","site-content-layout":"","ast-site-content-layout":"default","site-content-style":"default","site-sidebar-style":"default","ast-global-header-display":"","ast-banner-title-visibility":"","ast-main-header-display":"","ast-hfb-above-header-display":"","ast-hfb-below-header-display":"","ast-hfb-mobile-header-display":"","site-post-title":"","ast-breadcrumbs-content":"","ast-featured-img":"","footer-sml-layout":"","ast-disable-related-posts":"","theme-transparent-header-meta":"default","adv-header-id-meta":"","stick-header-meta":"","header-above-stick-meta":"","header-main-stick-meta":"","header-below-stick-meta":"","astra-migrate-meta-layouts":"set","ast-page-background-enabled":"default","ast-page-background-meta":{"desktop":{"background-color":"","background-image":"","background-repeat":"repeat","background-position":"center center","background-size":"auto","background-attachment":"scroll","background-type":"","background-media":"","overlay-type":"","overlay-color":"","overlay-opacity":"","overlay-gradient":""},"tablet":{"background-color":"","background-image":"","background-repeat":"repeat","background-position":"center center","background-size":"auto","background-attachment":"scroll","background-type":"","background-media":"","overlay-type":"","overlay-color":"","overlay-opacity":"","overlay-gradient":""},"mobile":{"background-color":"","background-image":"","background-repeat":"repeat","background-position":"center center","background-size":"auto","background-attachment":"scroll","background-type":"","background-media":"","overlay-type":"","overlay-color":"","overlay-opacity":"","overlay-gradient":""}},"ast-content-background-meta":{"desktop":{"background-color":"var(--ast-global-color-4)","background-image":"","background-repeat":"repeat","background-position":"center center","background-size":"auto","background-attachment":"scroll","background-type":"","background-media":"","overlay-type":"","overlay-color":"","overlay-opacity":"","overlay-gradient":""},"tablet":{"background-color":"var(--ast-global-color-4)","background-image":"","background-repeat":"repeat","background-position":"center center","background-size":"auto","background-attachment":"scroll","background-type":"","background-media":"","overlay-type":"","overlay-color":"","overlay-opacity":"","overlay-gradient":""},"mobile":{"background-color":"var(--ast-global-color-4)","background-image":"","background-repeat":"repeat","background-position":"center center","background-size":"auto","background-attachment":"scroll","background-type":"","background-media":"","overlay-type":"","overlay-color":"","overlay-opacity":"","overlay-gradient":""}}},"product_brand":[],"product_cat":[9581],"product_tag":[1476,1605,2030],"class_list":{"0":"post-11196","1":"product","2":"type-product","3":"status-publish","4":"has-post-thumbnail","6":"product_cat-kriminaliniai-romanai","7":"product_tag-detektyvas","8":"product_tag-haris-hule","9":"product_tag-skandinavija","10":"desktop-align-left","11":"tablet-align-left","12":"mobile-align-left","14":"first","15":"outofstock","16":"shipping-taxable","17":"purchasable","18":"product-type-simple"},"acf":[],"yoast_head":"<!-- This site is optimized with the Yoast SEO plugin v27.0 - https:\/\/yoast.com\/product\/yoast-seo-wordpress\/ -->\n<title>Tarakonai<\/title>\n<meta name=\"description\" content=\"\u201eTarakonai\u201c\u00a0t\u0119sia knyg\u0173 cikl\u0105 apie inspektori\u0173 Har\u012f H\u016bl\u0119. Tai antroji Jo Nesbo, kriminalini\u0173 roman\u0173 \u017eanro meistro, para\u0161yta serijos dalis, nukelianti \u012f\" \/>\n<meta name=\"robots\" content=\"index, follow, max-snippet:-1, max-image-preview:large, max-video-preview:-1\" \/>\n<link rel=\"canonical\" href=\"https:\/\/skaitytaknyga.lt\/en\/produktas\/jo-nesbo-tarakonai\/\" \/>\n<meta property=\"og:locale\" content=\"en_GB\" \/>\n<meta property=\"og:locale:alternate\" content=\"lt_LT\" \/>\n<meta property=\"og:type\" content=\"article\" \/>\n<meta property=\"og:title\" content=\"Tarakonai\" \/>\n<meta property=\"og:description\" content=\"\u201eTarakonai\u201c\u00a0t\u0119sia knyg\u0173 cikl\u0105 apie inspektori\u0173 Har\u012f H\u016bl\u0119. Tai antroji Jo Nesbo, kriminalini\u0173 roman\u0173 \u017eanro meistro, para\u0161yta serijos dalis, nukelianti \u012f\" \/>\n<meta property=\"og:url\" content=\"https:\/\/skaitytaknyga.lt\/en\/produktas\/jo-nesbo-tarakonai\/\" \/>\n<meta property=\"og:site_name\" content=\"Skaitytaknyga\" \/>\n<meta property=\"article:publisher\" content=\"https:\/\/www.facebook.com\/skaitytaknyga\/\" \/>\n<meta property=\"article:modified_time\" content=\"2026-03-05T08:36:25+00:00\" \/>\n<meta property=\"og:image\" content=\"https:\/\/skaitytaknyga.lt\/wp-content\/uploads\/2024\/05\/7523880_2-1000x1000-1-e1727519501156.jpg\" \/>\n\t<meta property=\"og:image:width\" content=\"701\" \/>\n\t<meta property=\"og:image:height\" content=\"1000\" \/>\n\t<meta property=\"og:image:type\" content=\"image\/jpeg\" \/>\n<meta name=\"twitter:card\" content=\"summary_large_image\" \/>\n<meta name=\"twitter:label1\" content=\"Estimated reading time\" \/>\n\t<meta name=\"twitter:data1\" content=\"2 minutes\" \/>\n<script type=\"application\/ld+json\" class=\"yoast-schema-graph\">{\"@context\":\"https:\/\/schema.org\",\"@graph\":[{\"@type\":\"WebPage\",\"@id\":\"https:\/\/skaitytaknyga.lt\/produktas\/jo-nesbo-tarakonai\/\",\"url\":\"https:\/\/skaitytaknyga.lt\/produktas\/jo-nesbo-tarakonai\/\",\"name\":\"Tarakonai\",\"isPartOf\":{\"@id\":\"https:\/\/skaitytaknyga.lt\/#website\"},\"primaryImageOfPage\":{\"@id\":\"https:\/\/skaitytaknyga.lt\/produktas\/jo-nesbo-tarakonai\/#primaryimage\"},\"image\":{\"@id\":\"https:\/\/skaitytaknyga.lt\/produktas\/jo-nesbo-tarakonai\/#primaryimage\"},\"thumbnailUrl\":\"https:\/\/skaitytaknyga.lt\/wp-content\/uploads\/2024\/05\/7523880_2-1000x1000-1-e1727519501156.jpg\",\"datePublished\":\"2024-05-04T19:35:35+00:00\",\"dateModified\":\"2026-03-05T08:36:25+00:00\",\"description\":\"\u201eTarakonai\u201c\u00a0t\u0119sia knyg\u0173 cikl\u0105 apie inspektori\u0173 Har\u012f H\u016bl\u0119. Tai antroji Jo Nesbo, kriminalini\u0173 roman\u0173 \u017eanro meistro, para\u0161yta serijos dalis, nukelianti \u012f\",\"breadcrumb\":{\"@id\":\"https:\/\/skaitytaknyga.lt\/produktas\/jo-nesbo-tarakonai\/#breadcrumb\"},\"inLanguage\":\"en-GB\",\"potentialAction\":[{\"@type\":\"ReadAction\",\"target\":[\"https:\/\/skaitytaknyga.lt\/produktas\/jo-nesbo-tarakonai\/\"]}]},{\"@type\":\"ImageObject\",\"inLanguage\":\"en-GB\",\"@id\":\"https:\/\/skaitytaknyga.lt\/produktas\/jo-nesbo-tarakonai\/#primaryimage\",\"url\":\"https:\/\/skaitytaknyga.lt\/wp-content\/uploads\/2024\/05\/7523880_2-1000x1000-1-e1727519501156.jpg\",\"contentUrl\":\"https:\/\/skaitytaknyga.lt\/wp-content\/uploads\/2024\/05\/7523880_2-1000x1000-1-e1727519501156.jpg\",\"width\":701,\"height\":1000,\"caption\":\"Nesbo Tarakonai\"},{\"@type\":\"BreadcrumbList\",\"@id\":\"https:\/\/skaitytaknyga.lt\/produktas\/jo-nesbo-tarakonai\/#breadcrumb\",\"itemListElement\":[{\"@type\":\"ListItem\",\"position\":1,\"name\":\"Home\",\"item\":\"https:\/\/skaitytaknyga.lt\/\"},{\"@type\":\"ListItem\",\"position\":2,\"name\":\"Parduotuv\u0117\",\"item\":\"https:\/\/skaitytaknyga.lt\/knygu-parduotuve\/\"},{\"@type\":\"ListItem\",\"position\":3,\"name\":\"Tarakonai\"}]},{\"@type\":\"WebSite\",\"@id\":\"https:\/\/skaitytaknyga.lt\/#website\",\"url\":\"https:\/\/skaitytaknyga.lt\/\",\"name\":\"skaitytaknyga.lt\",\"description\":\"Skaitytaknyga.lt \u2013 tai ma\u017eas \u0161eimos verslas, kuris prasid\u0117jo nuo meil\u0117s knygoms ir siekio i\u0161gelb\u0117ti knygas nuo likimo prie konteinerio. Kas vienam nereikalingas daiktas \u2013 kitam lobis, o mes esame tarpininkai, kurie padeda abiems tapti laimingesniems ???? \u017dinome kaip nelengva i\u0161gyventi ma\u017eiems verslams, tad nuo \u0161iol, \u010dia rasite ir kit\u0173, ma\u017e\u0173 \u0161eim\u0173 versl\u0173, rank\u0173 darbo, dovan\u0173 sau ir artimiesiems.\",\"publisher\":{\"@id\":\"https:\/\/skaitytaknyga.lt\/#organization\"},\"potentialAction\":[{\"@type\":\"SearchAction\",\"target\":{\"@type\":\"EntryPoint\",\"urlTemplate\":\"https:\/\/skaitytaknyga.lt\/?s={search_term_string}\"},\"query-input\":{\"@type\":\"PropertyValueSpecification\",\"valueRequired\":true,\"valueName\":\"search_term_string\"}}],\"inLanguage\":\"en-GB\"},{\"@type\":\"Organization\",\"@id\":\"https:\/\/skaitytaknyga.lt\/#organization\",\"name\":\"skaitytaknyga.lt\",\"url\":\"https:\/\/skaitytaknyga.lt\/\",\"logo\":{\"@type\":\"ImageObject\",\"inLanguage\":\"en-GB\",\"@id\":\"https:\/\/skaitytaknyga.lt\/#\/schema\/logo\/image\/\",\"url\":\"https:\/\/skaitytaknyga.lt\/wp-content\/uploads\/2024\/05\/cropped-cropped-cropped-02_00843_jt3bggkj1j3HLc7SyY6rEUpg.jpeg\",\"contentUrl\":\"https:\/\/skaitytaknyga.lt\/wp-content\/uploads\/2024\/05\/cropped-cropped-cropped-02_00843_jt3bggkj1j3HLc7SyY6rEUpg.jpeg\",\"width\":1600,\"height\":1600,\"caption\":\"skaitytaknyga.lt\"},\"image\":{\"@id\":\"https:\/\/skaitytaknyga.lt\/#\/schema\/logo\/image\/\"},\"sameAs\":[\"https:\/\/www.facebook.com\/skaitytaknyga\/\"]}]}<\/script>\n<!-- \/ Yoast SEO plugin. -->","yoast_head_json":{"title":"Tarakonai","description":"\u201eTarakonai\u201c\u00a0t\u0119sia knyg\u0173 cikl\u0105 apie inspektori\u0173 Har\u012f H\u016bl\u0119. Tai antroji Jo Nesbo, kriminalini\u0173 roman\u0173 \u017eanro meistro, para\u0161yta serijos dalis, nukelianti \u012f","robots":{"index":"index","follow":"follow","max-snippet":"max-snippet:-1","max-image-preview":"max-image-preview:large","max-video-preview":"max-video-preview:-1"},"canonical":"https:\/\/skaitytaknyga.lt\/en\/produktas\/jo-nesbo-tarakonai\/","og_locale":"en_GB","og_type":"article","og_title":"[:lt]Tarakonai[:] - Skaitytaknyga","og_description":"\u201eTarakonai\u201c\u00a0t\u0119sia knyg\u0173 cikl\u0105 apie inspektori\u0173 Har\u012f H\u016bl\u0119. Tai antroji Jo Nesbo, kriminalini\u0173 roman\u0173 \u017eanro meistro, para\u0161yta serijos dalis, nukelianti \u012f","og_url":"https:\/\/skaitytaknyga.lt\/en\/produktas\/jo-nesbo-tarakonai\/","og_site_name":"Skaitytaknyga","article_publisher":"https:\/\/www.facebook.com\/skaitytaknyga\/","article_modified_time":"2026-03-05T08:36:25+00:00","og_image":[{"width":701,"height":1000,"url":"https:\/\/skaitytaknyga.lt\/wp-content\/uploads\/2024\/05\/7523880_2-1000x1000-1-e1727519501156.jpg","type":"image\/jpeg"}],"twitter_card":"summary_large_image","twitter_misc":{"Estimated reading time":"2 minutes"},"schema":{"@context":"https:\/\/schema.org","@graph":[{"@type":"WebPage","@id":"https:\/\/skaitytaknyga.lt\/produktas\/jo-nesbo-tarakonai\/","url":"https:\/\/skaitytaknyga.lt\/produktas\/jo-nesbo-tarakonai\/","name":"Tarakonai","isPartOf":{"@id":"https:\/\/skaitytaknyga.lt\/#website"},"primaryImageOfPage":{"@id":"https:\/\/skaitytaknyga.lt\/produktas\/jo-nesbo-tarakonai\/#primaryimage"},"image":{"@id":"https:\/\/skaitytaknyga.lt\/produktas\/jo-nesbo-tarakonai\/#primaryimage"},"thumbnailUrl":"https:\/\/skaitytaknyga.lt\/wp-content\/uploads\/2024\/05\/7523880_2-1000x1000-1-e1727519501156.jpg","datePublished":"2024-05-04T19:35:35+00:00","dateModified":"2026-03-05T08:36:25+00:00","description":"\u201eTarakonai\u201c\u00a0t\u0119sia knyg\u0173 cikl\u0105 apie inspektori\u0173 Har\u012f H\u016bl\u0119. Tai antroji Jo Nesbo, kriminalini\u0173 roman\u0173 \u017eanro meistro, para\u0161yta serijos dalis, nukelianti \u012f","breadcrumb":{"@id":"https:\/\/skaitytaknyga.lt\/produktas\/jo-nesbo-tarakonai\/#breadcrumb"},"inLanguage":"en-GB","potentialAction":[{"@type":"ReadAction","target":["https:\/\/skaitytaknyga.lt\/produktas\/jo-nesbo-tarakonai\/"]}]},{"@type":"ImageObject","inLanguage":"en-GB","@id":"https:\/\/skaitytaknyga.lt\/produktas\/jo-nesbo-tarakonai\/#primaryimage","url":"https:\/\/skaitytaknyga.lt\/wp-content\/uploads\/2024\/05\/7523880_2-1000x1000-1-e1727519501156.jpg","contentUrl":"https:\/\/skaitytaknyga.lt\/wp-content\/uploads\/2024\/05\/7523880_2-1000x1000-1-e1727519501156.jpg","width":701,"height":1000,"caption":"Nesbo Tarakonai"},{"@type":"BreadcrumbList","@id":"https:\/\/skaitytaknyga.lt\/produktas\/jo-nesbo-tarakonai\/#breadcrumb","itemListElement":[{"@type":"ListItem","position":1,"name":"Home","item":"https:\/\/skaitytaknyga.lt\/"},{"@type":"ListItem","position":2,"name":"Parduotuv\u0117","item":"https:\/\/skaitytaknyga.lt\/knygu-parduotuve\/"},{"@type":"ListItem","position":3,"name":"Tarakonai"}]},{"@type":"WebSite","@id":"https:\/\/skaitytaknyga.lt\/#website","url":"https:\/\/skaitytaknyga.lt\/","name":"skaitytaknyga.lt","description":"Skaitytaknyga.lt \u2013 tai ma\u017eas \u0161eimos verslas, kuris prasid\u0117jo nuo meil\u0117s knygoms ir siekio i\u0161gelb\u0117ti knygas nuo likimo prie konteinerio. Kas vienam nereikalingas daiktas \u2013 kitam lobis, o mes esame tarpininkai, kurie padeda abiems tapti laimingesniems ???? \u017dinome kaip nelengva i\u0161gyventi ma\u017eiems verslams, tad nuo \u0161iol, \u010dia rasite ir kit\u0173, ma\u017e\u0173 \u0161eim\u0173 versl\u0173, rank\u0173 darbo, dovan\u0173 sau ir artimiesiems.","publisher":{"@id":"https:\/\/skaitytaknyga.lt\/#organization"},"potentialAction":[{"@type":"SearchAction","target":{"@type":"EntryPoint","urlTemplate":"https:\/\/skaitytaknyga.lt\/?s={search_term_string}"},"query-input":{"@type":"PropertyValueSpecification","valueRequired":true,"valueName":"search_term_string"}}],"inLanguage":"en-GB"},{"@type":"Organization","@id":"https:\/\/skaitytaknyga.lt\/#organization","name":"skaitytaknyga.lt","url":"https:\/\/skaitytaknyga.lt\/","logo":{"@type":"ImageObject","inLanguage":"en-GB","@id":"https:\/\/skaitytaknyga.lt\/#\/schema\/logo\/image\/","url":"https:\/\/skaitytaknyga.lt\/wp-content\/uploads\/2024\/05\/cropped-cropped-cropped-02_00843_jt3bggkj1j3HLc7SyY6rEUpg.jpeg","contentUrl":"https:\/\/skaitytaknyga.lt\/wp-content\/uploads\/2024\/05\/cropped-cropped-cropped-02_00843_jt3bggkj1j3HLc7SyY6rEUpg.jpeg","width":1600,"height":1600,"caption":"skaitytaknyga.lt"},"image":{"@id":"https:\/\/skaitytaknyga.lt\/#\/schema\/logo\/image\/"},"sameAs":["https:\/\/www.facebook.com\/skaitytaknyga\/"]}]}},"_links":{"self":[{"href":"https:\/\/skaitytaknyga.lt\/en\/wp-json\/wp\/v2\/product\/11196","targetHints":{"allow":["GET"]}}],"collection":[{"href":"https:\/\/skaitytaknyga.lt\/en\/wp-json\/wp\/v2\/product"}],"about":[{"href":"https:\/\/skaitytaknyga.lt\/en\/wp-json\/wp\/v2\/types\/product"}],"replies":[{"embeddable":true,"href":"https:\/\/skaitytaknyga.lt\/en\/wp-json\/wp\/v2\/comments?post=11196"}],"wp:featuredmedia":[{"embeddable":true,"href":"https:\/\/skaitytaknyga.lt\/en\/wp-json\/wp\/v2\/media\/11234"}],"wp:attachment":[{"href":"https:\/\/skaitytaknyga.lt\/en\/wp-json\/wp\/v2\/media?parent=11196"}],"wp:term":[{"taxonomy":"product_brand","embeddable":true,"href":"https:\/\/skaitytaknyga.lt\/en\/wp-json\/wp\/v2\/product_brand?post=11196"},{"taxonomy":"product_cat","embeddable":true,"href":"https:\/\/skaitytaknyga.lt\/en\/wp-json\/wp\/v2\/product_cat?post=11196"},{"taxonomy":"product_tag","embeddable":true,"href":"https:\/\/skaitytaknyga.lt\/en\/wp-json\/wp\/v2\/product_tag?post=11196"}],"curies":[{"name":"wp","href":"https:\/\/api.w.org\/{rel}","templated":true}]}}