{"id":11195,"date":"2024-05-04T19:35:35","date_gmt":"2024-05-04T19:35:35","guid":{"rendered":"https:\/\/skaitytaknyga.lt\/?post_type=product&#038;p=11195"},"modified":"2026-03-18T11:20:15","modified_gmt":"2026-03-18T09:20:15","slug":"egle-zalciu-karaliene-buvo-uzsilenke-du-lapai","status":"publish","type":"product","link":"https:\/\/skaitytaknyga.lt\/en\/produktas\/egle-zalciu-karaliene-buvo-uzsilenke-du-lapai\/","title":{"rendered":"Egl\u0117 \u017eal\u010di\u0173 karalien\u0117 (buvo u\u017esilenk\u0119 du lapai)"},"content":{"rendered":"<div class=\"tab-content col-xs-12\">\n<div id=\"tab-description\" class=\"tab-pane active\">\n<ul class=\"nav nav-tabs font-sn\">\n<li>Garsiausia lietuvi\u0173 liaudies pasaka, gabios poet\u0117s Salom\u0117jos N\u0117ries rankose virtusi \u012ftaigia poema, atgimsta su naujomis puikiomis iliustracijomis!\n<p>\u201eEgl\u0117 \u017eal\u010di\u0173 karalien\u0117&#8221;&#8221; \u2013 vienas unikaliausi\u0173 lietuvi\u0173 tautos pasakojim\u0173, atspindintis m\u016bs\u0173 tautos labai gilias ir senas kolektyvin\u0117s pas\u0105mon\u0117s strukt\u016bras. Eiliuotas \u0161ios pasakos variantas \u2013 Salom\u0117jos N\u0117ries poema \u201eEgl\u0117 \u017eal\u010di\u0173 karalien\u0117&#8221;&#8221; \u2013 vaik\u0173 literat\u016bros ekspert\u0173 sudarytame Reik\u0161mingiausi\u0173 lietuvi\u0173 autori\u0173 knyg\u0173 vaikams \u0161imtuke u\u017e\u0117m\u0117 garbingiausi\u0105 pirm\u0105 viet\u0105. Tobul\u0105 \u0161ios eiliuotos pasakos skambes\u012f pripa\u017eino literat\u016bros specialistai ir m\u0117g\u0117jai. D\u017eiugu, kad \u0161is k\u016brinys gavo modernius spalvotus drabu\u017eius \u2013 Redos Tomingas iliustracijas. Dailinink\u0117 puikiai perteik\u0117 \u0161io nemirtingo k\u016brinio dvasi\u0105, tai labai d\u017eiugina!<\/p>\n<p>Inga Mitunevi\u010di\u016bt\u0117<\/li>\n<\/ul>\n<\/div>\n<\/div>\n","protected":false},"excerpt":{"rendered":"<p>Garsiausia lietuvi\u0173 liaudies pasaka, gabios poet\u0117s Salom\u0117jos N\u0117ries rankose virtusi \u012ftaigia poema, atgimsta su naujomis puikiomis iliustracijomis! \u201eEgl\u0117 \u017eal\u010di\u0173 karalien\u0117&#8221;&#8221; \u2013 vienas unikaliausi\u0173 lietuvi\u0173 tautos pasakojim\u0173, atspindintis m\u016bs\u0173 tautos labai gilias ir senas kolektyvin\u0117s pas\u0105mon\u0117s strukt\u016bras. Eiliuotas \u0161ios pasakos variantas \u2013 Salom\u0117jos N\u0117ries poema \u201eEgl\u0117 \u017eal\u010di\u0173 karalien\u0117&#8221;&#8221; \u2013 vaik\u0173 literat\u016bros ekspert\u0173 sudarytame Reik\u0161mingiausi\u0173 lietuvi\u0173 autori\u0173 knyg\u0173 vaikams \u0161imtuke u\u017e\u0117m\u0117 garbingiausi\u0105 pirm\u0105 viet\u0105. Tobul\u0105 \u0161ios eiliuotos pasakos skambes\u012f pripa\u017eino literat\u016bros specialistai ir m\u0117g\u0117jai. D\u017eiugu, kad \u0161is k\u016brinys gavo modernius spalvotus drabu\u017eius \u2013 Redos Tomingas iliustracijas. Dailinink\u0117 puikiai perteik\u0117 \u0161io nemirtingo k\u016brinio dvasi\u0105, tai labai d\u017eiugina! Inga Mitunevi\u010di\u016bt\u0117<\/p>\n","protected":false},"featured_media":11233,"comment_status":"closed","ping_status":"closed","template":"","meta":{"_acf_changed":false,"site-sidebar-layout":"default","site-content-layout":"","ast-site-content-layout":"default","site-content-style":"default","site-sidebar-style":"default","ast-global-header-display":"","ast-banner-title-visibility":"","ast-main-header-display":"","ast-hfb-above-header-display":"","ast-hfb-below-header-display":"","ast-hfb-mobile-header-display":"","site-post-title":"","ast-breadcrumbs-content":"","ast-featured-img":"","footer-sml-layout":"","ast-disable-related-posts":"","theme-transparent-header-meta":"","adv-header-id-meta":"","stick-header-meta":"","header-above-stick-meta":"","header-main-stick-meta":"","header-below-stick-meta":"","astra-migrate-meta-layouts":"default","ast-page-background-enabled":"default","ast-page-background-meta":{"desktop":{"background-color":"","background-image":"","background-repeat":"repeat","background-position":"center center","background-size":"auto","background-attachment":"scroll","background-type":"","background-media":"","overlay-type":"","overlay-color":"","overlay-opacity":"","overlay-gradient":""},"tablet":{"background-color":"","background-image":"","background-repeat":"repeat","background-position":"center center","background-size":"auto","background-attachment":"scroll","background-type":"","background-media":"","overlay-type":"","overlay-color":"","overlay-opacity":"","overlay-gradient":""},"mobile":{"background-color":"","background-image":"","background-repeat":"repeat","background-position":"center center","background-size":"auto","background-attachment":"scroll","background-type":"","background-media":"","overlay-type":"","overlay-color":"","overlay-opacity":"","overlay-gradient":""}},"ast-content-background-meta":{"desktop":{"background-color":"var(--ast-global-color-4)","background-image":"","background-repeat":"repeat","background-position":"center center","background-size":"auto","background-attachment":"scroll","background-type":"","background-media":"","overlay-type":"","overlay-color":"","overlay-opacity":"","overlay-gradient":""},"tablet":{"background-color":"var(--ast-global-color-4)","background-image":"","background-repeat":"repeat","background-position":"center center","background-size":"auto","background-attachment":"scroll","background-type":"","background-media":"","overlay-type":"","overlay-color":"","overlay-opacity":"","overlay-gradient":""},"mobile":{"background-color":"var(--ast-global-color-4)","background-image":"","background-repeat":"repeat","background-position":"center center","background-size":"auto","background-attachment":"scroll","background-type":"","background-media":"","overlay-type":"","overlay-color":"","overlay-opacity":"","overlay-gradient":""}}},"product_brand":[],"product_cat":[9672],"product_tag":[],"class_list":{"0":"post-11195","1":"product","2":"type-product","3":"status-publish","4":"has-post-thumbnail","6":"product_cat-pasakos","7":"desktop-align-left","8":"tablet-align-left","9":"mobile-align-left","11":"first","12":"instock","13":"shipping-taxable","14":"purchasable","15":"product-type-simple"},"acf":[],"yoast_head":"<!-- This site is optimized with the Yoast SEO plugin v27.0 - https:\/\/yoast.com\/product\/yoast-seo-wordpress\/ -->\n<title>Egl\u0117 \u017eal\u010di\u0173 karalien\u0117 (buvo u\u017esilenk\u0119 du lapai)<\/title>\n<meta name=\"description\" content=\"Garsiausia lietuvi\u0173 liaudies pasaka, gabios poet\u0117s Salom\u0117jos N\u0117ries rankose virtusi \u012ftaigia poema, atgimsta su naujomis puikiomis iliustracijomis! \u201eEgl\u0117\" \/>\n<meta name=\"robots\" content=\"index, follow, max-snippet:-1, max-image-preview:large, max-video-preview:-1\" \/>\n<link rel=\"canonical\" href=\"https:\/\/skaitytaknyga.lt\/en\/produktas\/egle-zalciu-karaliene-buvo-uzsilenke-du-lapai\/\" \/>\n<meta property=\"og:locale\" content=\"en_GB\" \/>\n<meta property=\"og:locale:alternate\" content=\"lt_LT\" \/>\n<meta property=\"og:type\" content=\"article\" \/>\n<meta property=\"og:title\" content=\"Egl\u0117 \u017eal\u010di\u0173 karalien\u0117 (buvo u\u017esilenk\u0119 du lapai)\" \/>\n<meta property=\"og:description\" content=\"Garsiausia lietuvi\u0173 liaudies pasaka, gabios poet\u0117s Salom\u0117jos N\u0117ries rankose virtusi \u012ftaigia poema, atgimsta su naujomis puikiomis iliustracijomis! \u201eEgl\u0117\" \/>\n<meta property=\"og:url\" content=\"https:\/\/skaitytaknyga.lt\/en\/produktas\/egle-zalciu-karaliene-buvo-uzsilenke-du-lapai\/\" \/>\n<meta property=\"og:site_name\" content=\"Skaitytaknyga\" \/>\n<meta property=\"article:publisher\" content=\"https:\/\/www.facebook.com\/skaitytaknyga\/\" \/>\n<meta property=\"article:modified_time\" content=\"2026-03-18T09:20:15+00:00\" \/>\n<meta property=\"og:image\" content=\"https:\/\/skaitytaknyga.lt\/wp-content\/uploads\/2024\/05\/09014074_2-1000x1000-1.jpg\" \/>\n\t<meta property=\"og:image:width\" content=\"1000\" \/>\n\t<meta property=\"og:image:height\" content=\"1000\" \/>\n\t<meta property=\"og:image:type\" content=\"image\/jpeg\" \/>\n<meta name=\"twitter:card\" content=\"summary_large_image\" \/>\n<meta name=\"twitter:label1\" content=\"Estimated reading time\" \/>\n\t<meta name=\"twitter:data1\" content=\"1 minute\" \/>\n<script type=\"application\/ld+json\" class=\"yoast-schema-graph\">{\"@context\":\"https:\/\/schema.org\",\"@graph\":[{\"@type\":\"WebPage\",\"@id\":\"https:\/\/skaitytaknyga.lt\/produktas\/egle-zalciu-karaliene-buvo-uzsilenke-du-lapai\/\",\"url\":\"https:\/\/skaitytaknyga.lt\/produktas\/egle-zalciu-karaliene-buvo-uzsilenke-du-lapai\/\",\"name\":\"Egl\u0117 \u017eal\u010di\u0173 karalien\u0117 (buvo u\u017esilenk\u0119 du lapai)\",\"isPartOf\":{\"@id\":\"https:\/\/skaitytaknyga.lt\/#website\"},\"primaryImageOfPage\":{\"@id\":\"https:\/\/skaitytaknyga.lt\/produktas\/egle-zalciu-karaliene-buvo-uzsilenke-du-lapai\/#primaryimage\"},\"image\":{\"@id\":\"https:\/\/skaitytaknyga.lt\/produktas\/egle-zalciu-karaliene-buvo-uzsilenke-du-lapai\/#primaryimage\"},\"thumbnailUrl\":\"https:\/\/skaitytaknyga.lt\/wp-content\/uploads\/2024\/05\/09014074_2-1000x1000-1.jpg\",\"datePublished\":\"2024-05-04T19:35:35+00:00\",\"dateModified\":\"2026-03-18T09:20:15+00:00\",\"description\":\"Garsiausia lietuvi\u0173 liaudies pasaka, gabios poet\u0117s Salom\u0117jos N\u0117ries rankose virtusi \u012ftaigia poema, atgimsta su naujomis puikiomis iliustracijomis! \u201eEgl\u0117\",\"breadcrumb\":{\"@id\":\"https:\/\/skaitytaknyga.lt\/produktas\/egle-zalciu-karaliene-buvo-uzsilenke-du-lapai\/#breadcrumb\"},\"inLanguage\":\"en-GB\",\"potentialAction\":[{\"@type\":\"ReadAction\",\"target\":[\"https:\/\/skaitytaknyga.lt\/produktas\/egle-zalciu-karaliene-buvo-uzsilenke-du-lapai\/\"]}]},{\"@type\":\"ImageObject\",\"inLanguage\":\"en-GB\",\"@id\":\"https:\/\/skaitytaknyga.lt\/produktas\/egle-zalciu-karaliene-buvo-uzsilenke-du-lapai\/#primaryimage\",\"url\":\"https:\/\/skaitytaknyga.lt\/wp-content\/uploads\/2024\/05\/09014074_2-1000x1000-1.jpg\",\"contentUrl\":\"https:\/\/skaitytaknyga.lt\/wp-content\/uploads\/2024\/05\/09014074_2-1000x1000-1.jpg\",\"width\":1000,\"height\":1000},{\"@type\":\"BreadcrumbList\",\"@id\":\"https:\/\/skaitytaknyga.lt\/produktas\/egle-zalciu-karaliene-buvo-uzsilenke-du-lapai\/#breadcrumb\",\"itemListElement\":[{\"@type\":\"ListItem\",\"position\":1,\"name\":\"Home\",\"item\":\"https:\/\/skaitytaknyga.lt\/\"},{\"@type\":\"ListItem\",\"position\":2,\"name\":\"Parduotuv\u0117\",\"item\":\"https:\/\/skaitytaknyga.lt\/knygu-parduotuve\/\"},{\"@type\":\"ListItem\",\"position\":3,\"name\":\"Egl\u0117 \u017eal\u010di\u0173 karalien\u0117 (buvo u\u017esilenk\u0119 du lapai)\"}]},{\"@type\":\"WebSite\",\"@id\":\"https:\/\/skaitytaknyga.lt\/#website\",\"url\":\"https:\/\/skaitytaknyga.lt\/\",\"name\":\"skaitytaknyga.lt\",\"description\":\"Skaitytaknyga.lt \u2013 tai ma\u017eas \u0161eimos verslas, kuris prasid\u0117jo nuo meil\u0117s knygoms ir siekio i\u0161gelb\u0117ti knygas nuo likimo prie konteinerio. Kas vienam nereikalingas daiktas \u2013 kitam lobis, o mes esame tarpininkai, kurie padeda abiems tapti laimingesniems ???? \u017dinome kaip nelengva i\u0161gyventi ma\u017eiems verslams, tad nuo \u0161iol, \u010dia rasite ir kit\u0173, ma\u017e\u0173 \u0161eim\u0173 versl\u0173, rank\u0173 darbo, dovan\u0173 sau ir artimiesiems.\",\"publisher\":{\"@id\":\"https:\/\/skaitytaknyga.lt\/#organization\"},\"potentialAction\":[{\"@type\":\"SearchAction\",\"target\":{\"@type\":\"EntryPoint\",\"urlTemplate\":\"https:\/\/skaitytaknyga.lt\/?s={search_term_string}\"},\"query-input\":{\"@type\":\"PropertyValueSpecification\",\"valueRequired\":true,\"valueName\":\"search_term_string\"}}],\"inLanguage\":\"en-GB\"},{\"@type\":\"Organization\",\"@id\":\"https:\/\/skaitytaknyga.lt\/#organization\",\"name\":\"skaitytaknyga.lt\",\"url\":\"https:\/\/skaitytaknyga.lt\/\",\"logo\":{\"@type\":\"ImageObject\",\"inLanguage\":\"en-GB\",\"@id\":\"https:\/\/skaitytaknyga.lt\/#\/schema\/logo\/image\/\",\"url\":\"https:\/\/skaitytaknyga.lt\/wp-content\/uploads\/2024\/05\/cropped-cropped-cropped-02_00843_jt3bggkj1j3HLc7SyY6rEUpg.jpeg\",\"contentUrl\":\"https:\/\/skaitytaknyga.lt\/wp-content\/uploads\/2024\/05\/cropped-cropped-cropped-02_00843_jt3bggkj1j3HLc7SyY6rEUpg.jpeg\",\"width\":1600,\"height\":1600,\"caption\":\"skaitytaknyga.lt\"},\"image\":{\"@id\":\"https:\/\/skaitytaknyga.lt\/#\/schema\/logo\/image\/\"},\"sameAs\":[\"https:\/\/www.facebook.com\/skaitytaknyga\/\"]}]}<\/script>\n<!-- \/ Yoast SEO plugin. -->","yoast_head_json":{"title":"Egl\u0117 \u017eal\u010di\u0173 karalien\u0117 (buvo u\u017esilenk\u0119 du lapai)","description":"Garsiausia lietuvi\u0173 liaudies pasaka, gabios poet\u0117s Salom\u0117jos N\u0117ries rankose virtusi \u012ftaigia poema, atgimsta su naujomis puikiomis iliustracijomis! \u201eEgl\u0117","robots":{"index":"index","follow":"follow","max-snippet":"max-snippet:-1","max-image-preview":"max-image-preview:large","max-video-preview":"max-video-preview:-1"},"canonical":"https:\/\/skaitytaknyga.lt\/en\/produktas\/egle-zalciu-karaliene-buvo-uzsilenke-du-lapai\/","og_locale":"en_GB","og_type":"article","og_title":"[:lt]Egl\u0117 \u017eal\u010di\u0173 karalien\u0117 (buvo u\u017esilenk\u0119 du lapai)[:] - Skaitytaknyga","og_description":"Garsiausia lietuvi\u0173 liaudies pasaka, gabios poet\u0117s Salom\u0117jos N\u0117ries rankose virtusi \u012ftaigia poema, atgimsta su naujomis puikiomis iliustracijomis! \u201eEgl\u0117","og_url":"https:\/\/skaitytaknyga.lt\/en\/produktas\/egle-zalciu-karaliene-buvo-uzsilenke-du-lapai\/","og_site_name":"Skaitytaknyga","article_publisher":"https:\/\/www.facebook.com\/skaitytaknyga\/","article_modified_time":"2026-03-18T09:20:15+00:00","og_image":[{"width":1000,"height":1000,"url":"https:\/\/skaitytaknyga.lt\/wp-content\/uploads\/2024\/05\/09014074_2-1000x1000-1.jpg","type":"image\/jpeg"}],"twitter_card":"summary_large_image","twitter_misc":{"Estimated reading time":"1 minute"},"schema":{"@context":"https:\/\/schema.org","@graph":[{"@type":"WebPage","@id":"https:\/\/skaitytaknyga.lt\/produktas\/egle-zalciu-karaliene-buvo-uzsilenke-du-lapai\/","url":"https:\/\/skaitytaknyga.lt\/produktas\/egle-zalciu-karaliene-buvo-uzsilenke-du-lapai\/","name":"Egl\u0117 \u017eal\u010di\u0173 karalien\u0117 (buvo u\u017esilenk\u0119 du lapai)","isPartOf":{"@id":"https:\/\/skaitytaknyga.lt\/#website"},"primaryImageOfPage":{"@id":"https:\/\/skaitytaknyga.lt\/produktas\/egle-zalciu-karaliene-buvo-uzsilenke-du-lapai\/#primaryimage"},"image":{"@id":"https:\/\/skaitytaknyga.lt\/produktas\/egle-zalciu-karaliene-buvo-uzsilenke-du-lapai\/#primaryimage"},"thumbnailUrl":"https:\/\/skaitytaknyga.lt\/wp-content\/uploads\/2024\/05\/09014074_2-1000x1000-1.jpg","datePublished":"2024-05-04T19:35:35+00:00","dateModified":"2026-03-18T09:20:15+00:00","description":"Garsiausia lietuvi\u0173 liaudies pasaka, gabios poet\u0117s Salom\u0117jos N\u0117ries rankose virtusi \u012ftaigia poema, atgimsta su naujomis puikiomis iliustracijomis! \u201eEgl\u0117","breadcrumb":{"@id":"https:\/\/skaitytaknyga.lt\/produktas\/egle-zalciu-karaliene-buvo-uzsilenke-du-lapai\/#breadcrumb"},"inLanguage":"en-GB","potentialAction":[{"@type":"ReadAction","target":["https:\/\/skaitytaknyga.lt\/produktas\/egle-zalciu-karaliene-buvo-uzsilenke-du-lapai\/"]}]},{"@type":"ImageObject","inLanguage":"en-GB","@id":"https:\/\/skaitytaknyga.lt\/produktas\/egle-zalciu-karaliene-buvo-uzsilenke-du-lapai\/#primaryimage","url":"https:\/\/skaitytaknyga.lt\/wp-content\/uploads\/2024\/05\/09014074_2-1000x1000-1.jpg","contentUrl":"https:\/\/skaitytaknyga.lt\/wp-content\/uploads\/2024\/05\/09014074_2-1000x1000-1.jpg","width":1000,"height":1000},{"@type":"BreadcrumbList","@id":"https:\/\/skaitytaknyga.lt\/produktas\/egle-zalciu-karaliene-buvo-uzsilenke-du-lapai\/#breadcrumb","itemListElement":[{"@type":"ListItem","position":1,"name":"Home","item":"https:\/\/skaitytaknyga.lt\/"},{"@type":"ListItem","position":2,"name":"Parduotuv\u0117","item":"https:\/\/skaitytaknyga.lt\/knygu-parduotuve\/"},{"@type":"ListItem","position":3,"name":"Egl\u0117 \u017eal\u010di\u0173 karalien\u0117 (buvo u\u017esilenk\u0119 du lapai)"}]},{"@type":"WebSite","@id":"https:\/\/skaitytaknyga.lt\/#website","url":"https:\/\/skaitytaknyga.lt\/","name":"skaitytaknyga.lt","description":"Skaitytaknyga.lt \u2013 tai ma\u017eas \u0161eimos verslas, kuris prasid\u0117jo nuo meil\u0117s knygoms ir siekio i\u0161gelb\u0117ti knygas nuo likimo prie konteinerio. Kas vienam nereikalingas daiktas \u2013 kitam lobis, o mes esame tarpininkai, kurie padeda abiems tapti laimingesniems ???? \u017dinome kaip nelengva i\u0161gyventi ma\u017eiems verslams, tad nuo \u0161iol, \u010dia rasite ir kit\u0173, ma\u017e\u0173 \u0161eim\u0173 versl\u0173, rank\u0173 darbo, dovan\u0173 sau ir artimiesiems.","publisher":{"@id":"https:\/\/skaitytaknyga.lt\/#organization"},"potentialAction":[{"@type":"SearchAction","target":{"@type":"EntryPoint","urlTemplate":"https:\/\/skaitytaknyga.lt\/?s={search_term_string}"},"query-input":{"@type":"PropertyValueSpecification","valueRequired":true,"valueName":"search_term_string"}}],"inLanguage":"en-GB"},{"@type":"Organization","@id":"https:\/\/skaitytaknyga.lt\/#organization","name":"skaitytaknyga.lt","url":"https:\/\/skaitytaknyga.lt\/","logo":{"@type":"ImageObject","inLanguage":"en-GB","@id":"https:\/\/skaitytaknyga.lt\/#\/schema\/logo\/image\/","url":"https:\/\/skaitytaknyga.lt\/wp-content\/uploads\/2024\/05\/cropped-cropped-cropped-02_00843_jt3bggkj1j3HLc7SyY6rEUpg.jpeg","contentUrl":"https:\/\/skaitytaknyga.lt\/wp-content\/uploads\/2024\/05\/cropped-cropped-cropped-02_00843_jt3bggkj1j3HLc7SyY6rEUpg.jpeg","width":1600,"height":1600,"caption":"skaitytaknyga.lt"},"image":{"@id":"https:\/\/skaitytaknyga.lt\/#\/schema\/logo\/image\/"},"sameAs":["https:\/\/www.facebook.com\/skaitytaknyga\/"]}]}},"_links":{"self":[{"href":"https:\/\/skaitytaknyga.lt\/en\/wp-json\/wp\/v2\/product\/11195","targetHints":{"allow":["GET"]}}],"collection":[{"href":"https:\/\/skaitytaknyga.lt\/en\/wp-json\/wp\/v2\/product"}],"about":[{"href":"https:\/\/skaitytaknyga.lt\/en\/wp-json\/wp\/v2\/types\/product"}],"replies":[{"embeddable":true,"href":"https:\/\/skaitytaknyga.lt\/en\/wp-json\/wp\/v2\/comments?post=11195"}],"wp:featuredmedia":[{"embeddable":true,"href":"https:\/\/skaitytaknyga.lt\/en\/wp-json\/wp\/v2\/media\/11233"}],"wp:attachment":[{"href":"https:\/\/skaitytaknyga.lt\/en\/wp-json\/wp\/v2\/media?parent=11195"}],"wp:term":[{"taxonomy":"product_brand","embeddable":true,"href":"https:\/\/skaitytaknyga.lt\/en\/wp-json\/wp\/v2\/product_brand?post=11195"},{"taxonomy":"product_cat","embeddable":true,"href":"https:\/\/skaitytaknyga.lt\/en\/wp-json\/wp\/v2\/product_cat?post=11195"},{"taxonomy":"product_tag","embeddable":true,"href":"https:\/\/skaitytaknyga.lt\/en\/wp-json\/wp\/v2\/product_tag?post=11195"}],"curies":[{"name":"wp","href":"https:\/\/api.w.org\/{rel}","templated":true}]}}