{"id":11194,"date":"2024-05-04T19:35:35","date_gmt":"2024-05-04T19:35:35","guid":{"rendered":"https:\/\/skaitytaknyga.lt\/?post_type=product&#038;p=11194"},"modified":"2025-05-24T20:53:24","modified_gmt":"2025-05-24T17:53:24","slug":"brigita-jovaisiene-suniuko-vinco-kelione-aplink-pasaulipazeisti-kampuciai","status":"publish","type":"product","link":"https:\/\/skaitytaknyga.lt\/en\/produktas\/brigita-jovaisiene-suniuko-vinco-kelione-aplink-pasaulipazeisti-kampuciai\/","title":{"rendered":"\u0160uniuko Vinco kelion\u0117 aplink pasaul\u012f"},"content":{"rendered":"<div class=\"tab-content col-xs-12\">\n<div id=\"tab-description\" class=\"tab-pane active\">\n<ul class=\"nav nav-tabs font-sn\">\n<li>Knygos autor\u0117 nuo ma\u017eens dom\u0117josi literat\u016bra, muzika, ra\u0161\u0117 eil\u0117ra\u0161\u010dius, tekstus \u012fvairiems muzikos k\u016briniams. Mintis sukurti knyg\u0105 vaikams kilo prie\u0161 dvejus metus, keliaujant po Indij\u0105. \u012e \u0161ia kelion\u0119 Brigita leidosi su savo vyru Mariumi ir labai ilg\u0117josi namuose likusi\u0173 vaik\u0173 \u2013 Marijos ir Vincento.Dviej\u0173 vaik\u0173 mama nor\u0117jo gr\u012f\u017eusi namo vaikams perteikti kuo daugiau \u012fsp\u016bd\u017ei\u0173, tod\u0117l savo i\u0161gyvenimus u\u017esira\u0161in\u0117jo. Knyga yra paremta ne tik tikrais kelioni\u0173 \u012fsp\u016bd\u017eiais, bet ir \u201eNereg\u0117tos Lietuvos\u201c autoriaus Mariaus Jovai\u0161os fotografijomis. Pagrindinis herojus smalsusis \u0161uniukas Vincas i\u0161vyksta \u012f pirm\u0105j\u0105 savo kelion\u0119, kuri atveria stebukling\u0105 tolim\u0173 kra\u0161t\u0173, ne\u017einom\u0173 gyv\u016bn\u0173, augal\u0173, kult\u016br\u0173, spalv\u0173 ir kvap\u0173 pasaul\u012f.\n<p>\u201eNoriu, kad vaikai, keliaudami su \u0161uniuku Vincu, su\u017einot\u0173 ne\u012fprastus svetim\u0173 \u0161ali\u0173 papro\u010dius, susipa\u017eint\u0173 su \u012fvairiais gyv\u016bnais, i\u0161mokt\u0173 daug reik\u0161ming\u0173 dalyk\u0173, patirt\u0173 nepakartojam\u0173 nuotyki\u0173, gaut\u0173 nuostabi\u0173 pamok\u0173, suprast\u0173, koks didelis ir nuostabus yra m\u016bs\u0173 pasaulis\u201c, \u2013 sak\u0117 knygos autor\u0117.<\/p>\n<p>\u0160i knyga iliustruota vieno talentingiausi\u0173 Did\u017eiosios Britanijos dailinink\u0173 Danieliaus Howartho, iliustravusio per 100 knyg\u0173 vaikams, i\u0161leist\u0173 ir pelniusi\u0173 gausyb\u0119 apdovanojim\u0173 daugyb\u0117je pasaulio \u0161ali\u0173.<\/li>\n<\/ul>\n<\/div>\n<\/div>\n","protected":false},"excerpt":{"rendered":"<p>Knygos autor\u0117 nuo ma\u017eens dom\u0117josi literat\u016bra, muzika, ra\u0161\u0117 eil\u0117ra\u0161\u010dius, tekstus \u012fvairiems muzikos k\u016briniams. Mintis sukurti knyg\u0105 vaikams kilo prie\u0161 dvejus metus, keliaujant po Indij\u0105. \u012e \u0161ia kelion\u0119 Brigita leidosi su savo vyru Mariumi ir labai ilg\u0117josi namuose likusi\u0173 vaik\u0173 \u2013 Marijos ir Vincento.Dviej\u0173 vaik\u0173 mama nor\u0117jo gr\u012f\u017eusi namo vaikams perteikti kuo daugiau \u012fsp\u016bd\u017ei\u0173, tod\u0117l savo i\u0161gyvenimus u\u017esira\u0161in\u0117jo. Knyga yra paremta ne tik tikrais kelioni\u0173 \u012fsp\u016bd\u017eiais, bet ir \u201eNereg\u0117tos Lietuvos\u201c autoriaus Mariaus Jovai\u0161os fotografijomis. Pagrindinis herojus smalsusis \u0161uniukas Vincas i\u0161vyksta \u012f pirm\u0105j\u0105 savo kelion\u0119, kuri atveria stebukling\u0105 tolim\u0173 kra\u0161t\u0173, ne\u017einom\u0173 gyv\u016bn\u0173, augal\u0173, kult\u016br\u0173, spalv\u0173 ir kvap\u0173 pasaul\u012f. \u201eNoriu, kad vaikai, keliaudami su \u0161uniuku Vincu, su\u017einot\u0173 ne\u012fprastus svetim\u0173 \u0161ali\u0173 papro\u010dius, susipa\u017eint\u0173 su \u012fvairiais gyv\u016bnais, i\u0161mokt\u0173 daug reik\u0161ming\u0173 dalyk\u0173, patirt\u0173 nepakartojam\u0173 nuotyki\u0173, gaut\u0173 nuostabi\u0173 pamok\u0173, suprast\u0173, koks didelis ir nuostabus yra m\u016bs\u0173 pasaulis\u201c, \u2013 sak\u0117 knygos autor\u0117. \u0160i knyga iliustruota vieno talentingiausi\u0173 Did\u017eiosios Britanijos dailinink\u0173 Danieliaus Howartho, iliustravusio per 100 knyg\u0173 vaikams, i\u0161leist\u0173 ir pelniusi\u0173 gausyb\u0119 apdovanojim\u0173 daugyb\u0117je pasaulio \u0161ali\u0173.<\/p>\n","protected":false},"featured_media":11232,"comment_status":"closed","ping_status":"closed","template":"","meta":{"_acf_changed":false,"site-sidebar-layout":"default","site-content-layout":"","ast-site-content-layout":"default","site-content-style":"default","site-sidebar-style":"default","ast-global-header-display":"","ast-banner-title-visibility":"","ast-main-header-display":"","ast-hfb-above-header-display":"","ast-hfb-below-header-display":"","ast-hfb-mobile-header-display":"","site-post-title":"","ast-breadcrumbs-content":"","ast-featured-img":"","footer-sml-layout":"","ast-disable-related-posts":"","theme-transparent-header-meta":"","adv-header-id-meta":"","stick-header-meta":"","header-above-stick-meta":"","header-main-stick-meta":"","header-below-stick-meta":"","astra-migrate-meta-layouts":"default","ast-page-background-enabled":"default","ast-page-background-meta":{"desktop":{"background-color":"","background-image":"","background-repeat":"repeat","background-position":"center center","background-size":"auto","background-attachment":"scroll","background-type":"","background-media":"","overlay-type":"","overlay-color":"","overlay-opacity":"","overlay-gradient":""},"tablet":{"background-color":"","background-image":"","background-repeat":"repeat","background-position":"center center","background-size":"auto","background-attachment":"scroll","background-type":"","background-media":"","overlay-type":"","overlay-color":"","overlay-opacity":"","overlay-gradient":""},"mobile":{"background-color":"","background-image":"","background-repeat":"repeat","background-position":"center center","background-size":"auto","background-attachment":"scroll","background-type":"","background-media":"","overlay-type":"","overlay-color":"","overlay-opacity":"","overlay-gradient":""}},"ast-content-background-meta":{"desktop":{"background-color":"var(--ast-global-color-4)","background-image":"","background-repeat":"repeat","background-position":"center center","background-size":"auto","background-attachment":"scroll","background-type":"","background-media":"","overlay-type":"","overlay-color":"","overlay-opacity":"","overlay-gradient":""},"tablet":{"background-color":"var(--ast-global-color-4)","background-image":"","background-repeat":"repeat","background-position":"center center","background-size":"auto","background-attachment":"scroll","background-type":"","background-media":"","overlay-type":"","overlay-color":"","overlay-opacity":"","overlay-gradient":""},"mobile":{"background-color":"var(--ast-global-color-4)","background-image":"","background-repeat":"repeat","background-position":"center center","background-size":"auto","background-attachment":"scroll","background-type":"","background-media":"","overlay-type":"","overlay-color":"","overlay-opacity":"","overlay-gradient":""}}},"product_brand":[],"product_cat":[35],"product_tag":[],"class_list":{"0":"post-11194","1":"product","2":"type-product","3":"status-publish","4":"has-post-thumbnail","6":"product_cat-vaikams-ir-paaugliams","7":"desktop-align-left","8":"tablet-align-left","9":"mobile-align-left","11":"first","12":"outofstock","13":"shipping-taxable","14":"purchasable","15":"product-type-simple"},"acf":[],"yoast_head":"<!-- This site is optimized with the Yoast SEO plugin v27.0 - https:\/\/yoast.com\/product\/yoast-seo-wordpress\/ -->\n<title>\u0160uniuko Vinco kelion\u0117 aplink pasaul\u012f<\/title>\n<meta name=\"description\" content=\"Knygos autor\u0117 nuo ma\u017eens dom\u0117josi literat\u016bra, muzika, ra\u0161\u0117 eil\u0117ra\u0161\u010dius, tekstus \u012fvairiems muzikos k\u016briniams. Mintis sukurti knyg\u0105 vaikams kilo prie\u0161\" \/>\n<meta name=\"robots\" content=\"index, follow, max-snippet:-1, max-image-preview:large, max-video-preview:-1\" \/>\n<link rel=\"canonical\" href=\"https:\/\/skaitytaknyga.lt\/en\/produktas\/brigita-jovaisiene-suniuko-vinco-kelione-aplink-pasaulipazeisti-kampuciai\/\" \/>\n<meta property=\"og:locale\" content=\"en_GB\" \/>\n<meta property=\"og:locale:alternate\" content=\"lt_LT\" \/>\n<meta property=\"og:type\" content=\"article\" \/>\n<meta property=\"og:title\" content=\"\u0160uniuko Vinco kelion\u0117 aplink pasaul\u012f\" \/>\n<meta property=\"og:description\" content=\"Knygos autor\u0117 nuo ma\u017eens dom\u0117josi literat\u016bra, muzika, ra\u0161\u0117 eil\u0117ra\u0161\u010dius, tekstus \u012fvairiems muzikos k\u016briniams. Mintis sukurti knyg\u0105 vaikams kilo prie\u0161\" \/>\n<meta property=\"og:url\" content=\"https:\/\/skaitytaknyga.lt\/en\/produktas\/brigita-jovaisiene-suniuko-vinco-kelione-aplink-pasaulipazeisti-kampuciai\/\" \/>\n<meta property=\"og:site_name\" content=\"Skaitytaknyga\" \/>\n<meta property=\"article:publisher\" content=\"https:\/\/www.facebook.com\/skaitytaknyga\/\" \/>\n<meta property=\"article:modified_time\" content=\"2025-05-24T17:53:24+00:00\" \/>\n<meta property=\"og:image\" content=\"https:\/\/skaitytaknyga.lt\/wp-content\/uploads\/2024\/05\/Skaitytuvas_20220928-10-e1664375854338.png\" \/>\n\t<meta property=\"og:image:width\" content=\"200\" \/>\n\t<meta property=\"og:image:height\" content=\"238\" \/>\n\t<meta property=\"og:image:type\" content=\"image\/png\" \/>\n<meta name=\"twitter:card\" content=\"summary_large_image\" \/>\n<meta name=\"twitter:label1\" content=\"Estimated reading time\" \/>\n\t<meta name=\"twitter:data1\" content=\"1 minute\" \/>\n<script type=\"application\/ld+json\" class=\"yoast-schema-graph\">{\"@context\":\"https:\/\/schema.org\",\"@graph\":[{\"@type\":\"WebPage\",\"@id\":\"https:\/\/skaitytaknyga.lt\/produktas\/brigita-jovaisiene-suniuko-vinco-kelione-aplink-pasaulipazeisti-kampuciai\/\",\"url\":\"https:\/\/skaitytaknyga.lt\/produktas\/brigita-jovaisiene-suniuko-vinco-kelione-aplink-pasaulipazeisti-kampuciai\/\",\"name\":\"\u0160uniuko Vinco kelion\u0117 aplink pasaul\u012f\",\"isPartOf\":{\"@id\":\"https:\/\/skaitytaknyga.lt\/#website\"},\"primaryImageOfPage\":{\"@id\":\"https:\/\/skaitytaknyga.lt\/produktas\/brigita-jovaisiene-suniuko-vinco-kelione-aplink-pasaulipazeisti-kampuciai\/#primaryimage\"},\"image\":{\"@id\":\"https:\/\/skaitytaknyga.lt\/produktas\/brigita-jovaisiene-suniuko-vinco-kelione-aplink-pasaulipazeisti-kampuciai\/#primaryimage\"},\"thumbnailUrl\":\"https:\/\/skaitytaknyga.lt\/wp-content\/uploads\/2024\/05\/Skaitytuvas_20220928-10-e1664375854338.png\",\"datePublished\":\"2024-05-04T19:35:35+00:00\",\"dateModified\":\"2025-05-24T17:53:24+00:00\",\"description\":\"Knygos autor\u0117 nuo ma\u017eens dom\u0117josi literat\u016bra, muzika, ra\u0161\u0117 eil\u0117ra\u0161\u010dius, tekstus \u012fvairiems muzikos k\u016briniams. Mintis sukurti knyg\u0105 vaikams kilo prie\u0161\",\"breadcrumb\":{\"@id\":\"https:\/\/skaitytaknyga.lt\/produktas\/brigita-jovaisiene-suniuko-vinco-kelione-aplink-pasaulipazeisti-kampuciai\/#breadcrumb\"},\"inLanguage\":\"en-GB\",\"potentialAction\":[{\"@type\":\"ReadAction\",\"target\":[\"https:\/\/skaitytaknyga.lt\/produktas\/brigita-jovaisiene-suniuko-vinco-kelione-aplink-pasaulipazeisti-kampuciai\/\"]}]},{\"@type\":\"ImageObject\",\"inLanguage\":\"en-GB\",\"@id\":\"https:\/\/skaitytaknyga.lt\/produktas\/brigita-jovaisiene-suniuko-vinco-kelione-aplink-pasaulipazeisti-kampuciai\/#primaryimage\",\"url\":\"https:\/\/skaitytaknyga.lt\/wp-content\/uploads\/2024\/05\/Skaitytuvas_20220928-10-e1664375854338.png\",\"contentUrl\":\"https:\/\/skaitytaknyga.lt\/wp-content\/uploads\/2024\/05\/Skaitytuvas_20220928-10-e1664375854338.png\",\"width\":200,\"height\":238},{\"@type\":\"BreadcrumbList\",\"@id\":\"https:\/\/skaitytaknyga.lt\/produktas\/brigita-jovaisiene-suniuko-vinco-kelione-aplink-pasaulipazeisti-kampuciai\/#breadcrumb\",\"itemListElement\":[{\"@type\":\"ListItem\",\"position\":1,\"name\":\"Home\",\"item\":\"https:\/\/skaitytaknyga.lt\/\"},{\"@type\":\"ListItem\",\"position\":2,\"name\":\"Parduotuv\u0117\",\"item\":\"https:\/\/skaitytaknyga.lt\/knygu-parduotuve\/\"},{\"@type\":\"ListItem\",\"position\":3,\"name\":\"\u0160uniuko Vinco kelion\u0117 aplink pasaul\u012f\"}]},{\"@type\":\"WebSite\",\"@id\":\"https:\/\/skaitytaknyga.lt\/#website\",\"url\":\"https:\/\/skaitytaknyga.lt\/\",\"name\":\"skaitytaknyga.lt\",\"description\":\"Skaitytaknyga.lt \u2013 tai ma\u017eas \u0161eimos verslas, kuris prasid\u0117jo nuo meil\u0117s knygoms ir siekio i\u0161gelb\u0117ti knygas nuo likimo prie konteinerio. Kas vienam nereikalingas daiktas \u2013 kitam lobis, o mes esame tarpininkai, kurie padeda abiems tapti laimingesniems ???? \u017dinome kaip nelengva i\u0161gyventi ma\u017eiems verslams, tad nuo \u0161iol, \u010dia rasite ir kit\u0173, ma\u017e\u0173 \u0161eim\u0173 versl\u0173, rank\u0173 darbo, dovan\u0173 sau ir artimiesiems.\",\"publisher\":{\"@id\":\"https:\/\/skaitytaknyga.lt\/#organization\"},\"potentialAction\":[{\"@type\":\"SearchAction\",\"target\":{\"@type\":\"EntryPoint\",\"urlTemplate\":\"https:\/\/skaitytaknyga.lt\/?s={search_term_string}\"},\"query-input\":{\"@type\":\"PropertyValueSpecification\",\"valueRequired\":true,\"valueName\":\"search_term_string\"}}],\"inLanguage\":\"en-GB\"},{\"@type\":\"Organization\",\"@id\":\"https:\/\/skaitytaknyga.lt\/#organization\",\"name\":\"skaitytaknyga.lt\",\"url\":\"https:\/\/skaitytaknyga.lt\/\",\"logo\":{\"@type\":\"ImageObject\",\"inLanguage\":\"en-GB\",\"@id\":\"https:\/\/skaitytaknyga.lt\/#\/schema\/logo\/image\/\",\"url\":\"https:\/\/skaitytaknyga.lt\/wp-content\/uploads\/2024\/05\/cropped-cropped-cropped-02_00843_jt3bggkj1j3HLc7SyY6rEUpg.jpeg\",\"contentUrl\":\"https:\/\/skaitytaknyga.lt\/wp-content\/uploads\/2024\/05\/cropped-cropped-cropped-02_00843_jt3bggkj1j3HLc7SyY6rEUpg.jpeg\",\"width\":1600,\"height\":1600,\"caption\":\"skaitytaknyga.lt\"},\"image\":{\"@id\":\"https:\/\/skaitytaknyga.lt\/#\/schema\/logo\/image\/\"},\"sameAs\":[\"https:\/\/www.facebook.com\/skaitytaknyga\/\"]}]}<\/script>\n<!-- \/ Yoast SEO plugin. -->","yoast_head_json":{"title":"\u0160uniuko Vinco kelion\u0117 aplink pasaul\u012f","description":"Knygos autor\u0117 nuo ma\u017eens dom\u0117josi literat\u016bra, muzika, ra\u0161\u0117 eil\u0117ra\u0161\u010dius, tekstus \u012fvairiems muzikos k\u016briniams. Mintis sukurti knyg\u0105 vaikams kilo prie\u0161","robots":{"index":"index","follow":"follow","max-snippet":"max-snippet:-1","max-image-preview":"max-image-preview:large","max-video-preview":"max-video-preview:-1"},"canonical":"https:\/\/skaitytaknyga.lt\/en\/produktas\/brigita-jovaisiene-suniuko-vinco-kelione-aplink-pasaulipazeisti-kampuciai\/","og_locale":"en_GB","og_type":"article","og_title":"[:lt]\u0160uniuko Vinco kelion\u0117 aplink pasaul\u012f[:] - Skaitytaknyga","og_description":"Knygos autor\u0117 nuo ma\u017eens dom\u0117josi literat\u016bra, muzika, ra\u0161\u0117 eil\u0117ra\u0161\u010dius, tekstus \u012fvairiems muzikos k\u016briniams. Mintis sukurti knyg\u0105 vaikams kilo prie\u0161","og_url":"https:\/\/skaitytaknyga.lt\/en\/produktas\/brigita-jovaisiene-suniuko-vinco-kelione-aplink-pasaulipazeisti-kampuciai\/","og_site_name":"Skaitytaknyga","article_publisher":"https:\/\/www.facebook.com\/skaitytaknyga\/","article_modified_time":"2025-05-24T17:53:24+00:00","og_image":[{"width":200,"height":238,"url":"https:\/\/skaitytaknyga.lt\/wp-content\/uploads\/2024\/05\/Skaitytuvas_20220928-10-e1664375854338.png","type":"image\/png"}],"twitter_card":"summary_large_image","twitter_misc":{"Estimated reading time":"1 minute"},"schema":{"@context":"https:\/\/schema.org","@graph":[{"@type":"WebPage","@id":"https:\/\/skaitytaknyga.lt\/produktas\/brigita-jovaisiene-suniuko-vinco-kelione-aplink-pasaulipazeisti-kampuciai\/","url":"https:\/\/skaitytaknyga.lt\/produktas\/brigita-jovaisiene-suniuko-vinco-kelione-aplink-pasaulipazeisti-kampuciai\/","name":"\u0160uniuko Vinco kelion\u0117 aplink pasaul\u012f","isPartOf":{"@id":"https:\/\/skaitytaknyga.lt\/#website"},"primaryImageOfPage":{"@id":"https:\/\/skaitytaknyga.lt\/produktas\/brigita-jovaisiene-suniuko-vinco-kelione-aplink-pasaulipazeisti-kampuciai\/#primaryimage"},"image":{"@id":"https:\/\/skaitytaknyga.lt\/produktas\/brigita-jovaisiene-suniuko-vinco-kelione-aplink-pasaulipazeisti-kampuciai\/#primaryimage"},"thumbnailUrl":"https:\/\/skaitytaknyga.lt\/wp-content\/uploads\/2024\/05\/Skaitytuvas_20220928-10-e1664375854338.png","datePublished":"2024-05-04T19:35:35+00:00","dateModified":"2025-05-24T17:53:24+00:00","description":"Knygos autor\u0117 nuo ma\u017eens dom\u0117josi literat\u016bra, muzika, ra\u0161\u0117 eil\u0117ra\u0161\u010dius, tekstus \u012fvairiems muzikos k\u016briniams. Mintis sukurti knyg\u0105 vaikams kilo prie\u0161","breadcrumb":{"@id":"https:\/\/skaitytaknyga.lt\/produktas\/brigita-jovaisiene-suniuko-vinco-kelione-aplink-pasaulipazeisti-kampuciai\/#breadcrumb"},"inLanguage":"en-GB","potentialAction":[{"@type":"ReadAction","target":["https:\/\/skaitytaknyga.lt\/produktas\/brigita-jovaisiene-suniuko-vinco-kelione-aplink-pasaulipazeisti-kampuciai\/"]}]},{"@type":"ImageObject","inLanguage":"en-GB","@id":"https:\/\/skaitytaknyga.lt\/produktas\/brigita-jovaisiene-suniuko-vinco-kelione-aplink-pasaulipazeisti-kampuciai\/#primaryimage","url":"https:\/\/skaitytaknyga.lt\/wp-content\/uploads\/2024\/05\/Skaitytuvas_20220928-10-e1664375854338.png","contentUrl":"https:\/\/skaitytaknyga.lt\/wp-content\/uploads\/2024\/05\/Skaitytuvas_20220928-10-e1664375854338.png","width":200,"height":238},{"@type":"BreadcrumbList","@id":"https:\/\/skaitytaknyga.lt\/produktas\/brigita-jovaisiene-suniuko-vinco-kelione-aplink-pasaulipazeisti-kampuciai\/#breadcrumb","itemListElement":[{"@type":"ListItem","position":1,"name":"Home","item":"https:\/\/skaitytaknyga.lt\/"},{"@type":"ListItem","position":2,"name":"Parduotuv\u0117","item":"https:\/\/skaitytaknyga.lt\/knygu-parduotuve\/"},{"@type":"ListItem","position":3,"name":"\u0160uniuko Vinco kelion\u0117 aplink pasaul\u012f"}]},{"@type":"WebSite","@id":"https:\/\/skaitytaknyga.lt\/#website","url":"https:\/\/skaitytaknyga.lt\/","name":"skaitytaknyga.lt","description":"Skaitytaknyga.lt \u2013 tai ma\u017eas \u0161eimos verslas, kuris prasid\u0117jo nuo meil\u0117s knygoms ir siekio i\u0161gelb\u0117ti knygas nuo likimo prie konteinerio. Kas vienam nereikalingas daiktas \u2013 kitam lobis, o mes esame tarpininkai, kurie padeda abiems tapti laimingesniems ???? \u017dinome kaip nelengva i\u0161gyventi ma\u017eiems verslams, tad nuo \u0161iol, \u010dia rasite ir kit\u0173, ma\u017e\u0173 \u0161eim\u0173 versl\u0173, rank\u0173 darbo, dovan\u0173 sau ir artimiesiems.","publisher":{"@id":"https:\/\/skaitytaknyga.lt\/#organization"},"potentialAction":[{"@type":"SearchAction","target":{"@type":"EntryPoint","urlTemplate":"https:\/\/skaitytaknyga.lt\/?s={search_term_string}"},"query-input":{"@type":"PropertyValueSpecification","valueRequired":true,"valueName":"search_term_string"}}],"inLanguage":"en-GB"},{"@type":"Organization","@id":"https:\/\/skaitytaknyga.lt\/#organization","name":"skaitytaknyga.lt","url":"https:\/\/skaitytaknyga.lt\/","logo":{"@type":"ImageObject","inLanguage":"en-GB","@id":"https:\/\/skaitytaknyga.lt\/#\/schema\/logo\/image\/","url":"https:\/\/skaitytaknyga.lt\/wp-content\/uploads\/2024\/05\/cropped-cropped-cropped-02_00843_jt3bggkj1j3HLc7SyY6rEUpg.jpeg","contentUrl":"https:\/\/skaitytaknyga.lt\/wp-content\/uploads\/2024\/05\/cropped-cropped-cropped-02_00843_jt3bggkj1j3HLc7SyY6rEUpg.jpeg","width":1600,"height":1600,"caption":"skaitytaknyga.lt"},"image":{"@id":"https:\/\/skaitytaknyga.lt\/#\/schema\/logo\/image\/"},"sameAs":["https:\/\/www.facebook.com\/skaitytaknyga\/"]}]}},"_links":{"self":[{"href":"https:\/\/skaitytaknyga.lt\/en\/wp-json\/wp\/v2\/product\/11194","targetHints":{"allow":["GET"]}}],"collection":[{"href":"https:\/\/skaitytaknyga.lt\/en\/wp-json\/wp\/v2\/product"}],"about":[{"href":"https:\/\/skaitytaknyga.lt\/en\/wp-json\/wp\/v2\/types\/product"}],"replies":[{"embeddable":true,"href":"https:\/\/skaitytaknyga.lt\/en\/wp-json\/wp\/v2\/comments?post=11194"}],"wp:featuredmedia":[{"embeddable":true,"href":"https:\/\/skaitytaknyga.lt\/en\/wp-json\/wp\/v2\/media\/11232"}],"wp:attachment":[{"href":"https:\/\/skaitytaknyga.lt\/en\/wp-json\/wp\/v2\/media?parent=11194"}],"wp:term":[{"taxonomy":"product_brand","embeddable":true,"href":"https:\/\/skaitytaknyga.lt\/en\/wp-json\/wp\/v2\/product_brand?post=11194"},{"taxonomy":"product_cat","embeddable":true,"href":"https:\/\/skaitytaknyga.lt\/en\/wp-json\/wp\/v2\/product_cat?post=11194"},{"taxonomy":"product_tag","embeddable":true,"href":"https:\/\/skaitytaknyga.lt\/en\/wp-json\/wp\/v2\/product_tag?post=11194"}],"curies":[{"name":"wp","href":"https:\/\/api.w.org\/{rel}","templated":true}]}}