{"id":11183,"date":"2024-05-04T22:35:13","date_gmt":"2024-05-04T19:35:13","guid":{"rendered":"https:\/\/skaitytaknyga.lt\/?post_type=product&#038;p=11183"},"modified":"2026-04-01T10:45:56","modified_gmt":"2026-04-01T07:45:56","slug":"romanas-su-italija-yra-skaitymo-zymiu","status":"publish","type":"product","link":"https:\/\/skaitytaknyga.lt\/en\/produktas\/romanas-su-italija-yra-skaitymo-zymiu\/","title":{"rendered":"Romanas su Italija"},"content":{"rendered":"<p>A\u0161tuoniolika valand\u0173. Nuo au\u0161ros iki vidurnak\u010dio.<\/p>\n<p>Tiek laiko gyvensite Italijoje skaitydami \u0161i\u0105 knyg\u0105. Kartu su jos autoriais prabusite triuk\u0161mingame pietin\u0117s Romos kvartale, eisite \u012f bar\u0105 puodelio espreso, sveikinsit\u0117s su kaimynais, ai\u0161kinsit\u0117s itali\u0161ko\u00a0<em>cornetto<\/em>\u00a0kremo paslaptis, gyvensite \u0161io did\u017eiulio, labai seno ir eleganti\u0161ko miesto ritmu. Eisite pietauti, studijuosite teisingus ir neteisingus patiekal\u0173 valgiara\u0161\u010dius Romos centre, gersite aperityv\u0105 Am\u017einojo miesto r\u016bmuose ir terasose. Galiausiai pasijusite tarsi filmo \u201eDidis gro\u017eis\u201c (<em>La grande bellezza<\/em>) veik\u0117jai ir, galimas daiktas, \u012fsimyl\u0117site Rom\u0105, Italij\u0105.<\/p>\n<p>O paskui&#8230; Paskui i\u0161gyvensite \u012ftampos ir pyk\u010dio akimirkas. Kitaip ir negali b\u016bti, nes \u201eRomanas su Italija\u201c pulsuoja tuo, k\u0105 italai vadina\u00a0<em>amore e odio<\/em>\u00a0\u2013 meil\u0117 ir neapykanta, nes tuos pa\u010dius\u00a0<em>via Appia Antica<\/em>, senojo Apijos kelio, akmenis prie\u0161 du t\u016bkstan\u010dius met\u0173 myn\u0119s poetas Publijus Ovidijus Nazonas lotyni\u0161kai ra\u0161\u0117:\u00a0<em>Odero, si potero; si non, invitus amabo<\/em>\u00a0\u2013 \u201eNeapk\u0119siu, jeigu gal\u0117siu, o jei ne \u2013 \u012fsimyl\u0117siu.\u201c<\/p>\n<p>\u0160i knyga \u2013 lyg keturiomis rankomis sugrota Domenico Scarlatti sonata \u2013 para\u0161yta moters ir vyro, tod\u0117l tie patys itali\u0161ko gyvenimo epizodai pateikiami visi\u0161kai skirtingai. Istorijos apie tai, k\u0105 rei\u0161kia Italijoje b\u016bti\u00a0<em>donna<\/em>, moterimi, lankytis pas ginekolog\u0105, leisti s\u016bn\u0173 ir dukr\u0105 \u012f mokykl\u0105, apie vyri\u0161kas laim\u0117s paie\u0161kas Palerme ir susid\u016brimus su prie\u0161ing\u0173 politini\u0173 pa\u017ei\u016br\u0173 atstovais, apie tai, kas yra popiet\u0117s miegas\u00a0<em>pisolino<\/em>\u00a0ir kas nutinka jo nepaisantiems, daug kit\u0173 \u012fvyki\u0173 ir kelioni\u0173 po Apeninus \u2013 visa tai papasakota su \u0161maik\u0161\u010dia ironija.<br \/>\nPerskait\u0119 \u0161i\u0105 knyg\u0105 ir praleid\u0119 vien\u0105 dien\u0105 Romoje, n\u0117 nepajusite, kad dviej\u0173 lietuvi\u0173 romanas su Italija u\u017etruko ketvirt\u012f am\u017eiaus.<\/p>\n","protected":false},"excerpt":{"rendered":"<p>A\u0161tuoniolika valand\u0173. Nuo au\u0161ros iki vidurnak\u010dio. Tiek laiko gyvensite Italijoje skaitydami \u0161i\u0105 knyg\u0105. Kartu su jos autoriais prabusite triuk\u0161mingame pietin\u0117s Romos kvartale, eisite \u012f bar\u0105 puodelio espreso, sveikinsit\u0117s su kaimynais, ai\u0161kinsit\u0117s itali\u0161ko\u00a0cornetto\u00a0kremo paslaptis, gyvensite \u0161io did\u017eiulio, labai seno ir eleganti\u0161ko miesto ritmu. Eisite pietauti, studijuosite teisingus ir neteisingus patiekal\u0173 valgiara\u0161\u010dius Romos centre, gersite aperityv\u0105 Am\u017einojo miesto r\u016bmuose ir terasose. Galiausiai pasijusite tarsi filmo \u201eDidis gro\u017eis\u201c (La grande bellezza) veik\u0117jai ir, galimas daiktas, \u012fsimyl\u0117site Rom\u0105, Italij\u0105. O paskui&#8230; Paskui i\u0161gyvensite \u012ftampos ir pyk\u010dio akimirkas. Kitaip ir negali b\u016bti, nes \u201eRomanas su Italija\u201c pulsuoja tuo, k\u0105 italai vadina\u00a0amore e odio\u00a0\u2013 meil\u0117 ir neapykanta, nes tuos pa\u010dius\u00a0via Appia Antica, senojo Apijos kelio, akmenis prie\u0161 du t\u016bkstan\u010dius met\u0173 myn\u0119s poetas Publijus Ovidijus Nazonas lotyni\u0161kai ra\u0161\u0117:\u00a0Odero, si potero; si non, invitus amabo\u00a0\u2013 \u201eNeapk\u0119siu, jeigu gal\u0117siu, o jei ne \u2013 \u012fsimyl\u0117siu.\u201c \u0160i knyga \u2013 lyg keturiomis rankomis sugrota Domenico Scarlatti sonata \u2013 para\u0161yta moters ir vyro, tod\u0117l tie patys itali\u0161ko gyvenimo epizodai pateikiami visi\u0161kai skirtingai. Istorijos apie tai, k\u0105 rei\u0161kia Italijoje b\u016bti\u00a0donna, moterimi, lankytis pas ginekolog\u0105, leisti s\u016bn\u0173 ir dukr\u0105 \u012f mokykl\u0105, apie vyri\u0161kas laim\u0117s paie\u0161kas Palerme ir susid\u016brimus su prie\u0161ing\u0173 politini\u0173 pa\u017ei\u016br\u0173 atstovais, apie tai, kas yra popiet\u0117s miegas\u00a0pisolino\u00a0ir kas nutinka jo nepaisantiems, daug kit\u0173 \u012fvyki\u0173 ir kelioni\u0173 po Apeninus \u2013 visa tai papasakota su \u0161maik\u0161\u010dia ironija. Perskait\u0119 \u0161i\u0105 knyg\u0105 ir praleid\u0119 vien\u0105 dien\u0105 Romoje, n\u0117 nepajusite, kad dviej\u0173 lietuvi\u0173 romanas su Italija u\u017etruko ketvirt\u012f am\u017eiaus.<\/p>\n","protected":false},"featured_media":11219,"comment_status":"closed","ping_status":"closed","template":"","meta":{"_acf_changed":false,"site-sidebar-layout":"default","site-content-layout":"","ast-site-content-layout":"default","site-content-style":"default","site-sidebar-style":"default","ast-global-header-display":"","ast-banner-title-visibility":"","ast-main-header-display":"","ast-hfb-above-header-display":"","ast-hfb-below-header-display":"","ast-hfb-mobile-header-display":"","site-post-title":"","ast-breadcrumbs-content":"","ast-featured-img":"","footer-sml-layout":"","ast-disable-related-posts":"","theme-transparent-header-meta":"","adv-header-id-meta":"","stick-header-meta":"","header-above-stick-meta":"","header-main-stick-meta":"","header-below-stick-meta":"","astra-migrate-meta-layouts":"default","ast-page-background-enabled":"default","ast-page-background-meta":{"desktop":{"background-color":"","background-image":"","background-repeat":"repeat","background-position":"center center","background-size":"auto","background-attachment":"scroll","background-type":"","background-media":"","overlay-type":"","overlay-color":"","overlay-opacity":"","overlay-gradient":""},"tablet":{"background-color":"","background-image":"","background-repeat":"repeat","background-position":"center center","background-size":"auto","background-attachment":"scroll","background-type":"","background-media":"","overlay-type":"","overlay-color":"","overlay-opacity":"","overlay-gradient":""},"mobile":{"background-color":"","background-image":"","background-repeat":"repeat","background-position":"center center","background-size":"auto","background-attachment":"scroll","background-type":"","background-media":"","overlay-type":"","overlay-color":"","overlay-opacity":"","overlay-gradient":""}},"ast-content-background-meta":{"desktop":{"background-color":"var(--ast-global-color-4)","background-image":"","background-repeat":"repeat","background-position":"center center","background-size":"auto","background-attachment":"scroll","background-type":"","background-media":"","overlay-type":"","overlay-color":"","overlay-opacity":"","overlay-gradient":""},"tablet":{"background-color":"var(--ast-global-color-4)","background-image":"","background-repeat":"repeat","background-position":"center center","background-size":"auto","background-attachment":"scroll","background-type":"","background-media":"","overlay-type":"","overlay-color":"","overlay-opacity":"","overlay-gradient":""},"mobile":{"background-color":"var(--ast-global-color-4)","background-image":"","background-repeat":"repeat","background-position":"center center","background-size":"auto","background-attachment":"scroll","background-type":"","background-media":"","overlay-type":"","overlay-color":"","overlay-opacity":"","overlay-gradient":""}}},"product_brand":[],"product_cat":[31,448],"product_tag":[2198,4324,4564,1445,2376,4566,4565,4506],"class_list":{"0":"post-11183","1":"product","2":"type-product","3":"status-publish","4":"has-post-thumbnail","6":"product_cat-grozine-literatura","7":"product_cat-keliones","8":"product_tag-gyvenimo-budas","9":"product_tag-italija","10":"product_tag-jurga-jurkeviciene","11":"product_tag-keliones","12":"product_tag-kultura","13":"product_tag-meile-italijai","14":"product_tag-paulius-jurkevicius","15":"product_tag-roma","16":"desktop-align-left","17":"tablet-align-left","18":"mobile-align-left","20":"first","21":"instock","22":"shipping-taxable","23":"purchasable","24":"product-type-simple"},"acf":[],"yoast_head":"<!-- This site is optimized with the Yoast SEO plugin v27.0 - https:\/\/yoast.com\/product\/yoast-seo-wordpress\/ -->\n<title>Romanas su Italija<\/title>\n<meta name=\"description\" content=\"A\u0161tuoniolika valand\u0173. Nuo au\u0161ros iki vidurnak\u010dio. Tiek laiko gyvensite Italijoje skaitydami \u0161i\u0105 knyg\u0105. Kartu su jos autoriais prabusite triuk\u0161mingame\" \/>\n<meta name=\"robots\" content=\"index, follow, max-snippet:-1, max-image-preview:large, max-video-preview:-1\" \/>\n<link rel=\"canonical\" href=\"https:\/\/skaitytaknyga.lt\/en\/produktas\/romanas-su-italija-yra-skaitymo-zymiu\/\" \/>\n<meta property=\"og:locale\" content=\"en_GB\" \/>\n<meta property=\"og:locale:alternate\" content=\"lt_LT\" \/>\n<meta property=\"og:type\" content=\"article\" \/>\n<meta property=\"og:title\" content=\"Romanas su Italija\" \/>\n<meta property=\"og:description\" content=\"A\u0161tuoniolika valand\u0173. Nuo au\u0161ros iki vidurnak\u010dio. Tiek laiko gyvensite Italijoje skaitydami \u0161i\u0105 knyg\u0105. Kartu su jos autoriais prabusite triuk\u0161mingame\" \/>\n<meta property=\"og:url\" content=\"https:\/\/skaitytaknyga.lt\/en\/produktas\/romanas-su-italija-yra-skaitymo-zymiu\/\" \/>\n<meta property=\"og:site_name\" content=\"Skaitytaknyga\" \/>\n<meta property=\"article:publisher\" content=\"https:\/\/www.facebook.com\/skaitytaknyga\/\" \/>\n<meta property=\"article:modified_time\" content=\"2026-04-01T07:45:56+00:00\" \/>\n<meta property=\"og:image\" content=\"https:\/\/skaitytaknyga.lt\/wp-content\/uploads\/2024\/05\/nn.jpg\" \/>\n\t<meta property=\"og:image:width\" content=\"1080\" \/>\n\t<meta property=\"og:image:height\" content=\"1080\" \/>\n\t<meta property=\"og:image:type\" content=\"image\/jpeg\" \/>\n<meta name=\"twitter:card\" content=\"summary_large_image\" \/>\n<meta name=\"twitter:label1\" content=\"Estimated reading time\" \/>\n\t<meta name=\"twitter:data1\" content=\"1 minute\" \/>\n<script type=\"application\/ld+json\" class=\"yoast-schema-graph\">{\"@context\":\"https:\/\/schema.org\",\"@graph\":[{\"@type\":\"WebPage\",\"@id\":\"https:\/\/skaitytaknyga.lt\/produktas\/romanas-su-italija-yra-skaitymo-zymiu\/\",\"url\":\"https:\/\/skaitytaknyga.lt\/produktas\/romanas-su-italija-yra-skaitymo-zymiu\/\",\"name\":\"Romanas su Italija\",\"isPartOf\":{\"@id\":\"https:\/\/skaitytaknyga.lt\/#website\"},\"primaryImageOfPage\":{\"@id\":\"https:\/\/skaitytaknyga.lt\/produktas\/romanas-su-italija-yra-skaitymo-zymiu\/#primaryimage\"},\"image\":{\"@id\":\"https:\/\/skaitytaknyga.lt\/produktas\/romanas-su-italija-yra-skaitymo-zymiu\/#primaryimage\"},\"thumbnailUrl\":\"https:\/\/skaitytaknyga.lt\/wp-content\/uploads\/2024\/05\/nn.jpg\",\"datePublished\":\"2024-05-04T19:35:13+00:00\",\"dateModified\":\"2026-04-01T07:45:56+00:00\",\"description\":\"A\u0161tuoniolika valand\u0173. Nuo au\u0161ros iki vidurnak\u010dio. Tiek laiko gyvensite Italijoje skaitydami \u0161i\u0105 knyg\u0105. Kartu su jos autoriais prabusite triuk\u0161mingame\",\"breadcrumb\":{\"@id\":\"https:\/\/skaitytaknyga.lt\/produktas\/romanas-su-italija-yra-skaitymo-zymiu\/#breadcrumb\"},\"inLanguage\":\"en-GB\",\"potentialAction\":[{\"@type\":\"ReadAction\",\"target\":[\"https:\/\/skaitytaknyga.lt\/produktas\/romanas-su-italija-yra-skaitymo-zymiu\/\"]}]},{\"@type\":\"ImageObject\",\"inLanguage\":\"en-GB\",\"@id\":\"https:\/\/skaitytaknyga.lt\/produktas\/romanas-su-italija-yra-skaitymo-zymiu\/#primaryimage\",\"url\":\"https:\/\/skaitytaknyga.lt\/wp-content\/uploads\/2024\/05\/nn.jpg\",\"contentUrl\":\"https:\/\/skaitytaknyga.lt\/wp-content\/uploads\/2024\/05\/nn.jpg\",\"width\":1080,\"height\":1080},{\"@type\":\"BreadcrumbList\",\"@id\":\"https:\/\/skaitytaknyga.lt\/produktas\/romanas-su-italija-yra-skaitymo-zymiu\/#breadcrumb\",\"itemListElement\":[{\"@type\":\"ListItem\",\"position\":1,\"name\":\"Home\",\"item\":\"https:\/\/skaitytaknyga.lt\/\"},{\"@type\":\"ListItem\",\"position\":2,\"name\":\"Parduotuv\u0117\",\"item\":\"https:\/\/skaitytaknyga.lt\/knygu-parduotuve\/\"},{\"@type\":\"ListItem\",\"position\":3,\"name\":\"Romanas su Italija\"}]},{\"@type\":\"WebSite\",\"@id\":\"https:\/\/skaitytaknyga.lt\/#website\",\"url\":\"https:\/\/skaitytaknyga.lt\/\",\"name\":\"skaitytaknyga.lt\",\"description\":\"Skaitytaknyga.lt \u2013 tai ma\u017eas \u0161eimos verslas, kuris prasid\u0117jo nuo meil\u0117s knygoms ir siekio i\u0161gelb\u0117ti knygas nuo likimo prie konteinerio. Kas vienam nereikalingas daiktas \u2013 kitam lobis, o mes esame tarpininkai, kurie padeda abiems tapti laimingesniems ???? \u017dinome kaip nelengva i\u0161gyventi ma\u017eiems verslams, tad nuo \u0161iol, \u010dia rasite ir kit\u0173, ma\u017e\u0173 \u0161eim\u0173 versl\u0173, rank\u0173 darbo, dovan\u0173 sau ir artimiesiems.\",\"publisher\":{\"@id\":\"https:\/\/skaitytaknyga.lt\/#organization\"},\"potentialAction\":[{\"@type\":\"SearchAction\",\"target\":{\"@type\":\"EntryPoint\",\"urlTemplate\":\"https:\/\/skaitytaknyga.lt\/?s={search_term_string}\"},\"query-input\":{\"@type\":\"PropertyValueSpecification\",\"valueRequired\":true,\"valueName\":\"search_term_string\"}}],\"inLanguage\":\"en-GB\"},{\"@type\":\"Organization\",\"@id\":\"https:\/\/skaitytaknyga.lt\/#organization\",\"name\":\"skaitytaknyga.lt\",\"url\":\"https:\/\/skaitytaknyga.lt\/\",\"logo\":{\"@type\":\"ImageObject\",\"inLanguage\":\"en-GB\",\"@id\":\"https:\/\/skaitytaknyga.lt\/#\/schema\/logo\/image\/\",\"url\":\"https:\/\/skaitytaknyga.lt\/wp-content\/uploads\/2024\/05\/cropped-cropped-cropped-02_00843_jt3bggkj1j3HLc7SyY6rEUpg.jpeg\",\"contentUrl\":\"https:\/\/skaitytaknyga.lt\/wp-content\/uploads\/2024\/05\/cropped-cropped-cropped-02_00843_jt3bggkj1j3HLc7SyY6rEUpg.jpeg\",\"width\":1600,\"height\":1600,\"caption\":\"skaitytaknyga.lt\"},\"image\":{\"@id\":\"https:\/\/skaitytaknyga.lt\/#\/schema\/logo\/image\/\"},\"sameAs\":[\"https:\/\/www.facebook.com\/skaitytaknyga\/\"]}]}<\/script>\n<!-- \/ Yoast SEO plugin. -->","yoast_head_json":{"title":"Romanas su Italija","description":"A\u0161tuoniolika valand\u0173. Nuo au\u0161ros iki vidurnak\u010dio. Tiek laiko gyvensite Italijoje skaitydami \u0161i\u0105 knyg\u0105. Kartu su jos autoriais prabusite triuk\u0161mingame","robots":{"index":"index","follow":"follow","max-snippet":"max-snippet:-1","max-image-preview":"max-image-preview:large","max-video-preview":"max-video-preview:-1"},"canonical":"https:\/\/skaitytaknyga.lt\/en\/produktas\/romanas-su-italija-yra-skaitymo-zymiu\/","og_locale":"en_GB","og_type":"article","og_title":"[:lt]Romanas su Italija[:] - Skaitytaknyga","og_description":"A\u0161tuoniolika valand\u0173. Nuo au\u0161ros iki vidurnak\u010dio. Tiek laiko gyvensite Italijoje skaitydami \u0161i\u0105 knyg\u0105. Kartu su jos autoriais prabusite triuk\u0161mingame","og_url":"https:\/\/skaitytaknyga.lt\/en\/produktas\/romanas-su-italija-yra-skaitymo-zymiu\/","og_site_name":"Skaitytaknyga","article_publisher":"https:\/\/www.facebook.com\/skaitytaknyga\/","article_modified_time":"2026-04-01T07:45:56+00:00","og_image":[{"width":1080,"height":1080,"url":"https:\/\/skaitytaknyga.lt\/wp-content\/uploads\/2024\/05\/nn.jpg","type":"image\/jpeg"}],"twitter_card":"summary_large_image","twitter_misc":{"Estimated reading time":"1 minute"},"schema":{"@context":"https:\/\/schema.org","@graph":[{"@type":"WebPage","@id":"https:\/\/skaitytaknyga.lt\/produktas\/romanas-su-italija-yra-skaitymo-zymiu\/","url":"https:\/\/skaitytaknyga.lt\/produktas\/romanas-su-italija-yra-skaitymo-zymiu\/","name":"Romanas su Italija","isPartOf":{"@id":"https:\/\/skaitytaknyga.lt\/#website"},"primaryImageOfPage":{"@id":"https:\/\/skaitytaknyga.lt\/produktas\/romanas-su-italija-yra-skaitymo-zymiu\/#primaryimage"},"image":{"@id":"https:\/\/skaitytaknyga.lt\/produktas\/romanas-su-italija-yra-skaitymo-zymiu\/#primaryimage"},"thumbnailUrl":"https:\/\/skaitytaknyga.lt\/wp-content\/uploads\/2024\/05\/nn.jpg","datePublished":"2024-05-04T19:35:13+00:00","dateModified":"2026-04-01T07:45:56+00:00","description":"A\u0161tuoniolika valand\u0173. Nuo au\u0161ros iki vidurnak\u010dio. Tiek laiko gyvensite Italijoje skaitydami \u0161i\u0105 knyg\u0105. Kartu su jos autoriais prabusite triuk\u0161mingame","breadcrumb":{"@id":"https:\/\/skaitytaknyga.lt\/produktas\/romanas-su-italija-yra-skaitymo-zymiu\/#breadcrumb"},"inLanguage":"en-GB","potentialAction":[{"@type":"ReadAction","target":["https:\/\/skaitytaknyga.lt\/produktas\/romanas-su-italija-yra-skaitymo-zymiu\/"]}]},{"@type":"ImageObject","inLanguage":"en-GB","@id":"https:\/\/skaitytaknyga.lt\/produktas\/romanas-su-italija-yra-skaitymo-zymiu\/#primaryimage","url":"https:\/\/skaitytaknyga.lt\/wp-content\/uploads\/2024\/05\/nn.jpg","contentUrl":"https:\/\/skaitytaknyga.lt\/wp-content\/uploads\/2024\/05\/nn.jpg","width":1080,"height":1080},{"@type":"BreadcrumbList","@id":"https:\/\/skaitytaknyga.lt\/produktas\/romanas-su-italija-yra-skaitymo-zymiu\/#breadcrumb","itemListElement":[{"@type":"ListItem","position":1,"name":"Home","item":"https:\/\/skaitytaknyga.lt\/"},{"@type":"ListItem","position":2,"name":"Parduotuv\u0117","item":"https:\/\/skaitytaknyga.lt\/knygu-parduotuve\/"},{"@type":"ListItem","position":3,"name":"Romanas su Italija"}]},{"@type":"WebSite","@id":"https:\/\/skaitytaknyga.lt\/#website","url":"https:\/\/skaitytaknyga.lt\/","name":"skaitytaknyga.lt","description":"Skaitytaknyga.lt \u2013 tai ma\u017eas \u0161eimos verslas, kuris prasid\u0117jo nuo meil\u0117s knygoms ir siekio i\u0161gelb\u0117ti knygas nuo likimo prie konteinerio. Kas vienam nereikalingas daiktas \u2013 kitam lobis, o mes esame tarpininkai, kurie padeda abiems tapti laimingesniems ???? \u017dinome kaip nelengva i\u0161gyventi ma\u017eiems verslams, tad nuo \u0161iol, \u010dia rasite ir kit\u0173, ma\u017e\u0173 \u0161eim\u0173 versl\u0173, rank\u0173 darbo, dovan\u0173 sau ir artimiesiems.","publisher":{"@id":"https:\/\/skaitytaknyga.lt\/#organization"},"potentialAction":[{"@type":"SearchAction","target":{"@type":"EntryPoint","urlTemplate":"https:\/\/skaitytaknyga.lt\/?s={search_term_string}"},"query-input":{"@type":"PropertyValueSpecification","valueRequired":true,"valueName":"search_term_string"}}],"inLanguage":"en-GB"},{"@type":"Organization","@id":"https:\/\/skaitytaknyga.lt\/#organization","name":"skaitytaknyga.lt","url":"https:\/\/skaitytaknyga.lt\/","logo":{"@type":"ImageObject","inLanguage":"en-GB","@id":"https:\/\/skaitytaknyga.lt\/#\/schema\/logo\/image\/","url":"https:\/\/skaitytaknyga.lt\/wp-content\/uploads\/2024\/05\/cropped-cropped-cropped-02_00843_jt3bggkj1j3HLc7SyY6rEUpg.jpeg","contentUrl":"https:\/\/skaitytaknyga.lt\/wp-content\/uploads\/2024\/05\/cropped-cropped-cropped-02_00843_jt3bggkj1j3HLc7SyY6rEUpg.jpeg","width":1600,"height":1600,"caption":"skaitytaknyga.lt"},"image":{"@id":"https:\/\/skaitytaknyga.lt\/#\/schema\/logo\/image\/"},"sameAs":["https:\/\/www.facebook.com\/skaitytaknyga\/"]}]}},"_links":{"self":[{"href":"https:\/\/skaitytaknyga.lt\/en\/wp-json\/wp\/v2\/product\/11183","targetHints":{"allow":["GET"]}}],"collection":[{"href":"https:\/\/skaitytaknyga.lt\/en\/wp-json\/wp\/v2\/product"}],"about":[{"href":"https:\/\/skaitytaknyga.lt\/en\/wp-json\/wp\/v2\/types\/product"}],"replies":[{"embeddable":true,"href":"https:\/\/skaitytaknyga.lt\/en\/wp-json\/wp\/v2\/comments?post=11183"}],"wp:featuredmedia":[{"embeddable":true,"href":"https:\/\/skaitytaknyga.lt\/en\/wp-json\/wp\/v2\/media\/11219"}],"wp:attachment":[{"href":"https:\/\/skaitytaknyga.lt\/en\/wp-json\/wp\/v2\/media?parent=11183"}],"wp:term":[{"taxonomy":"product_brand","embeddable":true,"href":"https:\/\/skaitytaknyga.lt\/en\/wp-json\/wp\/v2\/product_brand?post=11183"},{"taxonomy":"product_cat","embeddable":true,"href":"https:\/\/skaitytaknyga.lt\/en\/wp-json\/wp\/v2\/product_cat?post=11183"},{"taxonomy":"product_tag","embeddable":true,"href":"https:\/\/skaitytaknyga.lt\/en\/wp-json\/wp\/v2\/product_tag?post=11183"}],"curies":[{"name":"wp","href":"https:\/\/api.w.org\/{rel}","templated":true}]}}