{"id":11169,"date":"2024-05-04T19:33:32","date_gmt":"2024-05-04T19:33:32","guid":{"rendered":"https:\/\/skaitytaknyga.lt\/?post_type=product&#038;p=11169"},"modified":"2024-05-04T19:36:02","modified_gmt":"2024-05-04T19:36:02","slug":"vladimir-megre-meiles-erdve","status":"publish","type":"product","link":"https:\/\/skaitytaknyga.lt\/en\/produktas\/vladimir-megre-meiles-erdve\/","title":{"rendered":"Vladimir Megre \u201eMeil\u0117s erdv\u0117\u201c"},"content":{"rendered":"<p>\u0160i knyga t\u0119sia pasakojim\u0105 apie nepaprast\u0105 moter\u012f, turin\u010di\u0105 prot\u0117vi\u0173 gabum\u0173 ir pirmaprad\u017ei\u0173 \u0161altini\u0173 \u017einojim\u0105&#8230;<\/p>\n<p><em>Nei\u0161prana\u0161avai tu, Nostradamai, \u0161iurpi\u0173 \u017eem\u0117s kataklizm\u0173 datos. Tu savo mintimis juos suk\u016brei ir \u017emoni\u0173 mintis baisiam \u012fsik\u016bnijimui priskyrei. \u0160tai ir dabar vir\u0161 \u017eem\u0117s jos plevena, \u017emones bevilti\u0161kumu g\u0105sdindamos. Ta\u010diau dabar jos ne\u012fsik\u016bnys. A\u0161 \u2013 \u017emogus. Anastasija a\u0161! Ir a\u0161 stipresn\u0117 u\u017e tave!<\/em><\/p>\n<p>\u0160ioje knygoje praple\u010diama meil\u0117s erdv\u0117s s\u0105voka, pasakojama, kaip galima \u017eod\u017eiais pakeisti \u017emogaus likim\u0105, kaip der\u0117t\u0173 aukl\u0117ti vaikus, kokia svarbi visai m\u016bs\u0173 \u017demei yra \u0161viesos energija, meil\u0117s energija.<\/p>\n","protected":false},"excerpt":{"rendered":"<p>\u0160i knyga t\u0119sia pasakojim\u0105 apie nepaprast\u0105 moter\u012f, turin\u010di\u0105 prot\u0117vi\u0173 gabum\u0173 ir pirmaprad\u017ei\u0173 \u0161altini\u0173 \u017einojim\u0105&#8230; Nei\u0161prana\u0161avai tu, Nostradamai, \u0161iurpi\u0173 \u017eem\u0117s kataklizm\u0173 datos. Tu savo mintimis juos suk\u016brei ir \u017emoni\u0173 mintis baisiam \u012fsik\u016bnijimui priskyrei. \u0160tai ir dabar vir\u0161 \u017eem\u0117s jos plevena, \u017emones bevilti\u0161kumu g\u0105sdindamos. Ta\u010diau dabar jos ne\u012fsik\u016bnys. A\u0161 \u2013 \u017emogus. Anastasija a\u0161! Ir a\u0161 stipresn\u0117 u\u017e tave! \u0160ioje knygoje praple\u010diama meil\u0117s erdv\u0117s s\u0105voka, pasakojama, kaip galima \u017eod\u017eiais pakeisti \u017emogaus likim\u0105, kaip der\u0117t\u0173 aukl\u0117ti vaikus, kokia svarbi visai m\u016bs\u0173 \u017demei yra \u0161viesos energija, meil\u0117s energija.<\/p>\n","protected":false},"featured_media":11209,"comment_status":"closed","ping_status":"closed","template":"","meta":{"_acf_changed":false,"site-sidebar-layout":"default","site-content-layout":"","ast-site-content-layout":"default","site-content-style":"default","site-sidebar-style":"default","ast-global-header-display":"","ast-banner-title-visibility":"","ast-main-header-display":"","ast-hfb-above-header-display":"","ast-hfb-below-header-display":"","ast-hfb-mobile-header-display":"","site-post-title":"","ast-breadcrumbs-content":"","ast-featured-img":"","footer-sml-layout":"","ast-disable-related-posts":"","theme-transparent-header-meta":"","adv-header-id-meta":"","stick-header-meta":"","header-above-stick-meta":"","header-main-stick-meta":"","header-below-stick-meta":"","astra-migrate-meta-layouts":"default","ast-page-background-enabled":"default","ast-page-background-meta":{"desktop":{"background-color":"","background-image":"","background-repeat":"repeat","background-position":"center center","background-size":"auto","background-attachment":"scroll","background-type":"","background-media":"","overlay-type":"","overlay-color":"","overlay-opacity":"","overlay-gradient":""},"tablet":{"background-color":"","background-image":"","background-repeat":"repeat","background-position":"center center","background-size":"auto","background-attachment":"scroll","background-type":"","background-media":"","overlay-type":"","overlay-color":"","overlay-opacity":"","overlay-gradient":""},"mobile":{"background-color":"","background-image":"","background-repeat":"repeat","background-position":"center center","background-size":"auto","background-attachment":"scroll","background-type":"","background-media":"","overlay-type":"","overlay-color":"","overlay-opacity":"","overlay-gradient":""}},"ast-content-background-meta":{"desktop":{"background-color":"var(--ast-global-color-4)","background-image":"","background-repeat":"repeat","background-position":"center center","background-size":"auto","background-attachment":"scroll","background-type":"","background-media":"","overlay-type":"","overlay-color":"","overlay-opacity":"","overlay-gradient":""},"tablet":{"background-color":"var(--ast-global-color-4)","background-image":"","background-repeat":"repeat","background-position":"center center","background-size":"auto","background-attachment":"scroll","background-type":"","background-media":"","overlay-type":"","overlay-color":"","overlay-opacity":"","overlay-gradient":""},"mobile":{"background-color":"var(--ast-global-color-4)","background-image":"","background-repeat":"repeat","background-position":"center center","background-size":"auto","background-attachment":"scroll","background-type":"","background-media":"","overlay-type":"","overlay-color":"","overlay-opacity":"","overlay-gradient":""}}},"product_brand":[],"product_cat":[15],"product_tag":[],"class_list":{"0":"post-11169","1":"product","2":"type-product","3":"status-publish","4":"has-post-thumbnail","6":"product_cat-uncategorized","7":"desktop-align-left","8":"tablet-align-left","9":"mobile-align-left","11":"first","12":"outofstock","13":"shipping-taxable","14":"purchasable","15":"product-type-simple"},"acf":[],"yoast_head":"<!-- This site is optimized with the Yoast SEO plugin v27.0 - https:\/\/yoast.com\/product\/yoast-seo-wordpress\/ -->\n<title>Vladimir Megre \u201eMeil\u0117s erdv\u0117\u201c - Skaitytaknyga<\/title>\n<meta name=\"description\" content=\"\u0160i knyga t\u0119sia pasakojim\u0105 apie nepaprast\u0105 moter\u012f, turin\u010di\u0105 prot\u0117vi\u0173 gabum\u0173 ir pirmaprad\u017ei\u0173 \u0161altini\u0173 \u017einojim\u0105... Nei\u0161prana\u0161avai tu, Nostradamai, \u0161iurpi\u0173\" \/>\n<meta name=\"robots\" content=\"index, follow, max-snippet:-1, max-image-preview:large, max-video-preview:-1\" \/>\n<link rel=\"canonical\" href=\"https:\/\/skaitytaknyga.lt\/en\/produktas\/vladimir-megre-meiles-erdve\/\" \/>\n<meta property=\"og:locale\" content=\"en_GB\" \/>\n<meta property=\"og:locale:alternate\" content=\"lt_LT\" \/>\n<meta property=\"og:type\" content=\"article\" \/>\n<meta property=\"og:title\" content=\"Vladimir Megre \u201eMeil\u0117s erdv\u0117\u201c - Skaitytaknyga\" \/>\n<meta property=\"og:description\" content=\"\u0160i knyga t\u0119sia pasakojim\u0105 apie nepaprast\u0105 moter\u012f, turin\u010di\u0105 prot\u0117vi\u0173 gabum\u0173 ir pirmaprad\u017ei\u0173 \u0161altini\u0173 \u017einojim\u0105... Nei\u0161prana\u0161avai tu, Nostradamai, \u0161iurpi\u0173\" \/>\n<meta property=\"og:url\" content=\"https:\/\/skaitytaknyga.lt\/en\/produktas\/vladimir-megre-meiles-erdve\/\" \/>\n<meta property=\"og:site_name\" content=\"Skaitytaknyga\" \/>\n<meta property=\"article:publisher\" content=\"https:\/\/www.facebook.com\/skaitytaknyga\/\" \/>\n<meta property=\"article:modified_time\" content=\"2024-05-04T19:36:02+00:00\" \/>\n<meta property=\"og:image\" content=\"https:\/\/skaitytaknyga.lt\/wp-content\/uploads\/2024\/05\/veidai_45-625x794_0-e1697894288846.jpg\" \/>\n\t<meta property=\"og:image:width\" content=\"494\" \/>\n\t<meta property=\"og:image:height\" content=\"760\" \/>\n\t<meta property=\"og:image:type\" content=\"image\/jpeg\" \/>\n<meta name=\"twitter:card\" content=\"summary_large_image\" \/>\n<meta name=\"twitter:label1\" content=\"Estimated reading time\" \/>\n\t<meta name=\"twitter:data1\" content=\"1 minute\" \/>\n<script type=\"application\/ld+json\" class=\"yoast-schema-graph\">{\"@context\":\"https:\/\/schema.org\",\"@graph\":[{\"@type\":\"WebPage\",\"@id\":\"https:\/\/skaitytaknyga.lt\/produktas\/vladimir-megre-meiles-erdve\/\",\"url\":\"https:\/\/skaitytaknyga.lt\/produktas\/vladimir-megre-meiles-erdve\/\",\"name\":\"Vladimir Megre \u201eMeil\u0117s erdv\u0117\u201c - Skaitytaknyga\",\"isPartOf\":{\"@id\":\"https:\/\/skaitytaknyga.lt\/#website\"},\"primaryImageOfPage\":{\"@id\":\"https:\/\/skaitytaknyga.lt\/produktas\/vladimir-megre-meiles-erdve\/#primaryimage\"},\"image\":{\"@id\":\"https:\/\/skaitytaknyga.lt\/produktas\/vladimir-megre-meiles-erdve\/#primaryimage\"},\"thumbnailUrl\":\"https:\/\/skaitytaknyga.lt\/wp-content\/uploads\/2024\/05\/veidai_45-625x794_0-e1697894288846.jpg\",\"datePublished\":\"2024-05-04T19:33:32+00:00\",\"dateModified\":\"2024-05-04T19:36:02+00:00\",\"description\":\"\u0160i knyga t\u0119sia pasakojim\u0105 apie nepaprast\u0105 moter\u012f, turin\u010di\u0105 prot\u0117vi\u0173 gabum\u0173 ir pirmaprad\u017ei\u0173 \u0161altini\u0173 \u017einojim\u0105... Nei\u0161prana\u0161avai tu, Nostradamai, \u0161iurpi\u0173\",\"breadcrumb\":{\"@id\":\"https:\/\/skaitytaknyga.lt\/produktas\/vladimir-megre-meiles-erdve\/#breadcrumb\"},\"inLanguage\":\"en-GB\",\"potentialAction\":[{\"@type\":\"ReadAction\",\"target\":[\"https:\/\/skaitytaknyga.lt\/produktas\/vladimir-megre-meiles-erdve\/\"]}]},{\"@type\":\"ImageObject\",\"inLanguage\":\"en-GB\",\"@id\":\"https:\/\/skaitytaknyga.lt\/produktas\/vladimir-megre-meiles-erdve\/#primaryimage\",\"url\":\"https:\/\/skaitytaknyga.lt\/wp-content\/uploads\/2024\/05\/veidai_45-625x794_0-e1697894288846.jpg\",\"contentUrl\":\"https:\/\/skaitytaknyga.lt\/wp-content\/uploads\/2024\/05\/veidai_45-625x794_0-e1697894288846.jpg\",\"width\":494,\"height\":760},{\"@type\":\"BreadcrumbList\",\"@id\":\"https:\/\/skaitytaknyga.lt\/produktas\/vladimir-megre-meiles-erdve\/#breadcrumb\",\"itemListElement\":[{\"@type\":\"ListItem\",\"position\":1,\"name\":\"Home\",\"item\":\"https:\/\/skaitytaknyga.lt\/\"},{\"@type\":\"ListItem\",\"position\":2,\"name\":\"Parduotuv\u0117\",\"item\":\"https:\/\/skaitytaknyga.lt\/knygu-parduotuve\/\"},{\"@type\":\"ListItem\",\"position\":3,\"name\":\"Vladimir Megre \u201eMeil\u0117s erdv\u0117\u201c\"}]},{\"@type\":\"WebSite\",\"@id\":\"https:\/\/skaitytaknyga.lt\/#website\",\"url\":\"https:\/\/skaitytaknyga.lt\/\",\"name\":\"skaitytaknyga.lt\",\"description\":\"Skaitytaknyga.lt \u2013 tai ma\u017eas \u0161eimos verslas, kuris prasid\u0117jo nuo meil\u0117s knygoms ir siekio i\u0161gelb\u0117ti knygas nuo likimo prie konteinerio. Kas vienam nereikalingas daiktas \u2013 kitam lobis, o mes esame tarpininkai, kurie padeda abiems tapti laimingesniems ???? \u017dinome kaip nelengva i\u0161gyventi ma\u017eiems verslams, tad nuo \u0161iol, \u010dia rasite ir kit\u0173, ma\u017e\u0173 \u0161eim\u0173 versl\u0173, rank\u0173 darbo, dovan\u0173 sau ir artimiesiems.\",\"publisher\":{\"@id\":\"https:\/\/skaitytaknyga.lt\/#organization\"},\"potentialAction\":[{\"@type\":\"SearchAction\",\"target\":{\"@type\":\"EntryPoint\",\"urlTemplate\":\"https:\/\/skaitytaknyga.lt\/?s={search_term_string}\"},\"query-input\":{\"@type\":\"PropertyValueSpecification\",\"valueRequired\":true,\"valueName\":\"search_term_string\"}}],\"inLanguage\":\"en-GB\"},{\"@type\":\"Organization\",\"@id\":\"https:\/\/skaitytaknyga.lt\/#organization\",\"name\":\"skaitytaknyga.lt\",\"url\":\"https:\/\/skaitytaknyga.lt\/\",\"logo\":{\"@type\":\"ImageObject\",\"inLanguage\":\"en-GB\",\"@id\":\"https:\/\/skaitytaknyga.lt\/#\/schema\/logo\/image\/\",\"url\":\"https:\/\/skaitytaknyga.lt\/wp-content\/uploads\/2024\/05\/cropped-cropped-cropped-02_00843_jt3bggkj1j3HLc7SyY6rEUpg.jpeg\",\"contentUrl\":\"https:\/\/skaitytaknyga.lt\/wp-content\/uploads\/2024\/05\/cropped-cropped-cropped-02_00843_jt3bggkj1j3HLc7SyY6rEUpg.jpeg\",\"width\":1600,\"height\":1600,\"caption\":\"skaitytaknyga.lt\"},\"image\":{\"@id\":\"https:\/\/skaitytaknyga.lt\/#\/schema\/logo\/image\/\"},\"sameAs\":[\"https:\/\/www.facebook.com\/skaitytaknyga\/\"]}]}<\/script>\n<!-- \/ Yoast SEO plugin. -->","yoast_head_json":{"title":"Vladimir Megre \u201eMeil\u0117s erdv\u0117\u201c - Skaitytaknyga","description":"\u0160i knyga t\u0119sia pasakojim\u0105 apie nepaprast\u0105 moter\u012f, turin\u010di\u0105 prot\u0117vi\u0173 gabum\u0173 ir pirmaprad\u017ei\u0173 \u0161altini\u0173 \u017einojim\u0105... Nei\u0161prana\u0161avai tu, Nostradamai, \u0161iurpi\u0173","robots":{"index":"index","follow":"follow","max-snippet":"max-snippet:-1","max-image-preview":"max-image-preview:large","max-video-preview":"max-video-preview:-1"},"canonical":"https:\/\/skaitytaknyga.lt\/en\/produktas\/vladimir-megre-meiles-erdve\/","og_locale":"en_GB","og_type":"article","og_title":"Vladimir Megre \u201eMeil\u0117s erdv\u0117\u201c - Skaitytaknyga","og_description":"\u0160i knyga t\u0119sia pasakojim\u0105 apie nepaprast\u0105 moter\u012f, turin\u010di\u0105 prot\u0117vi\u0173 gabum\u0173 ir pirmaprad\u017ei\u0173 \u0161altini\u0173 \u017einojim\u0105... Nei\u0161prana\u0161avai tu, Nostradamai, \u0161iurpi\u0173","og_url":"https:\/\/skaitytaknyga.lt\/en\/produktas\/vladimir-megre-meiles-erdve\/","og_site_name":"Skaitytaknyga","article_publisher":"https:\/\/www.facebook.com\/skaitytaknyga\/","article_modified_time":"2024-05-04T19:36:02+00:00","og_image":[{"width":494,"height":760,"url":"https:\/\/skaitytaknyga.lt\/wp-content\/uploads\/2024\/05\/veidai_45-625x794_0-e1697894288846.jpg","type":"image\/jpeg"}],"twitter_card":"summary_large_image","twitter_misc":{"Estimated reading time":"1 minute"},"schema":{"@context":"https:\/\/schema.org","@graph":[{"@type":"WebPage","@id":"https:\/\/skaitytaknyga.lt\/produktas\/vladimir-megre-meiles-erdve\/","url":"https:\/\/skaitytaknyga.lt\/produktas\/vladimir-megre-meiles-erdve\/","name":"Vladimir Megre \u201eMeil\u0117s erdv\u0117\u201c - Skaitytaknyga","isPartOf":{"@id":"https:\/\/skaitytaknyga.lt\/#website"},"primaryImageOfPage":{"@id":"https:\/\/skaitytaknyga.lt\/produktas\/vladimir-megre-meiles-erdve\/#primaryimage"},"image":{"@id":"https:\/\/skaitytaknyga.lt\/produktas\/vladimir-megre-meiles-erdve\/#primaryimage"},"thumbnailUrl":"https:\/\/skaitytaknyga.lt\/wp-content\/uploads\/2024\/05\/veidai_45-625x794_0-e1697894288846.jpg","datePublished":"2024-05-04T19:33:32+00:00","dateModified":"2024-05-04T19:36:02+00:00","description":"\u0160i knyga t\u0119sia pasakojim\u0105 apie nepaprast\u0105 moter\u012f, turin\u010di\u0105 prot\u0117vi\u0173 gabum\u0173 ir pirmaprad\u017ei\u0173 \u0161altini\u0173 \u017einojim\u0105... Nei\u0161prana\u0161avai tu, Nostradamai, \u0161iurpi\u0173","breadcrumb":{"@id":"https:\/\/skaitytaknyga.lt\/produktas\/vladimir-megre-meiles-erdve\/#breadcrumb"},"inLanguage":"en-GB","potentialAction":[{"@type":"ReadAction","target":["https:\/\/skaitytaknyga.lt\/produktas\/vladimir-megre-meiles-erdve\/"]}]},{"@type":"ImageObject","inLanguage":"en-GB","@id":"https:\/\/skaitytaknyga.lt\/produktas\/vladimir-megre-meiles-erdve\/#primaryimage","url":"https:\/\/skaitytaknyga.lt\/wp-content\/uploads\/2024\/05\/veidai_45-625x794_0-e1697894288846.jpg","contentUrl":"https:\/\/skaitytaknyga.lt\/wp-content\/uploads\/2024\/05\/veidai_45-625x794_0-e1697894288846.jpg","width":494,"height":760},{"@type":"BreadcrumbList","@id":"https:\/\/skaitytaknyga.lt\/produktas\/vladimir-megre-meiles-erdve\/#breadcrumb","itemListElement":[{"@type":"ListItem","position":1,"name":"Home","item":"https:\/\/skaitytaknyga.lt\/"},{"@type":"ListItem","position":2,"name":"Parduotuv\u0117","item":"https:\/\/skaitytaknyga.lt\/knygu-parduotuve\/"},{"@type":"ListItem","position":3,"name":"Vladimir Megre \u201eMeil\u0117s erdv\u0117\u201c"}]},{"@type":"WebSite","@id":"https:\/\/skaitytaknyga.lt\/#website","url":"https:\/\/skaitytaknyga.lt\/","name":"skaitytaknyga.lt","description":"Skaitytaknyga.lt \u2013 tai ma\u017eas \u0161eimos verslas, kuris prasid\u0117jo nuo meil\u0117s knygoms ir siekio i\u0161gelb\u0117ti knygas nuo likimo prie konteinerio. Kas vienam nereikalingas daiktas \u2013 kitam lobis, o mes esame tarpininkai, kurie padeda abiems tapti laimingesniems ???? \u017dinome kaip nelengva i\u0161gyventi ma\u017eiems verslams, tad nuo \u0161iol, \u010dia rasite ir kit\u0173, ma\u017e\u0173 \u0161eim\u0173 versl\u0173, rank\u0173 darbo, dovan\u0173 sau ir artimiesiems.","publisher":{"@id":"https:\/\/skaitytaknyga.lt\/#organization"},"potentialAction":[{"@type":"SearchAction","target":{"@type":"EntryPoint","urlTemplate":"https:\/\/skaitytaknyga.lt\/?s={search_term_string}"},"query-input":{"@type":"PropertyValueSpecification","valueRequired":true,"valueName":"search_term_string"}}],"inLanguage":"en-GB"},{"@type":"Organization","@id":"https:\/\/skaitytaknyga.lt\/#organization","name":"skaitytaknyga.lt","url":"https:\/\/skaitytaknyga.lt\/","logo":{"@type":"ImageObject","inLanguage":"en-GB","@id":"https:\/\/skaitytaknyga.lt\/#\/schema\/logo\/image\/","url":"https:\/\/skaitytaknyga.lt\/wp-content\/uploads\/2024\/05\/cropped-cropped-cropped-02_00843_jt3bggkj1j3HLc7SyY6rEUpg.jpeg","contentUrl":"https:\/\/skaitytaknyga.lt\/wp-content\/uploads\/2024\/05\/cropped-cropped-cropped-02_00843_jt3bggkj1j3HLc7SyY6rEUpg.jpeg","width":1600,"height":1600,"caption":"skaitytaknyga.lt"},"image":{"@id":"https:\/\/skaitytaknyga.lt\/#\/schema\/logo\/image\/"},"sameAs":["https:\/\/www.facebook.com\/skaitytaknyga\/"]}]}},"_links":{"self":[{"href":"https:\/\/skaitytaknyga.lt\/en\/wp-json\/wp\/v2\/product\/11169","targetHints":{"allow":["GET"]}}],"collection":[{"href":"https:\/\/skaitytaknyga.lt\/en\/wp-json\/wp\/v2\/product"}],"about":[{"href":"https:\/\/skaitytaknyga.lt\/en\/wp-json\/wp\/v2\/types\/product"}],"replies":[{"embeddable":true,"href":"https:\/\/skaitytaknyga.lt\/en\/wp-json\/wp\/v2\/comments?post=11169"}],"wp:featuredmedia":[{"embeddable":true,"href":"https:\/\/skaitytaknyga.lt\/en\/wp-json\/wp\/v2\/media\/11209"}],"wp:attachment":[{"href":"https:\/\/skaitytaknyga.lt\/en\/wp-json\/wp\/v2\/media?parent=11169"}],"wp:term":[{"taxonomy":"product_brand","embeddable":true,"href":"https:\/\/skaitytaknyga.lt\/en\/wp-json\/wp\/v2\/product_brand?post=11169"},{"taxonomy":"product_cat","embeddable":true,"href":"https:\/\/skaitytaknyga.lt\/en\/wp-json\/wp\/v2\/product_cat?post=11169"},{"taxonomy":"product_tag","embeddable":true,"href":"https:\/\/skaitytaknyga.lt\/en\/wp-json\/wp\/v2\/product_tag?post=11169"}],"curies":[{"name":"wp","href":"https:\/\/api.w.org\/{rel}","templated":true}]}}