{"id":11165,"date":"2024-05-04T19:33:01","date_gmt":"2024-05-04T19:33:01","guid":{"rendered":"https:\/\/skaitytaknyga.lt\/?post_type=product&#038;p=11165"},"modified":"2025-06-11T07:42:55","modified_gmt":"2025-06-11T04:42:55","slug":"vladimir-megre-anastasija-esu-tiems-kam-esu","status":"publish","type":"product","link":"https:\/\/skaitytaknyga.lt\/en\/produktas\/vladimir-megre-anastasija-esu-tiems-kam-esu\/","title":{"rendered":"Anastasija. Esu tiems, kam esu"},"content":{"rendered":"<p>Knyga\u00a0<strong>\u201eAnastasija. Esu tiems, kam esu\u201c<\/strong>\u00a0&#8211; tai pirmoji serijos \u201eSkambantys Rusijos kedrai\u201c knyga.<\/p>\n<p>Likimas verslinink\u0105, keliaujant\u012f Sibiro upe, suveda su nepaprasta kedr\u0173 mi\u0161kuose u\u017eaugusia mergina, kuri savo geb\u0117jimais ir i\u0161mintinga m\u0105stysena pranoksta bet kur\u012f m\u016bs\u0173 laik\u0173 \u017emog\u0173.<\/p>\n<p>Knygoje pasakojama apie slaptingus \u017emogaus ry\u0161ius su gamta ir kosmosu. Apie tai, kaip i\u0161sigydyti pa\u010diam, kaip gydyti per nuotol\u012f, kaip modeliuoti ateit\u012f.<\/p>\n<p>\u201eO toji gyvenimo prasm\u0117 &#8211; tiesoje, d\u017eiaugsme ir meil\u0117je. Nat\u016bralioje aplinkoje i\u0161aukl\u0117tas devynmetis vaikas visat\u0105 suvokia geriau, negu j\u016bs\u0173 pasaulio mokslo \u012fstaigos ir daugelis j\u016bs\u0173 visuomen\u0117s pripa\u017eint\u0173 mokslinink\u0173.\u201c<br \/>\nVladimir Megre<\/p>\n","protected":false},"excerpt":{"rendered":"<p>Knyga\u00a0\u201eAnastasija. Esu tiems, kam esu\u201c\u00a0&#8211; tai pirmoji serijos \u201eSkambantys Rusijos kedrai\u201c knyga. Likimas verslinink\u0105, keliaujant\u012f Sibiro upe, suveda su nepaprasta kedr\u0173 mi\u0161kuose u\u017eaugusia mergina, kuri savo geb\u0117jimais ir i\u0161mintinga m\u0105stysena pranoksta bet kur\u012f m\u016bs\u0173 laik\u0173 \u017emog\u0173. Knygoje pasakojama apie slaptingus \u017emogaus ry\u0161ius su gamta ir kosmosu. Apie tai, kaip i\u0161sigydyti pa\u010diam, kaip gydyti per nuotol\u012f, kaip modeliuoti ateit\u012f. \u201eO toji gyvenimo prasm\u0117 &#8211; tiesoje, d\u017eiaugsme ir meil\u0117je. Nat\u016bralioje aplinkoje i\u0161aukl\u0117tas devynmetis vaikas visat\u0105 suvokia geriau, negu j\u016bs\u0173 pasaulio mokslo \u012fstaigos ir daugelis j\u016bs\u0173 visuomen\u0117s pripa\u017eint\u0173 mokslinink\u0173.\u201c Vladimir Megre<\/p>\n","protected":false},"featured_media":11201,"comment_status":"closed","ping_status":"closed","template":"","meta":{"_acf_changed":false,"site-sidebar-layout":"default","site-content-layout":"","ast-site-content-layout":"default","site-content-style":"default","site-sidebar-style":"default","ast-global-header-display":"","ast-banner-title-visibility":"","ast-main-header-display":"","ast-hfb-above-header-display":"","ast-hfb-below-header-display":"","ast-hfb-mobile-header-display":"","site-post-title":"","ast-breadcrumbs-content":"","ast-featured-img":"","footer-sml-layout":"","ast-disable-related-posts":"","theme-transparent-header-meta":"","adv-header-id-meta":"","stick-header-meta":"","header-above-stick-meta":"","header-main-stick-meta":"","header-below-stick-meta":"","astra-migrate-meta-layouts":"default","ast-page-background-enabled":"default","ast-page-background-meta":{"desktop":{"background-color":"","background-image":"","background-repeat":"repeat","background-position":"center center","background-size":"auto","background-attachment":"scroll","background-type":"","background-media":"","overlay-type":"","overlay-color":"","overlay-opacity":"","overlay-gradient":""},"tablet":{"background-color":"","background-image":"","background-repeat":"repeat","background-position":"center center","background-size":"auto","background-attachment":"scroll","background-type":"","background-media":"","overlay-type":"","overlay-color":"","overlay-opacity":"","overlay-gradient":""},"mobile":{"background-color":"","background-image":"","background-repeat":"repeat","background-position":"center center","background-size":"auto","background-attachment":"scroll","background-type":"","background-media":"","overlay-type":"","overlay-color":"","overlay-opacity":"","overlay-gradient":""}},"ast-content-background-meta":{"desktop":{"background-color":"var(--ast-global-color-4)","background-image":"","background-repeat":"repeat","background-position":"center center","background-size":"auto","background-attachment":"scroll","background-type":"","background-media":"","overlay-type":"","overlay-color":"","overlay-opacity":"","overlay-gradient":""},"tablet":{"background-color":"var(--ast-global-color-4)","background-image":"","background-repeat":"repeat","background-position":"center center","background-size":"auto","background-attachment":"scroll","background-type":"","background-media":"","overlay-type":"","overlay-color":"","overlay-opacity":"","overlay-gradient":""},"mobile":{"background-color":"var(--ast-global-color-4)","background-image":"","background-repeat":"repeat","background-position":"center center","background-size":"auto","background-attachment":"scroll","background-type":"","background-media":"","overlay-type":"","overlay-color":"","overlay-opacity":"","overlay-gradient":""}}},"product_brand":[],"product_cat":[15],"product_tag":[4741,1467,3047,4740,4742],"class_list":{"0":"post-11165","1":"product","2":"type-product","3":"status-publish","4":"has-post-thumbnail","6":"product_cat-uncategorized","7":"product_tag-anastasija","8":"product_tag-filosofija","9":"product_tag-sibiras","10":"product_tag-skambantys-rusijos-kedrai","11":"product_tag-vladimir-megre","12":"desktop-align-left","13":"tablet-align-left","14":"mobile-align-left","16":"first","17":"outofstock","18":"shipping-taxable","19":"purchasable","20":"product-type-simple"},"acf":[],"yoast_head":"<!-- This site is optimized with the Yoast SEO plugin v27.4 - https:\/\/yoast.com\/product\/yoast-seo-wordpress\/ -->\n<title>Anastasija. Esu tiems, kam esu<\/title>\n<meta name=\"description\" content=\"Knyga\u00a0\u201eAnastasija. Esu tiems, kam esu\u201c\u00a0- tai pirmoji serijos \u201eSkambantys Rusijos kedrai\u201c knyga. Likimas verslinink\u0105, keliaujant\u012f Sibiro upe, suveda su\" \/>\n<meta name=\"robots\" content=\"index, follow, max-snippet:-1, max-image-preview:large, max-video-preview:-1\" \/>\n<link rel=\"canonical\" href=\"https:\/\/skaitytaknyga.lt\/en\/produktas\/vladimir-megre-anastasija-esu-tiems-kam-esu\/\" \/>\n<meta property=\"og:locale\" content=\"en_GB\" \/>\n<meta property=\"og:locale:alternate\" content=\"lt_LT\" \/>\n<meta property=\"og:type\" content=\"article\" \/>\n<meta property=\"og:title\" content=\"Anastasija. Esu tiems, kam esu\" \/>\n<meta property=\"og:description\" content=\"Knyga\u00a0\u201eAnastasija. Esu tiems, kam esu\u201c\u00a0- tai pirmoji serijos \u201eSkambantys Rusijos kedrai\u201c knyga. Likimas verslinink\u0105, keliaujant\u012f Sibiro upe, suveda su\" \/>\n<meta property=\"og:url\" content=\"https:\/\/skaitytaknyga.lt\/en\/produktas\/vladimir-megre-anastasija-esu-tiems-kam-esu\/\" \/>\n<meta property=\"og:site_name\" content=\"Skaitytaknyga\" \/>\n<meta property=\"article:publisher\" content=\"https:\/\/www.facebook.com\/skaitytaknyga\/\" \/>\n<meta property=\"article:modified_time\" content=\"2025-06-11T04:42:55+00:00\" \/>\n<meta property=\"og:image\" content=\"https:\/\/skaitytaknyga.lt\/wp-content\/uploads\/2024\/05\/Be-pavadinimo-1-9.png\" \/>\n\t<meta property=\"og:image:width\" content=\"284\" \/>\n\t<meta property=\"og:image:height\" content=\"470\" \/>\n\t<meta property=\"og:image:type\" content=\"image\/png\" \/>\n<meta name=\"twitter:card\" content=\"summary_large_image\" \/>\n<meta name=\"twitter:label1\" content=\"Estimated reading time\" \/>\n\t<meta name=\"twitter:data1\" content=\"1 minute\" \/>\n<script type=\"application\/ld+json\" class=\"yoast-schema-graph\">{\"@context\":\"https:\\\/\\\/schema.org\",\"@graph\":[{\"@type\":\"WebPage\",\"@id\":\"https:\\\/\\\/skaitytaknyga.lt\\\/produktas\\\/vladimir-megre-anastasija-esu-tiems-kam-esu\\\/\",\"url\":\"https:\\\/\\\/skaitytaknyga.lt\\\/produktas\\\/vladimir-megre-anastasija-esu-tiems-kam-esu\\\/\",\"name\":\"Anastasija. Esu tiems, kam esu\",\"isPartOf\":{\"@id\":\"https:\\\/\\\/skaitytaknyga.lt\\\/#website\"},\"primaryImageOfPage\":{\"@id\":\"https:\\\/\\\/skaitytaknyga.lt\\\/produktas\\\/vladimir-megre-anastasija-esu-tiems-kam-esu\\\/#primaryimage\"},\"image\":{\"@id\":\"https:\\\/\\\/skaitytaknyga.lt\\\/produktas\\\/vladimir-megre-anastasija-esu-tiems-kam-esu\\\/#primaryimage\"},\"thumbnailUrl\":\"https:\\\/\\\/skaitytaknyga.lt\\\/wp-content\\\/uploads\\\/2024\\\/05\\\/Be-pavadinimo-1-9.png\",\"datePublished\":\"2024-05-04T19:33:01+00:00\",\"dateModified\":\"2025-06-11T04:42:55+00:00\",\"description\":\"Knyga\u00a0\u201eAnastasija. Esu tiems, kam esu\u201c\u00a0- tai pirmoji serijos \u201eSkambantys Rusijos kedrai\u201c knyga. Likimas verslinink\u0105, keliaujant\u012f Sibiro upe, suveda su\",\"breadcrumb\":{\"@id\":\"https:\\\/\\\/skaitytaknyga.lt\\\/produktas\\\/vladimir-megre-anastasija-esu-tiems-kam-esu\\\/#breadcrumb\"},\"inLanguage\":\"en-GB\",\"potentialAction\":[{\"@type\":\"ReadAction\",\"target\":[\"https:\\\/\\\/skaitytaknyga.lt\\\/produktas\\\/vladimir-megre-anastasija-esu-tiems-kam-esu\\\/\"]}]},{\"@type\":\"ImageObject\",\"inLanguage\":\"en-GB\",\"@id\":\"https:\\\/\\\/skaitytaknyga.lt\\\/produktas\\\/vladimir-megre-anastasija-esu-tiems-kam-esu\\\/#primaryimage\",\"url\":\"https:\\\/\\\/skaitytaknyga.lt\\\/wp-content\\\/uploads\\\/2024\\\/05\\\/Be-pavadinimo-1-9.png\",\"contentUrl\":\"https:\\\/\\\/skaitytaknyga.lt\\\/wp-content\\\/uploads\\\/2024\\\/05\\\/Be-pavadinimo-1-9.png\",\"width\":284,\"height\":470},{\"@type\":\"BreadcrumbList\",\"@id\":\"https:\\\/\\\/skaitytaknyga.lt\\\/produktas\\\/vladimir-megre-anastasija-esu-tiems-kam-esu\\\/#breadcrumb\",\"itemListElement\":[{\"@type\":\"ListItem\",\"position\":1,\"name\":\"Home\",\"item\":\"https:\\\/\\\/skaitytaknyga.lt\\\/\"},{\"@type\":\"ListItem\",\"position\":2,\"name\":\"Parduotuv\u0117\",\"item\":\"https:\\\/\\\/skaitytaknyga.lt\\\/knygu-parduotuve\\\/\"},{\"@type\":\"ListItem\",\"position\":3,\"name\":\"Anastasija. Esu tiems, kam esu\"}]},{\"@type\":\"WebSite\",\"@id\":\"https:\\\/\\\/skaitytaknyga.lt\\\/#website\",\"url\":\"https:\\\/\\\/skaitytaknyga.lt\\\/\",\"name\":\"skaitytaknyga.lt\",\"description\":\"Skaitytaknyga.lt \u2013 tai ma\u017eas \u0161eimos verslas, kuris prasid\u0117jo nuo meil\u0117s knygoms ir siekio i\u0161gelb\u0117ti knygas nuo likimo prie konteinerio. Kas vienam nereikalingas daiktas \u2013 kitam lobis, o mes esame tarpininkai, kurie padeda abiems tapti laimingesniems ???? \u017dinome kaip nelengva i\u0161gyventi ma\u017eiems verslams, tad nuo \u0161iol, \u010dia rasite ir kit\u0173, ma\u017e\u0173 \u0161eim\u0173 versl\u0173, rank\u0173 darbo, dovan\u0173 sau ir artimiesiems.\",\"publisher\":{\"@id\":\"https:\\\/\\\/skaitytaknyga.lt\\\/#organization\"},\"potentialAction\":[{\"@type\":\"SearchAction\",\"target\":{\"@type\":\"EntryPoint\",\"urlTemplate\":\"https:\\\/\\\/skaitytaknyga.lt\\\/?s={search_term_string}\"},\"query-input\":{\"@type\":\"PropertyValueSpecification\",\"valueRequired\":true,\"valueName\":\"search_term_string\"}}],\"inLanguage\":\"en-GB\"},{\"@type\":\"Organization\",\"@id\":\"https:\\\/\\\/skaitytaknyga.lt\\\/#organization\",\"name\":\"skaitytaknyga.lt\",\"url\":\"https:\\\/\\\/skaitytaknyga.lt\\\/\",\"logo\":{\"@type\":\"ImageObject\",\"inLanguage\":\"en-GB\",\"@id\":\"https:\\\/\\\/skaitytaknyga.lt\\\/#\\\/schema\\\/logo\\\/image\\\/\",\"url\":\"https:\\\/\\\/skaitytaknyga.lt\\\/wp-content\\\/uploads\\\/2024\\\/05\\\/cropped-cropped-cropped-02_00843_jt3bggkj1j3HLc7SyY6rEUpg.jpeg\",\"contentUrl\":\"https:\\\/\\\/skaitytaknyga.lt\\\/wp-content\\\/uploads\\\/2024\\\/05\\\/cropped-cropped-cropped-02_00843_jt3bggkj1j3HLc7SyY6rEUpg.jpeg\",\"width\":1600,\"height\":1600,\"caption\":\"skaitytaknyga.lt\"},\"image\":{\"@id\":\"https:\\\/\\\/skaitytaknyga.lt\\\/#\\\/schema\\\/logo\\\/image\\\/\"},\"sameAs\":[\"https:\\\/\\\/www.facebook.com\\\/skaitytaknyga\\\/\"]}]}<\/script>\n<!-- \/ Yoast SEO plugin. -->","yoast_head_json":{"title":"Anastasija. Esu tiems, kam esu","description":"Knyga\u00a0\u201eAnastasija. Esu tiems, kam esu\u201c\u00a0- tai pirmoji serijos \u201eSkambantys Rusijos kedrai\u201c knyga. Likimas verslinink\u0105, keliaujant\u012f Sibiro upe, suveda su","robots":{"index":"index","follow":"follow","max-snippet":"max-snippet:-1","max-image-preview":"max-image-preview:large","max-video-preview":"max-video-preview:-1"},"canonical":"https:\/\/skaitytaknyga.lt\/en\/produktas\/vladimir-megre-anastasija-esu-tiems-kam-esu\/","og_locale":"en_GB","og_type":"article","og_title":"[:lt]Anastasija. Esu tiems, kam esu[:] - Skaitytaknyga","og_description":"Knyga\u00a0\u201eAnastasija. Esu tiems, kam esu\u201c\u00a0- tai pirmoji serijos \u201eSkambantys Rusijos kedrai\u201c knyga. Likimas verslinink\u0105, keliaujant\u012f Sibiro upe, suveda su","og_url":"https:\/\/skaitytaknyga.lt\/en\/produktas\/vladimir-megre-anastasija-esu-tiems-kam-esu\/","og_site_name":"Skaitytaknyga","article_publisher":"https:\/\/www.facebook.com\/skaitytaknyga\/","article_modified_time":"2025-06-11T04:42:55+00:00","og_image":[{"width":284,"height":470,"url":"https:\/\/skaitytaknyga.lt\/wp-content\/uploads\/2024\/05\/Be-pavadinimo-1-9.png","type":"image\/png"}],"twitter_card":"summary_large_image","twitter_misc":{"Estimated reading time":"1 minute"},"schema":{"@context":"https:\/\/schema.org","@graph":[{"@type":"WebPage","@id":"https:\/\/skaitytaknyga.lt\/produktas\/vladimir-megre-anastasija-esu-tiems-kam-esu\/","url":"https:\/\/skaitytaknyga.lt\/produktas\/vladimir-megre-anastasija-esu-tiems-kam-esu\/","name":"Anastasija. Esu tiems, kam esu","isPartOf":{"@id":"https:\/\/skaitytaknyga.lt\/#website"},"primaryImageOfPage":{"@id":"https:\/\/skaitytaknyga.lt\/produktas\/vladimir-megre-anastasija-esu-tiems-kam-esu\/#primaryimage"},"image":{"@id":"https:\/\/skaitytaknyga.lt\/produktas\/vladimir-megre-anastasija-esu-tiems-kam-esu\/#primaryimage"},"thumbnailUrl":"https:\/\/skaitytaknyga.lt\/wp-content\/uploads\/2024\/05\/Be-pavadinimo-1-9.png","datePublished":"2024-05-04T19:33:01+00:00","dateModified":"2025-06-11T04:42:55+00:00","description":"Knyga\u00a0\u201eAnastasija. Esu tiems, kam esu\u201c\u00a0- tai pirmoji serijos \u201eSkambantys Rusijos kedrai\u201c knyga. Likimas verslinink\u0105, keliaujant\u012f Sibiro upe, suveda su","breadcrumb":{"@id":"https:\/\/skaitytaknyga.lt\/produktas\/vladimir-megre-anastasija-esu-tiems-kam-esu\/#breadcrumb"},"inLanguage":"en-GB","potentialAction":[{"@type":"ReadAction","target":["https:\/\/skaitytaknyga.lt\/produktas\/vladimir-megre-anastasija-esu-tiems-kam-esu\/"]}]},{"@type":"ImageObject","inLanguage":"en-GB","@id":"https:\/\/skaitytaknyga.lt\/produktas\/vladimir-megre-anastasija-esu-tiems-kam-esu\/#primaryimage","url":"https:\/\/skaitytaknyga.lt\/wp-content\/uploads\/2024\/05\/Be-pavadinimo-1-9.png","contentUrl":"https:\/\/skaitytaknyga.lt\/wp-content\/uploads\/2024\/05\/Be-pavadinimo-1-9.png","width":284,"height":470},{"@type":"BreadcrumbList","@id":"https:\/\/skaitytaknyga.lt\/produktas\/vladimir-megre-anastasija-esu-tiems-kam-esu\/#breadcrumb","itemListElement":[{"@type":"ListItem","position":1,"name":"Home","item":"https:\/\/skaitytaknyga.lt\/"},{"@type":"ListItem","position":2,"name":"Parduotuv\u0117","item":"https:\/\/skaitytaknyga.lt\/knygu-parduotuve\/"},{"@type":"ListItem","position":3,"name":"Anastasija. Esu tiems, kam esu"}]},{"@type":"WebSite","@id":"https:\/\/skaitytaknyga.lt\/#website","url":"https:\/\/skaitytaknyga.lt\/","name":"skaitytaknyga.lt","description":"Skaitytaknyga.lt \u2013 tai ma\u017eas \u0161eimos verslas, kuris prasid\u0117jo nuo meil\u0117s knygoms ir siekio i\u0161gelb\u0117ti knygas nuo likimo prie konteinerio. Kas vienam nereikalingas daiktas \u2013 kitam lobis, o mes esame tarpininkai, kurie padeda abiems tapti laimingesniems ???? \u017dinome kaip nelengva i\u0161gyventi ma\u017eiems verslams, tad nuo \u0161iol, \u010dia rasite ir kit\u0173, ma\u017e\u0173 \u0161eim\u0173 versl\u0173, rank\u0173 darbo, dovan\u0173 sau ir artimiesiems.","publisher":{"@id":"https:\/\/skaitytaknyga.lt\/#organization"},"potentialAction":[{"@type":"SearchAction","target":{"@type":"EntryPoint","urlTemplate":"https:\/\/skaitytaknyga.lt\/?s={search_term_string}"},"query-input":{"@type":"PropertyValueSpecification","valueRequired":true,"valueName":"search_term_string"}}],"inLanguage":"en-GB"},{"@type":"Organization","@id":"https:\/\/skaitytaknyga.lt\/#organization","name":"skaitytaknyga.lt","url":"https:\/\/skaitytaknyga.lt\/","logo":{"@type":"ImageObject","inLanguage":"en-GB","@id":"https:\/\/skaitytaknyga.lt\/#\/schema\/logo\/image\/","url":"https:\/\/skaitytaknyga.lt\/wp-content\/uploads\/2024\/05\/cropped-cropped-cropped-02_00843_jt3bggkj1j3HLc7SyY6rEUpg.jpeg","contentUrl":"https:\/\/skaitytaknyga.lt\/wp-content\/uploads\/2024\/05\/cropped-cropped-cropped-02_00843_jt3bggkj1j3HLc7SyY6rEUpg.jpeg","width":1600,"height":1600,"caption":"skaitytaknyga.lt"},"image":{"@id":"https:\/\/skaitytaknyga.lt\/#\/schema\/logo\/image\/"},"sameAs":["https:\/\/www.facebook.com\/skaitytaknyga\/"]}]}},"_links":{"self":[{"href":"https:\/\/skaitytaknyga.lt\/en\/wp-json\/wp\/v2\/product\/11165","targetHints":{"allow":["GET"]}}],"collection":[{"href":"https:\/\/skaitytaknyga.lt\/en\/wp-json\/wp\/v2\/product"}],"about":[{"href":"https:\/\/skaitytaknyga.lt\/en\/wp-json\/wp\/v2\/types\/product"}],"replies":[{"embeddable":true,"href":"https:\/\/skaitytaknyga.lt\/en\/wp-json\/wp\/v2\/comments?post=11165"}],"wp:featuredmedia":[{"embeddable":true,"href":"https:\/\/skaitytaknyga.lt\/en\/wp-json\/wp\/v2\/media\/11201"}],"wp:attachment":[{"href":"https:\/\/skaitytaknyga.lt\/en\/wp-json\/wp\/v2\/media?parent=11165"}],"wp:term":[{"taxonomy":"product_brand","embeddable":true,"href":"https:\/\/skaitytaknyga.lt\/en\/wp-json\/wp\/v2\/product_brand?post=11165"},{"taxonomy":"product_cat","embeddable":true,"href":"https:\/\/skaitytaknyga.lt\/en\/wp-json\/wp\/v2\/product_cat?post=11165"},{"taxonomy":"product_tag","embeddable":true,"href":"https:\/\/skaitytaknyga.lt\/en\/wp-json\/wp\/v2\/product_tag?post=11165"}],"curies":[{"name":"wp","href":"https:\/\/api.w.org\/{rel}","templated":true}]}}