{"id":11162,"date":"2024-05-04T19:32:35","date_gmt":"2024-05-04T19:32:35","guid":{"rendered":"https:\/\/skaitytaknyga.lt\/?post_type=product&#038;p=11162"},"modified":"2024-07-29T08:34:27","modified_gmt":"2024-07-29T05:34:27","slug":"boso-valanda-kasdiene-siuolaikinio-vadovo-knyga-kaip-vadovauti-zmonems","status":"publish","type":"product","link":"https:\/\/skaitytaknyga.lt\/en\/produktas\/boso-valanda-kasdiene-siuolaikinio-vadovo-knyga-kaip-vadovauti-zmonems\/","title":{"rendered":"Boso valanda. Kasdien\u0117 \u0161iuolaikinio vadovo knyga: kaip vadovauti \u017emon\u0117ms?"},"content":{"rendered":"<p>Prie\u0161 keliolika met\u0173 efektyviai dirbantis vadovas tur\u0117jo geb\u0117ti valdyti procesus ir juos atliekan\u010dius \u017emones. \u0160iandienos vadovo samprata ir u\u017eduotis \u017eenkliai kinta. Geru vadovu laikomas tas, kuris geba suprasti \u017emones, juos i\u0161girsti, ugdyti ir skatinti. Prioritetin\u0117 vadovo pareiga tampa pagalba darbuotojui noriai \u012fsitraukti \u012f \u012fmon\u0117s veikl\u0105. Noriai! M\u016bs\u0173 dien\u0173 rinkoje b\u016btent vadovo elgesys su darbuotojais yra lemiamas veiksnys, kuris u\u017etikrina na\u0161i\u0105, produktyvi\u0105 veikl\u0105 ir s\u0117km\u0119 \u012fmon\u0117s konkurencin\u0117je kovoje. Lektorius ir verslo valdymo konsultantas Saulius Jovai\u0161as siekia paskatinti b\u016bsimus ir esamus vadovus susim\u0105styti apie savo efektyvum\u0105 dabartin\u0117je rinkoje \u2013 kaip turi elgtis ir k\u0105 turi daryti vadovas, kad jo vadovaujamos organizacijos darbuotojai kurt\u0173 maksimali\u0105 prid\u0117tin\u0119 vert\u0119.<\/p>\n<p>&nbsp;<\/p>\n<p>Saulius Jovai\u0161as \u2013 lektorius, verslo valdymo konsultantas, ugdan\u010diojo vadovavimo ir karjeros patar\u0117jas, personalo parinkimo ekspertas, straipsni\u0173, publikacij\u0173 ir interneto seminar\u0173 autorius, projekto \u201eBoso valanda\u201c sumanytojas. Jis turi daugiamet\u0117s s\u0117kmingo vadovavimo patirties \u012fvairiose \u012fmon\u0117se (M-1, \u201eCV-Online\u201c, \u201eKas yra kas Lietuvoje\u201c, \u201eSJ Solutions\u201c, \u201eVeiklos valdymo sprendimai\u201c ir kt.). \u201eBoso valanda. Kasdien\u0117 \u0161iuolaikinio vadovo knyga: kaip vadovauti \u017emon\u0117ms?\u201c \u2013 tai antroji autoriaus knyga. Pirmoji, para\u0161yta kartu su bendraautore Gir\u0117ne \u0160\u010diukaite, \u201eIe\u0161kai darbo\u201c pasirod\u0117 2011 m.<\/p>\n<p>&nbsp;<\/p>\n<p>\u201eApie k\u0105 \u0161i knyga? Peteris Druckeris kitados yra taikliai pasak\u0119s: \u201eJei vadovai suprast\u0173, kad j\u0173 darbas ir yra darbas su \u017emon\u0117mis, jie b\u016bt\u0173 kur kas efektyvesni vadovai\u2026\u201c (Ar ka\u017ekaip pana\u0161iai.) K\u0105 tai rei\u0161kia? <...> \u0160iandien vadovai \u2013 ne tie \u017emon\u0117s, kurie valdo kitus, kad jie atlikt\u0173 u\u017eduotis ar funkcijas, o tie, kurie ugdo \u017emones, kad b\u016bt\u0173 pasiekti tikslai.\u201c (p. 9)\u00a0<em>Saulius Jovai\u0161as<\/em><\/p>\n","protected":false},"excerpt":{"rendered":"<p>Prie\u0161 keliolika met\u0173 efektyviai dirbantis vadovas tur\u0117jo geb\u0117ti valdyti procesus ir juos atliekan\u010dius \u017emones. \u0160iandienos vadovo samprata ir u\u017eduotis \u017eenkliai kinta. Geru vadovu laikomas tas, kuris geba suprasti \u017emones, juos i\u0161girsti, ugdyti ir skatinti. Prioritetin\u0117 vadovo pareiga tampa pagalba darbuotojui noriai \u012fsitraukti \u012f \u012fmon\u0117s veikl\u0105. Noriai! M\u016bs\u0173 dien\u0173 rinkoje b\u016btent vadovo elgesys su darbuotojais yra lemiamas veiksnys, kuris u\u017etikrina na\u0161i\u0105, produktyvi\u0105 veikl\u0105 ir s\u0117km\u0119 \u012fmon\u0117s konkurencin\u0117je kovoje. Lektorius ir verslo valdymo konsultantas Saulius Jovai\u0161as siekia paskatinti b\u016bsimus ir esamus vadovus susim\u0105styti apie savo efektyvum\u0105 dabartin\u0117je rinkoje \u2013 kaip turi elgtis ir k\u0105 turi daryti vadovas, kad jo vadovaujamos organizacijos darbuotojai kurt\u0173 maksimali\u0105 prid\u0117tin\u0119 vert\u0119. &nbsp; Saulius Jovai\u0161as \u2013 lektorius, verslo valdymo konsultantas, ugdan\u010diojo vadovavimo ir karjeros patar\u0117jas, personalo parinkimo ekspertas, straipsni\u0173, publikacij\u0173 ir interneto seminar\u0173 autorius, projekto \u201eBoso valanda\u201c sumanytojas. Jis turi daugiamet\u0117s s\u0117kmingo vadovavimo patirties \u012fvairiose \u012fmon\u0117se (M-1, \u201eCV-Online\u201c, \u201eKas yra kas Lietuvoje\u201c, \u201eSJ Solutions\u201c, \u201eVeiklos valdymo sprendimai\u201c ir kt.). \u201eBoso valanda. Kasdien\u0117 \u0161iuolaikinio vadovo knyga: kaip vadovauti \u017emon\u0117ms?\u201c \u2013 tai antroji autoriaus knyga. Pirmoji, para\u0161yta kartu su bendraautore Gir\u0117ne \u0160\u010diukaite, \u201eIe\u0161kai darbo\u201c pasirod\u0117 2011 m. &nbsp; \u201eApie k\u0105 \u0161i knyga? Peteris Druckeris kitados yra taikliai pasak\u0119s: \u201eJei vadovai suprast\u0173, kad j\u0173 darbas ir yra darbas su \u017emon\u0117mis, jie b\u016bt\u0173 kur kas efektyvesni vadovai\u2026\u201c (Ar ka\u017ekaip pana\u0161iai.) K\u0105 tai rei\u0161kia? \u0160iandien vadovai \u2013 ne tie \u017emon\u0117s, kurie valdo kitus, kad jie atlikt\u0173 u\u017eduotis ar funkcijas, o tie, kurie ugdo \u017emones, kad b\u016bt\u0173 pasiekti tikslai.\u201c (p. 9)\u00a0Saulius Jovai\u0161as<\/p>\n","protected":false},"featured_media":11200,"comment_status":"closed","ping_status":"closed","template":"","meta":{"_acf_changed":false,"site-sidebar-layout":"default","site-content-layout":"","ast-site-content-layout":"default","site-content-style":"default","site-sidebar-style":"default","ast-global-header-display":"","ast-banner-title-visibility":"","ast-main-header-display":"","ast-hfb-above-header-display":"","ast-hfb-below-header-display":"","ast-hfb-mobile-header-display":"","site-post-title":"","ast-breadcrumbs-content":"","ast-featured-img":"","footer-sml-layout":"","ast-disable-related-posts":"","theme-transparent-header-meta":"","adv-header-id-meta":"","stick-header-meta":"","header-above-stick-meta":"","header-main-stick-meta":"","header-below-stick-meta":"","astra-migrate-meta-layouts":"default","ast-page-background-enabled":"default","ast-page-background-meta":{"desktop":{"background-color":"","background-image":"","background-repeat":"repeat","background-position":"center center","background-size":"auto","background-attachment":"scroll","background-type":"","background-media":"","overlay-type":"","overlay-color":"","overlay-opacity":"","overlay-gradient":""},"tablet":{"background-color":"","background-image":"","background-repeat":"repeat","background-position":"center center","background-size":"auto","background-attachment":"scroll","background-type":"","background-media":"","overlay-type":"","overlay-color":"","overlay-opacity":"","overlay-gradient":""},"mobile":{"background-color":"","background-image":"","background-repeat":"repeat","background-position":"center center","background-size":"auto","background-attachment":"scroll","background-type":"","background-media":"","overlay-type":"","overlay-color":"","overlay-opacity":"","overlay-gradient":""}},"ast-content-background-meta":{"desktop":{"background-color":"var(--ast-global-color-4)","background-image":"","background-repeat":"repeat","background-position":"center center","background-size":"auto","background-attachment":"scroll","background-type":"","background-media":"","overlay-type":"","overlay-color":"","overlay-opacity":"","overlay-gradient":""},"tablet":{"background-color":"var(--ast-global-color-4)","background-image":"","background-repeat":"repeat","background-position":"center center","background-size":"auto","background-attachment":"scroll","background-type":"","background-media":"","overlay-type":"","overlay-color":"","overlay-opacity":"","overlay-gradient":""},"mobile":{"background-color":"var(--ast-global-color-4)","background-image":"","background-repeat":"repeat","background-position":"center center","background-size":"auto","background-attachment":"scroll","background-type":"","background-media":"","overlay-type":"","overlay-color":"","overlay-opacity":"","overlay-gradient":""}}},"product_brand":[],"product_cat":[30,26],"product_tag":[],"class_list":{"0":"post-11162","1":"product","2":"type-product","3":"status-publish","4":"has-post-thumbnail","6":"product_cat-psichologija-ir-saviugda","7":"product_cat-verslas-vadyba-ir-finansai","8":"desktop-align-left","9":"tablet-align-left","10":"mobile-align-left","12":"first","13":"instock","14":"shipping-taxable","15":"purchasable","16":"product-type-simple"},"acf":[],"yoast_head":"<!-- This site is optimized with the Yoast SEO plugin v27.0 - https:\/\/yoast.com\/product\/yoast-seo-wordpress\/ -->\n<title>Boso valanda. Kasdien\u0117 \u0161iuolaikinio vadovo knyga: kaip vadovauti \u017emon\u0117ms?<\/title>\n<meta name=\"description\" content=\"Prie\u0161 keliolika met\u0173 efektyviai dirbantis vadovas tur\u0117jo geb\u0117ti valdyti procesus ir juos atliekan\u010dius \u017emones. \u0160iandienos vadovo samprata ir u\u017eduotis\" \/>\n<meta name=\"robots\" content=\"index, follow, max-snippet:-1, max-image-preview:large, max-video-preview:-1\" \/>\n<link rel=\"canonical\" href=\"https:\/\/skaitytaknyga.lt\/en\/produktas\/boso-valanda-kasdiene-siuolaikinio-vadovo-knyga-kaip-vadovauti-zmonems\/\" \/>\n<meta property=\"og:locale\" content=\"en_GB\" \/>\n<meta property=\"og:locale:alternate\" content=\"lt_LT\" \/>\n<meta property=\"og:type\" content=\"article\" \/>\n<meta property=\"og:title\" content=\"Boso valanda. Kasdien\u0117 \u0161iuolaikinio vadovo knyga: kaip vadovauti \u017emon\u0117ms?\" \/>\n<meta property=\"og:description\" content=\"Prie\u0161 keliolika met\u0173 efektyviai dirbantis vadovas tur\u0117jo geb\u0117ti valdyti procesus ir juos atliekan\u010dius \u017emones. \u0160iandienos vadovo samprata ir u\u017eduotis\" \/>\n<meta property=\"og:url\" content=\"https:\/\/skaitytaknyga.lt\/en\/produktas\/boso-valanda-kasdiene-siuolaikinio-vadovo-knyga-kaip-vadovauti-zmonems\/\" \/>\n<meta property=\"og:site_name\" content=\"Skaitytaknyga\" \/>\n<meta property=\"article:publisher\" content=\"https:\/\/www.facebook.com\/skaitytaknyga\/\" \/>\n<meta property=\"article:modified_time\" content=\"2024-07-29T05:34:27+00:00\" \/>\n<meta property=\"og:image\" content=\"https:\/\/skaitytaknyga.lt\/wp-content\/uploads\/2024\/05\/boso-valanda-kasdiene-siuolaikinio-vadovo-knyga-kaip_original.jpg\" \/>\n\t<meta property=\"og:image:width\" content=\"455\" \/>\n\t<meta property=\"og:image:height\" content=\"652\" \/>\n\t<meta property=\"og:image:type\" content=\"image\/jpeg\" \/>\n<meta name=\"twitter:card\" content=\"summary_large_image\" \/>\n<meta name=\"twitter:label1\" content=\"Estimated reading time\" \/>\n\t<meta name=\"twitter:data1\" content=\"1 minute\" \/>\n<script type=\"application\/ld+json\" class=\"yoast-schema-graph\">{\"@context\":\"https:\/\/schema.org\",\"@graph\":[{\"@type\":\"WebPage\",\"@id\":\"https:\/\/skaitytaknyga.lt\/produktas\/boso-valanda-kasdiene-siuolaikinio-vadovo-knyga-kaip-vadovauti-zmonems\/\",\"url\":\"https:\/\/skaitytaknyga.lt\/produktas\/boso-valanda-kasdiene-siuolaikinio-vadovo-knyga-kaip-vadovauti-zmonems\/\",\"name\":\"Boso valanda. Kasdien\u0117 \u0161iuolaikinio vadovo knyga: kaip vadovauti \u017emon\u0117ms?\",\"isPartOf\":{\"@id\":\"https:\/\/skaitytaknyga.lt\/#website\"},\"primaryImageOfPage\":{\"@id\":\"https:\/\/skaitytaknyga.lt\/produktas\/boso-valanda-kasdiene-siuolaikinio-vadovo-knyga-kaip-vadovauti-zmonems\/#primaryimage\"},\"image\":{\"@id\":\"https:\/\/skaitytaknyga.lt\/produktas\/boso-valanda-kasdiene-siuolaikinio-vadovo-knyga-kaip-vadovauti-zmonems\/#primaryimage\"},\"thumbnailUrl\":\"https:\/\/skaitytaknyga.lt\/wp-content\/uploads\/2024\/05\/boso-valanda-kasdiene-siuolaikinio-vadovo-knyga-kaip_original.jpg\",\"datePublished\":\"2024-05-04T19:32:35+00:00\",\"dateModified\":\"2024-07-29T05:34:27+00:00\",\"description\":\"Prie\u0161 keliolika met\u0173 efektyviai dirbantis vadovas tur\u0117jo geb\u0117ti valdyti procesus ir juos atliekan\u010dius \u017emones. \u0160iandienos vadovo samprata ir u\u017eduotis\",\"breadcrumb\":{\"@id\":\"https:\/\/skaitytaknyga.lt\/produktas\/boso-valanda-kasdiene-siuolaikinio-vadovo-knyga-kaip-vadovauti-zmonems\/#breadcrumb\"},\"inLanguage\":\"en-GB\",\"potentialAction\":[{\"@type\":\"ReadAction\",\"target\":[\"https:\/\/skaitytaknyga.lt\/produktas\/boso-valanda-kasdiene-siuolaikinio-vadovo-knyga-kaip-vadovauti-zmonems\/\"]}]},{\"@type\":\"ImageObject\",\"inLanguage\":\"en-GB\",\"@id\":\"https:\/\/skaitytaknyga.lt\/produktas\/boso-valanda-kasdiene-siuolaikinio-vadovo-knyga-kaip-vadovauti-zmonems\/#primaryimage\",\"url\":\"https:\/\/skaitytaknyga.lt\/wp-content\/uploads\/2024\/05\/boso-valanda-kasdiene-siuolaikinio-vadovo-knyga-kaip_original.jpg\",\"contentUrl\":\"https:\/\/skaitytaknyga.lt\/wp-content\/uploads\/2024\/05\/boso-valanda-kasdiene-siuolaikinio-vadovo-knyga-kaip_original.jpg\",\"width\":455,\"height\":652},{\"@type\":\"BreadcrumbList\",\"@id\":\"https:\/\/skaitytaknyga.lt\/produktas\/boso-valanda-kasdiene-siuolaikinio-vadovo-knyga-kaip-vadovauti-zmonems\/#breadcrumb\",\"itemListElement\":[{\"@type\":\"ListItem\",\"position\":1,\"name\":\"Home\",\"item\":\"https:\/\/skaitytaknyga.lt\/\"},{\"@type\":\"ListItem\",\"position\":2,\"name\":\"Parduotuv\u0117\",\"item\":\"https:\/\/skaitytaknyga.lt\/knygu-parduotuve\/\"},{\"@type\":\"ListItem\",\"position\":3,\"name\":\"Boso valanda. Kasdien\u0117 \u0161iuolaikinio vadovo knyga: kaip vadovauti \u017emon\u0117ms?\"}]},{\"@type\":\"WebSite\",\"@id\":\"https:\/\/skaitytaknyga.lt\/#website\",\"url\":\"https:\/\/skaitytaknyga.lt\/\",\"name\":\"skaitytaknyga.lt\",\"description\":\"Skaitytaknyga.lt \u2013 tai ma\u017eas \u0161eimos verslas, kuris prasid\u0117jo nuo meil\u0117s knygoms ir siekio i\u0161gelb\u0117ti knygas nuo likimo prie konteinerio. Kas vienam nereikalingas daiktas \u2013 kitam lobis, o mes esame tarpininkai, kurie padeda abiems tapti laimingesniems ???? \u017dinome kaip nelengva i\u0161gyventi ma\u017eiems verslams, tad nuo \u0161iol, \u010dia rasite ir kit\u0173, ma\u017e\u0173 \u0161eim\u0173 versl\u0173, rank\u0173 darbo, dovan\u0173 sau ir artimiesiems.\",\"publisher\":{\"@id\":\"https:\/\/skaitytaknyga.lt\/#organization\"},\"potentialAction\":[{\"@type\":\"SearchAction\",\"target\":{\"@type\":\"EntryPoint\",\"urlTemplate\":\"https:\/\/skaitytaknyga.lt\/?s={search_term_string}\"},\"query-input\":{\"@type\":\"PropertyValueSpecification\",\"valueRequired\":true,\"valueName\":\"search_term_string\"}}],\"inLanguage\":\"en-GB\"},{\"@type\":\"Organization\",\"@id\":\"https:\/\/skaitytaknyga.lt\/#organization\",\"name\":\"skaitytaknyga.lt\",\"url\":\"https:\/\/skaitytaknyga.lt\/\",\"logo\":{\"@type\":\"ImageObject\",\"inLanguage\":\"en-GB\",\"@id\":\"https:\/\/skaitytaknyga.lt\/#\/schema\/logo\/image\/\",\"url\":\"https:\/\/skaitytaknyga.lt\/wp-content\/uploads\/2024\/05\/cropped-cropped-cropped-02_00843_jt3bggkj1j3HLc7SyY6rEUpg.jpeg\",\"contentUrl\":\"https:\/\/skaitytaknyga.lt\/wp-content\/uploads\/2024\/05\/cropped-cropped-cropped-02_00843_jt3bggkj1j3HLc7SyY6rEUpg.jpeg\",\"width\":1600,\"height\":1600,\"caption\":\"skaitytaknyga.lt\"},\"image\":{\"@id\":\"https:\/\/skaitytaknyga.lt\/#\/schema\/logo\/image\/\"},\"sameAs\":[\"https:\/\/www.facebook.com\/skaitytaknyga\/\"]}]}<\/script>\n<!-- \/ Yoast SEO plugin. -->","yoast_head_json":{"title":"Boso valanda. Kasdien\u0117 \u0161iuolaikinio vadovo knyga: kaip vadovauti \u017emon\u0117ms?","description":"Prie\u0161 keliolika met\u0173 efektyviai dirbantis vadovas tur\u0117jo geb\u0117ti valdyti procesus ir juos atliekan\u010dius \u017emones. \u0160iandienos vadovo samprata ir u\u017eduotis","robots":{"index":"index","follow":"follow","max-snippet":"max-snippet:-1","max-image-preview":"max-image-preview:large","max-video-preview":"max-video-preview:-1"},"canonical":"https:\/\/skaitytaknyga.lt\/en\/produktas\/boso-valanda-kasdiene-siuolaikinio-vadovo-knyga-kaip-vadovauti-zmonems\/","og_locale":"en_GB","og_type":"article","og_title":"[:lt]Boso valanda. Kasdien\u0117 \u0161iuolaikinio vadovo knyga: kaip vadovauti \u017emon\u0117ms?[:] - Skaitytaknyga","og_description":"Prie\u0161 keliolika met\u0173 efektyviai dirbantis vadovas tur\u0117jo geb\u0117ti valdyti procesus ir juos atliekan\u010dius \u017emones. \u0160iandienos vadovo samprata ir u\u017eduotis","og_url":"https:\/\/skaitytaknyga.lt\/en\/produktas\/boso-valanda-kasdiene-siuolaikinio-vadovo-knyga-kaip-vadovauti-zmonems\/","og_site_name":"Skaitytaknyga","article_publisher":"https:\/\/www.facebook.com\/skaitytaknyga\/","article_modified_time":"2024-07-29T05:34:27+00:00","og_image":[{"width":455,"height":652,"url":"https:\/\/skaitytaknyga.lt\/wp-content\/uploads\/2024\/05\/boso-valanda-kasdiene-siuolaikinio-vadovo-knyga-kaip_original.jpg","type":"image\/jpeg"}],"twitter_card":"summary_large_image","twitter_misc":{"Estimated reading time":"1 minute"},"schema":{"@context":"https:\/\/schema.org","@graph":[{"@type":"WebPage","@id":"https:\/\/skaitytaknyga.lt\/produktas\/boso-valanda-kasdiene-siuolaikinio-vadovo-knyga-kaip-vadovauti-zmonems\/","url":"https:\/\/skaitytaknyga.lt\/produktas\/boso-valanda-kasdiene-siuolaikinio-vadovo-knyga-kaip-vadovauti-zmonems\/","name":"Boso valanda. Kasdien\u0117 \u0161iuolaikinio vadovo knyga: kaip vadovauti \u017emon\u0117ms?","isPartOf":{"@id":"https:\/\/skaitytaknyga.lt\/#website"},"primaryImageOfPage":{"@id":"https:\/\/skaitytaknyga.lt\/produktas\/boso-valanda-kasdiene-siuolaikinio-vadovo-knyga-kaip-vadovauti-zmonems\/#primaryimage"},"image":{"@id":"https:\/\/skaitytaknyga.lt\/produktas\/boso-valanda-kasdiene-siuolaikinio-vadovo-knyga-kaip-vadovauti-zmonems\/#primaryimage"},"thumbnailUrl":"https:\/\/skaitytaknyga.lt\/wp-content\/uploads\/2024\/05\/boso-valanda-kasdiene-siuolaikinio-vadovo-knyga-kaip_original.jpg","datePublished":"2024-05-04T19:32:35+00:00","dateModified":"2024-07-29T05:34:27+00:00","description":"Prie\u0161 keliolika met\u0173 efektyviai dirbantis vadovas tur\u0117jo geb\u0117ti valdyti procesus ir juos atliekan\u010dius \u017emones. \u0160iandienos vadovo samprata ir u\u017eduotis","breadcrumb":{"@id":"https:\/\/skaitytaknyga.lt\/produktas\/boso-valanda-kasdiene-siuolaikinio-vadovo-knyga-kaip-vadovauti-zmonems\/#breadcrumb"},"inLanguage":"en-GB","potentialAction":[{"@type":"ReadAction","target":["https:\/\/skaitytaknyga.lt\/produktas\/boso-valanda-kasdiene-siuolaikinio-vadovo-knyga-kaip-vadovauti-zmonems\/"]}]},{"@type":"ImageObject","inLanguage":"en-GB","@id":"https:\/\/skaitytaknyga.lt\/produktas\/boso-valanda-kasdiene-siuolaikinio-vadovo-knyga-kaip-vadovauti-zmonems\/#primaryimage","url":"https:\/\/skaitytaknyga.lt\/wp-content\/uploads\/2024\/05\/boso-valanda-kasdiene-siuolaikinio-vadovo-knyga-kaip_original.jpg","contentUrl":"https:\/\/skaitytaknyga.lt\/wp-content\/uploads\/2024\/05\/boso-valanda-kasdiene-siuolaikinio-vadovo-knyga-kaip_original.jpg","width":455,"height":652},{"@type":"BreadcrumbList","@id":"https:\/\/skaitytaknyga.lt\/produktas\/boso-valanda-kasdiene-siuolaikinio-vadovo-knyga-kaip-vadovauti-zmonems\/#breadcrumb","itemListElement":[{"@type":"ListItem","position":1,"name":"Home","item":"https:\/\/skaitytaknyga.lt\/"},{"@type":"ListItem","position":2,"name":"Parduotuv\u0117","item":"https:\/\/skaitytaknyga.lt\/knygu-parduotuve\/"},{"@type":"ListItem","position":3,"name":"Boso valanda. Kasdien\u0117 \u0161iuolaikinio vadovo knyga: kaip vadovauti \u017emon\u0117ms?"}]},{"@type":"WebSite","@id":"https:\/\/skaitytaknyga.lt\/#website","url":"https:\/\/skaitytaknyga.lt\/","name":"skaitytaknyga.lt","description":"Skaitytaknyga.lt \u2013 tai ma\u017eas \u0161eimos verslas, kuris prasid\u0117jo nuo meil\u0117s knygoms ir siekio i\u0161gelb\u0117ti knygas nuo likimo prie konteinerio. Kas vienam nereikalingas daiktas \u2013 kitam lobis, o mes esame tarpininkai, kurie padeda abiems tapti laimingesniems ???? \u017dinome kaip nelengva i\u0161gyventi ma\u017eiems verslams, tad nuo \u0161iol, \u010dia rasite ir kit\u0173, ma\u017e\u0173 \u0161eim\u0173 versl\u0173, rank\u0173 darbo, dovan\u0173 sau ir artimiesiems.","publisher":{"@id":"https:\/\/skaitytaknyga.lt\/#organization"},"potentialAction":[{"@type":"SearchAction","target":{"@type":"EntryPoint","urlTemplate":"https:\/\/skaitytaknyga.lt\/?s={search_term_string}"},"query-input":{"@type":"PropertyValueSpecification","valueRequired":true,"valueName":"search_term_string"}}],"inLanguage":"en-GB"},{"@type":"Organization","@id":"https:\/\/skaitytaknyga.lt\/#organization","name":"skaitytaknyga.lt","url":"https:\/\/skaitytaknyga.lt\/","logo":{"@type":"ImageObject","inLanguage":"en-GB","@id":"https:\/\/skaitytaknyga.lt\/#\/schema\/logo\/image\/","url":"https:\/\/skaitytaknyga.lt\/wp-content\/uploads\/2024\/05\/cropped-cropped-cropped-02_00843_jt3bggkj1j3HLc7SyY6rEUpg.jpeg","contentUrl":"https:\/\/skaitytaknyga.lt\/wp-content\/uploads\/2024\/05\/cropped-cropped-cropped-02_00843_jt3bggkj1j3HLc7SyY6rEUpg.jpeg","width":1600,"height":1600,"caption":"skaitytaknyga.lt"},"image":{"@id":"https:\/\/skaitytaknyga.lt\/#\/schema\/logo\/image\/"},"sameAs":["https:\/\/www.facebook.com\/skaitytaknyga\/"]}]}},"_links":{"self":[{"href":"https:\/\/skaitytaknyga.lt\/en\/wp-json\/wp\/v2\/product\/11162","targetHints":{"allow":["GET"]}}],"collection":[{"href":"https:\/\/skaitytaknyga.lt\/en\/wp-json\/wp\/v2\/product"}],"about":[{"href":"https:\/\/skaitytaknyga.lt\/en\/wp-json\/wp\/v2\/types\/product"}],"replies":[{"embeddable":true,"href":"https:\/\/skaitytaknyga.lt\/en\/wp-json\/wp\/v2\/comments?post=11162"}],"wp:featuredmedia":[{"embeddable":true,"href":"https:\/\/skaitytaknyga.lt\/en\/wp-json\/wp\/v2\/media\/11200"}],"wp:attachment":[{"href":"https:\/\/skaitytaknyga.lt\/en\/wp-json\/wp\/v2\/media?parent=11162"}],"wp:term":[{"taxonomy":"product_brand","embeddable":true,"href":"https:\/\/skaitytaknyga.lt\/en\/wp-json\/wp\/v2\/product_brand?post=11162"},{"taxonomy":"product_cat","embeddable":true,"href":"https:\/\/skaitytaknyga.lt\/en\/wp-json\/wp\/v2\/product_cat?post=11162"},{"taxonomy":"product_tag","embeddable":true,"href":"https:\/\/skaitytaknyga.lt\/en\/wp-json\/wp\/v2\/product_tag?post=11162"}],"curies":[{"name":"wp","href":"https:\/\/api.w.org\/{rel}","templated":true}]}}