{"id":11161,"date":"2024-05-04T19:32:35","date_gmt":"2024-05-04T19:32:35","guid":{"rendered":"https:\/\/skaitytaknyga.lt\/?post_type=product&#038;p=11161"},"modified":"2026-01-12T21:14:56","modified_gmt":"2026-01-12T19:14:56","slug":"ignas-staskevicius-alisa-miniotaite-lyderyste","status":"publish","type":"product","link":"https:\/\/skaitytaknyga.lt\/en\/produktas\/ignas-staskevicius-alisa-miniotaite-lyderyste\/","title":{"rendered":"Lyderyst\u0117"},"content":{"rendered":"<p>Knyga\u00a0\u201eLyderyst\u0117\u201c\u00a0\u2013 dviej\u0173 lyderyst\u0117s praktik\u0173 pokalbiai ir \u012f\u017evalgos, \u012fkv\u0117psian\u010dios tiek esamus, tiek b\u016bsimus lyderius.<\/p>\n<p>Lyderyst\u0117 tapo kiekvien\u0105 gyvenimo \u017eingsn\u012f lydin\u010diu \u017eod\u017eiu. Ta\u010diau ar i\u0161ties gerai suprantame jo prasm\u0119? O ar gali b\u016bti geresn\u0117 galimyb\u0117 su\u017einoti apie lyderio savybes ir reik\u0161m\u0119 \u0161iandienos pasaulyje, jei ne i\u0161 \u017emoni\u0173, nagrin\u0117jan\u010di\u0173 lyderyst\u0117s problemas ir ne kart\u0105 taikiusi\u0173 \u0161ias \u017einias praktikoje?<\/p>\n<p>\u012e lyderyst\u0117s rei\u0161kin\u012f knygoje \u201eLyderyst\u0117\u201c gilinasi du ilgame\u010diai \u0161ios srities praktikai ir teoretikai Ignas Sta\u0161kevi\u010dius ir Alisa Miniotait\u0117. Jie ie\u0161ko atsakymo \u012f klausim\u0105 \u201ekaip\u201c \u2013 kaip u\u017eimti lyderio pozicij\u0105 ir vesti komand\u0105 \u012f priek\u012f? kaip \u012frodyti savo prana\u0161um\u0105 ir \u012ftikinti kitus savo geb\u0117jimu vadovauti? kaip nesustoti pusiaukel\u0117je ir pasiekti u\u017esibr\u0117\u017et\u0105 tiksl\u0105?<\/p>\n<p>\u0160i knyga &#8211; tai bandymas \u012f lyderyst\u0117s rei\u0161kin\u012f pa\u017evelgti i\u0161 skirting\u0173 ta\u0161ko &#8211; pasitelkiant skirtingas teorijas. Knygos bendraautoriai diskutuoja, dalinasi savo asmenine bei profesine patirtimi, ie\u0161ko nauj\u0173 sprendim\u0173 ir nauj\u0173 galimybi\u0173. \u0160io dialogo \u012f\u017evalgos tur\u0117t\u0173 sudominti tiek u\u017esibr\u0117\u017et\u0173 tiksl\u0173 siekian\u010dius vadovus, tiek b\u016bsimus lyderius, tiek smalsius skaitytojus.<\/p>\n<p>Chemikas, biotechnologas ir verslininkas Vladas Bumelis negaili ger\u0173 \u017eod\u017ei\u0173 I. Sta\u0161kevi\u010diaus ir A. Miniotait\u0117s knygai. Anot jo, lyderyst\u0117s jausmas turi u\u017egimti viduje. Tai u\u017esispyrimas, kuris veda pirmyn ir u\u017etikrina auk\u0161\u010diausius rezultatus. Jis si\u016blo lietuviams vietoj skund\u0173 ir aimanavim\u0173, \u017eengti dr\u0105s\u0173 \u017eingsn\u012f ir tapti lyderiais. Anot jo, knygos autoriai savo darbais ir patirtimi \u012frod\u0117, kad tai tikrai \u012fmanoma. Tod\u0117l si\u016blo visiems, atsivertusiems knyg\u0105 \u201eLyderyst\u0117\u201c, semtis \u017eini\u0173 ir veikti, nes gul\u0117ti ir svajoti neu\u017eteks. Lyderystei reikia strategijos, drausm\u0117s, k\u016brybi\u0161kumo ir noro keistis.<\/p>\n<p>ISM Vadybos ir ekonomikos universiteto rektorius doc. dr. Alfredas Chmieliauskas intriguoja dar labiau. Anot jo, knyga \u201eLyderyst\u0117\u201c \u2013 tai kelion\u0117s \u012f Ekstremistan\u0105 apra\u0161ymas. Jis persp\u0117ja skaitytojus n\u0117 nemiginti ten leistis&#8230; ta\u010diau, i\u0161dr\u012fsusi\u0173 tai padaryti, laukia galimyb\u0117 rasti savo keli\u0105.<\/p>\n<p>Dr.\u00a0Alisa Miniotait\u0117\u00a0\u012fk\u016br\u0117 tarptautin\u0119 bendrov\u0119 \u201eAlisa Management Laboratory\u201c ir \u0161iuo metu vadovauja ISM Vadybos ir ekonomikos universiteto Vadov\u0173 magistrant\u016bros Lyderyst\u0117s programai. Jos vedam\u0173 mokym\u0173 klausosi Lietuvos ir u\u017esienio bendrov\u0117s. A. Miniotait\u0117 yra aistringa slidinink\u0117.<\/p>\n<p>Ignas Sta\u0161kevi\u010dius\u00a0geriausiai \u017einomas kaip vienas i\u0161 \u201eMaximos\u201c bendra\u012fk\u016br\u0117j\u0173. Anks\u010diau studijavo medicin\u0105 ir teis\u0119. Per savo karjer\u0105 vadovavo ne vienai bendrovei, para\u0161\u0117 kelet\u0105 knyg\u0173 ir suk\u016br\u0117 kelet\u0105 dokumentini\u0173 film\u0173.<\/p>\n","protected":false},"excerpt":{"rendered":"<p>Knyga\u00a0\u201eLyderyst\u0117\u201c\u00a0\u2013 dviej\u0173 lyderyst\u0117s praktik\u0173 pokalbiai ir \u012f\u017evalgos, \u012fkv\u0117psian\u010dios tiek esamus, tiek b\u016bsimus lyderius. Lyderyst\u0117 tapo kiekvien\u0105 gyvenimo \u017eingsn\u012f lydin\u010diu \u017eod\u017eiu. Ta\u010diau ar i\u0161ties gerai suprantame jo prasm\u0119? O ar gali b\u016bti geresn\u0117 galimyb\u0117 su\u017einoti apie lyderio savybes ir reik\u0161m\u0119 \u0161iandienos pasaulyje, jei ne i\u0161 \u017emoni\u0173, nagrin\u0117jan\u010di\u0173 lyderyst\u0117s problemas ir ne kart\u0105 taikiusi\u0173 \u0161ias \u017einias praktikoje? \u012e lyderyst\u0117s rei\u0161kin\u012f knygoje \u201eLyderyst\u0117\u201c gilinasi du ilgame\u010diai \u0161ios srities praktikai ir teoretikai Ignas Sta\u0161kevi\u010dius ir Alisa Miniotait\u0117. Jie ie\u0161ko atsakymo \u012f klausim\u0105 \u201ekaip\u201c \u2013 kaip u\u017eimti lyderio pozicij\u0105 ir vesti komand\u0105 \u012f priek\u012f? kaip \u012frodyti savo prana\u0161um\u0105 ir \u012ftikinti kitus savo geb\u0117jimu vadovauti? kaip nesustoti pusiaukel\u0117je ir pasiekti u\u017esibr\u0117\u017et\u0105 tiksl\u0105? \u0160i knyga &#8211; tai bandymas \u012f lyderyst\u0117s rei\u0161kin\u012f pa\u017evelgti i\u0161 skirting\u0173 ta\u0161ko &#8211; pasitelkiant skirtingas teorijas. Knygos bendraautoriai diskutuoja, dalinasi savo asmenine bei profesine patirtimi, ie\u0161ko nauj\u0173 sprendim\u0173 ir nauj\u0173 galimybi\u0173. \u0160io dialogo \u012f\u017evalgos tur\u0117t\u0173 sudominti tiek u\u017esibr\u0117\u017et\u0173 tiksl\u0173 siekian\u010dius vadovus, tiek b\u016bsimus lyderius, tiek smalsius skaitytojus. Chemikas, biotechnologas ir verslininkas Vladas Bumelis negaili ger\u0173 \u017eod\u017ei\u0173 I. Sta\u0161kevi\u010diaus ir A. Miniotait\u0117s knygai. Anot jo, lyderyst\u0117s jausmas turi u\u017egimti viduje. Tai u\u017esispyrimas, kuris veda pirmyn ir u\u017etikrina auk\u0161\u010diausius rezultatus. Jis si\u016blo lietuviams vietoj skund\u0173 ir aimanavim\u0173, \u017eengti dr\u0105s\u0173 \u017eingsn\u012f ir tapti lyderiais. Anot jo, knygos autoriai savo darbais ir patirtimi \u012frod\u0117, kad tai tikrai \u012fmanoma. Tod\u0117l si\u016blo visiems, atsivertusiems knyg\u0105 \u201eLyderyst\u0117\u201c, semtis \u017eini\u0173 ir veikti, nes gul\u0117ti ir svajoti neu\u017eteks. Lyderystei reikia strategijos, drausm\u0117s, k\u016brybi\u0161kumo ir noro keistis. ISM Vadybos ir ekonomikos universiteto rektorius doc. dr. Alfredas Chmieliauskas intriguoja dar labiau. Anot jo, knyga \u201eLyderyst\u0117\u201c \u2013 tai kelion\u0117s \u012f Ekstremistan\u0105 apra\u0161ymas. Jis persp\u0117ja skaitytojus n\u0117 nemiginti ten leistis&#8230; ta\u010diau, i\u0161dr\u012fsusi\u0173 tai padaryti, laukia galimyb\u0117 rasti savo keli\u0105. Dr.\u00a0Alisa Miniotait\u0117\u00a0\u012fk\u016br\u0117 tarptautin\u0119 bendrov\u0119 \u201eAlisa Management Laboratory\u201c ir \u0161iuo metu vadovauja ISM Vadybos ir ekonomikos universiteto Vadov\u0173 magistrant\u016bros Lyderyst\u0117s programai. Jos vedam\u0173 mokym\u0173 klausosi Lietuvos ir u\u017esienio bendrov\u0117s. A. Miniotait\u0117 yra aistringa slidinink\u0117. Ignas Sta\u0161kevi\u010dius\u00a0geriausiai \u017einomas kaip vienas i\u0161 \u201eMaximos\u201c bendra\u012fk\u016br\u0117j\u0173. Anks\u010diau studijavo medicin\u0105 ir teis\u0119. Per savo karjer\u0105 vadovavo ne vienai bendrovei, para\u0161\u0117 kelet\u0105 knyg\u0173 ir suk\u016br\u0117 kelet\u0105 dokumentini\u0173 film\u0173.<\/p>\n","protected":false},"featured_media":11199,"comment_status":"closed","ping_status":"closed","template":"","meta":{"_acf_changed":false,"site-sidebar-layout":"default","site-content-layout":"","ast-site-content-layout":"default","site-content-style":"default","site-sidebar-style":"default","ast-global-header-display":"","ast-banner-title-visibility":"","ast-main-header-display":"","ast-hfb-above-header-display":"","ast-hfb-below-header-display":"","ast-hfb-mobile-header-display":"","site-post-title":"","ast-breadcrumbs-content":"","ast-featured-img":"","footer-sml-layout":"","ast-disable-related-posts":"","theme-transparent-header-meta":"","adv-header-id-meta":"","stick-header-meta":"","header-above-stick-meta":"","header-main-stick-meta":"","header-below-stick-meta":"","astra-migrate-meta-layouts":"default","ast-page-background-enabled":"default","ast-page-background-meta":{"desktop":{"background-color":"","background-image":"","background-repeat":"repeat","background-position":"center center","background-size":"auto","background-attachment":"scroll","background-type":"","background-media":"","overlay-type":"","overlay-color":"","overlay-opacity":"","overlay-gradient":""},"tablet":{"background-color":"","background-image":"","background-repeat":"repeat","background-position":"center center","background-size":"auto","background-attachment":"scroll","background-type":"","background-media":"","overlay-type":"","overlay-color":"","overlay-opacity":"","overlay-gradient":""},"mobile":{"background-color":"","background-image":"","background-repeat":"repeat","background-position":"center center","background-size":"auto","background-attachment":"scroll","background-type":"","background-media":"","overlay-type":"","overlay-color":"","overlay-opacity":"","overlay-gradient":""}},"ast-content-background-meta":{"desktop":{"background-color":"var(--ast-global-color-4)","background-image":"","background-repeat":"repeat","background-position":"center center","background-size":"auto","background-attachment":"scroll","background-type":"","background-media":"","overlay-type":"","overlay-color":"","overlay-opacity":"","overlay-gradient":""},"tablet":{"background-color":"var(--ast-global-color-4)","background-image":"","background-repeat":"repeat","background-position":"center center","background-size":"auto","background-attachment":"scroll","background-type":"","background-media":"","overlay-type":"","overlay-color":"","overlay-opacity":"","overlay-gradient":""},"mobile":{"background-color":"var(--ast-global-color-4)","background-image":"","background-repeat":"repeat","background-position":"center center","background-size":"auto","background-attachment":"scroll","background-type":"","background-media":"","overlay-type":"","overlay-color":"","overlay-opacity":"","overlay-gradient":""}}},"product_brand":[],"product_cat":[30,26],"product_tag":[3878,3877,1408,3876,2310],"class_list":{"0":"post-11161","1":"product","2":"type-product","3":"status-publish","4":"has-post-thumbnail","6":"product_cat-psichologija-ir-saviugda","7":"product_cat-verslas-vadyba-ir-finansai","8":"product_tag-alisa-miniotaite","9":"product_tag-ignas-staskevicius","10":"product_tag-lyderyste","11":"product_tag-pokalbiai","12":"product_tag-vadyba","13":"desktop-align-left","14":"tablet-align-left","15":"mobile-align-left","17":"first","18":"outofstock","19":"shipping-taxable","20":"purchasable","21":"product-type-simple"},"acf":[],"yoast_head":"<!-- This site is optimized with the Yoast SEO plugin v27.0 - https:\/\/yoast.com\/product\/yoast-seo-wordpress\/ -->\n<title>Lyderyst\u0117<\/title>\n<meta name=\"description\" content=\"Knyga\u00a0\u201eLyderyst\u0117\u201c\u00a0\u2013 dviej\u0173 lyderyst\u0117s praktik\u0173 pokalbiai ir \u012f\u017evalgos, \u012fkv\u0117psian\u010dios tiek esamus, tiek b\u016bsimus lyderius. Lyderyst\u0117 tapo kiekvien\u0105 gyvenimo\" \/>\n<meta name=\"robots\" content=\"index, follow, max-snippet:-1, max-image-preview:large, max-video-preview:-1\" \/>\n<link rel=\"canonical\" href=\"https:\/\/skaitytaknyga.lt\/en\/produktas\/ignas-staskevicius-alisa-miniotaite-lyderyste\/\" \/>\n<meta property=\"og:locale\" content=\"en_GB\" \/>\n<meta property=\"og:locale:alternate\" content=\"lt_LT\" \/>\n<meta property=\"og:type\" content=\"article\" \/>\n<meta property=\"og:title\" content=\"Lyderyst\u0117\" \/>\n<meta property=\"og:description\" content=\"Knyga\u00a0\u201eLyderyst\u0117\u201c\u00a0\u2013 dviej\u0173 lyderyst\u0117s praktik\u0173 pokalbiai ir \u012f\u017evalgos, \u012fkv\u0117psian\u010dios tiek esamus, tiek b\u016bsimus lyderius. Lyderyst\u0117 tapo kiekvien\u0105 gyvenimo\" \/>\n<meta property=\"og:url\" content=\"https:\/\/skaitytaknyga.lt\/en\/produktas\/ignas-staskevicius-alisa-miniotaite-lyderyste\/\" \/>\n<meta property=\"og:site_name\" content=\"Skaitytaknyga\" \/>\n<meta property=\"article:publisher\" content=\"https:\/\/www.facebook.com\/skaitytaknyga\/\" \/>\n<meta property=\"article:modified_time\" content=\"2026-01-12T19:14:56+00:00\" \/>\n<meta property=\"og:image\" content=\"https:\/\/skaitytaknyga.lt\/wp-content\/uploads\/2024\/05\/image_150.jpg\" \/>\n\t<meta property=\"og:image:width\" content=\"210\" \/>\n\t<meta property=\"og:image:height\" content=\"313\" \/>\n\t<meta property=\"og:image:type\" content=\"image\/jpeg\" \/>\n<meta name=\"twitter:card\" content=\"summary_large_image\" \/>\n<meta name=\"twitter:label1\" content=\"Estimated reading time\" \/>\n\t<meta name=\"twitter:data1\" content=\"2 minutes\" \/>\n<script type=\"application\/ld+json\" class=\"yoast-schema-graph\">{\"@context\":\"https:\/\/schema.org\",\"@graph\":[{\"@type\":\"WebPage\",\"@id\":\"https:\/\/skaitytaknyga.lt\/produktas\/ignas-staskevicius-alisa-miniotaite-lyderyste\/\",\"url\":\"https:\/\/skaitytaknyga.lt\/produktas\/ignas-staskevicius-alisa-miniotaite-lyderyste\/\",\"name\":\"Lyderyst\u0117\",\"isPartOf\":{\"@id\":\"https:\/\/skaitytaknyga.lt\/#website\"},\"primaryImageOfPage\":{\"@id\":\"https:\/\/skaitytaknyga.lt\/produktas\/ignas-staskevicius-alisa-miniotaite-lyderyste\/#primaryimage\"},\"image\":{\"@id\":\"https:\/\/skaitytaknyga.lt\/produktas\/ignas-staskevicius-alisa-miniotaite-lyderyste\/#primaryimage\"},\"thumbnailUrl\":\"https:\/\/skaitytaknyga.lt\/wp-content\/uploads\/2024\/05\/image_150.jpg\",\"datePublished\":\"2024-05-04T19:32:35+00:00\",\"dateModified\":\"2026-01-12T19:14:56+00:00\",\"description\":\"Knyga\u00a0\u201eLyderyst\u0117\u201c\u00a0\u2013 dviej\u0173 lyderyst\u0117s praktik\u0173 pokalbiai ir \u012f\u017evalgos, \u012fkv\u0117psian\u010dios tiek esamus, tiek b\u016bsimus lyderius. Lyderyst\u0117 tapo kiekvien\u0105 gyvenimo\",\"breadcrumb\":{\"@id\":\"https:\/\/skaitytaknyga.lt\/produktas\/ignas-staskevicius-alisa-miniotaite-lyderyste\/#breadcrumb\"},\"inLanguage\":\"en-GB\",\"potentialAction\":[{\"@type\":\"ReadAction\",\"target\":[\"https:\/\/skaitytaknyga.lt\/produktas\/ignas-staskevicius-alisa-miniotaite-lyderyste\/\"]}]},{\"@type\":\"ImageObject\",\"inLanguage\":\"en-GB\",\"@id\":\"https:\/\/skaitytaknyga.lt\/produktas\/ignas-staskevicius-alisa-miniotaite-lyderyste\/#primaryimage\",\"url\":\"https:\/\/skaitytaknyga.lt\/wp-content\/uploads\/2024\/05\/image_150.jpg\",\"contentUrl\":\"https:\/\/skaitytaknyga.lt\/wp-content\/uploads\/2024\/05\/image_150.jpg\",\"width\":210,\"height\":313},{\"@type\":\"BreadcrumbList\",\"@id\":\"https:\/\/skaitytaknyga.lt\/produktas\/ignas-staskevicius-alisa-miniotaite-lyderyste\/#breadcrumb\",\"itemListElement\":[{\"@type\":\"ListItem\",\"position\":1,\"name\":\"Home\",\"item\":\"https:\/\/skaitytaknyga.lt\/\"},{\"@type\":\"ListItem\",\"position\":2,\"name\":\"Parduotuv\u0117\",\"item\":\"https:\/\/skaitytaknyga.lt\/knygu-parduotuve\/\"},{\"@type\":\"ListItem\",\"position\":3,\"name\":\"Lyderyst\u0117\"}]},{\"@type\":\"WebSite\",\"@id\":\"https:\/\/skaitytaknyga.lt\/#website\",\"url\":\"https:\/\/skaitytaknyga.lt\/\",\"name\":\"skaitytaknyga.lt\",\"description\":\"Skaitytaknyga.lt \u2013 tai ma\u017eas \u0161eimos verslas, kuris prasid\u0117jo nuo meil\u0117s knygoms ir siekio i\u0161gelb\u0117ti knygas nuo likimo prie konteinerio. Kas vienam nereikalingas daiktas \u2013 kitam lobis, o mes esame tarpininkai, kurie padeda abiems tapti laimingesniems ???? \u017dinome kaip nelengva i\u0161gyventi ma\u017eiems verslams, tad nuo \u0161iol, \u010dia rasite ir kit\u0173, ma\u017e\u0173 \u0161eim\u0173 versl\u0173, rank\u0173 darbo, dovan\u0173 sau ir artimiesiems.\",\"publisher\":{\"@id\":\"https:\/\/skaitytaknyga.lt\/#organization\"},\"potentialAction\":[{\"@type\":\"SearchAction\",\"target\":{\"@type\":\"EntryPoint\",\"urlTemplate\":\"https:\/\/skaitytaknyga.lt\/?s={search_term_string}\"},\"query-input\":{\"@type\":\"PropertyValueSpecification\",\"valueRequired\":true,\"valueName\":\"search_term_string\"}}],\"inLanguage\":\"en-GB\"},{\"@type\":\"Organization\",\"@id\":\"https:\/\/skaitytaknyga.lt\/#organization\",\"name\":\"skaitytaknyga.lt\",\"url\":\"https:\/\/skaitytaknyga.lt\/\",\"logo\":{\"@type\":\"ImageObject\",\"inLanguage\":\"en-GB\",\"@id\":\"https:\/\/skaitytaknyga.lt\/#\/schema\/logo\/image\/\",\"url\":\"https:\/\/skaitytaknyga.lt\/wp-content\/uploads\/2024\/05\/cropped-cropped-cropped-02_00843_jt3bggkj1j3HLc7SyY6rEUpg.jpeg\",\"contentUrl\":\"https:\/\/skaitytaknyga.lt\/wp-content\/uploads\/2024\/05\/cropped-cropped-cropped-02_00843_jt3bggkj1j3HLc7SyY6rEUpg.jpeg\",\"width\":1600,\"height\":1600,\"caption\":\"skaitytaknyga.lt\"},\"image\":{\"@id\":\"https:\/\/skaitytaknyga.lt\/#\/schema\/logo\/image\/\"},\"sameAs\":[\"https:\/\/www.facebook.com\/skaitytaknyga\/\"]}]}<\/script>\n<!-- \/ Yoast SEO plugin. -->","yoast_head_json":{"title":"Lyderyst\u0117","description":"Knyga\u00a0\u201eLyderyst\u0117\u201c\u00a0\u2013 dviej\u0173 lyderyst\u0117s praktik\u0173 pokalbiai ir \u012f\u017evalgos, \u012fkv\u0117psian\u010dios tiek esamus, tiek b\u016bsimus lyderius. Lyderyst\u0117 tapo kiekvien\u0105 gyvenimo","robots":{"index":"index","follow":"follow","max-snippet":"max-snippet:-1","max-image-preview":"max-image-preview:large","max-video-preview":"max-video-preview:-1"},"canonical":"https:\/\/skaitytaknyga.lt\/en\/produktas\/ignas-staskevicius-alisa-miniotaite-lyderyste\/","og_locale":"en_GB","og_type":"article","og_title":"[:lt]Lyderyst\u0117[:] - Skaitytaknyga","og_description":"Knyga\u00a0\u201eLyderyst\u0117\u201c\u00a0\u2013 dviej\u0173 lyderyst\u0117s praktik\u0173 pokalbiai ir \u012f\u017evalgos, \u012fkv\u0117psian\u010dios tiek esamus, tiek b\u016bsimus lyderius. Lyderyst\u0117 tapo kiekvien\u0105 gyvenimo","og_url":"https:\/\/skaitytaknyga.lt\/en\/produktas\/ignas-staskevicius-alisa-miniotaite-lyderyste\/","og_site_name":"Skaitytaknyga","article_publisher":"https:\/\/www.facebook.com\/skaitytaknyga\/","article_modified_time":"2026-01-12T19:14:56+00:00","og_image":[{"width":210,"height":313,"url":"https:\/\/skaitytaknyga.lt\/wp-content\/uploads\/2024\/05\/image_150.jpg","type":"image\/jpeg"}],"twitter_card":"summary_large_image","twitter_misc":{"Estimated reading time":"2 minutes"},"schema":{"@context":"https:\/\/schema.org","@graph":[{"@type":"WebPage","@id":"https:\/\/skaitytaknyga.lt\/produktas\/ignas-staskevicius-alisa-miniotaite-lyderyste\/","url":"https:\/\/skaitytaknyga.lt\/produktas\/ignas-staskevicius-alisa-miniotaite-lyderyste\/","name":"Lyderyst\u0117","isPartOf":{"@id":"https:\/\/skaitytaknyga.lt\/#website"},"primaryImageOfPage":{"@id":"https:\/\/skaitytaknyga.lt\/produktas\/ignas-staskevicius-alisa-miniotaite-lyderyste\/#primaryimage"},"image":{"@id":"https:\/\/skaitytaknyga.lt\/produktas\/ignas-staskevicius-alisa-miniotaite-lyderyste\/#primaryimage"},"thumbnailUrl":"https:\/\/skaitytaknyga.lt\/wp-content\/uploads\/2024\/05\/image_150.jpg","datePublished":"2024-05-04T19:32:35+00:00","dateModified":"2026-01-12T19:14:56+00:00","description":"Knyga\u00a0\u201eLyderyst\u0117\u201c\u00a0\u2013 dviej\u0173 lyderyst\u0117s praktik\u0173 pokalbiai ir \u012f\u017evalgos, \u012fkv\u0117psian\u010dios tiek esamus, tiek b\u016bsimus lyderius. Lyderyst\u0117 tapo kiekvien\u0105 gyvenimo","breadcrumb":{"@id":"https:\/\/skaitytaknyga.lt\/produktas\/ignas-staskevicius-alisa-miniotaite-lyderyste\/#breadcrumb"},"inLanguage":"en-GB","potentialAction":[{"@type":"ReadAction","target":["https:\/\/skaitytaknyga.lt\/produktas\/ignas-staskevicius-alisa-miniotaite-lyderyste\/"]}]},{"@type":"ImageObject","inLanguage":"en-GB","@id":"https:\/\/skaitytaknyga.lt\/produktas\/ignas-staskevicius-alisa-miniotaite-lyderyste\/#primaryimage","url":"https:\/\/skaitytaknyga.lt\/wp-content\/uploads\/2024\/05\/image_150.jpg","contentUrl":"https:\/\/skaitytaknyga.lt\/wp-content\/uploads\/2024\/05\/image_150.jpg","width":210,"height":313},{"@type":"BreadcrumbList","@id":"https:\/\/skaitytaknyga.lt\/produktas\/ignas-staskevicius-alisa-miniotaite-lyderyste\/#breadcrumb","itemListElement":[{"@type":"ListItem","position":1,"name":"Home","item":"https:\/\/skaitytaknyga.lt\/"},{"@type":"ListItem","position":2,"name":"Parduotuv\u0117","item":"https:\/\/skaitytaknyga.lt\/knygu-parduotuve\/"},{"@type":"ListItem","position":3,"name":"Lyderyst\u0117"}]},{"@type":"WebSite","@id":"https:\/\/skaitytaknyga.lt\/#website","url":"https:\/\/skaitytaknyga.lt\/","name":"skaitytaknyga.lt","description":"Skaitytaknyga.lt \u2013 tai ma\u017eas \u0161eimos verslas, kuris prasid\u0117jo nuo meil\u0117s knygoms ir siekio i\u0161gelb\u0117ti knygas nuo likimo prie konteinerio. Kas vienam nereikalingas daiktas \u2013 kitam lobis, o mes esame tarpininkai, kurie padeda abiems tapti laimingesniems ???? \u017dinome kaip nelengva i\u0161gyventi ma\u017eiems verslams, tad nuo \u0161iol, \u010dia rasite ir kit\u0173, ma\u017e\u0173 \u0161eim\u0173 versl\u0173, rank\u0173 darbo, dovan\u0173 sau ir artimiesiems.","publisher":{"@id":"https:\/\/skaitytaknyga.lt\/#organization"},"potentialAction":[{"@type":"SearchAction","target":{"@type":"EntryPoint","urlTemplate":"https:\/\/skaitytaknyga.lt\/?s={search_term_string}"},"query-input":{"@type":"PropertyValueSpecification","valueRequired":true,"valueName":"search_term_string"}}],"inLanguage":"en-GB"},{"@type":"Organization","@id":"https:\/\/skaitytaknyga.lt\/#organization","name":"skaitytaknyga.lt","url":"https:\/\/skaitytaknyga.lt\/","logo":{"@type":"ImageObject","inLanguage":"en-GB","@id":"https:\/\/skaitytaknyga.lt\/#\/schema\/logo\/image\/","url":"https:\/\/skaitytaknyga.lt\/wp-content\/uploads\/2024\/05\/cropped-cropped-cropped-02_00843_jt3bggkj1j3HLc7SyY6rEUpg.jpeg","contentUrl":"https:\/\/skaitytaknyga.lt\/wp-content\/uploads\/2024\/05\/cropped-cropped-cropped-02_00843_jt3bggkj1j3HLc7SyY6rEUpg.jpeg","width":1600,"height":1600,"caption":"skaitytaknyga.lt"},"image":{"@id":"https:\/\/skaitytaknyga.lt\/#\/schema\/logo\/image\/"},"sameAs":["https:\/\/www.facebook.com\/skaitytaknyga\/"]}]}},"_links":{"self":[{"href":"https:\/\/skaitytaknyga.lt\/en\/wp-json\/wp\/v2\/product\/11161","targetHints":{"allow":["GET"]}}],"collection":[{"href":"https:\/\/skaitytaknyga.lt\/en\/wp-json\/wp\/v2\/product"}],"about":[{"href":"https:\/\/skaitytaknyga.lt\/en\/wp-json\/wp\/v2\/types\/product"}],"replies":[{"embeddable":true,"href":"https:\/\/skaitytaknyga.lt\/en\/wp-json\/wp\/v2\/comments?post=11161"}],"wp:featuredmedia":[{"embeddable":true,"href":"https:\/\/skaitytaknyga.lt\/en\/wp-json\/wp\/v2\/media\/11199"}],"wp:attachment":[{"href":"https:\/\/skaitytaknyga.lt\/en\/wp-json\/wp\/v2\/media?parent=11161"}],"wp:term":[{"taxonomy":"product_brand","embeddable":true,"href":"https:\/\/skaitytaknyga.lt\/en\/wp-json\/wp\/v2\/product_brand?post=11161"},{"taxonomy":"product_cat","embeddable":true,"href":"https:\/\/skaitytaknyga.lt\/en\/wp-json\/wp\/v2\/product_cat?post=11161"},{"taxonomy":"product_tag","embeddable":true,"href":"https:\/\/skaitytaknyga.lt\/en\/wp-json\/wp\/v2\/product_tag?post=11161"}],"curies":[{"name":"wp","href":"https:\/\/api.w.org\/{rel}","templated":true}]}}