{"id":11158,"date":"2024-05-04T19:32:34","date_gmt":"2024-05-04T19:32:34","guid":{"rendered":"https:\/\/skaitytaknyga.lt\/?post_type=product&#038;p=11158"},"modified":"2024-05-04T19:35:33","modified_gmt":"2024-05-04T19:35:33","slug":"dan-kindlon-michael-thompson-augant-kainui-siek-tiek-pagelte-lapai","status":"publish","type":"product","link":"https:\/\/skaitytaknyga.lt\/en\/produktas\/dan-kindlon-michael-thompson-augant-kainui-siek-tiek-pagelte-lapai\/","title":{"rendered":"Dan Kindlon, Michael Thompson \u201eAugant Kainui&#8221; (\u0161iek tiek pagelt\u0119 lapai)"},"content":{"rendered":"<p>\u201eAugant Kainui: kaip apsaugoti berniuk\u0173 jausm\u0173 pasaul\u012f&#8221;\u00a0\u2013 garsi\u0173, did\u017eiul\u0119 darbo su berniukais patirt\u012f turin\u010di\u0173 JAV psicholog\u0173\u00a0Dano Kindlono\u00a0ir\u00a0Michaelo Thompsono\u00a0knyga, kurioje analizuojami berniuk\u0173 jausmai ir elgesys. Tai knyga, kuri pad\u0117s geriau suprasti vaikyst\u0117s patir\u010di\u0173 ir visuomen\u0117je egzistuojan\u010di\u0173 stereotip\u0173 \u012ftak\u0105 br\u0119stan\u010diai asmenybei. Reik\u0161mingos \u012f\u017evalgos pad\u0117s suvokti t\u0117v\u0173 ir aplinkini\u0173 ind\u0117l\u012f vyri\u0161kos m\u0105stysenos ir jausm\u0173 pagrindui.<\/p>\n<p>I\u0161 pirmo \u017evilgsnio gali pasirodyti, kad vaikai, nepriklausomai nuo j\u0173 lyties, auginami vienodai. Ta\u010diau tiesa yra ta, kad visuomen\u0117je gaj\u016bs vyri\u0161kumo ir moteri\u0161kumo stereotipai berniukus ir mergaites veikia skirtingai. Taigi, k\u0105 svarbu \u017einoti auginant ar aukl\u0117jant berniukus? Kod\u0117l tiek daug vyr\u0173 u\u017eauga kupini li\u016bdesio, baimi\u0173, pyk\u010dio ar atsitv\u0117r\u0119 tylos sienomis? Kod\u0117l b\u016btent vyrai pirmauja savi\u017eudybi\u0173, priklausomybi\u0173, nusikalstamumo, \u017e\u016b\u010di\u0173 avarijose, u\u017esl\u0117ptos depresijos ir prast\u0173 mokymosi rezultat\u0173 statistikos lentel\u0117se?<\/p>\n<p>Knygoje\u00a0\u201eAugant Kainui&#8221;\u00a0patyr\u0119 vaik\u0173 psichologai kriti\u0161kai \u017evelgia \u012f berniukams nuo pat ma\u017eens primetam\u0105 ma\u010do \u012fvaizd\u012f ir jam b\u016bding\u0173 savybi\u0173 \u2013 dr\u0105sos, susitvardymo, konkurencijos, u\u017esl\u0117pt\u0173 jausm\u0173 ir galios demonstravimo \u2013 skatinim\u0105. Did\u017eiausias d\u0117mesys skiriamas ap\u017evelgti emocinio ra\u0161tingumo spragoms, kurios ilgainiui pakenkia berniuk\u0173 ir vyr\u0173 dvasiniam pasauliui. Identifikuodami socialinius ir emocinius i\u0161\u0161\u016bkius, kuriuos berniukai patiria mokykloje, autoriai parodo t\u0117vams ir pedagogams, kaip pad\u0117ti augan\u010dioms asmenyb\u0117ms lavinti emocin\u012f ra\u0161tingum\u0105 ir empatij\u0105, suteikiant gyvybi\u0161kai b\u016btinus tarpusavio santykius ir palaikym\u0105.<\/p>\n<p>Knygoje\u00a0\u201eAugant Kainui&#8221;\u00a0verting\u0173 atsakym\u0173 \u012f svarbius klausimus ras t\u0117vai, eneliai, pedagogai, socialiniai darbuotojai ar kiekvienas, kuriam \u012fdomu su\u017einoti, kok\u012f spaudim\u0105 patiria daugyb\u0117 vyr\u0173 visame pasaulyje.<\/p>\n<ul>\n<li>Koks t\u0117vo vaidmuo \u0161eimoje, kurioje auga berniukai?<\/li>\n<li>K\u0105 gali padaryti t\u0117vas, nor\u0117damas pagerinti s\u016bnaus mokymosi rezultatus?<\/li>\n<li>Kokios silpno t\u0117vo ir s\u016bnaus pasekm\u0117s gali pasirodyti berniukui suaugus?<\/li>\n<li>K\u0105 gali padaryti mamos, kad berniuko ir t\u0117vo ry\u0161ys b\u016bt\u0173 kiek \u012fmanoma stipresnis?<\/li>\n<li>Koki\u0173 aukl\u0117jimo stereotip\u0173 tur\u0117tume atsisakyti?<\/li>\n<li>Kaip pa\u017einti berniuk\u0173 sielas?<\/li>\n<li>Kaip kenkia vaikymasis karikat\u016bri\u0161ko stipraus ir bejausmio vyri\u0161kumo \u012fvaizd\u017eio?<\/li>\n<\/ul>\n","protected":false},"excerpt":{"rendered":"<p>\u201eAugant Kainui: kaip apsaugoti berniuk\u0173 jausm\u0173 pasaul\u012f&#8221;\u00a0\u2013 garsi\u0173, did\u017eiul\u0119 darbo su berniukais patirt\u012f turin\u010di\u0173 JAV psicholog\u0173\u00a0Dano Kindlono\u00a0ir\u00a0Michaelo Thompsono\u00a0knyga, kurioje analizuojami berniuk\u0173 jausmai ir elgesys. Tai knyga, kuri pad\u0117s geriau suprasti vaikyst\u0117s patir\u010di\u0173 ir visuomen\u0117je egzistuojan\u010di\u0173 stereotip\u0173 \u012ftak\u0105 br\u0119stan\u010diai asmenybei. Reik\u0161mingos \u012f\u017evalgos pad\u0117s suvokti t\u0117v\u0173 ir aplinkini\u0173 ind\u0117l\u012f vyri\u0161kos m\u0105stysenos ir jausm\u0173 pagrindui. I\u0161 pirmo \u017evilgsnio gali pasirodyti, kad vaikai, nepriklausomai nuo j\u0173 lyties, auginami vienodai. Ta\u010diau tiesa yra ta, kad visuomen\u0117je gaj\u016bs vyri\u0161kumo ir moteri\u0161kumo stereotipai berniukus ir mergaites veikia skirtingai. Taigi, k\u0105 svarbu \u017einoti auginant ar aukl\u0117jant berniukus? Kod\u0117l tiek daug vyr\u0173 u\u017eauga kupini li\u016bdesio, baimi\u0173, pyk\u010dio ar atsitv\u0117r\u0119 tylos sienomis? Kod\u0117l b\u016btent vyrai pirmauja savi\u017eudybi\u0173, priklausomybi\u0173, nusikalstamumo, \u017e\u016b\u010di\u0173 avarijose, u\u017esl\u0117ptos depresijos ir prast\u0173 mokymosi rezultat\u0173 statistikos lentel\u0117se? Knygoje\u00a0\u201eAugant Kainui&#8221;\u00a0patyr\u0119 vaik\u0173 psichologai kriti\u0161kai \u017evelgia \u012f berniukams nuo pat ma\u017eens primetam\u0105 ma\u010do \u012fvaizd\u012f ir jam b\u016bding\u0173 savybi\u0173 \u2013 dr\u0105sos, susitvardymo, konkurencijos, u\u017esl\u0117pt\u0173 jausm\u0173 ir galios demonstravimo \u2013 skatinim\u0105. Did\u017eiausias d\u0117mesys skiriamas ap\u017evelgti emocinio ra\u0161tingumo spragoms, kurios ilgainiui pakenkia berniuk\u0173 ir vyr\u0173 dvasiniam pasauliui. Identifikuodami socialinius ir emocinius i\u0161\u0161\u016bkius, kuriuos berniukai patiria mokykloje, autoriai parodo t\u0117vams ir pedagogams, kaip pad\u0117ti augan\u010dioms asmenyb\u0117ms lavinti emocin\u012f ra\u0161tingum\u0105 ir empatij\u0105, suteikiant gyvybi\u0161kai b\u016btinus tarpusavio santykius ir palaikym\u0105. Knygoje\u00a0\u201eAugant Kainui&#8221;\u00a0verting\u0173 atsakym\u0173 \u012f svarbius klausimus ras t\u0117vai, eneliai, pedagogai, socialiniai darbuotojai ar kiekvienas, kuriam \u012fdomu su\u017einoti, kok\u012f spaudim\u0105 patiria daugyb\u0117 vyr\u0173 visame pasaulyje. Koks t\u0117vo vaidmuo \u0161eimoje, kurioje auga berniukai? K\u0105 gali padaryti t\u0117vas, nor\u0117damas pagerinti s\u016bnaus mokymosi rezultatus? Kokios silpno t\u0117vo ir s\u016bnaus pasekm\u0117s gali pasirodyti berniukui suaugus? K\u0105 gali padaryti mamos, kad berniuko ir t\u0117vo ry\u0161ys b\u016bt\u0173 kiek \u012fmanoma stipresnis? Koki\u0173 aukl\u0117jimo stereotip\u0173 tur\u0117tume atsisakyti? Kaip pa\u017einti berniuk\u0173 sielas? Kaip kenkia vaikymasis karikat\u016bri\u0161ko stipraus ir bejausmio vyri\u0161kumo \u012fvaizd\u017eio?<\/p>\n","protected":false},"featured_media":11191,"comment_status":"closed","ping_status":"closed","template":"","meta":{"_acf_changed":false,"site-sidebar-layout":"default","site-content-layout":"","ast-site-content-layout":"default","site-content-style":"default","site-sidebar-style":"default","ast-global-header-display":"","ast-banner-title-visibility":"","ast-main-header-display":"","ast-hfb-above-header-display":"","ast-hfb-below-header-display":"","ast-hfb-mobile-header-display":"","site-post-title":"","ast-breadcrumbs-content":"","ast-featured-img":"","footer-sml-layout":"","ast-disable-related-posts":"","theme-transparent-header-meta":"","adv-header-id-meta":"","stick-header-meta":"","header-above-stick-meta":"","header-main-stick-meta":"","header-below-stick-meta":"","astra-migrate-meta-layouts":"default","ast-page-background-enabled":"default","ast-page-background-meta":{"desktop":{"background-color":"","background-image":"","background-repeat":"repeat","background-position":"center center","background-size":"auto","background-attachment":"scroll","background-type":"","background-media":"","overlay-type":"","overlay-color":"","overlay-opacity":"","overlay-gradient":""},"tablet":{"background-color":"","background-image":"","background-repeat":"repeat","background-position":"center center","background-size":"auto","background-attachment":"scroll","background-type":"","background-media":"","overlay-type":"","overlay-color":"","overlay-opacity":"","overlay-gradient":""},"mobile":{"background-color":"","background-image":"","background-repeat":"repeat","background-position":"center center","background-size":"auto","background-attachment":"scroll","background-type":"","background-media":"","overlay-type":"","overlay-color":"","overlay-opacity":"","overlay-gradient":""}},"ast-content-background-meta":{"desktop":{"background-color":"var(--ast-global-color-4)","background-image":"","background-repeat":"repeat","background-position":"center center","background-size":"auto","background-attachment":"scroll","background-type":"","background-media":"","overlay-type":"","overlay-color":"","overlay-opacity":"","overlay-gradient":""},"tablet":{"background-color":"var(--ast-global-color-4)","background-image":"","background-repeat":"repeat","background-position":"center center","background-size":"auto","background-attachment":"scroll","background-type":"","background-media":"","overlay-type":"","overlay-color":"","overlay-opacity":"","overlay-gradient":""},"mobile":{"background-color":"var(--ast-global-color-4)","background-image":"","background-repeat":"repeat","background-position":"center center","background-size":"auto","background-attachment":"scroll","background-type":"","background-media":"","overlay-type":"","overlay-color":"","overlay-opacity":"","overlay-gradient":""}}},"product_brand":[],"product_cat":[30],"product_tag":[],"class_list":{"0":"post-11158","1":"product","2":"type-product","3":"status-publish","4":"has-post-thumbnail","6":"product_cat-psichologija-ir-saviugda","7":"desktop-align-left","8":"tablet-align-left","9":"mobile-align-left","11":"first","12":"outofstock","13":"shipping-taxable","14":"purchasable","15":"product-type-simple"},"acf":[],"yoast_head":"<!-- This site is optimized with the Yoast SEO plugin v27.0 - https:\/\/yoast.com\/product\/yoast-seo-wordpress\/ -->\n<title>Dan Kindlon, Michael Thompson \u201eAugant Kainui&quot; (\u0161iek tiek pagelt\u0119 lapai) - Skaitytaknyga<\/title>\n<meta name=\"description\" content=\"\u201eAugant Kainui: kaip apsaugoti berniuk\u0173 jausm\u0173 pasaul\u012f&quot;\u00a0\u2013 garsi\u0173, did\u017eiul\u0119 darbo su berniukais patirt\u012f turin\u010di\u0173 JAV psicholog\u0173\u00a0Dano Kindlono\u00a0ir\u00a0Michaelo\" \/>\n<meta name=\"robots\" content=\"index, follow, max-snippet:-1, max-image-preview:large, max-video-preview:-1\" \/>\n<link rel=\"canonical\" href=\"https:\/\/skaitytaknyga.lt\/en\/produktas\/dan-kindlon-michael-thompson-augant-kainui-siek-tiek-pagelte-lapai\/\" \/>\n<meta property=\"og:locale\" content=\"en_GB\" \/>\n<meta property=\"og:locale:alternate\" content=\"lt_LT\" \/>\n<meta property=\"og:type\" content=\"article\" \/>\n<meta property=\"og:title\" content=\"Dan Kindlon, Michael Thompson \u201eAugant Kainui&quot; (\u0161iek tiek pagelt\u0119 lapai) - Skaitytaknyga\" \/>\n<meta property=\"og:description\" content=\"\u201eAugant Kainui: kaip apsaugoti berniuk\u0173 jausm\u0173 pasaul\u012f&quot;\u00a0\u2013 garsi\u0173, did\u017eiul\u0119 darbo su berniukais patirt\u012f turin\u010di\u0173 JAV psicholog\u0173\u00a0Dano Kindlono\u00a0ir\u00a0Michaelo\" \/>\n<meta property=\"og:url\" content=\"https:\/\/skaitytaknyga.lt\/en\/produktas\/dan-kindlon-michael-thompson-augant-kainui-siek-tiek-pagelte-lapai\/\" \/>\n<meta property=\"og:site_name\" content=\"Skaitytaknyga\" \/>\n<meta property=\"article:publisher\" content=\"https:\/\/www.facebook.com\/skaitytaknyga\/\" \/>\n<meta property=\"article:modified_time\" content=\"2024-05-04T19:35:33+00:00\" \/>\n<meta property=\"og:image\" content=\"https:\/\/skaitytaknyga.lt\/wp-content\/uploads\/2024\/05\/augant-kainui_virselis1.png\" \/>\n\t<meta property=\"og:image:width\" content=\"275\" \/>\n\t<meta property=\"og:image:height\" content=\"450\" \/>\n\t<meta property=\"og:image:type\" content=\"image\/png\" \/>\n<meta name=\"twitter:card\" content=\"summary_large_image\" \/>\n<meta name=\"twitter:label1\" content=\"Estimated reading time\" \/>\n\t<meta name=\"twitter:data1\" content=\"2 minutes\" \/>\n<script type=\"application\/ld+json\" class=\"yoast-schema-graph\">{\"@context\":\"https:\/\/schema.org\",\"@graph\":[{\"@type\":\"WebPage\",\"@id\":\"https:\/\/skaitytaknyga.lt\/produktas\/dan-kindlon-michael-thompson-augant-kainui-siek-tiek-pagelte-lapai\/\",\"url\":\"https:\/\/skaitytaknyga.lt\/produktas\/dan-kindlon-michael-thompson-augant-kainui-siek-tiek-pagelte-lapai\/\",\"name\":\"Dan Kindlon, Michael Thompson \u201eAugant Kainui\\\" (\u0161iek tiek pagelt\u0119 lapai) - Skaitytaknyga\",\"isPartOf\":{\"@id\":\"https:\/\/skaitytaknyga.lt\/#website\"},\"primaryImageOfPage\":{\"@id\":\"https:\/\/skaitytaknyga.lt\/produktas\/dan-kindlon-michael-thompson-augant-kainui-siek-tiek-pagelte-lapai\/#primaryimage\"},\"image\":{\"@id\":\"https:\/\/skaitytaknyga.lt\/produktas\/dan-kindlon-michael-thompson-augant-kainui-siek-tiek-pagelte-lapai\/#primaryimage\"},\"thumbnailUrl\":\"https:\/\/skaitytaknyga.lt\/wp-content\/uploads\/2024\/05\/augant-kainui_virselis1.png\",\"datePublished\":\"2024-05-04T19:32:34+00:00\",\"dateModified\":\"2024-05-04T19:35:33+00:00\",\"description\":\"\u201eAugant Kainui: kaip apsaugoti berniuk\u0173 jausm\u0173 pasaul\u012f\\\"\u00a0\u2013 garsi\u0173, did\u017eiul\u0119 darbo su berniukais patirt\u012f turin\u010di\u0173 JAV psicholog\u0173\u00a0Dano Kindlono\u00a0ir\u00a0Michaelo\",\"breadcrumb\":{\"@id\":\"https:\/\/skaitytaknyga.lt\/produktas\/dan-kindlon-michael-thompson-augant-kainui-siek-tiek-pagelte-lapai\/#breadcrumb\"},\"inLanguage\":\"en-GB\",\"potentialAction\":[{\"@type\":\"ReadAction\",\"target\":[\"https:\/\/skaitytaknyga.lt\/produktas\/dan-kindlon-michael-thompson-augant-kainui-siek-tiek-pagelte-lapai\/\"]}]},{\"@type\":\"ImageObject\",\"inLanguage\":\"en-GB\",\"@id\":\"https:\/\/skaitytaknyga.lt\/produktas\/dan-kindlon-michael-thompson-augant-kainui-siek-tiek-pagelte-lapai\/#primaryimage\",\"url\":\"https:\/\/skaitytaknyga.lt\/wp-content\/uploads\/2024\/05\/augant-kainui_virselis1.png\",\"contentUrl\":\"https:\/\/skaitytaknyga.lt\/wp-content\/uploads\/2024\/05\/augant-kainui_virselis1.png\",\"width\":275,\"height\":450},{\"@type\":\"BreadcrumbList\",\"@id\":\"https:\/\/skaitytaknyga.lt\/produktas\/dan-kindlon-michael-thompson-augant-kainui-siek-tiek-pagelte-lapai\/#breadcrumb\",\"itemListElement\":[{\"@type\":\"ListItem\",\"position\":1,\"name\":\"Home\",\"item\":\"https:\/\/skaitytaknyga.lt\/\"},{\"@type\":\"ListItem\",\"position\":2,\"name\":\"Parduotuv\u0117\",\"item\":\"https:\/\/skaitytaknyga.lt\/knygu-parduotuve\/\"},{\"@type\":\"ListItem\",\"position\":3,\"name\":\"Dan Kindlon, Michael Thompson \u201eAugant Kainui&#8221; (\u0161iek tiek pagelt\u0119 lapai)\"}]},{\"@type\":\"WebSite\",\"@id\":\"https:\/\/skaitytaknyga.lt\/#website\",\"url\":\"https:\/\/skaitytaknyga.lt\/\",\"name\":\"skaitytaknyga.lt\",\"description\":\"Skaitytaknyga.lt \u2013 tai ma\u017eas \u0161eimos verslas, kuris prasid\u0117jo nuo meil\u0117s knygoms ir siekio i\u0161gelb\u0117ti knygas nuo likimo prie konteinerio. Kas vienam nereikalingas daiktas \u2013 kitam lobis, o mes esame tarpininkai, kurie padeda abiems tapti laimingesniems ???? \u017dinome kaip nelengva i\u0161gyventi ma\u017eiems verslams, tad nuo \u0161iol, \u010dia rasite ir kit\u0173, ma\u017e\u0173 \u0161eim\u0173 versl\u0173, rank\u0173 darbo, dovan\u0173 sau ir artimiesiems.\",\"publisher\":{\"@id\":\"https:\/\/skaitytaknyga.lt\/#organization\"},\"potentialAction\":[{\"@type\":\"SearchAction\",\"target\":{\"@type\":\"EntryPoint\",\"urlTemplate\":\"https:\/\/skaitytaknyga.lt\/?s={search_term_string}\"},\"query-input\":{\"@type\":\"PropertyValueSpecification\",\"valueRequired\":true,\"valueName\":\"search_term_string\"}}],\"inLanguage\":\"en-GB\"},{\"@type\":\"Organization\",\"@id\":\"https:\/\/skaitytaknyga.lt\/#organization\",\"name\":\"skaitytaknyga.lt\",\"url\":\"https:\/\/skaitytaknyga.lt\/\",\"logo\":{\"@type\":\"ImageObject\",\"inLanguage\":\"en-GB\",\"@id\":\"https:\/\/skaitytaknyga.lt\/#\/schema\/logo\/image\/\",\"url\":\"https:\/\/skaitytaknyga.lt\/wp-content\/uploads\/2024\/05\/cropped-cropped-cropped-02_00843_jt3bggkj1j3HLc7SyY6rEUpg.jpeg\",\"contentUrl\":\"https:\/\/skaitytaknyga.lt\/wp-content\/uploads\/2024\/05\/cropped-cropped-cropped-02_00843_jt3bggkj1j3HLc7SyY6rEUpg.jpeg\",\"width\":1600,\"height\":1600,\"caption\":\"skaitytaknyga.lt\"},\"image\":{\"@id\":\"https:\/\/skaitytaknyga.lt\/#\/schema\/logo\/image\/\"},\"sameAs\":[\"https:\/\/www.facebook.com\/skaitytaknyga\/\"]}]}<\/script>\n<!-- \/ Yoast SEO plugin. -->","yoast_head_json":{"title":"Dan Kindlon, Michael Thompson \u201eAugant Kainui\" (\u0161iek tiek pagelt\u0119 lapai) - Skaitytaknyga","description":"\u201eAugant Kainui: kaip apsaugoti berniuk\u0173 jausm\u0173 pasaul\u012f\"\u00a0\u2013 garsi\u0173, did\u017eiul\u0119 darbo su berniukais patirt\u012f turin\u010di\u0173 JAV psicholog\u0173\u00a0Dano Kindlono\u00a0ir\u00a0Michaelo","robots":{"index":"index","follow":"follow","max-snippet":"max-snippet:-1","max-image-preview":"max-image-preview:large","max-video-preview":"max-video-preview:-1"},"canonical":"https:\/\/skaitytaknyga.lt\/en\/produktas\/dan-kindlon-michael-thompson-augant-kainui-siek-tiek-pagelte-lapai\/","og_locale":"en_GB","og_type":"article","og_title":"Dan Kindlon, Michael Thompson \u201eAugant Kainui\" (\u0161iek tiek pagelt\u0119 lapai) - Skaitytaknyga","og_description":"\u201eAugant Kainui: kaip apsaugoti berniuk\u0173 jausm\u0173 pasaul\u012f\"\u00a0\u2013 garsi\u0173, did\u017eiul\u0119 darbo su berniukais patirt\u012f turin\u010di\u0173 JAV psicholog\u0173\u00a0Dano Kindlono\u00a0ir\u00a0Michaelo","og_url":"https:\/\/skaitytaknyga.lt\/en\/produktas\/dan-kindlon-michael-thompson-augant-kainui-siek-tiek-pagelte-lapai\/","og_site_name":"Skaitytaknyga","article_publisher":"https:\/\/www.facebook.com\/skaitytaknyga\/","article_modified_time":"2024-05-04T19:35:33+00:00","og_image":[{"width":275,"height":450,"url":"https:\/\/skaitytaknyga.lt\/wp-content\/uploads\/2024\/05\/augant-kainui_virselis1.png","type":"image\/png"}],"twitter_card":"summary_large_image","twitter_misc":{"Estimated reading time":"2 minutes"},"schema":{"@context":"https:\/\/schema.org","@graph":[{"@type":"WebPage","@id":"https:\/\/skaitytaknyga.lt\/produktas\/dan-kindlon-michael-thompson-augant-kainui-siek-tiek-pagelte-lapai\/","url":"https:\/\/skaitytaknyga.lt\/produktas\/dan-kindlon-michael-thompson-augant-kainui-siek-tiek-pagelte-lapai\/","name":"Dan Kindlon, Michael Thompson \u201eAugant Kainui\" (\u0161iek tiek pagelt\u0119 lapai) - Skaitytaknyga","isPartOf":{"@id":"https:\/\/skaitytaknyga.lt\/#website"},"primaryImageOfPage":{"@id":"https:\/\/skaitytaknyga.lt\/produktas\/dan-kindlon-michael-thompson-augant-kainui-siek-tiek-pagelte-lapai\/#primaryimage"},"image":{"@id":"https:\/\/skaitytaknyga.lt\/produktas\/dan-kindlon-michael-thompson-augant-kainui-siek-tiek-pagelte-lapai\/#primaryimage"},"thumbnailUrl":"https:\/\/skaitytaknyga.lt\/wp-content\/uploads\/2024\/05\/augant-kainui_virselis1.png","datePublished":"2024-05-04T19:32:34+00:00","dateModified":"2024-05-04T19:35:33+00:00","description":"\u201eAugant Kainui: kaip apsaugoti berniuk\u0173 jausm\u0173 pasaul\u012f\"\u00a0\u2013 garsi\u0173, did\u017eiul\u0119 darbo su berniukais patirt\u012f turin\u010di\u0173 JAV psicholog\u0173\u00a0Dano Kindlono\u00a0ir\u00a0Michaelo","breadcrumb":{"@id":"https:\/\/skaitytaknyga.lt\/produktas\/dan-kindlon-michael-thompson-augant-kainui-siek-tiek-pagelte-lapai\/#breadcrumb"},"inLanguage":"en-GB","potentialAction":[{"@type":"ReadAction","target":["https:\/\/skaitytaknyga.lt\/produktas\/dan-kindlon-michael-thompson-augant-kainui-siek-tiek-pagelte-lapai\/"]}]},{"@type":"ImageObject","inLanguage":"en-GB","@id":"https:\/\/skaitytaknyga.lt\/produktas\/dan-kindlon-michael-thompson-augant-kainui-siek-tiek-pagelte-lapai\/#primaryimage","url":"https:\/\/skaitytaknyga.lt\/wp-content\/uploads\/2024\/05\/augant-kainui_virselis1.png","contentUrl":"https:\/\/skaitytaknyga.lt\/wp-content\/uploads\/2024\/05\/augant-kainui_virselis1.png","width":275,"height":450},{"@type":"BreadcrumbList","@id":"https:\/\/skaitytaknyga.lt\/produktas\/dan-kindlon-michael-thompson-augant-kainui-siek-tiek-pagelte-lapai\/#breadcrumb","itemListElement":[{"@type":"ListItem","position":1,"name":"Home","item":"https:\/\/skaitytaknyga.lt\/"},{"@type":"ListItem","position":2,"name":"Parduotuv\u0117","item":"https:\/\/skaitytaknyga.lt\/knygu-parduotuve\/"},{"@type":"ListItem","position":3,"name":"Dan Kindlon, Michael Thompson \u201eAugant Kainui&#8221; (\u0161iek tiek pagelt\u0119 lapai)"}]},{"@type":"WebSite","@id":"https:\/\/skaitytaknyga.lt\/#website","url":"https:\/\/skaitytaknyga.lt\/","name":"skaitytaknyga.lt","description":"Skaitytaknyga.lt \u2013 tai ma\u017eas \u0161eimos verslas, kuris prasid\u0117jo nuo meil\u0117s knygoms ir siekio i\u0161gelb\u0117ti knygas nuo likimo prie konteinerio. Kas vienam nereikalingas daiktas \u2013 kitam lobis, o mes esame tarpininkai, kurie padeda abiems tapti laimingesniems ???? \u017dinome kaip nelengva i\u0161gyventi ma\u017eiems verslams, tad nuo \u0161iol, \u010dia rasite ir kit\u0173, ma\u017e\u0173 \u0161eim\u0173 versl\u0173, rank\u0173 darbo, dovan\u0173 sau ir artimiesiems.","publisher":{"@id":"https:\/\/skaitytaknyga.lt\/#organization"},"potentialAction":[{"@type":"SearchAction","target":{"@type":"EntryPoint","urlTemplate":"https:\/\/skaitytaknyga.lt\/?s={search_term_string}"},"query-input":{"@type":"PropertyValueSpecification","valueRequired":true,"valueName":"search_term_string"}}],"inLanguage":"en-GB"},{"@type":"Organization","@id":"https:\/\/skaitytaknyga.lt\/#organization","name":"skaitytaknyga.lt","url":"https:\/\/skaitytaknyga.lt\/","logo":{"@type":"ImageObject","inLanguage":"en-GB","@id":"https:\/\/skaitytaknyga.lt\/#\/schema\/logo\/image\/","url":"https:\/\/skaitytaknyga.lt\/wp-content\/uploads\/2024\/05\/cropped-cropped-cropped-02_00843_jt3bggkj1j3HLc7SyY6rEUpg.jpeg","contentUrl":"https:\/\/skaitytaknyga.lt\/wp-content\/uploads\/2024\/05\/cropped-cropped-cropped-02_00843_jt3bggkj1j3HLc7SyY6rEUpg.jpeg","width":1600,"height":1600,"caption":"skaitytaknyga.lt"},"image":{"@id":"https:\/\/skaitytaknyga.lt\/#\/schema\/logo\/image\/"},"sameAs":["https:\/\/www.facebook.com\/skaitytaknyga\/"]}]}},"_links":{"self":[{"href":"https:\/\/skaitytaknyga.lt\/en\/wp-json\/wp\/v2\/product\/11158","targetHints":{"allow":["GET"]}}],"collection":[{"href":"https:\/\/skaitytaknyga.lt\/en\/wp-json\/wp\/v2\/product"}],"about":[{"href":"https:\/\/skaitytaknyga.lt\/en\/wp-json\/wp\/v2\/types\/product"}],"replies":[{"embeddable":true,"href":"https:\/\/skaitytaknyga.lt\/en\/wp-json\/wp\/v2\/comments?post=11158"}],"wp:featuredmedia":[{"embeddable":true,"href":"https:\/\/skaitytaknyga.lt\/en\/wp-json\/wp\/v2\/media\/11191"}],"wp:attachment":[{"href":"https:\/\/skaitytaknyga.lt\/en\/wp-json\/wp\/v2\/media?parent=11158"}],"wp:term":[{"taxonomy":"product_brand","embeddable":true,"href":"https:\/\/skaitytaknyga.lt\/en\/wp-json\/wp\/v2\/product_brand?post=11158"},{"taxonomy":"product_cat","embeddable":true,"href":"https:\/\/skaitytaknyga.lt\/en\/wp-json\/wp\/v2\/product_cat?post=11158"},{"taxonomy":"product_tag","embeddable":true,"href":"https:\/\/skaitytaknyga.lt\/en\/wp-json\/wp\/v2\/product_tag?post=11158"}],"curies":[{"name":"wp","href":"https:\/\/api.w.org\/{rel}","templated":true}]}}