{"id":11152,"date":"2024-05-04T22:32:07","date_gmt":"2024-05-04T19:32:07","guid":{"rendered":"https:\/\/skaitytaknyga.lt\/?post_type=product&#038;p=11152"},"modified":"2025-11-12T17:59:08","modified_gmt":"2025-11-12T15:59:08","slug":"brigita-kupcinskiene-vyro-garderobas","status":"publish","type":"product","link":"https:\/\/skaitytaknyga.lt\/en\/produktas\/brigita-kupcinskiene-vyro-garderobas\/","title":{"rendered":"Vyro garderobas"},"content":{"rendered":"<p>\u0160i knyga neb\u016bt\u0173 i\u0161vydusi pasaulio, jei ne vyri\u0161kos pastabos apie tokios literat\u016bros tr\u016bkum\u0105 Lietuvoje ir pasteb\u0117jimai apie vyr\u0173 apsipirkimo ypatumus. Neb\u016bt\u0173 ji atsiradusi ir be \u0161i\u0173 tekst\u0173 autor\u0117s, Vilniaus dail\u0117s akademijos d\u0117stytojos, puikios kostiumo specialist\u0117s Brigitos Kup\u010dikien\u0117s, ir be nuolatini\u0173 partneri\u0173, kurie siekia, kad visi Lietuvos vyrai atrodyt\u0173 gra\u017eiau.<\/p>\n<p>Dabar visa tai \u2013 vienoje vietoje. Profesionaliai surinktai vyro aprangai nebais\u016bs sezoniniai mados poky\u010diai. Yra dalyk\u0173, kurie nesikei\u010dia. Ta\u010diau sumani akis ir i\u0161lav\u0117j\u0119s skonis sugeb\u0117s parinkti prie pagrindini\u0173 aprangos dalyk\u0173 vien\u0105 kit\u0105 mading\u0105 detal\u0119, skoningai pakoreguos stili\u0173&#8230; \u201eVyro garderobas\u201c \u2013 protingas patar\u0117jas J\u016bs\u0173 paslaugoms.<\/p>\n","protected":false},"excerpt":{"rendered":"<p>\u0160i knyga neb\u016bt\u0173 i\u0161vydusi pasaulio, jei ne vyri\u0161kos pastabos apie tokios literat\u016bros tr\u016bkum\u0105 Lietuvoje ir pasteb\u0117jimai apie vyr\u0173 apsipirkimo ypatumus. Neb\u016bt\u0173 ji atsiradusi ir be \u0161i\u0173 tekst\u0173 autor\u0117s, Vilniaus dail\u0117s akademijos d\u0117stytojos, puikios kostiumo specialist\u0117s Brigitos Kup\u010dikien\u0117s, ir be nuolatini\u0173 partneri\u0173, kurie siekia, kad visi Lietuvos vyrai atrodyt\u0173 gra\u017eiau. Dabar visa tai \u2013 vienoje vietoje. Profesionaliai surinktai vyro aprangai nebais\u016bs sezoniniai mados poky\u010diai. Yra dalyk\u0173, kurie nesikei\u010dia. Ta\u010diau sumani akis ir i\u0161lav\u0117j\u0119s skonis sugeb\u0117s parinkti prie pagrindini\u0173 aprangos dalyk\u0173 vien\u0105 kit\u0105 mading\u0105 detal\u0119, skoningai pakoreguos stili\u0173&#8230; \u201eVyro garderobas\u201c \u2013 protingas patar\u0117jas J\u016bs\u0173 paslaugoms.<\/p>\n","protected":false},"featured_media":11190,"comment_status":"closed","ping_status":"closed","template":"","meta":{"_acf_changed":false,"site-sidebar-layout":"default","site-content-layout":"","ast-site-content-layout":"default","site-content-style":"default","site-sidebar-style":"default","ast-global-header-display":"","ast-banner-title-visibility":"","ast-main-header-display":"","ast-hfb-above-header-display":"","ast-hfb-below-header-display":"","ast-hfb-mobile-header-display":"","site-post-title":"","ast-breadcrumbs-content":"","ast-featured-img":"","footer-sml-layout":"","ast-disable-related-posts":"","theme-transparent-header-meta":"","adv-header-id-meta":"","stick-header-meta":"","header-above-stick-meta":"","header-main-stick-meta":"","header-below-stick-meta":"","astra-migrate-meta-layouts":"default","ast-page-background-enabled":"default","ast-page-background-meta":{"desktop":{"background-color":"","background-image":"","background-repeat":"repeat","background-position":"center center","background-size":"auto","background-attachment":"scroll","background-type":"","background-media":"","overlay-type":"","overlay-color":"","overlay-opacity":"","overlay-gradient":""},"tablet":{"background-color":"","background-image":"","background-repeat":"repeat","background-position":"center center","background-size":"auto","background-attachment":"scroll","background-type":"","background-media":"","overlay-type":"","overlay-color":"","overlay-opacity":"","overlay-gradient":""},"mobile":{"background-color":"","background-image":"","background-repeat":"repeat","background-position":"center center","background-size":"auto","background-attachment":"scroll","background-type":"","background-media":"","overlay-type":"","overlay-color":"","overlay-opacity":"","overlay-gradient":""}},"ast-content-background-meta":{"desktop":{"background-color":"var(--ast-global-color-4)","background-image":"","background-repeat":"repeat","background-position":"center center","background-size":"auto","background-attachment":"scroll","background-type":"","background-media":"","overlay-type":"","overlay-color":"","overlay-opacity":"","overlay-gradient":""},"tablet":{"background-color":"var(--ast-global-color-4)","background-image":"","background-repeat":"repeat","background-position":"center center","background-size":"auto","background-attachment":"scroll","background-type":"","background-media":"","overlay-type":"","overlay-color":"","overlay-opacity":"","overlay-gradient":""},"mobile":{"background-color":"var(--ast-global-color-4)","background-image":"","background-repeat":"repeat","background-position":"center center","background-size":"auto","background-attachment":"scroll","background-type":"","background-media":"","overlay-type":"","overlay-color":"","overlay-opacity":"","overlay-gradient":""}}},"product_brand":[],"product_cat":[36],"product_tag":[5923,5925,5927,5926,5924],"class_list":{"0":"post-11152","1":"product","2":"type-product","3":"status-publish","4":"has-post-thumbnail","6":"product_cat-makiazas-ir-apranga","7":"product_tag-brigita-kupcinskiene","8":"product_tag-kostiumo-dizainas","9":"product_tag-lietuviu-autore","10":"product_tag-stiliaus-vadovas","11":"product_tag-vyru-mada","12":"desktop-align-left","13":"tablet-align-left","14":"mobile-align-left","16":"first","17":"instock","18":"shipping-taxable","19":"purchasable","20":"product-type-simple"},"acf":[],"yoast_head":"<!-- This site is optimized with the Yoast SEO plugin v27.0 - https:\/\/yoast.com\/product\/yoast-seo-wordpress\/ -->\n<title>Vyro garderobas<\/title>\n<meta name=\"description\" content=\"\u0160i knyga neb\u016bt\u0173 i\u0161vydusi pasaulio, jei ne vyri\u0161kos pastabos apie tokios literat\u016bros tr\u016bkum\u0105 Lietuvoje ir pasteb\u0117jimai apie vyr\u0173 apsipirkimo ypatumus.\" \/>\n<meta name=\"robots\" content=\"index, follow, max-snippet:-1, max-image-preview:large, max-video-preview:-1\" \/>\n<link rel=\"canonical\" href=\"https:\/\/skaitytaknyga.lt\/en\/produktas\/brigita-kupcinskiene-vyro-garderobas\/\" \/>\n<meta property=\"og:locale\" content=\"en_GB\" \/>\n<meta property=\"og:locale:alternate\" content=\"lt_LT\" \/>\n<meta property=\"og:type\" content=\"article\" \/>\n<meta property=\"og:title\" content=\"Vyro garderobas\" \/>\n<meta property=\"og:description\" content=\"\u0160i knyga neb\u016bt\u0173 i\u0161vydusi pasaulio, jei ne vyri\u0161kos pastabos apie tokios literat\u016bros tr\u016bkum\u0105 Lietuvoje ir pasteb\u0117jimai apie vyr\u0173 apsipirkimo ypatumus.\" \/>\n<meta property=\"og:url\" content=\"https:\/\/skaitytaknyga.lt\/en\/produktas\/brigita-kupcinskiene-vyro-garderobas\/\" \/>\n<meta property=\"og:site_name\" content=\"Skaitytaknyga\" \/>\n<meta property=\"article:publisher\" content=\"https:\/\/www.facebook.com\/skaitytaknyga\/\" \/>\n<meta property=\"article:modified_time\" content=\"2025-11-12T15:59:08+00:00\" \/>\n<meta property=\"og:image\" content=\"https:\/\/skaitytaknyga.lt\/wp-content\/uploads\/2024\/05\/knygos-baisuoji-porele-visai-nesveikas-e1697128287999.jpg\" \/>\n\t<meta property=\"og:image:width\" content=\"283\" \/>\n\t<meta property=\"og:image:height\" content=\"399\" \/>\n\t<meta property=\"og:image:type\" content=\"image\/jpeg\" \/>\n<meta name=\"twitter:card\" content=\"summary_large_image\" \/>\n<meta name=\"twitter:label1\" content=\"Estimated reading time\" \/>\n\t<meta name=\"twitter:data1\" content=\"1 minute\" \/>\n<script type=\"application\/ld+json\" class=\"yoast-schema-graph\">{\"@context\":\"https:\/\/schema.org\",\"@graph\":[{\"@type\":\"WebPage\",\"@id\":\"https:\/\/skaitytaknyga.lt\/produktas\/brigita-kupcinskiene-vyro-garderobas\/\",\"url\":\"https:\/\/skaitytaknyga.lt\/produktas\/brigita-kupcinskiene-vyro-garderobas\/\",\"name\":\"Vyro garderobas\",\"isPartOf\":{\"@id\":\"https:\/\/skaitytaknyga.lt\/#website\"},\"primaryImageOfPage\":{\"@id\":\"https:\/\/skaitytaknyga.lt\/produktas\/brigita-kupcinskiene-vyro-garderobas\/#primaryimage\"},\"image\":{\"@id\":\"https:\/\/skaitytaknyga.lt\/produktas\/brigita-kupcinskiene-vyro-garderobas\/#primaryimage\"},\"thumbnailUrl\":\"https:\/\/skaitytaknyga.lt\/wp-content\/uploads\/2024\/05\/knygos-baisuoji-porele-visai-nesveikas-e1697128287999.jpg\",\"datePublished\":\"2024-05-04T19:32:07+00:00\",\"dateModified\":\"2025-11-12T15:59:08+00:00\",\"description\":\"\u0160i knyga neb\u016bt\u0173 i\u0161vydusi pasaulio, jei ne vyri\u0161kos pastabos apie tokios literat\u016bros tr\u016bkum\u0105 Lietuvoje ir pasteb\u0117jimai apie vyr\u0173 apsipirkimo ypatumus.\",\"breadcrumb\":{\"@id\":\"https:\/\/skaitytaknyga.lt\/produktas\/brigita-kupcinskiene-vyro-garderobas\/#breadcrumb\"},\"inLanguage\":\"en-GB\",\"potentialAction\":[{\"@type\":\"ReadAction\",\"target\":[\"https:\/\/skaitytaknyga.lt\/produktas\/brigita-kupcinskiene-vyro-garderobas\/\"]}]},{\"@type\":\"ImageObject\",\"inLanguage\":\"en-GB\",\"@id\":\"https:\/\/skaitytaknyga.lt\/produktas\/brigita-kupcinskiene-vyro-garderobas\/#primaryimage\",\"url\":\"https:\/\/skaitytaknyga.lt\/wp-content\/uploads\/2024\/05\/knygos-baisuoji-porele-visai-nesveikas-e1697128287999.jpg\",\"contentUrl\":\"https:\/\/skaitytaknyga.lt\/wp-content\/uploads\/2024\/05\/knygos-baisuoji-porele-visai-nesveikas-e1697128287999.jpg\",\"width\":283,\"height\":399},{\"@type\":\"BreadcrumbList\",\"@id\":\"https:\/\/skaitytaknyga.lt\/produktas\/brigita-kupcinskiene-vyro-garderobas\/#breadcrumb\",\"itemListElement\":[{\"@type\":\"ListItem\",\"position\":1,\"name\":\"Home\",\"item\":\"https:\/\/skaitytaknyga.lt\/\"},{\"@type\":\"ListItem\",\"position\":2,\"name\":\"Parduotuv\u0117\",\"item\":\"https:\/\/skaitytaknyga.lt\/knygu-parduotuve\/\"},{\"@type\":\"ListItem\",\"position\":3,\"name\":\"Vyro garderobas\"}]},{\"@type\":\"WebSite\",\"@id\":\"https:\/\/skaitytaknyga.lt\/#website\",\"url\":\"https:\/\/skaitytaknyga.lt\/\",\"name\":\"skaitytaknyga.lt\",\"description\":\"Skaitytaknyga.lt \u2013 tai ma\u017eas \u0161eimos verslas, kuris prasid\u0117jo nuo meil\u0117s knygoms ir siekio i\u0161gelb\u0117ti knygas nuo likimo prie konteinerio. Kas vienam nereikalingas daiktas \u2013 kitam lobis, o mes esame tarpininkai, kurie padeda abiems tapti laimingesniems ???? \u017dinome kaip nelengva i\u0161gyventi ma\u017eiems verslams, tad nuo \u0161iol, \u010dia rasite ir kit\u0173, ma\u017e\u0173 \u0161eim\u0173 versl\u0173, rank\u0173 darbo, dovan\u0173 sau ir artimiesiems.\",\"publisher\":{\"@id\":\"https:\/\/skaitytaknyga.lt\/#organization\"},\"potentialAction\":[{\"@type\":\"SearchAction\",\"target\":{\"@type\":\"EntryPoint\",\"urlTemplate\":\"https:\/\/skaitytaknyga.lt\/?s={search_term_string}\"},\"query-input\":{\"@type\":\"PropertyValueSpecification\",\"valueRequired\":true,\"valueName\":\"search_term_string\"}}],\"inLanguage\":\"en-GB\"},{\"@type\":\"Organization\",\"@id\":\"https:\/\/skaitytaknyga.lt\/#organization\",\"name\":\"skaitytaknyga.lt\",\"url\":\"https:\/\/skaitytaknyga.lt\/\",\"logo\":{\"@type\":\"ImageObject\",\"inLanguage\":\"en-GB\",\"@id\":\"https:\/\/skaitytaknyga.lt\/#\/schema\/logo\/image\/\",\"url\":\"https:\/\/skaitytaknyga.lt\/wp-content\/uploads\/2024\/05\/cropped-cropped-cropped-02_00843_jt3bggkj1j3HLc7SyY6rEUpg.jpeg\",\"contentUrl\":\"https:\/\/skaitytaknyga.lt\/wp-content\/uploads\/2024\/05\/cropped-cropped-cropped-02_00843_jt3bggkj1j3HLc7SyY6rEUpg.jpeg\",\"width\":1600,\"height\":1600,\"caption\":\"skaitytaknyga.lt\"},\"image\":{\"@id\":\"https:\/\/skaitytaknyga.lt\/#\/schema\/logo\/image\/\"},\"sameAs\":[\"https:\/\/www.facebook.com\/skaitytaknyga\/\"]}]}<\/script>\n<!-- \/ Yoast SEO plugin. -->","yoast_head_json":{"title":"Vyro garderobas","description":"\u0160i knyga neb\u016bt\u0173 i\u0161vydusi pasaulio, jei ne vyri\u0161kos pastabos apie tokios literat\u016bros tr\u016bkum\u0105 Lietuvoje ir pasteb\u0117jimai apie vyr\u0173 apsipirkimo ypatumus.","robots":{"index":"index","follow":"follow","max-snippet":"max-snippet:-1","max-image-preview":"max-image-preview:large","max-video-preview":"max-video-preview:-1"},"canonical":"https:\/\/skaitytaknyga.lt\/en\/produktas\/brigita-kupcinskiene-vyro-garderobas\/","og_locale":"en_GB","og_type":"article","og_title":"[:lt]Vyro garderobas[:] - Skaitytaknyga","og_description":"\u0160i knyga neb\u016bt\u0173 i\u0161vydusi pasaulio, jei ne vyri\u0161kos pastabos apie tokios literat\u016bros tr\u016bkum\u0105 Lietuvoje ir pasteb\u0117jimai apie vyr\u0173 apsipirkimo ypatumus.","og_url":"https:\/\/skaitytaknyga.lt\/en\/produktas\/brigita-kupcinskiene-vyro-garderobas\/","og_site_name":"Skaitytaknyga","article_publisher":"https:\/\/www.facebook.com\/skaitytaknyga\/","article_modified_time":"2025-11-12T15:59:08+00:00","og_image":[{"width":283,"height":399,"url":"https:\/\/skaitytaknyga.lt\/wp-content\/uploads\/2024\/05\/knygos-baisuoji-porele-visai-nesveikas-e1697128287999.jpg","type":"image\/jpeg"}],"twitter_card":"summary_large_image","twitter_misc":{"Estimated reading time":"1 minute"},"schema":{"@context":"https:\/\/schema.org","@graph":[{"@type":"WebPage","@id":"https:\/\/skaitytaknyga.lt\/produktas\/brigita-kupcinskiene-vyro-garderobas\/","url":"https:\/\/skaitytaknyga.lt\/produktas\/brigita-kupcinskiene-vyro-garderobas\/","name":"Vyro garderobas","isPartOf":{"@id":"https:\/\/skaitytaknyga.lt\/#website"},"primaryImageOfPage":{"@id":"https:\/\/skaitytaknyga.lt\/produktas\/brigita-kupcinskiene-vyro-garderobas\/#primaryimage"},"image":{"@id":"https:\/\/skaitytaknyga.lt\/produktas\/brigita-kupcinskiene-vyro-garderobas\/#primaryimage"},"thumbnailUrl":"https:\/\/skaitytaknyga.lt\/wp-content\/uploads\/2024\/05\/knygos-baisuoji-porele-visai-nesveikas-e1697128287999.jpg","datePublished":"2024-05-04T19:32:07+00:00","dateModified":"2025-11-12T15:59:08+00:00","description":"\u0160i knyga neb\u016bt\u0173 i\u0161vydusi pasaulio, jei ne vyri\u0161kos pastabos apie tokios literat\u016bros tr\u016bkum\u0105 Lietuvoje ir pasteb\u0117jimai apie vyr\u0173 apsipirkimo ypatumus.","breadcrumb":{"@id":"https:\/\/skaitytaknyga.lt\/produktas\/brigita-kupcinskiene-vyro-garderobas\/#breadcrumb"},"inLanguage":"en-GB","potentialAction":[{"@type":"ReadAction","target":["https:\/\/skaitytaknyga.lt\/produktas\/brigita-kupcinskiene-vyro-garderobas\/"]}]},{"@type":"ImageObject","inLanguage":"en-GB","@id":"https:\/\/skaitytaknyga.lt\/produktas\/brigita-kupcinskiene-vyro-garderobas\/#primaryimage","url":"https:\/\/skaitytaknyga.lt\/wp-content\/uploads\/2024\/05\/knygos-baisuoji-porele-visai-nesveikas-e1697128287999.jpg","contentUrl":"https:\/\/skaitytaknyga.lt\/wp-content\/uploads\/2024\/05\/knygos-baisuoji-porele-visai-nesveikas-e1697128287999.jpg","width":283,"height":399},{"@type":"BreadcrumbList","@id":"https:\/\/skaitytaknyga.lt\/produktas\/brigita-kupcinskiene-vyro-garderobas\/#breadcrumb","itemListElement":[{"@type":"ListItem","position":1,"name":"Home","item":"https:\/\/skaitytaknyga.lt\/"},{"@type":"ListItem","position":2,"name":"Parduotuv\u0117","item":"https:\/\/skaitytaknyga.lt\/knygu-parduotuve\/"},{"@type":"ListItem","position":3,"name":"Vyro garderobas"}]},{"@type":"WebSite","@id":"https:\/\/skaitytaknyga.lt\/#website","url":"https:\/\/skaitytaknyga.lt\/","name":"skaitytaknyga.lt","description":"Skaitytaknyga.lt \u2013 tai ma\u017eas \u0161eimos verslas, kuris prasid\u0117jo nuo meil\u0117s knygoms ir siekio i\u0161gelb\u0117ti knygas nuo likimo prie konteinerio. Kas vienam nereikalingas daiktas \u2013 kitam lobis, o mes esame tarpininkai, kurie padeda abiems tapti laimingesniems ???? \u017dinome kaip nelengva i\u0161gyventi ma\u017eiems verslams, tad nuo \u0161iol, \u010dia rasite ir kit\u0173, ma\u017e\u0173 \u0161eim\u0173 versl\u0173, rank\u0173 darbo, dovan\u0173 sau ir artimiesiems.","publisher":{"@id":"https:\/\/skaitytaknyga.lt\/#organization"},"potentialAction":[{"@type":"SearchAction","target":{"@type":"EntryPoint","urlTemplate":"https:\/\/skaitytaknyga.lt\/?s={search_term_string}"},"query-input":{"@type":"PropertyValueSpecification","valueRequired":true,"valueName":"search_term_string"}}],"inLanguage":"en-GB"},{"@type":"Organization","@id":"https:\/\/skaitytaknyga.lt\/#organization","name":"skaitytaknyga.lt","url":"https:\/\/skaitytaknyga.lt\/","logo":{"@type":"ImageObject","inLanguage":"en-GB","@id":"https:\/\/skaitytaknyga.lt\/#\/schema\/logo\/image\/","url":"https:\/\/skaitytaknyga.lt\/wp-content\/uploads\/2024\/05\/cropped-cropped-cropped-02_00843_jt3bggkj1j3HLc7SyY6rEUpg.jpeg","contentUrl":"https:\/\/skaitytaknyga.lt\/wp-content\/uploads\/2024\/05\/cropped-cropped-cropped-02_00843_jt3bggkj1j3HLc7SyY6rEUpg.jpeg","width":1600,"height":1600,"caption":"skaitytaknyga.lt"},"image":{"@id":"https:\/\/skaitytaknyga.lt\/#\/schema\/logo\/image\/"},"sameAs":["https:\/\/www.facebook.com\/skaitytaknyga\/"]}]}},"_links":{"self":[{"href":"https:\/\/skaitytaknyga.lt\/en\/wp-json\/wp\/v2\/product\/11152","targetHints":{"allow":["GET"]}}],"collection":[{"href":"https:\/\/skaitytaknyga.lt\/en\/wp-json\/wp\/v2\/product"}],"about":[{"href":"https:\/\/skaitytaknyga.lt\/en\/wp-json\/wp\/v2\/types\/product"}],"replies":[{"embeddable":true,"href":"https:\/\/skaitytaknyga.lt\/en\/wp-json\/wp\/v2\/comments?post=11152"}],"wp:featuredmedia":[{"embeddable":true,"href":"https:\/\/skaitytaknyga.lt\/en\/wp-json\/wp\/v2\/media\/11190"}],"wp:attachment":[{"href":"https:\/\/skaitytaknyga.lt\/en\/wp-json\/wp\/v2\/media?parent=11152"}],"wp:term":[{"taxonomy":"product_brand","embeddable":true,"href":"https:\/\/skaitytaknyga.lt\/en\/wp-json\/wp\/v2\/product_brand?post=11152"},{"taxonomy":"product_cat","embeddable":true,"href":"https:\/\/skaitytaknyga.lt\/en\/wp-json\/wp\/v2\/product_cat?post=11152"},{"taxonomy":"product_tag","embeddable":true,"href":"https:\/\/skaitytaknyga.lt\/en\/wp-json\/wp\/v2\/product_tag?post=11152"}],"curies":[{"name":"wp","href":"https:\/\/api.w.org\/{rel}","templated":true}]}}