{"id":11151,"date":"2024-05-04T19:32:07","date_gmt":"2024-05-04T19:32:07","guid":{"rendered":"https:\/\/skaitytaknyga.lt\/?post_type=product&#038;p=11151"},"modified":"2024-05-04T19:35:27","modified_gmt":"2024-05-04T19:35:27","slug":"paul-van-loon-tamsta-varliuspagrauzti-apatiniai-kampukai","status":"publish","type":"product","link":"https:\/\/skaitytaknyga.lt\/en\/produktas\/paul-van-loon-tamsta-varliuspagrauzti-apatiniai-kampukai\/","title":{"rendered":"Paul van Loon &#8220;Tamsta varlius&#8221;\n(pagrau\u017eti apatiniai kampukai)"},"content":{"rendered":"<p>Mokytojas Fransas susid\u0117jo rankas ant kr\u016btin\u0117s.<\/p>\n<p>\u2012 Esu ne toks, kaip kiti \u017emon\u0117s. Nors da\u017eniausiai atrodau taip, kaip dabar mane matote. Kartais a\u0161 pasikei\u010diu.<\/p>\n<p>\u2012 J\u016bs pasikei\u010diat? Kaip?! \u2012 su\u0161uko Denisas, Sitos suolo draugas.<\/p>\n<p>\u2012 Tikiuosi, nevirstat vilkolakiu, \u2012 leptel\u0117jo Vauteris.<\/p>\n<p>\u2012 Nevaidink visa\u017einio, \u2012 atkirto jam mokytojas. \u2012 Vilkolaki\u0173 b\u016bna tik siaubo filmuose ir Paulo van Lono knygose. Bet tu per jaunas, kad jas skaitytum. Nee, paslaptis visai kitokia&#8230;<\/p>\n<p>Visi mokiniai dr\u0105siai patikins \u2013 mokytojas Fransas \u2013 \u0161auniausias ir linksmiausias mokytojas visoje mokykloje! Bet, pasirodo, jis slepia did\u017eiul\u0119 ir ne\u012ftik\u0117tin\u0105 paslapt\u012f. Paai\u0161k\u0117ja, kad mokytojas ne tik \u0161aunus, bet ir i\u0161ties stebuklingas. Ir kad jam gresia rimtas pavojus. Mokini\u0173 pagalba b\u016bt\u0173 tikrai ne pro \u0161al\u012f!<\/p>\n","protected":false},"excerpt":{"rendered":"<p>Mokytojas Fransas susid\u0117jo rankas ant kr\u016btin\u0117s. \u2012 Esu ne toks, kaip kiti \u017emon\u0117s. Nors da\u017eniausiai atrodau taip, kaip dabar mane matote. Kartais a\u0161 pasikei\u010diu. \u2012 J\u016bs pasikei\u010diat? Kaip?! \u2012 su\u0161uko Denisas, Sitos suolo draugas. \u2012 Tikiuosi, nevirstat vilkolakiu, \u2012 leptel\u0117jo Vauteris. \u2012 Nevaidink visa\u017einio, \u2012 atkirto jam mokytojas. \u2012 Vilkolaki\u0173 b\u016bna tik siaubo filmuose ir Paulo van Lono knygose. Bet tu per jaunas, kad jas skaitytum. Nee, paslaptis visai kitokia&#8230; Visi mokiniai dr\u0105siai patikins \u2013 mokytojas Fransas \u2013 \u0161auniausias ir linksmiausias mokytojas visoje mokykloje! Bet, pasirodo, jis slepia did\u017eiul\u0119 ir ne\u012ftik\u0117tin\u0105 paslapt\u012f. Paai\u0161k\u0117ja, kad mokytojas ne tik \u0161aunus, bet ir i\u0161ties stebuklingas. Ir kad jam gresia rimtas pavojus. Mokini\u0173 pagalba b\u016bt\u0173 tikrai ne pro \u0161al\u012f!<\/p>\n","protected":false},"featured_media":11189,"comment_status":"open","ping_status":"closed","template":"","meta":{"_acf_changed":false,"site-sidebar-layout":"default","site-content-layout":"","ast-site-content-layout":"default","site-content-style":"default","site-sidebar-style":"default","ast-global-header-display":"","ast-banner-title-visibility":"","ast-main-header-display":"","ast-hfb-above-header-display":"","ast-hfb-below-header-display":"","ast-hfb-mobile-header-display":"","site-post-title":"","ast-breadcrumbs-content":"","ast-featured-img":"","footer-sml-layout":"","ast-disable-related-posts":"","theme-transparent-header-meta":"","adv-header-id-meta":"","stick-header-meta":"","header-above-stick-meta":"","header-main-stick-meta":"","header-below-stick-meta":"","astra-migrate-meta-layouts":"default","ast-page-background-enabled":"default","ast-page-background-meta":{"desktop":{"background-color":"","background-image":"","background-repeat":"repeat","background-position":"center center","background-size":"auto","background-attachment":"scroll","background-type":"","background-media":"","overlay-type":"","overlay-color":"","overlay-opacity":"","overlay-gradient":""},"tablet":{"background-color":"","background-image":"","background-repeat":"repeat","background-position":"center center","background-size":"auto","background-attachment":"scroll","background-type":"","background-media":"","overlay-type":"","overlay-color":"","overlay-opacity":"","overlay-gradient":""},"mobile":{"background-color":"","background-image":"","background-repeat":"repeat","background-position":"center center","background-size":"auto","background-attachment":"scroll","background-type":"","background-media":"","overlay-type":"","overlay-color":"","overlay-opacity":"","overlay-gradient":""}},"ast-content-background-meta":{"desktop":{"background-color":"var(--ast-global-color-4)","background-image":"","background-repeat":"repeat","background-position":"center center","background-size":"auto","background-attachment":"scroll","background-type":"","background-media":"","overlay-type":"","overlay-color":"","overlay-opacity":"","overlay-gradient":""},"tablet":{"background-color":"var(--ast-global-color-4)","background-image":"","background-repeat":"repeat","background-position":"center center","background-size":"auto","background-attachment":"scroll","background-type":"","background-media":"","overlay-type":"","overlay-color":"","overlay-opacity":"","overlay-gradient":""},"mobile":{"background-color":"var(--ast-global-color-4)","background-image":"","background-repeat":"repeat","background-position":"center center","background-size":"auto","background-attachment":"scroll","background-type":"","background-media":"","overlay-type":"","overlay-color":"","overlay-opacity":"","overlay-gradient":""}}},"product_brand":[],"product_cat":[35],"product_tag":[],"class_list":{"0":"post-11151","1":"product","2":"type-product","3":"status-publish","4":"has-post-thumbnail","6":"product_cat-vaikams-ir-paaugliams","7":"desktop-align-left","8":"tablet-align-left","9":"mobile-align-left","11":"first","12":"outofstock","13":"shipping-taxable","14":"purchasable","15":"product-type-simple"},"acf":[],"yoast_head":"<!-- This site is optimized with the Yoast SEO plugin v27.0 - https:\/\/yoast.com\/product\/yoast-seo-wordpress\/ -->\n<title>Paul van Loon &quot;Tamsta varlius&quot; (pagrau\u017eti apatiniai kampukai) - Skaitytaknyga<\/title>\n<meta name=\"description\" content=\"Mokytojas Fransas susid\u0117jo rankas ant kr\u016btin\u0117s. \u2012 Esu ne toks, kaip kiti \u017emon\u0117s. Nors da\u017eniausiai atrodau taip, kaip dabar mane matote. Kartais a\u0161\" \/>\n<meta name=\"robots\" content=\"index, follow, max-snippet:-1, max-image-preview:large, max-video-preview:-1\" \/>\n<link rel=\"canonical\" href=\"https:\/\/skaitytaknyga.lt\/en\/produktas\/paul-van-loon-tamsta-varliuspagrauzti-apatiniai-kampukai\/\" \/>\n<meta property=\"og:locale\" content=\"en_GB\" \/>\n<meta property=\"og:locale:alternate\" content=\"lt_LT\" \/>\n<meta property=\"og:type\" content=\"article\" \/>\n<meta property=\"og:title\" content=\"Paul van Loon &quot;Tamsta varlius&quot; (pagrau\u017eti apatiniai kampukai) - Skaitytaknyga\" \/>\n<meta property=\"og:description\" content=\"Mokytojas Fransas susid\u0117jo rankas ant kr\u016btin\u0117s. \u2012 Esu ne toks, kaip kiti \u017emon\u0117s. Nors da\u017eniausiai atrodau taip, kaip dabar mane matote. Kartais a\u0161\" \/>\n<meta property=\"og:url\" content=\"https:\/\/skaitytaknyga.lt\/en\/produktas\/paul-van-loon-tamsta-varliuspagrauzti-apatiniai-kampukai\/\" \/>\n<meta property=\"og:site_name\" content=\"Skaitytaknyga\" \/>\n<meta property=\"article:publisher\" content=\"https:\/\/www.facebook.com\/skaitytaknyga\/\" \/>\n<meta property=\"article:modified_time\" content=\"2024-05-04T19:35:27+00:00\" \/>\n<meta property=\"og:image\" content=\"https:\/\/skaitytaknyga.lt\/wp-content\/uploads\/2024\/05\/1000010537.jpg\" \/>\n\t<meta property=\"og:image:width\" content=\"1000\" \/>\n\t<meta property=\"og:image:height\" content=\"1000\" \/>\n\t<meta property=\"og:image:type\" content=\"image\/jpeg\" \/>\n<meta name=\"twitter:card\" content=\"summary_large_image\" \/>\n<meta name=\"twitter:label1\" content=\"Estimated reading time\" \/>\n\t<meta name=\"twitter:data1\" content=\"1 minute\" \/>\n<script type=\"application\/ld+json\" class=\"yoast-schema-graph\">{\"@context\":\"https:\/\/schema.org\",\"@graph\":[{\"@type\":\"WebPage\",\"@id\":\"https:\/\/skaitytaknyga.lt\/produktas\/paul-van-loon-tamsta-varliuspagrauzti-apatiniai-kampukai\/\",\"url\":\"https:\/\/skaitytaknyga.lt\/produktas\/paul-van-loon-tamsta-varliuspagrauzti-apatiniai-kampukai\/\",\"name\":\"Paul van Loon \\\"Tamsta varlius\\\" (pagrau\u017eti apatiniai kampukai) - Skaitytaknyga\",\"isPartOf\":{\"@id\":\"https:\/\/skaitytaknyga.lt\/#website\"},\"primaryImageOfPage\":{\"@id\":\"https:\/\/skaitytaknyga.lt\/produktas\/paul-van-loon-tamsta-varliuspagrauzti-apatiniai-kampukai\/#primaryimage\"},\"image\":{\"@id\":\"https:\/\/skaitytaknyga.lt\/produktas\/paul-van-loon-tamsta-varliuspagrauzti-apatiniai-kampukai\/#primaryimage\"},\"thumbnailUrl\":\"https:\/\/skaitytaknyga.lt\/wp-content\/uploads\/2024\/05\/1000010537.jpg\",\"datePublished\":\"2024-05-04T19:32:07+00:00\",\"dateModified\":\"2024-05-04T19:35:27+00:00\",\"description\":\"Mokytojas Fransas susid\u0117jo rankas ant kr\u016btin\u0117s. \u2012 Esu ne toks, kaip kiti \u017emon\u0117s. Nors da\u017eniausiai atrodau taip, kaip dabar mane matote. Kartais a\u0161\",\"breadcrumb\":{\"@id\":\"https:\/\/skaitytaknyga.lt\/produktas\/paul-van-loon-tamsta-varliuspagrauzti-apatiniai-kampukai\/#breadcrumb\"},\"inLanguage\":\"en-GB\",\"potentialAction\":[{\"@type\":\"ReadAction\",\"target\":[\"https:\/\/skaitytaknyga.lt\/produktas\/paul-van-loon-tamsta-varliuspagrauzti-apatiniai-kampukai\/\"]}]},{\"@type\":\"ImageObject\",\"inLanguage\":\"en-GB\",\"@id\":\"https:\/\/skaitytaknyga.lt\/produktas\/paul-van-loon-tamsta-varliuspagrauzti-apatiniai-kampukai\/#primaryimage\",\"url\":\"https:\/\/skaitytaknyga.lt\/wp-content\/uploads\/2024\/05\/1000010537.jpg\",\"contentUrl\":\"https:\/\/skaitytaknyga.lt\/wp-content\/uploads\/2024\/05\/1000010537.jpg\",\"width\":1000,\"height\":1000},{\"@type\":\"BreadcrumbList\",\"@id\":\"https:\/\/skaitytaknyga.lt\/produktas\/paul-van-loon-tamsta-varliuspagrauzti-apatiniai-kampukai\/#breadcrumb\",\"itemListElement\":[{\"@type\":\"ListItem\",\"position\":1,\"name\":\"Home\",\"item\":\"https:\/\/skaitytaknyga.lt\/\"},{\"@type\":\"ListItem\",\"position\":2,\"name\":\"Parduotuv\u0117\",\"item\":\"https:\/\/skaitytaknyga.lt\/knygu-parduotuve\/\"},{\"@type\":\"ListItem\",\"position\":3,\"name\":\"Paul van Loon &#8220;Tamsta varlius&#8221; (pagrau\u017eti apatiniai kampukai)\"}]},{\"@type\":\"WebSite\",\"@id\":\"https:\/\/skaitytaknyga.lt\/#website\",\"url\":\"https:\/\/skaitytaknyga.lt\/\",\"name\":\"skaitytaknyga.lt\",\"description\":\"Skaitytaknyga.lt \u2013 tai ma\u017eas \u0161eimos verslas, kuris prasid\u0117jo nuo meil\u0117s knygoms ir siekio i\u0161gelb\u0117ti knygas nuo likimo prie konteinerio. Kas vienam nereikalingas daiktas \u2013 kitam lobis, o mes esame tarpininkai, kurie padeda abiems tapti laimingesniems ???? \u017dinome kaip nelengva i\u0161gyventi ma\u017eiems verslams, tad nuo \u0161iol, \u010dia rasite ir kit\u0173, ma\u017e\u0173 \u0161eim\u0173 versl\u0173, rank\u0173 darbo, dovan\u0173 sau ir artimiesiems.\",\"publisher\":{\"@id\":\"https:\/\/skaitytaknyga.lt\/#organization\"},\"potentialAction\":[{\"@type\":\"SearchAction\",\"target\":{\"@type\":\"EntryPoint\",\"urlTemplate\":\"https:\/\/skaitytaknyga.lt\/?s={search_term_string}\"},\"query-input\":{\"@type\":\"PropertyValueSpecification\",\"valueRequired\":true,\"valueName\":\"search_term_string\"}}],\"inLanguage\":\"en-GB\"},{\"@type\":\"Organization\",\"@id\":\"https:\/\/skaitytaknyga.lt\/#organization\",\"name\":\"skaitytaknyga.lt\",\"url\":\"https:\/\/skaitytaknyga.lt\/\",\"logo\":{\"@type\":\"ImageObject\",\"inLanguage\":\"en-GB\",\"@id\":\"https:\/\/skaitytaknyga.lt\/#\/schema\/logo\/image\/\",\"url\":\"https:\/\/skaitytaknyga.lt\/wp-content\/uploads\/2024\/05\/cropped-cropped-cropped-02_00843_jt3bggkj1j3HLc7SyY6rEUpg.jpeg\",\"contentUrl\":\"https:\/\/skaitytaknyga.lt\/wp-content\/uploads\/2024\/05\/cropped-cropped-cropped-02_00843_jt3bggkj1j3HLc7SyY6rEUpg.jpeg\",\"width\":1600,\"height\":1600,\"caption\":\"skaitytaknyga.lt\"},\"image\":{\"@id\":\"https:\/\/skaitytaknyga.lt\/#\/schema\/logo\/image\/\"},\"sameAs\":[\"https:\/\/www.facebook.com\/skaitytaknyga\/\"]}]}<\/script>\n<!-- \/ Yoast SEO plugin. -->","yoast_head_json":{"title":"Paul van Loon \"Tamsta varlius\" (pagrau\u017eti apatiniai kampukai) - Skaitytaknyga","description":"Mokytojas Fransas susid\u0117jo rankas ant kr\u016btin\u0117s. \u2012 Esu ne toks, kaip kiti \u017emon\u0117s. Nors da\u017eniausiai atrodau taip, kaip dabar mane matote. Kartais a\u0161","robots":{"index":"index","follow":"follow","max-snippet":"max-snippet:-1","max-image-preview":"max-image-preview:large","max-video-preview":"max-video-preview:-1"},"canonical":"https:\/\/skaitytaknyga.lt\/en\/produktas\/paul-van-loon-tamsta-varliuspagrauzti-apatiniai-kampukai\/","og_locale":"en_GB","og_type":"article","og_title":"Paul van Loon \"Tamsta varlius\" (pagrau\u017eti apatiniai kampukai) - Skaitytaknyga","og_description":"Mokytojas Fransas susid\u0117jo rankas ant kr\u016btin\u0117s. \u2012 Esu ne toks, kaip kiti \u017emon\u0117s. Nors da\u017eniausiai atrodau taip, kaip dabar mane matote. Kartais a\u0161","og_url":"https:\/\/skaitytaknyga.lt\/en\/produktas\/paul-van-loon-tamsta-varliuspagrauzti-apatiniai-kampukai\/","og_site_name":"Skaitytaknyga","article_publisher":"https:\/\/www.facebook.com\/skaitytaknyga\/","article_modified_time":"2024-05-04T19:35:27+00:00","og_image":[{"width":1000,"height":1000,"url":"https:\/\/skaitytaknyga.lt\/wp-content\/uploads\/2024\/05\/1000010537.jpg","type":"image\/jpeg"}],"twitter_card":"summary_large_image","twitter_misc":{"Estimated reading time":"1 minute"},"schema":{"@context":"https:\/\/schema.org","@graph":[{"@type":"WebPage","@id":"https:\/\/skaitytaknyga.lt\/produktas\/paul-van-loon-tamsta-varliuspagrauzti-apatiniai-kampukai\/","url":"https:\/\/skaitytaknyga.lt\/produktas\/paul-van-loon-tamsta-varliuspagrauzti-apatiniai-kampukai\/","name":"Paul van Loon \"Tamsta varlius\" (pagrau\u017eti apatiniai kampukai) - Skaitytaknyga","isPartOf":{"@id":"https:\/\/skaitytaknyga.lt\/#website"},"primaryImageOfPage":{"@id":"https:\/\/skaitytaknyga.lt\/produktas\/paul-van-loon-tamsta-varliuspagrauzti-apatiniai-kampukai\/#primaryimage"},"image":{"@id":"https:\/\/skaitytaknyga.lt\/produktas\/paul-van-loon-tamsta-varliuspagrauzti-apatiniai-kampukai\/#primaryimage"},"thumbnailUrl":"https:\/\/skaitytaknyga.lt\/wp-content\/uploads\/2024\/05\/1000010537.jpg","datePublished":"2024-05-04T19:32:07+00:00","dateModified":"2024-05-04T19:35:27+00:00","description":"Mokytojas Fransas susid\u0117jo rankas ant kr\u016btin\u0117s. \u2012 Esu ne toks, kaip kiti \u017emon\u0117s. Nors da\u017eniausiai atrodau taip, kaip dabar mane matote. Kartais a\u0161","breadcrumb":{"@id":"https:\/\/skaitytaknyga.lt\/produktas\/paul-van-loon-tamsta-varliuspagrauzti-apatiniai-kampukai\/#breadcrumb"},"inLanguage":"en-GB","potentialAction":[{"@type":"ReadAction","target":["https:\/\/skaitytaknyga.lt\/produktas\/paul-van-loon-tamsta-varliuspagrauzti-apatiniai-kampukai\/"]}]},{"@type":"ImageObject","inLanguage":"en-GB","@id":"https:\/\/skaitytaknyga.lt\/produktas\/paul-van-loon-tamsta-varliuspagrauzti-apatiniai-kampukai\/#primaryimage","url":"https:\/\/skaitytaknyga.lt\/wp-content\/uploads\/2024\/05\/1000010537.jpg","contentUrl":"https:\/\/skaitytaknyga.lt\/wp-content\/uploads\/2024\/05\/1000010537.jpg","width":1000,"height":1000},{"@type":"BreadcrumbList","@id":"https:\/\/skaitytaknyga.lt\/produktas\/paul-van-loon-tamsta-varliuspagrauzti-apatiniai-kampukai\/#breadcrumb","itemListElement":[{"@type":"ListItem","position":1,"name":"Home","item":"https:\/\/skaitytaknyga.lt\/"},{"@type":"ListItem","position":2,"name":"Parduotuv\u0117","item":"https:\/\/skaitytaknyga.lt\/knygu-parduotuve\/"},{"@type":"ListItem","position":3,"name":"Paul van Loon &#8220;Tamsta varlius&#8221; (pagrau\u017eti apatiniai kampukai)"}]},{"@type":"WebSite","@id":"https:\/\/skaitytaknyga.lt\/#website","url":"https:\/\/skaitytaknyga.lt\/","name":"skaitytaknyga.lt","description":"Skaitytaknyga.lt \u2013 tai ma\u017eas \u0161eimos verslas, kuris prasid\u0117jo nuo meil\u0117s knygoms ir siekio i\u0161gelb\u0117ti knygas nuo likimo prie konteinerio. Kas vienam nereikalingas daiktas \u2013 kitam lobis, o mes esame tarpininkai, kurie padeda abiems tapti laimingesniems ???? \u017dinome kaip nelengva i\u0161gyventi ma\u017eiems verslams, tad nuo \u0161iol, \u010dia rasite ir kit\u0173, ma\u017e\u0173 \u0161eim\u0173 versl\u0173, rank\u0173 darbo, dovan\u0173 sau ir artimiesiems.","publisher":{"@id":"https:\/\/skaitytaknyga.lt\/#organization"},"potentialAction":[{"@type":"SearchAction","target":{"@type":"EntryPoint","urlTemplate":"https:\/\/skaitytaknyga.lt\/?s={search_term_string}"},"query-input":{"@type":"PropertyValueSpecification","valueRequired":true,"valueName":"search_term_string"}}],"inLanguage":"en-GB"},{"@type":"Organization","@id":"https:\/\/skaitytaknyga.lt\/#organization","name":"skaitytaknyga.lt","url":"https:\/\/skaitytaknyga.lt\/","logo":{"@type":"ImageObject","inLanguage":"en-GB","@id":"https:\/\/skaitytaknyga.lt\/#\/schema\/logo\/image\/","url":"https:\/\/skaitytaknyga.lt\/wp-content\/uploads\/2024\/05\/cropped-cropped-cropped-02_00843_jt3bggkj1j3HLc7SyY6rEUpg.jpeg","contentUrl":"https:\/\/skaitytaknyga.lt\/wp-content\/uploads\/2024\/05\/cropped-cropped-cropped-02_00843_jt3bggkj1j3HLc7SyY6rEUpg.jpeg","width":1600,"height":1600,"caption":"skaitytaknyga.lt"},"image":{"@id":"https:\/\/skaitytaknyga.lt\/#\/schema\/logo\/image\/"},"sameAs":["https:\/\/www.facebook.com\/skaitytaknyga\/"]}]}},"_links":{"self":[{"href":"https:\/\/skaitytaknyga.lt\/en\/wp-json\/wp\/v2\/product\/11151","targetHints":{"allow":["GET"]}}],"collection":[{"href":"https:\/\/skaitytaknyga.lt\/en\/wp-json\/wp\/v2\/product"}],"about":[{"href":"https:\/\/skaitytaknyga.lt\/en\/wp-json\/wp\/v2\/types\/product"}],"replies":[{"embeddable":true,"href":"https:\/\/skaitytaknyga.lt\/en\/wp-json\/wp\/v2\/comments?post=11151"}],"wp:featuredmedia":[{"embeddable":true,"href":"https:\/\/skaitytaknyga.lt\/en\/wp-json\/wp\/v2\/media\/11189"}],"wp:attachment":[{"href":"https:\/\/skaitytaknyga.lt\/en\/wp-json\/wp\/v2\/media?parent=11151"}],"wp:term":[{"taxonomy":"product_brand","embeddable":true,"href":"https:\/\/skaitytaknyga.lt\/en\/wp-json\/wp\/v2\/product_brand?post=11151"},{"taxonomy":"product_cat","embeddable":true,"href":"https:\/\/skaitytaknyga.lt\/en\/wp-json\/wp\/v2\/product_cat?post=11151"},{"taxonomy":"product_tag","embeddable":true,"href":"https:\/\/skaitytaknyga.lt\/en\/wp-json\/wp\/v2\/product_tag?post=11151"}],"curies":[{"name":"wp","href":"https:\/\/api.w.org\/{rel}","templated":true}]}}