{"id":11146,"date":"2024-05-04T22:31:45","date_gmt":"2024-05-04T19:31:45","guid":{"rendered":"https:\/\/skaitytaknyga.lt\/?post_type=product&#038;p=11146"},"modified":"2025-04-22T12:43:41","modified_gmt":"2025-04-22T09:43:41","slug":"vladimir-levi-menas-buti-kitu","status":"publish","type":"product","link":"https:\/\/skaitytaknyga.lt\/en\/produktas\/vladimir-levi-menas-buti-kitu\/","title":{"rendered":"Vladimir Levi &#8220;Menas b\u016bti kitu&#8221; (yra skaitymo \u017eymi\u0173)"},"content":{"rendered":"<p>Ne\u017einau, ar b\u016b\u010diau tap\u0119s psichoterapeutu, jei ne laiku perskaitytos Vladimiro Levio knygos. Ne\u017einau, ar kada b\u016b\u010diau patik\u0117j\u0119s, kad mano tuomet\u0117s problemos prilygsta milijono kit\u0173 \u017emoni\u0173 problemoms. Ne\u017einau, ar mano vedybinis gyvenimas b\u016bt\u0173 toks, koks yra dabar. \u0160ios knygos neverta skaityti tiems patologi\u0161kai sveikiems \u017emon\u0117ms, kurie mano esantys nepajudinamai tvirti kietuoliai. Ji skirta \u017emon\u0117ms, pavargusiems apgaudin\u0117ti save. Tiems, kurie nori nebesijausti omegomis \u2013 asmenyb\u0117mis, nuolat atsidurian\u010diomis eil\u0117s gale. Tiems, kurie manosi es\u0105 ne tokie, kaip tik\u0117josi t\u0117vai ar vis dar tikisi visuomen\u0117. \u0160i knyga pravers ir psichoterapijos specialistams, nes, pasak m\u016bs\u0173 korif\u0117jaus daktaro A. Aleksei\u010diko, \u201etikras psichoterapeutas turi b\u016bti ar\u010diau ligoni\u0173, o ne sveik\u0173j\u0173\u201c. Galb\u016bt esama skaitytoj\u0173, netikin\u010di\u0173, kad kas nors gali juos suprasti. Ta\u010diau Vladimiras Levis ra\u0161o taip, kad pradedi tik\u0117ti psichoterapija ir jos galia. Dr. V. Levio knyga \u2013 tai gydomoji mikst\u016bra, gausi pavyzd\u017ei\u0173 i\u0161 praktikos su \u017eiupsniu poezijos, valgomuoju \u0161auk\u0161tu humoro ir stikline optimizmo. Patariama visk\u0105 sumai\u0161yti ir skaityti po penkis puslapius prie\u0161 mieg\u0105! Psichoterapeutas Olegas Lapinas<\/p>\n","protected":false},"excerpt":{"rendered":"<p>Ne\u017einau, ar b\u016b\u010diau tap\u0119s psichoterapeutu, jei ne laiku perskaitytos Vladimiro Levio knygos. Ne\u017einau, ar kada b\u016b\u010diau patik\u0117j\u0119s, kad mano tuomet\u0117s problemos prilygsta milijono kit\u0173 \u017emoni\u0173 problemoms. Ne\u017einau, ar mano vedybinis gyvenimas b\u016bt\u0173 toks, koks yra dabar. \u0160ios knygos neverta skaityti tiems patologi\u0161kai sveikiems \u017emon\u0117ms, kurie mano esantys nepajudinamai tvirti kietuoliai. Ji skirta \u017emon\u0117ms, pavargusiems apgaudin\u0117ti save. Tiems, kurie nori nebesijausti omegomis \u2013 asmenyb\u0117mis, nuolat atsidurian\u010diomis eil\u0117s gale. Tiems, kurie manosi es\u0105 ne tokie, kaip tik\u0117josi t\u0117vai ar vis dar tikisi visuomen\u0117. \u0160i knyga pravers ir psichoterapijos specialistams, nes, pasak m\u016bs\u0173 korif\u0117jaus daktaro A. Aleksei\u010diko, \u201etikras psichoterapeutas turi b\u016bti ar\u010diau ligoni\u0173, o ne sveik\u0173j\u0173\u201c. Galb\u016bt esama skaitytoj\u0173, netikin\u010di\u0173, kad kas nors gali juos suprasti. Ta\u010diau Vladimiras Levis ra\u0161o taip, kad pradedi tik\u0117ti psichoterapija ir jos galia. Dr. V. Levio knyga \u2013 tai gydomoji mikst\u016bra, gausi pavyzd\u017ei\u0173 i\u0161 praktikos su \u017eiupsniu poezijos, valgomuoju \u0161auk\u0161tu humoro ir stikline optimizmo. Patariama visk\u0105 sumai\u0161yti ir skaityti po penkis puslapius prie\u0161 mieg\u0105! Psichoterapeutas Olegas Lapinas<\/p>\n","protected":false},"featured_media":11187,"comment_status":"closed","ping_status":"closed","template":"","meta":{"_acf_changed":false,"site-sidebar-layout":"default","site-content-layout":"","ast-site-content-layout":"default","site-content-style":"default","site-sidebar-style":"default","ast-global-header-display":"","ast-banner-title-visibility":"","ast-main-header-display":"","ast-hfb-above-header-display":"","ast-hfb-below-header-display":"","ast-hfb-mobile-header-display":"","site-post-title":"","ast-breadcrumbs-content":"","ast-featured-img":"","footer-sml-layout":"","ast-disable-related-posts":"","theme-transparent-header-meta":"","adv-header-id-meta":"","stick-header-meta":"","header-above-stick-meta":"","header-main-stick-meta":"","header-below-stick-meta":"","astra-migrate-meta-layouts":"default","ast-page-background-enabled":"default","ast-page-background-meta":{"desktop":{"background-color":"","background-image":"","background-repeat":"repeat","background-position":"center center","background-size":"auto","background-attachment":"scroll","background-type":"","background-media":"","overlay-type":"","overlay-color":"","overlay-opacity":"","overlay-gradient":""},"tablet":{"background-color":"","background-image":"","background-repeat":"repeat","background-position":"center center","background-size":"auto","background-attachment":"scroll","background-type":"","background-media":"","overlay-type":"","overlay-color":"","overlay-opacity":"","overlay-gradient":""},"mobile":{"background-color":"","background-image":"","background-repeat":"repeat","background-position":"center center","background-size":"auto","background-attachment":"scroll","background-type":"","background-media":"","overlay-type":"","overlay-color":"","overlay-opacity":"","overlay-gradient":""}},"ast-content-background-meta":{"desktop":{"background-color":"var(--ast-global-color-4)","background-image":"","background-repeat":"repeat","background-position":"center center","background-size":"auto","background-attachment":"scroll","background-type":"","background-media":"","overlay-type":"","overlay-color":"","overlay-opacity":"","overlay-gradient":""},"tablet":{"background-color":"var(--ast-global-color-4)","background-image":"","background-repeat":"repeat","background-position":"center center","background-size":"auto","background-attachment":"scroll","background-type":"","background-media":"","overlay-type":"","overlay-color":"","overlay-opacity":"","overlay-gradient":""},"mobile":{"background-color":"var(--ast-global-color-4)","background-image":"","background-repeat":"repeat","background-position":"center center","background-size":"auto","background-attachment":"scroll","background-type":"","background-media":"","overlay-type":"","overlay-color":"","overlay-opacity":"","overlay-gradient":""}}},"product_brand":[],"product_cat":[30],"product_tag":[],"class_list":{"0":"post-11146","1":"product","2":"type-product","3":"status-publish","4":"has-post-thumbnail","6":"product_cat-psichologija-ir-saviugda","7":"desktop-align-left","8":"tablet-align-left","9":"mobile-align-left","11":"first","12":"outofstock","13":"shipping-taxable","14":"purchasable","15":"product-type-simple"},"acf":[],"yoast_head":"<!-- This site is optimized with the Yoast SEO plugin v27.0 - https:\/\/yoast.com\/product\/yoast-seo-wordpress\/ -->\n<title>Vladimir Levi &quot;Menas b\u016bti kitu&quot; (yra skaitymo \u017eymi\u0173)<\/title>\n<meta name=\"description\" content=\"Ne\u017einau, ar b\u016b\u010diau tap\u0119s psichoterapeutu, jei ne laiku perskaitytos Vladimiro Levio knygos. Ne\u017einau, ar kada b\u016b\u010diau patik\u0117j\u0119s, kad mano tuomet\u0117s problemos\" \/>\n<meta name=\"robots\" content=\"index, follow, max-snippet:-1, max-image-preview:large, max-video-preview:-1\" \/>\n<link rel=\"canonical\" href=\"https:\/\/skaitytaknyga.lt\/en\/produktas\/vladimir-levi-menas-buti-kitu\/\" \/>\n<meta property=\"og:locale\" content=\"en_GB\" \/>\n<meta property=\"og:locale:alternate\" content=\"lt_LT\" \/>\n<meta property=\"og:type\" content=\"article\" \/>\n<meta property=\"og:title\" content=\"Vladimir Levi &quot;Menas b\u016bti kitu&quot; (yra skaitymo \u017eymi\u0173)\" \/>\n<meta property=\"og:description\" content=\"Ne\u017einau, ar b\u016b\u010diau tap\u0119s psichoterapeutu, jei ne laiku perskaitytos Vladimiro Levio knygos. Ne\u017einau, ar kada b\u016b\u010diau patik\u0117j\u0119s, kad mano tuomet\u0117s problemos\" \/>\n<meta property=\"og:url\" content=\"https:\/\/skaitytaknyga.lt\/en\/produktas\/vladimir-levi-menas-buti-kitu\/\" \/>\n<meta property=\"og:site_name\" content=\"Skaitytaknyga\" \/>\n<meta property=\"article:publisher\" content=\"https:\/\/www.facebook.com\/skaitytaknyga\/\" \/>\n<meta property=\"article:modified_time\" content=\"2025-04-22T09:43:41+00:00\" \/>\n<meta property=\"og:image\" content=\"https:\/\/skaitytaknyga.lt\/wp-content\/uploads\/2024\/05\/1000010535.jpg\" \/>\n\t<meta property=\"og:image:width\" content=\"284\" \/>\n\t<meta property=\"og:image:height\" content=\"450\" \/>\n\t<meta property=\"og:image:type\" content=\"image\/jpeg\" \/>\n<meta name=\"twitter:card\" content=\"summary_large_image\" \/>\n<meta name=\"twitter:label1\" content=\"Estimated reading time\" \/>\n\t<meta name=\"twitter:data1\" content=\"1 minute\" \/>\n<script type=\"application\/ld+json\" class=\"yoast-schema-graph\">{\"@context\":\"https:\/\/schema.org\",\"@graph\":[{\"@type\":\"WebPage\",\"@id\":\"https:\/\/skaitytaknyga.lt\/produktas\/vladimir-levi-menas-buti-kitu\/\",\"url\":\"https:\/\/skaitytaknyga.lt\/produktas\/vladimir-levi-menas-buti-kitu\/\",\"name\":\"Vladimir Levi \\\"Menas b\u016bti kitu\\\" (yra skaitymo \u017eymi\u0173)\",\"isPartOf\":{\"@id\":\"https:\/\/skaitytaknyga.lt\/#website\"},\"primaryImageOfPage\":{\"@id\":\"https:\/\/skaitytaknyga.lt\/produktas\/vladimir-levi-menas-buti-kitu\/#primaryimage\"},\"image\":{\"@id\":\"https:\/\/skaitytaknyga.lt\/produktas\/vladimir-levi-menas-buti-kitu\/#primaryimage\"},\"thumbnailUrl\":\"https:\/\/skaitytaknyga.lt\/wp-content\/uploads\/2024\/05\/1000010535.jpg\",\"datePublished\":\"2024-05-04T19:31:45+00:00\",\"dateModified\":\"2025-04-22T09:43:41+00:00\",\"description\":\"Ne\u017einau, ar b\u016b\u010diau tap\u0119s psichoterapeutu, jei ne laiku perskaitytos Vladimiro Levio knygos. Ne\u017einau, ar kada b\u016b\u010diau patik\u0117j\u0119s, kad mano tuomet\u0117s problemos\",\"breadcrumb\":{\"@id\":\"https:\/\/skaitytaknyga.lt\/produktas\/vladimir-levi-menas-buti-kitu\/#breadcrumb\"},\"inLanguage\":\"en-GB\",\"potentialAction\":[{\"@type\":\"ReadAction\",\"target\":[\"https:\/\/skaitytaknyga.lt\/produktas\/vladimir-levi-menas-buti-kitu\/\"]}]},{\"@type\":\"ImageObject\",\"inLanguage\":\"en-GB\",\"@id\":\"https:\/\/skaitytaknyga.lt\/produktas\/vladimir-levi-menas-buti-kitu\/#primaryimage\",\"url\":\"https:\/\/skaitytaknyga.lt\/wp-content\/uploads\/2024\/05\/1000010535.jpg\",\"contentUrl\":\"https:\/\/skaitytaknyga.lt\/wp-content\/uploads\/2024\/05\/1000010535.jpg\",\"width\":284,\"height\":450},{\"@type\":\"BreadcrumbList\",\"@id\":\"https:\/\/skaitytaknyga.lt\/produktas\/vladimir-levi-menas-buti-kitu\/#breadcrumb\",\"itemListElement\":[{\"@type\":\"ListItem\",\"position\":1,\"name\":\"Home\",\"item\":\"https:\/\/skaitytaknyga.lt\/\"},{\"@type\":\"ListItem\",\"position\":2,\"name\":\"Parduotuv\u0117\",\"item\":\"https:\/\/skaitytaknyga.lt\/knygu-parduotuve\/\"},{\"@type\":\"ListItem\",\"position\":3,\"name\":\"Vladimir Levi &#8220;Menas b\u016bti kitu&#8221; (yra skaitymo \u017eymi\u0173)\"}]},{\"@type\":\"WebSite\",\"@id\":\"https:\/\/skaitytaknyga.lt\/#website\",\"url\":\"https:\/\/skaitytaknyga.lt\/\",\"name\":\"skaitytaknyga.lt\",\"description\":\"Skaitytaknyga.lt \u2013 tai ma\u017eas \u0161eimos verslas, kuris prasid\u0117jo nuo meil\u0117s knygoms ir siekio i\u0161gelb\u0117ti knygas nuo likimo prie konteinerio. Kas vienam nereikalingas daiktas \u2013 kitam lobis, o mes esame tarpininkai, kurie padeda abiems tapti laimingesniems ???? \u017dinome kaip nelengva i\u0161gyventi ma\u017eiems verslams, tad nuo \u0161iol, \u010dia rasite ir kit\u0173, ma\u017e\u0173 \u0161eim\u0173 versl\u0173, rank\u0173 darbo, dovan\u0173 sau ir artimiesiems.\",\"publisher\":{\"@id\":\"https:\/\/skaitytaknyga.lt\/#organization\"},\"potentialAction\":[{\"@type\":\"SearchAction\",\"target\":{\"@type\":\"EntryPoint\",\"urlTemplate\":\"https:\/\/skaitytaknyga.lt\/?s={search_term_string}\"},\"query-input\":{\"@type\":\"PropertyValueSpecification\",\"valueRequired\":true,\"valueName\":\"search_term_string\"}}],\"inLanguage\":\"en-GB\"},{\"@type\":\"Organization\",\"@id\":\"https:\/\/skaitytaknyga.lt\/#organization\",\"name\":\"skaitytaknyga.lt\",\"url\":\"https:\/\/skaitytaknyga.lt\/\",\"logo\":{\"@type\":\"ImageObject\",\"inLanguage\":\"en-GB\",\"@id\":\"https:\/\/skaitytaknyga.lt\/#\/schema\/logo\/image\/\",\"url\":\"https:\/\/skaitytaknyga.lt\/wp-content\/uploads\/2024\/05\/cropped-cropped-cropped-02_00843_jt3bggkj1j3HLc7SyY6rEUpg.jpeg\",\"contentUrl\":\"https:\/\/skaitytaknyga.lt\/wp-content\/uploads\/2024\/05\/cropped-cropped-cropped-02_00843_jt3bggkj1j3HLc7SyY6rEUpg.jpeg\",\"width\":1600,\"height\":1600,\"caption\":\"skaitytaknyga.lt\"},\"image\":{\"@id\":\"https:\/\/skaitytaknyga.lt\/#\/schema\/logo\/image\/\"},\"sameAs\":[\"https:\/\/www.facebook.com\/skaitytaknyga\/\"]}]}<\/script>\n<!-- \/ Yoast SEO plugin. -->","yoast_head_json":{"title":"Vladimir Levi \"Menas b\u016bti kitu\" (yra skaitymo \u017eymi\u0173)","description":"Ne\u017einau, ar b\u016b\u010diau tap\u0119s psichoterapeutu, jei ne laiku perskaitytos Vladimiro Levio knygos. Ne\u017einau, ar kada b\u016b\u010diau patik\u0117j\u0119s, kad mano tuomet\u0117s problemos","robots":{"index":"index","follow":"follow","max-snippet":"max-snippet:-1","max-image-preview":"max-image-preview:large","max-video-preview":"max-video-preview:-1"},"canonical":"https:\/\/skaitytaknyga.lt\/en\/produktas\/vladimir-levi-menas-buti-kitu\/","og_locale":"en_GB","og_type":"article","og_title":"[:lt]Vladimir Levi \"Menas b\u016bti kitu\" (yra skaitymo \u017eymi\u0173)[:] - Skaitytaknyga","og_description":"Ne\u017einau, ar b\u016b\u010diau tap\u0119s psichoterapeutu, jei ne laiku perskaitytos Vladimiro Levio knygos. Ne\u017einau, ar kada b\u016b\u010diau patik\u0117j\u0119s, kad mano tuomet\u0117s problemos","og_url":"https:\/\/skaitytaknyga.lt\/en\/produktas\/vladimir-levi-menas-buti-kitu\/","og_site_name":"Skaitytaknyga","article_publisher":"https:\/\/www.facebook.com\/skaitytaknyga\/","article_modified_time":"2025-04-22T09:43:41+00:00","og_image":[{"width":284,"height":450,"url":"https:\/\/skaitytaknyga.lt\/wp-content\/uploads\/2024\/05\/1000010535.jpg","type":"image\/jpeg"}],"twitter_card":"summary_large_image","twitter_misc":{"Estimated reading time":"1 minute"},"schema":{"@context":"https:\/\/schema.org","@graph":[{"@type":"WebPage","@id":"https:\/\/skaitytaknyga.lt\/produktas\/vladimir-levi-menas-buti-kitu\/","url":"https:\/\/skaitytaknyga.lt\/produktas\/vladimir-levi-menas-buti-kitu\/","name":"Vladimir Levi \"Menas b\u016bti kitu\" (yra skaitymo \u017eymi\u0173)","isPartOf":{"@id":"https:\/\/skaitytaknyga.lt\/#website"},"primaryImageOfPage":{"@id":"https:\/\/skaitytaknyga.lt\/produktas\/vladimir-levi-menas-buti-kitu\/#primaryimage"},"image":{"@id":"https:\/\/skaitytaknyga.lt\/produktas\/vladimir-levi-menas-buti-kitu\/#primaryimage"},"thumbnailUrl":"https:\/\/skaitytaknyga.lt\/wp-content\/uploads\/2024\/05\/1000010535.jpg","datePublished":"2024-05-04T19:31:45+00:00","dateModified":"2025-04-22T09:43:41+00:00","description":"Ne\u017einau, ar b\u016b\u010diau tap\u0119s psichoterapeutu, jei ne laiku perskaitytos Vladimiro Levio knygos. Ne\u017einau, ar kada b\u016b\u010diau patik\u0117j\u0119s, kad mano tuomet\u0117s problemos","breadcrumb":{"@id":"https:\/\/skaitytaknyga.lt\/produktas\/vladimir-levi-menas-buti-kitu\/#breadcrumb"},"inLanguage":"en-GB","potentialAction":[{"@type":"ReadAction","target":["https:\/\/skaitytaknyga.lt\/produktas\/vladimir-levi-menas-buti-kitu\/"]}]},{"@type":"ImageObject","inLanguage":"en-GB","@id":"https:\/\/skaitytaknyga.lt\/produktas\/vladimir-levi-menas-buti-kitu\/#primaryimage","url":"https:\/\/skaitytaknyga.lt\/wp-content\/uploads\/2024\/05\/1000010535.jpg","contentUrl":"https:\/\/skaitytaknyga.lt\/wp-content\/uploads\/2024\/05\/1000010535.jpg","width":284,"height":450},{"@type":"BreadcrumbList","@id":"https:\/\/skaitytaknyga.lt\/produktas\/vladimir-levi-menas-buti-kitu\/#breadcrumb","itemListElement":[{"@type":"ListItem","position":1,"name":"Home","item":"https:\/\/skaitytaknyga.lt\/"},{"@type":"ListItem","position":2,"name":"Parduotuv\u0117","item":"https:\/\/skaitytaknyga.lt\/knygu-parduotuve\/"},{"@type":"ListItem","position":3,"name":"Vladimir Levi &#8220;Menas b\u016bti kitu&#8221; (yra skaitymo \u017eymi\u0173)"}]},{"@type":"WebSite","@id":"https:\/\/skaitytaknyga.lt\/#website","url":"https:\/\/skaitytaknyga.lt\/","name":"skaitytaknyga.lt","description":"Skaitytaknyga.lt \u2013 tai ma\u017eas \u0161eimos verslas, kuris prasid\u0117jo nuo meil\u0117s knygoms ir siekio i\u0161gelb\u0117ti knygas nuo likimo prie konteinerio. Kas vienam nereikalingas daiktas \u2013 kitam lobis, o mes esame tarpininkai, kurie padeda abiems tapti laimingesniems ???? \u017dinome kaip nelengva i\u0161gyventi ma\u017eiems verslams, tad nuo \u0161iol, \u010dia rasite ir kit\u0173, ma\u017e\u0173 \u0161eim\u0173 versl\u0173, rank\u0173 darbo, dovan\u0173 sau ir artimiesiems.","publisher":{"@id":"https:\/\/skaitytaknyga.lt\/#organization"},"potentialAction":[{"@type":"SearchAction","target":{"@type":"EntryPoint","urlTemplate":"https:\/\/skaitytaknyga.lt\/?s={search_term_string}"},"query-input":{"@type":"PropertyValueSpecification","valueRequired":true,"valueName":"search_term_string"}}],"inLanguage":"en-GB"},{"@type":"Organization","@id":"https:\/\/skaitytaknyga.lt\/#organization","name":"skaitytaknyga.lt","url":"https:\/\/skaitytaknyga.lt\/","logo":{"@type":"ImageObject","inLanguage":"en-GB","@id":"https:\/\/skaitytaknyga.lt\/#\/schema\/logo\/image\/","url":"https:\/\/skaitytaknyga.lt\/wp-content\/uploads\/2024\/05\/cropped-cropped-cropped-02_00843_jt3bggkj1j3HLc7SyY6rEUpg.jpeg","contentUrl":"https:\/\/skaitytaknyga.lt\/wp-content\/uploads\/2024\/05\/cropped-cropped-cropped-02_00843_jt3bggkj1j3HLc7SyY6rEUpg.jpeg","width":1600,"height":1600,"caption":"skaitytaknyga.lt"},"image":{"@id":"https:\/\/skaitytaknyga.lt\/#\/schema\/logo\/image\/"},"sameAs":["https:\/\/www.facebook.com\/skaitytaknyga\/"]}]}},"_links":{"self":[{"href":"https:\/\/skaitytaknyga.lt\/en\/wp-json\/wp\/v2\/product\/11146","targetHints":{"allow":["GET"]}}],"collection":[{"href":"https:\/\/skaitytaknyga.lt\/en\/wp-json\/wp\/v2\/product"}],"about":[{"href":"https:\/\/skaitytaknyga.lt\/en\/wp-json\/wp\/v2\/types\/product"}],"replies":[{"embeddable":true,"href":"https:\/\/skaitytaknyga.lt\/en\/wp-json\/wp\/v2\/comments?post=11146"}],"wp:featuredmedia":[{"embeddable":true,"href":"https:\/\/skaitytaknyga.lt\/en\/wp-json\/wp\/v2\/media\/11187"}],"wp:attachment":[{"href":"https:\/\/skaitytaknyga.lt\/en\/wp-json\/wp\/v2\/media?parent=11146"}],"wp:term":[{"taxonomy":"product_brand","embeddable":true,"href":"https:\/\/skaitytaknyga.lt\/en\/wp-json\/wp\/v2\/product_brand?post=11146"},{"taxonomy":"product_cat","embeddable":true,"href":"https:\/\/skaitytaknyga.lt\/en\/wp-json\/wp\/v2\/product_cat?post=11146"},{"taxonomy":"product_tag","embeddable":true,"href":"https:\/\/skaitytaknyga.lt\/en\/wp-json\/wp\/v2\/product_tag?post=11146"}],"curies":[{"name":"wp","href":"https:\/\/api.w.org\/{rel}","templated":true}]}}