{"id":11144,"date":"2024-05-04T19:31:17","date_gmt":"2024-05-04T19:31:17","guid":{"rendered":"https:\/\/skaitytaknyga.lt\/?post_type=product&#038;p=11144"},"modified":"2025-02-01T10:51:56","modified_gmt":"2025-02-01T08:51:56","slug":"sniege-pilypiene-isskirtiniai-horoskopai","status":"publish","type":"product","link":"https:\/\/skaitytaknyga.lt\/en\/produktas\/sniege-pilypiene-isskirtiniai-horoskopai\/","title":{"rendered":"Snieg\u0117 Pilypien\u0117 \u201eI\u0161skirtiniai horoskopai\u201c"},"content":{"rendered":"<div class=\"tab-content col-xs-12\">\n<div id=\"tab-description\" class=\"tab-pane active\">\n<div class=\"content-product-midde clearfix\">\n<div class=\"producttab \">\n<div class=\"tabsslider horizontal-tabs col-xs-12\">\n<div class=\"tab-content col-xs-12\">\n<div id=\"tab-description\" class=\"tab-pane active\">\n<div id=\"collapse-description\" class=\"desc-collapse\">\n<p data-pm-slice=\"1 1 []\"><strong>&#8220;I\u0161skirtiniai horoskopai. Pirmoji knyga&#8221;<\/strong> \u2013 tai unikali astrologin\u0117 knyga, kurioje autor\u0117 <strong>Snieg\u0117 Pilypien\u0117<\/strong> nagrin\u0117ja <strong>Zodiako \u017eenkl\u0173 poveik\u012f asmenybei, santykiams, seksui, nei\u0161tikimybei ir net politinei karjerai<\/strong>. Tai daugiau nei paprasti horoskopai \u2013 tai gilumin\u0117 analiz\u0117, remiantis moksliniais tyrimais, psichologiniais steb\u0117jimais bei reali\u0173 \u017emoni\u0173 istorijomis.<\/p>\n<h3 data-pm-slice=\"1 3 []\"><strong>Moksliniai tyrimai apie Zodiako \u017eenklus<\/strong><\/h3>\n<p>Knygoje remiamasi <strong>JAV Konektikuto universiteto mokslininko, psichologo Marko Hamiltono<\/strong> atliktu tyrimu. Jis nustat\u0117, kad <strong>met\u0173 laikas, kuriuo gim\u0117me, daro \u012ftak\u0105 m\u016bs\u0173 asmenyb\u0117s savyb\u0117ms<\/strong>. Tyrimai rodo, kad:<\/p>\n<ul data-spread=\"false\">\n<li>Gimimo sezonas gali tur\u0117ti \u012ftakos emocinei b\u016bklei ir elgsenai.<\/li>\n<li>Zodiako \u017eenklai atspindi tam tikrus psichologinius bei socialinius polinkius.<\/li>\n<li>Net ir politikai bei vie\u0161i asmenys demonstruoja tam tikrus elgesio modelius pagal savo Zodiako \u017eenkl\u0105.<\/li>\n<\/ul>\n<h3 data-pm-slice=\"1 1 []\"><strong>Kuo i\u0161skirtin\u0117 \u0161i knyga?<\/strong><\/h3>\n<p><strong>Snieg\u0117 Pilypien\u0117<\/strong> ne tik nagrin\u0117jo \u017evaig\u017edes, bet ir <strong>analizavo reali\u0173 \u017emoni\u0173 gyvenimo pavyzd\u017eius<\/strong>. Knygoje ji apra\u0161o:<\/p>\n<p>\u2714 <strong>Pa\u017eintis ir santykius<\/strong> \u2013 kokie Zodiako \u017eenklai s\u0117kmingiausi meil\u0117je? \u2714 <strong>Seksualin\u0117 tapatyb\u0117<\/strong> \u2013 kurie Zodiako \u017eenklai link\u0119 abejoti savo seksualine orientacija? \u2714 <strong>Politinius lyderius<\/strong> \u2013 kurie Seimo nariai gali tapti prezidentais? \u2714 <strong>K\u016bno kalb\u0105 ir apgamus<\/strong> \u2013 k\u0105 galima su\u017einoti apie \u017emog\u0173 pagal jo fizines ypatybes? \u2714 <strong>Psichologinius polinkius<\/strong> \u2013 kurie Zodiako \u017eenklai da\u017eniausiai patiria depresij\u0105 ar net galvoja apie savi\u017eudyb\u0119?<\/p>\n<\/div>\n<\/div>\n<\/div>\n<\/div>\n<\/div>\n<\/div>\n<div class=\"content-product-bottom clearfix\"><\/div>\n<\/div>\n<\/div>\n","protected":false},"excerpt":{"rendered":"<p>&#8220;I\u0161skirtiniai horoskopai. Pirmoji knyga&#8221; \u2013 tai unikali astrologin\u0117 knyga, kurioje autor\u0117 Snieg\u0117 Pilypien\u0117 nagrin\u0117ja Zodiako \u017eenkl\u0173 poveik\u012f asmenybei, santykiams, seksui, nei\u0161tikimybei ir net politinei karjerai. Tai daugiau nei paprasti horoskopai \u2013 tai gilumin\u0117 analiz\u0117, remiantis moksliniais tyrimais, psichologiniais steb\u0117jimais bei reali\u0173 \u017emoni\u0173 istorijomis. Moksliniai tyrimai apie Zodiako \u017eenklus Knygoje remiamasi JAV Konektikuto universiteto mokslininko, psichologo Marko Hamiltono atliktu tyrimu. Jis nustat\u0117, kad met\u0173 laikas, kuriuo gim\u0117me, daro \u012ftak\u0105 m\u016bs\u0173 asmenyb\u0117s savyb\u0117ms. Tyrimai rodo, kad: Gimimo sezonas gali tur\u0117ti \u012ftakos emocinei b\u016bklei ir elgsenai. Zodiako \u017eenklai atspindi tam tikrus psichologinius bei socialinius polinkius. Net ir politikai bei vie\u0161i asmenys demonstruoja tam tikrus elgesio modelius pagal savo Zodiako \u017eenkl\u0105. Kuo i\u0161skirtin\u0117 \u0161i knyga? Snieg\u0117 Pilypien\u0117 ne tik nagrin\u0117jo \u017evaig\u017edes, bet ir analizavo reali\u0173 \u017emoni\u0173 gyvenimo pavyzd\u017eius. Knygoje ji apra\u0161o: \u2714 Pa\u017eintis ir santykius \u2013 kokie Zodiako \u017eenklai s\u0117kmingiausi meil\u0117je? \u2714 Seksualin\u0117 tapatyb\u0117 \u2013 kurie Zodiako \u017eenklai link\u0119 abejoti savo seksualine orientacija? \u2714 Politinius lyderius \u2013 kurie Seimo nariai gali tapti prezidentais? \u2714 K\u016bno kalb\u0105 ir apgamus \u2013 k\u0105 galima su\u017einoti apie \u017emog\u0173 pagal jo fizines ypatybes? \u2714 Psichologinius polinkius \u2013 kurie Zodiako \u017eenklai da\u017eniausiai patiria depresij\u0105 ar net galvoja apie savi\u017eudyb\u0119?<\/p>\n","protected":false},"featured_media":11182,"comment_status":"closed","ping_status":"closed","template":"","meta":{"_acf_changed":false,"site-sidebar-layout":"default","site-content-layout":"","ast-site-content-layout":"default","site-content-style":"default","site-sidebar-style":"default","ast-global-header-display":"","ast-banner-title-visibility":"","ast-main-header-display":"","ast-hfb-above-header-display":"","ast-hfb-below-header-display":"","ast-hfb-mobile-header-display":"","site-post-title":"","ast-breadcrumbs-content":"","ast-featured-img":"","footer-sml-layout":"","ast-disable-related-posts":"","theme-transparent-header-meta":"default","adv-header-id-meta":"","stick-header-meta":"","header-above-stick-meta":"","header-main-stick-meta":"","header-below-stick-meta":"","astra-migrate-meta-layouts":"set","ast-page-background-enabled":"default","ast-page-background-meta":{"desktop":{"background-color":"","background-image":"","background-repeat":"repeat","background-position":"center center","background-size":"auto","background-attachment":"scroll","background-type":"","background-media":"","overlay-type":"","overlay-color":"","overlay-opacity":"","overlay-gradient":""},"tablet":{"background-color":"","background-image":"","background-repeat":"repeat","background-position":"center center","background-size":"auto","background-attachment":"scroll","background-type":"","background-media":"","overlay-type":"","overlay-color":"","overlay-opacity":"","overlay-gradient":""},"mobile":{"background-color":"","background-image":"","background-repeat":"repeat","background-position":"center center","background-size":"auto","background-attachment":"scroll","background-type":"","background-media":"","overlay-type":"","overlay-color":"","overlay-opacity":"","overlay-gradient":""}},"ast-content-background-meta":{"desktop":{"background-color":"var(--ast-global-color-4)","background-image":"","background-repeat":"repeat","background-position":"center center","background-size":"auto","background-attachment":"scroll","background-type":"","background-media":"","overlay-type":"","overlay-color":"","overlay-opacity":"","overlay-gradient":""},"tablet":{"background-color":"var(--ast-global-color-4)","background-image":"","background-repeat":"repeat","background-position":"center center","background-size":"auto","background-attachment":"scroll","background-type":"","background-media":"","overlay-type":"","overlay-color":"","overlay-opacity":"","overlay-gradient":""},"mobile":{"background-color":"var(--ast-global-color-4)","background-image":"","background-repeat":"repeat","background-position":"center center","background-size":"auto","background-attachment":"scroll","background-type":"","background-media":"","overlay-type":"","overlay-color":"","overlay-opacity":"","overlay-gradient":""}}},"product_brand":[],"product_cat":[165],"product_tag":[],"class_list":{"0":"post-11144","1":"product","2":"type-product","3":"status-publish","4":"has-post-thumbnail","6":"product_cat-religija-filosofija-ir-ezoterika","7":"desktop-align-left","8":"tablet-align-left","9":"mobile-align-left","11":"first","12":"instock","13":"shipping-taxable","14":"purchasable","15":"product-type-simple"},"acf":[],"yoast_head":"<!-- This site is optimized with the Yoast SEO plugin v27.0 - https:\/\/yoast.com\/product\/yoast-seo-wordpress\/ -->\n<title>Snieg\u0117 Pilypien\u0117 \u201eI\u0161skirtiniai horoskopai\u201c<\/title>\n<meta name=\"description\" content=\"&quot;I\u0161skirtiniai horoskopai. Pirmoji knyga&quot; \u2013 tai unikali astrologin\u0117 knyga, kurioje autor\u0117 Snieg\u0117 Pilypien\u0117 nagrin\u0117ja Zodiako \u017eenkl\u0173 poveik\u012f asmenybei,\" \/>\n<meta name=\"robots\" content=\"index, follow, max-snippet:-1, max-image-preview:large, max-video-preview:-1\" \/>\n<link rel=\"canonical\" href=\"https:\/\/skaitytaknyga.lt\/en\/produktas\/sniege-pilypiene-isskirtiniai-horoskopai\/\" \/>\n<meta property=\"og:locale\" content=\"en_GB\" \/>\n<meta property=\"og:locale:alternate\" content=\"lt_LT\" \/>\n<meta property=\"og:type\" content=\"article\" \/>\n<meta property=\"og:title\" content=\"Snieg\u0117 Pilypien\u0117 \u201eI\u0161skirtiniai horoskopai\u201c\" \/>\n<meta property=\"og:description\" content=\"&quot;I\u0161skirtiniai horoskopai. Pirmoji knyga&quot; \u2013 tai unikali astrologin\u0117 knyga, kurioje autor\u0117 Snieg\u0117 Pilypien\u0117 nagrin\u0117ja Zodiako \u017eenkl\u0173 poveik\u012f asmenybei,\" \/>\n<meta property=\"og:url\" content=\"https:\/\/skaitytaknyga.lt\/en\/produktas\/sniege-pilypiene-isskirtiniai-horoskopai\/\" \/>\n<meta property=\"og:site_name\" content=\"Skaitytaknyga\" \/>\n<meta property=\"article:publisher\" content=\"https:\/\/www.facebook.com\/skaitytaknyga\/\" \/>\n<meta property=\"article:modified_time\" content=\"2025-02-01T08:51:56+00:00\" \/>\n<meta property=\"og:image\" content=\"https:\/\/skaitytaknyga.lt\/wp-content\/uploads\/2024\/05\/7475069_2-1000x1000-1-e1738399906573.jpg\" \/>\n\t<meta property=\"og:image:width\" content=\"673\" \/>\n\t<meta property=\"og:image:height\" content=\"993\" \/>\n\t<meta property=\"og:image:type\" content=\"image\/jpeg\" \/>\n<meta name=\"twitter:card\" content=\"summary_large_image\" \/>\n<meta name=\"twitter:label1\" content=\"Estimated reading time\" \/>\n\t<meta name=\"twitter:data1\" content=\"2 minutes\" \/>\n<script type=\"application\/ld+json\" class=\"yoast-schema-graph\">{\"@context\":\"https:\/\/schema.org\",\"@graph\":[{\"@type\":\"WebPage\",\"@id\":\"https:\/\/skaitytaknyga.lt\/produktas\/sniege-pilypiene-isskirtiniai-horoskopai\/\",\"url\":\"https:\/\/skaitytaknyga.lt\/produktas\/sniege-pilypiene-isskirtiniai-horoskopai\/\",\"name\":\"Snieg\u0117 Pilypien\u0117 \u201eI\u0161skirtiniai horoskopai\u201c\",\"isPartOf\":{\"@id\":\"https:\/\/skaitytaknyga.lt\/#website\"},\"primaryImageOfPage\":{\"@id\":\"https:\/\/skaitytaknyga.lt\/produktas\/sniege-pilypiene-isskirtiniai-horoskopai\/#primaryimage\"},\"image\":{\"@id\":\"https:\/\/skaitytaknyga.lt\/produktas\/sniege-pilypiene-isskirtiniai-horoskopai\/#primaryimage\"},\"thumbnailUrl\":\"https:\/\/skaitytaknyga.lt\/wp-content\/uploads\/2024\/05\/7475069_2-1000x1000-1-e1738399906573.jpg\",\"datePublished\":\"2024-05-04T19:31:17+00:00\",\"dateModified\":\"2025-02-01T08:51:56+00:00\",\"description\":\"\\\"I\u0161skirtiniai horoskopai. Pirmoji knyga\\\" \u2013 tai unikali astrologin\u0117 knyga, kurioje autor\u0117 Snieg\u0117 Pilypien\u0117 nagrin\u0117ja Zodiako \u017eenkl\u0173 poveik\u012f asmenybei,\",\"breadcrumb\":{\"@id\":\"https:\/\/skaitytaknyga.lt\/produktas\/sniege-pilypiene-isskirtiniai-horoskopai\/#breadcrumb\"},\"inLanguage\":\"en-GB\",\"potentialAction\":[{\"@type\":\"ReadAction\",\"target\":[\"https:\/\/skaitytaknyga.lt\/produktas\/sniege-pilypiene-isskirtiniai-horoskopai\/\"]}]},{\"@type\":\"ImageObject\",\"inLanguage\":\"en-GB\",\"@id\":\"https:\/\/skaitytaknyga.lt\/produktas\/sniege-pilypiene-isskirtiniai-horoskopai\/#primaryimage\",\"url\":\"https:\/\/skaitytaknyga.lt\/wp-content\/uploads\/2024\/05\/7475069_2-1000x1000-1-e1738399906573.jpg\",\"contentUrl\":\"https:\/\/skaitytaknyga.lt\/wp-content\/uploads\/2024\/05\/7475069_2-1000x1000-1-e1738399906573.jpg\",\"width\":673,\"height\":993,\"caption\":\"Snieg\u0117 Pilypien\u0117 \u201eI\u0161skirtiniai horoskopai\u201c\"},{\"@type\":\"BreadcrumbList\",\"@id\":\"https:\/\/skaitytaknyga.lt\/produktas\/sniege-pilypiene-isskirtiniai-horoskopai\/#breadcrumb\",\"itemListElement\":[{\"@type\":\"ListItem\",\"position\":1,\"name\":\"Home\",\"item\":\"https:\/\/skaitytaknyga.lt\/\"},{\"@type\":\"ListItem\",\"position\":2,\"name\":\"Parduotuv\u0117\",\"item\":\"https:\/\/skaitytaknyga.lt\/knygu-parduotuve\/\"},{\"@type\":\"ListItem\",\"position\":3,\"name\":\"Snieg\u0117 Pilypien\u0117 \u201eI\u0161skirtiniai horoskopai\u201c\"}]},{\"@type\":\"WebSite\",\"@id\":\"https:\/\/skaitytaknyga.lt\/#website\",\"url\":\"https:\/\/skaitytaknyga.lt\/\",\"name\":\"skaitytaknyga.lt\",\"description\":\"Skaitytaknyga.lt \u2013 tai ma\u017eas \u0161eimos verslas, kuris prasid\u0117jo nuo meil\u0117s knygoms ir siekio i\u0161gelb\u0117ti knygas nuo likimo prie konteinerio. Kas vienam nereikalingas daiktas \u2013 kitam lobis, o mes esame tarpininkai, kurie padeda abiems tapti laimingesniems ???? \u017dinome kaip nelengva i\u0161gyventi ma\u017eiems verslams, tad nuo \u0161iol, \u010dia rasite ir kit\u0173, ma\u017e\u0173 \u0161eim\u0173 versl\u0173, rank\u0173 darbo, dovan\u0173 sau ir artimiesiems.\",\"publisher\":{\"@id\":\"https:\/\/skaitytaknyga.lt\/#organization\"},\"potentialAction\":[{\"@type\":\"SearchAction\",\"target\":{\"@type\":\"EntryPoint\",\"urlTemplate\":\"https:\/\/skaitytaknyga.lt\/?s={search_term_string}\"},\"query-input\":{\"@type\":\"PropertyValueSpecification\",\"valueRequired\":true,\"valueName\":\"search_term_string\"}}],\"inLanguage\":\"en-GB\"},{\"@type\":\"Organization\",\"@id\":\"https:\/\/skaitytaknyga.lt\/#organization\",\"name\":\"skaitytaknyga.lt\",\"url\":\"https:\/\/skaitytaknyga.lt\/\",\"logo\":{\"@type\":\"ImageObject\",\"inLanguage\":\"en-GB\",\"@id\":\"https:\/\/skaitytaknyga.lt\/#\/schema\/logo\/image\/\",\"url\":\"https:\/\/skaitytaknyga.lt\/wp-content\/uploads\/2024\/05\/cropped-cropped-cropped-02_00843_jt3bggkj1j3HLc7SyY6rEUpg.jpeg\",\"contentUrl\":\"https:\/\/skaitytaknyga.lt\/wp-content\/uploads\/2024\/05\/cropped-cropped-cropped-02_00843_jt3bggkj1j3HLc7SyY6rEUpg.jpeg\",\"width\":1600,\"height\":1600,\"caption\":\"skaitytaknyga.lt\"},\"image\":{\"@id\":\"https:\/\/skaitytaknyga.lt\/#\/schema\/logo\/image\/\"},\"sameAs\":[\"https:\/\/www.facebook.com\/skaitytaknyga\/\"]}]}<\/script>\n<!-- \/ Yoast SEO plugin. -->","yoast_head_json":{"title":"Snieg\u0117 Pilypien\u0117 \u201eI\u0161skirtiniai horoskopai\u201c","description":"\"I\u0161skirtiniai horoskopai. Pirmoji knyga\" \u2013 tai unikali astrologin\u0117 knyga, kurioje autor\u0117 Snieg\u0117 Pilypien\u0117 nagrin\u0117ja Zodiako \u017eenkl\u0173 poveik\u012f asmenybei,","robots":{"index":"index","follow":"follow","max-snippet":"max-snippet:-1","max-image-preview":"max-image-preview:large","max-video-preview":"max-video-preview:-1"},"canonical":"https:\/\/skaitytaknyga.lt\/en\/produktas\/sniege-pilypiene-isskirtiniai-horoskopai\/","og_locale":"en_GB","og_type":"article","og_title":"[:lt]Snieg\u0117 Pilypien\u0117 \u201eI\u0161skirtiniai horoskopai\u201c[:] - Skaitytaknyga","og_description":"\"I\u0161skirtiniai horoskopai. Pirmoji knyga\" \u2013 tai unikali astrologin\u0117 knyga, kurioje autor\u0117 Snieg\u0117 Pilypien\u0117 nagrin\u0117ja Zodiako \u017eenkl\u0173 poveik\u012f asmenybei,","og_url":"https:\/\/skaitytaknyga.lt\/en\/produktas\/sniege-pilypiene-isskirtiniai-horoskopai\/","og_site_name":"Skaitytaknyga","article_publisher":"https:\/\/www.facebook.com\/skaitytaknyga\/","article_modified_time":"2025-02-01T08:51:56+00:00","og_image":[{"width":673,"height":993,"url":"https:\/\/skaitytaknyga.lt\/wp-content\/uploads\/2024\/05\/7475069_2-1000x1000-1-e1738399906573.jpg","type":"image\/jpeg"}],"twitter_card":"summary_large_image","twitter_misc":{"Estimated reading time":"2 minutes"},"schema":{"@context":"https:\/\/schema.org","@graph":[{"@type":"WebPage","@id":"https:\/\/skaitytaknyga.lt\/produktas\/sniege-pilypiene-isskirtiniai-horoskopai\/","url":"https:\/\/skaitytaknyga.lt\/produktas\/sniege-pilypiene-isskirtiniai-horoskopai\/","name":"Snieg\u0117 Pilypien\u0117 \u201eI\u0161skirtiniai horoskopai\u201c","isPartOf":{"@id":"https:\/\/skaitytaknyga.lt\/#website"},"primaryImageOfPage":{"@id":"https:\/\/skaitytaknyga.lt\/produktas\/sniege-pilypiene-isskirtiniai-horoskopai\/#primaryimage"},"image":{"@id":"https:\/\/skaitytaknyga.lt\/produktas\/sniege-pilypiene-isskirtiniai-horoskopai\/#primaryimage"},"thumbnailUrl":"https:\/\/skaitytaknyga.lt\/wp-content\/uploads\/2024\/05\/7475069_2-1000x1000-1-e1738399906573.jpg","datePublished":"2024-05-04T19:31:17+00:00","dateModified":"2025-02-01T08:51:56+00:00","description":"\"I\u0161skirtiniai horoskopai. Pirmoji knyga\" \u2013 tai unikali astrologin\u0117 knyga, kurioje autor\u0117 Snieg\u0117 Pilypien\u0117 nagrin\u0117ja Zodiako \u017eenkl\u0173 poveik\u012f asmenybei,","breadcrumb":{"@id":"https:\/\/skaitytaknyga.lt\/produktas\/sniege-pilypiene-isskirtiniai-horoskopai\/#breadcrumb"},"inLanguage":"en-GB","potentialAction":[{"@type":"ReadAction","target":["https:\/\/skaitytaknyga.lt\/produktas\/sniege-pilypiene-isskirtiniai-horoskopai\/"]}]},{"@type":"ImageObject","inLanguage":"en-GB","@id":"https:\/\/skaitytaknyga.lt\/produktas\/sniege-pilypiene-isskirtiniai-horoskopai\/#primaryimage","url":"https:\/\/skaitytaknyga.lt\/wp-content\/uploads\/2024\/05\/7475069_2-1000x1000-1-e1738399906573.jpg","contentUrl":"https:\/\/skaitytaknyga.lt\/wp-content\/uploads\/2024\/05\/7475069_2-1000x1000-1-e1738399906573.jpg","width":673,"height":993,"caption":"Snieg\u0117 Pilypien\u0117 \u201eI\u0161skirtiniai horoskopai\u201c"},{"@type":"BreadcrumbList","@id":"https:\/\/skaitytaknyga.lt\/produktas\/sniege-pilypiene-isskirtiniai-horoskopai\/#breadcrumb","itemListElement":[{"@type":"ListItem","position":1,"name":"Home","item":"https:\/\/skaitytaknyga.lt\/"},{"@type":"ListItem","position":2,"name":"Parduotuv\u0117","item":"https:\/\/skaitytaknyga.lt\/knygu-parduotuve\/"},{"@type":"ListItem","position":3,"name":"Snieg\u0117 Pilypien\u0117 \u201eI\u0161skirtiniai horoskopai\u201c"}]},{"@type":"WebSite","@id":"https:\/\/skaitytaknyga.lt\/#website","url":"https:\/\/skaitytaknyga.lt\/","name":"skaitytaknyga.lt","description":"Skaitytaknyga.lt \u2013 tai ma\u017eas \u0161eimos verslas, kuris prasid\u0117jo nuo meil\u0117s knygoms ir siekio i\u0161gelb\u0117ti knygas nuo likimo prie konteinerio. Kas vienam nereikalingas daiktas \u2013 kitam lobis, o mes esame tarpininkai, kurie padeda abiems tapti laimingesniems ???? \u017dinome kaip nelengva i\u0161gyventi ma\u017eiems verslams, tad nuo \u0161iol, \u010dia rasite ir kit\u0173, ma\u017e\u0173 \u0161eim\u0173 versl\u0173, rank\u0173 darbo, dovan\u0173 sau ir artimiesiems.","publisher":{"@id":"https:\/\/skaitytaknyga.lt\/#organization"},"potentialAction":[{"@type":"SearchAction","target":{"@type":"EntryPoint","urlTemplate":"https:\/\/skaitytaknyga.lt\/?s={search_term_string}"},"query-input":{"@type":"PropertyValueSpecification","valueRequired":true,"valueName":"search_term_string"}}],"inLanguage":"en-GB"},{"@type":"Organization","@id":"https:\/\/skaitytaknyga.lt\/#organization","name":"skaitytaknyga.lt","url":"https:\/\/skaitytaknyga.lt\/","logo":{"@type":"ImageObject","inLanguage":"en-GB","@id":"https:\/\/skaitytaknyga.lt\/#\/schema\/logo\/image\/","url":"https:\/\/skaitytaknyga.lt\/wp-content\/uploads\/2024\/05\/cropped-cropped-cropped-02_00843_jt3bggkj1j3HLc7SyY6rEUpg.jpeg","contentUrl":"https:\/\/skaitytaknyga.lt\/wp-content\/uploads\/2024\/05\/cropped-cropped-cropped-02_00843_jt3bggkj1j3HLc7SyY6rEUpg.jpeg","width":1600,"height":1600,"caption":"skaitytaknyga.lt"},"image":{"@id":"https:\/\/skaitytaknyga.lt\/#\/schema\/logo\/image\/"},"sameAs":["https:\/\/www.facebook.com\/skaitytaknyga\/"]}]}},"_links":{"self":[{"href":"https:\/\/skaitytaknyga.lt\/en\/wp-json\/wp\/v2\/product\/11144","targetHints":{"allow":["GET"]}}],"collection":[{"href":"https:\/\/skaitytaknyga.lt\/en\/wp-json\/wp\/v2\/product"}],"about":[{"href":"https:\/\/skaitytaknyga.lt\/en\/wp-json\/wp\/v2\/types\/product"}],"replies":[{"embeddable":true,"href":"https:\/\/skaitytaknyga.lt\/en\/wp-json\/wp\/v2\/comments?post=11144"}],"wp:featuredmedia":[{"embeddable":true,"href":"https:\/\/skaitytaknyga.lt\/en\/wp-json\/wp\/v2\/media\/11182"}],"wp:attachment":[{"href":"https:\/\/skaitytaknyga.lt\/en\/wp-json\/wp\/v2\/media?parent=11144"}],"wp:term":[{"taxonomy":"product_brand","embeddable":true,"href":"https:\/\/skaitytaknyga.lt\/en\/wp-json\/wp\/v2\/product_brand?post=11144"},{"taxonomy":"product_cat","embeddable":true,"href":"https:\/\/skaitytaknyga.lt\/en\/wp-json\/wp\/v2\/product_cat?post=11144"},{"taxonomy":"product_tag","embeddable":true,"href":"https:\/\/skaitytaknyga.lt\/en\/wp-json\/wp\/v2\/product_tag?post=11144"}],"curies":[{"name":"wp","href":"https:\/\/api.w.org\/{rel}","templated":true}]}}