{"id":11138,"date":"2024-05-04T19:30:02","date_gmt":"2024-05-04T19:30:02","guid":{"rendered":"https:\/\/skaitytaknyga.lt\/?post_type=product&#038;p=11138"},"modified":"2025-05-24T20:53:24","modified_gmt":"2025-05-24T17:53:24","slug":"evelina-daciute-laime-yra-lape","status":"publish","type":"product","link":"https:\/\/skaitytaknyga.lt\/en\/produktas\/evelina-daciute-laime-yra-lape\/","title":{"rendered":"Laim\u0117 yra lap\u0117"},"content":{"rendered":"<div class=\"tab-content col-xs-12\">\n<div id=\"tab-description\" class=\"tab-pane active\">\n<p>Lietuvi\u0173 autor\u0117s Evelinos Daci\u016bt\u0117s para\u0161yta ir Au\u0161ros Kiudulait\u0117s iliustruota tarptautinio pripa\u017einimo sulaukusi knyga vaikams<b>\u00a0\u201cLaim\u0117 yra lap\u0117\u201d<\/b>\u00a0yra istorija apie berniuko ir lap\u0117s draugyst\u0119. Arba, kitaip tariant, \u0161i knygel\u0117 yra istorija apie tai, kas vienodai svarbu kiekvienam \u2014 tiek ma\u017eam, tiek dideliam \u2014 apie tai, kas mus daro laimingais.<\/p>\n<p>Nors \u201cLaim\u0117 yra lap\u0117\u201d yra skirta nuo 5-eri\u0173 iki 10-ies met\u0173 vaikams, knygel\u0117s siu\u017eetas sudomins ir suaugus\u012f skaitytoj\u0105. Istorijos pasakojimas sujaudins puosel\u0117jamomis atradimo, dosnumo ir dalijimosi d\u017eiaugsmo vertyb\u0117mis. Juk tai knygel\u0117 apie laim\u0119.<\/p>\n<p>Kart\u0105 vieno parko medyje esan\u010diame namelyje gyveno \u0161eima \u2014 berniukas vardu Povilas, jo mama, kuri lipd\u0117 molinius puodus ir berniuko t\u0117tis, kuris buvo mal\u016bnsparnio pilotas. \u0160eimos tradicija buvo kasdien sus\u0117sti prie stalo vakarienei valgyti bandeles su kar\u0161ta arbata, tad pagrindinis pasakos herojus Povilas kiekvien\u0105 dien\u0105 keliaudavo \u012f miesto kepykl\u0117l\u0119, \u012f priek\u012f \u2013 trumpuoju, atgal \u2013 ilguoju keliu. Ta\u010diau vien\u0105 dien\u0105 berniuko gyvenimas visi\u0161kai pasikeit\u0117 \u2014 gr\u012f\u017edamas i\u0161 kepykl\u0117l\u0117s, jis supyn\u0117se pamat\u0117 besisupan\u010di\u0105 lap\u0119.<\/p>\n<p>\u201eDosnumas yra vandenynas. Nori b\u016bti vandenyno dalimi? Tada pavai\u0161ink, pra\u0161au, bandele\u201c, \u2013 ragino Povil\u0105 lap\u0117. Povilo ir lap\u0117s pa\u017eintis ilgainiui tampa pa\u010dia svarbiausia berniuko gyvenimo laime. Tolimesn\u0117 knygos veik\u0117j\u0173 draugyst\u0117 vietomis netgi primena Antoine\u2018o de Saint-Exup\u00e9ry Ma\u017e\u0105j\u012f Princ\u0105.<\/p>\n<p>2016-ais metais Evelinos Daci\u016bt\u0117s \u201cLaim\u0117 yra lap\u0117\u201d buvo i\u0161rinkta gra\u017eiausia met\u0173 knyga vaikams, o v\u0117liau apdovanota ir kaip \u201cMet\u0173 knyga\u201d vaik\u0173 literat\u016bros kategorijoje. Knygel\u0117 taip pat yra pelniusi ir Amerikos bibliotek\u0173 asociacijos teikiam\u0105 \u201cThe Batchelder\u201d apdovanojim\u0105 \u2014 tai yra pirmoji lietuvi\u0173 kalba para\u0161yta knyga, sulaukusi tokio tarptautinio pripa\u017einimo.<\/p>\n<p>Pagal Evelinos Daci\u016bt\u0117s ir Au\u0161ros Kiudulait\u0117s knyg\u0105 \u201eLaim\u0117 yra lap\u0117\u201d yra pastatytas ir re\u017eisieriaus Manto Varabiejaus spektaklis tokiu pa\u010diu pavadinimu.<\/p>\n<p>\u0160is trumpas apra\u0161ymas yra \u012frodymas, kad knygos vaikams \u201cLaim\u0117 yra lap\u0117\u201d s\u0117km\u0117 n\u0117ra atsitiktinumas. Autor\u0117 Evelina Daci\u016bt\u0117 tikrai nusipeln\u0117 vis\u0173 skaitytoj\u0173 ir literat\u016bros kritik\u0173 simpatij\u0173 \u2013 \u0161is \u017eanras, tai jos stichija. O Did\u017eiosios Britanijos leidyklai \u201eThames&#038;Hudson\u201c i\u0161leidus knygel\u0119 angl\u0173 kalba (angl. \u201cThe Fox on the Swing\u201d), dabar j\u0105 gali skaityti ir m\u0117gautis vaikai tiek toje pa\u010dioje Did\u017eiojoje Britanijoje, tiek Amerikoje, Australijoje, bei kitose \u0161alyse.<\/p>\n<\/div>\n<\/div>\n","protected":false},"excerpt":{"rendered":"<p>Lietuvi\u0173 autor\u0117s Evelinos Daci\u016bt\u0117s para\u0161yta ir Au\u0161ros Kiudulait\u0117s iliustruota tarptautinio pripa\u017einimo sulaukusi knyga vaikams\u00a0\u201cLaim\u0117 yra lap\u0117\u201d\u00a0yra istorija apie berniuko ir lap\u0117s draugyst\u0119. Arba, kitaip tariant, \u0161i knygel\u0117 yra istorija apie tai, kas vienodai svarbu kiekvienam \u2014 tiek ma\u017eam, tiek dideliam \u2014 apie tai, kas mus daro laimingais. Nors \u201cLaim\u0117 yra lap\u0117\u201d yra skirta nuo 5-eri\u0173 iki 10-ies met\u0173 vaikams, knygel\u0117s siu\u017eetas sudomins ir suaugus\u012f skaitytoj\u0105. Istorijos pasakojimas sujaudins puosel\u0117jamomis atradimo, dosnumo ir dalijimosi d\u017eiaugsmo vertyb\u0117mis. Juk tai knygel\u0117 apie laim\u0119. Kart\u0105 vieno parko medyje esan\u010diame namelyje gyveno \u0161eima \u2014 berniukas vardu Povilas, jo mama, kuri lipd\u0117 molinius puodus ir berniuko t\u0117tis, kuris buvo mal\u016bnsparnio pilotas. \u0160eimos tradicija buvo kasdien sus\u0117sti prie stalo vakarienei valgyti bandeles su kar\u0161ta arbata, tad pagrindinis pasakos herojus Povilas kiekvien\u0105 dien\u0105 keliaudavo \u012f miesto kepykl\u0117l\u0119, \u012f priek\u012f \u2013 trumpuoju, atgal \u2013 ilguoju keliu. Ta\u010diau vien\u0105 dien\u0105 berniuko gyvenimas visi\u0161kai pasikeit\u0117 \u2014 gr\u012f\u017edamas i\u0161 kepykl\u0117l\u0117s, jis supyn\u0117se pamat\u0117 besisupan\u010di\u0105 lap\u0119. \u201eDosnumas yra vandenynas. Nori b\u016bti vandenyno dalimi? Tada pavai\u0161ink, pra\u0161au, bandele\u201c, \u2013 ragino Povil\u0105 lap\u0117. Povilo ir lap\u0117s pa\u017eintis ilgainiui tampa pa\u010dia svarbiausia berniuko gyvenimo laime. Tolimesn\u0117 knygos veik\u0117j\u0173 draugyst\u0117 vietomis netgi primena Antoine\u2018o de Saint-Exup\u00e9ry Ma\u017e\u0105j\u012f Princ\u0105. 2016-ais metais Evelinos Daci\u016bt\u0117s \u201cLaim\u0117 yra lap\u0117\u201d buvo i\u0161rinkta gra\u017eiausia met\u0173 knyga vaikams, o v\u0117liau apdovanota ir kaip \u201cMet\u0173 knyga\u201d vaik\u0173 literat\u016bros kategorijoje. Knygel\u0117 taip pat yra pelniusi ir Amerikos bibliotek\u0173 asociacijos teikiam\u0105 \u201cThe Batchelder\u201d apdovanojim\u0105 \u2014 tai yra pirmoji lietuvi\u0173 kalba para\u0161yta knyga, sulaukusi tokio tarptautinio pripa\u017einimo. Pagal Evelinos Daci\u016bt\u0117s ir Au\u0161ros Kiudulait\u0117s knyg\u0105 \u201eLaim\u0117 yra lap\u0117\u201d yra pastatytas ir re\u017eisieriaus Manto Varabiejaus spektaklis tokiu pa\u010diu pavadinimu. \u0160is trumpas apra\u0161ymas yra \u012frodymas, kad knygos vaikams \u201cLaim\u0117 yra lap\u0117\u201d s\u0117km\u0117 n\u0117ra atsitiktinumas. Autor\u0117 Evelina Daci\u016bt\u0117 tikrai nusipeln\u0117 vis\u0173 skaitytoj\u0173 ir literat\u016bros kritik\u0173 simpatij\u0173 \u2013 \u0161is \u017eanras, tai jos stichija. O Did\u017eiosios Britanijos leidyklai \u201eThames&#038;Hudson\u201c i\u0161leidus knygel\u0119 angl\u0173 kalba (angl. \u201cThe Fox on the Swing\u201d), dabar j\u0105 gali skaityti ir m\u0117gautis vaikai tiek toje pa\u010dioje Did\u017eiojoje Britanijoje, tiek Amerikoje, Australijoje, bei kitose \u0161alyse.<\/p>\n","protected":false},"featured_media":11179,"comment_status":"closed","ping_status":"closed","template":"","meta":{"_acf_changed":false,"site-sidebar-layout":"default","site-content-layout":"","ast-site-content-layout":"default","site-content-style":"default","site-sidebar-style":"default","ast-global-header-display":"","ast-banner-title-visibility":"","ast-main-header-display":"","ast-hfb-above-header-display":"","ast-hfb-below-header-display":"","ast-hfb-mobile-header-display":"","site-post-title":"","ast-breadcrumbs-content":"","ast-featured-img":"","footer-sml-layout":"","ast-disable-related-posts":"","theme-transparent-header-meta":"","adv-header-id-meta":"","stick-header-meta":"","header-above-stick-meta":"","header-main-stick-meta":"","header-below-stick-meta":"","astra-migrate-meta-layouts":"default","ast-page-background-enabled":"default","ast-page-background-meta":{"desktop":{"background-color":"","background-image":"","background-repeat":"repeat","background-position":"center center","background-size":"auto","background-attachment":"scroll","background-type":"","background-media":"","overlay-type":"","overlay-color":"","overlay-opacity":"","overlay-gradient":""},"tablet":{"background-color":"","background-image":"","background-repeat":"repeat","background-position":"center center","background-size":"auto","background-attachment":"scroll","background-type":"","background-media":"","overlay-type":"","overlay-color":"","overlay-opacity":"","overlay-gradient":""},"mobile":{"background-color":"","background-image":"","background-repeat":"repeat","background-position":"center center","background-size":"auto","background-attachment":"scroll","background-type":"","background-media":"","overlay-type":"","overlay-color":"","overlay-opacity":"","overlay-gradient":""}},"ast-content-background-meta":{"desktop":{"background-color":"var(--ast-global-color-4)","background-image":"","background-repeat":"repeat","background-position":"center center","background-size":"auto","background-attachment":"scroll","background-type":"","background-media":"","overlay-type":"","overlay-color":"","overlay-opacity":"","overlay-gradient":""},"tablet":{"background-color":"var(--ast-global-color-4)","background-image":"","background-repeat":"repeat","background-position":"center center","background-size":"auto","background-attachment":"scroll","background-type":"","background-media":"","overlay-type":"","overlay-color":"","overlay-opacity":"","overlay-gradient":""},"mobile":{"background-color":"var(--ast-global-color-4)","background-image":"","background-repeat":"repeat","background-position":"center center","background-size":"auto","background-attachment":"scroll","background-type":"","background-media":"","overlay-type":"","overlay-color":"","overlay-opacity":"","overlay-gradient":""}}},"product_brand":[],"product_cat":[35],"product_tag":[],"class_list":{"0":"post-11138","1":"product","2":"type-product","3":"status-publish","4":"has-post-thumbnail","6":"product_cat-vaikams-ir-paaugliams","7":"desktop-align-left","8":"tablet-align-left","9":"mobile-align-left","11":"first","12":"outofstock","13":"shipping-taxable","14":"purchasable","15":"product-type-simple"},"acf":[],"yoast_head":"<!-- This site is optimized with the Yoast SEO plugin v27.0 - https:\/\/yoast.com\/product\/yoast-seo-wordpress\/ -->\n<title>Laim\u0117 yra lap\u0117<\/title>\n<meta name=\"description\" content=\"Lietuvi\u0173 autor\u0117s Evelinos Daci\u016bt\u0117s para\u0161yta ir Au\u0161ros Kiudulait\u0117s iliustruota tarptautinio pripa\u017einimo sulaukusi knyga vaikams\u00a0\u201cLaim\u0117 yra lap\u0117\u201d\u00a0yra\" \/>\n<meta name=\"robots\" content=\"index, follow, max-snippet:-1, max-image-preview:large, max-video-preview:-1\" \/>\n<link rel=\"canonical\" href=\"https:\/\/skaitytaknyga.lt\/en\/produktas\/evelina-daciute-laime-yra-lape\/\" \/>\n<meta property=\"og:locale\" content=\"en_GB\" \/>\n<meta property=\"og:locale:alternate\" content=\"lt_LT\" \/>\n<meta property=\"og:type\" content=\"article\" \/>\n<meta property=\"og:title\" content=\"Laim\u0117 yra lap\u0117\" \/>\n<meta property=\"og:description\" content=\"Lietuvi\u0173 autor\u0117s Evelinos Daci\u016bt\u0117s para\u0161yta ir Au\u0161ros Kiudulait\u0117s iliustruota tarptautinio pripa\u017einimo sulaukusi knyga vaikams\u00a0\u201cLaim\u0117 yra lap\u0117\u201d\u00a0yra\" \/>\n<meta property=\"og:url\" content=\"https:\/\/skaitytaknyga.lt\/en\/produktas\/evelina-daciute-laime-yra-lape\/\" \/>\n<meta property=\"og:site_name\" content=\"Skaitytaknyga\" \/>\n<meta property=\"article:publisher\" content=\"https:\/\/www.facebook.com\/skaitytaknyga\/\" \/>\n<meta property=\"article:modified_time\" content=\"2025-05-24T17:53:24+00:00\" \/>\n<meta property=\"og:image\" content=\"https:\/\/skaitytaknyga.lt\/wp-content\/uploads\/2024\/05\/laime-yra-lape-e1693677143940.jpg\" \/>\n\t<meta property=\"og:image:width\" content=\"412\" \/>\n\t<meta property=\"og:image:height\" content=\"523\" \/>\n\t<meta property=\"og:image:type\" content=\"image\/jpeg\" \/>\n<meta name=\"twitter:card\" content=\"summary_large_image\" \/>\n<meta name=\"twitter:label1\" content=\"Estimated reading time\" \/>\n\t<meta name=\"twitter:data1\" content=\"2 minutes\" \/>\n<script type=\"application\/ld+json\" class=\"yoast-schema-graph\">{\"@context\":\"https:\/\/schema.org\",\"@graph\":[{\"@type\":\"WebPage\",\"@id\":\"https:\/\/skaitytaknyga.lt\/produktas\/evelina-daciute-laime-yra-lape\/\",\"url\":\"https:\/\/skaitytaknyga.lt\/produktas\/evelina-daciute-laime-yra-lape\/\",\"name\":\"Laim\u0117 yra lap\u0117\",\"isPartOf\":{\"@id\":\"https:\/\/skaitytaknyga.lt\/#website\"},\"primaryImageOfPage\":{\"@id\":\"https:\/\/skaitytaknyga.lt\/produktas\/evelina-daciute-laime-yra-lape\/#primaryimage\"},\"image\":{\"@id\":\"https:\/\/skaitytaknyga.lt\/produktas\/evelina-daciute-laime-yra-lape\/#primaryimage\"},\"thumbnailUrl\":\"https:\/\/skaitytaknyga.lt\/wp-content\/uploads\/2024\/05\/laime-yra-lape-e1693677143940.jpg\",\"datePublished\":\"2024-05-04T19:30:02+00:00\",\"dateModified\":\"2025-05-24T17:53:24+00:00\",\"description\":\"Lietuvi\u0173 autor\u0117s Evelinos Daci\u016bt\u0117s para\u0161yta ir Au\u0161ros Kiudulait\u0117s iliustruota tarptautinio pripa\u017einimo sulaukusi knyga vaikams\u00a0\u201cLaim\u0117 yra lap\u0117\u201d\u00a0yra\",\"breadcrumb\":{\"@id\":\"https:\/\/skaitytaknyga.lt\/produktas\/evelina-daciute-laime-yra-lape\/#breadcrumb\"},\"inLanguage\":\"en-GB\",\"potentialAction\":[{\"@type\":\"ReadAction\",\"target\":[\"https:\/\/skaitytaknyga.lt\/produktas\/evelina-daciute-laime-yra-lape\/\"]}]},{\"@type\":\"ImageObject\",\"inLanguage\":\"en-GB\",\"@id\":\"https:\/\/skaitytaknyga.lt\/produktas\/evelina-daciute-laime-yra-lape\/#primaryimage\",\"url\":\"https:\/\/skaitytaknyga.lt\/wp-content\/uploads\/2024\/05\/laime-yra-lape-e1693677143940.jpg\",\"contentUrl\":\"https:\/\/skaitytaknyga.lt\/wp-content\/uploads\/2024\/05\/laime-yra-lape-e1693677143940.jpg\",\"width\":412,\"height\":523},{\"@type\":\"BreadcrumbList\",\"@id\":\"https:\/\/skaitytaknyga.lt\/produktas\/evelina-daciute-laime-yra-lape\/#breadcrumb\",\"itemListElement\":[{\"@type\":\"ListItem\",\"position\":1,\"name\":\"Home\",\"item\":\"https:\/\/skaitytaknyga.lt\/\"},{\"@type\":\"ListItem\",\"position\":2,\"name\":\"Parduotuv\u0117\",\"item\":\"https:\/\/skaitytaknyga.lt\/knygu-parduotuve\/\"},{\"@type\":\"ListItem\",\"position\":3,\"name\":\"Laim\u0117 yra lap\u0117\"}]},{\"@type\":\"WebSite\",\"@id\":\"https:\/\/skaitytaknyga.lt\/#website\",\"url\":\"https:\/\/skaitytaknyga.lt\/\",\"name\":\"skaitytaknyga.lt\",\"description\":\"Skaitytaknyga.lt \u2013 tai ma\u017eas \u0161eimos verslas, kuris prasid\u0117jo nuo meil\u0117s knygoms ir siekio i\u0161gelb\u0117ti knygas nuo likimo prie konteinerio. Kas vienam nereikalingas daiktas \u2013 kitam lobis, o mes esame tarpininkai, kurie padeda abiems tapti laimingesniems ???? \u017dinome kaip nelengva i\u0161gyventi ma\u017eiems verslams, tad nuo \u0161iol, \u010dia rasite ir kit\u0173, ma\u017e\u0173 \u0161eim\u0173 versl\u0173, rank\u0173 darbo, dovan\u0173 sau ir artimiesiems.\",\"publisher\":{\"@id\":\"https:\/\/skaitytaknyga.lt\/#organization\"},\"potentialAction\":[{\"@type\":\"SearchAction\",\"target\":{\"@type\":\"EntryPoint\",\"urlTemplate\":\"https:\/\/skaitytaknyga.lt\/?s={search_term_string}\"},\"query-input\":{\"@type\":\"PropertyValueSpecification\",\"valueRequired\":true,\"valueName\":\"search_term_string\"}}],\"inLanguage\":\"en-GB\"},{\"@type\":\"Organization\",\"@id\":\"https:\/\/skaitytaknyga.lt\/#organization\",\"name\":\"skaitytaknyga.lt\",\"url\":\"https:\/\/skaitytaknyga.lt\/\",\"logo\":{\"@type\":\"ImageObject\",\"inLanguage\":\"en-GB\",\"@id\":\"https:\/\/skaitytaknyga.lt\/#\/schema\/logo\/image\/\",\"url\":\"https:\/\/skaitytaknyga.lt\/wp-content\/uploads\/2024\/05\/cropped-cropped-cropped-02_00843_jt3bggkj1j3HLc7SyY6rEUpg.jpeg\",\"contentUrl\":\"https:\/\/skaitytaknyga.lt\/wp-content\/uploads\/2024\/05\/cropped-cropped-cropped-02_00843_jt3bggkj1j3HLc7SyY6rEUpg.jpeg\",\"width\":1600,\"height\":1600,\"caption\":\"skaitytaknyga.lt\"},\"image\":{\"@id\":\"https:\/\/skaitytaknyga.lt\/#\/schema\/logo\/image\/\"},\"sameAs\":[\"https:\/\/www.facebook.com\/skaitytaknyga\/\"]}]}<\/script>\n<!-- \/ Yoast SEO plugin. -->","yoast_head_json":{"title":"Laim\u0117 yra lap\u0117","description":"Lietuvi\u0173 autor\u0117s Evelinos Daci\u016bt\u0117s para\u0161yta ir Au\u0161ros Kiudulait\u0117s iliustruota tarptautinio pripa\u017einimo sulaukusi knyga vaikams\u00a0\u201cLaim\u0117 yra lap\u0117\u201d\u00a0yra","robots":{"index":"index","follow":"follow","max-snippet":"max-snippet:-1","max-image-preview":"max-image-preview:large","max-video-preview":"max-video-preview:-1"},"canonical":"https:\/\/skaitytaknyga.lt\/en\/produktas\/evelina-daciute-laime-yra-lape\/","og_locale":"en_GB","og_type":"article","og_title":"[:lt]Laim\u0117 yra lap\u0117[:] - Skaitytaknyga","og_description":"Lietuvi\u0173 autor\u0117s Evelinos Daci\u016bt\u0117s para\u0161yta ir Au\u0161ros Kiudulait\u0117s iliustruota tarptautinio pripa\u017einimo sulaukusi knyga vaikams\u00a0\u201cLaim\u0117 yra lap\u0117\u201d\u00a0yra","og_url":"https:\/\/skaitytaknyga.lt\/en\/produktas\/evelina-daciute-laime-yra-lape\/","og_site_name":"Skaitytaknyga","article_publisher":"https:\/\/www.facebook.com\/skaitytaknyga\/","article_modified_time":"2025-05-24T17:53:24+00:00","og_image":[{"width":412,"height":523,"url":"https:\/\/skaitytaknyga.lt\/wp-content\/uploads\/2024\/05\/laime-yra-lape-e1693677143940.jpg","type":"image\/jpeg"}],"twitter_card":"summary_large_image","twitter_misc":{"Estimated reading time":"2 minutes"},"schema":{"@context":"https:\/\/schema.org","@graph":[{"@type":"WebPage","@id":"https:\/\/skaitytaknyga.lt\/produktas\/evelina-daciute-laime-yra-lape\/","url":"https:\/\/skaitytaknyga.lt\/produktas\/evelina-daciute-laime-yra-lape\/","name":"Laim\u0117 yra lap\u0117","isPartOf":{"@id":"https:\/\/skaitytaknyga.lt\/#website"},"primaryImageOfPage":{"@id":"https:\/\/skaitytaknyga.lt\/produktas\/evelina-daciute-laime-yra-lape\/#primaryimage"},"image":{"@id":"https:\/\/skaitytaknyga.lt\/produktas\/evelina-daciute-laime-yra-lape\/#primaryimage"},"thumbnailUrl":"https:\/\/skaitytaknyga.lt\/wp-content\/uploads\/2024\/05\/laime-yra-lape-e1693677143940.jpg","datePublished":"2024-05-04T19:30:02+00:00","dateModified":"2025-05-24T17:53:24+00:00","description":"Lietuvi\u0173 autor\u0117s Evelinos Daci\u016bt\u0117s para\u0161yta ir Au\u0161ros Kiudulait\u0117s iliustruota tarptautinio pripa\u017einimo sulaukusi knyga vaikams\u00a0\u201cLaim\u0117 yra lap\u0117\u201d\u00a0yra","breadcrumb":{"@id":"https:\/\/skaitytaknyga.lt\/produktas\/evelina-daciute-laime-yra-lape\/#breadcrumb"},"inLanguage":"en-GB","potentialAction":[{"@type":"ReadAction","target":["https:\/\/skaitytaknyga.lt\/produktas\/evelina-daciute-laime-yra-lape\/"]}]},{"@type":"ImageObject","inLanguage":"en-GB","@id":"https:\/\/skaitytaknyga.lt\/produktas\/evelina-daciute-laime-yra-lape\/#primaryimage","url":"https:\/\/skaitytaknyga.lt\/wp-content\/uploads\/2024\/05\/laime-yra-lape-e1693677143940.jpg","contentUrl":"https:\/\/skaitytaknyga.lt\/wp-content\/uploads\/2024\/05\/laime-yra-lape-e1693677143940.jpg","width":412,"height":523},{"@type":"BreadcrumbList","@id":"https:\/\/skaitytaknyga.lt\/produktas\/evelina-daciute-laime-yra-lape\/#breadcrumb","itemListElement":[{"@type":"ListItem","position":1,"name":"Home","item":"https:\/\/skaitytaknyga.lt\/"},{"@type":"ListItem","position":2,"name":"Parduotuv\u0117","item":"https:\/\/skaitytaknyga.lt\/knygu-parduotuve\/"},{"@type":"ListItem","position":3,"name":"Laim\u0117 yra lap\u0117"}]},{"@type":"WebSite","@id":"https:\/\/skaitytaknyga.lt\/#website","url":"https:\/\/skaitytaknyga.lt\/","name":"skaitytaknyga.lt","description":"Skaitytaknyga.lt \u2013 tai ma\u017eas \u0161eimos verslas, kuris prasid\u0117jo nuo meil\u0117s knygoms ir siekio i\u0161gelb\u0117ti knygas nuo likimo prie konteinerio. Kas vienam nereikalingas daiktas \u2013 kitam lobis, o mes esame tarpininkai, kurie padeda abiems tapti laimingesniems ???? \u017dinome kaip nelengva i\u0161gyventi ma\u017eiems verslams, tad nuo \u0161iol, \u010dia rasite ir kit\u0173, ma\u017e\u0173 \u0161eim\u0173 versl\u0173, rank\u0173 darbo, dovan\u0173 sau ir artimiesiems.","publisher":{"@id":"https:\/\/skaitytaknyga.lt\/#organization"},"potentialAction":[{"@type":"SearchAction","target":{"@type":"EntryPoint","urlTemplate":"https:\/\/skaitytaknyga.lt\/?s={search_term_string}"},"query-input":{"@type":"PropertyValueSpecification","valueRequired":true,"valueName":"search_term_string"}}],"inLanguage":"en-GB"},{"@type":"Organization","@id":"https:\/\/skaitytaknyga.lt\/#organization","name":"skaitytaknyga.lt","url":"https:\/\/skaitytaknyga.lt\/","logo":{"@type":"ImageObject","inLanguage":"en-GB","@id":"https:\/\/skaitytaknyga.lt\/#\/schema\/logo\/image\/","url":"https:\/\/skaitytaknyga.lt\/wp-content\/uploads\/2024\/05\/cropped-cropped-cropped-02_00843_jt3bggkj1j3HLc7SyY6rEUpg.jpeg","contentUrl":"https:\/\/skaitytaknyga.lt\/wp-content\/uploads\/2024\/05\/cropped-cropped-cropped-02_00843_jt3bggkj1j3HLc7SyY6rEUpg.jpeg","width":1600,"height":1600,"caption":"skaitytaknyga.lt"},"image":{"@id":"https:\/\/skaitytaknyga.lt\/#\/schema\/logo\/image\/"},"sameAs":["https:\/\/www.facebook.com\/skaitytaknyga\/"]}]}},"_links":{"self":[{"href":"https:\/\/skaitytaknyga.lt\/en\/wp-json\/wp\/v2\/product\/11138","targetHints":{"allow":["GET"]}}],"collection":[{"href":"https:\/\/skaitytaknyga.lt\/en\/wp-json\/wp\/v2\/product"}],"about":[{"href":"https:\/\/skaitytaknyga.lt\/en\/wp-json\/wp\/v2\/types\/product"}],"replies":[{"embeddable":true,"href":"https:\/\/skaitytaknyga.lt\/en\/wp-json\/wp\/v2\/comments?post=11138"}],"wp:featuredmedia":[{"embeddable":true,"href":"https:\/\/skaitytaknyga.lt\/en\/wp-json\/wp\/v2\/media\/11179"}],"wp:attachment":[{"href":"https:\/\/skaitytaknyga.lt\/en\/wp-json\/wp\/v2\/media?parent=11138"}],"wp:term":[{"taxonomy":"product_brand","embeddable":true,"href":"https:\/\/skaitytaknyga.lt\/en\/wp-json\/wp\/v2\/product_brand?post=11138"},{"taxonomy":"product_cat","embeddable":true,"href":"https:\/\/skaitytaknyga.lt\/en\/wp-json\/wp\/v2\/product_cat?post=11138"},{"taxonomy":"product_tag","embeddable":true,"href":"https:\/\/skaitytaknyga.lt\/en\/wp-json\/wp\/v2\/product_tag?post=11138"}],"curies":[{"name":"wp","href":"https:\/\/api.w.org\/{rel}","templated":true}]}}