{"id":11131,"date":"2024-05-04T19:29:10","date_gmt":"2024-05-04T19:29:10","guid":{"rendered":"https:\/\/skaitytaknyga.lt\/?post_type=product&#038;p=11131"},"modified":"2026-03-05T16:16:37","modified_gmt":"2026-03-05T14:16:37","slug":"c-collodi-pinokio-nuotykiai","status":"publish","type":"product","link":"https:\/\/skaitytaknyga.lt\/en\/produktas\/c-collodi-pinokio-nuotykiai\/","title":{"rendered":"C. Collodi. Pinokio nuotykiai"},"content":{"rendered":"<p>Dailininkas K\u0119stutis Kasparavi\u010dius pagr\u012fstai gali b\u016bti laikomas \u017eymiausiu Lietuvos k\u016br\u0117ju vaikams. Jis yra iliustrav\u0119s apie 60 kit\u0173 autori\u0173 knyg\u0173, pats para\u0161\u0117 ir iliustravo vir\u0161 10 knyg\u0173 vaikams, du kartus nominuotas presti\u017einei H. K. Anderseno premijai, \u012fra\u0161ytas \u012f IBBY garb\u0117s s\u0105ra\u0161\u0105, o pernai nominuotas Astridos Lindgren atminimo premijai. \u0160alia to \u2013 daugyb\u0117 apdovanojim\u0173 Lietuvoje ir u\u017esienyje, met\u0173 knyg\u0173 nominacij\u0173 ir did\u017eiulis i\u0161tikim\u0173 gerb\u0117j\u0173 ratas.<\/p>\n<p>Visus K. Kasparavi\u010diaus k\u016brybos myl\u0117tojus tur\u0117t\u0173 nud\u017eiuginti sausio prad\u017eioje pasirod\u017eiusi nauja knyga, kuri\u0105 puo\u0161ia K. Kasparavi\u010diaus kurtos iliustracijos. Tai \u2013 klasikin\u0117 ital\u0173 ra\u0161ytojo Karlo Kolod\u017eio istorija \u201ePinokio nuotykiai. Medinuko istorija\u201c (leidykla \u201eNieko rimto\u201c).<\/p>\n<p>2013 m. \u0161iai istorijai sukako 130 met\u0173, o pirmieji \u201ePinokio nuotyki\u0173\u201c iliustracij\u0173 variantai buvo nupie\u0161ti dar 1993 m. Tuomet K. Kasparavi\u010di\u0173 susirado ir iliustruoti voki\u0161k\u0105 knygos leidim\u0105 pasi\u016bl\u0117 Miunsterio miesto leidykla \u201eCoppenrath Verlag\u201c. Voki\u0161k\u0105j\u012f leidim\u0105 sudar\u0117 48 puslapiai su sutrumpintu K. Kolod\u017eio tekstu i\u0161 knyg\u0173 serijos \u201eVaik\u0173 Literat\u016bros klasika\u201c. 2005 m. ta pati leidykla i\u0161leido nauj\u0105j\u012f, kiek ilgesn\u012f knygos leidim\u0105 su keliomis papildomomis iliustracijomis. \u0160iems leidimams K. Kasparavi\u010dius nupie\u0161\u0117 dideles spalvotas iliustracijas. 2002 m. lietuvi\u0161kai buvo pasirod\u0119s \u201ePinokio\u201c variantas su dailininko pie\u0161tomis ma\u017eyt\u0117mis, juodai baltomis iliustracijomis, ta\u010diau knygos su originaliomis spalvotomis teko palaukti iki \u0161i\u0173 met\u0173.<\/p>\n","protected":false},"excerpt":{"rendered":"<p>Dailininkas K\u0119stutis Kasparavi\u010dius pagr\u012fstai gali b\u016bti laikomas \u017eymiausiu Lietuvos k\u016br\u0117ju vaikams. Jis yra iliustrav\u0119s apie 60 kit\u0173 autori\u0173 knyg\u0173, pats para\u0161\u0117 ir iliustravo vir\u0161 10 knyg\u0173 vaikams, du kartus nominuotas presti\u017einei H. K. Anderseno premijai, \u012fra\u0161ytas \u012f IBBY garb\u0117s s\u0105ra\u0161\u0105, o pernai nominuotas Astridos Lindgren atminimo premijai. \u0160alia to \u2013 daugyb\u0117 apdovanojim\u0173 Lietuvoje ir u\u017esienyje, met\u0173 knyg\u0173 nominacij\u0173 ir did\u017eiulis i\u0161tikim\u0173 gerb\u0117j\u0173 ratas. Visus K. Kasparavi\u010diaus k\u016brybos myl\u0117tojus tur\u0117t\u0173 nud\u017eiuginti sausio prad\u017eioje pasirod\u017eiusi nauja knyga, kuri\u0105 puo\u0161ia K. Kasparavi\u010diaus kurtos iliustracijos. Tai \u2013 klasikin\u0117 ital\u0173 ra\u0161ytojo Karlo Kolod\u017eio istorija \u201ePinokio nuotykiai. Medinuko istorija\u201c (leidykla \u201eNieko rimto\u201c). 2013 m. \u0161iai istorijai sukako 130 met\u0173, o pirmieji \u201ePinokio nuotyki\u0173\u201c iliustracij\u0173 variantai buvo nupie\u0161ti dar 1993 m. Tuomet K. Kasparavi\u010di\u0173 susirado ir iliustruoti voki\u0161k\u0105 knygos leidim\u0105 pasi\u016bl\u0117 Miunsterio miesto leidykla \u201eCoppenrath Verlag\u201c. Voki\u0161k\u0105j\u012f leidim\u0105 sudar\u0117 48 puslapiai su sutrumpintu K. Kolod\u017eio tekstu i\u0161 knyg\u0173 serijos \u201eVaik\u0173 Literat\u016bros klasika\u201c. 2005 m. ta pati leidykla i\u0161leido nauj\u0105j\u012f, kiek ilgesn\u012f knygos leidim\u0105 su keliomis papildomomis iliustracijomis. \u0160iems leidimams K. Kasparavi\u010dius nupie\u0161\u0117 dideles spalvotas iliustracijas. 2002 m. lietuvi\u0161kai buvo pasirod\u0119s \u201ePinokio\u201c variantas su dailininko pie\u0161tomis ma\u017eyt\u0117mis, juodai baltomis iliustracijomis, ta\u010diau knygos su originaliomis spalvotomis teko palaukti iki \u0161i\u0173 met\u0173.<\/p>\n","protected":false},"featured_media":11171,"comment_status":"closed","ping_status":"closed","template":"","meta":{"_acf_changed":false,"site-sidebar-layout":"default","site-content-layout":"","ast-site-content-layout":"default","site-content-style":"default","site-sidebar-style":"default","ast-global-header-display":"","ast-banner-title-visibility":"","ast-main-header-display":"","ast-hfb-above-header-display":"","ast-hfb-below-header-display":"","ast-hfb-mobile-header-display":"","site-post-title":"","ast-breadcrumbs-content":"","ast-featured-img":"","footer-sml-layout":"","ast-disable-related-posts":"","theme-transparent-header-meta":"","adv-header-id-meta":"","stick-header-meta":"","header-above-stick-meta":"","header-main-stick-meta":"","header-below-stick-meta":"","astra-migrate-meta-layouts":"default","ast-page-background-enabled":"default","ast-page-background-meta":{"desktop":{"background-color":"","background-image":"","background-repeat":"repeat","background-position":"center center","background-size":"auto","background-attachment":"scroll","background-type":"","background-media":"","overlay-type":"","overlay-color":"","overlay-opacity":"","overlay-gradient":""},"tablet":{"background-color":"","background-image":"","background-repeat":"repeat","background-position":"center center","background-size":"auto","background-attachment":"scroll","background-type":"","background-media":"","overlay-type":"","overlay-color":"","overlay-opacity":"","overlay-gradient":""},"mobile":{"background-color":"","background-image":"","background-repeat":"repeat","background-position":"center center","background-size":"auto","background-attachment":"scroll","background-type":"","background-media":"","overlay-type":"","overlay-color":"","overlay-opacity":"","overlay-gradient":""}},"ast-content-background-meta":{"desktop":{"background-color":"var(--ast-global-color-4)","background-image":"","background-repeat":"repeat","background-position":"center center","background-size":"auto","background-attachment":"scroll","background-type":"","background-media":"","overlay-type":"","overlay-color":"","overlay-opacity":"","overlay-gradient":""},"tablet":{"background-color":"var(--ast-global-color-4)","background-image":"","background-repeat":"repeat","background-position":"center center","background-size":"auto","background-attachment":"scroll","background-type":"","background-media":"","overlay-type":"","overlay-color":"","overlay-opacity":"","overlay-gradient":""},"mobile":{"background-color":"var(--ast-global-color-4)","background-image":"","background-repeat":"repeat","background-position":"center center","background-size":"auto","background-attachment":"scroll","background-type":"","background-media":"","overlay-type":"","overlay-color":"","overlay-opacity":"","overlay-gradient":""}}},"product_brand":[],"product_cat":[9674],"product_tag":[],"class_list":{"0":"post-11131","1":"product","2":"type-product","3":"status-publish","4":"has-post-thumbnail","6":"product_cat-pradinukams","7":"desktop-align-left","8":"tablet-align-left","9":"mobile-align-left","11":"first","12":"outofstock","13":"shipping-taxable","14":"purchasable","15":"product-type-simple"},"acf":[],"yoast_head":"<!-- This site is optimized with the Yoast SEO plugin v27.0 - https:\/\/yoast.com\/product\/yoast-seo-wordpress\/ -->\n<title>C. Collodi. Pinokio nuotykiai - Skaitytaknyga<\/title>\n<meta name=\"description\" content=\"Dailininkas K\u0119stutis Kasparavi\u010dius pagr\u012fstai gali b\u016bti laikomas \u017eymiausiu Lietuvos k\u016br\u0117ju vaikams. Jis yra iliustrav\u0119s apie 60 kit\u0173 autori\u0173 knyg\u0173, pats\" \/>\n<meta name=\"robots\" content=\"index, follow, max-snippet:-1, max-image-preview:large, max-video-preview:-1\" \/>\n<link rel=\"canonical\" href=\"https:\/\/skaitytaknyga.lt\/en\/produktas\/c-collodi-pinokio-nuotykiai\/\" \/>\n<meta property=\"og:locale\" content=\"en_GB\" \/>\n<meta property=\"og:locale:alternate\" content=\"lt_LT\" \/>\n<meta property=\"og:type\" content=\"article\" \/>\n<meta property=\"og:title\" content=\"C. Collodi. Pinokio nuotykiai - Skaitytaknyga\" \/>\n<meta property=\"og:description\" content=\"Dailininkas K\u0119stutis Kasparavi\u010dius pagr\u012fstai gali b\u016bti laikomas \u017eymiausiu Lietuvos k\u016br\u0117ju vaikams. Jis yra iliustrav\u0119s apie 60 kit\u0173 autori\u0173 knyg\u0173, pats\" \/>\n<meta property=\"og:url\" content=\"https:\/\/skaitytaknyga.lt\/en\/produktas\/c-collodi-pinokio-nuotykiai\/\" \/>\n<meta property=\"og:site_name\" content=\"Skaitytaknyga\" \/>\n<meta property=\"article:publisher\" content=\"https:\/\/www.facebook.com\/skaitytaknyga\/\" \/>\n<meta property=\"article:modified_time\" content=\"2026-03-05T14:16:37+00:00\" \/>\n<meta property=\"og:image\" content=\"https:\/\/skaitytaknyga.lt\/wp-content\/uploads\/2024\/05\/20230902_202544-scaled-1.jpg\" \/>\n\t<meta property=\"og:image:width\" content=\"1632\" \/>\n\t<meta property=\"og:image:height\" content=\"2560\" \/>\n\t<meta property=\"og:image:type\" content=\"image\/jpeg\" \/>\n<meta name=\"twitter:card\" content=\"summary_large_image\" \/>\n<meta name=\"twitter:label1\" content=\"Estimated reading time\" \/>\n\t<meta name=\"twitter:data1\" content=\"1 minute\" \/>\n<script type=\"application\/ld+json\" class=\"yoast-schema-graph\">{\"@context\":\"https:\/\/schema.org\",\"@graph\":[{\"@type\":\"WebPage\",\"@id\":\"https:\/\/skaitytaknyga.lt\/produktas\/c-collodi-pinokio-nuotykiai\/\",\"url\":\"https:\/\/skaitytaknyga.lt\/produktas\/c-collodi-pinokio-nuotykiai\/\",\"name\":\"C. Collodi. Pinokio nuotykiai - Skaitytaknyga\",\"isPartOf\":{\"@id\":\"https:\/\/skaitytaknyga.lt\/#website\"},\"primaryImageOfPage\":{\"@id\":\"https:\/\/skaitytaknyga.lt\/produktas\/c-collodi-pinokio-nuotykiai\/#primaryimage\"},\"image\":{\"@id\":\"https:\/\/skaitytaknyga.lt\/produktas\/c-collodi-pinokio-nuotykiai\/#primaryimage\"},\"thumbnailUrl\":\"https:\/\/skaitytaknyga.lt\/wp-content\/uploads\/2024\/05\/20230902_202544-scaled-1.jpg\",\"datePublished\":\"2024-05-04T19:29:10+00:00\",\"dateModified\":\"2026-03-05T14:16:37+00:00\",\"description\":\"Dailininkas K\u0119stutis Kasparavi\u010dius pagr\u012fstai gali b\u016bti laikomas \u017eymiausiu Lietuvos k\u016br\u0117ju vaikams. Jis yra iliustrav\u0119s apie 60 kit\u0173 autori\u0173 knyg\u0173, pats\",\"breadcrumb\":{\"@id\":\"https:\/\/skaitytaknyga.lt\/produktas\/c-collodi-pinokio-nuotykiai\/#breadcrumb\"},\"inLanguage\":\"en-GB\",\"potentialAction\":[{\"@type\":\"ReadAction\",\"target\":[\"https:\/\/skaitytaknyga.lt\/produktas\/c-collodi-pinokio-nuotykiai\/\"]}]},{\"@type\":\"ImageObject\",\"inLanguage\":\"en-GB\",\"@id\":\"https:\/\/skaitytaknyga.lt\/produktas\/c-collodi-pinokio-nuotykiai\/#primaryimage\",\"url\":\"https:\/\/skaitytaknyga.lt\/wp-content\/uploads\/2024\/05\/20230902_202544-scaled-1.jpg\",\"contentUrl\":\"https:\/\/skaitytaknyga.lt\/wp-content\/uploads\/2024\/05\/20230902_202544-scaled-1.jpg\",\"width\":1632,\"height\":2560},{\"@type\":\"BreadcrumbList\",\"@id\":\"https:\/\/skaitytaknyga.lt\/produktas\/c-collodi-pinokio-nuotykiai\/#breadcrumb\",\"itemListElement\":[{\"@type\":\"ListItem\",\"position\":1,\"name\":\"Home\",\"item\":\"https:\/\/skaitytaknyga.lt\/\"},{\"@type\":\"ListItem\",\"position\":2,\"name\":\"Parduotuv\u0117\",\"item\":\"https:\/\/skaitytaknyga.lt\/knygu-parduotuve\/\"},{\"@type\":\"ListItem\",\"position\":3,\"name\":\"C. Collodi. Pinokio nuotykiai\"}]},{\"@type\":\"WebSite\",\"@id\":\"https:\/\/skaitytaknyga.lt\/#website\",\"url\":\"https:\/\/skaitytaknyga.lt\/\",\"name\":\"skaitytaknyga.lt\",\"description\":\"Skaitytaknyga.lt \u2013 tai ma\u017eas \u0161eimos verslas, kuris prasid\u0117jo nuo meil\u0117s knygoms ir siekio i\u0161gelb\u0117ti knygas nuo likimo prie konteinerio. Kas vienam nereikalingas daiktas \u2013 kitam lobis, o mes esame tarpininkai, kurie padeda abiems tapti laimingesniems ???? \u017dinome kaip nelengva i\u0161gyventi ma\u017eiems verslams, tad nuo \u0161iol, \u010dia rasite ir kit\u0173, ma\u017e\u0173 \u0161eim\u0173 versl\u0173, rank\u0173 darbo, dovan\u0173 sau ir artimiesiems.\",\"publisher\":{\"@id\":\"https:\/\/skaitytaknyga.lt\/#organization\"},\"potentialAction\":[{\"@type\":\"SearchAction\",\"target\":{\"@type\":\"EntryPoint\",\"urlTemplate\":\"https:\/\/skaitytaknyga.lt\/?s={search_term_string}\"},\"query-input\":{\"@type\":\"PropertyValueSpecification\",\"valueRequired\":true,\"valueName\":\"search_term_string\"}}],\"inLanguage\":\"en-GB\"},{\"@type\":\"Organization\",\"@id\":\"https:\/\/skaitytaknyga.lt\/#organization\",\"name\":\"skaitytaknyga.lt\",\"url\":\"https:\/\/skaitytaknyga.lt\/\",\"logo\":{\"@type\":\"ImageObject\",\"inLanguage\":\"en-GB\",\"@id\":\"https:\/\/skaitytaknyga.lt\/#\/schema\/logo\/image\/\",\"url\":\"https:\/\/skaitytaknyga.lt\/wp-content\/uploads\/2024\/05\/cropped-cropped-cropped-02_00843_jt3bggkj1j3HLc7SyY6rEUpg.jpeg\",\"contentUrl\":\"https:\/\/skaitytaknyga.lt\/wp-content\/uploads\/2024\/05\/cropped-cropped-cropped-02_00843_jt3bggkj1j3HLc7SyY6rEUpg.jpeg\",\"width\":1600,\"height\":1600,\"caption\":\"skaitytaknyga.lt\"},\"image\":{\"@id\":\"https:\/\/skaitytaknyga.lt\/#\/schema\/logo\/image\/\"},\"sameAs\":[\"https:\/\/www.facebook.com\/skaitytaknyga\/\"]}]}<\/script>\n<!-- \/ Yoast SEO plugin. -->","yoast_head_json":{"title":"C. Collodi. Pinokio nuotykiai - Skaitytaknyga","description":"Dailininkas K\u0119stutis Kasparavi\u010dius pagr\u012fstai gali b\u016bti laikomas \u017eymiausiu Lietuvos k\u016br\u0117ju vaikams. Jis yra iliustrav\u0119s apie 60 kit\u0173 autori\u0173 knyg\u0173, pats","robots":{"index":"index","follow":"follow","max-snippet":"max-snippet:-1","max-image-preview":"max-image-preview:large","max-video-preview":"max-video-preview:-1"},"canonical":"https:\/\/skaitytaknyga.lt\/en\/produktas\/c-collodi-pinokio-nuotykiai\/","og_locale":"en_GB","og_type":"article","og_title":"C. Collodi. Pinokio nuotykiai - Skaitytaknyga","og_description":"Dailininkas K\u0119stutis Kasparavi\u010dius pagr\u012fstai gali b\u016bti laikomas \u017eymiausiu Lietuvos k\u016br\u0117ju vaikams. Jis yra iliustrav\u0119s apie 60 kit\u0173 autori\u0173 knyg\u0173, pats","og_url":"https:\/\/skaitytaknyga.lt\/en\/produktas\/c-collodi-pinokio-nuotykiai\/","og_site_name":"Skaitytaknyga","article_publisher":"https:\/\/www.facebook.com\/skaitytaknyga\/","article_modified_time":"2026-03-05T14:16:37+00:00","og_image":[{"width":1632,"height":2560,"url":"https:\/\/skaitytaknyga.lt\/wp-content\/uploads\/2024\/05\/20230902_202544-scaled-1.jpg","type":"image\/jpeg"}],"twitter_card":"summary_large_image","twitter_misc":{"Estimated reading time":"1 minute"},"schema":{"@context":"https:\/\/schema.org","@graph":[{"@type":"WebPage","@id":"https:\/\/skaitytaknyga.lt\/produktas\/c-collodi-pinokio-nuotykiai\/","url":"https:\/\/skaitytaknyga.lt\/produktas\/c-collodi-pinokio-nuotykiai\/","name":"C. Collodi. Pinokio nuotykiai - Skaitytaknyga","isPartOf":{"@id":"https:\/\/skaitytaknyga.lt\/#website"},"primaryImageOfPage":{"@id":"https:\/\/skaitytaknyga.lt\/produktas\/c-collodi-pinokio-nuotykiai\/#primaryimage"},"image":{"@id":"https:\/\/skaitytaknyga.lt\/produktas\/c-collodi-pinokio-nuotykiai\/#primaryimage"},"thumbnailUrl":"https:\/\/skaitytaknyga.lt\/wp-content\/uploads\/2024\/05\/20230902_202544-scaled-1.jpg","datePublished":"2024-05-04T19:29:10+00:00","dateModified":"2026-03-05T14:16:37+00:00","description":"Dailininkas K\u0119stutis Kasparavi\u010dius pagr\u012fstai gali b\u016bti laikomas \u017eymiausiu Lietuvos k\u016br\u0117ju vaikams. Jis yra iliustrav\u0119s apie 60 kit\u0173 autori\u0173 knyg\u0173, pats","breadcrumb":{"@id":"https:\/\/skaitytaknyga.lt\/produktas\/c-collodi-pinokio-nuotykiai\/#breadcrumb"},"inLanguage":"en-GB","potentialAction":[{"@type":"ReadAction","target":["https:\/\/skaitytaknyga.lt\/produktas\/c-collodi-pinokio-nuotykiai\/"]}]},{"@type":"ImageObject","inLanguage":"en-GB","@id":"https:\/\/skaitytaknyga.lt\/produktas\/c-collodi-pinokio-nuotykiai\/#primaryimage","url":"https:\/\/skaitytaknyga.lt\/wp-content\/uploads\/2024\/05\/20230902_202544-scaled-1.jpg","contentUrl":"https:\/\/skaitytaknyga.lt\/wp-content\/uploads\/2024\/05\/20230902_202544-scaled-1.jpg","width":1632,"height":2560},{"@type":"BreadcrumbList","@id":"https:\/\/skaitytaknyga.lt\/produktas\/c-collodi-pinokio-nuotykiai\/#breadcrumb","itemListElement":[{"@type":"ListItem","position":1,"name":"Home","item":"https:\/\/skaitytaknyga.lt\/"},{"@type":"ListItem","position":2,"name":"Parduotuv\u0117","item":"https:\/\/skaitytaknyga.lt\/knygu-parduotuve\/"},{"@type":"ListItem","position":3,"name":"C. Collodi. Pinokio nuotykiai"}]},{"@type":"WebSite","@id":"https:\/\/skaitytaknyga.lt\/#website","url":"https:\/\/skaitytaknyga.lt\/","name":"skaitytaknyga.lt","description":"Skaitytaknyga.lt \u2013 tai ma\u017eas \u0161eimos verslas, kuris prasid\u0117jo nuo meil\u0117s knygoms ir siekio i\u0161gelb\u0117ti knygas nuo likimo prie konteinerio. Kas vienam nereikalingas daiktas \u2013 kitam lobis, o mes esame tarpininkai, kurie padeda abiems tapti laimingesniems ???? \u017dinome kaip nelengva i\u0161gyventi ma\u017eiems verslams, tad nuo \u0161iol, \u010dia rasite ir kit\u0173, ma\u017e\u0173 \u0161eim\u0173 versl\u0173, rank\u0173 darbo, dovan\u0173 sau ir artimiesiems.","publisher":{"@id":"https:\/\/skaitytaknyga.lt\/#organization"},"potentialAction":[{"@type":"SearchAction","target":{"@type":"EntryPoint","urlTemplate":"https:\/\/skaitytaknyga.lt\/?s={search_term_string}"},"query-input":{"@type":"PropertyValueSpecification","valueRequired":true,"valueName":"search_term_string"}}],"inLanguage":"en-GB"},{"@type":"Organization","@id":"https:\/\/skaitytaknyga.lt\/#organization","name":"skaitytaknyga.lt","url":"https:\/\/skaitytaknyga.lt\/","logo":{"@type":"ImageObject","inLanguage":"en-GB","@id":"https:\/\/skaitytaknyga.lt\/#\/schema\/logo\/image\/","url":"https:\/\/skaitytaknyga.lt\/wp-content\/uploads\/2024\/05\/cropped-cropped-cropped-02_00843_jt3bggkj1j3HLc7SyY6rEUpg.jpeg","contentUrl":"https:\/\/skaitytaknyga.lt\/wp-content\/uploads\/2024\/05\/cropped-cropped-cropped-02_00843_jt3bggkj1j3HLc7SyY6rEUpg.jpeg","width":1600,"height":1600,"caption":"skaitytaknyga.lt"},"image":{"@id":"https:\/\/skaitytaknyga.lt\/#\/schema\/logo\/image\/"},"sameAs":["https:\/\/www.facebook.com\/skaitytaknyga\/"]}]}},"_links":{"self":[{"href":"https:\/\/skaitytaknyga.lt\/en\/wp-json\/wp\/v2\/product\/11131","targetHints":{"allow":["GET"]}}],"collection":[{"href":"https:\/\/skaitytaknyga.lt\/en\/wp-json\/wp\/v2\/product"}],"about":[{"href":"https:\/\/skaitytaknyga.lt\/en\/wp-json\/wp\/v2\/types\/product"}],"replies":[{"embeddable":true,"href":"https:\/\/skaitytaknyga.lt\/en\/wp-json\/wp\/v2\/comments?post=11131"}],"wp:featuredmedia":[{"embeddable":true,"href":"https:\/\/skaitytaknyga.lt\/en\/wp-json\/wp\/v2\/media\/11171"}],"wp:attachment":[{"href":"https:\/\/skaitytaknyga.lt\/en\/wp-json\/wp\/v2\/media?parent=11131"}],"wp:term":[{"taxonomy":"product_brand","embeddable":true,"href":"https:\/\/skaitytaknyga.lt\/en\/wp-json\/wp\/v2\/product_brand?post=11131"},{"taxonomy":"product_cat","embeddable":true,"href":"https:\/\/skaitytaknyga.lt\/en\/wp-json\/wp\/v2\/product_cat?post=11131"},{"taxonomy":"product_tag","embeddable":true,"href":"https:\/\/skaitytaknyga.lt\/en\/wp-json\/wp\/v2\/product_tag?post=11131"}],"curies":[{"name":"wp","href":"https:\/\/api.w.org\/{rel}","templated":true}]}}