{"id":11130,"date":"2024-05-04T19:29:10","date_gmt":"2024-05-04T19:29:10","guid":{"rendered":"https:\/\/skaitytaknyga.lt\/?post_type=product&#038;p=11130"},"modified":"2024-05-04T19:33:30","modified_gmt":"2024-05-04T19:33:30","slug":"apsaugokime-zeme-didieji-aplinkosaugos-tikslai","status":"publish","type":"product","link":"https:\/\/skaitytaknyga.lt\/en\/produktas\/apsaugokime-zeme-didieji-aplinkosaugos-tikslai\/","title":{"rendered":"Apsaugokime \u017dem\u0119. Didieji aplinkosaugos tikslai"},"content":{"rendered":"<div class=\"tab-content col-xs-12\">\n<div id=\"tab-description\" class=\"tab-pane active\">\n<p>\u0160iandien r\u016bpintis aplinka jau ne mados reikalas, o b\u016btinyb\u0117. \u0160ios knygos tikslas \u2013 suteikti skaitytojams kelet\u0105 papras\u010diausi\u0173 orientyr\u0173, kad jie suprast\u0173 svarbiausias temas, susijusias su aplinka ir jos tikslais: tai \u017eem\u0117 ir ekologija, gyv\u016bn\u0173 r\u016b\u0161ys, gamtos katastrof\u0173 prevencija ir kontrol\u0117, i\u0161kastinis kuras, atomin\u0117 ir atsinaujinan\u010dios energijos, \u017eemdirbyst\u0117 ir vandens \u016bkis, tar\u0161a ir atliek\u0173 tvarkymas.<\/p>\n<p>Jei \u0161iandien suteiksime vaikams nauding\u0173 \u017eini\u0173, kad jie suprast\u0173, kas grasina m\u016bs\u0173 planetos gerovei, tai ryt jie pasinaudos \u017einiomis ir taps aktyviais gamtosaugininkais.<br \/>\nGyvas ir lengvai suprantamas tekstas, kur autorius supa\u017eindina skaitytoj\u0105 su sud\u0117tingiausiomis temomis.<\/p>\n<p>Nuolat pasikartojan\u010dios rubrikos (vaiki\u0161kas klausimas, informacija skai\u010diais, svarbiausios datos ir kt.) pateikia informacij\u0105 glaustai, o i\u0161 ar\u010diau \u2013 i\u0161pl\u0117toja kur\u012f nors vien\u0105 siu\u017eeto aspekt\u0105.<br \/>\nVir\u0161elio atvrte rasite ekologijos \u017eodyn\u0117l\u012f: beveik \u0161imt\u0105 \u017eod\u017ei\u0173, susijusi\u0173 su aplinka; juos lengva rasti never\u010diant knygos puslapi\u0173.<\/p>\n<p>Ai\u0161kiai sumaketuota med\u017eiaga ir iliustracij\u0173 \u012fvairov\u0117 (kompiuterin\u0117 grafika, realistin\u0117s iliustracijos, humoristiniai pie\u0161inukai, fotografijos).<br \/>\nA\u0161tuonios pagrindin\u0117s temos, apibendrintos kompiuterine grafika (energija, GMO, \u017dem\u0117s apsauga, sveikata ir t. t.).<\/p>\n<p>Visiems jauniesiems pilie\u010diams nuo 10 met\u0173, susir\u016bpinusiems m\u016bs\u0173 planetos ekologija.<\/p>\n<\/div>\n<\/div>\n","protected":false},"excerpt":{"rendered":"<p>\u0160iandien r\u016bpintis aplinka jau ne mados reikalas, o b\u016btinyb\u0117. \u0160ios knygos tikslas \u2013 suteikti skaitytojams kelet\u0105 papras\u010diausi\u0173 orientyr\u0173, kad jie suprast\u0173 svarbiausias temas, susijusias su aplinka ir jos tikslais: tai \u017eem\u0117 ir ekologija, gyv\u016bn\u0173 r\u016b\u0161ys, gamtos katastrof\u0173 prevencija ir kontrol\u0117, i\u0161kastinis kuras, atomin\u0117 ir atsinaujinan\u010dios energijos, \u017eemdirbyst\u0117 ir vandens \u016bkis, tar\u0161a ir atliek\u0173 tvarkymas. Jei \u0161iandien suteiksime vaikams nauding\u0173 \u017eini\u0173, kad jie suprast\u0173, kas grasina m\u016bs\u0173 planetos gerovei, tai ryt jie pasinaudos \u017einiomis ir taps aktyviais gamtosaugininkais. Gyvas ir lengvai suprantamas tekstas, kur autorius supa\u017eindina skaitytoj\u0105 su sud\u0117tingiausiomis temomis. Nuolat pasikartojan\u010dios rubrikos (vaiki\u0161kas klausimas, informacija skai\u010diais, svarbiausios datos ir kt.) pateikia informacij\u0105 glaustai, o i\u0161 ar\u010diau \u2013 i\u0161pl\u0117toja kur\u012f nors vien\u0105 siu\u017eeto aspekt\u0105. Vir\u0161elio atvrte rasite ekologijos \u017eodyn\u0117l\u012f: beveik \u0161imt\u0105 \u017eod\u017ei\u0173, susijusi\u0173 su aplinka; juos lengva rasti never\u010diant knygos puslapi\u0173. Ai\u0161kiai sumaketuota med\u017eiaga ir iliustracij\u0173 \u012fvairov\u0117 (kompiuterin\u0117 grafika, realistin\u0117s iliustracijos, humoristiniai pie\u0161inukai, fotografijos). A\u0161tuonios pagrindin\u0117s temos, apibendrintos kompiuterine grafika (energija, GMO, \u017dem\u0117s apsauga, sveikata ir t. t.). Visiems jauniesiems pilie\u010diams nuo 10 met\u0173, susir\u016bpinusiems m\u016bs\u0173 planetos ekologija.<\/p>\n","protected":false},"featured_media":11168,"comment_status":"closed","ping_status":"closed","template":"","meta":{"_acf_changed":false,"site-sidebar-layout":"default","site-content-layout":"","ast-site-content-layout":"default","site-content-style":"default","site-sidebar-style":"default","ast-global-header-display":"","ast-banner-title-visibility":"","ast-main-header-display":"","ast-hfb-above-header-display":"","ast-hfb-below-header-display":"","ast-hfb-mobile-header-display":"","site-post-title":"","ast-breadcrumbs-content":"","ast-featured-img":"","footer-sml-layout":"","ast-disable-related-posts":"","theme-transparent-header-meta":"","adv-header-id-meta":"","stick-header-meta":"","header-above-stick-meta":"","header-main-stick-meta":"","header-below-stick-meta":"","astra-migrate-meta-layouts":"default","ast-page-background-enabled":"default","ast-page-background-meta":{"desktop":{"background-color":"","background-image":"","background-repeat":"repeat","background-position":"center center","background-size":"auto","background-attachment":"scroll","background-type":"","background-media":"","overlay-type":"","overlay-color":"","overlay-opacity":"","overlay-gradient":""},"tablet":{"background-color":"","background-image":"","background-repeat":"repeat","background-position":"center center","background-size":"auto","background-attachment":"scroll","background-type":"","background-media":"","overlay-type":"","overlay-color":"","overlay-opacity":"","overlay-gradient":""},"mobile":{"background-color":"","background-image":"","background-repeat":"repeat","background-position":"center center","background-size":"auto","background-attachment":"scroll","background-type":"","background-media":"","overlay-type":"","overlay-color":"","overlay-opacity":"","overlay-gradient":""}},"ast-content-background-meta":{"desktop":{"background-color":"var(--ast-global-color-4)","background-image":"","background-repeat":"repeat","background-position":"center center","background-size":"auto","background-attachment":"scroll","background-type":"","background-media":"","overlay-type":"","overlay-color":"","overlay-opacity":"","overlay-gradient":""},"tablet":{"background-color":"var(--ast-global-color-4)","background-image":"","background-repeat":"repeat","background-position":"center center","background-size":"auto","background-attachment":"scroll","background-type":"","background-media":"","overlay-type":"","overlay-color":"","overlay-opacity":"","overlay-gradient":""},"mobile":{"background-color":"var(--ast-global-color-4)","background-image":"","background-repeat":"repeat","background-position":"center center","background-size":"auto","background-attachment":"scroll","background-type":"","background-media":"","overlay-type":"","overlay-color":"","overlay-opacity":"","overlay-gradient":""}}},"product_brand":[],"product_cat":[35],"product_tag":[],"class_list":{"0":"post-11130","1":"product","2":"type-product","3":"status-publish","4":"has-post-thumbnail","6":"product_cat-vaikams-ir-paaugliams","7":"desktop-align-left","8":"tablet-align-left","9":"mobile-align-left","11":"first","12":"outofstock","13":"shipping-taxable","14":"purchasable","15":"product-type-simple"},"acf":[],"yoast_head":"<!-- This site is optimized with the Yoast SEO plugin v27.0 - https:\/\/yoast.com\/product\/yoast-seo-wordpress\/ -->\n<title>Apsaugokime \u017dem\u0119. Didieji aplinkosaugos tikslai - Skaitytaknyga<\/title>\n<meta name=\"description\" content=\"\u0160iandien r\u016bpintis aplinka jau ne mados reikalas, o b\u016btinyb\u0117. \u0160ios knygos tikslas \u2013 suteikti skaitytojams kelet\u0105 papras\u010diausi\u0173 orientyr\u0173, kad jie suprast\u0173\" \/>\n<meta name=\"robots\" content=\"index, follow, max-snippet:-1, max-image-preview:large, max-video-preview:-1\" \/>\n<link rel=\"canonical\" href=\"https:\/\/skaitytaknyga.lt\/en\/produktas\/apsaugokime-zeme-didieji-aplinkosaugos-tikslai\/\" \/>\n<meta property=\"og:locale\" content=\"en_GB\" \/>\n<meta property=\"og:locale:alternate\" content=\"lt_LT\" \/>\n<meta property=\"og:type\" content=\"article\" \/>\n<meta property=\"og:title\" content=\"Apsaugokime \u017dem\u0119. Didieji aplinkosaugos tikslai - Skaitytaknyga\" \/>\n<meta property=\"og:description\" content=\"\u0160iandien r\u016bpintis aplinka jau ne mados reikalas, o b\u016btinyb\u0117. \u0160ios knygos tikslas \u2013 suteikti skaitytojams kelet\u0105 papras\u010diausi\u0173 orientyr\u0173, kad jie suprast\u0173\" \/>\n<meta property=\"og:url\" content=\"https:\/\/skaitytaknyga.lt\/en\/produktas\/apsaugokime-zeme-didieji-aplinkosaugos-tikslai\/\" \/>\n<meta property=\"og:site_name\" content=\"Skaitytaknyga\" \/>\n<meta property=\"article:publisher\" content=\"https:\/\/www.facebook.com\/skaitytaknyga\/\" \/>\n<meta property=\"article:modified_time\" content=\"2024-05-04T19:33:30+00:00\" \/>\n<meta property=\"og:image\" content=\"https:\/\/skaitytaknyga.lt\/wp-content\/uploads\/2024\/05\/20230902_201957.jpg\" \/>\n\t<meta property=\"og:image:width\" content=\"1812\" \/>\n\t<meta property=\"og:image:height\" content=\"2416\" \/>\n\t<meta property=\"og:image:type\" content=\"image\/jpeg\" \/>\n<meta name=\"twitter:card\" content=\"summary_large_image\" \/>\n<meta name=\"twitter:label1\" content=\"Estimated reading time\" \/>\n\t<meta name=\"twitter:data1\" content=\"1 minute\" \/>\n<script type=\"application\/ld+json\" class=\"yoast-schema-graph\">{\"@context\":\"https:\/\/schema.org\",\"@graph\":[{\"@type\":\"WebPage\",\"@id\":\"https:\/\/skaitytaknyga.lt\/produktas\/apsaugokime-zeme-didieji-aplinkosaugos-tikslai\/\",\"url\":\"https:\/\/skaitytaknyga.lt\/produktas\/apsaugokime-zeme-didieji-aplinkosaugos-tikslai\/\",\"name\":\"Apsaugokime \u017dem\u0119. Didieji aplinkosaugos tikslai - Skaitytaknyga\",\"isPartOf\":{\"@id\":\"https:\/\/skaitytaknyga.lt\/#website\"},\"primaryImageOfPage\":{\"@id\":\"https:\/\/skaitytaknyga.lt\/produktas\/apsaugokime-zeme-didieji-aplinkosaugos-tikslai\/#primaryimage\"},\"image\":{\"@id\":\"https:\/\/skaitytaknyga.lt\/produktas\/apsaugokime-zeme-didieji-aplinkosaugos-tikslai\/#primaryimage\"},\"thumbnailUrl\":\"https:\/\/skaitytaknyga.lt\/wp-content\/uploads\/2024\/05\/20230902_201957.jpg\",\"datePublished\":\"2024-05-04T19:29:10+00:00\",\"dateModified\":\"2024-05-04T19:33:30+00:00\",\"description\":\"\u0160iandien r\u016bpintis aplinka jau ne mados reikalas, o b\u016btinyb\u0117. \u0160ios knygos tikslas \u2013 suteikti skaitytojams kelet\u0105 papras\u010diausi\u0173 orientyr\u0173, kad jie suprast\u0173\",\"breadcrumb\":{\"@id\":\"https:\/\/skaitytaknyga.lt\/produktas\/apsaugokime-zeme-didieji-aplinkosaugos-tikslai\/#breadcrumb\"},\"inLanguage\":\"en-GB\",\"potentialAction\":[{\"@type\":\"ReadAction\",\"target\":[\"https:\/\/skaitytaknyga.lt\/produktas\/apsaugokime-zeme-didieji-aplinkosaugos-tikslai\/\"]}]},{\"@type\":\"ImageObject\",\"inLanguage\":\"en-GB\",\"@id\":\"https:\/\/skaitytaknyga.lt\/produktas\/apsaugokime-zeme-didieji-aplinkosaugos-tikslai\/#primaryimage\",\"url\":\"https:\/\/skaitytaknyga.lt\/wp-content\/uploads\/2024\/05\/20230902_201957.jpg\",\"contentUrl\":\"https:\/\/skaitytaknyga.lt\/wp-content\/uploads\/2024\/05\/20230902_201957.jpg\",\"width\":1812,\"height\":2416},{\"@type\":\"BreadcrumbList\",\"@id\":\"https:\/\/skaitytaknyga.lt\/produktas\/apsaugokime-zeme-didieji-aplinkosaugos-tikslai\/#breadcrumb\",\"itemListElement\":[{\"@type\":\"ListItem\",\"position\":1,\"name\":\"Home\",\"item\":\"https:\/\/skaitytaknyga.lt\/\"},{\"@type\":\"ListItem\",\"position\":2,\"name\":\"Parduotuv\u0117\",\"item\":\"https:\/\/skaitytaknyga.lt\/knygu-parduotuve\/\"},{\"@type\":\"ListItem\",\"position\":3,\"name\":\"Apsaugokime \u017dem\u0119. Didieji aplinkosaugos tikslai\"}]},{\"@type\":\"WebSite\",\"@id\":\"https:\/\/skaitytaknyga.lt\/#website\",\"url\":\"https:\/\/skaitytaknyga.lt\/\",\"name\":\"skaitytaknyga.lt\",\"description\":\"Skaitytaknyga.lt \u2013 tai ma\u017eas \u0161eimos verslas, kuris prasid\u0117jo nuo meil\u0117s knygoms ir siekio i\u0161gelb\u0117ti knygas nuo likimo prie konteinerio. Kas vienam nereikalingas daiktas \u2013 kitam lobis, o mes esame tarpininkai, kurie padeda abiems tapti laimingesniems ???? \u017dinome kaip nelengva i\u0161gyventi ma\u017eiems verslams, tad nuo \u0161iol, \u010dia rasite ir kit\u0173, ma\u017e\u0173 \u0161eim\u0173 versl\u0173, rank\u0173 darbo, dovan\u0173 sau ir artimiesiems.\",\"publisher\":{\"@id\":\"https:\/\/skaitytaknyga.lt\/#organization\"},\"potentialAction\":[{\"@type\":\"SearchAction\",\"target\":{\"@type\":\"EntryPoint\",\"urlTemplate\":\"https:\/\/skaitytaknyga.lt\/?s={search_term_string}\"},\"query-input\":{\"@type\":\"PropertyValueSpecification\",\"valueRequired\":true,\"valueName\":\"search_term_string\"}}],\"inLanguage\":\"en-GB\"},{\"@type\":\"Organization\",\"@id\":\"https:\/\/skaitytaknyga.lt\/#organization\",\"name\":\"skaitytaknyga.lt\",\"url\":\"https:\/\/skaitytaknyga.lt\/\",\"logo\":{\"@type\":\"ImageObject\",\"inLanguage\":\"en-GB\",\"@id\":\"https:\/\/skaitytaknyga.lt\/#\/schema\/logo\/image\/\",\"url\":\"https:\/\/skaitytaknyga.lt\/wp-content\/uploads\/2024\/05\/cropped-cropped-cropped-02_00843_jt3bggkj1j3HLc7SyY6rEUpg.jpeg\",\"contentUrl\":\"https:\/\/skaitytaknyga.lt\/wp-content\/uploads\/2024\/05\/cropped-cropped-cropped-02_00843_jt3bggkj1j3HLc7SyY6rEUpg.jpeg\",\"width\":1600,\"height\":1600,\"caption\":\"skaitytaknyga.lt\"},\"image\":{\"@id\":\"https:\/\/skaitytaknyga.lt\/#\/schema\/logo\/image\/\"},\"sameAs\":[\"https:\/\/www.facebook.com\/skaitytaknyga\/\"]}]}<\/script>\n<!-- \/ Yoast SEO plugin. -->","yoast_head_json":{"title":"Apsaugokime \u017dem\u0119. Didieji aplinkosaugos tikslai - Skaitytaknyga","description":"\u0160iandien r\u016bpintis aplinka jau ne mados reikalas, o b\u016btinyb\u0117. \u0160ios knygos tikslas \u2013 suteikti skaitytojams kelet\u0105 papras\u010diausi\u0173 orientyr\u0173, kad jie suprast\u0173","robots":{"index":"index","follow":"follow","max-snippet":"max-snippet:-1","max-image-preview":"max-image-preview:large","max-video-preview":"max-video-preview:-1"},"canonical":"https:\/\/skaitytaknyga.lt\/en\/produktas\/apsaugokime-zeme-didieji-aplinkosaugos-tikslai\/","og_locale":"en_GB","og_type":"article","og_title":"Apsaugokime \u017dem\u0119. Didieji aplinkosaugos tikslai - Skaitytaknyga","og_description":"\u0160iandien r\u016bpintis aplinka jau ne mados reikalas, o b\u016btinyb\u0117. \u0160ios knygos tikslas \u2013 suteikti skaitytojams kelet\u0105 papras\u010diausi\u0173 orientyr\u0173, kad jie suprast\u0173","og_url":"https:\/\/skaitytaknyga.lt\/en\/produktas\/apsaugokime-zeme-didieji-aplinkosaugos-tikslai\/","og_site_name":"Skaitytaknyga","article_publisher":"https:\/\/www.facebook.com\/skaitytaknyga\/","article_modified_time":"2024-05-04T19:33:30+00:00","og_image":[{"width":1812,"height":2416,"url":"https:\/\/skaitytaknyga.lt\/wp-content\/uploads\/2024\/05\/20230902_201957.jpg","type":"image\/jpeg"}],"twitter_card":"summary_large_image","twitter_misc":{"Estimated reading time":"1 minute"},"schema":{"@context":"https:\/\/schema.org","@graph":[{"@type":"WebPage","@id":"https:\/\/skaitytaknyga.lt\/produktas\/apsaugokime-zeme-didieji-aplinkosaugos-tikslai\/","url":"https:\/\/skaitytaknyga.lt\/produktas\/apsaugokime-zeme-didieji-aplinkosaugos-tikslai\/","name":"Apsaugokime \u017dem\u0119. Didieji aplinkosaugos tikslai - Skaitytaknyga","isPartOf":{"@id":"https:\/\/skaitytaknyga.lt\/#website"},"primaryImageOfPage":{"@id":"https:\/\/skaitytaknyga.lt\/produktas\/apsaugokime-zeme-didieji-aplinkosaugos-tikslai\/#primaryimage"},"image":{"@id":"https:\/\/skaitytaknyga.lt\/produktas\/apsaugokime-zeme-didieji-aplinkosaugos-tikslai\/#primaryimage"},"thumbnailUrl":"https:\/\/skaitytaknyga.lt\/wp-content\/uploads\/2024\/05\/20230902_201957.jpg","datePublished":"2024-05-04T19:29:10+00:00","dateModified":"2024-05-04T19:33:30+00:00","description":"\u0160iandien r\u016bpintis aplinka jau ne mados reikalas, o b\u016btinyb\u0117. \u0160ios knygos tikslas \u2013 suteikti skaitytojams kelet\u0105 papras\u010diausi\u0173 orientyr\u0173, kad jie suprast\u0173","breadcrumb":{"@id":"https:\/\/skaitytaknyga.lt\/produktas\/apsaugokime-zeme-didieji-aplinkosaugos-tikslai\/#breadcrumb"},"inLanguage":"en-GB","potentialAction":[{"@type":"ReadAction","target":["https:\/\/skaitytaknyga.lt\/produktas\/apsaugokime-zeme-didieji-aplinkosaugos-tikslai\/"]}]},{"@type":"ImageObject","inLanguage":"en-GB","@id":"https:\/\/skaitytaknyga.lt\/produktas\/apsaugokime-zeme-didieji-aplinkosaugos-tikslai\/#primaryimage","url":"https:\/\/skaitytaknyga.lt\/wp-content\/uploads\/2024\/05\/20230902_201957.jpg","contentUrl":"https:\/\/skaitytaknyga.lt\/wp-content\/uploads\/2024\/05\/20230902_201957.jpg","width":1812,"height":2416},{"@type":"BreadcrumbList","@id":"https:\/\/skaitytaknyga.lt\/produktas\/apsaugokime-zeme-didieji-aplinkosaugos-tikslai\/#breadcrumb","itemListElement":[{"@type":"ListItem","position":1,"name":"Home","item":"https:\/\/skaitytaknyga.lt\/"},{"@type":"ListItem","position":2,"name":"Parduotuv\u0117","item":"https:\/\/skaitytaknyga.lt\/knygu-parduotuve\/"},{"@type":"ListItem","position":3,"name":"Apsaugokime \u017dem\u0119. Didieji aplinkosaugos tikslai"}]},{"@type":"WebSite","@id":"https:\/\/skaitytaknyga.lt\/#website","url":"https:\/\/skaitytaknyga.lt\/","name":"skaitytaknyga.lt","description":"Skaitytaknyga.lt \u2013 tai ma\u017eas \u0161eimos verslas, kuris prasid\u0117jo nuo meil\u0117s knygoms ir siekio i\u0161gelb\u0117ti knygas nuo likimo prie konteinerio. Kas vienam nereikalingas daiktas \u2013 kitam lobis, o mes esame tarpininkai, kurie padeda abiems tapti laimingesniems ???? \u017dinome kaip nelengva i\u0161gyventi ma\u017eiems verslams, tad nuo \u0161iol, \u010dia rasite ir kit\u0173, ma\u017e\u0173 \u0161eim\u0173 versl\u0173, rank\u0173 darbo, dovan\u0173 sau ir artimiesiems.","publisher":{"@id":"https:\/\/skaitytaknyga.lt\/#organization"},"potentialAction":[{"@type":"SearchAction","target":{"@type":"EntryPoint","urlTemplate":"https:\/\/skaitytaknyga.lt\/?s={search_term_string}"},"query-input":{"@type":"PropertyValueSpecification","valueRequired":true,"valueName":"search_term_string"}}],"inLanguage":"en-GB"},{"@type":"Organization","@id":"https:\/\/skaitytaknyga.lt\/#organization","name":"skaitytaknyga.lt","url":"https:\/\/skaitytaknyga.lt\/","logo":{"@type":"ImageObject","inLanguage":"en-GB","@id":"https:\/\/skaitytaknyga.lt\/#\/schema\/logo\/image\/","url":"https:\/\/skaitytaknyga.lt\/wp-content\/uploads\/2024\/05\/cropped-cropped-cropped-02_00843_jt3bggkj1j3HLc7SyY6rEUpg.jpeg","contentUrl":"https:\/\/skaitytaknyga.lt\/wp-content\/uploads\/2024\/05\/cropped-cropped-cropped-02_00843_jt3bggkj1j3HLc7SyY6rEUpg.jpeg","width":1600,"height":1600,"caption":"skaitytaknyga.lt"},"image":{"@id":"https:\/\/skaitytaknyga.lt\/#\/schema\/logo\/image\/"},"sameAs":["https:\/\/www.facebook.com\/skaitytaknyga\/"]}]}},"_links":{"self":[{"href":"https:\/\/skaitytaknyga.lt\/en\/wp-json\/wp\/v2\/product\/11130","targetHints":{"allow":["GET"]}}],"collection":[{"href":"https:\/\/skaitytaknyga.lt\/en\/wp-json\/wp\/v2\/product"}],"about":[{"href":"https:\/\/skaitytaknyga.lt\/en\/wp-json\/wp\/v2\/types\/product"}],"replies":[{"embeddable":true,"href":"https:\/\/skaitytaknyga.lt\/en\/wp-json\/wp\/v2\/comments?post=11130"}],"wp:featuredmedia":[{"embeddable":true,"href":"https:\/\/skaitytaknyga.lt\/en\/wp-json\/wp\/v2\/media\/11168"}],"wp:attachment":[{"href":"https:\/\/skaitytaknyga.lt\/en\/wp-json\/wp\/v2\/media?parent=11130"}],"wp:term":[{"taxonomy":"product_brand","embeddable":true,"href":"https:\/\/skaitytaknyga.lt\/en\/wp-json\/wp\/v2\/product_brand?post=11130"},{"taxonomy":"product_cat","embeddable":true,"href":"https:\/\/skaitytaknyga.lt\/en\/wp-json\/wp\/v2\/product_cat?post=11130"},{"taxonomy":"product_tag","embeddable":true,"href":"https:\/\/skaitytaknyga.lt\/en\/wp-json\/wp\/v2\/product_tag?post=11130"}],"curies":[{"name":"wp","href":"https:\/\/api.w.org\/{rel}","templated":true}]}}