{"id":11129,"date":"2024-05-04T19:29:10","date_gmt":"2024-05-04T19:29:10","guid":{"rendered":"https:\/\/skaitytaknyga.lt\/?post_type=product&#038;p=11129"},"modified":"2024-05-04T19:33:08","modified_gmt":"2024-05-04T19:33:08","slug":"sunelis","status":"publish","type":"product","link":"https:\/\/skaitytaknyga.lt\/en\/produktas\/sunelis\/","title":{"rendered":"S\u016bnelis"},"content":{"rendered":"<div class=\"tab-content col-xs-12\">\n<div id=\"tab-description\" class=\"tab-pane active\">\n<div>\n<p><i>\u201e\u0160i\u0105nakt sapnavau, kad at\u0117jai \u012f m\u016bs\u0173 namus. Akyt\u0117s k\u0105 tik atsimerkusios, o jau begal\u0117 klausim\u0173 supasi ant nosies galiuko.\u201c<\/i><\/p>\n<p>M\u016bs\u0173 pa\u017e\u012fstami autoriai po\u00a0\u201eDukrel\u0117s\u201c\u00a0s\u0117km\u0117s pristato dar vien\u0105 gra\u017ei\u0105 dovan\u0105 ma\u017eiesiems \u2013\u00a0<b>\u201eS\u016bnel\u012f\u201c<\/b>. Bus kuo papildyti bibliotek\u0117l\u0119!<\/p>\n<p>\u0160i\u0105 knyg\u0105 visa \u0161eima tikrai skaitys ne vien\u0105 kart\u0105. Kad nepamir\u0161t\u0173, kokia laim\u0117 gyvenimo keliu \u017eengti kartu.<\/p>\n<p><b>Ariel Andr\u00e9s Almada<\/b>\u00a0(g. 1976 m. Buenos Air\u0117se) \u2013 Argentinos vaik\u0173 ra\u0161ytojas, \u0161iuo metu gyvenantis Ispanijoje. Prie\u0161 tapdamas ra\u0161ytoju, studijavo ekonomik\u0105. Yra peln\u0119s daug apdovanojim\u0173, jo knygos ver\u010diamos \u012f daugel\u012f kalb\u0173.<\/p>\n<p><b>Sonja Wimmer<\/b>\u00a0gim\u0117 Miunchene 1974 m. Studijavo grafin\u012f dizain\u0105 Miunchene ir iliustravim\u0105 Barselonoje. Kaip laisvai samdoma iliustrator\u0117 dirba su viso pasaulio leid\u0117jais. Daugelis jos knyg\u0173 pastaraisiais metais peln\u0117 apdovanojimus JAV.<\/p>\n<p><i>\u201eMan iliustravimas yra nuostabi galimyb\u0117 atiduoti \u0161iek tiek \u0161viesos ir paskatinti \u017emones svajoti, m\u0105styti arba juoktis,\u201c<\/i>\u00a0\u2013 teigia dailinink\u0117.<\/p>\n<\/div>\n<\/div>\n<\/div>\n","protected":false},"excerpt":{"rendered":"<p>\u201e\u0160i\u0105nakt sapnavau, kad at\u0117jai \u012f m\u016bs\u0173 namus. Akyt\u0117s k\u0105 tik atsimerkusios, o jau begal\u0117 klausim\u0173 supasi ant nosies galiuko.\u201c M\u016bs\u0173 pa\u017e\u012fstami autoriai po\u00a0\u201eDukrel\u0117s\u201c\u00a0s\u0117km\u0117s pristato dar vien\u0105 gra\u017ei\u0105 dovan\u0105 ma\u017eiesiems \u2013\u00a0\u201eS\u016bnel\u012f\u201c. Bus kuo papildyti bibliotek\u0117l\u0119! \u0160i\u0105 knyg\u0105 visa \u0161eima tikrai skaitys ne vien\u0105 kart\u0105. Kad nepamir\u0161t\u0173, kokia laim\u0117 gyvenimo keliu \u017eengti kartu. Ariel Andr\u00e9s Almada\u00a0(g. 1976 m. Buenos Air\u0117se) \u2013 Argentinos vaik\u0173 ra\u0161ytojas, \u0161iuo metu gyvenantis Ispanijoje. Prie\u0161 tapdamas ra\u0161ytoju, studijavo ekonomik\u0105. Yra peln\u0119s daug apdovanojim\u0173, jo knygos ver\u010diamos \u012f daugel\u012f kalb\u0173. Sonja Wimmer\u00a0gim\u0117 Miunchene 1974 m. Studijavo grafin\u012f dizain\u0105 Miunchene ir iliustravim\u0105 Barselonoje. Kaip laisvai samdoma iliustrator\u0117 dirba su viso pasaulio leid\u0117jais. Daugelis jos knyg\u0173 pastaraisiais metais peln\u0117 apdovanojimus JAV. \u201eMan iliustravimas yra nuostabi galimyb\u0117 atiduoti \u0161iek tiek \u0161viesos ir paskatinti \u017emones svajoti, m\u0105styti arba juoktis,\u201c\u00a0\u2013 teigia dailinink\u0117.<\/p>\n","protected":false},"featured_media":11167,"comment_status":"closed","ping_status":"closed","template":"","meta":{"_acf_changed":false,"site-sidebar-layout":"default","site-content-layout":"","ast-site-content-layout":"default","site-content-style":"default","site-sidebar-style":"default","ast-global-header-display":"","ast-banner-title-visibility":"","ast-main-header-display":"","ast-hfb-above-header-display":"","ast-hfb-below-header-display":"","ast-hfb-mobile-header-display":"","site-post-title":"","ast-breadcrumbs-content":"","ast-featured-img":"","footer-sml-layout":"","ast-disable-related-posts":"","theme-transparent-header-meta":"","adv-header-id-meta":"","stick-header-meta":"","header-above-stick-meta":"","header-main-stick-meta":"","header-below-stick-meta":"","astra-migrate-meta-layouts":"default","ast-page-background-enabled":"default","ast-page-background-meta":{"desktop":{"background-color":"","background-image":"","background-repeat":"repeat","background-position":"center center","background-size":"auto","background-attachment":"scroll","background-type":"","background-media":"","overlay-type":"","overlay-color":"","overlay-opacity":"","overlay-gradient":""},"tablet":{"background-color":"","background-image":"","background-repeat":"repeat","background-position":"center center","background-size":"auto","background-attachment":"scroll","background-type":"","background-media":"","overlay-type":"","overlay-color":"","overlay-opacity":"","overlay-gradient":""},"mobile":{"background-color":"","background-image":"","background-repeat":"repeat","background-position":"center center","background-size":"auto","background-attachment":"scroll","background-type":"","background-media":"","overlay-type":"","overlay-color":"","overlay-opacity":"","overlay-gradient":""}},"ast-content-background-meta":{"desktop":{"background-color":"var(--ast-global-color-4)","background-image":"","background-repeat":"repeat","background-position":"center center","background-size":"auto","background-attachment":"scroll","background-type":"","background-media":"","overlay-type":"","overlay-color":"","overlay-opacity":"","overlay-gradient":""},"tablet":{"background-color":"var(--ast-global-color-4)","background-image":"","background-repeat":"repeat","background-position":"center center","background-size":"auto","background-attachment":"scroll","background-type":"","background-media":"","overlay-type":"","overlay-color":"","overlay-opacity":"","overlay-gradient":""},"mobile":{"background-color":"var(--ast-global-color-4)","background-image":"","background-repeat":"repeat","background-position":"center center","background-size":"auto","background-attachment":"scroll","background-type":"","background-media":"","overlay-type":"","overlay-color":"","overlay-opacity":"","overlay-gradient":""}}},"product_brand":[],"product_cat":[35],"product_tag":[],"class_list":{"0":"post-11129","1":"product","2":"type-product","3":"status-publish","4":"has-post-thumbnail","6":"product_cat-vaikams-ir-paaugliams","7":"desktop-align-left","8":"tablet-align-left","9":"mobile-align-left","11":"first","12":"instock","13":"shipping-taxable","14":"purchasable","15":"product-type-simple"},"acf":[],"yoast_head":"<!-- This site is optimized with the Yoast SEO plugin v27.0 - https:\/\/yoast.com\/product\/yoast-seo-wordpress\/ -->\n<title>S\u016bnelis - Skaitytaknyga<\/title>\n<meta name=\"description\" content=\"\u201e\u0160i\u0105nakt sapnavau, kad at\u0117jai \u012f m\u016bs\u0173 namus. Akyt\u0117s k\u0105 tik atsimerkusios, o jau begal\u0117 klausim\u0173 supasi ant nosies galiuko.\u201c M\u016bs\u0173 pa\u017e\u012fstami autoriai\" \/>\n<meta name=\"robots\" content=\"index, follow, max-snippet:-1, max-image-preview:large, max-video-preview:-1\" \/>\n<link rel=\"canonical\" href=\"https:\/\/skaitytaknyga.lt\/en\/produktas\/sunelis\/\" \/>\n<meta property=\"og:locale\" content=\"en_GB\" \/>\n<meta property=\"og:locale:alternate\" content=\"lt_LT\" \/>\n<meta property=\"og:type\" content=\"article\" \/>\n<meta property=\"og:title\" content=\"S\u016bnelis - Skaitytaknyga\" \/>\n<meta property=\"og:description\" content=\"\u201e\u0160i\u0105nakt sapnavau, kad at\u0117jai \u012f m\u016bs\u0173 namus. Akyt\u0117s k\u0105 tik atsimerkusios, o jau begal\u0117 klausim\u0173 supasi ant nosies galiuko.\u201c M\u016bs\u0173 pa\u017e\u012fstami autoriai\" \/>\n<meta property=\"og:url\" content=\"https:\/\/skaitytaknyga.lt\/en\/produktas\/sunelis\/\" \/>\n<meta property=\"og:site_name\" content=\"Skaitytaknyga\" \/>\n<meta property=\"article:publisher\" content=\"https:\/\/www.facebook.com\/skaitytaknyga\/\" \/>\n<meta property=\"article:modified_time\" content=\"2024-05-04T19:33:08+00:00\" \/>\n<meta property=\"og:image\" content=\"https:\/\/skaitytaknyga.lt\/wp-content\/uploads\/2024\/05\/09822241-1000x1000-1.jpg\" \/>\n\t<meta property=\"og:image:width\" content=\"1000\" \/>\n\t<meta property=\"og:image:height\" content=\"1000\" \/>\n\t<meta property=\"og:image:type\" content=\"image\/jpeg\" \/>\n<meta name=\"twitter:card\" content=\"summary_large_image\" \/>\n<meta name=\"twitter:label1\" content=\"Estimated reading time\" \/>\n\t<meta name=\"twitter:data1\" content=\"1 minute\" \/>\n<script type=\"application\/ld+json\" class=\"yoast-schema-graph\">{\"@context\":\"https:\/\/schema.org\",\"@graph\":[{\"@type\":\"WebPage\",\"@id\":\"https:\/\/skaitytaknyga.lt\/produktas\/sunelis\/\",\"url\":\"https:\/\/skaitytaknyga.lt\/produktas\/sunelis\/\",\"name\":\"S\u016bnelis - Skaitytaknyga\",\"isPartOf\":{\"@id\":\"https:\/\/skaitytaknyga.lt\/#website\"},\"primaryImageOfPage\":{\"@id\":\"https:\/\/skaitytaknyga.lt\/produktas\/sunelis\/#primaryimage\"},\"image\":{\"@id\":\"https:\/\/skaitytaknyga.lt\/produktas\/sunelis\/#primaryimage\"},\"thumbnailUrl\":\"https:\/\/skaitytaknyga.lt\/wp-content\/uploads\/2024\/05\/09822241-1000x1000-1.jpg\",\"datePublished\":\"2024-05-04T19:29:10+00:00\",\"dateModified\":\"2024-05-04T19:33:08+00:00\",\"description\":\"\u201e\u0160i\u0105nakt sapnavau, kad at\u0117jai \u012f m\u016bs\u0173 namus. Akyt\u0117s k\u0105 tik atsimerkusios, o jau begal\u0117 klausim\u0173 supasi ant nosies galiuko.\u201c M\u016bs\u0173 pa\u017e\u012fstami autoriai\",\"breadcrumb\":{\"@id\":\"https:\/\/skaitytaknyga.lt\/produktas\/sunelis\/#breadcrumb\"},\"inLanguage\":\"en-GB\",\"potentialAction\":[{\"@type\":\"ReadAction\",\"target\":[\"https:\/\/skaitytaknyga.lt\/produktas\/sunelis\/\"]}]},{\"@type\":\"ImageObject\",\"inLanguage\":\"en-GB\",\"@id\":\"https:\/\/skaitytaknyga.lt\/produktas\/sunelis\/#primaryimage\",\"url\":\"https:\/\/skaitytaknyga.lt\/wp-content\/uploads\/2024\/05\/09822241-1000x1000-1.jpg\",\"contentUrl\":\"https:\/\/skaitytaknyga.lt\/wp-content\/uploads\/2024\/05\/09822241-1000x1000-1.jpg\",\"width\":1000,\"height\":1000},{\"@type\":\"BreadcrumbList\",\"@id\":\"https:\/\/skaitytaknyga.lt\/produktas\/sunelis\/#breadcrumb\",\"itemListElement\":[{\"@type\":\"ListItem\",\"position\":1,\"name\":\"Home\",\"item\":\"https:\/\/skaitytaknyga.lt\/\"},{\"@type\":\"ListItem\",\"position\":2,\"name\":\"Parduotuv\u0117\",\"item\":\"https:\/\/skaitytaknyga.lt\/knygu-parduotuve\/\"},{\"@type\":\"ListItem\",\"position\":3,\"name\":\"S\u016bnelis\"}]},{\"@type\":\"WebSite\",\"@id\":\"https:\/\/skaitytaknyga.lt\/#website\",\"url\":\"https:\/\/skaitytaknyga.lt\/\",\"name\":\"skaitytaknyga.lt\",\"description\":\"Skaitytaknyga.lt \u2013 tai ma\u017eas \u0161eimos verslas, kuris prasid\u0117jo nuo meil\u0117s knygoms ir siekio i\u0161gelb\u0117ti knygas nuo likimo prie konteinerio. Kas vienam nereikalingas daiktas \u2013 kitam lobis, o mes esame tarpininkai, kurie padeda abiems tapti laimingesniems ???? \u017dinome kaip nelengva i\u0161gyventi ma\u017eiems verslams, tad nuo \u0161iol, \u010dia rasite ir kit\u0173, ma\u017e\u0173 \u0161eim\u0173 versl\u0173, rank\u0173 darbo, dovan\u0173 sau ir artimiesiems.\",\"publisher\":{\"@id\":\"https:\/\/skaitytaknyga.lt\/#organization\"},\"potentialAction\":[{\"@type\":\"SearchAction\",\"target\":{\"@type\":\"EntryPoint\",\"urlTemplate\":\"https:\/\/skaitytaknyga.lt\/?s={search_term_string}\"},\"query-input\":{\"@type\":\"PropertyValueSpecification\",\"valueRequired\":true,\"valueName\":\"search_term_string\"}}],\"inLanguage\":\"en-GB\"},{\"@type\":\"Organization\",\"@id\":\"https:\/\/skaitytaknyga.lt\/#organization\",\"name\":\"skaitytaknyga.lt\",\"url\":\"https:\/\/skaitytaknyga.lt\/\",\"logo\":{\"@type\":\"ImageObject\",\"inLanguage\":\"en-GB\",\"@id\":\"https:\/\/skaitytaknyga.lt\/#\/schema\/logo\/image\/\",\"url\":\"https:\/\/skaitytaknyga.lt\/wp-content\/uploads\/2024\/05\/cropped-cropped-cropped-02_00843_jt3bggkj1j3HLc7SyY6rEUpg.jpeg\",\"contentUrl\":\"https:\/\/skaitytaknyga.lt\/wp-content\/uploads\/2024\/05\/cropped-cropped-cropped-02_00843_jt3bggkj1j3HLc7SyY6rEUpg.jpeg\",\"width\":1600,\"height\":1600,\"caption\":\"skaitytaknyga.lt\"},\"image\":{\"@id\":\"https:\/\/skaitytaknyga.lt\/#\/schema\/logo\/image\/\"},\"sameAs\":[\"https:\/\/www.facebook.com\/skaitytaknyga\/\"]}]}<\/script>\n<!-- \/ Yoast SEO plugin. -->","yoast_head_json":{"title":"S\u016bnelis - Skaitytaknyga","description":"\u201e\u0160i\u0105nakt sapnavau, kad at\u0117jai \u012f m\u016bs\u0173 namus. Akyt\u0117s k\u0105 tik atsimerkusios, o jau begal\u0117 klausim\u0173 supasi ant nosies galiuko.\u201c M\u016bs\u0173 pa\u017e\u012fstami autoriai","robots":{"index":"index","follow":"follow","max-snippet":"max-snippet:-1","max-image-preview":"max-image-preview:large","max-video-preview":"max-video-preview:-1"},"canonical":"https:\/\/skaitytaknyga.lt\/en\/produktas\/sunelis\/","og_locale":"en_GB","og_type":"article","og_title":"S\u016bnelis - Skaitytaknyga","og_description":"\u201e\u0160i\u0105nakt sapnavau, kad at\u0117jai \u012f m\u016bs\u0173 namus. Akyt\u0117s k\u0105 tik atsimerkusios, o jau begal\u0117 klausim\u0173 supasi ant nosies galiuko.\u201c M\u016bs\u0173 pa\u017e\u012fstami autoriai","og_url":"https:\/\/skaitytaknyga.lt\/en\/produktas\/sunelis\/","og_site_name":"Skaitytaknyga","article_publisher":"https:\/\/www.facebook.com\/skaitytaknyga\/","article_modified_time":"2024-05-04T19:33:08+00:00","og_image":[{"width":1000,"height":1000,"url":"https:\/\/skaitytaknyga.lt\/wp-content\/uploads\/2024\/05\/09822241-1000x1000-1.jpg","type":"image\/jpeg"}],"twitter_card":"summary_large_image","twitter_misc":{"Estimated reading time":"1 minute"},"schema":{"@context":"https:\/\/schema.org","@graph":[{"@type":"WebPage","@id":"https:\/\/skaitytaknyga.lt\/produktas\/sunelis\/","url":"https:\/\/skaitytaknyga.lt\/produktas\/sunelis\/","name":"S\u016bnelis - Skaitytaknyga","isPartOf":{"@id":"https:\/\/skaitytaknyga.lt\/#website"},"primaryImageOfPage":{"@id":"https:\/\/skaitytaknyga.lt\/produktas\/sunelis\/#primaryimage"},"image":{"@id":"https:\/\/skaitytaknyga.lt\/produktas\/sunelis\/#primaryimage"},"thumbnailUrl":"https:\/\/skaitytaknyga.lt\/wp-content\/uploads\/2024\/05\/09822241-1000x1000-1.jpg","datePublished":"2024-05-04T19:29:10+00:00","dateModified":"2024-05-04T19:33:08+00:00","description":"\u201e\u0160i\u0105nakt sapnavau, kad at\u0117jai \u012f m\u016bs\u0173 namus. Akyt\u0117s k\u0105 tik atsimerkusios, o jau begal\u0117 klausim\u0173 supasi ant nosies galiuko.\u201c M\u016bs\u0173 pa\u017e\u012fstami autoriai","breadcrumb":{"@id":"https:\/\/skaitytaknyga.lt\/produktas\/sunelis\/#breadcrumb"},"inLanguage":"en-GB","potentialAction":[{"@type":"ReadAction","target":["https:\/\/skaitytaknyga.lt\/produktas\/sunelis\/"]}]},{"@type":"ImageObject","inLanguage":"en-GB","@id":"https:\/\/skaitytaknyga.lt\/produktas\/sunelis\/#primaryimage","url":"https:\/\/skaitytaknyga.lt\/wp-content\/uploads\/2024\/05\/09822241-1000x1000-1.jpg","contentUrl":"https:\/\/skaitytaknyga.lt\/wp-content\/uploads\/2024\/05\/09822241-1000x1000-1.jpg","width":1000,"height":1000},{"@type":"BreadcrumbList","@id":"https:\/\/skaitytaknyga.lt\/produktas\/sunelis\/#breadcrumb","itemListElement":[{"@type":"ListItem","position":1,"name":"Home","item":"https:\/\/skaitytaknyga.lt\/"},{"@type":"ListItem","position":2,"name":"Parduotuv\u0117","item":"https:\/\/skaitytaknyga.lt\/knygu-parduotuve\/"},{"@type":"ListItem","position":3,"name":"S\u016bnelis"}]},{"@type":"WebSite","@id":"https:\/\/skaitytaknyga.lt\/#website","url":"https:\/\/skaitytaknyga.lt\/","name":"skaitytaknyga.lt","description":"Skaitytaknyga.lt \u2013 tai ma\u017eas \u0161eimos verslas, kuris prasid\u0117jo nuo meil\u0117s knygoms ir siekio i\u0161gelb\u0117ti knygas nuo likimo prie konteinerio. Kas vienam nereikalingas daiktas \u2013 kitam lobis, o mes esame tarpininkai, kurie padeda abiems tapti laimingesniems ???? \u017dinome kaip nelengva i\u0161gyventi ma\u017eiems verslams, tad nuo \u0161iol, \u010dia rasite ir kit\u0173, ma\u017e\u0173 \u0161eim\u0173 versl\u0173, rank\u0173 darbo, dovan\u0173 sau ir artimiesiems.","publisher":{"@id":"https:\/\/skaitytaknyga.lt\/#organization"},"potentialAction":[{"@type":"SearchAction","target":{"@type":"EntryPoint","urlTemplate":"https:\/\/skaitytaknyga.lt\/?s={search_term_string}"},"query-input":{"@type":"PropertyValueSpecification","valueRequired":true,"valueName":"search_term_string"}}],"inLanguage":"en-GB"},{"@type":"Organization","@id":"https:\/\/skaitytaknyga.lt\/#organization","name":"skaitytaknyga.lt","url":"https:\/\/skaitytaknyga.lt\/","logo":{"@type":"ImageObject","inLanguage":"en-GB","@id":"https:\/\/skaitytaknyga.lt\/#\/schema\/logo\/image\/","url":"https:\/\/skaitytaknyga.lt\/wp-content\/uploads\/2024\/05\/cropped-cropped-cropped-02_00843_jt3bggkj1j3HLc7SyY6rEUpg.jpeg","contentUrl":"https:\/\/skaitytaknyga.lt\/wp-content\/uploads\/2024\/05\/cropped-cropped-cropped-02_00843_jt3bggkj1j3HLc7SyY6rEUpg.jpeg","width":1600,"height":1600,"caption":"skaitytaknyga.lt"},"image":{"@id":"https:\/\/skaitytaknyga.lt\/#\/schema\/logo\/image\/"},"sameAs":["https:\/\/www.facebook.com\/skaitytaknyga\/"]}]}},"_links":{"self":[{"href":"https:\/\/skaitytaknyga.lt\/en\/wp-json\/wp\/v2\/product\/11129","targetHints":{"allow":["GET"]}}],"collection":[{"href":"https:\/\/skaitytaknyga.lt\/en\/wp-json\/wp\/v2\/product"}],"about":[{"href":"https:\/\/skaitytaknyga.lt\/en\/wp-json\/wp\/v2\/types\/product"}],"replies":[{"embeddable":true,"href":"https:\/\/skaitytaknyga.lt\/en\/wp-json\/wp\/v2\/comments?post=11129"}],"wp:featuredmedia":[{"embeddable":true,"href":"https:\/\/skaitytaknyga.lt\/en\/wp-json\/wp\/v2\/media\/11167"}],"wp:attachment":[{"href":"https:\/\/skaitytaknyga.lt\/en\/wp-json\/wp\/v2\/media?parent=11129"}],"wp:term":[{"taxonomy":"product_brand","embeddable":true,"href":"https:\/\/skaitytaknyga.lt\/en\/wp-json\/wp\/v2\/product_brand?post=11129"},{"taxonomy":"product_cat","embeddable":true,"href":"https:\/\/skaitytaknyga.lt\/en\/wp-json\/wp\/v2\/product_cat?post=11129"},{"taxonomy":"product_tag","embeddable":true,"href":"https:\/\/skaitytaknyga.lt\/en\/wp-json\/wp\/v2\/product_tag?post=11129"}],"curies":[{"name":"wp","href":"https:\/\/api.w.org\/{rel}","templated":true}]}}