{"id":11127,"date":"2024-05-04T22:29:10","date_gmt":"2024-05-04T19:29:10","guid":{"rendered":"https:\/\/skaitytaknyga.lt\/?post_type=product&#038;p=11127"},"modified":"2025-10-07T08:12:43","modified_gmt":"2025-10-07T05:12:43","slug":"antanas-skema-balta-drobule-4","status":"publish","type":"product","link":"https:\/\/skaitytaknyga.lt\/en\/produktas\/antanas-skema-balta-drobule-4\/","title":{"rendered":"Balta drobul\u0117"},"content":{"rendered":"<div class=\"tab-content col-xs-12\">\n<div id=\"tab-description\" class=\"tab-pane active\">\n<h2 class=\"product-property-title\"><\/h2>\n<div id=\"collapse-description\" class=\"desc-collapse\">\n<p>Tai \u2013\u00a0pirmasis lietuvi\u0161kas avangardinis romanas, kuriame nepateikiama ai\u0161ki siu\u017eetin\u0117 linija, vientisas pasakojimas ar intriga, tai \u2013 pas\u0105mon\u0117s srautas, atskleid\u017eiantis suskilus\u012f dvasin\u012f pasaul\u012f. Veiksmas vystosi pas\u0105mon\u0117s srautu, chaoti\u0161kai, \u0161okin\u0117ja laike &#8211; \u012ftraukia mus \u012f dabarties \u012fvykius ir praeities apm\u0105stymus.\u00a0Tik pasirod\u017eiusi\u00a0<b>&#8220;Balta drobul\u0117&#8221;\u00a0<\/b>tapo novatori\u0161kiausia gro\u017ein\u0117s literat\u016bros knyga, kada nors para\u0161yta lietuvi\u0161kai.<\/p>\n<p>Tai vieno herojaus pas\u0105mon\u0117s srautas. Tas herojus &#8211; Antanas Gar\u0161va, dirbantis liftininku viename Niujorko vie\u0161butyje. I\u0161 pa\u017ei\u016bros jis &#8211; tvarkingas darbuotojas, bet viduje verda jausmai ir egzistenciniai klausimai. Darbas ir uniforma j\u012f bukina, \u0161irdyje &#8211; k\u016brybin\u0117s kan\u010dios, galvoje &#8211; suirut\u0117. Regis, jis tuoj i\u0161prot\u0117s&#8230;<\/p>\n<p>K\u016brinio autorius\u00a0<b>Antanas \u0160k\u0117ma<\/b>\u00a0m\u0117go modern\u0173 men\u0105. Emigrav\u0119s \u012f JAV vaidino ir re\u017eisavo i\u0161eivijos teatro trup\u0117se.\u00a0Nepaisant to, jog \u0160k\u0117ma buvo tikrai talentingas ir i\u0161skirtinis k\u016br\u0117jas, jo para\u0161ytos \u201eBaltos drobul\u0117s\u201c net keturis metus niekas nesutiko i\u0161leisti.\u00a0Autoriaus k\u016bryba buvo kritikuojama, pats \u0160k\u0117ma sunkiai visa tai i\u0161gyveno.\u00a0Visgi n\u016bdienoje \u201eBalta drobul\u0117\u201c yra vienas i\u0161 labiausiai vertinam\u0173 lietuvi\u0173 literat\u016bros k\u016brini\u0173, neprarandatis aktualumo ir menin\u0117s vert\u0117s.<\/p>\n<p>Knygoje atsiskleid\u017eia dvi kriz\u0117s: egzistencin\u0117 ir tapatyb\u0117s. Egzistencin\u0117s kriz\u0117s veiksmas vyko dar Lietuvoje, kur susipyn\u0117 tokie \u012fvykiai kaip realus saugumie\u010di\u0173 teismas ir nu\u017eudytas ruselis \u2013 tai paties veik\u0117jo s\u0105\u017ein\u0117s teismas. Tuo tarpu tapatyb\u0117s kriz\u0117 vyksta Amerikoje \u2013 Vakar\u0173 kult\u016bros menininkas nenori tapatintis su vartotoji\u0161ka sistema.<\/p>\n<\/div>\n<\/div>\n<\/div>\n","protected":false},"excerpt":{"rendered":"<p>Tai \u2013\u00a0pirmasis lietuvi\u0161kas avangardinis romanas, kuriame nepateikiama ai\u0161ki siu\u017eetin\u0117 linija, vientisas pasakojimas ar intriga, tai \u2013 pas\u0105mon\u0117s srautas, atskleid\u017eiantis suskilus\u012f dvasin\u012f pasaul\u012f. Veiksmas vystosi pas\u0105mon\u0117s srautu, chaoti\u0161kai, \u0161okin\u0117ja laike &#8211; \u012ftraukia mus \u012f dabarties \u012fvykius ir praeities apm\u0105stymus.\u00a0Tik pasirod\u017eiusi\u00a0&#8220;Balta drobul\u0117&#8221;\u00a0tapo novatori\u0161kiausia gro\u017ein\u0117s literat\u016bros knyga, kada nors para\u0161yta lietuvi\u0161kai. Tai vieno herojaus pas\u0105mon\u0117s srautas. Tas herojus &#8211; Antanas Gar\u0161va, dirbantis liftininku viename Niujorko vie\u0161butyje. I\u0161 pa\u017ei\u016bros jis &#8211; tvarkingas darbuotojas, bet viduje verda jausmai ir egzistenciniai klausimai. Darbas ir uniforma j\u012f bukina, \u0161irdyje &#8211; k\u016brybin\u0117s kan\u010dios, galvoje &#8211; suirut\u0117. Regis, jis tuoj i\u0161prot\u0117s&#8230; K\u016brinio autorius\u00a0Antanas \u0160k\u0117ma\u00a0m\u0117go modern\u0173 men\u0105. Emigrav\u0119s \u012f JAV vaidino ir re\u017eisavo i\u0161eivijos teatro trup\u0117se.\u00a0Nepaisant to, jog \u0160k\u0117ma buvo tikrai talentingas ir i\u0161skirtinis k\u016br\u0117jas, jo para\u0161ytos \u201eBaltos drobul\u0117s\u201c net keturis metus niekas nesutiko i\u0161leisti.\u00a0Autoriaus k\u016bryba buvo kritikuojama, pats \u0160k\u0117ma sunkiai visa tai i\u0161gyveno.\u00a0Visgi n\u016bdienoje \u201eBalta drobul\u0117\u201c yra vienas i\u0161 labiausiai vertinam\u0173 lietuvi\u0173 literat\u016bros k\u016brini\u0173, neprarandatis aktualumo ir menin\u0117s vert\u0117s. Knygoje atsiskleid\u017eia dvi kriz\u0117s: egzistencin\u0117 ir tapatyb\u0117s. Egzistencin\u0117s kriz\u0117s veiksmas vyko dar Lietuvoje, kur susipyn\u0117 tokie \u012fvykiai kaip realus saugumie\u010di\u0173 teismas ir nu\u017eudytas ruselis \u2013 tai paties veik\u0117jo s\u0105\u017ein\u0117s teismas. Tuo tarpu tapatyb\u0117s kriz\u0117 vyksta Amerikoje \u2013 Vakar\u0173 kult\u016bros menininkas nenori tapatintis su vartotoji\u0161ka sistema.<\/p>\n","protected":false},"featured_media":11163,"comment_status":"closed","ping_status":"closed","template":"","meta":{"_acf_changed":false,"site-sidebar-layout":"default","site-content-layout":"","ast-site-content-layout":"default","site-content-style":"default","site-sidebar-style":"default","ast-global-header-display":"","ast-banner-title-visibility":"","ast-main-header-display":"","ast-hfb-above-header-display":"","ast-hfb-below-header-display":"","ast-hfb-mobile-header-display":"","site-post-title":"","ast-breadcrumbs-content":"","ast-featured-img":"","footer-sml-layout":"","ast-disable-related-posts":"","theme-transparent-header-meta":"","adv-header-id-meta":"","stick-header-meta":"","header-above-stick-meta":"","header-main-stick-meta":"","header-below-stick-meta":"","astra-migrate-meta-layouts":"default","ast-page-background-enabled":"default","ast-page-background-meta":{"desktop":{"background-color":"","background-image":"","background-repeat":"repeat","background-position":"center center","background-size":"auto","background-attachment":"scroll","background-type":"","background-media":"","overlay-type":"","overlay-color":"","overlay-opacity":"","overlay-gradient":""},"tablet":{"background-color":"","background-image":"","background-repeat":"repeat","background-position":"center center","background-size":"auto","background-attachment":"scroll","background-type":"","background-media":"","overlay-type":"","overlay-color":"","overlay-opacity":"","overlay-gradient":""},"mobile":{"background-color":"","background-image":"","background-repeat":"repeat","background-position":"center center","background-size":"auto","background-attachment":"scroll","background-type":"","background-media":"","overlay-type":"","overlay-color":"","overlay-opacity":"","overlay-gradient":""}},"ast-content-background-meta":{"desktop":{"background-color":"var(--ast-global-color-4)","background-image":"","background-repeat":"repeat","background-position":"center center","background-size":"auto","background-attachment":"scroll","background-type":"","background-media":"","overlay-type":"","overlay-color":"","overlay-opacity":"","overlay-gradient":""},"tablet":{"background-color":"var(--ast-global-color-4)","background-image":"","background-repeat":"repeat","background-position":"center center","background-size":"auto","background-attachment":"scroll","background-type":"","background-media":"","overlay-type":"","overlay-color":"","overlay-opacity":"","overlay-gradient":""},"mobile":{"background-color":"var(--ast-global-color-4)","background-image":"","background-repeat":"repeat","background-position":"center center","background-size":"auto","background-attachment":"scroll","background-type":"","background-media":"","overlay-type":"","overlay-color":"","overlay-opacity":"","overlay-gradient":""}}},"product_brand":[],"product_cat":[31,331],"product_tag":[4122,4123,2819,1744],"class_list":{"0":"post-11127","1":"product","2":"type-product","3":"status-publish","4":"has-post-thumbnail","6":"product_cat-grozine-literatura","7":"product_cat-programine-literatura","8":"product_tag-antanas-skema","9":"product_tag-avangardas","10":"product_tag-egzistencializmas","11":"product_tag-lietuviu-literatura","12":"desktop-align-left","13":"tablet-align-left","14":"mobile-align-left","16":"first","17":"outofstock","18":"shipping-taxable","19":"purchasable","20":"product-type-simple"},"acf":[],"yoast_head":"<!-- This site is optimized with the Yoast SEO plugin v27.4 - https:\/\/yoast.com\/product\/yoast-seo-wordpress\/ -->\n<title>Balta drobul\u0117<\/title>\n<meta name=\"description\" content=\"Tai \u2013\u00a0pirmasis lietuvi\u0161kas avangardinis romanas, kuriame nepateikiama ai\u0161ki siu\u017eetin\u0117 linija, vientisas pasakojimas ar intriga, tai \u2013 pas\u0105mon\u0117s srautas,\" \/>\n<meta name=\"robots\" content=\"index, follow, max-snippet:-1, max-image-preview:large, max-video-preview:-1\" \/>\n<link rel=\"canonical\" href=\"https:\/\/skaitytaknyga.lt\/en\/produktas\/antanas-skema-balta-drobule-4\/\" \/>\n<meta property=\"og:locale\" content=\"en_GB\" \/>\n<meta property=\"og:locale:alternate\" content=\"lt_LT\" \/>\n<meta property=\"og:type\" content=\"article\" \/>\n<meta property=\"og:title\" content=\"Balta drobul\u0117\" \/>\n<meta property=\"og:description\" content=\"Tai \u2013\u00a0pirmasis lietuvi\u0161kas avangardinis romanas, kuriame nepateikiama ai\u0161ki siu\u017eetin\u0117 linija, vientisas pasakojimas ar intriga, tai \u2013 pas\u0105mon\u0117s srautas,\" \/>\n<meta property=\"og:url\" content=\"https:\/\/skaitytaknyga.lt\/en\/produktas\/antanas-skema-balta-drobule-4\/\" \/>\n<meta property=\"og:site_name\" content=\"Skaitytaknyga\" \/>\n<meta property=\"article:publisher\" content=\"https:\/\/www.facebook.com\/skaitytaknyga\/\" \/>\n<meta property=\"article:modified_time\" content=\"2025-10-07T05:12:43+00:00\" \/>\n<meta property=\"og:image\" content=\"https:\/\/skaitytaknyga.lt\/wp-content\/uploads\/2024\/05\/Be-pavadinimo-15.png\" \/>\n\t<meta property=\"og:image:width\" content=\"304\" \/>\n\t<meta property=\"og:image:height\" content=\"468\" \/>\n\t<meta property=\"og:image:type\" content=\"image\/png\" \/>\n<meta name=\"twitter:card\" content=\"summary_large_image\" \/>\n<meta name=\"twitter:label1\" content=\"Estimated reading time\" \/>\n\t<meta name=\"twitter:data1\" content=\"1 minute\" \/>\n<script type=\"application\/ld+json\" class=\"yoast-schema-graph\">{\"@context\":\"https:\\\/\\\/schema.org\",\"@graph\":[{\"@type\":\"WebPage\",\"@id\":\"https:\\\/\\\/skaitytaknyga.lt\\\/produktas\\\/antanas-skema-balta-drobule-4\\\/\",\"url\":\"https:\\\/\\\/skaitytaknyga.lt\\\/produktas\\\/antanas-skema-balta-drobule-4\\\/\",\"name\":\"Balta drobul\u0117\",\"isPartOf\":{\"@id\":\"https:\\\/\\\/skaitytaknyga.lt\\\/#website\"},\"primaryImageOfPage\":{\"@id\":\"https:\\\/\\\/skaitytaknyga.lt\\\/produktas\\\/antanas-skema-balta-drobule-4\\\/#primaryimage\"},\"image\":{\"@id\":\"https:\\\/\\\/skaitytaknyga.lt\\\/produktas\\\/antanas-skema-balta-drobule-4\\\/#primaryimage\"},\"thumbnailUrl\":\"https:\\\/\\\/skaitytaknyga.lt\\\/wp-content\\\/uploads\\\/2024\\\/05\\\/Be-pavadinimo-15.png\",\"datePublished\":\"2024-05-04T19:29:10+00:00\",\"dateModified\":\"2025-10-07T05:12:43+00:00\",\"description\":\"Tai \u2013\u00a0pirmasis lietuvi\u0161kas avangardinis romanas, kuriame nepateikiama ai\u0161ki siu\u017eetin\u0117 linija, vientisas pasakojimas ar intriga, tai \u2013 pas\u0105mon\u0117s srautas,\",\"breadcrumb\":{\"@id\":\"https:\\\/\\\/skaitytaknyga.lt\\\/produktas\\\/antanas-skema-balta-drobule-4\\\/#breadcrumb\"},\"inLanguage\":\"en-GB\",\"potentialAction\":[{\"@type\":\"ReadAction\",\"target\":[\"https:\\\/\\\/skaitytaknyga.lt\\\/produktas\\\/antanas-skema-balta-drobule-4\\\/\"]}]},{\"@type\":\"ImageObject\",\"inLanguage\":\"en-GB\",\"@id\":\"https:\\\/\\\/skaitytaknyga.lt\\\/produktas\\\/antanas-skema-balta-drobule-4\\\/#primaryimage\",\"url\":\"https:\\\/\\\/skaitytaknyga.lt\\\/wp-content\\\/uploads\\\/2024\\\/05\\\/Be-pavadinimo-15.png\",\"contentUrl\":\"https:\\\/\\\/skaitytaknyga.lt\\\/wp-content\\\/uploads\\\/2024\\\/05\\\/Be-pavadinimo-15.png\",\"width\":304,\"height\":468},{\"@type\":\"BreadcrumbList\",\"@id\":\"https:\\\/\\\/skaitytaknyga.lt\\\/produktas\\\/antanas-skema-balta-drobule-4\\\/#breadcrumb\",\"itemListElement\":[{\"@type\":\"ListItem\",\"position\":1,\"name\":\"Home\",\"item\":\"https:\\\/\\\/skaitytaknyga.lt\\\/\"},{\"@type\":\"ListItem\",\"position\":2,\"name\":\"Parduotuv\u0117\",\"item\":\"https:\\\/\\\/skaitytaknyga.lt\\\/knygu-parduotuve\\\/\"},{\"@type\":\"ListItem\",\"position\":3,\"name\":\"Balta drobul\u0117\"}]},{\"@type\":\"WebSite\",\"@id\":\"https:\\\/\\\/skaitytaknyga.lt\\\/#website\",\"url\":\"https:\\\/\\\/skaitytaknyga.lt\\\/\",\"name\":\"skaitytaknyga.lt\",\"description\":\"Skaitytaknyga.lt \u2013 tai ma\u017eas \u0161eimos verslas, kuris prasid\u0117jo nuo meil\u0117s knygoms ir siekio i\u0161gelb\u0117ti knygas nuo likimo prie konteinerio. Kas vienam nereikalingas daiktas \u2013 kitam lobis, o mes esame tarpininkai, kurie padeda abiems tapti laimingesniems ???? \u017dinome kaip nelengva i\u0161gyventi ma\u017eiems verslams, tad nuo \u0161iol, \u010dia rasite ir kit\u0173, ma\u017e\u0173 \u0161eim\u0173 versl\u0173, rank\u0173 darbo, dovan\u0173 sau ir artimiesiems.\",\"publisher\":{\"@id\":\"https:\\\/\\\/skaitytaknyga.lt\\\/#organization\"},\"potentialAction\":[{\"@type\":\"SearchAction\",\"target\":{\"@type\":\"EntryPoint\",\"urlTemplate\":\"https:\\\/\\\/skaitytaknyga.lt\\\/?s={search_term_string}\"},\"query-input\":{\"@type\":\"PropertyValueSpecification\",\"valueRequired\":true,\"valueName\":\"search_term_string\"}}],\"inLanguage\":\"en-GB\"},{\"@type\":\"Organization\",\"@id\":\"https:\\\/\\\/skaitytaknyga.lt\\\/#organization\",\"name\":\"skaitytaknyga.lt\",\"url\":\"https:\\\/\\\/skaitytaknyga.lt\\\/\",\"logo\":{\"@type\":\"ImageObject\",\"inLanguage\":\"en-GB\",\"@id\":\"https:\\\/\\\/skaitytaknyga.lt\\\/#\\\/schema\\\/logo\\\/image\\\/\",\"url\":\"https:\\\/\\\/skaitytaknyga.lt\\\/wp-content\\\/uploads\\\/2024\\\/05\\\/cropped-cropped-cropped-02_00843_jt3bggkj1j3HLc7SyY6rEUpg.jpeg\",\"contentUrl\":\"https:\\\/\\\/skaitytaknyga.lt\\\/wp-content\\\/uploads\\\/2024\\\/05\\\/cropped-cropped-cropped-02_00843_jt3bggkj1j3HLc7SyY6rEUpg.jpeg\",\"width\":1600,\"height\":1600,\"caption\":\"skaitytaknyga.lt\"},\"image\":{\"@id\":\"https:\\\/\\\/skaitytaknyga.lt\\\/#\\\/schema\\\/logo\\\/image\\\/\"},\"sameAs\":[\"https:\\\/\\\/www.facebook.com\\\/skaitytaknyga\\\/\"]}]}<\/script>\n<!-- \/ Yoast SEO plugin. -->","yoast_head_json":{"title":"Balta drobul\u0117","description":"Tai \u2013\u00a0pirmasis lietuvi\u0161kas avangardinis romanas, kuriame nepateikiama ai\u0161ki siu\u017eetin\u0117 linija, vientisas pasakojimas ar intriga, tai \u2013 pas\u0105mon\u0117s srautas,","robots":{"index":"index","follow":"follow","max-snippet":"max-snippet:-1","max-image-preview":"max-image-preview:large","max-video-preview":"max-video-preview:-1"},"canonical":"https:\/\/skaitytaknyga.lt\/en\/produktas\/antanas-skema-balta-drobule-4\/","og_locale":"en_GB","og_type":"article","og_title":"[:lt]Balta drobul\u0117[:] - Skaitytaknyga","og_description":"Tai \u2013\u00a0pirmasis lietuvi\u0161kas avangardinis romanas, kuriame nepateikiama ai\u0161ki siu\u017eetin\u0117 linija, vientisas pasakojimas ar intriga, tai \u2013 pas\u0105mon\u0117s srautas,","og_url":"https:\/\/skaitytaknyga.lt\/en\/produktas\/antanas-skema-balta-drobule-4\/","og_site_name":"Skaitytaknyga","article_publisher":"https:\/\/www.facebook.com\/skaitytaknyga\/","article_modified_time":"2025-10-07T05:12:43+00:00","og_image":[{"width":304,"height":468,"url":"https:\/\/skaitytaknyga.lt\/wp-content\/uploads\/2024\/05\/Be-pavadinimo-15.png","type":"image\/png"}],"twitter_card":"summary_large_image","twitter_misc":{"Estimated reading time":"1 minute"},"schema":{"@context":"https:\/\/schema.org","@graph":[{"@type":"WebPage","@id":"https:\/\/skaitytaknyga.lt\/produktas\/antanas-skema-balta-drobule-4\/","url":"https:\/\/skaitytaknyga.lt\/produktas\/antanas-skema-balta-drobule-4\/","name":"Balta drobul\u0117","isPartOf":{"@id":"https:\/\/skaitytaknyga.lt\/#website"},"primaryImageOfPage":{"@id":"https:\/\/skaitytaknyga.lt\/produktas\/antanas-skema-balta-drobule-4\/#primaryimage"},"image":{"@id":"https:\/\/skaitytaknyga.lt\/produktas\/antanas-skema-balta-drobule-4\/#primaryimage"},"thumbnailUrl":"https:\/\/skaitytaknyga.lt\/wp-content\/uploads\/2024\/05\/Be-pavadinimo-15.png","datePublished":"2024-05-04T19:29:10+00:00","dateModified":"2025-10-07T05:12:43+00:00","description":"Tai \u2013\u00a0pirmasis lietuvi\u0161kas avangardinis romanas, kuriame nepateikiama ai\u0161ki siu\u017eetin\u0117 linija, vientisas pasakojimas ar intriga, tai \u2013 pas\u0105mon\u0117s srautas,","breadcrumb":{"@id":"https:\/\/skaitytaknyga.lt\/produktas\/antanas-skema-balta-drobule-4\/#breadcrumb"},"inLanguage":"en-GB","potentialAction":[{"@type":"ReadAction","target":["https:\/\/skaitytaknyga.lt\/produktas\/antanas-skema-balta-drobule-4\/"]}]},{"@type":"ImageObject","inLanguage":"en-GB","@id":"https:\/\/skaitytaknyga.lt\/produktas\/antanas-skema-balta-drobule-4\/#primaryimage","url":"https:\/\/skaitytaknyga.lt\/wp-content\/uploads\/2024\/05\/Be-pavadinimo-15.png","contentUrl":"https:\/\/skaitytaknyga.lt\/wp-content\/uploads\/2024\/05\/Be-pavadinimo-15.png","width":304,"height":468},{"@type":"BreadcrumbList","@id":"https:\/\/skaitytaknyga.lt\/produktas\/antanas-skema-balta-drobule-4\/#breadcrumb","itemListElement":[{"@type":"ListItem","position":1,"name":"Home","item":"https:\/\/skaitytaknyga.lt\/"},{"@type":"ListItem","position":2,"name":"Parduotuv\u0117","item":"https:\/\/skaitytaknyga.lt\/knygu-parduotuve\/"},{"@type":"ListItem","position":3,"name":"Balta drobul\u0117"}]},{"@type":"WebSite","@id":"https:\/\/skaitytaknyga.lt\/#website","url":"https:\/\/skaitytaknyga.lt\/","name":"skaitytaknyga.lt","description":"Skaitytaknyga.lt \u2013 tai ma\u017eas \u0161eimos verslas, kuris prasid\u0117jo nuo meil\u0117s knygoms ir siekio i\u0161gelb\u0117ti knygas nuo likimo prie konteinerio. Kas vienam nereikalingas daiktas \u2013 kitam lobis, o mes esame tarpininkai, kurie padeda abiems tapti laimingesniems ???? \u017dinome kaip nelengva i\u0161gyventi ma\u017eiems verslams, tad nuo \u0161iol, \u010dia rasite ir kit\u0173, ma\u017e\u0173 \u0161eim\u0173 versl\u0173, rank\u0173 darbo, dovan\u0173 sau ir artimiesiems.","publisher":{"@id":"https:\/\/skaitytaknyga.lt\/#organization"},"potentialAction":[{"@type":"SearchAction","target":{"@type":"EntryPoint","urlTemplate":"https:\/\/skaitytaknyga.lt\/?s={search_term_string}"},"query-input":{"@type":"PropertyValueSpecification","valueRequired":true,"valueName":"search_term_string"}}],"inLanguage":"en-GB"},{"@type":"Organization","@id":"https:\/\/skaitytaknyga.lt\/#organization","name":"skaitytaknyga.lt","url":"https:\/\/skaitytaknyga.lt\/","logo":{"@type":"ImageObject","inLanguage":"en-GB","@id":"https:\/\/skaitytaknyga.lt\/#\/schema\/logo\/image\/","url":"https:\/\/skaitytaknyga.lt\/wp-content\/uploads\/2024\/05\/cropped-cropped-cropped-02_00843_jt3bggkj1j3HLc7SyY6rEUpg.jpeg","contentUrl":"https:\/\/skaitytaknyga.lt\/wp-content\/uploads\/2024\/05\/cropped-cropped-cropped-02_00843_jt3bggkj1j3HLc7SyY6rEUpg.jpeg","width":1600,"height":1600,"caption":"skaitytaknyga.lt"},"image":{"@id":"https:\/\/skaitytaknyga.lt\/#\/schema\/logo\/image\/"},"sameAs":["https:\/\/www.facebook.com\/skaitytaknyga\/"]}]}},"_links":{"self":[{"href":"https:\/\/skaitytaknyga.lt\/en\/wp-json\/wp\/v2\/product\/11127","targetHints":{"allow":["GET"]}}],"collection":[{"href":"https:\/\/skaitytaknyga.lt\/en\/wp-json\/wp\/v2\/product"}],"about":[{"href":"https:\/\/skaitytaknyga.lt\/en\/wp-json\/wp\/v2\/types\/product"}],"replies":[{"embeddable":true,"href":"https:\/\/skaitytaknyga.lt\/en\/wp-json\/wp\/v2\/comments?post=11127"}],"wp:featuredmedia":[{"embeddable":true,"href":"https:\/\/skaitytaknyga.lt\/en\/wp-json\/wp\/v2\/media\/11163"}],"wp:attachment":[{"href":"https:\/\/skaitytaknyga.lt\/en\/wp-json\/wp\/v2\/media?parent=11127"}],"wp:term":[{"taxonomy":"product_brand","embeddable":true,"href":"https:\/\/skaitytaknyga.lt\/en\/wp-json\/wp\/v2\/product_brand?post=11127"},{"taxonomy":"product_cat","embeddable":true,"href":"https:\/\/skaitytaknyga.lt\/en\/wp-json\/wp\/v2\/product_cat?post=11127"},{"taxonomy":"product_tag","embeddable":true,"href":"https:\/\/skaitytaknyga.lt\/en\/wp-json\/wp\/v2\/product_tag?post=11127"}],"curies":[{"name":"wp","href":"https:\/\/api.w.org\/{rel}","templated":true}]}}