{"id":11121,"date":"2024-05-04T19:28:48","date_gmt":"2024-05-04T19:28:48","guid":{"rendered":"https:\/\/skaitytaknyga.lt\/?post_type=product&#038;p=11121"},"modified":"2024-05-04T19:32:33","modified_gmt":"2024-05-04T19:32:33","slug":"sio-gyvenimo-laime","status":"publish","type":"product","link":"https:\/\/skaitytaknyga.lt\/en\/produktas\/sio-gyvenimo-laime\/","title":{"rendered":"\u0160io gyvenimo laim\u0117"},"content":{"rendered":"<div class=\"tab-content  col-xs-12\">\n<div id=\"tab-description\" class=\"tab-pane active\">\n<h2 class=\"product-property-title\"><\/h2>\n<div id=\"collapse-description\" class=\"desc-collapse\">\n<p>Homilij\u0173, kalb\u0173, \u017eini\u0173, mald\u0173 rinkinys, kuriame popie\u017eius Pranci\u0161kus kalba apie tai, kaip surasti laim\u0119 ir pajusti gyvenimo pilnatv\u0119 kasdienyb\u0117je. \u201eJei tikrai atsiversite giliausiems savo \u0161irdies l\u016bkes\u010diams, suvoksite, kad jumyse gl\u016bdi nenumaldomas laim\u0117s tro\u0161kimas, ir tai jums leis demaskuoti daugyb\u0119 jus supan\u010di\u0173 \u201epigi\u0173 pasi\u016blym\u0173\u201c bei juos atmesti.\u201c \u201e\u0160ioje laim\u0117s paie\u0161koje dalyvauja vis\u0173 laik\u0173 ir am\u017ei\u0173 \u017emon\u0117s. Kiekvieno vyro ir kiekvienos moters \u0161irdyje Dievas \u012fdieg\u0117 nenumaldom\u0105 laim\u0117s ir pilnatv\u0117s tro\u0161kim\u0105. Ar pasteb\u0117jote, kad j\u016bs\u0173 \u0161irdys nerimsta nuolat ie\u0161kodamos g\u0117rio, galin\u010dio patenkinti begalyb\u0117s tro\u0161kul\u012f?\u201c Kiekvienas \u017emogus ie\u0161ko gyvenimo prasm\u0117s, stengiasi pasiekti svajones, \u012fgyvendinti planus ir viltis, ta\u010diau laim\u0117s paslaptis, pasak popie\u017eiaus Pranci\u0161kaus, \u2013 tapti laisvais ir i\u0161laisvintais \u017emon\u0117mis. Tik laisv\u0117je \u012fmanomas visavertis gyvenimas, galintis virsti \u0161viesa santykiuose su kitais.<\/p>\n<p>Prad\u0117damas garsi\u0105ja Evangelijos eilute, kaip kiekvienas, palik\u0119s savo turt\u0105 d\u0117l Evangelijos, gaus \u0161iame gyvenime \u0161imteriopai ir am\u017ein\u0105j\u012f gyvenim\u0105, popie\u017eius atskleid\u017eia keli\u0105 \u012f tikr\u0105j\u012f sav\u0119s realizavim\u0105 ir d\u017eiaugsm\u0105, kur stengiamasi ne i\u0161vengti skausmo, o j\u012f i\u0161gyventi ir \u012fveikti. \u201e\u017dmogus, kuris meld\u017eiasi, gyvena ramiai, \u2013 sako popie\u017eius, \u2013 nes malda suteikia \u017emogui pilnatv\u0117s.\u201c<\/p>\n<p>\u0160ioje knygoje Pranci\u0161kus \u0161iltai ir atvirai kalba apie gailestingum\u0105, moter\u0173 teisi\u0173 svarb\u0105, apie i\u0161\u0161\u016bkius, su kuriais susiduria \u0161iandienos jaunimas, ir apie tai, kod\u0117l kova su diskriminacija \u2013 tai meil\u0117s artimui pagrindas. Popie\u017eius dalijasi istorijomis i\u0161 savo gyvenimo ir stengiasi kiekvienam i\u0161 m\u016bs\u0173 perduoti \u017eini\u0105, kad viltis niekada nebl\u0117sta. Kupina \u012fkv\u0117pimo ir patarim\u0173 asmeniniam dvasiniam tobul\u0117jimui, \u0161i knyga pad\u0117s kiekvienam i\u0161 m\u016bs\u0173 ie\u0161koti kasdien\u0117s dvasin\u0117s ramyb\u0117s ir laim\u0117s chaoti\u0161kame \u0161i\u0173 dien\u0173 pasaulyje.<\/p>\n<\/div>\n<\/div>\n<\/div>\n","protected":false},"excerpt":{"rendered":"<p>Homilij\u0173, kalb\u0173, \u017eini\u0173, mald\u0173 rinkinys, kuriame popie\u017eius Pranci\u0161kus kalba apie tai, kaip surasti laim\u0119 ir pajusti gyvenimo pilnatv\u0119 kasdienyb\u0117je. \u201eJei tikrai atsiversite giliausiems savo \u0161irdies l\u016bkes\u010diams, suvoksite, kad jumyse gl\u016bdi nenumaldomas laim\u0117s tro\u0161kimas, ir tai jums leis demaskuoti daugyb\u0119 jus supan\u010di\u0173 \u201epigi\u0173 pasi\u016blym\u0173\u201c bei juos atmesti.\u201c \u201e\u0160ioje laim\u0117s paie\u0161koje dalyvauja vis\u0173 laik\u0173 ir am\u017ei\u0173 \u017emon\u0117s. Kiekvieno vyro ir kiekvienos moters \u0161irdyje Dievas \u012fdieg\u0117 nenumaldom\u0105 laim\u0117s ir pilnatv\u0117s tro\u0161kim\u0105. Ar pasteb\u0117jote, kad j\u016bs\u0173 \u0161irdys nerimsta nuolat ie\u0161kodamos g\u0117rio, galin\u010dio patenkinti begalyb\u0117s tro\u0161kul\u012f?\u201c Kiekvienas \u017emogus ie\u0161ko gyvenimo prasm\u0117s, stengiasi pasiekti svajones, \u012fgyvendinti planus ir viltis, ta\u010diau laim\u0117s paslaptis, pasak popie\u017eiaus Pranci\u0161kaus, \u2013 tapti laisvais ir i\u0161laisvintais \u017emon\u0117mis. Tik laisv\u0117je \u012fmanomas visavertis gyvenimas, galintis virsti \u0161viesa santykiuose su kitais. Prad\u0117damas garsi\u0105ja Evangelijos eilute, kaip kiekvienas, palik\u0119s savo turt\u0105 d\u0117l Evangelijos, gaus \u0161iame gyvenime \u0161imteriopai ir am\u017ein\u0105j\u012f gyvenim\u0105, popie\u017eius atskleid\u017eia keli\u0105 \u012f tikr\u0105j\u012f sav\u0119s realizavim\u0105 ir d\u017eiaugsm\u0105, kur stengiamasi ne i\u0161vengti skausmo, o j\u012f i\u0161gyventi ir \u012fveikti. \u201e\u017dmogus, kuris meld\u017eiasi, gyvena ramiai, \u2013 sako popie\u017eius, \u2013 nes malda suteikia \u017emogui pilnatv\u0117s.\u201c \u0160ioje knygoje Pranci\u0161kus \u0161iltai ir atvirai kalba apie gailestingum\u0105, moter\u0173 teisi\u0173 svarb\u0105, apie i\u0161\u0161\u016bkius, su kuriais susiduria \u0161iandienos jaunimas, ir apie tai, kod\u0117l kova su diskriminacija \u2013 tai meil\u0117s artimui pagrindas. Popie\u017eius dalijasi istorijomis i\u0161 savo gyvenimo ir stengiasi kiekvienam i\u0161 m\u016bs\u0173 perduoti \u017eini\u0105, kad viltis niekada nebl\u0117sta. Kupina \u012fkv\u0117pimo ir patarim\u0173 asmeniniam dvasiniam tobul\u0117jimui, \u0161i knyga pad\u0117s kiekvienam i\u0161 m\u016bs\u0173 ie\u0161koti kasdien\u0117s dvasin\u0117s ramyb\u0117s ir laim\u0117s chaoti\u0161kame \u0161i\u0173 dien\u0173 pasaulyje.<\/p>\n","protected":false},"featured_media":11157,"comment_status":"closed","ping_status":"closed","template":"","meta":{"_acf_changed":false,"site-sidebar-layout":"default","site-content-layout":"","ast-site-content-layout":"default","site-content-style":"default","site-sidebar-style":"default","ast-global-header-display":"","ast-banner-title-visibility":"","ast-main-header-display":"","ast-hfb-above-header-display":"","ast-hfb-below-header-display":"","ast-hfb-mobile-header-display":"","site-post-title":"","ast-breadcrumbs-content":"","ast-featured-img":"","footer-sml-layout":"","ast-disable-related-posts":"","theme-transparent-header-meta":"","adv-header-id-meta":"","stick-header-meta":"","header-above-stick-meta":"","header-main-stick-meta":"","header-below-stick-meta":"","astra-migrate-meta-layouts":"default","ast-page-background-enabled":"default","ast-page-background-meta":{"desktop":{"background-color":"","background-image":"","background-repeat":"repeat","background-position":"center center","background-size":"auto","background-attachment":"scroll","background-type":"","background-media":"","overlay-type":"","overlay-color":"","overlay-opacity":"","overlay-gradient":""},"tablet":{"background-color":"","background-image":"","background-repeat":"repeat","background-position":"center center","background-size":"auto","background-attachment":"scroll","background-type":"","background-media":"","overlay-type":"","overlay-color":"","overlay-opacity":"","overlay-gradient":""},"mobile":{"background-color":"","background-image":"","background-repeat":"repeat","background-position":"center center","background-size":"auto","background-attachment":"scroll","background-type":"","background-media":"","overlay-type":"","overlay-color":"","overlay-opacity":"","overlay-gradient":""}},"ast-content-background-meta":{"desktop":{"background-color":"var(--ast-global-color-4)","background-image":"","background-repeat":"repeat","background-position":"center center","background-size":"auto","background-attachment":"scroll","background-type":"","background-media":"","overlay-type":"","overlay-color":"","overlay-opacity":"","overlay-gradient":""},"tablet":{"background-color":"var(--ast-global-color-4)","background-image":"","background-repeat":"repeat","background-position":"center center","background-size":"auto","background-attachment":"scroll","background-type":"","background-media":"","overlay-type":"","overlay-color":"","overlay-opacity":"","overlay-gradient":""},"mobile":{"background-color":"var(--ast-global-color-4)","background-image":"","background-repeat":"repeat","background-position":"center center","background-size":"auto","background-attachment":"scroll","background-type":"","background-media":"","overlay-type":"","overlay-color":"","overlay-opacity":"","overlay-gradient":""}}},"product_brand":[],"product_cat":[165],"product_tag":[],"class_list":{"0":"post-11121","1":"product","2":"type-product","3":"status-publish","4":"has-post-thumbnail","6":"product_cat-religija-filosofija-ir-ezoterika","7":"desktop-align-left","8":"tablet-align-left","9":"mobile-align-left","11":"first","12":"instock","13":"shipping-taxable","14":"purchasable","15":"product-type-simple"},"acf":[],"yoast_head":"<!-- This site is optimized with the Yoast SEO plugin v27.0 - https:\/\/yoast.com\/product\/yoast-seo-wordpress\/ -->\n<title>\u0160io gyvenimo laim\u0117 - Skaitytaknyga<\/title>\n<meta name=\"description\" content=\"Homilij\u0173, kalb\u0173, \u017eini\u0173, mald\u0173 rinkinys, kuriame popie\u017eius Pranci\u0161kus kalba apie tai, kaip surasti laim\u0119 ir pajusti gyvenimo pilnatv\u0119 kasdienyb\u0117je. \u201eJei\" \/>\n<meta name=\"robots\" content=\"index, follow, max-snippet:-1, max-image-preview:large, max-video-preview:-1\" \/>\n<link rel=\"canonical\" href=\"https:\/\/skaitytaknyga.lt\/en\/produktas\/sio-gyvenimo-laime\/\" \/>\n<meta property=\"og:locale\" content=\"en_GB\" \/>\n<meta property=\"og:locale:alternate\" content=\"lt_LT\" \/>\n<meta property=\"og:type\" content=\"article\" \/>\n<meta property=\"og:title\" content=\"\u0160io gyvenimo laim\u0117 - Skaitytaknyga\" \/>\n<meta property=\"og:description\" content=\"Homilij\u0173, kalb\u0173, \u017eini\u0173, mald\u0173 rinkinys, kuriame popie\u017eius Pranci\u0161kus kalba apie tai, kaip surasti laim\u0119 ir pajusti gyvenimo pilnatv\u0119 kasdienyb\u0117je. \u201eJei\" \/>\n<meta property=\"og:url\" content=\"https:\/\/skaitytaknyga.lt\/en\/produktas\/sio-gyvenimo-laime\/\" \/>\n<meta property=\"og:site_name\" content=\"Skaitytaknyga\" \/>\n<meta property=\"article:publisher\" content=\"https:\/\/www.facebook.com\/skaitytaknyga\/\" \/>\n<meta property=\"article:modified_time\" content=\"2024-05-04T19:32:33+00:00\" \/>\n<meta property=\"og:image\" content=\"https:\/\/skaitytaknyga.lt\/wp-content\/uploads\/2024\/05\/7479091_2-1000x1000-1.jpg\" \/>\n\t<meta property=\"og:image:width\" content=\"1000\" \/>\n\t<meta property=\"og:image:height\" content=\"1000\" \/>\n\t<meta property=\"og:image:type\" content=\"image\/jpeg\" \/>\n<meta name=\"twitter:card\" content=\"summary_large_image\" \/>\n<meta name=\"twitter:label1\" content=\"Estimated reading time\" \/>\n\t<meta name=\"twitter:data1\" content=\"1 minute\" \/>\n<script type=\"application\/ld+json\" class=\"yoast-schema-graph\">{\"@context\":\"https:\/\/schema.org\",\"@graph\":[{\"@type\":\"WebPage\",\"@id\":\"https:\/\/skaitytaknyga.lt\/produktas\/sio-gyvenimo-laime\/\",\"url\":\"https:\/\/skaitytaknyga.lt\/produktas\/sio-gyvenimo-laime\/\",\"name\":\"\u0160io gyvenimo laim\u0117 - Skaitytaknyga\",\"isPartOf\":{\"@id\":\"https:\/\/skaitytaknyga.lt\/#website\"},\"primaryImageOfPage\":{\"@id\":\"https:\/\/skaitytaknyga.lt\/produktas\/sio-gyvenimo-laime\/#primaryimage\"},\"image\":{\"@id\":\"https:\/\/skaitytaknyga.lt\/produktas\/sio-gyvenimo-laime\/#primaryimage\"},\"thumbnailUrl\":\"https:\/\/skaitytaknyga.lt\/wp-content\/uploads\/2024\/05\/7479091_2-1000x1000-1.jpg\",\"datePublished\":\"2024-05-04T19:28:48+00:00\",\"dateModified\":\"2024-05-04T19:32:33+00:00\",\"description\":\"Homilij\u0173, kalb\u0173, \u017eini\u0173, mald\u0173 rinkinys, kuriame popie\u017eius Pranci\u0161kus kalba apie tai, kaip surasti laim\u0119 ir pajusti gyvenimo pilnatv\u0119 kasdienyb\u0117je. \u201eJei\",\"breadcrumb\":{\"@id\":\"https:\/\/skaitytaknyga.lt\/produktas\/sio-gyvenimo-laime\/#breadcrumb\"},\"inLanguage\":\"en-GB\",\"potentialAction\":[{\"@type\":\"ReadAction\",\"target\":[\"https:\/\/skaitytaknyga.lt\/produktas\/sio-gyvenimo-laime\/\"]}]},{\"@type\":\"ImageObject\",\"inLanguage\":\"en-GB\",\"@id\":\"https:\/\/skaitytaknyga.lt\/produktas\/sio-gyvenimo-laime\/#primaryimage\",\"url\":\"https:\/\/skaitytaknyga.lt\/wp-content\/uploads\/2024\/05\/7479091_2-1000x1000-1.jpg\",\"contentUrl\":\"https:\/\/skaitytaknyga.lt\/wp-content\/uploads\/2024\/05\/7479091_2-1000x1000-1.jpg\",\"width\":1000,\"height\":1000},{\"@type\":\"BreadcrumbList\",\"@id\":\"https:\/\/skaitytaknyga.lt\/produktas\/sio-gyvenimo-laime\/#breadcrumb\",\"itemListElement\":[{\"@type\":\"ListItem\",\"position\":1,\"name\":\"Home\",\"item\":\"https:\/\/skaitytaknyga.lt\/\"},{\"@type\":\"ListItem\",\"position\":2,\"name\":\"Parduotuv\u0117\",\"item\":\"https:\/\/skaitytaknyga.lt\/knygu-parduotuve\/\"},{\"@type\":\"ListItem\",\"position\":3,\"name\":\"\u0160io gyvenimo laim\u0117\"}]},{\"@type\":\"WebSite\",\"@id\":\"https:\/\/skaitytaknyga.lt\/#website\",\"url\":\"https:\/\/skaitytaknyga.lt\/\",\"name\":\"skaitytaknyga.lt\",\"description\":\"Skaitytaknyga.lt \u2013 tai ma\u017eas \u0161eimos verslas, kuris prasid\u0117jo nuo meil\u0117s knygoms ir siekio i\u0161gelb\u0117ti knygas nuo likimo prie konteinerio. Kas vienam nereikalingas daiktas \u2013 kitam lobis, o mes esame tarpininkai, kurie padeda abiems tapti laimingesniems ???? \u017dinome kaip nelengva i\u0161gyventi ma\u017eiems verslams, tad nuo \u0161iol, \u010dia rasite ir kit\u0173, ma\u017e\u0173 \u0161eim\u0173 versl\u0173, rank\u0173 darbo, dovan\u0173 sau ir artimiesiems.\",\"publisher\":{\"@id\":\"https:\/\/skaitytaknyga.lt\/#organization\"},\"potentialAction\":[{\"@type\":\"SearchAction\",\"target\":{\"@type\":\"EntryPoint\",\"urlTemplate\":\"https:\/\/skaitytaknyga.lt\/?s={search_term_string}\"},\"query-input\":{\"@type\":\"PropertyValueSpecification\",\"valueRequired\":true,\"valueName\":\"search_term_string\"}}],\"inLanguage\":\"en-GB\"},{\"@type\":\"Organization\",\"@id\":\"https:\/\/skaitytaknyga.lt\/#organization\",\"name\":\"skaitytaknyga.lt\",\"url\":\"https:\/\/skaitytaknyga.lt\/\",\"logo\":{\"@type\":\"ImageObject\",\"inLanguage\":\"en-GB\",\"@id\":\"https:\/\/skaitytaknyga.lt\/#\/schema\/logo\/image\/\",\"url\":\"https:\/\/skaitytaknyga.lt\/wp-content\/uploads\/2024\/05\/cropped-cropped-cropped-02_00843_jt3bggkj1j3HLc7SyY6rEUpg.jpeg\",\"contentUrl\":\"https:\/\/skaitytaknyga.lt\/wp-content\/uploads\/2024\/05\/cropped-cropped-cropped-02_00843_jt3bggkj1j3HLc7SyY6rEUpg.jpeg\",\"width\":1600,\"height\":1600,\"caption\":\"skaitytaknyga.lt\"},\"image\":{\"@id\":\"https:\/\/skaitytaknyga.lt\/#\/schema\/logo\/image\/\"},\"sameAs\":[\"https:\/\/www.facebook.com\/skaitytaknyga\/\"]}]}<\/script>\n<!-- \/ Yoast SEO plugin. -->","yoast_head_json":{"title":"\u0160io gyvenimo laim\u0117 - Skaitytaknyga","description":"Homilij\u0173, kalb\u0173, \u017eini\u0173, mald\u0173 rinkinys, kuriame popie\u017eius Pranci\u0161kus kalba apie tai, kaip surasti laim\u0119 ir pajusti gyvenimo pilnatv\u0119 kasdienyb\u0117je. \u201eJei","robots":{"index":"index","follow":"follow","max-snippet":"max-snippet:-1","max-image-preview":"max-image-preview:large","max-video-preview":"max-video-preview:-1"},"canonical":"https:\/\/skaitytaknyga.lt\/en\/produktas\/sio-gyvenimo-laime\/","og_locale":"en_GB","og_type":"article","og_title":"\u0160io gyvenimo laim\u0117 - Skaitytaknyga","og_description":"Homilij\u0173, kalb\u0173, \u017eini\u0173, mald\u0173 rinkinys, kuriame popie\u017eius Pranci\u0161kus kalba apie tai, kaip surasti laim\u0119 ir pajusti gyvenimo pilnatv\u0119 kasdienyb\u0117je. \u201eJei","og_url":"https:\/\/skaitytaknyga.lt\/en\/produktas\/sio-gyvenimo-laime\/","og_site_name":"Skaitytaknyga","article_publisher":"https:\/\/www.facebook.com\/skaitytaknyga\/","article_modified_time":"2024-05-04T19:32:33+00:00","og_image":[{"width":1000,"height":1000,"url":"https:\/\/skaitytaknyga.lt\/wp-content\/uploads\/2024\/05\/7479091_2-1000x1000-1.jpg","type":"image\/jpeg"}],"twitter_card":"summary_large_image","twitter_misc":{"Estimated reading time":"1 minute"},"schema":{"@context":"https:\/\/schema.org","@graph":[{"@type":"WebPage","@id":"https:\/\/skaitytaknyga.lt\/produktas\/sio-gyvenimo-laime\/","url":"https:\/\/skaitytaknyga.lt\/produktas\/sio-gyvenimo-laime\/","name":"\u0160io gyvenimo laim\u0117 - Skaitytaknyga","isPartOf":{"@id":"https:\/\/skaitytaknyga.lt\/#website"},"primaryImageOfPage":{"@id":"https:\/\/skaitytaknyga.lt\/produktas\/sio-gyvenimo-laime\/#primaryimage"},"image":{"@id":"https:\/\/skaitytaknyga.lt\/produktas\/sio-gyvenimo-laime\/#primaryimage"},"thumbnailUrl":"https:\/\/skaitytaknyga.lt\/wp-content\/uploads\/2024\/05\/7479091_2-1000x1000-1.jpg","datePublished":"2024-05-04T19:28:48+00:00","dateModified":"2024-05-04T19:32:33+00:00","description":"Homilij\u0173, kalb\u0173, \u017eini\u0173, mald\u0173 rinkinys, kuriame popie\u017eius Pranci\u0161kus kalba apie tai, kaip surasti laim\u0119 ir pajusti gyvenimo pilnatv\u0119 kasdienyb\u0117je. \u201eJei","breadcrumb":{"@id":"https:\/\/skaitytaknyga.lt\/produktas\/sio-gyvenimo-laime\/#breadcrumb"},"inLanguage":"en-GB","potentialAction":[{"@type":"ReadAction","target":["https:\/\/skaitytaknyga.lt\/produktas\/sio-gyvenimo-laime\/"]}]},{"@type":"ImageObject","inLanguage":"en-GB","@id":"https:\/\/skaitytaknyga.lt\/produktas\/sio-gyvenimo-laime\/#primaryimage","url":"https:\/\/skaitytaknyga.lt\/wp-content\/uploads\/2024\/05\/7479091_2-1000x1000-1.jpg","contentUrl":"https:\/\/skaitytaknyga.lt\/wp-content\/uploads\/2024\/05\/7479091_2-1000x1000-1.jpg","width":1000,"height":1000},{"@type":"BreadcrumbList","@id":"https:\/\/skaitytaknyga.lt\/produktas\/sio-gyvenimo-laime\/#breadcrumb","itemListElement":[{"@type":"ListItem","position":1,"name":"Home","item":"https:\/\/skaitytaknyga.lt\/"},{"@type":"ListItem","position":2,"name":"Parduotuv\u0117","item":"https:\/\/skaitytaknyga.lt\/knygu-parduotuve\/"},{"@type":"ListItem","position":3,"name":"\u0160io gyvenimo laim\u0117"}]},{"@type":"WebSite","@id":"https:\/\/skaitytaknyga.lt\/#website","url":"https:\/\/skaitytaknyga.lt\/","name":"skaitytaknyga.lt","description":"Skaitytaknyga.lt \u2013 tai ma\u017eas \u0161eimos verslas, kuris prasid\u0117jo nuo meil\u0117s knygoms ir siekio i\u0161gelb\u0117ti knygas nuo likimo prie konteinerio. Kas vienam nereikalingas daiktas \u2013 kitam lobis, o mes esame tarpininkai, kurie padeda abiems tapti laimingesniems ???? \u017dinome kaip nelengva i\u0161gyventi ma\u017eiems verslams, tad nuo \u0161iol, \u010dia rasite ir kit\u0173, ma\u017e\u0173 \u0161eim\u0173 versl\u0173, rank\u0173 darbo, dovan\u0173 sau ir artimiesiems.","publisher":{"@id":"https:\/\/skaitytaknyga.lt\/#organization"},"potentialAction":[{"@type":"SearchAction","target":{"@type":"EntryPoint","urlTemplate":"https:\/\/skaitytaknyga.lt\/?s={search_term_string}"},"query-input":{"@type":"PropertyValueSpecification","valueRequired":true,"valueName":"search_term_string"}}],"inLanguage":"en-GB"},{"@type":"Organization","@id":"https:\/\/skaitytaknyga.lt\/#organization","name":"skaitytaknyga.lt","url":"https:\/\/skaitytaknyga.lt\/","logo":{"@type":"ImageObject","inLanguage":"en-GB","@id":"https:\/\/skaitytaknyga.lt\/#\/schema\/logo\/image\/","url":"https:\/\/skaitytaknyga.lt\/wp-content\/uploads\/2024\/05\/cropped-cropped-cropped-02_00843_jt3bggkj1j3HLc7SyY6rEUpg.jpeg","contentUrl":"https:\/\/skaitytaknyga.lt\/wp-content\/uploads\/2024\/05\/cropped-cropped-cropped-02_00843_jt3bggkj1j3HLc7SyY6rEUpg.jpeg","width":1600,"height":1600,"caption":"skaitytaknyga.lt"},"image":{"@id":"https:\/\/skaitytaknyga.lt\/#\/schema\/logo\/image\/"},"sameAs":["https:\/\/www.facebook.com\/skaitytaknyga\/"]}]}},"_links":{"self":[{"href":"https:\/\/skaitytaknyga.lt\/en\/wp-json\/wp\/v2\/product\/11121","targetHints":{"allow":["GET"]}}],"collection":[{"href":"https:\/\/skaitytaknyga.lt\/en\/wp-json\/wp\/v2\/product"}],"about":[{"href":"https:\/\/skaitytaknyga.lt\/en\/wp-json\/wp\/v2\/types\/product"}],"replies":[{"embeddable":true,"href":"https:\/\/skaitytaknyga.lt\/en\/wp-json\/wp\/v2\/comments?post=11121"}],"wp:featuredmedia":[{"embeddable":true,"href":"https:\/\/skaitytaknyga.lt\/en\/wp-json\/wp\/v2\/media\/11157"}],"wp:attachment":[{"href":"https:\/\/skaitytaknyga.lt\/en\/wp-json\/wp\/v2\/media?parent=11121"}],"wp:term":[{"taxonomy":"product_brand","embeddable":true,"href":"https:\/\/skaitytaknyga.lt\/en\/wp-json\/wp\/v2\/product_brand?post=11121"},{"taxonomy":"product_cat","embeddable":true,"href":"https:\/\/skaitytaknyga.lt\/en\/wp-json\/wp\/v2\/product_cat?post=11121"},{"taxonomy":"product_tag","embeddable":true,"href":"https:\/\/skaitytaknyga.lt\/en\/wp-json\/wp\/v2\/product_tag?post=11121"}],"curies":[{"name":"wp","href":"https:\/\/api.w.org\/{rel}","templated":true}]}}