{"id":11120,"date":"2024-05-04T19:28:48","date_gmt":"2024-05-04T19:28:48","guid":{"rendered":"https:\/\/skaitytaknyga.lt\/?post_type=product&#038;p=11120"},"modified":"2024-05-04T19:32:25","modified_gmt":"2024-05-04T19:32:25","slug":"nuostabus-magio-nuotykiai","status":"publish","type":"product","link":"https:\/\/skaitytaknyga.lt\/en\/produktas\/nuostabus-magio-nuotykiai\/","title":{"rendered":"Nuostab\u016bs Magio nuotykiai"},"content":{"rendered":"<div>Tai fantastikos element\u0173 kupinos a\u0161traus siu\u017eeto pasakos vyresnio am\u017eiaus vaikams. Pagrindinis herojus Magis, vaikyst\u0117je patyr\u0119s didel\u0119 fizin\u0119 traum\u0105, \u012fgavo ne\u012ftik\u0117tin\u0173 gali\u0173. Jis gali atsidurti vis kitame laike, kitame pasaulyje, kur tenka kovoti su piktaisiais burtininkais u\u017e g\u0117rio pergal\u0119, kuri\u0105 ne visada lemta laim\u0117ti, o ir pasekm\u0117s ne visada linksmos.<\/p>\n<p>Lidija Mont\u0117 pasakas vaikams prad\u0117jo ra\u0161yti visai neseniai. Tiksliau, anks\u010diau neu\u017era\u0161in\u0117jo, tiesiog prasimanydavo \u012fvairiausi\u0173 istorij\u0173 ir pasakodavo savo an\u016bkams. De\u0161imt met\u0173 i\u0161gyvenusi Jungtin\u0117se Amerikos Valstijose, ji nutar\u0117 i\u0161leisti savo pasakas gimtojoje \u0161alyje gimt\u0105ja kalba. Lidija Mont\u0117 \u2013 i\u0161tverminga ir atkakli, k\u0105 nors prad\u0117jusi, b\u016btinai eina iki galo ir tiki tuo, k\u0105 daro. Autor\u0117s nuomone tik\u0117jimas stebuklu ir g\u0117riu praskaidrina kiekvieno \u017emogaus, ypa\u010d vaiko, gyvenim\u0105, padeda \u012fveikti visus sunkumus ir negandas. Tokiu tik\u0117jimu paremtos ir pasakos apie berniuk\u0105 Mag\u012f.<\/p><\/div>\n","protected":false},"excerpt":{"rendered":"<p>Tai fantastikos element\u0173 kupinos a\u0161traus siu\u017eeto pasakos vyresnio am\u017eiaus vaikams. Pagrindinis herojus Magis, vaikyst\u0117je patyr\u0119s didel\u0119 fizin\u0119 traum\u0105, \u012fgavo ne\u012ftik\u0117tin\u0173 gali\u0173. Jis gali atsidurti vis kitame laike, kitame pasaulyje, kur tenka kovoti su piktaisiais burtininkais u\u017e g\u0117rio pergal\u0119, kuri\u0105 ne visada lemta laim\u0117ti, o ir pasekm\u0117s ne visada linksmos. Lidija Mont\u0117 pasakas vaikams prad\u0117jo ra\u0161yti visai neseniai. Tiksliau, anks\u010diau neu\u017era\u0161in\u0117jo, tiesiog prasimanydavo \u012fvairiausi\u0173 istorij\u0173 ir pasakodavo savo an\u016bkams. De\u0161imt met\u0173 i\u0161gyvenusi Jungtin\u0117se Amerikos Valstijose, ji nutar\u0117 i\u0161leisti savo pasakas gimtojoje \u0161alyje gimt\u0105ja kalba. Lidija Mont\u0117 \u2013 i\u0161tverminga ir atkakli, k\u0105 nors prad\u0117jusi, b\u016btinai eina iki galo ir tiki tuo, k\u0105 daro. Autor\u0117s nuomone tik\u0117jimas stebuklu ir g\u0117riu praskaidrina kiekvieno \u017emogaus, ypa\u010d vaiko, gyvenim\u0105, padeda \u012fveikti visus sunkumus ir negandas. Tokiu tik\u0117jimu paremtos ir pasakos apie berniuk\u0105 Mag\u012f.<\/p>\n","protected":false},"featured_media":11156,"comment_status":"closed","ping_status":"closed","template":"","meta":{"_acf_changed":false,"site-sidebar-layout":"default","site-content-layout":"","ast-site-content-layout":"default","site-content-style":"default","site-sidebar-style":"default","ast-global-header-display":"","ast-banner-title-visibility":"","ast-main-header-display":"","ast-hfb-above-header-display":"","ast-hfb-below-header-display":"","ast-hfb-mobile-header-display":"","site-post-title":"","ast-breadcrumbs-content":"","ast-featured-img":"","footer-sml-layout":"","ast-disable-related-posts":"","theme-transparent-header-meta":"","adv-header-id-meta":"","stick-header-meta":"","header-above-stick-meta":"","header-main-stick-meta":"","header-below-stick-meta":"","astra-migrate-meta-layouts":"default","ast-page-background-enabled":"default","ast-page-background-meta":{"desktop":{"background-color":"","background-image":"","background-repeat":"repeat","background-position":"center center","background-size":"auto","background-attachment":"scroll","background-type":"","background-media":"","overlay-type":"","overlay-color":"","overlay-opacity":"","overlay-gradient":""},"tablet":{"background-color":"","background-image":"","background-repeat":"repeat","background-position":"center center","background-size":"auto","background-attachment":"scroll","background-type":"","background-media":"","overlay-type":"","overlay-color":"","overlay-opacity":"","overlay-gradient":""},"mobile":{"background-color":"","background-image":"","background-repeat":"repeat","background-position":"center center","background-size":"auto","background-attachment":"scroll","background-type":"","background-media":"","overlay-type":"","overlay-color":"","overlay-opacity":"","overlay-gradient":""}},"ast-content-background-meta":{"desktop":{"background-color":"var(--ast-global-color-4)","background-image":"","background-repeat":"repeat","background-position":"center center","background-size":"auto","background-attachment":"scroll","background-type":"","background-media":"","overlay-type":"","overlay-color":"","overlay-opacity":"","overlay-gradient":""},"tablet":{"background-color":"var(--ast-global-color-4)","background-image":"","background-repeat":"repeat","background-position":"center center","background-size":"auto","background-attachment":"scroll","background-type":"","background-media":"","overlay-type":"","overlay-color":"","overlay-opacity":"","overlay-gradient":""},"mobile":{"background-color":"var(--ast-global-color-4)","background-image":"","background-repeat":"repeat","background-position":"center center","background-size":"auto","background-attachment":"scroll","background-type":"","background-media":"","overlay-type":"","overlay-color":"","overlay-opacity":"","overlay-gradient":""}}},"product_brand":[],"product_cat":[35],"product_tag":[],"class_list":{"0":"post-11120","1":"product","2":"type-product","3":"status-publish","4":"has-post-thumbnail","6":"product_cat-vaikams-ir-paaugliams","7":"desktop-align-left","8":"tablet-align-left","9":"mobile-align-left","11":"first","12":"instock","13":"shipping-taxable","14":"purchasable","15":"product-type-simple"},"acf":[],"yoast_head":"<!-- This site is optimized with the Yoast SEO plugin v27.0 - https:\/\/yoast.com\/product\/yoast-seo-wordpress\/ -->\n<title>Nuostab\u016bs Magio nuotykiai - Skaitytaknyga<\/title>\n<meta name=\"description\" content=\"Tai fantastikos element\u0173 kupinos a\u0161traus siu\u017eeto pasakos vyresnio am\u017eiaus vaikams. Pagrindinis herojus Magis, vaikyst\u0117je patyr\u0119s didel\u0119 fizin\u0119 traum\u0105,\" \/>\n<meta name=\"robots\" content=\"index, follow, max-snippet:-1, max-image-preview:large, max-video-preview:-1\" \/>\n<link rel=\"canonical\" href=\"https:\/\/skaitytaknyga.lt\/en\/produktas\/nuostabus-magio-nuotykiai\/\" \/>\n<meta property=\"og:locale\" content=\"en_GB\" \/>\n<meta property=\"og:locale:alternate\" content=\"lt_LT\" \/>\n<meta property=\"og:type\" content=\"article\" \/>\n<meta property=\"og:title\" content=\"Nuostab\u016bs Magio nuotykiai - Skaitytaknyga\" \/>\n<meta property=\"og:description\" content=\"Tai fantastikos element\u0173 kupinos a\u0161traus siu\u017eeto pasakos vyresnio am\u017eiaus vaikams. Pagrindinis herojus Magis, vaikyst\u0117je patyr\u0119s didel\u0119 fizin\u0119 traum\u0105,\" \/>\n<meta property=\"og:url\" content=\"https:\/\/skaitytaknyga.lt\/en\/produktas\/nuostabus-magio-nuotykiai\/\" \/>\n<meta property=\"og:site_name\" content=\"Skaitytaknyga\" \/>\n<meta property=\"article:publisher\" content=\"https:\/\/www.facebook.com\/skaitytaknyga\/\" \/>\n<meta property=\"article:modified_time\" content=\"2024-05-04T19:32:25+00:00\" \/>\n<meta property=\"og:image\" content=\"https:\/\/skaitytaknyga.lt\/wp-content\/uploads\/2024\/05\/magio-nuotykiai.jpg\" \/>\n\t<meta property=\"og:image:width\" content=\"331\" \/>\n\t<meta property=\"og:image:height\" content=\"450\" \/>\n\t<meta property=\"og:image:type\" content=\"image\/jpeg\" \/>\n<meta name=\"twitter:card\" content=\"summary_large_image\" \/>\n<meta name=\"twitter:label1\" content=\"Estimated reading time\" \/>\n\t<meta name=\"twitter:data1\" content=\"1 minute\" \/>\n<script type=\"application\/ld+json\" class=\"yoast-schema-graph\">{\"@context\":\"https:\/\/schema.org\",\"@graph\":[{\"@type\":\"WebPage\",\"@id\":\"https:\/\/skaitytaknyga.lt\/produktas\/nuostabus-magio-nuotykiai\/\",\"url\":\"https:\/\/skaitytaknyga.lt\/produktas\/nuostabus-magio-nuotykiai\/\",\"name\":\"Nuostab\u016bs Magio nuotykiai - Skaitytaknyga\",\"isPartOf\":{\"@id\":\"https:\/\/skaitytaknyga.lt\/#website\"},\"primaryImageOfPage\":{\"@id\":\"https:\/\/skaitytaknyga.lt\/produktas\/nuostabus-magio-nuotykiai\/#primaryimage\"},\"image\":{\"@id\":\"https:\/\/skaitytaknyga.lt\/produktas\/nuostabus-magio-nuotykiai\/#primaryimage\"},\"thumbnailUrl\":\"https:\/\/skaitytaknyga.lt\/wp-content\/uploads\/2024\/05\/magio-nuotykiai.jpg\",\"datePublished\":\"2024-05-04T19:28:48+00:00\",\"dateModified\":\"2024-05-04T19:32:25+00:00\",\"description\":\"Tai fantastikos element\u0173 kupinos a\u0161traus siu\u017eeto pasakos vyresnio am\u017eiaus vaikams. Pagrindinis herojus Magis, vaikyst\u0117je patyr\u0119s didel\u0119 fizin\u0119 traum\u0105,\",\"breadcrumb\":{\"@id\":\"https:\/\/skaitytaknyga.lt\/produktas\/nuostabus-magio-nuotykiai\/#breadcrumb\"},\"inLanguage\":\"en-GB\",\"potentialAction\":[{\"@type\":\"ReadAction\",\"target\":[\"https:\/\/skaitytaknyga.lt\/produktas\/nuostabus-magio-nuotykiai\/\"]}]},{\"@type\":\"ImageObject\",\"inLanguage\":\"en-GB\",\"@id\":\"https:\/\/skaitytaknyga.lt\/produktas\/nuostabus-magio-nuotykiai\/#primaryimage\",\"url\":\"https:\/\/skaitytaknyga.lt\/wp-content\/uploads\/2024\/05\/magio-nuotykiai.jpg\",\"contentUrl\":\"https:\/\/skaitytaknyga.lt\/wp-content\/uploads\/2024\/05\/magio-nuotykiai.jpg\",\"width\":331,\"height\":450},{\"@type\":\"BreadcrumbList\",\"@id\":\"https:\/\/skaitytaknyga.lt\/produktas\/nuostabus-magio-nuotykiai\/#breadcrumb\",\"itemListElement\":[{\"@type\":\"ListItem\",\"position\":1,\"name\":\"Home\",\"item\":\"https:\/\/skaitytaknyga.lt\/\"},{\"@type\":\"ListItem\",\"position\":2,\"name\":\"Parduotuv\u0117\",\"item\":\"https:\/\/skaitytaknyga.lt\/knygu-parduotuve\/\"},{\"@type\":\"ListItem\",\"position\":3,\"name\":\"Nuostab\u016bs Magio nuotykiai\"}]},{\"@type\":\"WebSite\",\"@id\":\"https:\/\/skaitytaknyga.lt\/#website\",\"url\":\"https:\/\/skaitytaknyga.lt\/\",\"name\":\"skaitytaknyga.lt\",\"description\":\"Skaitytaknyga.lt \u2013 tai ma\u017eas \u0161eimos verslas, kuris prasid\u0117jo nuo meil\u0117s knygoms ir siekio i\u0161gelb\u0117ti knygas nuo likimo prie konteinerio. Kas vienam nereikalingas daiktas \u2013 kitam lobis, o mes esame tarpininkai, kurie padeda abiems tapti laimingesniems ???? \u017dinome kaip nelengva i\u0161gyventi ma\u017eiems verslams, tad nuo \u0161iol, \u010dia rasite ir kit\u0173, ma\u017e\u0173 \u0161eim\u0173 versl\u0173, rank\u0173 darbo, dovan\u0173 sau ir artimiesiems.\",\"publisher\":{\"@id\":\"https:\/\/skaitytaknyga.lt\/#organization\"},\"potentialAction\":[{\"@type\":\"SearchAction\",\"target\":{\"@type\":\"EntryPoint\",\"urlTemplate\":\"https:\/\/skaitytaknyga.lt\/?s={search_term_string}\"},\"query-input\":{\"@type\":\"PropertyValueSpecification\",\"valueRequired\":true,\"valueName\":\"search_term_string\"}}],\"inLanguage\":\"en-GB\"},{\"@type\":\"Organization\",\"@id\":\"https:\/\/skaitytaknyga.lt\/#organization\",\"name\":\"skaitytaknyga.lt\",\"url\":\"https:\/\/skaitytaknyga.lt\/\",\"logo\":{\"@type\":\"ImageObject\",\"inLanguage\":\"en-GB\",\"@id\":\"https:\/\/skaitytaknyga.lt\/#\/schema\/logo\/image\/\",\"url\":\"https:\/\/skaitytaknyga.lt\/wp-content\/uploads\/2024\/05\/cropped-cropped-cropped-02_00843_jt3bggkj1j3HLc7SyY6rEUpg.jpeg\",\"contentUrl\":\"https:\/\/skaitytaknyga.lt\/wp-content\/uploads\/2024\/05\/cropped-cropped-cropped-02_00843_jt3bggkj1j3HLc7SyY6rEUpg.jpeg\",\"width\":1600,\"height\":1600,\"caption\":\"skaitytaknyga.lt\"},\"image\":{\"@id\":\"https:\/\/skaitytaknyga.lt\/#\/schema\/logo\/image\/\"},\"sameAs\":[\"https:\/\/www.facebook.com\/skaitytaknyga\/\"]}]}<\/script>\n<!-- \/ Yoast SEO plugin. -->","yoast_head_json":{"title":"Nuostab\u016bs Magio nuotykiai - Skaitytaknyga","description":"Tai fantastikos element\u0173 kupinos a\u0161traus siu\u017eeto pasakos vyresnio am\u017eiaus vaikams. Pagrindinis herojus Magis, vaikyst\u0117je patyr\u0119s didel\u0119 fizin\u0119 traum\u0105,","robots":{"index":"index","follow":"follow","max-snippet":"max-snippet:-1","max-image-preview":"max-image-preview:large","max-video-preview":"max-video-preview:-1"},"canonical":"https:\/\/skaitytaknyga.lt\/en\/produktas\/nuostabus-magio-nuotykiai\/","og_locale":"en_GB","og_type":"article","og_title":"Nuostab\u016bs Magio nuotykiai - Skaitytaknyga","og_description":"Tai fantastikos element\u0173 kupinos a\u0161traus siu\u017eeto pasakos vyresnio am\u017eiaus vaikams. Pagrindinis herojus Magis, vaikyst\u0117je patyr\u0119s didel\u0119 fizin\u0119 traum\u0105,","og_url":"https:\/\/skaitytaknyga.lt\/en\/produktas\/nuostabus-magio-nuotykiai\/","og_site_name":"Skaitytaknyga","article_publisher":"https:\/\/www.facebook.com\/skaitytaknyga\/","article_modified_time":"2024-05-04T19:32:25+00:00","og_image":[{"width":331,"height":450,"url":"https:\/\/skaitytaknyga.lt\/wp-content\/uploads\/2024\/05\/magio-nuotykiai.jpg","type":"image\/jpeg"}],"twitter_card":"summary_large_image","twitter_misc":{"Estimated reading time":"1 minute"},"schema":{"@context":"https:\/\/schema.org","@graph":[{"@type":"WebPage","@id":"https:\/\/skaitytaknyga.lt\/produktas\/nuostabus-magio-nuotykiai\/","url":"https:\/\/skaitytaknyga.lt\/produktas\/nuostabus-magio-nuotykiai\/","name":"Nuostab\u016bs Magio nuotykiai - Skaitytaknyga","isPartOf":{"@id":"https:\/\/skaitytaknyga.lt\/#website"},"primaryImageOfPage":{"@id":"https:\/\/skaitytaknyga.lt\/produktas\/nuostabus-magio-nuotykiai\/#primaryimage"},"image":{"@id":"https:\/\/skaitytaknyga.lt\/produktas\/nuostabus-magio-nuotykiai\/#primaryimage"},"thumbnailUrl":"https:\/\/skaitytaknyga.lt\/wp-content\/uploads\/2024\/05\/magio-nuotykiai.jpg","datePublished":"2024-05-04T19:28:48+00:00","dateModified":"2024-05-04T19:32:25+00:00","description":"Tai fantastikos element\u0173 kupinos a\u0161traus siu\u017eeto pasakos vyresnio am\u017eiaus vaikams. Pagrindinis herojus Magis, vaikyst\u0117je patyr\u0119s didel\u0119 fizin\u0119 traum\u0105,","breadcrumb":{"@id":"https:\/\/skaitytaknyga.lt\/produktas\/nuostabus-magio-nuotykiai\/#breadcrumb"},"inLanguage":"en-GB","potentialAction":[{"@type":"ReadAction","target":["https:\/\/skaitytaknyga.lt\/produktas\/nuostabus-magio-nuotykiai\/"]}]},{"@type":"ImageObject","inLanguage":"en-GB","@id":"https:\/\/skaitytaknyga.lt\/produktas\/nuostabus-magio-nuotykiai\/#primaryimage","url":"https:\/\/skaitytaknyga.lt\/wp-content\/uploads\/2024\/05\/magio-nuotykiai.jpg","contentUrl":"https:\/\/skaitytaknyga.lt\/wp-content\/uploads\/2024\/05\/magio-nuotykiai.jpg","width":331,"height":450},{"@type":"BreadcrumbList","@id":"https:\/\/skaitytaknyga.lt\/produktas\/nuostabus-magio-nuotykiai\/#breadcrumb","itemListElement":[{"@type":"ListItem","position":1,"name":"Home","item":"https:\/\/skaitytaknyga.lt\/"},{"@type":"ListItem","position":2,"name":"Parduotuv\u0117","item":"https:\/\/skaitytaknyga.lt\/knygu-parduotuve\/"},{"@type":"ListItem","position":3,"name":"Nuostab\u016bs Magio nuotykiai"}]},{"@type":"WebSite","@id":"https:\/\/skaitytaknyga.lt\/#website","url":"https:\/\/skaitytaknyga.lt\/","name":"skaitytaknyga.lt","description":"Skaitytaknyga.lt \u2013 tai ma\u017eas \u0161eimos verslas, kuris prasid\u0117jo nuo meil\u0117s knygoms ir siekio i\u0161gelb\u0117ti knygas nuo likimo prie konteinerio. Kas vienam nereikalingas daiktas \u2013 kitam lobis, o mes esame tarpininkai, kurie padeda abiems tapti laimingesniems ???? \u017dinome kaip nelengva i\u0161gyventi ma\u017eiems verslams, tad nuo \u0161iol, \u010dia rasite ir kit\u0173, ma\u017e\u0173 \u0161eim\u0173 versl\u0173, rank\u0173 darbo, dovan\u0173 sau ir artimiesiems.","publisher":{"@id":"https:\/\/skaitytaknyga.lt\/#organization"},"potentialAction":[{"@type":"SearchAction","target":{"@type":"EntryPoint","urlTemplate":"https:\/\/skaitytaknyga.lt\/?s={search_term_string}"},"query-input":{"@type":"PropertyValueSpecification","valueRequired":true,"valueName":"search_term_string"}}],"inLanguage":"en-GB"},{"@type":"Organization","@id":"https:\/\/skaitytaknyga.lt\/#organization","name":"skaitytaknyga.lt","url":"https:\/\/skaitytaknyga.lt\/","logo":{"@type":"ImageObject","inLanguage":"en-GB","@id":"https:\/\/skaitytaknyga.lt\/#\/schema\/logo\/image\/","url":"https:\/\/skaitytaknyga.lt\/wp-content\/uploads\/2024\/05\/cropped-cropped-cropped-02_00843_jt3bggkj1j3HLc7SyY6rEUpg.jpeg","contentUrl":"https:\/\/skaitytaknyga.lt\/wp-content\/uploads\/2024\/05\/cropped-cropped-cropped-02_00843_jt3bggkj1j3HLc7SyY6rEUpg.jpeg","width":1600,"height":1600,"caption":"skaitytaknyga.lt"},"image":{"@id":"https:\/\/skaitytaknyga.lt\/#\/schema\/logo\/image\/"},"sameAs":["https:\/\/www.facebook.com\/skaitytaknyga\/"]}]}},"_links":{"self":[{"href":"https:\/\/skaitytaknyga.lt\/en\/wp-json\/wp\/v2\/product\/11120","targetHints":{"allow":["GET"]}}],"collection":[{"href":"https:\/\/skaitytaknyga.lt\/en\/wp-json\/wp\/v2\/product"}],"about":[{"href":"https:\/\/skaitytaknyga.lt\/en\/wp-json\/wp\/v2\/types\/product"}],"replies":[{"embeddable":true,"href":"https:\/\/skaitytaknyga.lt\/en\/wp-json\/wp\/v2\/comments?post=11120"}],"wp:featuredmedia":[{"embeddable":true,"href":"https:\/\/skaitytaknyga.lt\/en\/wp-json\/wp\/v2\/media\/11156"}],"wp:attachment":[{"href":"https:\/\/skaitytaknyga.lt\/en\/wp-json\/wp\/v2\/media?parent=11120"}],"wp:term":[{"taxonomy":"product_brand","embeddable":true,"href":"https:\/\/skaitytaknyga.lt\/en\/wp-json\/wp\/v2\/product_brand?post=11120"},{"taxonomy":"product_cat","embeddable":true,"href":"https:\/\/skaitytaknyga.lt\/en\/wp-json\/wp\/v2\/product_cat?post=11120"},{"taxonomy":"product_tag","embeddable":true,"href":"https:\/\/skaitytaknyga.lt\/en\/wp-json\/wp\/v2\/product_tag?post=11120"}],"curies":[{"name":"wp","href":"https:\/\/api.w.org\/{rel}","templated":true}]}}