{"id":11119,"date":"2024-05-04T19:28:48","date_gmt":"2024-05-04T19:28:48","guid":{"rendered":"https:\/\/skaitytaknyga.lt\/?post_type=product&#038;p=11119"},"modified":"2024-05-04T19:32:22","modified_gmt":"2024-05-04T19:32:22","slug":"kol-gyveni-tol-ir-mokaisi-vek-zivi-vek-ucis-iliustruotas-lietuviu-rusu-patarliu-zodynas","status":"publish","type":"product","link":"https:\/\/skaitytaknyga.lt\/en\/produktas\/kol-gyveni-tol-ir-mokaisi-vek-zivi-vek-ucis-iliustruotas-lietuviu-rusu-patarliu-zodynas\/","title":{"rendered":"Kol gyveni, tol ir mokaisi \/ Vek \u017eivi, vek u\u010dis. Iliustruotas lietuvi\u0173-rus\u0173 patarli\u0173 \u017eodynas"},"content":{"rendered":"<div>\n<p>Knyg\u0105 sudaro lietuvi\u0173 ir rus\u0173 patarl\u0117s, kurias iliustravo vaikai i\u0161 lietuvi\u0173 ir rus\u0173 mokykl\u0173. Kiekvienos patarl\u0117s reik\u0161m\u0117 paai\u0161kinta, patarl\u0117s papildytos variantais. \u0160is iliustruotas \u017eodynas puikiai tinka ne tik mokantis gra\u017eiai kalb\u0117ti lietuvi\u0173 kalba, bet ir geidaujantiems turtinti rus\u0173 kalbos \u017einias, tiek kitatau\u010diams, trok\u0161tantiems \u0161nek\u0117ti vaizdinga lietuvi\u0173 kalba.<\/p>\n<p>\u0160is leidinys yra tarptautinio patarli\u0173 projekto \u201eKol gyveni, tol ir mokaisi&#8221; t\u0119sinys. Pirmojoje projekto dalyje dalyvavo moksleiviai i\u0161 Lietuvos ir Did\u017eiosios Britanijos, i\u0161leista knyga \u201eLietuvi\u0173-angl\u0173 patarl\u0117s. Kol gyveni, tol ir mokaisi. Live and Learn&#8221;.<\/p>\n<p>Patarl\u0117s yra tradiciniai posakiai, atspindintys kalbos turtingum\u0105 ir tautos charakter\u012f, atskleid\u017eiantys tautos savitumo i\u0161rai\u0161k\u0105. Tod\u0117l patarli\u0173 perteikimas jaunajai kartai yra labai svarbi ugdymo priemon\u0117. Leidiniu siekiama skatinti vaikus vaizdingai kalb\u0117ti gimt\u0105ja kalba ir turtinti kalbos \u017einias, tuo pa\u010diu mokytis svetimos kalbos ir j\u0105 tobulinti per k\u016brybin\u0119 i\u0161rai\u0161k\u0105.<\/p>\n<\/div>\n","protected":false},"excerpt":{"rendered":"<p>Knyg\u0105 sudaro lietuvi\u0173 ir rus\u0173 patarl\u0117s, kurias iliustravo vaikai i\u0161 lietuvi\u0173 ir rus\u0173 mokykl\u0173. Kiekvienos patarl\u0117s reik\u0161m\u0117 paai\u0161kinta, patarl\u0117s papildytos variantais. \u0160is iliustruotas \u017eodynas puikiai tinka ne tik mokantis gra\u017eiai kalb\u0117ti lietuvi\u0173 kalba, bet ir geidaujantiems turtinti rus\u0173 kalbos \u017einias, tiek kitatau\u010diams, trok\u0161tantiems \u0161nek\u0117ti vaizdinga lietuvi\u0173 kalba. \u0160is leidinys yra tarptautinio patarli\u0173 projekto \u201eKol gyveni, tol ir mokaisi&#8221; t\u0119sinys. Pirmojoje projekto dalyje dalyvavo moksleiviai i\u0161 Lietuvos ir Did\u017eiosios Britanijos, i\u0161leista knyga \u201eLietuvi\u0173-angl\u0173 patarl\u0117s. Kol gyveni, tol ir mokaisi. Live and Learn&#8221;. Patarl\u0117s yra tradiciniai posakiai, atspindintys kalbos turtingum\u0105 ir tautos charakter\u012f, atskleid\u017eiantys tautos savitumo i\u0161rai\u0161k\u0105. Tod\u0117l patarli\u0173 perteikimas jaunajai kartai yra labai svarbi ugdymo priemon\u0117. Leidiniu siekiama skatinti vaikus vaizdingai kalb\u0117ti gimt\u0105ja kalba ir turtinti kalbos \u017einias, tuo pa\u010diu mokytis svetimos kalbos ir j\u0105 tobulinti per k\u016brybin\u0119 i\u0161rai\u0161k\u0105.<\/p>\n","protected":false},"featured_media":11155,"comment_status":"closed","ping_status":"closed","template":"","meta":{"_acf_changed":false,"site-sidebar-layout":"default","site-content-layout":"","ast-site-content-layout":"default","site-content-style":"default","site-sidebar-style":"default","ast-global-header-display":"","ast-banner-title-visibility":"","ast-main-header-display":"","ast-hfb-above-header-display":"","ast-hfb-below-header-display":"","ast-hfb-mobile-header-display":"","site-post-title":"","ast-breadcrumbs-content":"","ast-featured-img":"","footer-sml-layout":"","ast-disable-related-posts":"","theme-transparent-header-meta":"","adv-header-id-meta":"","stick-header-meta":"","header-above-stick-meta":"","header-main-stick-meta":"","header-below-stick-meta":"","astra-migrate-meta-layouts":"default","ast-page-background-enabled":"default","ast-page-background-meta":{"desktop":{"background-color":"","background-image":"","background-repeat":"repeat","background-position":"center center","background-size":"auto","background-attachment":"scroll","background-type":"","background-media":"","overlay-type":"","overlay-color":"","overlay-opacity":"","overlay-gradient":""},"tablet":{"background-color":"","background-image":"","background-repeat":"repeat","background-position":"center center","background-size":"auto","background-attachment":"scroll","background-type":"","background-media":"","overlay-type":"","overlay-color":"","overlay-opacity":"","overlay-gradient":""},"mobile":{"background-color":"","background-image":"","background-repeat":"repeat","background-position":"center center","background-size":"auto","background-attachment":"scroll","background-type":"","background-media":"","overlay-type":"","overlay-color":"","overlay-opacity":"","overlay-gradient":""}},"ast-content-background-meta":{"desktop":{"background-color":"var(--ast-global-color-4)","background-image":"","background-repeat":"repeat","background-position":"center center","background-size":"auto","background-attachment":"scroll","background-type":"","background-media":"","overlay-type":"","overlay-color":"","overlay-opacity":"","overlay-gradient":""},"tablet":{"background-color":"var(--ast-global-color-4)","background-image":"","background-repeat":"repeat","background-position":"center center","background-size":"auto","background-attachment":"scroll","background-type":"","background-media":"","overlay-type":"","overlay-color":"","overlay-opacity":"","overlay-gradient":""},"mobile":{"background-color":"var(--ast-global-color-4)","background-image":"","background-repeat":"repeat","background-position":"center center","background-size":"auto","background-attachment":"scroll","background-type":"","background-media":"","overlay-type":"","overlay-color":"","overlay-opacity":"","overlay-gradient":""}}},"product_brand":[],"product_cat":[35],"product_tag":[],"class_list":{"0":"post-11119","1":"product","2":"type-product","3":"status-publish","4":"has-post-thumbnail","6":"product_cat-vaikams-ir-paaugliams","7":"desktop-align-left","8":"tablet-align-left","9":"mobile-align-left","11":"first","12":"outofstock","13":"shipping-taxable","14":"purchasable","15":"product-type-simple"},"acf":[],"yoast_head":"<!-- This site is optimized with the Yoast SEO plugin v27.0 - https:\/\/yoast.com\/product\/yoast-seo-wordpress\/ -->\n<title>Kol gyveni, tol ir mokaisi \/ Vek \u017eivi, vek u\u010dis. Iliustruotas lietuvi\u0173-rus\u0173 patarli\u0173 \u017eodynas - Skaitytaknyga<\/title>\n<meta name=\"description\" content=\"Knyg\u0105 sudaro lietuvi\u0173 ir rus\u0173 patarl\u0117s, kurias iliustravo vaikai i\u0161 lietuvi\u0173 ir rus\u0173 mokykl\u0173. Kiekvienos patarl\u0117s reik\u0161m\u0117 paai\u0161kinta, patarl\u0117s papildytos\" \/>\n<meta name=\"robots\" content=\"index, follow, max-snippet:-1, max-image-preview:large, max-video-preview:-1\" \/>\n<link rel=\"canonical\" href=\"https:\/\/skaitytaknyga.lt\/en\/produktas\/kol-gyveni-tol-ir-mokaisi-vek-zivi-vek-ucis-iliustruotas-lietuviu-rusu-patarliu-zodynas\/\" \/>\n<meta property=\"og:locale\" content=\"en_GB\" \/>\n<meta property=\"og:locale:alternate\" content=\"lt_LT\" \/>\n<meta property=\"og:type\" content=\"article\" \/>\n<meta property=\"og:title\" content=\"Kol gyveni, tol ir mokaisi \/ Vek \u017eivi, vek u\u010dis. Iliustruotas lietuvi\u0173-rus\u0173 patarli\u0173 \u017eodynas - Skaitytaknyga\" \/>\n<meta property=\"og:description\" content=\"Knyg\u0105 sudaro lietuvi\u0173 ir rus\u0173 patarl\u0117s, kurias iliustravo vaikai i\u0161 lietuvi\u0173 ir rus\u0173 mokykl\u0173. Kiekvienos patarl\u0117s reik\u0161m\u0117 paai\u0161kinta, patarl\u0117s papildytos\" \/>\n<meta property=\"og:url\" content=\"https:\/\/skaitytaknyga.lt\/en\/produktas\/kol-gyveni-tol-ir-mokaisi-vek-zivi-vek-ucis-iliustruotas-lietuviu-rusu-patarliu-zodynas\/\" \/>\n<meta property=\"og:site_name\" content=\"Skaitytaknyga\" \/>\n<meta property=\"article:publisher\" content=\"https:\/\/www.facebook.com\/skaitytaknyga\/\" \/>\n<meta property=\"article:modified_time\" content=\"2024-05-04T19:32:22+00:00\" \/>\n<meta property=\"og:image\" content=\"https:\/\/skaitytaknyga.lt\/wp-content\/uploads\/2024\/05\/kol-gyveni-tol-ir-mokaisii-rusu513.jpg\" \/>\n\t<meta property=\"og:image:width\" content=\"600\" \/>\n\t<meta property=\"og:image:height\" content=\"853\" \/>\n\t<meta property=\"og:image:type\" content=\"image\/jpeg\" \/>\n<meta name=\"twitter:card\" content=\"summary_large_image\" \/>\n<meta name=\"twitter:label1\" content=\"Estimated reading time\" \/>\n\t<meta name=\"twitter:data1\" content=\"1 minute\" \/>\n<script type=\"application\/ld+json\" class=\"yoast-schema-graph\">{\"@context\":\"https:\/\/schema.org\",\"@graph\":[{\"@type\":\"WebPage\",\"@id\":\"https:\/\/skaitytaknyga.lt\/produktas\/kol-gyveni-tol-ir-mokaisi-vek-zivi-vek-ucis-iliustruotas-lietuviu-rusu-patarliu-zodynas\/\",\"url\":\"https:\/\/skaitytaknyga.lt\/produktas\/kol-gyveni-tol-ir-mokaisi-vek-zivi-vek-ucis-iliustruotas-lietuviu-rusu-patarliu-zodynas\/\",\"name\":\"Kol gyveni, tol ir mokaisi \/ Vek \u017eivi, vek u\u010dis. Iliustruotas lietuvi\u0173-rus\u0173 patarli\u0173 \u017eodynas - Skaitytaknyga\",\"isPartOf\":{\"@id\":\"https:\/\/skaitytaknyga.lt\/#website\"},\"primaryImageOfPage\":{\"@id\":\"https:\/\/skaitytaknyga.lt\/produktas\/kol-gyveni-tol-ir-mokaisi-vek-zivi-vek-ucis-iliustruotas-lietuviu-rusu-patarliu-zodynas\/#primaryimage\"},\"image\":{\"@id\":\"https:\/\/skaitytaknyga.lt\/produktas\/kol-gyveni-tol-ir-mokaisi-vek-zivi-vek-ucis-iliustruotas-lietuviu-rusu-patarliu-zodynas\/#primaryimage\"},\"thumbnailUrl\":\"https:\/\/skaitytaknyga.lt\/wp-content\/uploads\/2024\/05\/kol-gyveni-tol-ir-mokaisii-rusu513.jpg\",\"datePublished\":\"2024-05-04T19:28:48+00:00\",\"dateModified\":\"2024-05-04T19:32:22+00:00\",\"description\":\"Knyg\u0105 sudaro lietuvi\u0173 ir rus\u0173 patarl\u0117s, kurias iliustravo vaikai i\u0161 lietuvi\u0173 ir rus\u0173 mokykl\u0173. Kiekvienos patarl\u0117s reik\u0161m\u0117 paai\u0161kinta, patarl\u0117s papildytos\",\"breadcrumb\":{\"@id\":\"https:\/\/skaitytaknyga.lt\/produktas\/kol-gyveni-tol-ir-mokaisi-vek-zivi-vek-ucis-iliustruotas-lietuviu-rusu-patarliu-zodynas\/#breadcrumb\"},\"inLanguage\":\"en-GB\",\"potentialAction\":[{\"@type\":\"ReadAction\",\"target\":[\"https:\/\/skaitytaknyga.lt\/produktas\/kol-gyveni-tol-ir-mokaisi-vek-zivi-vek-ucis-iliustruotas-lietuviu-rusu-patarliu-zodynas\/\"]}]},{\"@type\":\"ImageObject\",\"inLanguage\":\"en-GB\",\"@id\":\"https:\/\/skaitytaknyga.lt\/produktas\/kol-gyveni-tol-ir-mokaisi-vek-zivi-vek-ucis-iliustruotas-lietuviu-rusu-patarliu-zodynas\/#primaryimage\",\"url\":\"https:\/\/skaitytaknyga.lt\/wp-content\/uploads\/2024\/05\/kol-gyveni-tol-ir-mokaisii-rusu513.jpg\",\"contentUrl\":\"https:\/\/skaitytaknyga.lt\/wp-content\/uploads\/2024\/05\/kol-gyveni-tol-ir-mokaisii-rusu513.jpg\",\"width\":600,\"height\":853},{\"@type\":\"BreadcrumbList\",\"@id\":\"https:\/\/skaitytaknyga.lt\/produktas\/kol-gyveni-tol-ir-mokaisi-vek-zivi-vek-ucis-iliustruotas-lietuviu-rusu-patarliu-zodynas\/#breadcrumb\",\"itemListElement\":[{\"@type\":\"ListItem\",\"position\":1,\"name\":\"Home\",\"item\":\"https:\/\/skaitytaknyga.lt\/\"},{\"@type\":\"ListItem\",\"position\":2,\"name\":\"Parduotuv\u0117\",\"item\":\"https:\/\/skaitytaknyga.lt\/knygu-parduotuve\/\"},{\"@type\":\"ListItem\",\"position\":3,\"name\":\"Kol gyveni, tol ir mokaisi \/ Vek \u017eivi, vek u\u010dis. Iliustruotas lietuvi\u0173-rus\u0173 patarli\u0173 \u017eodynas\"}]},{\"@type\":\"WebSite\",\"@id\":\"https:\/\/skaitytaknyga.lt\/#website\",\"url\":\"https:\/\/skaitytaknyga.lt\/\",\"name\":\"skaitytaknyga.lt\",\"description\":\"Skaitytaknyga.lt \u2013 tai ma\u017eas \u0161eimos verslas, kuris prasid\u0117jo nuo meil\u0117s knygoms ir siekio i\u0161gelb\u0117ti knygas nuo likimo prie konteinerio. Kas vienam nereikalingas daiktas \u2013 kitam lobis, o mes esame tarpininkai, kurie padeda abiems tapti laimingesniems ???? \u017dinome kaip nelengva i\u0161gyventi ma\u017eiems verslams, tad nuo \u0161iol, \u010dia rasite ir kit\u0173, ma\u017e\u0173 \u0161eim\u0173 versl\u0173, rank\u0173 darbo, dovan\u0173 sau ir artimiesiems.\",\"publisher\":{\"@id\":\"https:\/\/skaitytaknyga.lt\/#organization\"},\"potentialAction\":[{\"@type\":\"SearchAction\",\"target\":{\"@type\":\"EntryPoint\",\"urlTemplate\":\"https:\/\/skaitytaknyga.lt\/?s={search_term_string}\"},\"query-input\":{\"@type\":\"PropertyValueSpecification\",\"valueRequired\":true,\"valueName\":\"search_term_string\"}}],\"inLanguage\":\"en-GB\"},{\"@type\":\"Organization\",\"@id\":\"https:\/\/skaitytaknyga.lt\/#organization\",\"name\":\"skaitytaknyga.lt\",\"url\":\"https:\/\/skaitytaknyga.lt\/\",\"logo\":{\"@type\":\"ImageObject\",\"inLanguage\":\"en-GB\",\"@id\":\"https:\/\/skaitytaknyga.lt\/#\/schema\/logo\/image\/\",\"url\":\"https:\/\/skaitytaknyga.lt\/wp-content\/uploads\/2024\/05\/cropped-cropped-cropped-02_00843_jt3bggkj1j3HLc7SyY6rEUpg.jpeg\",\"contentUrl\":\"https:\/\/skaitytaknyga.lt\/wp-content\/uploads\/2024\/05\/cropped-cropped-cropped-02_00843_jt3bggkj1j3HLc7SyY6rEUpg.jpeg\",\"width\":1600,\"height\":1600,\"caption\":\"skaitytaknyga.lt\"},\"image\":{\"@id\":\"https:\/\/skaitytaknyga.lt\/#\/schema\/logo\/image\/\"},\"sameAs\":[\"https:\/\/www.facebook.com\/skaitytaknyga\/\"]}]}<\/script>\n<!-- \/ Yoast SEO plugin. -->","yoast_head_json":{"title":"Kol gyveni, tol ir mokaisi \/ Vek \u017eivi, vek u\u010dis. Iliustruotas lietuvi\u0173-rus\u0173 patarli\u0173 \u017eodynas - Skaitytaknyga","description":"Knyg\u0105 sudaro lietuvi\u0173 ir rus\u0173 patarl\u0117s, kurias iliustravo vaikai i\u0161 lietuvi\u0173 ir rus\u0173 mokykl\u0173. Kiekvienos patarl\u0117s reik\u0161m\u0117 paai\u0161kinta, patarl\u0117s papildytos","robots":{"index":"index","follow":"follow","max-snippet":"max-snippet:-1","max-image-preview":"max-image-preview:large","max-video-preview":"max-video-preview:-1"},"canonical":"https:\/\/skaitytaknyga.lt\/en\/produktas\/kol-gyveni-tol-ir-mokaisi-vek-zivi-vek-ucis-iliustruotas-lietuviu-rusu-patarliu-zodynas\/","og_locale":"en_GB","og_type":"article","og_title":"Kol gyveni, tol ir mokaisi \/ Vek \u017eivi, vek u\u010dis. Iliustruotas lietuvi\u0173-rus\u0173 patarli\u0173 \u017eodynas - Skaitytaknyga","og_description":"Knyg\u0105 sudaro lietuvi\u0173 ir rus\u0173 patarl\u0117s, kurias iliustravo vaikai i\u0161 lietuvi\u0173 ir rus\u0173 mokykl\u0173. Kiekvienos patarl\u0117s reik\u0161m\u0117 paai\u0161kinta, patarl\u0117s papildytos","og_url":"https:\/\/skaitytaknyga.lt\/en\/produktas\/kol-gyveni-tol-ir-mokaisi-vek-zivi-vek-ucis-iliustruotas-lietuviu-rusu-patarliu-zodynas\/","og_site_name":"Skaitytaknyga","article_publisher":"https:\/\/www.facebook.com\/skaitytaknyga\/","article_modified_time":"2024-05-04T19:32:22+00:00","og_image":[{"width":600,"height":853,"url":"https:\/\/skaitytaknyga.lt\/wp-content\/uploads\/2024\/05\/kol-gyveni-tol-ir-mokaisii-rusu513.jpg","type":"image\/jpeg"}],"twitter_card":"summary_large_image","twitter_misc":{"Estimated reading time":"1 minute"},"schema":{"@context":"https:\/\/schema.org","@graph":[{"@type":"WebPage","@id":"https:\/\/skaitytaknyga.lt\/produktas\/kol-gyveni-tol-ir-mokaisi-vek-zivi-vek-ucis-iliustruotas-lietuviu-rusu-patarliu-zodynas\/","url":"https:\/\/skaitytaknyga.lt\/produktas\/kol-gyveni-tol-ir-mokaisi-vek-zivi-vek-ucis-iliustruotas-lietuviu-rusu-patarliu-zodynas\/","name":"Kol gyveni, tol ir mokaisi \/ Vek \u017eivi, vek u\u010dis. Iliustruotas lietuvi\u0173-rus\u0173 patarli\u0173 \u017eodynas - Skaitytaknyga","isPartOf":{"@id":"https:\/\/skaitytaknyga.lt\/#website"},"primaryImageOfPage":{"@id":"https:\/\/skaitytaknyga.lt\/produktas\/kol-gyveni-tol-ir-mokaisi-vek-zivi-vek-ucis-iliustruotas-lietuviu-rusu-patarliu-zodynas\/#primaryimage"},"image":{"@id":"https:\/\/skaitytaknyga.lt\/produktas\/kol-gyveni-tol-ir-mokaisi-vek-zivi-vek-ucis-iliustruotas-lietuviu-rusu-patarliu-zodynas\/#primaryimage"},"thumbnailUrl":"https:\/\/skaitytaknyga.lt\/wp-content\/uploads\/2024\/05\/kol-gyveni-tol-ir-mokaisii-rusu513.jpg","datePublished":"2024-05-04T19:28:48+00:00","dateModified":"2024-05-04T19:32:22+00:00","description":"Knyg\u0105 sudaro lietuvi\u0173 ir rus\u0173 patarl\u0117s, kurias iliustravo vaikai i\u0161 lietuvi\u0173 ir rus\u0173 mokykl\u0173. Kiekvienos patarl\u0117s reik\u0161m\u0117 paai\u0161kinta, patarl\u0117s papildytos","breadcrumb":{"@id":"https:\/\/skaitytaknyga.lt\/produktas\/kol-gyveni-tol-ir-mokaisi-vek-zivi-vek-ucis-iliustruotas-lietuviu-rusu-patarliu-zodynas\/#breadcrumb"},"inLanguage":"en-GB","potentialAction":[{"@type":"ReadAction","target":["https:\/\/skaitytaknyga.lt\/produktas\/kol-gyveni-tol-ir-mokaisi-vek-zivi-vek-ucis-iliustruotas-lietuviu-rusu-patarliu-zodynas\/"]}]},{"@type":"ImageObject","inLanguage":"en-GB","@id":"https:\/\/skaitytaknyga.lt\/produktas\/kol-gyveni-tol-ir-mokaisi-vek-zivi-vek-ucis-iliustruotas-lietuviu-rusu-patarliu-zodynas\/#primaryimage","url":"https:\/\/skaitytaknyga.lt\/wp-content\/uploads\/2024\/05\/kol-gyveni-tol-ir-mokaisii-rusu513.jpg","contentUrl":"https:\/\/skaitytaknyga.lt\/wp-content\/uploads\/2024\/05\/kol-gyveni-tol-ir-mokaisii-rusu513.jpg","width":600,"height":853},{"@type":"BreadcrumbList","@id":"https:\/\/skaitytaknyga.lt\/produktas\/kol-gyveni-tol-ir-mokaisi-vek-zivi-vek-ucis-iliustruotas-lietuviu-rusu-patarliu-zodynas\/#breadcrumb","itemListElement":[{"@type":"ListItem","position":1,"name":"Home","item":"https:\/\/skaitytaknyga.lt\/"},{"@type":"ListItem","position":2,"name":"Parduotuv\u0117","item":"https:\/\/skaitytaknyga.lt\/knygu-parduotuve\/"},{"@type":"ListItem","position":3,"name":"Kol gyveni, tol ir mokaisi \/ Vek \u017eivi, vek u\u010dis. Iliustruotas lietuvi\u0173-rus\u0173 patarli\u0173 \u017eodynas"}]},{"@type":"WebSite","@id":"https:\/\/skaitytaknyga.lt\/#website","url":"https:\/\/skaitytaknyga.lt\/","name":"skaitytaknyga.lt","description":"Skaitytaknyga.lt \u2013 tai ma\u017eas \u0161eimos verslas, kuris prasid\u0117jo nuo meil\u0117s knygoms ir siekio i\u0161gelb\u0117ti knygas nuo likimo prie konteinerio. Kas vienam nereikalingas daiktas \u2013 kitam lobis, o mes esame tarpininkai, kurie padeda abiems tapti laimingesniems ???? \u017dinome kaip nelengva i\u0161gyventi ma\u017eiems verslams, tad nuo \u0161iol, \u010dia rasite ir kit\u0173, ma\u017e\u0173 \u0161eim\u0173 versl\u0173, rank\u0173 darbo, dovan\u0173 sau ir artimiesiems.","publisher":{"@id":"https:\/\/skaitytaknyga.lt\/#organization"},"potentialAction":[{"@type":"SearchAction","target":{"@type":"EntryPoint","urlTemplate":"https:\/\/skaitytaknyga.lt\/?s={search_term_string}"},"query-input":{"@type":"PropertyValueSpecification","valueRequired":true,"valueName":"search_term_string"}}],"inLanguage":"en-GB"},{"@type":"Organization","@id":"https:\/\/skaitytaknyga.lt\/#organization","name":"skaitytaknyga.lt","url":"https:\/\/skaitytaknyga.lt\/","logo":{"@type":"ImageObject","inLanguage":"en-GB","@id":"https:\/\/skaitytaknyga.lt\/#\/schema\/logo\/image\/","url":"https:\/\/skaitytaknyga.lt\/wp-content\/uploads\/2024\/05\/cropped-cropped-cropped-02_00843_jt3bggkj1j3HLc7SyY6rEUpg.jpeg","contentUrl":"https:\/\/skaitytaknyga.lt\/wp-content\/uploads\/2024\/05\/cropped-cropped-cropped-02_00843_jt3bggkj1j3HLc7SyY6rEUpg.jpeg","width":1600,"height":1600,"caption":"skaitytaknyga.lt"},"image":{"@id":"https:\/\/skaitytaknyga.lt\/#\/schema\/logo\/image\/"},"sameAs":["https:\/\/www.facebook.com\/skaitytaknyga\/"]}]}},"_links":{"self":[{"href":"https:\/\/skaitytaknyga.lt\/en\/wp-json\/wp\/v2\/product\/11119","targetHints":{"allow":["GET"]}}],"collection":[{"href":"https:\/\/skaitytaknyga.lt\/en\/wp-json\/wp\/v2\/product"}],"about":[{"href":"https:\/\/skaitytaknyga.lt\/en\/wp-json\/wp\/v2\/types\/product"}],"replies":[{"embeddable":true,"href":"https:\/\/skaitytaknyga.lt\/en\/wp-json\/wp\/v2\/comments?post=11119"}],"wp:featuredmedia":[{"embeddable":true,"href":"https:\/\/skaitytaknyga.lt\/en\/wp-json\/wp\/v2\/media\/11155"}],"wp:attachment":[{"href":"https:\/\/skaitytaknyga.lt\/en\/wp-json\/wp\/v2\/media?parent=11119"}],"wp:term":[{"taxonomy":"product_brand","embeddable":true,"href":"https:\/\/skaitytaknyga.lt\/en\/wp-json\/wp\/v2\/product_brand?post=11119"},{"taxonomy":"product_cat","embeddable":true,"href":"https:\/\/skaitytaknyga.lt\/en\/wp-json\/wp\/v2\/product_cat?post=11119"},{"taxonomy":"product_tag","embeddable":true,"href":"https:\/\/skaitytaknyga.lt\/en\/wp-json\/wp\/v2\/product_tag?post=11119"}],"curies":[{"name":"wp","href":"https:\/\/api.w.org\/{rel}","templated":true}]}}