{"id":11118,"date":"2024-05-04T19:28:48","date_gmt":"2024-05-04T19:28:48","guid":{"rendered":"https:\/\/skaitytaknyga.lt\/?post_type=product&#038;p=11118"},"modified":"2025-05-14T09:57:13","modified_gmt":"2025-05-14T06:57:13","slug":"t-jenkins-reid-septyni-evelinos-hugo-vyrai-patamsejimas-apacioje","status":"publish","type":"product","link":"https:\/\/skaitytaknyga.lt\/en\/produktas\/t-jenkins-reid-septyni-evelinos-hugo-vyrai-patamsejimas-apacioje\/","title":{"rendered":"Septyni Evelinos Hugo vyrai"},"content":{"rendered":"<p style=\"margin-top: 0px; margin-bottom: 0.8rem;\">\u0160is susitikimas pakeis Monikos gyvenim\u0105. Jauna \u017eurnalist\u0117 gauna pasi\u016blym\u0105 parengti interviu su Evelina Hugo \u2013 Holivudo aktore, kuri padar\u0117 stulbinam\u0105 karjer\u0105. Bet yra viena s\u0105lyga: garsios moters istorija gal\u0117s b\u016bti paskelbta tik po jos mirties.<\/p>\n<p style=\"margin-top: 0px; margin-bottom: 0.8rem;\">Evelina pasakoja apie tai, kaip i\u0161tr\u016bko i\u0161 skurdo ir pakliuvo \u012f i\u0161svajot\u0105 kino pasaul\u012f. Apie \u0161lov\u0119, pinigus, skandalus ir pro\u017eektori\u0173 \u0161viesas&#8230; Holivude n\u0117 vienas n\u0117ra be nuod\u0117m\u0117s. Kod\u0117l Evelina buvo i\u0161tek\u0117jusi net septynis kartus? K\u0105 i\u0161 tikr\u0173j\u0173 ji myl\u0117jo? Jos gyvenime slypi paslaptis, kuri niekada netur\u0117jo atsidurti pirmuosiuose laikra\u0161\u010di\u0173 puslapiuose.<\/p>\n<p style=\"margin-top: 0px; margin-bottom: 0.8rem;\">\u0160i\u0105 knyg\u0105 privalo perskaityti visi Marilyn Monroe ir Audrey Hepburn gerb\u0117jai. Jeigu Evelina tikrai b\u016bt\u0173 gyvenusi, b\u016bt\u0173 geriausia j\u0173 bi\u010diul\u0117 arba&#8230; did\u017eiausia konkurent\u0117.<\/p>\n","protected":false},"excerpt":{"rendered":"<p>\u0160is susitikimas pakeis Monikos gyvenim\u0105. Jauna \u017eurnalist\u0117 gauna pasi\u016blym\u0105 parengti interviu su Evelina Hugo \u2013 Holivudo aktore, kuri padar\u0117 stulbinam\u0105 karjer\u0105. Bet yra viena s\u0105lyga: garsios moters istorija gal\u0117s b\u016bti paskelbta tik po jos mirties. Evelina pasakoja apie tai, kaip i\u0161tr\u016bko i\u0161 skurdo ir pakliuvo \u012f i\u0161svajot\u0105 kino pasaul\u012f. Apie \u0161lov\u0119, pinigus, skandalus ir pro\u017eektori\u0173 \u0161viesas&#8230; Holivude n\u0117 vienas n\u0117ra be nuod\u0117m\u0117s. Kod\u0117l Evelina buvo i\u0161tek\u0117jusi net septynis kartus? K\u0105 i\u0161 tikr\u0173j\u0173 ji myl\u0117jo? Jos gyvenime slypi paslaptis, kuri niekada netur\u0117jo atsidurti pirmuosiuose laikra\u0161\u010di\u0173 puslapiuose. \u0160i\u0105 knyg\u0105 privalo perskaityti visi Marilyn Monroe ir Audrey Hepburn gerb\u0117jai. Jeigu Evelina tikrai b\u016bt\u0173 gyvenusi, b\u016bt\u0173 geriausia j\u0173 bi\u010diul\u0117 arba&#8230; did\u017eiausia konkurent\u0117.<\/p>\n","protected":false},"featured_media":11154,"comment_status":"closed","ping_status":"closed","template":"","meta":{"_acf_changed":false,"site-sidebar-layout":"default","site-content-layout":"","ast-site-content-layout":"default","site-content-style":"default","site-sidebar-style":"default","ast-global-header-display":"","ast-banner-title-visibility":"","ast-main-header-display":"","ast-hfb-above-header-display":"","ast-hfb-below-header-display":"","ast-hfb-mobile-header-display":"","site-post-title":"","ast-breadcrumbs-content":"","ast-featured-img":"","footer-sml-layout":"","ast-disable-related-posts":"","theme-transparent-header-meta":"","adv-header-id-meta":"","stick-header-meta":"","header-above-stick-meta":"","header-main-stick-meta":"","header-below-stick-meta":"","astra-migrate-meta-layouts":"default","ast-page-background-enabled":"default","ast-page-background-meta":{"desktop":{"background-color":"","background-image":"","background-repeat":"repeat","background-position":"center center","background-size":"auto","background-attachment":"scroll","background-type":"","background-media":"","overlay-type":"","overlay-color":"","overlay-opacity":"","overlay-gradient":""},"tablet":{"background-color":"","background-image":"","background-repeat":"repeat","background-position":"center center","background-size":"auto","background-attachment":"scroll","background-type":"","background-media":"","overlay-type":"","overlay-color":"","overlay-opacity":"","overlay-gradient":""},"mobile":{"background-color":"","background-image":"","background-repeat":"repeat","background-position":"center center","background-size":"auto","background-attachment":"scroll","background-type":"","background-media":"","overlay-type":"","overlay-color":"","overlay-opacity":"","overlay-gradient":""}},"ast-content-background-meta":{"desktop":{"background-color":"var(--ast-global-color-4)","background-image":"","background-repeat":"repeat","background-position":"center center","background-size":"auto","background-attachment":"scroll","background-type":"","background-media":"","overlay-type":"","overlay-color":"","overlay-opacity":"","overlay-gradient":""},"tablet":{"background-color":"var(--ast-global-color-4)","background-image":"","background-repeat":"repeat","background-position":"center center","background-size":"auto","background-attachment":"scroll","background-type":"","background-media":"","overlay-type":"","overlay-color":"","overlay-opacity":"","overlay-gradient":""},"mobile":{"background-color":"var(--ast-global-color-4)","background-image":"","background-repeat":"repeat","background-position":"center center","background-size":"auto","background-attachment":"scroll","background-type":"","background-media":"","overlay-type":"","overlay-color":"","overlay-opacity":"","overlay-gradient":""}}},"product_brand":[],"product_cat":[31],"product_tag":[],"class_list":{"0":"post-11118","1":"product","2":"type-product","3":"status-publish","4":"has-post-thumbnail","6":"product_cat-grozine-literatura","7":"desktop-align-left","8":"tablet-align-left","9":"mobile-align-left","11":"first","12":"outofstock","13":"shipping-taxable","14":"purchasable","15":"product-type-simple"},"acf":[],"yoast_head":"<!-- This site is optimized with the Yoast SEO plugin v27.0 - https:\/\/yoast.com\/product\/yoast-seo-wordpress\/ -->\n<title>Septyni Evelinos Hugo vyrai<\/title>\n<meta name=\"description\" content=\"\u0160is susitikimas pakeis Monikos gyvenim\u0105. Jauna \u017eurnalist\u0117 gauna pasi\u016blym\u0105 parengti interviu su Evelina Hugo \u2013 Holivudo aktore, kuri padar\u0117 stulbinam\u0105\" \/>\n<meta name=\"robots\" content=\"index, follow, max-snippet:-1, max-image-preview:large, max-video-preview:-1\" \/>\n<link rel=\"canonical\" href=\"https:\/\/skaitytaknyga.lt\/en\/produktas\/t-jenkins-reid-septyni-evelinos-hugo-vyrai-patamsejimas-apacioje\/\" \/>\n<meta property=\"og:locale\" content=\"en_GB\" \/>\n<meta property=\"og:locale:alternate\" content=\"lt_LT\" \/>\n<meta property=\"og:type\" content=\"article\" \/>\n<meta property=\"og:title\" content=\"Septyni Evelinos Hugo vyrai\" \/>\n<meta property=\"og:description\" content=\"\u0160is susitikimas pakeis Monikos gyvenim\u0105. Jauna \u017eurnalist\u0117 gauna pasi\u016blym\u0105 parengti interviu su Evelina Hugo \u2013 Holivudo aktore, kuri padar\u0117 stulbinam\u0105\" \/>\n<meta property=\"og:url\" content=\"https:\/\/skaitytaknyga.lt\/en\/produktas\/t-jenkins-reid-septyni-evelinos-hugo-vyrai-patamsejimas-apacioje\/\" \/>\n<meta property=\"og:site_name\" content=\"Skaitytaknyga\" \/>\n<meta property=\"article:publisher\" content=\"https:\/\/www.facebook.com\/skaitytaknyga\/\" \/>\n<meta property=\"article:modified_time\" content=\"2025-05-14T06:57:13+00:00\" \/>\n<meta property=\"og:image\" content=\"https:\/\/skaitytaknyga.lt\/wp-content\/uploads\/2024\/05\/taylor-jenkins-reid-septyni-evelinos-hugo-vyrai.jpg\" \/>\n\t<meta property=\"og:image:width\" content=\"388\" \/>\n\t<meta property=\"og:image:height\" content=\"517\" \/>\n\t<meta property=\"og:image:type\" content=\"image\/jpeg\" \/>\n<meta name=\"twitter:card\" content=\"summary_large_image\" \/>\n<meta name=\"twitter:label1\" content=\"Estimated reading time\" \/>\n\t<meta name=\"twitter:data1\" content=\"1 minute\" \/>\n<script type=\"application\/ld+json\" class=\"yoast-schema-graph\">{\"@context\":\"https:\/\/schema.org\",\"@graph\":[{\"@type\":\"WebPage\",\"@id\":\"https:\/\/skaitytaknyga.lt\/produktas\/t-jenkins-reid-septyni-evelinos-hugo-vyrai-patamsejimas-apacioje\/\",\"url\":\"https:\/\/skaitytaknyga.lt\/produktas\/t-jenkins-reid-septyni-evelinos-hugo-vyrai-patamsejimas-apacioje\/\",\"name\":\"Septyni Evelinos Hugo vyrai\",\"isPartOf\":{\"@id\":\"https:\/\/skaitytaknyga.lt\/#website\"},\"primaryImageOfPage\":{\"@id\":\"https:\/\/skaitytaknyga.lt\/produktas\/t-jenkins-reid-septyni-evelinos-hugo-vyrai-patamsejimas-apacioje\/#primaryimage\"},\"image\":{\"@id\":\"https:\/\/skaitytaknyga.lt\/produktas\/t-jenkins-reid-septyni-evelinos-hugo-vyrai-patamsejimas-apacioje\/#primaryimage\"},\"thumbnailUrl\":\"https:\/\/skaitytaknyga.lt\/wp-content\/uploads\/2024\/05\/taylor-jenkins-reid-septyni-evelinos-hugo-vyrai.jpg\",\"datePublished\":\"2024-05-04T19:28:48+00:00\",\"dateModified\":\"2025-05-14T06:57:13+00:00\",\"description\":\"\u0160is susitikimas pakeis Monikos gyvenim\u0105. Jauna \u017eurnalist\u0117 gauna pasi\u016blym\u0105 parengti interviu su Evelina Hugo \u2013 Holivudo aktore, kuri padar\u0117 stulbinam\u0105\",\"breadcrumb\":{\"@id\":\"https:\/\/skaitytaknyga.lt\/produktas\/t-jenkins-reid-septyni-evelinos-hugo-vyrai-patamsejimas-apacioje\/#breadcrumb\"},\"inLanguage\":\"en-GB\",\"potentialAction\":[{\"@type\":\"ReadAction\",\"target\":[\"https:\/\/skaitytaknyga.lt\/produktas\/t-jenkins-reid-septyni-evelinos-hugo-vyrai-patamsejimas-apacioje\/\"]}]},{\"@type\":\"ImageObject\",\"inLanguage\":\"en-GB\",\"@id\":\"https:\/\/skaitytaknyga.lt\/produktas\/t-jenkins-reid-septyni-evelinos-hugo-vyrai-patamsejimas-apacioje\/#primaryimage\",\"url\":\"https:\/\/skaitytaknyga.lt\/wp-content\/uploads\/2024\/05\/taylor-jenkins-reid-septyni-evelinos-hugo-vyrai.jpg\",\"contentUrl\":\"https:\/\/skaitytaknyga.lt\/wp-content\/uploads\/2024\/05\/taylor-jenkins-reid-septyni-evelinos-hugo-vyrai.jpg\",\"width\":388,\"height\":517},{\"@type\":\"BreadcrumbList\",\"@id\":\"https:\/\/skaitytaknyga.lt\/produktas\/t-jenkins-reid-septyni-evelinos-hugo-vyrai-patamsejimas-apacioje\/#breadcrumb\",\"itemListElement\":[{\"@type\":\"ListItem\",\"position\":1,\"name\":\"Home\",\"item\":\"https:\/\/skaitytaknyga.lt\/\"},{\"@type\":\"ListItem\",\"position\":2,\"name\":\"Parduotuv\u0117\",\"item\":\"https:\/\/skaitytaknyga.lt\/knygu-parduotuve\/\"},{\"@type\":\"ListItem\",\"position\":3,\"name\":\"Septyni Evelinos Hugo vyrai\"}]},{\"@type\":\"WebSite\",\"@id\":\"https:\/\/skaitytaknyga.lt\/#website\",\"url\":\"https:\/\/skaitytaknyga.lt\/\",\"name\":\"skaitytaknyga.lt\",\"description\":\"Skaitytaknyga.lt \u2013 tai ma\u017eas \u0161eimos verslas, kuris prasid\u0117jo nuo meil\u0117s knygoms ir siekio i\u0161gelb\u0117ti knygas nuo likimo prie konteinerio. Kas vienam nereikalingas daiktas \u2013 kitam lobis, o mes esame tarpininkai, kurie padeda abiems tapti laimingesniems ???? \u017dinome kaip nelengva i\u0161gyventi ma\u017eiems verslams, tad nuo \u0161iol, \u010dia rasite ir kit\u0173, ma\u017e\u0173 \u0161eim\u0173 versl\u0173, rank\u0173 darbo, dovan\u0173 sau ir artimiesiems.\",\"publisher\":{\"@id\":\"https:\/\/skaitytaknyga.lt\/#organization\"},\"potentialAction\":[{\"@type\":\"SearchAction\",\"target\":{\"@type\":\"EntryPoint\",\"urlTemplate\":\"https:\/\/skaitytaknyga.lt\/?s={search_term_string}\"},\"query-input\":{\"@type\":\"PropertyValueSpecification\",\"valueRequired\":true,\"valueName\":\"search_term_string\"}}],\"inLanguage\":\"en-GB\"},{\"@type\":\"Organization\",\"@id\":\"https:\/\/skaitytaknyga.lt\/#organization\",\"name\":\"skaitytaknyga.lt\",\"url\":\"https:\/\/skaitytaknyga.lt\/\",\"logo\":{\"@type\":\"ImageObject\",\"inLanguage\":\"en-GB\",\"@id\":\"https:\/\/skaitytaknyga.lt\/#\/schema\/logo\/image\/\",\"url\":\"https:\/\/skaitytaknyga.lt\/wp-content\/uploads\/2024\/05\/cropped-cropped-cropped-02_00843_jt3bggkj1j3HLc7SyY6rEUpg.jpeg\",\"contentUrl\":\"https:\/\/skaitytaknyga.lt\/wp-content\/uploads\/2024\/05\/cropped-cropped-cropped-02_00843_jt3bggkj1j3HLc7SyY6rEUpg.jpeg\",\"width\":1600,\"height\":1600,\"caption\":\"skaitytaknyga.lt\"},\"image\":{\"@id\":\"https:\/\/skaitytaknyga.lt\/#\/schema\/logo\/image\/\"},\"sameAs\":[\"https:\/\/www.facebook.com\/skaitytaknyga\/\"]}]}<\/script>\n<!-- \/ Yoast SEO plugin. -->","yoast_head_json":{"title":"Septyni Evelinos Hugo vyrai","description":"\u0160is susitikimas pakeis Monikos gyvenim\u0105. Jauna \u017eurnalist\u0117 gauna pasi\u016blym\u0105 parengti interviu su Evelina Hugo \u2013 Holivudo aktore, kuri padar\u0117 stulbinam\u0105","robots":{"index":"index","follow":"follow","max-snippet":"max-snippet:-1","max-image-preview":"max-image-preview:large","max-video-preview":"max-video-preview:-1"},"canonical":"https:\/\/skaitytaknyga.lt\/en\/produktas\/t-jenkins-reid-septyni-evelinos-hugo-vyrai-patamsejimas-apacioje\/","og_locale":"en_GB","og_type":"article","og_title":"[:lt]Septyni Evelinos Hugo vyrai[:] - Skaitytaknyga","og_description":"\u0160is susitikimas pakeis Monikos gyvenim\u0105. Jauna \u017eurnalist\u0117 gauna pasi\u016blym\u0105 parengti interviu su Evelina Hugo \u2013 Holivudo aktore, kuri padar\u0117 stulbinam\u0105","og_url":"https:\/\/skaitytaknyga.lt\/en\/produktas\/t-jenkins-reid-septyni-evelinos-hugo-vyrai-patamsejimas-apacioje\/","og_site_name":"Skaitytaknyga","article_publisher":"https:\/\/www.facebook.com\/skaitytaknyga\/","article_modified_time":"2025-05-14T06:57:13+00:00","og_image":[{"width":388,"height":517,"url":"https:\/\/skaitytaknyga.lt\/wp-content\/uploads\/2024\/05\/taylor-jenkins-reid-septyni-evelinos-hugo-vyrai.jpg","type":"image\/jpeg"}],"twitter_card":"summary_large_image","twitter_misc":{"Estimated reading time":"1 minute"},"schema":{"@context":"https:\/\/schema.org","@graph":[{"@type":"WebPage","@id":"https:\/\/skaitytaknyga.lt\/produktas\/t-jenkins-reid-septyni-evelinos-hugo-vyrai-patamsejimas-apacioje\/","url":"https:\/\/skaitytaknyga.lt\/produktas\/t-jenkins-reid-septyni-evelinos-hugo-vyrai-patamsejimas-apacioje\/","name":"Septyni Evelinos Hugo vyrai","isPartOf":{"@id":"https:\/\/skaitytaknyga.lt\/#website"},"primaryImageOfPage":{"@id":"https:\/\/skaitytaknyga.lt\/produktas\/t-jenkins-reid-septyni-evelinos-hugo-vyrai-patamsejimas-apacioje\/#primaryimage"},"image":{"@id":"https:\/\/skaitytaknyga.lt\/produktas\/t-jenkins-reid-septyni-evelinos-hugo-vyrai-patamsejimas-apacioje\/#primaryimage"},"thumbnailUrl":"https:\/\/skaitytaknyga.lt\/wp-content\/uploads\/2024\/05\/taylor-jenkins-reid-septyni-evelinos-hugo-vyrai.jpg","datePublished":"2024-05-04T19:28:48+00:00","dateModified":"2025-05-14T06:57:13+00:00","description":"\u0160is susitikimas pakeis Monikos gyvenim\u0105. Jauna \u017eurnalist\u0117 gauna pasi\u016blym\u0105 parengti interviu su Evelina Hugo \u2013 Holivudo aktore, kuri padar\u0117 stulbinam\u0105","breadcrumb":{"@id":"https:\/\/skaitytaknyga.lt\/produktas\/t-jenkins-reid-septyni-evelinos-hugo-vyrai-patamsejimas-apacioje\/#breadcrumb"},"inLanguage":"en-GB","potentialAction":[{"@type":"ReadAction","target":["https:\/\/skaitytaknyga.lt\/produktas\/t-jenkins-reid-septyni-evelinos-hugo-vyrai-patamsejimas-apacioje\/"]}]},{"@type":"ImageObject","inLanguage":"en-GB","@id":"https:\/\/skaitytaknyga.lt\/produktas\/t-jenkins-reid-septyni-evelinos-hugo-vyrai-patamsejimas-apacioje\/#primaryimage","url":"https:\/\/skaitytaknyga.lt\/wp-content\/uploads\/2024\/05\/taylor-jenkins-reid-septyni-evelinos-hugo-vyrai.jpg","contentUrl":"https:\/\/skaitytaknyga.lt\/wp-content\/uploads\/2024\/05\/taylor-jenkins-reid-septyni-evelinos-hugo-vyrai.jpg","width":388,"height":517},{"@type":"BreadcrumbList","@id":"https:\/\/skaitytaknyga.lt\/produktas\/t-jenkins-reid-septyni-evelinos-hugo-vyrai-patamsejimas-apacioje\/#breadcrumb","itemListElement":[{"@type":"ListItem","position":1,"name":"Home","item":"https:\/\/skaitytaknyga.lt\/"},{"@type":"ListItem","position":2,"name":"Parduotuv\u0117","item":"https:\/\/skaitytaknyga.lt\/knygu-parduotuve\/"},{"@type":"ListItem","position":3,"name":"Septyni Evelinos Hugo vyrai"}]},{"@type":"WebSite","@id":"https:\/\/skaitytaknyga.lt\/#website","url":"https:\/\/skaitytaknyga.lt\/","name":"skaitytaknyga.lt","description":"Skaitytaknyga.lt \u2013 tai ma\u017eas \u0161eimos verslas, kuris prasid\u0117jo nuo meil\u0117s knygoms ir siekio i\u0161gelb\u0117ti knygas nuo likimo prie konteinerio. Kas vienam nereikalingas daiktas \u2013 kitam lobis, o mes esame tarpininkai, kurie padeda abiems tapti laimingesniems ???? \u017dinome kaip nelengva i\u0161gyventi ma\u017eiems verslams, tad nuo \u0161iol, \u010dia rasite ir kit\u0173, ma\u017e\u0173 \u0161eim\u0173 versl\u0173, rank\u0173 darbo, dovan\u0173 sau ir artimiesiems.","publisher":{"@id":"https:\/\/skaitytaknyga.lt\/#organization"},"potentialAction":[{"@type":"SearchAction","target":{"@type":"EntryPoint","urlTemplate":"https:\/\/skaitytaknyga.lt\/?s={search_term_string}"},"query-input":{"@type":"PropertyValueSpecification","valueRequired":true,"valueName":"search_term_string"}}],"inLanguage":"en-GB"},{"@type":"Organization","@id":"https:\/\/skaitytaknyga.lt\/#organization","name":"skaitytaknyga.lt","url":"https:\/\/skaitytaknyga.lt\/","logo":{"@type":"ImageObject","inLanguage":"en-GB","@id":"https:\/\/skaitytaknyga.lt\/#\/schema\/logo\/image\/","url":"https:\/\/skaitytaknyga.lt\/wp-content\/uploads\/2024\/05\/cropped-cropped-cropped-02_00843_jt3bggkj1j3HLc7SyY6rEUpg.jpeg","contentUrl":"https:\/\/skaitytaknyga.lt\/wp-content\/uploads\/2024\/05\/cropped-cropped-cropped-02_00843_jt3bggkj1j3HLc7SyY6rEUpg.jpeg","width":1600,"height":1600,"caption":"skaitytaknyga.lt"},"image":{"@id":"https:\/\/skaitytaknyga.lt\/#\/schema\/logo\/image\/"},"sameAs":["https:\/\/www.facebook.com\/skaitytaknyga\/"]}]}},"_links":{"self":[{"href":"https:\/\/skaitytaknyga.lt\/en\/wp-json\/wp\/v2\/product\/11118","targetHints":{"allow":["GET"]}}],"collection":[{"href":"https:\/\/skaitytaknyga.lt\/en\/wp-json\/wp\/v2\/product"}],"about":[{"href":"https:\/\/skaitytaknyga.lt\/en\/wp-json\/wp\/v2\/types\/product"}],"replies":[{"embeddable":true,"href":"https:\/\/skaitytaknyga.lt\/en\/wp-json\/wp\/v2\/comments?post=11118"}],"wp:featuredmedia":[{"embeddable":true,"href":"https:\/\/skaitytaknyga.lt\/en\/wp-json\/wp\/v2\/media\/11154"}],"wp:attachment":[{"href":"https:\/\/skaitytaknyga.lt\/en\/wp-json\/wp\/v2\/media?parent=11118"}],"wp:term":[{"taxonomy":"product_brand","embeddable":true,"href":"https:\/\/skaitytaknyga.lt\/en\/wp-json\/wp\/v2\/product_brand?post=11118"},{"taxonomy":"product_cat","embeddable":true,"href":"https:\/\/skaitytaknyga.lt\/en\/wp-json\/wp\/v2\/product_cat?post=11118"},{"taxonomy":"product_tag","embeddable":true,"href":"https:\/\/skaitytaknyga.lt\/en\/wp-json\/wp\/v2\/product_tag?post=11118"}],"curies":[{"name":"wp","href":"https:\/\/api.w.org\/{rel}","templated":true}]}}