{"id":11117,"date":"2024-05-22T03:28:48","date_gmt":"2024-05-22T00:28:48","guid":{"rendered":"https:\/\/skaitytaknyga.lt\/?post_type=product&#038;p=11117"},"modified":"2026-01-30T20:48:11","modified_gmt":"2026-01-30T18:48:11","slug":"gina-viliune-magdale-smukles-merga","status":"publish","type":"product","link":"https:\/\/skaitytaknyga.lt\/en\/produktas\/gina-viliune-magdale-smukles-merga\/","title":{"rendered":"Magdal\u0117, smukl\u0117s merga"},"content":{"rendered":"<p>1530 m. pavasar\u012f Vilniuje siau\u010dia \u201ejuodoji mirtis\u201c \u2013 maras. Vieni gyventojai b\u0117ga, kiti bando pasipelnyti i\u0161 nelaim\u0117s. U\u017eupio smukl\u0117s kek\u0161\u0119 Magdal\u0119 likimas nuveda \u012f teis\u0117jo Vaitiekaus Skirtauto r\u016bmus, ta\u010diau ji n\u0117 ne\u012ftaria, kokios intrigos rezgamos \u0161i\u0173 puo\u0161ni\u0173 nam\u0173 u\u017ekaboriuose&#8230;<\/p>\n<p>Maskvoje gyvenantis b\u0117glys kunigaik\u0161tis Mykolas Glinskis rezga s\u0105moksl\u0105, nukreipt\u0105 prie\u0161 LDK sostin\u0119 Vilni\u0173. Mieste ima d\u0117tis negeri dalykai, o valkatos ir keliaujantys pamokslininkai nenutyla \u0161aukti apie pasaulio pabaig\u0105. Ar pavyks Vilniaus vaivadai ir LDK kancleriui Albertui Go\u0161tautui i\u0161narplioti s\u0105mokslo gijas ir kaip jam pasitarnaus buvusi smukl\u0117s kek\u0161\u0117 Magdal\u0117?<\/p>\n<p>Romano siu\u017eetas kupinas intrig\u0173 ir netik\u0117t\u0173 vingi\u0173. Viduram\u017ei\u0173 Vilniaus gyventojai pagalbon pasitelkia maldas ir burtus, nuojautas ir stebuklingus vaistus. Greta s\u0105moksl\u0173 ir pinkli\u0173, \u010dia rasite pasakojim\u0173 apie miestie\u010di\u0173 buit\u012f, kasdienyb\u0119 ir \u0161ventes, amatus ir papro\u010dius. Vilniaus istorija prabils eilini\u0173 XVI am\u017eiaus miestie\u010di\u0173 l\u016bpomis.<\/p>\n<p>Gina Vili\u016bn\u0117 (g. 1974 m.) jau daug met\u0173 domisi gimtojo Vilniaus bei Lietuvos istorija, veda ekskursijas, ra\u0161o straipsnius, yra knygos \u201eVilniaus \u0161ventov\u0117s\u201c (su bendraautoriumi R. Urbakavi\u010diumi, 2012 m.,) ir istorini\u0173 roman\u0173 \u201eKar\u016bna be karaliaus\u201c (2012 m.), \u201eVilniaus madona\u201c (2014 m.) autor\u0117.<\/p>\n","protected":false},"excerpt":{"rendered":"<p>1530 m. pavasar\u012f Vilniuje siau\u010dia \u201ejuodoji mirtis\u201c \u2013 maras. Vieni gyventojai b\u0117ga, kiti bando pasipelnyti i\u0161 nelaim\u0117s. U\u017eupio smukl\u0117s kek\u0161\u0119 Magdal\u0119 likimas nuveda \u012f teis\u0117jo Vaitiekaus Skirtauto r\u016bmus, ta\u010diau ji n\u0117 ne\u012ftaria, kokios intrigos rezgamos \u0161i\u0173 puo\u0161ni\u0173 nam\u0173 u\u017ekaboriuose&#8230; Maskvoje gyvenantis b\u0117glys kunigaik\u0161tis Mykolas Glinskis rezga s\u0105moksl\u0105, nukreipt\u0105 prie\u0161 LDK sostin\u0119 Vilni\u0173. Mieste ima d\u0117tis negeri dalykai, o valkatos ir keliaujantys pamokslininkai nenutyla \u0161aukti apie pasaulio pabaig\u0105. Ar pavyks Vilniaus vaivadai ir LDK kancleriui Albertui Go\u0161tautui i\u0161narplioti s\u0105mokslo gijas ir kaip jam pasitarnaus buvusi smukl\u0117s kek\u0161\u0117 Magdal\u0117? Romano siu\u017eetas kupinas intrig\u0173 ir netik\u0117t\u0173 vingi\u0173. Viduram\u017ei\u0173 Vilniaus gyventojai pagalbon pasitelkia maldas ir burtus, nuojautas ir stebuklingus vaistus. Greta s\u0105moksl\u0173 ir pinkli\u0173, \u010dia rasite pasakojim\u0173 apie miestie\u010di\u0173 buit\u012f, kasdienyb\u0119 ir \u0161ventes, amatus ir papro\u010dius. Vilniaus istorija prabils eilini\u0173 XVI am\u017eiaus miestie\u010di\u0173 l\u016bpomis. Gina Vili\u016bn\u0117 (g. 1974 m.) jau daug met\u0173 domisi gimtojo Vilniaus bei Lietuvos istorija, veda ekskursijas, ra\u0161o straipsnius, yra knygos \u201eVilniaus \u0161ventov\u0117s\u201c (su bendraautoriumi R. Urbakavi\u010diumi, 2012 m.,) ir istorini\u0173 roman\u0173 \u201eKar\u016bna be karaliaus\u201c (2012 m.), \u201eVilniaus madona\u201c (2014 m.) autor\u0117.<\/p>\n","protected":false},"featured_media":21500,"comment_status":"closed","ping_status":"closed","template":"","meta":{"_acf_changed":false,"site-sidebar-layout":"default","site-content-layout":"","ast-site-content-layout":"default","site-content-style":"default","site-sidebar-style":"default","ast-global-header-display":"","ast-banner-title-visibility":"","ast-main-header-display":"","ast-hfb-above-header-display":"","ast-hfb-below-header-display":"","ast-hfb-mobile-header-display":"","site-post-title":"","ast-breadcrumbs-content":"","ast-featured-img":"","footer-sml-layout":"","ast-disable-related-posts":"","theme-transparent-header-meta":"default","adv-header-id-meta":"","stick-header-meta":"","header-above-stick-meta":"","header-main-stick-meta":"","header-below-stick-meta":"","astra-migrate-meta-layouts":"set","ast-page-background-enabled":"default","ast-page-background-meta":{"desktop":{"background-color":"","background-image":"","background-repeat":"repeat","background-position":"center center","background-size":"auto","background-attachment":"scroll","background-type":"","background-media":"","overlay-type":"","overlay-color":"","overlay-opacity":"","overlay-gradient":""},"tablet":{"background-color":"","background-image":"","background-repeat":"repeat","background-position":"center center","background-size":"auto","background-attachment":"scroll","background-type":"","background-media":"","overlay-type":"","overlay-color":"","overlay-opacity":"","overlay-gradient":""},"mobile":{"background-color":"","background-image":"","background-repeat":"repeat","background-position":"center center","background-size":"auto","background-attachment":"scroll","background-type":"","background-media":"","overlay-type":"","overlay-color":"","overlay-opacity":"","overlay-gradient":""}},"ast-content-background-meta":{"desktop":{"background-color":"var(--ast-global-color-4)","background-image":"","background-repeat":"repeat","background-position":"center center","background-size":"auto","background-attachment":"scroll","background-type":"","background-media":"","overlay-type":"","overlay-color":"","overlay-opacity":"","overlay-gradient":""},"tablet":{"background-color":"var(--ast-global-color-4)","background-image":"","background-repeat":"repeat","background-position":"center center","background-size":"auto","background-attachment":"scroll","background-type":"","background-media":"","overlay-type":"","overlay-color":"","overlay-opacity":"","overlay-gradient":""},"mobile":{"background-color":"var(--ast-global-color-4)","background-image":"","background-repeat":"repeat","background-position":"center center","background-size":"auto","background-attachment":"scroll","background-type":"","background-media":"","overlay-type":"","overlay-color":"","overlay-opacity":"","overlay-gradient":""}}},"product_brand":[],"product_cat":[31],"product_tag":[5000],"class_list":{"0":"post-11117","1":"product","2":"type-product","3":"status-publish","4":"has-post-thumbnail","6":"product_cat-grozine-literatura","7":"product_tag-gina-viliune","8":"desktop-align-left","9":"tablet-align-left","10":"mobile-align-left","12":"first","13":"outofstock","14":"shipping-taxable","15":"purchasable","16":"product-type-simple"},"acf":[],"yoast_head":"<!-- This site is optimized with the Yoast SEO plugin v27.0 - https:\/\/yoast.com\/product\/yoast-seo-wordpress\/ -->\n<title>Magdal\u0117, smukl\u0117s merga<\/title>\n<meta name=\"description\" content=\"1530 m. pavasar\u012f Vilniuje siau\u010dia \u201ejuodoji mirtis\u201c \u2013 maras. Vieni gyventojai b\u0117ga, kiti bando pasipelnyti i\u0161 nelaim\u0117s. U\u017eupio smukl\u0117s kek\u0161\u0119 Magdal\u0119\" \/>\n<meta name=\"robots\" content=\"index, follow, max-snippet:-1, max-image-preview:large, max-video-preview:-1\" \/>\n<link rel=\"canonical\" href=\"https:\/\/skaitytaknyga.lt\/en\/produktas\/gina-viliune-magdale-smukles-merga\/\" \/>\n<meta property=\"og:locale\" content=\"en_GB\" \/>\n<meta property=\"og:locale:alternate\" content=\"lt_LT\" \/>\n<meta property=\"og:type\" content=\"article\" \/>\n<meta property=\"og:title\" content=\"Magdal\u0117, smukl\u0117s merga\" \/>\n<meta property=\"og:description\" content=\"1530 m. pavasar\u012f Vilniuje siau\u010dia \u201ejuodoji mirtis\u201c \u2013 maras. Vieni gyventojai b\u0117ga, kiti bando pasipelnyti i\u0161 nelaim\u0117s. U\u017eupio smukl\u0117s kek\u0161\u0119 Magdal\u0119\" \/>\n<meta property=\"og:url\" content=\"https:\/\/skaitytaknyga.lt\/en\/produktas\/gina-viliune-magdale-smukles-merga\/\" \/>\n<meta property=\"og:site_name\" content=\"Skaitytaknyga\" \/>\n<meta property=\"article:publisher\" content=\"https:\/\/www.facebook.com\/skaitytaknyga\/\" \/>\n<meta property=\"article:modified_time\" content=\"2026-01-30T18:48:11+00:00\" \/>\n<meta property=\"og:image\" content=\"https:\/\/skaitytaknyga.lt\/wp-content\/uploads\/2024\/05\/Magdale-smukles-merga-2-1.webp\" \/>\n\t<meta property=\"og:image:width\" content=\"300\" \/>\n\t<meta property=\"og:image:height\" content=\"492\" \/>\n\t<meta property=\"og:image:type\" content=\"image\/webp\" \/>\n<meta name=\"twitter:card\" content=\"summary_large_image\" \/>\n<meta name=\"twitter:label1\" content=\"Estimated reading time\" \/>\n\t<meta name=\"twitter:data1\" content=\"2 minutes\" \/>\n<script type=\"application\/ld+json\" class=\"yoast-schema-graph\">{\"@context\":\"https:\/\/schema.org\",\"@graph\":[{\"@type\":\"WebPage\",\"@id\":\"https:\/\/skaitytaknyga.lt\/produktas\/gina-viliune-magdale-smukles-merga\/\",\"url\":\"https:\/\/skaitytaknyga.lt\/produktas\/gina-viliune-magdale-smukles-merga\/\",\"name\":\"Magdal\u0117, smukl\u0117s merga\",\"isPartOf\":{\"@id\":\"https:\/\/skaitytaknyga.lt\/#website\"},\"primaryImageOfPage\":{\"@id\":\"https:\/\/skaitytaknyga.lt\/produktas\/gina-viliune-magdale-smukles-merga\/#primaryimage\"},\"image\":{\"@id\":\"https:\/\/skaitytaknyga.lt\/produktas\/gina-viliune-magdale-smukles-merga\/#primaryimage\"},\"thumbnailUrl\":\"https:\/\/skaitytaknyga.lt\/wp-content\/uploads\/2024\/05\/Magdale-smukles-merga-2-1.webp\",\"datePublished\":\"2024-05-22T00:28:48+00:00\",\"dateModified\":\"2026-01-30T18:48:11+00:00\",\"description\":\"1530 m. pavasar\u012f Vilniuje siau\u010dia \u201ejuodoji mirtis\u201c \u2013 maras. Vieni gyventojai b\u0117ga, kiti bando pasipelnyti i\u0161 nelaim\u0117s. U\u017eupio smukl\u0117s kek\u0161\u0119 Magdal\u0119\",\"breadcrumb\":{\"@id\":\"https:\/\/skaitytaknyga.lt\/produktas\/gina-viliune-magdale-smukles-merga\/#breadcrumb\"},\"inLanguage\":\"en-GB\",\"potentialAction\":[{\"@type\":\"ReadAction\",\"target\":[\"https:\/\/skaitytaknyga.lt\/produktas\/gina-viliune-magdale-smukles-merga\/\"]}]},{\"@type\":\"ImageObject\",\"inLanguage\":\"en-GB\",\"@id\":\"https:\/\/skaitytaknyga.lt\/produktas\/gina-viliune-magdale-smukles-merga\/#primaryimage\",\"url\":\"https:\/\/skaitytaknyga.lt\/wp-content\/uploads\/2024\/05\/Magdale-smukles-merga-2-1.webp\",\"contentUrl\":\"https:\/\/skaitytaknyga.lt\/wp-content\/uploads\/2024\/05\/Magdale-smukles-merga-2-1.webp\",\"width\":300,\"height\":492,\"caption\":\"Magdal\u0117, smukl\u0117s merga\"},{\"@type\":\"BreadcrumbList\",\"@id\":\"https:\/\/skaitytaknyga.lt\/produktas\/gina-viliune-magdale-smukles-merga\/#breadcrumb\",\"itemListElement\":[{\"@type\":\"ListItem\",\"position\":1,\"name\":\"Home\",\"item\":\"https:\/\/skaitytaknyga.lt\/\"},{\"@type\":\"ListItem\",\"position\":2,\"name\":\"Parduotuv\u0117\",\"item\":\"https:\/\/skaitytaknyga.lt\/knygu-parduotuve\/\"},{\"@type\":\"ListItem\",\"position\":3,\"name\":\"Magdal\u0117, smukl\u0117s merga\"}]},{\"@type\":\"WebSite\",\"@id\":\"https:\/\/skaitytaknyga.lt\/#website\",\"url\":\"https:\/\/skaitytaknyga.lt\/\",\"name\":\"skaitytaknyga.lt\",\"description\":\"Skaitytaknyga.lt \u2013 tai ma\u017eas \u0161eimos verslas, kuris prasid\u0117jo nuo meil\u0117s knygoms ir siekio i\u0161gelb\u0117ti knygas nuo likimo prie konteinerio. Kas vienam nereikalingas daiktas \u2013 kitam lobis, o mes esame tarpininkai, kurie padeda abiems tapti laimingesniems ???? \u017dinome kaip nelengva i\u0161gyventi ma\u017eiems verslams, tad nuo \u0161iol, \u010dia rasite ir kit\u0173, ma\u017e\u0173 \u0161eim\u0173 versl\u0173, rank\u0173 darbo, dovan\u0173 sau ir artimiesiems.\",\"publisher\":{\"@id\":\"https:\/\/skaitytaknyga.lt\/#organization\"},\"potentialAction\":[{\"@type\":\"SearchAction\",\"target\":{\"@type\":\"EntryPoint\",\"urlTemplate\":\"https:\/\/skaitytaknyga.lt\/?s={search_term_string}\"},\"query-input\":{\"@type\":\"PropertyValueSpecification\",\"valueRequired\":true,\"valueName\":\"search_term_string\"}}],\"inLanguage\":\"en-GB\"},{\"@type\":\"Organization\",\"@id\":\"https:\/\/skaitytaknyga.lt\/#organization\",\"name\":\"skaitytaknyga.lt\",\"url\":\"https:\/\/skaitytaknyga.lt\/\",\"logo\":{\"@type\":\"ImageObject\",\"inLanguage\":\"en-GB\",\"@id\":\"https:\/\/skaitytaknyga.lt\/#\/schema\/logo\/image\/\",\"url\":\"https:\/\/skaitytaknyga.lt\/wp-content\/uploads\/2024\/05\/cropped-cropped-cropped-02_00843_jt3bggkj1j3HLc7SyY6rEUpg.jpeg\",\"contentUrl\":\"https:\/\/skaitytaknyga.lt\/wp-content\/uploads\/2024\/05\/cropped-cropped-cropped-02_00843_jt3bggkj1j3HLc7SyY6rEUpg.jpeg\",\"width\":1600,\"height\":1600,\"caption\":\"skaitytaknyga.lt\"},\"image\":{\"@id\":\"https:\/\/skaitytaknyga.lt\/#\/schema\/logo\/image\/\"},\"sameAs\":[\"https:\/\/www.facebook.com\/skaitytaknyga\/\"]}]}<\/script>\n<!-- \/ Yoast SEO plugin. -->","yoast_head_json":{"title":"Magdal\u0117, smukl\u0117s merga","description":"1530 m. pavasar\u012f Vilniuje siau\u010dia \u201ejuodoji mirtis\u201c \u2013 maras. Vieni gyventojai b\u0117ga, kiti bando pasipelnyti i\u0161 nelaim\u0117s. U\u017eupio smukl\u0117s kek\u0161\u0119 Magdal\u0119","robots":{"index":"index","follow":"follow","max-snippet":"max-snippet:-1","max-image-preview":"max-image-preview:large","max-video-preview":"max-video-preview:-1"},"canonical":"https:\/\/skaitytaknyga.lt\/en\/produktas\/gina-viliune-magdale-smukles-merga\/","og_locale":"en_GB","og_type":"article","og_title":"[:lt]Magdal\u0117, smukl\u0117s merga[:] - Skaitytaknyga","og_description":"1530 m. pavasar\u012f Vilniuje siau\u010dia \u201ejuodoji mirtis\u201c \u2013 maras. Vieni gyventojai b\u0117ga, kiti bando pasipelnyti i\u0161 nelaim\u0117s. U\u017eupio smukl\u0117s kek\u0161\u0119 Magdal\u0119","og_url":"https:\/\/skaitytaknyga.lt\/en\/produktas\/gina-viliune-magdale-smukles-merga\/","og_site_name":"Skaitytaknyga","article_publisher":"https:\/\/www.facebook.com\/skaitytaknyga\/","article_modified_time":"2026-01-30T18:48:11+00:00","og_image":[{"width":300,"height":492,"url":"https:\/\/skaitytaknyga.lt\/wp-content\/uploads\/2024\/05\/Magdale-smukles-merga-2-1.webp","type":"image\/webp"}],"twitter_card":"summary_large_image","twitter_misc":{"Estimated reading time":"2 minutes"},"schema":{"@context":"https:\/\/schema.org","@graph":[{"@type":"WebPage","@id":"https:\/\/skaitytaknyga.lt\/produktas\/gina-viliune-magdale-smukles-merga\/","url":"https:\/\/skaitytaknyga.lt\/produktas\/gina-viliune-magdale-smukles-merga\/","name":"Magdal\u0117, smukl\u0117s merga","isPartOf":{"@id":"https:\/\/skaitytaknyga.lt\/#website"},"primaryImageOfPage":{"@id":"https:\/\/skaitytaknyga.lt\/produktas\/gina-viliune-magdale-smukles-merga\/#primaryimage"},"image":{"@id":"https:\/\/skaitytaknyga.lt\/produktas\/gina-viliune-magdale-smukles-merga\/#primaryimage"},"thumbnailUrl":"https:\/\/skaitytaknyga.lt\/wp-content\/uploads\/2024\/05\/Magdale-smukles-merga-2-1.webp","datePublished":"2024-05-22T00:28:48+00:00","dateModified":"2026-01-30T18:48:11+00:00","description":"1530 m. pavasar\u012f Vilniuje siau\u010dia \u201ejuodoji mirtis\u201c \u2013 maras. Vieni gyventojai b\u0117ga, kiti bando pasipelnyti i\u0161 nelaim\u0117s. U\u017eupio smukl\u0117s kek\u0161\u0119 Magdal\u0119","breadcrumb":{"@id":"https:\/\/skaitytaknyga.lt\/produktas\/gina-viliune-magdale-smukles-merga\/#breadcrumb"},"inLanguage":"en-GB","potentialAction":[{"@type":"ReadAction","target":["https:\/\/skaitytaknyga.lt\/produktas\/gina-viliune-magdale-smukles-merga\/"]}]},{"@type":"ImageObject","inLanguage":"en-GB","@id":"https:\/\/skaitytaknyga.lt\/produktas\/gina-viliune-magdale-smukles-merga\/#primaryimage","url":"https:\/\/skaitytaknyga.lt\/wp-content\/uploads\/2024\/05\/Magdale-smukles-merga-2-1.webp","contentUrl":"https:\/\/skaitytaknyga.lt\/wp-content\/uploads\/2024\/05\/Magdale-smukles-merga-2-1.webp","width":300,"height":492,"caption":"Magdal\u0117, smukl\u0117s merga"},{"@type":"BreadcrumbList","@id":"https:\/\/skaitytaknyga.lt\/produktas\/gina-viliune-magdale-smukles-merga\/#breadcrumb","itemListElement":[{"@type":"ListItem","position":1,"name":"Home","item":"https:\/\/skaitytaknyga.lt\/"},{"@type":"ListItem","position":2,"name":"Parduotuv\u0117","item":"https:\/\/skaitytaknyga.lt\/knygu-parduotuve\/"},{"@type":"ListItem","position":3,"name":"Magdal\u0117, smukl\u0117s merga"}]},{"@type":"WebSite","@id":"https:\/\/skaitytaknyga.lt\/#website","url":"https:\/\/skaitytaknyga.lt\/","name":"skaitytaknyga.lt","description":"Skaitytaknyga.lt \u2013 tai ma\u017eas \u0161eimos verslas, kuris prasid\u0117jo nuo meil\u0117s knygoms ir siekio i\u0161gelb\u0117ti knygas nuo likimo prie konteinerio. Kas vienam nereikalingas daiktas \u2013 kitam lobis, o mes esame tarpininkai, kurie padeda abiems tapti laimingesniems ???? \u017dinome kaip nelengva i\u0161gyventi ma\u017eiems verslams, tad nuo \u0161iol, \u010dia rasite ir kit\u0173, ma\u017e\u0173 \u0161eim\u0173 versl\u0173, rank\u0173 darbo, dovan\u0173 sau ir artimiesiems.","publisher":{"@id":"https:\/\/skaitytaknyga.lt\/#organization"},"potentialAction":[{"@type":"SearchAction","target":{"@type":"EntryPoint","urlTemplate":"https:\/\/skaitytaknyga.lt\/?s={search_term_string}"},"query-input":{"@type":"PropertyValueSpecification","valueRequired":true,"valueName":"search_term_string"}}],"inLanguage":"en-GB"},{"@type":"Organization","@id":"https:\/\/skaitytaknyga.lt\/#organization","name":"skaitytaknyga.lt","url":"https:\/\/skaitytaknyga.lt\/","logo":{"@type":"ImageObject","inLanguage":"en-GB","@id":"https:\/\/skaitytaknyga.lt\/#\/schema\/logo\/image\/","url":"https:\/\/skaitytaknyga.lt\/wp-content\/uploads\/2024\/05\/cropped-cropped-cropped-02_00843_jt3bggkj1j3HLc7SyY6rEUpg.jpeg","contentUrl":"https:\/\/skaitytaknyga.lt\/wp-content\/uploads\/2024\/05\/cropped-cropped-cropped-02_00843_jt3bggkj1j3HLc7SyY6rEUpg.jpeg","width":1600,"height":1600,"caption":"skaitytaknyga.lt"},"image":{"@id":"https:\/\/skaitytaknyga.lt\/#\/schema\/logo\/image\/"},"sameAs":["https:\/\/www.facebook.com\/skaitytaknyga\/"]}]}},"_links":{"self":[{"href":"https:\/\/skaitytaknyga.lt\/en\/wp-json\/wp\/v2\/product\/11117","targetHints":{"allow":["GET"]}}],"collection":[{"href":"https:\/\/skaitytaknyga.lt\/en\/wp-json\/wp\/v2\/product"}],"about":[{"href":"https:\/\/skaitytaknyga.lt\/en\/wp-json\/wp\/v2\/types\/product"}],"replies":[{"embeddable":true,"href":"https:\/\/skaitytaknyga.lt\/en\/wp-json\/wp\/v2\/comments?post=11117"}],"wp:featuredmedia":[{"embeddable":true,"href":"https:\/\/skaitytaknyga.lt\/en\/wp-json\/wp\/v2\/media\/21500"}],"wp:attachment":[{"href":"https:\/\/skaitytaknyga.lt\/en\/wp-json\/wp\/v2\/media?parent=11117"}],"wp:term":[{"taxonomy":"product_brand","embeddable":true,"href":"https:\/\/skaitytaknyga.lt\/en\/wp-json\/wp\/v2\/product_brand?post=11117"},{"taxonomy":"product_cat","embeddable":true,"href":"https:\/\/skaitytaknyga.lt\/en\/wp-json\/wp\/v2\/product_cat?post=11117"},{"taxonomy":"product_tag","embeddable":true,"href":"https:\/\/skaitytaknyga.lt\/en\/wp-json\/wp\/v2\/product_tag?post=11117"}],"curies":[{"name":"wp","href":"https:\/\/api.w.org\/{rel}","templated":true}]}}