{"id":11116,"date":"2024-05-04T19:28:48","date_gmt":"2024-05-04T19:28:48","guid":{"rendered":"https:\/\/skaitytaknyga.lt\/?post_type=product&#038;p=11116"},"modified":"2024-05-04T19:32:05","modified_gmt":"2024-05-04T19:32:05","slug":"t-dirgela-akiu-obuoliu-pyragas","status":"publish","type":"product","link":"https:\/\/skaitytaknyga.lt\/en\/produktas\/t-dirgela-akiu-obuoliu-pyragas\/","title":{"rendered":"T. Dirg\u0117la &#8220;Aki\u0173 obuoli\u0173 pyragas&#8221;"},"content":{"rendered":"<p class=\"MsoNoSpacing\" style=\"margin-top: 0px; margin-bottom: 0px;\">Ar \u017einai, koks jausmas apima, kai staiga ir visiems laikams i\u0161 tavo gyvenimo dingsta labai brangus \u017emogus?<\/p>\n<p class=\"MsoNoSpacing\" style=\"margin-top: 0px; margin-bottom: 0px;\">Netek\u0119s mo\u010diut\u0117s ir jos skaniausio pasaulyje obuoli\u0173 pyrago Jok\u016bbas supranta, kad taip lengvai jis su tuo nesusitaikys. Jam kyla mintis pasinaudoti 3D spausdintuvu \u2013 juk jei \u0161is spausdina visk\u0105, tai gali atspausdinti ir mo\u010diut\u0119, ar ne? Ta\u010diau Jok\u016bbo planas vien\u0105 audring\u0105 nakt\u012f apvirsta auk\u0161tyn kojomis, o skaniausias mo\u010diut\u0117s pyragas gali virsti&#8230; aki\u0173 obuoli\u0173 pyragu!<\/p>\n","protected":false},"excerpt":{"rendered":"<p>Ar \u017einai, koks jausmas apima, kai staiga ir visiems laikams i\u0161 tavo gyvenimo dingsta labai brangus \u017emogus? Netek\u0119s mo\u010diut\u0117s ir jos skaniausio pasaulyje obuoli\u0173 pyrago Jok\u016bbas supranta, kad taip lengvai jis su tuo nesusitaikys. Jam kyla mintis pasinaudoti 3D spausdintuvu \u2013 juk jei \u0161is spausdina visk\u0105, tai gali atspausdinti ir mo\u010diut\u0119, ar ne? Ta\u010diau Jok\u016bbo planas vien\u0105 audring\u0105 nakt\u012f apvirsta auk\u0161tyn kojomis, o skaniausias mo\u010diut\u0117s pyragas gali virsti&#8230; aki\u0173 obuoli\u0173 pyragu!<\/p>\n","protected":false},"featured_media":11149,"comment_status":"closed","ping_status":"closed","template":"","meta":{"_acf_changed":false,"site-sidebar-layout":"default","site-content-layout":"","ast-site-content-layout":"default","site-content-style":"default","site-sidebar-style":"default","ast-global-header-display":"","ast-banner-title-visibility":"","ast-main-header-display":"","ast-hfb-above-header-display":"","ast-hfb-below-header-display":"","ast-hfb-mobile-header-display":"","site-post-title":"","ast-breadcrumbs-content":"","ast-featured-img":"","footer-sml-layout":"","ast-disable-related-posts":"","theme-transparent-header-meta":"","adv-header-id-meta":"","stick-header-meta":"","header-above-stick-meta":"","header-main-stick-meta":"","header-below-stick-meta":"","astra-migrate-meta-layouts":"default","ast-page-background-enabled":"default","ast-page-background-meta":{"desktop":{"background-color":"","background-image":"","background-repeat":"repeat","background-position":"center center","background-size":"auto","background-attachment":"scroll","background-type":"","background-media":"","overlay-type":"","overlay-color":"","overlay-opacity":"","overlay-gradient":""},"tablet":{"background-color":"","background-image":"","background-repeat":"repeat","background-position":"center center","background-size":"auto","background-attachment":"scroll","background-type":"","background-media":"","overlay-type":"","overlay-color":"","overlay-opacity":"","overlay-gradient":""},"mobile":{"background-color":"","background-image":"","background-repeat":"repeat","background-position":"center center","background-size":"auto","background-attachment":"scroll","background-type":"","background-media":"","overlay-type":"","overlay-color":"","overlay-opacity":"","overlay-gradient":""}},"ast-content-background-meta":{"desktop":{"background-color":"var(--ast-global-color-4)","background-image":"","background-repeat":"repeat","background-position":"center center","background-size":"auto","background-attachment":"scroll","background-type":"","background-media":"","overlay-type":"","overlay-color":"","overlay-opacity":"","overlay-gradient":""},"tablet":{"background-color":"var(--ast-global-color-4)","background-image":"","background-repeat":"repeat","background-position":"center center","background-size":"auto","background-attachment":"scroll","background-type":"","background-media":"","overlay-type":"","overlay-color":"","overlay-opacity":"","overlay-gradient":""},"mobile":{"background-color":"var(--ast-global-color-4)","background-image":"","background-repeat":"repeat","background-position":"center center","background-size":"auto","background-attachment":"scroll","background-type":"","background-media":"","overlay-type":"","overlay-color":"","overlay-opacity":"","overlay-gradient":""}}},"product_brand":[],"product_cat":[35],"product_tag":[],"class_list":{"0":"post-11116","1":"product","2":"type-product","3":"status-publish","4":"has-post-thumbnail","6":"product_cat-vaikams-ir-paaugliams","7":"desktop-align-left","8":"tablet-align-left","9":"mobile-align-left","11":"first","12":"instock","13":"shipping-taxable","14":"purchasable","15":"product-type-simple"},"acf":[],"yoast_head":"<!-- This site is optimized with the Yoast SEO plugin v27.0 - https:\/\/yoast.com\/product\/yoast-seo-wordpress\/ -->\n<title>T. Dirg\u0117la &quot;Aki\u0173 obuoli\u0173 pyragas&quot; - Skaitytaknyga<\/title>\n<meta name=\"description\" content=\"Ar \u017einai, koks jausmas apima, kai staiga ir visiems laikams i\u0161 tavo gyvenimo dingsta labai brangus \u017emogus? Netek\u0119s mo\u010diut\u0117s ir jos skaniausio pasaulyje\" \/>\n<meta name=\"robots\" content=\"index, follow, max-snippet:-1, max-image-preview:large, max-video-preview:-1\" \/>\n<link rel=\"canonical\" href=\"https:\/\/skaitytaknyga.lt\/en\/produktas\/t-dirgela-akiu-obuoliu-pyragas\/\" \/>\n<meta property=\"og:locale\" content=\"en_GB\" \/>\n<meta property=\"og:locale:alternate\" content=\"lt_LT\" \/>\n<meta property=\"og:type\" content=\"article\" \/>\n<meta property=\"og:title\" content=\"T. Dirg\u0117la &quot;Aki\u0173 obuoli\u0173 pyragas&quot; - Skaitytaknyga\" \/>\n<meta property=\"og:description\" content=\"Ar \u017einai, koks jausmas apima, kai staiga ir visiems laikams i\u0161 tavo gyvenimo dingsta labai brangus \u017emogus? Netek\u0119s mo\u010diut\u0117s ir jos skaniausio pasaulyje\" \/>\n<meta property=\"og:url\" content=\"https:\/\/skaitytaknyga.lt\/en\/produktas\/t-dirgela-akiu-obuoliu-pyragas\/\" \/>\n<meta property=\"og:site_name\" content=\"Skaitytaknyga\" \/>\n<meta property=\"article:publisher\" content=\"https:\/\/www.facebook.com\/skaitytaknyga\/\" \/>\n<meta property=\"article:modified_time\" content=\"2024-05-04T19:32:05+00:00\" \/>\n<meta property=\"og:image\" content=\"https:\/\/skaitytaknyga.lt\/wp-content\/uploads\/2024\/05\/09014757-1000x1000-1.jpg\" \/>\n\t<meta property=\"og:image:width\" content=\"1000\" \/>\n\t<meta property=\"og:image:height\" content=\"1000\" \/>\n\t<meta property=\"og:image:type\" content=\"image\/jpeg\" \/>\n<meta name=\"twitter:card\" content=\"summary_large_image\" \/>\n<script type=\"application\/ld+json\" class=\"yoast-schema-graph\">{\"@context\":\"https:\/\/schema.org\",\"@graph\":[{\"@type\":\"WebPage\",\"@id\":\"https:\/\/skaitytaknyga.lt\/produktas\/t-dirgela-akiu-obuoliu-pyragas\/\",\"url\":\"https:\/\/skaitytaknyga.lt\/produktas\/t-dirgela-akiu-obuoliu-pyragas\/\",\"name\":\"T. Dirg\u0117la \\\"Aki\u0173 obuoli\u0173 pyragas\\\" - Skaitytaknyga\",\"isPartOf\":{\"@id\":\"https:\/\/skaitytaknyga.lt\/#website\"},\"primaryImageOfPage\":{\"@id\":\"https:\/\/skaitytaknyga.lt\/produktas\/t-dirgela-akiu-obuoliu-pyragas\/#primaryimage\"},\"image\":{\"@id\":\"https:\/\/skaitytaknyga.lt\/produktas\/t-dirgela-akiu-obuoliu-pyragas\/#primaryimage\"},\"thumbnailUrl\":\"https:\/\/skaitytaknyga.lt\/wp-content\/uploads\/2024\/05\/09014757-1000x1000-1.jpg\",\"datePublished\":\"2024-05-04T19:28:48+00:00\",\"dateModified\":\"2024-05-04T19:32:05+00:00\",\"description\":\"Ar \u017einai, koks jausmas apima, kai staiga ir visiems laikams i\u0161 tavo gyvenimo dingsta labai brangus \u017emogus? Netek\u0119s mo\u010diut\u0117s ir jos skaniausio pasaulyje\",\"breadcrumb\":{\"@id\":\"https:\/\/skaitytaknyga.lt\/produktas\/t-dirgela-akiu-obuoliu-pyragas\/#breadcrumb\"},\"inLanguage\":\"en-GB\",\"potentialAction\":[{\"@type\":\"ReadAction\",\"target\":[\"https:\/\/skaitytaknyga.lt\/produktas\/t-dirgela-akiu-obuoliu-pyragas\/\"]}]},{\"@type\":\"ImageObject\",\"inLanguage\":\"en-GB\",\"@id\":\"https:\/\/skaitytaknyga.lt\/produktas\/t-dirgela-akiu-obuoliu-pyragas\/#primaryimage\",\"url\":\"https:\/\/skaitytaknyga.lt\/wp-content\/uploads\/2024\/05\/09014757-1000x1000-1.jpg\",\"contentUrl\":\"https:\/\/skaitytaknyga.lt\/wp-content\/uploads\/2024\/05\/09014757-1000x1000-1.jpg\",\"width\":1000,\"height\":1000},{\"@type\":\"BreadcrumbList\",\"@id\":\"https:\/\/skaitytaknyga.lt\/produktas\/t-dirgela-akiu-obuoliu-pyragas\/#breadcrumb\",\"itemListElement\":[{\"@type\":\"ListItem\",\"position\":1,\"name\":\"Home\",\"item\":\"https:\/\/skaitytaknyga.lt\/\"},{\"@type\":\"ListItem\",\"position\":2,\"name\":\"Parduotuv\u0117\",\"item\":\"https:\/\/skaitytaknyga.lt\/knygu-parduotuve\/\"},{\"@type\":\"ListItem\",\"position\":3,\"name\":\"T. Dirg\u0117la &#8220;Aki\u0173 obuoli\u0173 pyragas&#8221;\"}]},{\"@type\":\"WebSite\",\"@id\":\"https:\/\/skaitytaknyga.lt\/#website\",\"url\":\"https:\/\/skaitytaknyga.lt\/\",\"name\":\"skaitytaknyga.lt\",\"description\":\"Skaitytaknyga.lt \u2013 tai ma\u017eas \u0161eimos verslas, kuris prasid\u0117jo nuo meil\u0117s knygoms ir siekio i\u0161gelb\u0117ti knygas nuo likimo prie konteinerio. Kas vienam nereikalingas daiktas \u2013 kitam lobis, o mes esame tarpininkai, kurie padeda abiems tapti laimingesniems ???? \u017dinome kaip nelengva i\u0161gyventi ma\u017eiems verslams, tad nuo \u0161iol, \u010dia rasite ir kit\u0173, ma\u017e\u0173 \u0161eim\u0173 versl\u0173, rank\u0173 darbo, dovan\u0173 sau ir artimiesiems.\",\"publisher\":{\"@id\":\"https:\/\/skaitytaknyga.lt\/#organization\"},\"potentialAction\":[{\"@type\":\"SearchAction\",\"target\":{\"@type\":\"EntryPoint\",\"urlTemplate\":\"https:\/\/skaitytaknyga.lt\/?s={search_term_string}\"},\"query-input\":{\"@type\":\"PropertyValueSpecification\",\"valueRequired\":true,\"valueName\":\"search_term_string\"}}],\"inLanguage\":\"en-GB\"},{\"@type\":\"Organization\",\"@id\":\"https:\/\/skaitytaknyga.lt\/#organization\",\"name\":\"skaitytaknyga.lt\",\"url\":\"https:\/\/skaitytaknyga.lt\/\",\"logo\":{\"@type\":\"ImageObject\",\"inLanguage\":\"en-GB\",\"@id\":\"https:\/\/skaitytaknyga.lt\/#\/schema\/logo\/image\/\",\"url\":\"https:\/\/skaitytaknyga.lt\/wp-content\/uploads\/2024\/05\/cropped-cropped-cropped-02_00843_jt3bggkj1j3HLc7SyY6rEUpg.jpeg\",\"contentUrl\":\"https:\/\/skaitytaknyga.lt\/wp-content\/uploads\/2024\/05\/cropped-cropped-cropped-02_00843_jt3bggkj1j3HLc7SyY6rEUpg.jpeg\",\"width\":1600,\"height\":1600,\"caption\":\"skaitytaknyga.lt\"},\"image\":{\"@id\":\"https:\/\/skaitytaknyga.lt\/#\/schema\/logo\/image\/\"},\"sameAs\":[\"https:\/\/www.facebook.com\/skaitytaknyga\/\"]}]}<\/script>\n<!-- \/ Yoast SEO plugin. -->","yoast_head_json":{"title":"T. Dirg\u0117la \"Aki\u0173 obuoli\u0173 pyragas\" - Skaitytaknyga","description":"Ar \u017einai, koks jausmas apima, kai staiga ir visiems laikams i\u0161 tavo gyvenimo dingsta labai brangus \u017emogus? Netek\u0119s mo\u010diut\u0117s ir jos skaniausio pasaulyje","robots":{"index":"index","follow":"follow","max-snippet":"max-snippet:-1","max-image-preview":"max-image-preview:large","max-video-preview":"max-video-preview:-1"},"canonical":"https:\/\/skaitytaknyga.lt\/en\/produktas\/t-dirgela-akiu-obuoliu-pyragas\/","og_locale":"en_GB","og_type":"article","og_title":"T. Dirg\u0117la \"Aki\u0173 obuoli\u0173 pyragas\" - Skaitytaknyga","og_description":"Ar \u017einai, koks jausmas apima, kai staiga ir visiems laikams i\u0161 tavo gyvenimo dingsta labai brangus \u017emogus? Netek\u0119s mo\u010diut\u0117s ir jos skaniausio pasaulyje","og_url":"https:\/\/skaitytaknyga.lt\/en\/produktas\/t-dirgela-akiu-obuoliu-pyragas\/","og_site_name":"Skaitytaknyga","article_publisher":"https:\/\/www.facebook.com\/skaitytaknyga\/","article_modified_time":"2024-05-04T19:32:05+00:00","og_image":[{"width":1000,"height":1000,"url":"https:\/\/skaitytaknyga.lt\/wp-content\/uploads\/2024\/05\/09014757-1000x1000-1.jpg","type":"image\/jpeg"}],"twitter_card":"summary_large_image","schema":{"@context":"https:\/\/schema.org","@graph":[{"@type":"WebPage","@id":"https:\/\/skaitytaknyga.lt\/produktas\/t-dirgela-akiu-obuoliu-pyragas\/","url":"https:\/\/skaitytaknyga.lt\/produktas\/t-dirgela-akiu-obuoliu-pyragas\/","name":"T. Dirg\u0117la \"Aki\u0173 obuoli\u0173 pyragas\" - Skaitytaknyga","isPartOf":{"@id":"https:\/\/skaitytaknyga.lt\/#website"},"primaryImageOfPage":{"@id":"https:\/\/skaitytaknyga.lt\/produktas\/t-dirgela-akiu-obuoliu-pyragas\/#primaryimage"},"image":{"@id":"https:\/\/skaitytaknyga.lt\/produktas\/t-dirgela-akiu-obuoliu-pyragas\/#primaryimage"},"thumbnailUrl":"https:\/\/skaitytaknyga.lt\/wp-content\/uploads\/2024\/05\/09014757-1000x1000-1.jpg","datePublished":"2024-05-04T19:28:48+00:00","dateModified":"2024-05-04T19:32:05+00:00","description":"Ar \u017einai, koks jausmas apima, kai staiga ir visiems laikams i\u0161 tavo gyvenimo dingsta labai brangus \u017emogus? Netek\u0119s mo\u010diut\u0117s ir jos skaniausio pasaulyje","breadcrumb":{"@id":"https:\/\/skaitytaknyga.lt\/produktas\/t-dirgela-akiu-obuoliu-pyragas\/#breadcrumb"},"inLanguage":"en-GB","potentialAction":[{"@type":"ReadAction","target":["https:\/\/skaitytaknyga.lt\/produktas\/t-dirgela-akiu-obuoliu-pyragas\/"]}]},{"@type":"ImageObject","inLanguage":"en-GB","@id":"https:\/\/skaitytaknyga.lt\/produktas\/t-dirgela-akiu-obuoliu-pyragas\/#primaryimage","url":"https:\/\/skaitytaknyga.lt\/wp-content\/uploads\/2024\/05\/09014757-1000x1000-1.jpg","contentUrl":"https:\/\/skaitytaknyga.lt\/wp-content\/uploads\/2024\/05\/09014757-1000x1000-1.jpg","width":1000,"height":1000},{"@type":"BreadcrumbList","@id":"https:\/\/skaitytaknyga.lt\/produktas\/t-dirgela-akiu-obuoliu-pyragas\/#breadcrumb","itemListElement":[{"@type":"ListItem","position":1,"name":"Home","item":"https:\/\/skaitytaknyga.lt\/"},{"@type":"ListItem","position":2,"name":"Parduotuv\u0117","item":"https:\/\/skaitytaknyga.lt\/knygu-parduotuve\/"},{"@type":"ListItem","position":3,"name":"T. Dirg\u0117la &#8220;Aki\u0173 obuoli\u0173 pyragas&#8221;"}]},{"@type":"WebSite","@id":"https:\/\/skaitytaknyga.lt\/#website","url":"https:\/\/skaitytaknyga.lt\/","name":"skaitytaknyga.lt","description":"Skaitytaknyga.lt \u2013 tai ma\u017eas \u0161eimos verslas, kuris prasid\u0117jo nuo meil\u0117s knygoms ir siekio i\u0161gelb\u0117ti knygas nuo likimo prie konteinerio. Kas vienam nereikalingas daiktas \u2013 kitam lobis, o mes esame tarpininkai, kurie padeda abiems tapti laimingesniems ???? \u017dinome kaip nelengva i\u0161gyventi ma\u017eiems verslams, tad nuo \u0161iol, \u010dia rasite ir kit\u0173, ma\u017e\u0173 \u0161eim\u0173 versl\u0173, rank\u0173 darbo, dovan\u0173 sau ir artimiesiems.","publisher":{"@id":"https:\/\/skaitytaknyga.lt\/#organization"},"potentialAction":[{"@type":"SearchAction","target":{"@type":"EntryPoint","urlTemplate":"https:\/\/skaitytaknyga.lt\/?s={search_term_string}"},"query-input":{"@type":"PropertyValueSpecification","valueRequired":true,"valueName":"search_term_string"}}],"inLanguage":"en-GB"},{"@type":"Organization","@id":"https:\/\/skaitytaknyga.lt\/#organization","name":"skaitytaknyga.lt","url":"https:\/\/skaitytaknyga.lt\/","logo":{"@type":"ImageObject","inLanguage":"en-GB","@id":"https:\/\/skaitytaknyga.lt\/#\/schema\/logo\/image\/","url":"https:\/\/skaitytaknyga.lt\/wp-content\/uploads\/2024\/05\/cropped-cropped-cropped-02_00843_jt3bggkj1j3HLc7SyY6rEUpg.jpeg","contentUrl":"https:\/\/skaitytaknyga.lt\/wp-content\/uploads\/2024\/05\/cropped-cropped-cropped-02_00843_jt3bggkj1j3HLc7SyY6rEUpg.jpeg","width":1600,"height":1600,"caption":"skaitytaknyga.lt"},"image":{"@id":"https:\/\/skaitytaknyga.lt\/#\/schema\/logo\/image\/"},"sameAs":["https:\/\/www.facebook.com\/skaitytaknyga\/"]}]}},"_links":{"self":[{"href":"https:\/\/skaitytaknyga.lt\/en\/wp-json\/wp\/v2\/product\/11116","targetHints":{"allow":["GET"]}}],"collection":[{"href":"https:\/\/skaitytaknyga.lt\/en\/wp-json\/wp\/v2\/product"}],"about":[{"href":"https:\/\/skaitytaknyga.lt\/en\/wp-json\/wp\/v2\/types\/product"}],"replies":[{"embeddable":true,"href":"https:\/\/skaitytaknyga.lt\/en\/wp-json\/wp\/v2\/comments?post=11116"}],"wp:featuredmedia":[{"embeddable":true,"href":"https:\/\/skaitytaknyga.lt\/en\/wp-json\/wp\/v2\/media\/11149"}],"wp:attachment":[{"href":"https:\/\/skaitytaknyga.lt\/en\/wp-json\/wp\/v2\/media?parent=11116"}],"wp:term":[{"taxonomy":"product_brand","embeddable":true,"href":"https:\/\/skaitytaknyga.lt\/en\/wp-json\/wp\/v2\/product_brand?post=11116"},{"taxonomy":"product_cat","embeddable":true,"href":"https:\/\/skaitytaknyga.lt\/en\/wp-json\/wp\/v2\/product_cat?post=11116"},{"taxonomy":"product_tag","embeddable":true,"href":"https:\/\/skaitytaknyga.lt\/en\/wp-json\/wp\/v2\/product_tag?post=11116"}],"curies":[{"name":"wp","href":"https:\/\/api.w.org\/{rel}","templated":true}]}}