{"id":11108,"date":"2024-05-04T22:28:27","date_gmt":"2024-05-04T19:28:27","guid":{"rendered":"https:\/\/skaitytaknyga.lt\/?post_type=product&#038;p=11108"},"modified":"2025-08-28T21:08:11","modified_gmt":"2025-08-28T18:08:11","slug":"l-riley-angelu-medis","status":"publish","type":"product","link":"https:\/\/skaitytaknyga.lt\/en\/produktas\/l-riley-angelu-medis\/","title":{"rendered":"L. Riley &#8220;Angel\u0173 medis&#8221;"},"content":{"rendered":"","protected":false},"excerpt":{"rendered":"<div>Romanas \u201eAngel\u0173 medis\u201d \u2013 vienos \u0161eimos moter\u0173 ir j\u0173 paslap\u010di\u0173 istorija. Greta Mar\u010dmont po trisde\u0161imties met\u0173 gr\u012f\u017eta \u012f namus, kuriuose kadaise rado prieglobst\u012f ir buvo priimta \u012f \u0161eim\u0105. Ta\u010diau gr\u012f\u017eusi \u012f Mar\u010dmonto dvar\u0105 Kal\u0117doms, ji nebepamena savo praeities. Prie\u0161 du de\u0161imtme\u010dius \u012fvykus avarijai Greta prarado atmint\u012f; ji nebe\u017eino, kad Mar\u010dmonto dvaro valdytojas ir senas jos draugas Deividas tebemyli j\u0105, ji nepamena \u012fvyki\u0173, d\u0117l kuri\u0173 buvo priversta palikti \u0161iuos namus, ji nebeatpa\u017e\u012fsta savo dukros \u010ceskos\u2026 Ta\u010diau kart\u0105 i\u0161\u0117jusi pasivaik\u0161\u010dioti, ji suranda did\u017eiul\u0119 egl\u0119, po kuria \u2013 ma\u017eo berniuko antkapis. Angel\u0173 medis i\u0161duoda Gretai, kad po juo guli\u2026 jos s\u016bnus. \u0160okas po truput\u0117l\u012f gr\u0105\u017eina atmint\u012f, ir Greta mintimis leid\u017eiasi \u012f praeities paie\u0161kas. Padedama Deivido, ji rikiuoja d\u0117lion\u0117s gabal\u0117lius, pasakojan\u010dius ne tik apie j\u0105 pa\u010di\u0105, bet ir apie jos dukr\u0105 \u010cesk\u0105, tapusi\u0105 tragi\u0161kai susiklos\u010diusi\u0173 aplinkybi\u0173 auka. Ta\u010diau ar tikrai \u010ceska yra toks angelas, kaip stengiasi atrodyti?<\/div>\n<div><\/div>\n<div>\u201eAngel\u0173 medis\u201d \u2013 romanas apie Gret\u0105, \u010cesk\u0105 ir Av\u0105, tris vienos \u0161eimos moteris. Tris labai skirtingus charakterius ir labai skirtingus gyvenimus. Istorija apie sugeb\u0117jim\u0105 atsitiesti po nelaimi\u0173, bekra\u0161t\u012f egoizm\u0105 ir meil\u0119, kuri, po pelenais rusenusi vis\u0105 gyvenim\u0105, gali \u012fsiliepsnoti po daugyb\u0117s met\u0173.<\/div>\n","protected":false},"featured_media":11147,"comment_status":"closed","ping_status":"closed","template":"","meta":{"_acf_changed":false,"site-sidebar-layout":"default","site-content-layout":"","ast-site-content-layout":"default","site-content-style":"default","site-sidebar-style":"default","ast-global-header-display":"","ast-banner-title-visibility":"","ast-main-header-display":"","ast-hfb-above-header-display":"","ast-hfb-below-header-display":"","ast-hfb-mobile-header-display":"","site-post-title":"","ast-breadcrumbs-content":"","ast-featured-img":"","footer-sml-layout":"","ast-disable-related-posts":"","theme-transparent-header-meta":"","adv-header-id-meta":"","stick-header-meta":"","header-above-stick-meta":"","header-main-stick-meta":"","header-below-stick-meta":"","astra-migrate-meta-layouts":"default","ast-page-background-enabled":"default","ast-page-background-meta":{"desktop":{"background-color":"","background-image":"","background-repeat":"repeat","background-position":"center center","background-size":"auto","background-attachment":"scroll","background-type":"","background-media":"","overlay-type":"","overlay-color":"","overlay-opacity":"","overlay-gradient":""},"tablet":{"background-color":"","background-image":"","background-repeat":"repeat","background-position":"center center","background-size":"auto","background-attachment":"scroll","background-type":"","background-media":"","overlay-type":"","overlay-color":"","overlay-opacity":"","overlay-gradient":""},"mobile":{"background-color":"","background-image":"","background-repeat":"repeat","background-position":"center center","background-size":"auto","background-attachment":"scroll","background-type":"","background-media":"","overlay-type":"","overlay-color":"","overlay-opacity":"","overlay-gradient":""}},"ast-content-background-meta":{"desktop":{"background-color":"var(--ast-global-color-4)","background-image":"","background-repeat":"repeat","background-position":"center center","background-size":"auto","background-attachment":"scroll","background-type":"","background-media":"","overlay-type":"","overlay-color":"","overlay-opacity":"","overlay-gradient":""},"tablet":{"background-color":"var(--ast-global-color-4)","background-image":"","background-repeat":"repeat","background-position":"center center","background-size":"auto","background-attachment":"scroll","background-type":"","background-media":"","overlay-type":"","overlay-color":"","overlay-opacity":"","overlay-gradient":""},"mobile":{"background-color":"var(--ast-global-color-4)","background-image":"","background-repeat":"repeat","background-position":"center center","background-size":"auto","background-attachment":"scroll","background-type":"","background-media":"","overlay-type":"","overlay-color":"","overlay-opacity":"","overlay-gradient":""}}},"product_brand":[],"product_cat":[31],"product_tag":[],"class_list":{"0":"post-11108","1":"product","2":"type-product","3":"status-publish","4":"has-post-thumbnail","6":"product_cat-grozine-literatura","7":"desktop-align-left","8":"tablet-align-left","9":"mobile-align-left","11":"first","12":"instock","13":"sold-individually","14":"shipping-taxable","15":"purchasable","16":"product-type-simple"},"acf":[],"yoast_head":"<!-- This site is optimized with the Yoast SEO plugin v27.0 - https:\/\/yoast.com\/product\/yoast-seo-wordpress\/ -->\n<title>L. Riley &quot;Angel\u0173 medis&quot;<\/title>\n<meta name=\"description\" content=\"Romanas \u201eAngel\u0173 medis\u201d \u2013 vienos \u0161eimos moter\u0173 ir j\u0173 paslap\u010di\u0173 istorija. Greta Mar\u010dmont po trisde\u0161imties met\u0173 gr\u012f\u017eta \u012f namus, kuriuose kadaise rado prieglobst\u012f ir buvo priimta \u012f \u0161eim\u0105. Ta\u010diau gr\u012f\u017eusi \u012f Mar\u010dmonto dvar\u0105 Kal\u0117doms, ji nebepamena savo praeities. Prie\u0161 du de\u0161imtme\u010dius \u012fvykus avarijai Greta prarado atmint\u012f; ji nebe\u017eino, kad Mar\u010dmonto dvaro valdytojas ir senas jos draugas Deividas tebemyli j\u0105, ji nepamena \u012fvyki\u0173, d\u0117l kuri\u0173 buvo priversta palikti \u0161iuos namus, ji nebeatpa\u017e\u012fsta savo dukros \u010ceskos\u2026 Ta\u010diau kart\u0105 i\u0161\u0117jusi pasivaik\u0161\u010dioti, ji suranda did\u017eiul\u0119 egl\u0119, po kuria \u2013 ma\u017eo berniuko antkapis. Angel\u0173 medis i\u0161duoda Gretai, kad po juo guli\u2026 jos s\u016bnus. \u0160okas po truput\u0117l\u012f gr\u0105\u017eina atmint\u012f, ir Greta mintimis leid\u017eiasi \u012f praeities paie\u0161kas. Padedama Deivido, ji rikiuoja d\u0117lion\u0117s gabal\u0117lius, pasakojan\u010dius ne tik apie j\u0105 pa\u010di\u0105, bet ir apie jos dukr\u0105 \u010cesk\u0105, tapusi\u0105 tragi\u0161kai susiklos\u010diusi\u0173 aplinkybi\u0173 auka. Ta\u010diau ar tikrai \u010ceska yra toks angelas, kaip stengiasi atrodyti?  \u201eAngel\u0173 medis\u201d \u2013 romanas apie Gret\u0105, \u010cesk\u0105 ir Av\u0105, tris vienos \u0161eimos moteris. Tris labai skirtingus charakterius ir labai skirtingus gyvenimus. Istorija apie sugeb\u0117jim\u0105 atsitiesti po nelaimi\u0173, bekra\u0161t\u012f egoizm\u0105 ir meil\u0119, kuri, po pelenais rusenusi vis\u0105 gyvenim\u0105, gali \u012fsiliepsnoti po daugyb\u0117s met\u0173.\" \/>\n<meta name=\"robots\" content=\"index, follow, max-snippet:-1, max-image-preview:large, max-video-preview:-1\" \/>\n<link rel=\"canonical\" href=\"https:\/\/skaitytaknyga.lt\/en\/produktas\/l-riley-angelu-medis\/\" \/>\n<meta property=\"og:locale\" content=\"en_GB\" \/>\n<meta property=\"og:locale:alternate\" content=\"lt_LT\" \/>\n<meta property=\"og:type\" content=\"article\" \/>\n<meta property=\"og:title\" content=\"L. Riley &quot;Angel\u0173 medis&quot;\" \/>\n<meta property=\"og:description\" content=\"Romanas \u201eAngel\u0173 medis\u201d \u2013 vienos \u0161eimos moter\u0173 ir j\u0173 paslap\u010di\u0173 istorija. Greta Mar\u010dmont po trisde\u0161imties met\u0173 gr\u012f\u017eta \u012f namus, kuriuose kadaise rado prieglobst\u012f ir buvo priimta \u012f \u0161eim\u0105. Ta\u010diau gr\u012f\u017eusi \u012f Mar\u010dmonto dvar\u0105 Kal\u0117doms, ji nebepamena savo praeities. Prie\u0161 du de\u0161imtme\u010dius \u012fvykus avarijai Greta prarado atmint\u012f; ji nebe\u017eino, kad Mar\u010dmonto dvaro valdytojas ir senas jos draugas Deividas tebemyli j\u0105, ji nepamena \u012fvyki\u0173, d\u0117l kuri\u0173 buvo priversta palikti \u0161iuos namus, ji nebeatpa\u017e\u012fsta savo dukros \u010ceskos\u2026 Ta\u010diau kart\u0105 i\u0161\u0117jusi pasivaik\u0161\u010dioti, ji suranda did\u017eiul\u0119 egl\u0119, po kuria \u2013 ma\u017eo berniuko antkapis. Angel\u0173 medis i\u0161duoda Gretai, kad po juo guli\u2026 jos s\u016bnus. \u0160okas po truput\u0117l\u012f gr\u0105\u017eina atmint\u012f, ir Greta mintimis leid\u017eiasi \u012f praeities paie\u0161kas. Padedama Deivido, ji rikiuoja d\u0117lion\u0117s gabal\u0117lius, pasakojan\u010dius ne tik apie j\u0105 pa\u010di\u0105, bet ir apie jos dukr\u0105 \u010cesk\u0105, tapusi\u0105 tragi\u0161kai susiklos\u010diusi\u0173 aplinkybi\u0173 auka. Ta\u010diau ar tikrai \u010ceska yra toks angelas, kaip stengiasi atrodyti?  \u201eAngel\u0173 medis\u201d \u2013 romanas apie Gret\u0105, \u010cesk\u0105 ir Av\u0105, tris vienos \u0161eimos moteris. Tris labai skirtingus charakterius ir labai skirtingus gyvenimus. Istorija apie sugeb\u0117jim\u0105 atsitiesti po nelaimi\u0173, bekra\u0161t\u012f egoizm\u0105 ir meil\u0119, kuri, po pelenais rusenusi vis\u0105 gyvenim\u0105, gali \u012fsiliepsnoti po daugyb\u0117s met\u0173.\" \/>\n<meta property=\"og:url\" content=\"https:\/\/skaitytaknyga.lt\/en\/produktas\/l-riley-angelu-medis\/\" \/>\n<meta property=\"og:site_name\" content=\"Skaitytaknyga\" \/>\n<meta property=\"article:publisher\" content=\"https:\/\/www.facebook.com\/skaitytaknyga\/\" \/>\n<meta property=\"article:modified_time\" content=\"2025-08-28T18:08:11+00:00\" \/>\n<meta property=\"og:image\" content=\"https:\/\/skaitytaknyga.lt\/wp-content\/uploads\/2024\/05\/image_1676.jpg\" \/>\n\t<meta property=\"og:image:width\" content=\"600\" \/>\n\t<meta property=\"og:image:height\" content=\"890\" \/>\n\t<meta property=\"og:image:type\" content=\"image\/jpeg\" \/>\n<meta name=\"twitter:card\" content=\"summary_large_image\" \/>\n<script type=\"application\/ld+json\" class=\"yoast-schema-graph\">{\"@context\":\"https:\/\/schema.org\",\"@graph\":[{\"@type\":\"WebPage\",\"@id\":\"https:\/\/skaitytaknyga.lt\/produktas\/l-riley-angelu-medis\/\",\"url\":\"https:\/\/skaitytaknyga.lt\/produktas\/l-riley-angelu-medis\/\",\"name\":\"L. Riley \\\"Angel\u0173 medis\\\"\",\"isPartOf\":{\"@id\":\"https:\/\/skaitytaknyga.lt\/#website\"},\"primaryImageOfPage\":{\"@id\":\"https:\/\/skaitytaknyga.lt\/produktas\/l-riley-angelu-medis\/#primaryimage\"},\"image\":{\"@id\":\"https:\/\/skaitytaknyga.lt\/produktas\/l-riley-angelu-medis\/#primaryimage\"},\"thumbnailUrl\":\"https:\/\/skaitytaknyga.lt\/wp-content\/uploads\/2024\/05\/image_1676.jpg\",\"datePublished\":\"2024-05-04T19:28:27+00:00\",\"dateModified\":\"2025-08-28T18:08:11+00:00\",\"description\":\"Romanas \u201eAngel\u0173 medis\u201d \u2013 vienos \u0161eimos moter\u0173 ir j\u0173 paslap\u010di\u0173 istorija. Greta Mar\u010dmont po trisde\u0161imties met\u0173 gr\u012f\u017eta \u012f namus, kuriuose kadaise rado prieglobst\u012f ir buvo priimta \u012f \u0161eim\u0105. Ta\u010diau gr\u012f\u017eusi \u012f Mar\u010dmonto dvar\u0105 Kal\u0117doms, ji nebepamena savo praeities. Prie\u0161 du de\u0161imtme\u010dius \u012fvykus avarijai Greta prarado atmint\u012f; ji nebe\u017eino, kad Mar\u010dmonto dvaro valdytojas ir senas jos draugas Deividas tebemyli j\u0105, ji nepamena \u012fvyki\u0173, d\u0117l kuri\u0173 buvo priversta palikti \u0161iuos namus, ji nebeatpa\u017e\u012fsta savo dukros \u010ceskos\u2026 Ta\u010diau kart\u0105 i\u0161\u0117jusi pasivaik\u0161\u010dioti, ji suranda did\u017eiul\u0119 egl\u0119, po kuria \u2013 ma\u017eo berniuko antkapis. Angel\u0173 medis i\u0161duoda Gretai, kad po juo guli\u2026 jos s\u016bnus. \u0160okas po truput\u0117l\u012f gr\u0105\u017eina atmint\u012f, ir Greta mintimis leid\u017eiasi \u012f praeities paie\u0161kas. Padedama Deivido, ji rikiuoja d\u0117lion\u0117s gabal\u0117lius, pasakojan\u010dius ne tik apie j\u0105 pa\u010di\u0105, bet ir apie jos dukr\u0105 \u010cesk\u0105, tapusi\u0105 tragi\u0161kai susiklos\u010diusi\u0173 aplinkybi\u0173 auka. Ta\u010diau ar tikrai \u010ceska yra toks angelas, kaip stengiasi atrodyti? \u201eAngel\u0173 medis\u201d \u2013 romanas apie Gret\u0105, \u010cesk\u0105 ir Av\u0105, tris vienos \u0161eimos moteris. Tris labai skirtingus charakterius ir labai skirtingus gyvenimus. Istorija apie sugeb\u0117jim\u0105 atsitiesti po nelaimi\u0173, bekra\u0161t\u012f egoizm\u0105 ir meil\u0119, kuri, po pelenais rusenusi vis\u0105 gyvenim\u0105, gali \u012fsiliepsnoti po daugyb\u0117s met\u0173.\",\"breadcrumb\":{\"@id\":\"https:\/\/skaitytaknyga.lt\/produktas\/l-riley-angelu-medis\/#breadcrumb\"},\"inLanguage\":\"en-GB\",\"potentialAction\":[{\"@type\":\"ReadAction\",\"target\":[\"https:\/\/skaitytaknyga.lt\/produktas\/l-riley-angelu-medis\/\"]}]},{\"@type\":\"ImageObject\",\"inLanguage\":\"en-GB\",\"@id\":\"https:\/\/skaitytaknyga.lt\/produktas\/l-riley-angelu-medis\/#primaryimage\",\"url\":\"https:\/\/skaitytaknyga.lt\/wp-content\/uploads\/2024\/05\/image_1676.jpg\",\"contentUrl\":\"https:\/\/skaitytaknyga.lt\/wp-content\/uploads\/2024\/05\/image_1676.jpg\",\"width\":600,\"height\":890},{\"@type\":\"BreadcrumbList\",\"@id\":\"https:\/\/skaitytaknyga.lt\/produktas\/l-riley-angelu-medis\/#breadcrumb\",\"itemListElement\":[{\"@type\":\"ListItem\",\"position\":1,\"name\":\"Home\",\"item\":\"https:\/\/skaitytaknyga.lt\/\"},{\"@type\":\"ListItem\",\"position\":2,\"name\":\"Parduotuv\u0117\",\"item\":\"https:\/\/skaitytaknyga.lt\/knygu-parduotuve\/\"},{\"@type\":\"ListItem\",\"position\":3,\"name\":\"L. Riley &#8222;Angel\u0173 medis&#8221;\"}]},{\"@type\":\"WebSite\",\"@id\":\"https:\/\/skaitytaknyga.lt\/#website\",\"url\":\"https:\/\/skaitytaknyga.lt\/\",\"name\":\"skaitytaknyga.lt\",\"description\":\"Skaitytaknyga.lt \u2013 tai ma\u017eas \u0161eimos verslas, kuris prasid\u0117jo nuo meil\u0117s knygoms ir siekio i\u0161gelb\u0117ti knygas nuo likimo prie konteinerio. Kas vienam nereikalingas daiktas \u2013 kitam lobis, o mes esame tarpininkai, kurie padeda abiems tapti laimingesniems ???? \u017dinome kaip nelengva i\u0161gyventi ma\u017eiems verslams, tad nuo \u0161iol, \u010dia rasite ir kit\u0173, ma\u017e\u0173 \u0161eim\u0173 versl\u0173, rank\u0173 darbo, dovan\u0173 sau ir artimiesiems.\",\"publisher\":{\"@id\":\"https:\/\/skaitytaknyga.lt\/#organization\"},\"potentialAction\":[{\"@type\":\"SearchAction\",\"target\":{\"@type\":\"EntryPoint\",\"urlTemplate\":\"https:\/\/skaitytaknyga.lt\/?s={search_term_string}\"},\"query-input\":{\"@type\":\"PropertyValueSpecification\",\"valueRequired\":true,\"valueName\":\"search_term_string\"}}],\"inLanguage\":\"en-GB\"},{\"@type\":\"Organization\",\"@id\":\"https:\/\/skaitytaknyga.lt\/#organization\",\"name\":\"skaitytaknyga.lt\",\"url\":\"https:\/\/skaitytaknyga.lt\/\",\"logo\":{\"@type\":\"ImageObject\",\"inLanguage\":\"en-GB\",\"@id\":\"https:\/\/skaitytaknyga.lt\/#\/schema\/logo\/image\/\",\"url\":\"https:\/\/skaitytaknyga.lt\/wp-content\/uploads\/2024\/05\/cropped-cropped-cropped-02_00843_jt3bggkj1j3HLc7SyY6rEUpg.jpeg\",\"contentUrl\":\"https:\/\/skaitytaknyga.lt\/wp-content\/uploads\/2024\/05\/cropped-cropped-cropped-02_00843_jt3bggkj1j3HLc7SyY6rEUpg.jpeg\",\"width\":1600,\"height\":1600,\"caption\":\"skaitytaknyga.lt\"},\"image\":{\"@id\":\"https:\/\/skaitytaknyga.lt\/#\/schema\/logo\/image\/\"},\"sameAs\":[\"https:\/\/www.facebook.com\/skaitytaknyga\/\"]}]}<\/script>\n<!-- \/ Yoast SEO plugin. -->","yoast_head_json":{"title":"L. Riley \"Angel\u0173 medis\"","description":"Romanas \u201eAngel\u0173 medis\u201d \u2013 vienos \u0161eimos moter\u0173 ir j\u0173 paslap\u010di\u0173 istorija. Greta Mar\u010dmont po trisde\u0161imties met\u0173 gr\u012f\u017eta \u012f namus, kuriuose kadaise rado prieglobst\u012f ir buvo priimta \u012f \u0161eim\u0105. Ta\u010diau gr\u012f\u017eusi \u012f Mar\u010dmonto dvar\u0105 Kal\u0117doms, ji nebepamena savo praeities. Prie\u0161 du de\u0161imtme\u010dius \u012fvykus avarijai Greta prarado atmint\u012f; ji nebe\u017eino, kad Mar\u010dmonto dvaro valdytojas ir senas jos draugas Deividas tebemyli j\u0105, ji nepamena \u012fvyki\u0173, d\u0117l kuri\u0173 buvo priversta palikti \u0161iuos namus, ji nebeatpa\u017e\u012fsta savo dukros \u010ceskos\u2026 Ta\u010diau kart\u0105 i\u0161\u0117jusi pasivaik\u0161\u010dioti, ji suranda did\u017eiul\u0119 egl\u0119, po kuria \u2013 ma\u017eo berniuko antkapis. Angel\u0173 medis i\u0161duoda Gretai, kad po juo guli\u2026 jos s\u016bnus. \u0160okas po truput\u0117l\u012f gr\u0105\u017eina atmint\u012f, ir Greta mintimis leid\u017eiasi \u012f praeities paie\u0161kas. Padedama Deivido, ji rikiuoja d\u0117lion\u0117s gabal\u0117lius, pasakojan\u010dius ne tik apie j\u0105 pa\u010di\u0105, bet ir apie jos dukr\u0105 \u010cesk\u0105, tapusi\u0105 tragi\u0161kai susiklos\u010diusi\u0173 aplinkybi\u0173 auka. Ta\u010diau ar tikrai \u010ceska yra toks angelas, kaip stengiasi atrodyti?  \u201eAngel\u0173 medis\u201d \u2013 romanas apie Gret\u0105, \u010cesk\u0105 ir Av\u0105, tris vienos \u0161eimos moteris. Tris labai skirtingus charakterius ir labai skirtingus gyvenimus. Istorija apie sugeb\u0117jim\u0105 atsitiesti po nelaimi\u0173, bekra\u0161t\u012f egoizm\u0105 ir meil\u0119, kuri, po pelenais rusenusi vis\u0105 gyvenim\u0105, gali \u012fsiliepsnoti po daugyb\u0117s met\u0173.","robots":{"index":"index","follow":"follow","max-snippet":"max-snippet:-1","max-image-preview":"max-image-preview:large","max-video-preview":"max-video-preview:-1"},"canonical":"https:\/\/skaitytaknyga.lt\/en\/produktas\/l-riley-angelu-medis\/","og_locale":"en_GB","og_type":"article","og_title":"[:lt]L. Riley \"Angel\u0173 medis\"[:] - Skaitytaknyga","og_description":"Romanas \u201eAngel\u0173 medis\u201d \u2013 vienos \u0161eimos moter\u0173 ir j\u0173 paslap\u010di\u0173 istorija. Greta Mar\u010dmont po trisde\u0161imties met\u0173 gr\u012f\u017eta \u012f namus, kuriuose kadaise rado prieglobst\u012f ir buvo priimta \u012f \u0161eim\u0105. Ta\u010diau gr\u012f\u017eusi \u012f Mar\u010dmonto dvar\u0105 Kal\u0117doms, ji nebepamena savo praeities. Prie\u0161 du de\u0161imtme\u010dius \u012fvykus avarijai Greta prarado atmint\u012f; ji nebe\u017eino, kad Mar\u010dmonto dvaro valdytojas ir senas jos draugas Deividas tebemyli j\u0105, ji nepamena \u012fvyki\u0173, d\u0117l kuri\u0173 buvo priversta palikti \u0161iuos namus, ji nebeatpa\u017e\u012fsta savo dukros \u010ceskos\u2026 Ta\u010diau kart\u0105 i\u0161\u0117jusi pasivaik\u0161\u010dioti, ji suranda did\u017eiul\u0119 egl\u0119, po kuria \u2013 ma\u017eo berniuko antkapis. Angel\u0173 medis i\u0161duoda Gretai, kad po juo guli\u2026 jos s\u016bnus. \u0160okas po truput\u0117l\u012f gr\u0105\u017eina atmint\u012f, ir Greta mintimis leid\u017eiasi \u012f praeities paie\u0161kas. Padedama Deivido, ji rikiuoja d\u0117lion\u0117s gabal\u0117lius, pasakojan\u010dius ne tik apie j\u0105 pa\u010di\u0105, bet ir apie jos dukr\u0105 \u010cesk\u0105, tapusi\u0105 tragi\u0161kai susiklos\u010diusi\u0173 aplinkybi\u0173 auka. Ta\u010diau ar tikrai \u010ceska yra toks angelas, kaip stengiasi atrodyti?  \u201eAngel\u0173 medis\u201d \u2013 romanas apie Gret\u0105, \u010cesk\u0105 ir Av\u0105, tris vienos \u0161eimos moteris. Tris labai skirtingus charakterius ir labai skirtingus gyvenimus. Istorija apie sugeb\u0117jim\u0105 atsitiesti po nelaimi\u0173, bekra\u0161t\u012f egoizm\u0105 ir meil\u0119, kuri, po pelenais rusenusi vis\u0105 gyvenim\u0105, gali \u012fsiliepsnoti po daugyb\u0117s met\u0173.","og_url":"https:\/\/skaitytaknyga.lt\/en\/produktas\/l-riley-angelu-medis\/","og_site_name":"Skaitytaknyga","article_publisher":"https:\/\/www.facebook.com\/skaitytaknyga\/","article_modified_time":"2025-08-28T18:08:11+00:00","og_image":[{"width":600,"height":890,"url":"https:\/\/skaitytaknyga.lt\/wp-content\/uploads\/2024\/05\/image_1676.jpg","type":"image\/jpeg"}],"twitter_card":"summary_large_image","schema":{"@context":"https:\/\/schema.org","@graph":[{"@type":"WebPage","@id":"https:\/\/skaitytaknyga.lt\/produktas\/l-riley-angelu-medis\/","url":"https:\/\/skaitytaknyga.lt\/produktas\/l-riley-angelu-medis\/","name":"L. Riley \"Angel\u0173 medis\"","isPartOf":{"@id":"https:\/\/skaitytaknyga.lt\/#website"},"primaryImageOfPage":{"@id":"https:\/\/skaitytaknyga.lt\/produktas\/l-riley-angelu-medis\/#primaryimage"},"image":{"@id":"https:\/\/skaitytaknyga.lt\/produktas\/l-riley-angelu-medis\/#primaryimage"},"thumbnailUrl":"https:\/\/skaitytaknyga.lt\/wp-content\/uploads\/2024\/05\/image_1676.jpg","datePublished":"2024-05-04T19:28:27+00:00","dateModified":"2025-08-28T18:08:11+00:00","description":"Romanas \u201eAngel\u0173 medis\u201d \u2013 vienos \u0161eimos moter\u0173 ir j\u0173 paslap\u010di\u0173 istorija. Greta Mar\u010dmont po trisde\u0161imties met\u0173 gr\u012f\u017eta \u012f namus, kuriuose kadaise rado prieglobst\u012f ir buvo priimta \u012f \u0161eim\u0105. Ta\u010diau gr\u012f\u017eusi \u012f Mar\u010dmonto dvar\u0105 Kal\u0117doms, ji nebepamena savo praeities. Prie\u0161 du de\u0161imtme\u010dius \u012fvykus avarijai Greta prarado atmint\u012f; ji nebe\u017eino, kad Mar\u010dmonto dvaro valdytojas ir senas jos draugas Deividas tebemyli j\u0105, ji nepamena \u012fvyki\u0173, d\u0117l kuri\u0173 buvo priversta palikti \u0161iuos namus, ji nebeatpa\u017e\u012fsta savo dukros \u010ceskos\u2026 Ta\u010diau kart\u0105 i\u0161\u0117jusi pasivaik\u0161\u010dioti, ji suranda did\u017eiul\u0119 egl\u0119, po kuria \u2013 ma\u017eo berniuko antkapis. Angel\u0173 medis i\u0161duoda Gretai, kad po juo guli\u2026 jos s\u016bnus. \u0160okas po truput\u0117l\u012f gr\u0105\u017eina atmint\u012f, ir Greta mintimis leid\u017eiasi \u012f praeities paie\u0161kas. Padedama Deivido, ji rikiuoja d\u0117lion\u0117s gabal\u0117lius, pasakojan\u010dius ne tik apie j\u0105 pa\u010di\u0105, bet ir apie jos dukr\u0105 \u010cesk\u0105, tapusi\u0105 tragi\u0161kai susiklos\u010diusi\u0173 aplinkybi\u0173 auka. Ta\u010diau ar tikrai \u010ceska yra toks angelas, kaip stengiasi atrodyti? \u201eAngel\u0173 medis\u201d \u2013 romanas apie Gret\u0105, \u010cesk\u0105 ir Av\u0105, tris vienos \u0161eimos moteris. Tris labai skirtingus charakterius ir labai skirtingus gyvenimus. Istorija apie sugeb\u0117jim\u0105 atsitiesti po nelaimi\u0173, bekra\u0161t\u012f egoizm\u0105 ir meil\u0119, kuri, po pelenais rusenusi vis\u0105 gyvenim\u0105, gali \u012fsiliepsnoti po daugyb\u0117s met\u0173.","breadcrumb":{"@id":"https:\/\/skaitytaknyga.lt\/produktas\/l-riley-angelu-medis\/#breadcrumb"},"inLanguage":"en-GB","potentialAction":[{"@type":"ReadAction","target":["https:\/\/skaitytaknyga.lt\/produktas\/l-riley-angelu-medis\/"]}]},{"@type":"ImageObject","inLanguage":"en-GB","@id":"https:\/\/skaitytaknyga.lt\/produktas\/l-riley-angelu-medis\/#primaryimage","url":"https:\/\/skaitytaknyga.lt\/wp-content\/uploads\/2024\/05\/image_1676.jpg","contentUrl":"https:\/\/skaitytaknyga.lt\/wp-content\/uploads\/2024\/05\/image_1676.jpg","width":600,"height":890},{"@type":"BreadcrumbList","@id":"https:\/\/skaitytaknyga.lt\/produktas\/l-riley-angelu-medis\/#breadcrumb","itemListElement":[{"@type":"ListItem","position":1,"name":"Home","item":"https:\/\/skaitytaknyga.lt\/"},{"@type":"ListItem","position":2,"name":"Parduotuv\u0117","item":"https:\/\/skaitytaknyga.lt\/knygu-parduotuve\/"},{"@type":"ListItem","position":3,"name":"L. Riley &#8222;Angel\u0173 medis&#8221;"}]},{"@type":"WebSite","@id":"https:\/\/skaitytaknyga.lt\/#website","url":"https:\/\/skaitytaknyga.lt\/","name":"skaitytaknyga.lt","description":"Skaitytaknyga.lt \u2013 tai ma\u017eas \u0161eimos verslas, kuris prasid\u0117jo nuo meil\u0117s knygoms ir siekio i\u0161gelb\u0117ti knygas nuo likimo prie konteinerio. Kas vienam nereikalingas daiktas \u2013 kitam lobis, o mes esame tarpininkai, kurie padeda abiems tapti laimingesniems ???? \u017dinome kaip nelengva i\u0161gyventi ma\u017eiems verslams, tad nuo \u0161iol, \u010dia rasite ir kit\u0173, ma\u017e\u0173 \u0161eim\u0173 versl\u0173, rank\u0173 darbo, dovan\u0173 sau ir artimiesiems.","publisher":{"@id":"https:\/\/skaitytaknyga.lt\/#organization"},"potentialAction":[{"@type":"SearchAction","target":{"@type":"EntryPoint","urlTemplate":"https:\/\/skaitytaknyga.lt\/?s={search_term_string}"},"query-input":{"@type":"PropertyValueSpecification","valueRequired":true,"valueName":"search_term_string"}}],"inLanguage":"en-GB"},{"@type":"Organization","@id":"https:\/\/skaitytaknyga.lt\/#organization","name":"skaitytaknyga.lt","url":"https:\/\/skaitytaknyga.lt\/","logo":{"@type":"ImageObject","inLanguage":"en-GB","@id":"https:\/\/skaitytaknyga.lt\/#\/schema\/logo\/image\/","url":"https:\/\/skaitytaknyga.lt\/wp-content\/uploads\/2024\/05\/cropped-cropped-cropped-02_00843_jt3bggkj1j3HLc7SyY6rEUpg.jpeg","contentUrl":"https:\/\/skaitytaknyga.lt\/wp-content\/uploads\/2024\/05\/cropped-cropped-cropped-02_00843_jt3bggkj1j3HLc7SyY6rEUpg.jpeg","width":1600,"height":1600,"caption":"skaitytaknyga.lt"},"image":{"@id":"https:\/\/skaitytaknyga.lt\/#\/schema\/logo\/image\/"},"sameAs":["https:\/\/www.facebook.com\/skaitytaknyga\/"]}]}},"_links":{"self":[{"href":"https:\/\/skaitytaknyga.lt\/en\/wp-json\/wp\/v2\/product\/11108","targetHints":{"allow":["GET"]}}],"collection":[{"href":"https:\/\/skaitytaknyga.lt\/en\/wp-json\/wp\/v2\/product"}],"about":[{"href":"https:\/\/skaitytaknyga.lt\/en\/wp-json\/wp\/v2\/types\/product"}],"replies":[{"embeddable":true,"href":"https:\/\/skaitytaknyga.lt\/en\/wp-json\/wp\/v2\/comments?post=11108"}],"wp:featuredmedia":[{"embeddable":true,"href":"https:\/\/skaitytaknyga.lt\/en\/wp-json\/wp\/v2\/media\/11147"}],"wp:attachment":[{"href":"https:\/\/skaitytaknyga.lt\/en\/wp-json\/wp\/v2\/media?parent=11108"}],"wp:term":[{"taxonomy":"product_brand","embeddable":true,"href":"https:\/\/skaitytaknyga.lt\/en\/wp-json\/wp\/v2\/product_brand?post=11108"},{"taxonomy":"product_cat","embeddable":true,"href":"https:\/\/skaitytaknyga.lt\/en\/wp-json\/wp\/v2\/product_cat?post=11108"},{"taxonomy":"product_tag","embeddable":true,"href":"https:\/\/skaitytaknyga.lt\/en\/wp-json\/wp\/v2\/product_tag?post=11108"}],"curies":[{"name":"wp","href":"https:\/\/api.w.org\/{rel}","templated":true}]}}