{"id":11107,"date":"2024-05-04T19:28:27","date_gmt":"2024-05-04T19:28:27","guid":{"rendered":"https:\/\/skaitytaknyga.lt\/?post_type=product&#038;p=11107"},"modified":"2026-03-18T14:59:54","modified_gmt":"2026-03-18T12:59:54","slug":"geopolitiniai-mitologijos-aspektai-ir-siuolaikiniai-baltai","status":"publish","type":"product","link":"https:\/\/skaitytaknyga.lt\/en\/produktas\/geopolitiniai-mitologijos-aspektai-ir-siuolaikiniai-baltai\/","title":{"rendered":"Geopolitiniai mitologijos aspektai ir \u0161iuolaikiniai baltai"},"content":{"rendered":"<p>Pla\u010diai paplit\u0119 etnini\u0173 mit\u0173 perpasakojimai, interpretacijos, rekonstrukcijos visuomen\u0117je formuoja mitines tapatybes. Parodomi bendri indoeuropie\u010di\u0173 kult\u016br\u0173 atstov\u0173 bruo\u017eai, kurie vienaip ar kitaip susij\u0119 su mitine proistore, pagonybe, slaptosiomis draugijomis. Be to, parodomi balt\u0173 savitumai Lietuvos atgimimo metais ir j\u0173 v\u0117lesn\u0117 regionin\u0117 k\u016bryba, globalistin\u0117s, autonomistin\u0117s orientacijos.<\/p>\n<p>Laima Kastanauskait\u0117 (g. 1937 m.) \u2013 habil. sociologijos moksl\u0173 daktar\u0117. Pastaraisiais metais tyrin\u0117jo Lietuvos kult\u016bros istorijos paslaptinguosius aspektus. \u0160ia tema 2008 m. buvo i\u0161leista L. Kastanauskait\u0117s knyga \u201eLietuvos inteligentija mason\u0173 ir paramasoni\u0161kose organizacijose (1918\u20131940)\u201c. O po de\u0161imties met\u0173, autorei toliau atliekant socialinius ir kult\u016brinius tyrimus ir gilinant kult\u016bros istorijos \u017einias, i\u0161leista knyga \u201eGeopolitiniai mitologijos aspektai ir \u0161iuolaikiniai baltai\u201c.<br \/>\nIr v\u0117l atgimsta mitai apie pirmyk\u0161\u010dius \u017emones, laukin\u012f m\u0105stym\u0105, dievus ir burtus. \u201eAtgal \u012f gamt\u0105!\u201c \u2013 kvie\u010dia mitologai mistikai, ir daugelis pakl\u016bsta. \u201e\u0160viesa sklinda i\u0161 Ryt\u0173\u201c (\u201eEx Oriento lux\u201c), rodos, kadaise ten buvo europie\u010di\u0173 prot\u0117vyn\u0117, laukinis aukso am\u017eius. Ir visai nebaisu, kur nuves \u0161ie kult\u016bros vedliai dabartin\u0117s technikos, technologij\u0173 am\u017eiuje. I\u0161 kur tas am\u017einas ilgesys ka\u017ekur kadaise paliktai t\u0117vynei, pirmyk\u0161tei b\u016b\u010diai, miglotas klajoni\u0173, kraustymosi keli\u0173 atminimas, pagoni\u0161kas po\u017ei\u016bris \u012f pasaul\u012f, \u201eAm\u017einosios ugnies\u201c, \u201eSaul\u0117s rato\u201c simboliai? Kod\u0117l jiems taip svarbu atkurti mitines tautas, kult\u016bras?<\/p>\n","protected":false},"excerpt":{"rendered":"<p>Pla\u010diai paplit\u0119 etnini\u0173 mit\u0173 perpasakojimai, interpretacijos, rekonstrukcijos visuomen\u0117je formuoja mitines tapatybes. Parodomi bendri indoeuropie\u010di\u0173 kult\u016br\u0173 atstov\u0173 bruo\u017eai, kurie vienaip ar kitaip susij\u0119 su mitine proistore, pagonybe, slaptosiomis draugijomis. Be to, parodomi balt\u0173 savitumai Lietuvos atgimimo metais ir j\u0173 v\u0117lesn\u0117 regionin\u0117 k\u016bryba, globalistin\u0117s, autonomistin\u0117s orientacijos. Laima Kastanauskait\u0117 (g. 1937 m.) \u2013 habil. sociologijos moksl\u0173 daktar\u0117. Pastaraisiais metais tyrin\u0117jo Lietuvos kult\u016bros istorijos paslaptinguosius aspektus. \u0160ia tema 2008 m. buvo i\u0161leista L. Kastanauskait\u0117s knyga \u201eLietuvos inteligentija mason\u0173 ir paramasoni\u0161kose organizacijose (1918\u20131940)\u201c. O po de\u0161imties met\u0173, autorei toliau atliekant socialinius ir kult\u016brinius tyrimus ir gilinant kult\u016bros istorijos \u017einias, i\u0161leista knyga \u201eGeopolitiniai mitologijos aspektai ir \u0161iuolaikiniai baltai\u201c. Ir v\u0117l atgimsta mitai apie pirmyk\u0161\u010dius \u017emones, laukin\u012f m\u0105stym\u0105, dievus ir burtus. \u201eAtgal \u012f gamt\u0105!\u201c \u2013 kvie\u010dia mitologai mistikai, ir daugelis pakl\u016bsta. \u201e\u0160viesa sklinda i\u0161 Ryt\u0173\u201c (\u201eEx Oriento lux\u201c), rodos, kadaise ten buvo europie\u010di\u0173 prot\u0117vyn\u0117, laukinis aukso am\u017eius. Ir visai nebaisu, kur nuves \u0161ie kult\u016bros vedliai dabartin\u0117s technikos, technologij\u0173 am\u017eiuje. I\u0161 kur tas am\u017einas ilgesys ka\u017ekur kadaise paliktai t\u0117vynei, pirmyk\u0161tei b\u016b\u010diai, miglotas klajoni\u0173, kraustymosi keli\u0173 atminimas, pagoni\u0161kas po\u017ei\u016bris \u012f pasaul\u012f, \u201eAm\u017einosios ugnies\u201c, \u201eSaul\u0117s rato\u201c simboliai? Kod\u0117l jiems taip svarbu atkurti mitines tautas, kult\u016bras?<\/p>\n","protected":false},"featured_media":0,"comment_status":"open","ping_status":"closed","template":"","meta":{"_acf_changed":false,"site-sidebar-layout":"default","site-content-layout":"","ast-site-content-layout":"default","site-content-style":"default","site-sidebar-style":"default","ast-global-header-display":"","ast-banner-title-visibility":"","ast-main-header-display":"","ast-hfb-above-header-display":"","ast-hfb-below-header-display":"","ast-hfb-mobile-header-display":"","site-post-title":"","ast-breadcrumbs-content":"","ast-featured-img":"","footer-sml-layout":"","ast-disable-related-posts":"","theme-transparent-header-meta":"","adv-header-id-meta":"","stick-header-meta":"","header-above-stick-meta":"","header-main-stick-meta":"","header-below-stick-meta":"","astra-migrate-meta-layouts":"default","ast-page-background-enabled":"default","ast-page-background-meta":{"desktop":{"background-color":"","background-image":"","background-repeat":"repeat","background-position":"center center","background-size":"auto","background-attachment":"scroll","background-type":"","background-media":"","overlay-type":"","overlay-color":"","overlay-opacity":"","overlay-gradient":""},"tablet":{"background-color":"","background-image":"","background-repeat":"repeat","background-position":"center center","background-size":"auto","background-attachment":"scroll","background-type":"","background-media":"","overlay-type":"","overlay-color":"","overlay-opacity":"","overlay-gradient":""},"mobile":{"background-color":"","background-image":"","background-repeat":"repeat","background-position":"center center","background-size":"auto","background-attachment":"scroll","background-type":"","background-media":"","overlay-type":"","overlay-color":"","overlay-opacity":"","overlay-gradient":""}},"ast-content-background-meta":{"desktop":{"background-color":"var(--ast-global-color-4)","background-image":"","background-repeat":"repeat","background-position":"center center","background-size":"auto","background-attachment":"scroll","background-type":"","background-media":"","overlay-type":"","overlay-color":"","overlay-opacity":"","overlay-gradient":""},"tablet":{"background-color":"var(--ast-global-color-4)","background-image":"","background-repeat":"repeat","background-position":"center center","background-size":"auto","background-attachment":"scroll","background-type":"","background-media":"","overlay-type":"","overlay-color":"","overlay-opacity":"","overlay-gradient":""},"mobile":{"background-color":"var(--ast-global-color-4)","background-image":"","background-repeat":"repeat","background-position":"center center","background-size":"auto","background-attachment":"scroll","background-type":"","background-media":"","overlay-type":"","overlay-color":"","overlay-opacity":"","overlay-gradient":""}}},"product_brand":[],"product_cat":[9862,174],"product_tag":[7043,1486,2649,7053,1115],"class_list":{"0":"post-11107","1":"product","2":"type-product","3":"status-publish","5":"product_cat-lietuvos-istorija","6":"product_cat-istorija-ir-politologija","7":"product_tag-baltai","8":"product_tag-geopolitika","9":"product_tag-kulturos-istorija","10":"product_tag-laima-kastanauskaite","11":"product_tag-mitologija","12":"desktop-align-left","13":"tablet-align-left","14":"mobile-align-left","16":"first","17":"instock","18":"shipping-taxable","19":"purchasable","20":"product-type-simple"},"acf":[],"yoast_head":"<!-- This site is optimized with the Yoast SEO plugin v27.0 - https:\/\/yoast.com\/product\/yoast-seo-wordpress\/ -->\n<title>Geopolitiniai mitologijos aspektai ir \u0161iuolaikiniai baltai<\/title>\n<meta name=\"description\" content=\"Pla\u010diai paplit\u0119 etnini\u0173 mit\u0173 perpasakojimai, interpretacijos, rekonstrukcijos visuomen\u0117je formuoja mitines tapatybes. Parodomi bendri indoeuropie\u010di\u0173\" \/>\n<meta name=\"robots\" content=\"index, follow, max-snippet:-1, max-image-preview:large, max-video-preview:-1\" \/>\n<link rel=\"canonical\" href=\"https:\/\/skaitytaknyga.lt\/en\/produktas\/geopolitiniai-mitologijos-aspektai-ir-siuolaikiniai-baltai\/\" \/>\n<meta property=\"og:locale\" content=\"en_GB\" \/>\n<meta property=\"og:locale:alternate\" content=\"lt_LT\" \/>\n<meta property=\"og:type\" content=\"article\" \/>\n<meta property=\"og:title\" content=\"Geopolitiniai mitologijos aspektai ir \u0161iuolaikiniai baltai\" \/>\n<meta property=\"og:description\" content=\"Pla\u010diai paplit\u0119 etnini\u0173 mit\u0173 perpasakojimai, interpretacijos, rekonstrukcijos visuomen\u0117je formuoja mitines tapatybes. Parodomi bendri indoeuropie\u010di\u0173\" \/>\n<meta property=\"og:url\" content=\"https:\/\/skaitytaknyga.lt\/en\/produktas\/geopolitiniai-mitologijos-aspektai-ir-siuolaikiniai-baltai\/\" \/>\n<meta property=\"og:site_name\" content=\"Skaitytaknyga\" \/>\n<meta property=\"article:publisher\" content=\"https:\/\/www.facebook.com\/skaitytaknyga\/\" \/>\n<meta property=\"article:modified_time\" content=\"2026-03-18T12:59:54+00:00\" \/>\n<meta property=\"og:image\" content=\"https:\/\/skaitytaknyga.lt\/wp-content\/uploads\/2024\/07\/skaitytaknyga.png\" \/>\n\t<meta property=\"og:image:width\" content=\"747\" \/>\n\t<meta property=\"og:image:height\" content=\"496\" \/>\n\t<meta property=\"og:image:type\" content=\"image\/png\" \/>\n<meta name=\"twitter:card\" content=\"summary_large_image\" \/>\n<meta name=\"twitter:label1\" content=\"Estimated reading time\" \/>\n\t<meta name=\"twitter:data1\" content=\"1 minute\" \/>\n<script type=\"application\/ld+json\" class=\"yoast-schema-graph\">{\"@context\":\"https:\/\/schema.org\",\"@graph\":[{\"@type\":\"WebPage\",\"@id\":\"https:\/\/skaitytaknyga.lt\/produktas\/geopolitiniai-mitologijos-aspektai-ir-siuolaikiniai-baltai\/\",\"url\":\"https:\/\/skaitytaknyga.lt\/produktas\/geopolitiniai-mitologijos-aspektai-ir-siuolaikiniai-baltai\/\",\"name\":\"Geopolitiniai mitologijos aspektai ir \u0161iuolaikiniai baltai\",\"isPartOf\":{\"@id\":\"https:\/\/skaitytaknyga.lt\/#website\"},\"datePublished\":\"2024-05-04T19:28:27+00:00\",\"dateModified\":\"2026-03-18T12:59:54+00:00\",\"description\":\"Pla\u010diai paplit\u0119 etnini\u0173 mit\u0173 perpasakojimai, interpretacijos, rekonstrukcijos visuomen\u0117je formuoja mitines tapatybes. Parodomi bendri indoeuropie\u010di\u0173\",\"breadcrumb\":{\"@id\":\"https:\/\/skaitytaknyga.lt\/produktas\/geopolitiniai-mitologijos-aspektai-ir-siuolaikiniai-baltai\/#breadcrumb\"},\"inLanguage\":\"en-GB\",\"potentialAction\":[{\"@type\":\"ReadAction\",\"target\":[\"https:\/\/skaitytaknyga.lt\/produktas\/geopolitiniai-mitologijos-aspektai-ir-siuolaikiniai-baltai\/\"]}]},{\"@type\":\"BreadcrumbList\",\"@id\":\"https:\/\/skaitytaknyga.lt\/produktas\/geopolitiniai-mitologijos-aspektai-ir-siuolaikiniai-baltai\/#breadcrumb\",\"itemListElement\":[{\"@type\":\"ListItem\",\"position\":1,\"name\":\"Home\",\"item\":\"https:\/\/skaitytaknyga.lt\/\"},{\"@type\":\"ListItem\",\"position\":2,\"name\":\"Parduotuv\u0117\",\"item\":\"https:\/\/skaitytaknyga.lt\/knygu-parduotuve\/\"},{\"@type\":\"ListItem\",\"position\":3,\"name\":\"Geopolitiniai mitologijos aspektai ir \u0161iuolaikiniai baltai\"}]},{\"@type\":\"WebSite\",\"@id\":\"https:\/\/skaitytaknyga.lt\/#website\",\"url\":\"https:\/\/skaitytaknyga.lt\/\",\"name\":\"skaitytaknyga.lt\",\"description\":\"Skaitytaknyga.lt \u2013 tai ma\u017eas \u0161eimos verslas, kuris prasid\u0117jo nuo meil\u0117s knygoms ir siekio i\u0161gelb\u0117ti knygas nuo likimo prie konteinerio. Kas vienam nereikalingas daiktas \u2013 kitam lobis, o mes esame tarpininkai, kurie padeda abiems tapti laimingesniems ???? \u017dinome kaip nelengva i\u0161gyventi ma\u017eiems verslams, tad nuo \u0161iol, \u010dia rasite ir kit\u0173, ma\u017e\u0173 \u0161eim\u0173 versl\u0173, rank\u0173 darbo, dovan\u0173 sau ir artimiesiems.\",\"publisher\":{\"@id\":\"https:\/\/skaitytaknyga.lt\/#organization\"},\"potentialAction\":[{\"@type\":\"SearchAction\",\"target\":{\"@type\":\"EntryPoint\",\"urlTemplate\":\"https:\/\/skaitytaknyga.lt\/?s={search_term_string}\"},\"query-input\":{\"@type\":\"PropertyValueSpecification\",\"valueRequired\":true,\"valueName\":\"search_term_string\"}}],\"inLanguage\":\"en-GB\"},{\"@type\":\"Organization\",\"@id\":\"https:\/\/skaitytaknyga.lt\/#organization\",\"name\":\"skaitytaknyga.lt\",\"url\":\"https:\/\/skaitytaknyga.lt\/\",\"logo\":{\"@type\":\"ImageObject\",\"inLanguage\":\"en-GB\",\"@id\":\"https:\/\/skaitytaknyga.lt\/#\/schema\/logo\/image\/\",\"url\":\"https:\/\/skaitytaknyga.lt\/wp-content\/uploads\/2024\/05\/cropped-cropped-cropped-02_00843_jt3bggkj1j3HLc7SyY6rEUpg.jpeg\",\"contentUrl\":\"https:\/\/skaitytaknyga.lt\/wp-content\/uploads\/2024\/05\/cropped-cropped-cropped-02_00843_jt3bggkj1j3HLc7SyY6rEUpg.jpeg\",\"width\":1600,\"height\":1600,\"caption\":\"skaitytaknyga.lt\"},\"image\":{\"@id\":\"https:\/\/skaitytaknyga.lt\/#\/schema\/logo\/image\/\"},\"sameAs\":[\"https:\/\/www.facebook.com\/skaitytaknyga\/\"]}]}<\/script>\n<!-- \/ Yoast SEO plugin. -->","yoast_head_json":{"title":"Geopolitiniai mitologijos aspektai ir \u0161iuolaikiniai baltai","description":"Pla\u010diai paplit\u0119 etnini\u0173 mit\u0173 perpasakojimai, interpretacijos, rekonstrukcijos visuomen\u0117je formuoja mitines tapatybes. Parodomi bendri indoeuropie\u010di\u0173","robots":{"index":"index","follow":"follow","max-snippet":"max-snippet:-1","max-image-preview":"max-image-preview:large","max-video-preview":"max-video-preview:-1"},"canonical":"https:\/\/skaitytaknyga.lt\/en\/produktas\/geopolitiniai-mitologijos-aspektai-ir-siuolaikiniai-baltai\/","og_locale":"en_GB","og_type":"article","og_title":"[:lt]Geopolitiniai mitologijos aspektai ir \u0161iuolaikiniai baltai[:] - Skaitytaknyga","og_description":"Pla\u010diai paplit\u0119 etnini\u0173 mit\u0173 perpasakojimai, interpretacijos, rekonstrukcijos visuomen\u0117je formuoja mitines tapatybes. Parodomi bendri indoeuropie\u010di\u0173","og_url":"https:\/\/skaitytaknyga.lt\/en\/produktas\/geopolitiniai-mitologijos-aspektai-ir-siuolaikiniai-baltai\/","og_site_name":"Skaitytaknyga","article_publisher":"https:\/\/www.facebook.com\/skaitytaknyga\/","article_modified_time":"2026-03-18T12:59:54+00:00","og_image":[{"width":747,"height":496,"url":"https:\/\/skaitytaknyga.lt\/wp-content\/uploads\/2024\/07\/skaitytaknyga.png","type":"image\/png"}],"twitter_card":"summary_large_image","twitter_misc":{"Estimated reading time":"1 minute"},"schema":{"@context":"https:\/\/schema.org","@graph":[{"@type":"WebPage","@id":"https:\/\/skaitytaknyga.lt\/produktas\/geopolitiniai-mitologijos-aspektai-ir-siuolaikiniai-baltai\/","url":"https:\/\/skaitytaknyga.lt\/produktas\/geopolitiniai-mitologijos-aspektai-ir-siuolaikiniai-baltai\/","name":"Geopolitiniai mitologijos aspektai ir \u0161iuolaikiniai baltai","isPartOf":{"@id":"https:\/\/skaitytaknyga.lt\/#website"},"datePublished":"2024-05-04T19:28:27+00:00","dateModified":"2026-03-18T12:59:54+00:00","description":"Pla\u010diai paplit\u0119 etnini\u0173 mit\u0173 perpasakojimai, interpretacijos, rekonstrukcijos visuomen\u0117je formuoja mitines tapatybes. Parodomi bendri indoeuropie\u010di\u0173","breadcrumb":{"@id":"https:\/\/skaitytaknyga.lt\/produktas\/geopolitiniai-mitologijos-aspektai-ir-siuolaikiniai-baltai\/#breadcrumb"},"inLanguage":"en-GB","potentialAction":[{"@type":"ReadAction","target":["https:\/\/skaitytaknyga.lt\/produktas\/geopolitiniai-mitologijos-aspektai-ir-siuolaikiniai-baltai\/"]}]},{"@type":"BreadcrumbList","@id":"https:\/\/skaitytaknyga.lt\/produktas\/geopolitiniai-mitologijos-aspektai-ir-siuolaikiniai-baltai\/#breadcrumb","itemListElement":[{"@type":"ListItem","position":1,"name":"Home","item":"https:\/\/skaitytaknyga.lt\/"},{"@type":"ListItem","position":2,"name":"Parduotuv\u0117","item":"https:\/\/skaitytaknyga.lt\/knygu-parduotuve\/"},{"@type":"ListItem","position":3,"name":"Geopolitiniai mitologijos aspektai ir \u0161iuolaikiniai baltai"}]},{"@type":"WebSite","@id":"https:\/\/skaitytaknyga.lt\/#website","url":"https:\/\/skaitytaknyga.lt\/","name":"skaitytaknyga.lt","description":"Skaitytaknyga.lt \u2013 tai ma\u017eas \u0161eimos verslas, kuris prasid\u0117jo nuo meil\u0117s knygoms ir siekio i\u0161gelb\u0117ti knygas nuo likimo prie konteinerio. Kas vienam nereikalingas daiktas \u2013 kitam lobis, o mes esame tarpininkai, kurie padeda abiems tapti laimingesniems ???? \u017dinome kaip nelengva i\u0161gyventi ma\u017eiems verslams, tad nuo \u0161iol, \u010dia rasite ir kit\u0173, ma\u017e\u0173 \u0161eim\u0173 versl\u0173, rank\u0173 darbo, dovan\u0173 sau ir artimiesiems.","publisher":{"@id":"https:\/\/skaitytaknyga.lt\/#organization"},"potentialAction":[{"@type":"SearchAction","target":{"@type":"EntryPoint","urlTemplate":"https:\/\/skaitytaknyga.lt\/?s={search_term_string}"},"query-input":{"@type":"PropertyValueSpecification","valueRequired":true,"valueName":"search_term_string"}}],"inLanguage":"en-GB"},{"@type":"Organization","@id":"https:\/\/skaitytaknyga.lt\/#organization","name":"skaitytaknyga.lt","url":"https:\/\/skaitytaknyga.lt\/","logo":{"@type":"ImageObject","inLanguage":"en-GB","@id":"https:\/\/skaitytaknyga.lt\/#\/schema\/logo\/image\/","url":"https:\/\/skaitytaknyga.lt\/wp-content\/uploads\/2024\/05\/cropped-cropped-cropped-02_00843_jt3bggkj1j3HLc7SyY6rEUpg.jpeg","contentUrl":"https:\/\/skaitytaknyga.lt\/wp-content\/uploads\/2024\/05\/cropped-cropped-cropped-02_00843_jt3bggkj1j3HLc7SyY6rEUpg.jpeg","width":1600,"height":1600,"caption":"skaitytaknyga.lt"},"image":{"@id":"https:\/\/skaitytaknyga.lt\/#\/schema\/logo\/image\/"},"sameAs":["https:\/\/www.facebook.com\/skaitytaknyga\/"]}]}},"_links":{"self":[{"href":"https:\/\/skaitytaknyga.lt\/en\/wp-json\/wp\/v2\/product\/11107","targetHints":{"allow":["GET"]}}],"collection":[{"href":"https:\/\/skaitytaknyga.lt\/en\/wp-json\/wp\/v2\/product"}],"about":[{"href":"https:\/\/skaitytaknyga.lt\/en\/wp-json\/wp\/v2\/types\/product"}],"replies":[{"embeddable":true,"href":"https:\/\/skaitytaknyga.lt\/en\/wp-json\/wp\/v2\/comments?post=11107"}],"wp:attachment":[{"href":"https:\/\/skaitytaknyga.lt\/en\/wp-json\/wp\/v2\/media?parent=11107"}],"wp:term":[{"taxonomy":"product_brand","embeddable":true,"href":"https:\/\/skaitytaknyga.lt\/en\/wp-json\/wp\/v2\/product_brand?post=11107"},{"taxonomy":"product_cat","embeddable":true,"href":"https:\/\/skaitytaknyga.lt\/en\/wp-json\/wp\/v2\/product_cat?post=11107"},{"taxonomy":"product_tag","embeddable":true,"href":"https:\/\/skaitytaknyga.lt\/en\/wp-json\/wp\/v2\/product_tag?post=11107"}],"curies":[{"name":"wp","href":"https:\/\/api.w.org\/{rel}","templated":true}]}}